{"id":91,"date":"2023-06-01T12:08:36","date_gmt":"2023-06-01T10:08:36","guid":{"rendered":"https:\/\/hoyre.no\/ha\/?page_id=91"},"modified":"2025-01-28T09:24:23","modified_gmt":"2025-01-28T08:24:23","slug":"8-gode-grunner","status":"publish","type":"page","link":"https:\/\/hoyre.no\/ha\/8-gode-grunner\/","title":{"rendered":"8 gode grunner"},"content":{"rendered":"\n<div class=\"wp-block-hoyre-hero with-image-gradient text-color-light  has-media alignfull has-background\"><div class=\"hoyre-hero has-image\"><h1 class=\"title\">8 gode grunner til \u00e5 stemme H\u00f8yre i H\u00e5<\/h1><figure class=\"hoyre-image-wrapper\"><div class=\"hoyre-image\"><img loading=\"lazy\" decoding=\"async\" width=\"2500\" height=\"1875\" src=\"https:\/\/hoyre.no\/content\/uploads\/sites\/221\/2023\/06\/IMG_6225-scaled.jpeg\" class=\"attachment-scaled size-scaled\" alt=\"\" style=\"object-position: 35% 51%\" srcset=\"https:\/\/hoyre.no\/content\/uploads\/sites\/221\/2023\/06\/IMG_6225-scaled.jpeg 2500w, https:\/\/hoyre.no\/content\/uploads\/sites\/221\/2023\/06\/IMG_6225-300x225.jpeg 300w, https:\/\/hoyre.no\/content\/uploads\/sites\/221\/2023\/06\/IMG_6225-1024x768.jpeg 1024w, https:\/\/hoyre.no\/content\/uploads\/sites\/221\/2023\/06\/IMG_6225-768x576.jpeg 768w, https:\/\/hoyre.no\/content\/uploads\/sites\/221\/2023\/06\/IMG_6225-1536x1152.jpeg 1536w, https:\/\/hoyre.no\/content\/uploads\/sites\/221\/2023\/06\/IMG_6225-2048x1536.jpeg 2048w\" sizes=\"auto, (max-width: 2500px) 100vw, 2500px\" \/><\/div><\/figure><\/div><\/div>\n\n\n\n\n<div class=\"wp-block-hoyre-banner alignwide undefined\"><div class=\"banner-inner\"><figure class=\"hoyre-image-wrapper\"><div class=\"hoyre-image\"><img loading=\"lazy\" decoding=\"async\" width=\"1875\" height=\"2500\" src=\"https:\/\/hoyre.no\/content\/uploads\/sites\/221\/2023\/05\/IMG_6057-scaled.jpeg\" class=\"attachment-scaled size-scaled\" alt=\"\" style=\"object-position: 50% 50%\" srcset=\"https:\/\/hoyre.no\/content\/uploads\/sites\/221\/2023\/05\/IMG_6057-scaled.jpeg 1875w, https:\/\/hoyre.no\/content\/uploads\/sites\/221\/2023\/05\/IMG_6057-225x300.jpeg 225w, https:\/\/hoyre.no\/content\/uploads\/sites\/221\/2023\/05\/IMG_6057-768x1024.jpeg 768w, https:\/\/hoyre.no\/content\/uploads\/sites\/221\/2023\/05\/IMG_6057-1152x1536.jpeg 1152w, https:\/\/hoyre.no\/content\/uploads\/sites\/221\/2023\/05\/IMG_6057-1536x2048.jpeg 1536w\" sizes=\"auto, (max-width: 1875px) 100vw, 1875px\" \/><\/div><\/figure><div class=\"banner-content\"><div class=\"entry-content\">\n<h2 class=\"wp-block-heading alignfull\">Hvorfor stemme H\u00f8yre?<\/h2>\n\n\n\n<p>H\u00e5 skal v\u00e6re Norges beste kommune \u00e5 bo og vokse opp i. H\u00e5 H\u00f8yre skal bidra til \u00e5 videreutvikle H\u00e5 til det beste for kommunens innbyggere og bedrifter. Les mer om H\u00f8yre sine l\u00f8sninger.<\/p>\n\n\n\n<div class=\"wp-block-buttons alignfull is-layout-flex wp-block-buttons-is-layout-flex\"><\/div>\n<\/div><\/div><\/div><\/div>\n\n\n\n\n<div class=\"wp-block-media-text is-stacked-on-mobile is-image-fill alignwide is-style-lightest-blue\"><figure class=\"wp-block-media-text__media\" style=\"background-image:url('https:\/\/hoyre.no\/content\/uploads\/sites\/221\/2023\/05\/hoyre_lokal_standard_front-1024x509.jpg');background-position:96% 58%\"><img loading=\"lazy\" decoding=\"async\" width=\"1024\" height=\"509\" src=\"https:\/\/hoyre.no\/content\/uploads\/sites\/221\/2023\/05\/hoyre_lokal_standard_front-1024x509.jpg\" alt=\"\" class=\"wp-image-96 size-full\" srcset=\"https:\/\/hoyre.no\/content\/uploads\/sites\/221\/2023\/05\/hoyre_lokal_standard_front-1024x509.jpg 1024w, https:\/\/hoyre.no\/content\/uploads\/sites\/221\/2023\/05\/hoyre_lokal_standard_front-300x149.jpg 300w, https:\/\/hoyre.no\/content\/uploads\/sites\/221\/2023\/05\/hoyre_lokal_standard_front-768x382.jpg 768w, https:\/\/hoyre.no\/content\/uploads\/sites\/221\/2023\/05\/hoyre_lokal_standard_front-1536x763.jpg 1536w, https:\/\/hoyre.no\/content\/uploads\/sites\/221\/2023\/05\/hoyre_lokal_standard_front-2048x1018.jpg 2048w\" sizes=\"auto, (max-width: 1024px) 100vw, 1024px\" \/><\/figure><div class=\"wp-block-media-text__content\">\n<h2 class=\"wp-block-heading\">1. <strong>Gode ordninger for barnefamilier<\/strong><\/h2>\n\n\n\n<p>H\u00e5 H\u00f8yre vil jobbe for en mer familievennlig barnehagepolitikk. Dette skal oppn\u00e5s gjennom et mer fleksibelt barnehageopptak og \u00e5pningstider tilpasset barnefamiliers behov.<\/p>\n\n\n\n<p>H\u00e5 H\u00f8yre \u00f8nsker flere spesialpedagoger gjennom \u00e5 styrke bemanningen i barnehagene, slik at vi tidlig kan fange opp barn som trenger ekstra st\u00f8tte. For oss spiller det ingen rolle om barna g\u00e5r i en kommunal eller privat barnehage, s\u00e5 lenge de trives og foreldrene er forn\u00f8yde.<\/p>\n<\/div><\/div>\n\n\n\n<div class=\"wp-block-media-text has-media-on-the-right is-stacked-on-mobile is-image-fill alignwide is-style-pale-blue\"><div class=\"wp-block-media-text__content\">\n<h2 class=\"wp-block-heading\">2. <strong>En trygg og god eldreomsorg<\/strong><\/h2>\n\n\n\n<p>For H\u00e5 H\u00f8yre er det viktig at de eldre er sjef i eget liv!<\/p>\n\n\n\n<p>&nbsp;Vi f\u00e5r flere og flere eldre, og det vil \u00f8ke behovet for ulike omsorgstjenester.<\/p>\n\n\n\n<p>Derfor m\u00e5 vi sikrer at alle i kommunen f\u00e5r en god og verdig eldreomsorg. Vi vil arbeide for en enda mer aldersvennlig kommune, der vi styrker eldreomsorgen og hjemmetjenestene, slik at de eldre f\u00e5r bo hjemme lengst mulig.<\/p>\n\n\n\n<p>Pleietrengende eldre skal kunne forvente en kompetent helsetjeneste som gir de valgfrihet og bestemmelse, og har nok ressurser til \u00e5 la de v\u00e6re seg sj\u00f8l helt til livets slutt.<\/p>\n\n\n\n<p>Det er viktig med gode m\u00f8teplasser, smakfulle m\u00e5ltider og et variert aktivitetstilbud til alle eldre, slik at man kan leve gode liv \u2013 hele livet!<\/p>\n\n\n\n<p>Eldre skal selv f\u00e5 velge mellom kommunale, ideelle eller private tjenester som passer deres behov best.<\/p>\n<\/div><figure class=\"wp-block-media-text__media\" style=\"background-image:url('https:\/\/hoyre.no\/content\/uploads\/sites\/221\/2023\/06\/GettyImages-1152308900-1024x683.jpg');background-position:50% 50%\"><img loading=\"lazy\" decoding=\"async\" width=\"1024\" height=\"683\" src=\"https:\/\/hoyre.no\/content\/uploads\/sites\/221\/2023\/06\/GettyImages-1152308900-1024x683.jpg\" alt=\"\" class=\"wp-image-107 size-full\" srcset=\"https:\/\/hoyre.no\/content\/uploads\/sites\/221\/2023\/06\/GettyImages-1152308900-1024x683.jpg 1024w, https:\/\/hoyre.no\/content\/uploads\/sites\/221\/2023\/06\/GettyImages-1152308900-300x200.jpg 300w, https:\/\/hoyre.no\/content\/uploads\/sites\/221\/2023\/06\/GettyImages-1152308900-768x512.jpg 768w, https:\/\/hoyre.no\/content\/uploads\/sites\/221\/2023\/06\/GettyImages-1152308900-1536x1024.jpg 1536w, https:\/\/hoyre.no\/content\/uploads\/sites\/221\/2023\/06\/GettyImages-1152308900-2048x1365.jpg 2048w\" sizes=\"auto, (max-width: 1024px) 100vw, 1024px\" \/><\/figure><\/div>\n\n\n\n<div class=\"wp-block-media-text is-stacked-on-mobile is-image-fill alignwide is-style-lightest-blue\"><figure class=\"wp-block-media-text__media\" style=\"background-image:url('https:\/\/hoyre.no\/content\/uploads\/sites\/221\/2023\/06\/GettyImages-1214950612-1024x683.jpg');background-position:50% 50%\"><img loading=\"lazy\" decoding=\"async\" width=\"1024\" height=\"683\" src=\"https:\/\/hoyre.no\/content\/uploads\/sites\/221\/2023\/06\/GettyImages-1214950612-1024x683.jpg\" alt=\"\" class=\"wp-image-108 size-full\" srcset=\"https:\/\/hoyre.no\/content\/uploads\/sites\/221\/2023\/06\/GettyImages-1214950612-1024x683.jpg 1024w, https:\/\/hoyre.no\/content\/uploads\/sites\/221\/2023\/06\/GettyImages-1214950612-300x200.jpg 300w, https:\/\/hoyre.no\/content\/uploads\/sites\/221\/2023\/06\/GettyImages-1214950612-768x512.jpg 768w, https:\/\/hoyre.no\/content\/uploads\/sites\/221\/2023\/06\/GettyImages-1214950612-1536x1024.jpg 1536w, https:\/\/hoyre.no\/content\/uploads\/sites\/221\/2023\/06\/GettyImages-1214950612-2048x1365.jpg 2048w\" sizes=\"auto, (max-width: 1024px) 100vw, 1024px\" \/><\/figure><div class=\"wp-block-media-text__content\">\n<h2 class=\"wp-block-heading\">3. En skole med like muligheter for alle<\/h2>\n\n\n\n<p>H\u00e5 H\u00f8yre \u00f8nsker <strong>en skole for alle<\/strong>, der elevene skal oppleve l\u00e6ring og mestring. For \u00e5 f\u00e5 dette til, m\u00e5 vi \u00f8ke driftsrammen til skolene og bruke mer ressurser til tidlig innsats.<\/p>\n\n\n\n<p>H\u00e5 skolen skal v\u00e6re en trygg og mobbefri skole! Det er viktig at elevenes utfordringer blir kartlagt s\u00e5 tidlig som mulig, slik at problemene ikke vokser seg store.<\/p>\n\n\n\n<p>L\u00e6rerne m\u00e5 f\u00e5 v\u00e6re l\u00e6rere, og derfor vil vi arbeide for \u00e5 f\u00e5 inn anna fagkompetanse i skolene, der disse kan f\u00e5 jobbe m\u00e5lrettet med psykososialt arbeid knyttet til enkelt elever, grupper og klasser.<\/p>\n<\/div><\/div>\n\n\n\n<div class=\"wp-block-media-text has-media-on-the-right is-stacked-on-mobile is-image-fill alignwide is-style-pale-blue\"><div class=\"wp-block-media-text__content\">\n<h2 class=\"wp-block-heading\">4. <strong>Fritidstilbud for alle, i hele H\u00e5<\/strong><\/h2>\n\n\n\n<p>H\u00e5 H\u00f8yre vil jobbe for at barn og unge f\u00e5r delta p\u00e5 minst en fritidsaktivitet i uken!<\/p>\n\n\n\n<p>Et bredt idretts- og aktivitetstilbud sikrer muligheter til bevegelse og engasjement, bidrar til integrering og fremmer god helse. Da m\u00e5 det v\u00e6re enkelt \u00e5 etablere og drive aktiviteter.&nbsp; Derfor vil vi jobbe for at det sterke samarbeidet mellom kommune og frivillige lag og organisasjoner skal utvikles videre.<\/p>\n\n\n\n<p>Kommunen skal kunne v\u00e6re en framoverlent samarbeidspartner under planlegging og utvikling av anlegg hos idrettslagene og andre fritidsklubber, og v\u00e6re positiv til prosjekt som kan involvere kommunal bruk av disse. \u00c5 korte ned ventetiden p\u00e5 tildelte midler ved investering av anlegg, ser vi som viktig for lag og organisasjoner.<\/p>\n<\/div><figure class=\"wp-block-media-text__media\" style=\"background-image:url('https:\/\/hoyre.no\/content\/uploads\/sites\/221\/2023\/06\/vince-fleming-aZVpxRydiJk-unsplash-1024x683-1.jpg');background-position:50% 50%\"><img loading=\"lazy\" decoding=\"async\" width=\"1024\" height=\"683\" src=\"https:\/\/hoyre.no\/content\/uploads\/sites\/221\/2023\/06\/vince-fleming-aZVpxRydiJk-unsplash-1024x683-1.jpg\" alt=\"\" class=\"wp-image-109 size-full\" srcset=\"https:\/\/hoyre.no\/content\/uploads\/sites\/221\/2023\/06\/vince-fleming-aZVpxRydiJk-unsplash-1024x683-1.jpg 1024w, https:\/\/hoyre.no\/content\/uploads\/sites\/221\/2023\/06\/vince-fleming-aZVpxRydiJk-unsplash-1024x683-1-300x200.jpg 300w, https:\/\/hoyre.no\/content\/uploads\/sites\/221\/2023\/06\/vince-fleming-aZVpxRydiJk-unsplash-1024x683-1-768x512.jpg 768w\" sizes=\"auto, (max-width: 1024px) 100vw, 1024px\" \/><\/figure><\/div>\n\n\n\n<div class=\"wp-block-media-text is-stacked-on-mobile is-image-fill alignwide is-style-lightest-blue\"><figure class=\"wp-block-media-text__media\" style=\"background-image:url('https:\/\/hoyre.no\/content\/uploads\/sites\/221\/2023\/06\/cristian-soceanu-XI0kdVbRCHg-unsplash-1024x576.jpg');background-position:50% 50%\"><img loading=\"lazy\" decoding=\"async\" width=\"1024\" height=\"576\" src=\"https:\/\/hoyre.no\/content\/uploads\/sites\/221\/2023\/06\/cristian-soceanu-XI0kdVbRCHg-unsplash-1024x576.jpg\" alt=\"\" class=\"wp-image-110 size-full\" srcset=\"https:\/\/hoyre.no\/content\/uploads\/sites\/221\/2023\/06\/cristian-soceanu-XI0kdVbRCHg-unsplash-1024x576.jpg 1024w, https:\/\/hoyre.no\/content\/uploads\/sites\/221\/2023\/06\/cristian-soceanu-XI0kdVbRCHg-unsplash-300x169.jpg 300w, https:\/\/hoyre.no\/content\/uploads\/sites\/221\/2023\/06\/cristian-soceanu-XI0kdVbRCHg-unsplash-768x432.jpg 768w, https:\/\/hoyre.no\/content\/uploads\/sites\/221\/2023\/06\/cristian-soceanu-XI0kdVbRCHg-unsplash-1536x864.jpg 1536w, https:\/\/hoyre.no\/content\/uploads\/sites\/221\/2023\/06\/cristian-soceanu-XI0kdVbRCHg-unsplash-2048x1152.jpg 2048w\" sizes=\"auto, (max-width: 1024px) 100vw, 1024px\" \/><\/figure><div class=\"wp-block-media-text__content\">\n<h2 class=\"wp-block-heading\">5. <strong>St\u00f8ttespillere for landbruket<\/strong><\/h2>\n\n\n\n<p>H\u00e5 er den st\u00f8rste landbrukskommunen i Norge, og det er vi stolte over! \u00c5 v\u00e6re st\u00f8ttespillere for landbruket, ta vare p\u00e5 verdifull matjord, og sikre fremtidig matproduksjon er derfor veldig viktig!<\/p>\n\n\n\n<p>H\u00e5 H\u00f8yre vil ogs\u00e5 st\u00f8tte opp og jobbe for at landbruket kan utvikle sitt potensiale innen b\u00e5de reiseliv og opplevelser.<\/p>\n<\/div><\/div>\n\n\n\n<div class=\"wp-block-media-text has-media-on-the-right is-stacked-on-mobile is-image-fill alignwide is-style-pale-blue\"><div class=\"wp-block-media-text__content\">\n<h2 class=\"wp-block-heading\">6. <strong>H\u00e5 skal spille p\u00e5 lag med jobbskaperne<\/strong><\/h2>\n\n\n\n<p>Det skal v\u00e6re l\u00f8nnsomt og attraktivt \u00e5 skape arbeidsplasser i H\u00e5, vi heier p\u00e5 de som \u00f8nsker \u00e5 skape noe!<\/p>\n\n\n\n<p>Gode lokalsamfunn krever sterke bedrifter. Det gir arbeidsplasser og velstand.<\/p>\n\n\n\n<p>Vi vil ha en tett dialog med n\u00e6ringslivet og lytte til de behovene bedriftene har. H\u00e5 H\u00f8yre vil at kommunen skal oppleves som en l\u00f8sningsorientert medspiller, som \u00f8nsker \u00e5 spille p\u00e5 lag med n\u00e6ringslivet. H\u00e5 vil gj\u00f8re det lettere, gjennom rask og effektiv saksbehandling \u00e5 etablere ny n\u00e6ringsvirksomhet i kommunen.<\/p>\n<\/div><figure class=\"wp-block-media-text__media\" style=\"background-image:url('https:\/\/hoyre.no\/content\/uploads\/sites\/221\/2023\/06\/GettyImages-562451511-1024x683.jpg');background-position:50% 50%\"><img loading=\"lazy\" decoding=\"async\" width=\"1024\" height=\"683\" src=\"https:\/\/hoyre.no\/content\/uploads\/sites\/221\/2023\/06\/GettyImages-562451511-1024x683.jpg\" alt=\"\" class=\"wp-image-111 size-full\" srcset=\"https:\/\/hoyre.no\/content\/uploads\/sites\/221\/2023\/06\/GettyImages-562451511-1024x683.jpg 1024w, https:\/\/hoyre.no\/content\/uploads\/sites\/221\/2023\/06\/GettyImages-562451511-300x200.jpg 300w, https:\/\/hoyre.no\/content\/uploads\/sites\/221\/2023\/06\/GettyImages-562451511-768x512.jpg 768w, https:\/\/hoyre.no\/content\/uploads\/sites\/221\/2023\/06\/GettyImages-562451511-1536x1024.jpg 1536w, https:\/\/hoyre.no\/content\/uploads\/sites\/221\/2023\/06\/GettyImages-562451511-2048x1365.jpg 2048w\" sizes=\"auto, (max-width: 1024px) 100vw, 1024px\" \/><\/figure><\/div>\n\n\n\n<div class=\"wp-block-media-text is-stacked-on-mobile is-image-fill alignwide is-style-lightest-blue\"><figure class=\"wp-block-media-text__media\" style=\"background-image:url('https:\/\/hoyre.no\/content\/uploads\/sites\/221\/2023\/06\/Picture-1.jpg');background-position:50% 50%\"><img loading=\"lazy\" decoding=\"async\" width=\"893\" height=\"577\" src=\"https:\/\/hoyre.no\/content\/uploads\/sites\/221\/2023\/06\/Picture-1.jpg\" alt=\"\" class=\"wp-image-115 size-full\" srcset=\"https:\/\/hoyre.no\/content\/uploads\/sites\/221\/2023\/06\/Picture-1.jpg 893w, https:\/\/hoyre.no\/content\/uploads\/sites\/221\/2023\/06\/Picture-1-300x194.jpg 300w, https:\/\/hoyre.no\/content\/uploads\/sites\/221\/2023\/06\/Picture-1-768x496.jpg 768w\" sizes=\"auto, (max-width: 893px) 100vw, 893px\" \/><\/figure><div class=\"wp-block-media-text__content\">\n<h2 class=\"wp-block-heading\">7. <strong>Bedre tjenester til de som trenger det mest<\/strong><\/h2>\n\n\n\n<p>Ventetiden p\u00e5 psykisk helsehjelp er for lang. Du skal f\u00e5 hjelp n\u00e5r du trenger det, f\u00f8r sm\u00e5 problemer vokser seg store!<\/p>\n\n\n\n<p>H\u00e5 H\u00f8yre vil arbeide for at lavterskeltilbudene blir styrket, slik at vi fanger opp de som trenger hjelp. Tidligere avdekking av risiko for utenforskap, i alle aldersgrupper, vil v\u00e6re et viktig forebyggende arbeid.&nbsp;For \u00e5 f\u00e5 dette til, m\u00e5 vi ha mer opps\u00f8kende arbeid, og styrke tilbudet i frivilligheten.<\/p>\n<\/div><\/div>\n\n\n\n<div class=\"wp-block-media-text has-media-on-the-right is-stacked-on-mobile is-image-fill alignwide is-style-pale-blue\"><div class=\"wp-block-media-text__content\">\n<h2 class=\"wp-block-heading\">8. <strong>En offensiv og forutsigbar tettstedsutvikling i H\u00e5 kommune<\/strong><\/h2>\n\n\n\n<p>God utvikling av sentrum i tettstedene, gj\u00f8r tettstedene attraktive for b\u00e5de etablering av n\u00e6ring, m\u00f8teplass for innbyggerne og etablering av boformer. For \u00e5 f\u00e5 dette til, er det viktig med god dialog og godt samarbeid med utbyggere og eiere av sentrumsn\u00e6re bygg er avgj\u00f8rende for \u00e5 lykkes.<\/p>\n<\/div><figure class=\"wp-block-media-text__media\" style=\"background-image:url('https:\/\/hoyre.no\/content\/uploads\/sites\/221\/2023\/06\/nathan-van-de-graaf-hMAj10s4mTM-unsplash-1024x576.jpg');background-position:50% 50%\"><img loading=\"lazy\" decoding=\"async\" width=\"1024\" height=\"576\" src=\"https:\/\/hoyre.no\/content\/uploads\/sites\/221\/2023\/06\/nathan-van-de-graaf-hMAj10s4mTM-unsplash-1024x576.jpg\" alt=\"\" class=\"wp-image-116 size-full\" srcset=\"https:\/\/hoyre.no\/content\/uploads\/sites\/221\/2023\/06\/nathan-van-de-graaf-hMAj10s4mTM-unsplash-1024x576.jpg 1024w, https:\/\/hoyre.no\/content\/uploads\/sites\/221\/2023\/06\/nathan-van-de-graaf-hMAj10s4mTM-unsplash-300x169.jpg 300w, https:\/\/hoyre.no\/content\/uploads\/sites\/221\/2023\/06\/nathan-van-de-graaf-hMAj10s4mTM-unsplash-768x432.jpg 768w, https:\/\/hoyre.no\/content\/uploads\/sites\/221\/2023\/06\/nathan-van-de-graaf-hMAj10s4mTM-unsplash-1536x864.jpg 1536w, https:\/\/hoyre.no\/content\/uploads\/sites\/221\/2023\/06\/nathan-van-de-graaf-hMAj10s4mTM-unsplash-2048x1152.jpg 2048w\" sizes=\"auto, (max-width: 1024px) 100vw, 1024px\" \/><\/figure><\/div>\n\n\n\n<div class=\"wp-block-buttons is-layout-flex wp-block-buttons-is-layout-flex\">\n<div class=\"wp-block-button\"><a class=\"wp-block-button__link wp-element-button\" href=\"https:\/\/hoyre.no\/ha\/program\/\">Trykk her dersom du vil lese mer om H\u00e5 H\u00f8yres politikk:<\/a><\/div>\n<\/div>\n","protected":false},"excerpt":{"rendered":"<p>1. Gode ordninger for barnefamilier H\u00e5 H\u00f8yre vil jobbe for en mer familievennlig barnehagepolitikk. Dette skal oppn\u00e5s gjennom et mer fleksibelt barnehageopptak og \u00e5pningstider tilpasset barnefamiliers behov. H\u00e5 H\u00f8yre \u00f8nsker flere spesialpedagoger gjennom \u00e5 styrke bemanningen i barnehagene, slik at vi tidlig kan fange opp barn som trenger ekstra st\u00f8tte. For oss spiller det ingen [&hellip;]<\/p>\n","protected":false},"author":32026,"featured_media":0,"parent":0,"menu_order":0,"comment_status":"closed","ping_status":"closed","template":"","meta":{"teft_cards_image_url":"","teft_cards_custom_pretitle":"","teft_cards_image_id":0,"teft_cards_image_focal_point_x":0,"teft_cards_image_focal_point_y":0,"teft_cards_title":"","teft_cards_excerpt":"","teft_show_chapters":false,"footnotes":""},"class_list":["post-91","page","type-page","status-publish","hentry"],"yoast_head":"<!-- This site is optimized with the Yoast SEO plugin v26.6 - https:\/\/yoast.com\/wordpress\/plugins\/seo\/ -->\n<title>8 gode grunner - H\u00e5 H\u00f8yre<\/title>\n<meta name=\"robots\" content=\"index, follow, max-snippet:-1, max-image-preview:large, max-video-preview:-1\" \/>\n<link rel=\"canonical\" href=\"https:\/\/hoyre.no\/ha\/8-gode-grunner\/\" \/>\n<meta property=\"og:locale\" content=\"nb_NO\" \/>\n<meta property=\"og:type\" content=\"article\" \/>\n<meta property=\"og:title\" content=\"8 gode grunner - H\u00e5 H\u00f8yre\" \/>\n<meta property=\"og:description\" content=\"1. Gode ordninger for barnefamilier H\u00e5 H\u00f8yre vil jobbe for en mer familievennlig barnehagepolitikk. Dette skal oppn\u00e5s gjennom et mer fleksibelt barnehageopptak og \u00e5pningstider tilpasset barnefamiliers behov. H\u00e5 H\u00f8yre \u00f8nsker flere spesialpedagoger gjennom \u00e5 styrke bemanningen i barnehagene, slik at vi tidlig kan fange opp barn som trenger ekstra st\u00f8tte. For oss spiller det ingen [&hellip;]\" \/>\n<meta property=\"og:url\" content=\"https:\/\/hoyre.no\/ha\/8-gode-grunner\/\" \/>\n<meta property=\"og:site_name\" content=\"H\u00e5 H\u00f8yre\" \/>\n<meta property=\"article:modified_time\" content=\"2025-01-28T08:24:23+00:00\" \/>\n<meta property=\"og:image\" content=\"https:\/\/hoyre.no\/content\/uploads\/sites\/221\/2023\/05\/hoyre_lokal_standard_front-1024x509.jpg\" \/>\n<meta name=\"twitter:card\" content=\"summary_large_image\" \/>\n<meta name=\"twitter:label1\" content=\"Ansl. lesetid\" \/>\n\t<meta name=\"twitter:data1\" content=\"6 minutter\" \/>\n<script type=\"application\/ld+json\" class=\"yoast-schema-graph\">{\"@context\":\"https:\/\/schema.org\",\"@graph\":[{\"@type\":\"WebPage\",\"@id\":\"https:\/\/hoyre.no\/ha\/8-gode-grunner\/\",\"url\":\"https:\/\/hoyre.no\/ha\/8-gode-grunner\/\",\"name\":\"8 gode grunner - H\u00e5 H\u00f8yre\",\"isPartOf\":{\"@id\":\"https:\/\/hoyre.no\/ha\/#website\"},\"image\":{\"@id\":\"https:\/\/hoyre.no\/ha\/8-gode-grunner\/#primaryimage\"},\"thumbnailUrl\":\"https:\/\/hoyre.no\/content\/uploads\/sites\/221\/2023\/05\/hoyre_lokal_standard_front-1024x509.jpg\",\"datePublished\":\"2023-06-01T10:08:36+00:00\",\"dateModified\":\"2025-01-28T08:24:23+00:00\",\"breadcrumb\":{\"@id\":\"https:\/\/hoyre.no\/ha\/8-gode-grunner\/#breadcrumb\"},\"inLanguage\":\"nb-NO\",\"potentialAction\":[{\"@type\":\"ReadAction\",\"target\":[\"https:\/\/hoyre.no\/ha\/8-gode-grunner\/\"]}]},{\"@type\":\"ImageObject\",\"inLanguage\":\"nb-NO\",\"@id\":\"https:\/\/hoyre.no\/ha\/8-gode-grunner\/#primaryimage\",\"url\":\"https:\/\/hoyre.no\/content\/uploads\/sites\/221\/2023\/05\/hoyre_lokal_standard_front-1024x509.jpg\",\"contentUrl\":\"https:\/\/hoyre.no\/content\/uploads\/sites\/221\/2023\/05\/hoyre_lokal_standard_front-1024x509.jpg\"},{\"@type\":\"BreadcrumbList\",\"@id\":\"https:\/\/hoyre.no\/ha\/8-gode-grunner\/#breadcrumb\",\"itemListElement\":[{\"@type\":\"ListItem\",\"position\":1,\"name\":\"Til hoyre.no\",\"item\":\"https:\/\/hoyre.no\"},{\"@type\":\"ListItem\",\"position\":2,\"name\":\"Hjem\",\"item\":\"https:\/\/hoyre.no\/ha\/\"},{\"@type\":\"ListItem\",\"position\":3,\"name\":\"8 gode grunner\"}]},{\"@type\":\"WebSite\",\"@id\":\"https:\/\/hoyre.no\/ha\/#website\",\"url\":\"https:\/\/hoyre.no\/ha\/\",\"name\":\"H\u00e5 H\u00f8yre\",\"description\":\"Bare enda et H\u00f8yres nettsteder-nettsted\",\"inLanguage\":\"nb-NO\"}]}<\/script>\n<!-- \/ Yoast SEO plugin. -->","yoast_head_json":{"title":"8 gode grunner - H\u00e5 H\u00f8yre","robots":{"index":"index","follow":"follow","max-snippet":"max-snippet:-1","max-image-preview":"max-image-preview:large","max-video-preview":"max-video-preview:-1"},"canonical":"https:\/\/hoyre.no\/ha\/8-gode-grunner\/","og_locale":"nb_NO","og_type":"article","og_title":"8 gode grunner - H\u00e5 H\u00f8yre","og_description":"1. Gode ordninger for barnefamilier H\u00e5 H\u00f8yre vil jobbe for en mer familievennlig barnehagepolitikk. Dette skal oppn\u00e5s gjennom et mer fleksibelt barnehageopptak og \u00e5pningstider tilpasset barnefamiliers behov. H\u00e5 H\u00f8yre \u00f8nsker flere spesialpedagoger gjennom \u00e5 styrke bemanningen i barnehagene, slik at vi tidlig kan fange opp barn som trenger ekstra st\u00f8tte. For oss spiller det ingen [&hellip;]","og_url":"https:\/\/hoyre.no\/ha\/8-gode-grunner\/","og_site_name":"H\u00e5 H\u00f8yre","article_modified_time":"2025-01-28T08:24:23+00:00","og_image":[{"url":"https:\/\/hoyre.no\/content\/uploads\/sites\/221\/2023\/05\/hoyre_lokal_standard_front-1024x509.jpg","type":"","width":"","height":""}],"twitter_card":"summary_large_image","twitter_misc":{"Ansl. lesetid":"6 minutter"},"schema":{"@context":"https:\/\/schema.org","@graph":[{"@type":"WebPage","@id":"https:\/\/hoyre.no\/ha\/8-gode-grunner\/","url":"https:\/\/hoyre.no\/ha\/8-gode-grunner\/","name":"8 gode grunner - H\u00e5 H\u00f8yre","isPartOf":{"@id":"https:\/\/hoyre.no\/ha\/#website"},"image":{"@id":"https:\/\/hoyre.no\/ha\/8-gode-grunner\/#primaryimage"},"thumbnailUrl":"https:\/\/hoyre.no\/content\/uploads\/sites\/221\/2023\/05\/hoyre_lokal_standard_front-1024x509.jpg","datePublished":"2023-06-01T10:08:36+00:00","dateModified":"2025-01-28T08:24:23+00:00","breadcrumb":{"@id":"https:\/\/hoyre.no\/ha\/8-gode-grunner\/#breadcrumb"},"inLanguage":"nb-NO","potentialAction":[{"@type":"ReadAction","target":["https:\/\/hoyre.no\/ha\/8-gode-grunner\/"]}]},{"@type":"ImageObject","inLanguage":"nb-NO","@id":"https:\/\/hoyre.no\/ha\/8-gode-grunner\/#primaryimage","url":"https:\/\/hoyre.no\/content\/uploads\/sites\/221\/2023\/05\/hoyre_lokal_standard_front-1024x509.jpg","contentUrl":"https:\/\/hoyre.no\/content\/uploads\/sites\/221\/2023\/05\/hoyre_lokal_standard_front-1024x509.jpg"},{"@type":"BreadcrumbList","@id":"https:\/\/hoyre.no\/ha\/8-gode-grunner\/#breadcrumb","itemListElement":[{"@type":"ListItem","position":1,"name":"Til hoyre.no","item":"https:\/\/hoyre.no"},{"@type":"ListItem","position":2,"name":"Hjem","item":"https:\/\/hoyre.no\/ha\/"},{"@type":"ListItem","position":3,"name":"8 gode grunner"}]},{"@type":"WebSite","@id":"https:\/\/hoyre.no\/ha\/#website","url":"https:\/\/hoyre.no\/ha\/","name":"H\u00e5 H\u00f8yre","description":"Bare enda et H\u00f8yres nettsteder-nettsted","inLanguage":"nb-NO"}]}},"distributor_meta":false,"distributor_terms":false,"distributor_media":false,"distributor_original_site_name":"H\u00e5 H\u00f8yre","distributor_original_site_url":"https:\/\/hoyre.no\/ha","push-errors":false,"_links":{"self":[{"href":"https:\/\/hoyre.no\/ha\/wp-json\/wp\/v2\/pages\/91","targetHints":{"allow":["GET"]}}],"collection":[{"href":"https:\/\/hoyre.no\/ha\/wp-json\/wp\/v2\/pages"}],"about":[{"href":"https:\/\/hoyre.no\/ha\/wp-json\/wp\/v2\/types\/page"}],"author":[{"embeddable":true,"href":"https:\/\/hoyre.no\/ha\/wp-json\/wp\/v2\/users\/32026"}],"replies":[{"embeddable":true,"href":"https:\/\/hoyre.no\/ha\/wp-json\/wp\/v2\/comments?post=91"}],"version-history":[{"count":5,"href":"https:\/\/hoyre.no\/ha\/wp-json\/wp\/v2\/pages\/91\/revisions"}],"predecessor-version":[{"id":171,"href":"https:\/\/hoyre.no\/ha\/wp-json\/wp\/v2\/pages\/91\/revisions\/171"}],"wp:attachment":[{"href":"https:\/\/hoyre.no\/ha\/wp-json\/wp\/v2\/media?parent=91"}],"curies":[{"name":"wp","href":"https:\/\/api.w.org\/{rel}","templated":true}]}}