{"id":36,"date":"2023-08-09T12:58:40","date_gmt":"2023-08-09T10:58:40","guid":{"rendered":"https:\/\/hoyre.no\/hadsel\/?page_id=36"},"modified":"2025-01-24T15:57:28","modified_gmt":"2025-01-24T14:57:28","slug":"36-2","status":"publish","type":"page","link":"https:\/\/hoyre.no\/hadsel\/36-2\/","title":{"rendered":""},"content":{"rendered":"\n<div class=\"wp-block-hoyre-hero with-image-gradient text-color-light  has-media alignfull has-background\"><div class=\"hoyre-hero has-image\"><h1 class=\"title\">Fem grunner til \u00e5 stemme H\u00f8yre i Hadsel<\/h1><figure class=\"hoyre-image-wrapper\"><div class=\"hoyre-image\"><img loading=\"lazy\" decoding=\"async\" width=\"2500\" height=\"1667\" src=\"https:\/\/hoyre.no\/content\/uploads\/sites\/140\/2023\/08\/AdobeStock_394476568-scaled.jpeg\" class=\"attachment-scaled size-scaled\" alt=\"\" style=\"object-position: 50% 50%\" srcset=\"https:\/\/hoyre.no\/content\/uploads\/sites\/140\/2023\/08\/AdobeStock_394476568-scaled.jpeg 2500w, https:\/\/hoyre.no\/content\/uploads\/sites\/140\/2023\/08\/AdobeStock_394476568-300x200.jpeg 300w, https:\/\/hoyre.no\/content\/uploads\/sites\/140\/2023\/08\/AdobeStock_394476568-1024x683.jpeg 1024w, https:\/\/hoyre.no\/content\/uploads\/sites\/140\/2023\/08\/AdobeStock_394476568-768x512.jpeg 768w, https:\/\/hoyre.no\/content\/uploads\/sites\/140\/2023\/08\/AdobeStock_394476568-1536x1024.jpeg 1536w, https:\/\/hoyre.no\/content\/uploads\/sites\/140\/2023\/08\/AdobeStock_394476568-2048x1365.jpeg 2048w\" sizes=\"auto, (max-width: 2500px) 100vw, 2500px\" \/><\/div><\/figure><\/div><\/div>\n\n\n\n\n<div class=\"wp-block-media-text is-stacked-on-mobile is-image-fill alignwide is-style-dark-blue\"><figure class=\"wp-block-media-text__media\" style=\"background-image:url('https:\/\/hoyre.no\/content\/uploads\/sites\/140\/2023\/08\/GettyImages-473032112-1024x566.jpg');background-position:68% 32%\"><img loading=\"lazy\" decoding=\"async\" width=\"1024\" height=\"566\" src=\"https:\/\/hoyre.no\/content\/uploads\/sites\/140\/2023\/08\/GettyImages-473032112-1024x566.jpg\" alt=\"\" class=\"wp-image-41 size-full\" srcset=\"https:\/\/hoyre.no\/content\/uploads\/sites\/140\/2023\/08\/GettyImages-473032112-1024x566.jpg 1024w, https:\/\/hoyre.no\/content\/uploads\/sites\/140\/2023\/08\/GettyImages-473032112-300x166.jpg 300w, https:\/\/hoyre.no\/content\/uploads\/sites\/140\/2023\/08\/GettyImages-473032112-768x425.jpg 768w, https:\/\/hoyre.no\/content\/uploads\/sites\/140\/2023\/08\/GettyImages-473032112-1536x850.jpg 1536w, https:\/\/hoyre.no\/content\/uploads\/sites\/140\/2023\/08\/GettyImages-473032112-2048x1133.jpg 2048w\" sizes=\"auto, (max-width: 1024px) 100vw, 1024px\" \/><\/figure><div class=\"wp-block-media-text__content\">\n<h2 class=\"wp-block-heading\">1. Et samfunn der barn og unge lykkes<\/h2>\n\n\n\n<p>For \u00e5 skape et samfunn der alle kan lykkes, er det avgj\u00f8rende med gode skoler og oppvekstsvilk\u00e5r. H\u00f8yre<br>vil ha l\u00f8pende barnehageopptak, full barnehagedekning og en sunn balanse mellom offentlige og private barnehager i Hadsel.<\/p>\n\n\n\n<p>Vi vil fylle skolefritidsordningen med mer innhold, og jobbe for et samarbeid med kultur og idrett i forbindelse med dette tilbudet.<\/p>\n\n\n\n<p>Vi vil bygge ny gymsal i tilknytning til Stokmarknes skole. Hadsel H\u00f8yre vil ha en gjennomgang av skolemilj\u00f8et og iverksette tiltak ut fra resultatene av gjennomgangen.<\/p>\n\n\n\n<p>Vi vil arbeide for \u00e5 styrke grunnlaget for opprettholdelse av skole p\u00e5 Hadsel Innland og Strandlandet. Dette vil vi gj\u00f8re blant annet ved<\/p>\n\n\n\n<p>\u00e5 igangsette et prosjekt \/ arbeid sammen med lokalbefolkningen.<\/p>\n<\/div><\/div>\n\n\n\n\n<div class=\"wp-block-media-text has-media-on-the-right is-stacked-on-mobile is-image-fill alignwide is-style-lightest-blue\"><div class=\"wp-block-media-text__content\">\n<h2 class=\"wp-block-heading\">2. Et aldersvennlig samfunn<\/h2>\n\n\n\n<p>H\u00f8yre vil at eldre skal kunne f\u00e5 leve sine liv p\u00e5 egne premisser og \u00f8nsker.<\/p>\n\n\n\n<p>Vi vil bygge nytt sykehjem p\u00e5 Stokmarknes i l\u00f8pet av kommende periode.<\/p>\n\n\n\n<p>Vi vil opprettholde legekontor p\u00e5 Melbu og se p\u00e5 synergier for \u00e5 styrke tilbudet.<\/p>\n\n\n\n<p>Vi vil at Hadsel skal bli et mer aldersvennlig samfunn. Kommunen m\u00e5 legge til rette for en sosial og aktiv alderdom, blant annet ved \u00e5 skape flere gode m\u00f8teplasser.<\/p>\n\n\n\n<p>Pensjonister i kommunen har ofte mye \u00e5 bidra med i samfunnet. H\u00f8yre vil inkludere de eldre mer i samfunnet gjennom l\u00f8nnet og frivillig arbeid.<\/p>\n<\/div><figure class=\"wp-block-media-text__media\" style=\"background-image:url('https:\/\/hoyre.no\/content\/uploads\/sites\/140\/2023\/08\/GettyImages-514112498-1024x722.jpg');background-position:50% 50%\"><img loading=\"lazy\" decoding=\"async\" width=\"1024\" height=\"722\" src=\"https:\/\/hoyre.no\/content\/uploads\/sites\/140\/2023\/08\/GettyImages-514112498-1024x722.jpg\" alt=\"\" class=\"wp-image-42 size-full\" srcset=\"https:\/\/hoyre.no\/content\/uploads\/sites\/140\/2023\/08\/GettyImages-514112498-1024x722.jpg 1024w, https:\/\/hoyre.no\/content\/uploads\/sites\/140\/2023\/08\/GettyImages-514112498-300x212.jpg 300w, https:\/\/hoyre.no\/content\/uploads\/sites\/140\/2023\/08\/GettyImages-514112498-768x542.jpg 768w, https:\/\/hoyre.no\/content\/uploads\/sites\/140\/2023\/08\/GettyImages-514112498-1536x1083.jpg 1536w, https:\/\/hoyre.no\/content\/uploads\/sites\/140\/2023\/08\/GettyImages-514112498-2048x1445.jpg 2048w\" sizes=\"auto, (max-width: 1024px) 100vw, 1024px\" \/><\/figure><\/div>\n\n\n\n<div class=\"wp-block-media-text is-stacked-on-mobile is-image-fill alignwide is-style-pink\"><figure class=\"wp-block-media-text__media\" style=\"background-image:url('https:\/\/hoyre.no\/content\/uploads\/sites\/140\/2023\/08\/GettyImages-860044730-1024x683.jpg');background-position:66% 40%\"><img loading=\"lazy\" decoding=\"async\" width=\"1024\" height=\"683\" src=\"https:\/\/hoyre.no\/content\/uploads\/sites\/140\/2023\/08\/GettyImages-860044730-1024x683.jpg\" alt=\"\" class=\"wp-image-43 size-full\" srcset=\"https:\/\/hoyre.no\/content\/uploads\/sites\/140\/2023\/08\/GettyImages-860044730-1024x683.jpg 1024w, https:\/\/hoyre.no\/content\/uploads\/sites\/140\/2023\/08\/GettyImages-860044730-300x200.jpg 300w, https:\/\/hoyre.no\/content\/uploads\/sites\/140\/2023\/08\/GettyImages-860044730-768x513.jpg 768w, https:\/\/hoyre.no\/content\/uploads\/sites\/140\/2023\/08\/GettyImages-860044730-1536x1025.jpg 1536w, https:\/\/hoyre.no\/content\/uploads\/sites\/140\/2023\/08\/GettyImages-860044730-2048x1367.jpg 2048w\" sizes=\"auto, (max-width: 1024px) 100vw, 1024px\" \/><\/figure><div class=\"wp-block-media-text__content\">\n<h2 class=\"wp-block-heading\">3. Et boligmarked for alle<\/h2>\n\n\n\n<p>H\u00f8yre vil i f\u00f8rste kommunestyrem\u00f8te etter valget fremme forslag om rullering av kommunens arealplan. Dette for \u00e5 tilgjengeliggj\u00f8re arealer<br>for boligbygging\/\u00f8kt bosetning i alle deler av kommunen. Hadsel skal v\u00e6re en ja-kommune for de som \u00f8nsker \u00e5 leve og bo i Hadsel. I Hadsel skal du kunne f\u00e5 realisert boligdr\u00f8mmen din.<\/p>\n\n\n\n<p>Vi vil utfordre statlige f\u00f8ringer som begrenser muligheter for utvikling<br>av de ulike lokalsamfunnene. Viktig landbruksareal skal ivaretas, men samtidig kan vi ikke utvikle utkantene i kommunen med landbruksjord\/arealer som ligger brakk.<\/p>\n\n\n\n<p>Vi vil utvikle Hadsel eiendom til ogs\u00e5 \u00e5 v\u00e6re et verkt\u00f8y for \u00f8kt boligbygging og et variert boligmarked i Hadsel. Dette i samspill med private akt\u00f8rer.<\/p>\n\n\n\n<p>Flere unge og familier med d\u00e5rlig r\u00e5d skal kunne oppleve boligdr\u00f8mmen i Hadsel. H\u00f8yre vil derfor ta i bruk flere boligsosiale virkemidler.<\/p>\n\n\n\n<p>Vi vil gjeninnf\u00f8re 5 \u00e5rs fritak for eiendomsskatt for nye boliger. Videre skal vi jobbe for \u00e5 f\u00e5 satt ned eiendomsskatten.<\/p>\n<\/div><\/div>\n\n\n\n<div class=\"wp-block-media-text has-media-on-the-right is-stacked-on-mobile is-image-fill alignwide is-style-dark-blue\"><div class=\"wp-block-media-text__content\">\n<h2 class=\"wp-block-heading\">4. Hjelp n\u00e5r du trenger det<\/h2>\n\n\n\n<p>H\u00f8yre vil styrke skolehelsetjenesten og gj\u00f8re den mer tilgjengelig for v\u00e5re unge, blant annet gjennom utvidet \u00e5pningstid og \u00f8kt tilstedev\u00e6relse p\u00e5 digitale flater.<\/p>\n\n\n\n<p>Videre er det viktig at de som sliter med rus f\u00e5r hjelp. Vi vil sikre at hjelp tilbys raskere, og at alle f\u00e5r en behandling som passer dem.<\/p>\n\n\n\n<p>H\u00f8yre vil gjeninnf\u00f8re og utvikle ordningen med den tidligere \u00abutekontakten\u00bb, en ungdomskontakt.<\/p>\n\n\n\n<p>Foreldre skal ogs\u00e5 bli sett n\u00e5r barn eller ungdom trenger hjelp. Det skal g\u00e5 tydelig frem hvor foreldre og p\u00e5r\u00f8rende skal henvende seg for \u00e5 n\u00f8dvendig veiledning og st\u00f8tte.<\/p>\n<\/div><figure class=\"wp-block-media-text__media\" style=\"background-image:url('https:\/\/hoyre.no\/content\/uploads\/sites\/140\/2023\/08\/GettyImages-1152836719-1024x654.jpg');background-position:50% 50%\"><img loading=\"lazy\" decoding=\"async\" width=\"1024\" height=\"654\" src=\"https:\/\/hoyre.no\/content\/uploads\/sites\/140\/2023\/08\/GettyImages-1152836719-1024x654.jpg\" alt=\"\" class=\"wp-image-44 size-full\" srcset=\"https:\/\/hoyre.no\/content\/uploads\/sites\/140\/2023\/08\/GettyImages-1152836719-1024x654.jpg 1024w, https:\/\/hoyre.no\/content\/uploads\/sites\/140\/2023\/08\/GettyImages-1152836719-300x192.jpg 300w, https:\/\/hoyre.no\/content\/uploads\/sites\/140\/2023\/08\/GettyImages-1152836719-768x490.jpg 768w, https:\/\/hoyre.no\/content\/uploads\/sites\/140\/2023\/08\/GettyImages-1152836719-1536x981.jpg 1536w, https:\/\/hoyre.no\/content\/uploads\/sites\/140\/2023\/08\/GettyImages-1152836719-2048x1308.jpg 2048w\" sizes=\"auto, (max-width: 1024px) 100vw, 1024px\" \/><\/figure><\/div>\n\n\n\n<div class=\"wp-block-media-text is-stacked-on-mobile is-image-fill alignwide is-style-pale-green\"><figure class=\"wp-block-media-text__media\" style=\"background-image:url('https:\/\/hoyre.no\/content\/uploads\/sites\/140\/2023\/08\/GettyImages-960077510-1024x683.jpg');background-position:50% 50%\"><img loading=\"lazy\" decoding=\"async\" width=\"1024\" height=\"683\" src=\"https:\/\/hoyre.no\/content\/uploads\/sites\/140\/2023\/08\/GettyImages-960077510-1024x683.jpg\" alt=\"\" class=\"wp-image-47 size-full\" srcset=\"https:\/\/hoyre.no\/content\/uploads\/sites\/140\/2023\/08\/GettyImages-960077510-1024x683.jpg 1024w, https:\/\/hoyre.no\/content\/uploads\/sites\/140\/2023\/08\/GettyImages-960077510-300x200.jpg 300w, https:\/\/hoyre.no\/content\/uploads\/sites\/140\/2023\/08\/GettyImages-960077510-768x513.jpg 768w, https:\/\/hoyre.no\/content\/uploads\/sites\/140\/2023\/08\/GettyImages-960077510-1536x1025.jpg 1536w, https:\/\/hoyre.no\/content\/uploads\/sites\/140\/2023\/08\/GettyImages-960077510-2048x1367.jpg 2048w\" sizes=\"auto, (max-width: 1024px) 100vw, 1024px\" \/><\/figure><div class=\"wp-block-media-text__content\">\n<h2 class=\"wp-block-heading\">5. Kultur og fritid<\/h2>\n\n\n\n<p>Gode kultur og fritidstilbud er viktig for samfunnet og for bo- og blilyst.<\/p>\n\n\n\n<p>H\u00f8yre vil ha et levende Hurtigrutens Hus disponibelt og tilgjengelig for innbyggere. F.eks en symbiose mellom bibliotek, kulturskole, makerspace, kino, kafe o.l. Hadsel kommune skal ogs\u00e5 bidra til at Melbu samfunnshus opprettholder sin funksjon som samlingssted og \u00abstorstue\u00bb p\u00e5 Melbu.<\/p>\n\n\n\n<p>Vi vil ta i bruk og involvere det frivillige Hadsel enda mer.<\/p>\n<\/div><\/div>\n\n\n\n<div class=\"wp-block-hoyre-banner undefined has-icon-title icon-heart\"><div class=\"banner-inner\"><figure class=\"hoyre-image-wrapper\"><div class=\"hoyre-image\"><img loading=\"lazy\" decoding=\"async\" width=\"2500\" height=\"1667\" src=\"https:\/\/hoyre.no\/content\/uploads\/sites\/140\/2023\/08\/AdobeStock_396125919-scaled.jpeg\" class=\"attachment-scaled size-scaled\" alt=\"\" style=\"object-position: 50% 50%\" srcset=\"https:\/\/hoyre.no\/content\/uploads\/sites\/140\/2023\/08\/AdobeStock_396125919-scaled.jpeg 2500w, https:\/\/hoyre.no\/content\/uploads\/sites\/140\/2023\/08\/AdobeStock_396125919-300x200.jpeg 300w, https:\/\/hoyre.no\/content\/uploads\/sites\/140\/2023\/08\/AdobeStock_396125919-1024x683.jpeg 1024w, https:\/\/hoyre.no\/content\/uploads\/sites\/140\/2023\/08\/AdobeStock_396125919-768x512.jpeg 768w, https:\/\/hoyre.no\/content\/uploads\/sites\/140\/2023\/08\/AdobeStock_396125919-1536x1024.jpeg 1536w, https:\/\/hoyre.no\/content\/uploads\/sites\/140\/2023\/08\/AdobeStock_396125919-2048x1365.jpeg 2048w\" sizes=\"auto, (max-width: 2500px) 100vw, 2500px\" \/><\/div><\/figure><div class=\"banner-content\"><div class=\"entry-content\">\n<h2 class=\"wp-block-heading\">Fant du ikke din hjertesak?<\/h2>\n\n\n\n<p>Det er heldigvis mange gode grunner til \u00e5 stemme H\u00f8yre i Hadsel. Finn ut hva vi mener om din hjertesak ved \u00e5 lese programmet v\u00e5rt!<\/p>\n\n\n\n<div class=\"wp-block-buttons is-layout-flex wp-block-buttons-is-layout-flex\">\n<div class=\"wp-block-button has-custom-width wp-block-button__width-100\"><a class=\"wp-block-button__link wp-element-button\" href=\"https:\/\/hoyre.no\/hadsel\/politikk\/?preview=true\">Les Hadsel H\u00f8yres valgprogram<\/a><\/div>\n<\/div>\n<\/div><\/div><\/div><\/div>\n","protected":false},"excerpt":{"rendered":"<p>2. Et aldersvennlig samfunn H\u00f8yre vil at eldre skal kunne f\u00e5 leve sine liv p\u00e5 egne premisser og \u00f8nsker. Vi vil bygge nytt sykehjem p\u00e5 Stokmarknes i l\u00f8pet av kommende periode. Vi vil opprettholde legekontor p\u00e5 Melbu og se p\u00e5 synergier for \u00e5 styrke tilbudet. Vi vil at Hadsel skal bli et mer aldersvennlig samfunn. [&hellip;]<\/p>\n","protected":false},"author":3547,"featured_media":0,"parent":0,"menu_order":0,"comment_status":"closed","ping_status":"closed","template":"","meta":{"teft_cards_image_url":"","teft_cards_custom_pretitle":"","teft_cards_image_id":0,"teft_cards_image_focal_point_x":0,"teft_cards_image_focal_point_y":0,"teft_cards_title":"","teft_cards_excerpt":"","teft_show_chapters":false,"footnotes":""},"class_list":["post-36","page","type-page","status-publish","hentry"],"yoast_head":"<!-- This site is optimized with the Yoast SEO plugin v26.6 - https:\/\/yoast.com\/wordpress\/plugins\/seo\/ -->\n<title>- Hadsel H\u00f8yre<\/title>\n<meta name=\"robots\" content=\"index, follow, max-snippet:-1, max-image-preview:large, max-video-preview:-1\" \/>\n<link rel=\"canonical\" href=\"https:\/\/hoyre.no\/hadsel\/36-2\/\" \/>\n<meta property=\"og:locale\" content=\"nb_NO\" \/>\n<meta property=\"og:type\" content=\"article\" \/>\n<meta property=\"og:title\" content=\"- Hadsel H\u00f8yre\" \/>\n<meta property=\"og:description\" content=\"2. Et aldersvennlig samfunn H\u00f8yre vil at eldre skal kunne f\u00e5 leve sine liv p\u00e5 egne premisser og \u00f8nsker. Vi vil bygge nytt sykehjem p\u00e5 Stokmarknes i l\u00f8pet av kommende periode. Vi vil opprettholde legekontor p\u00e5 Melbu og se p\u00e5 synergier for \u00e5 styrke tilbudet. Vi vil at Hadsel skal bli et mer aldersvennlig samfunn. [&hellip;]\" \/>\n<meta property=\"og:url\" content=\"https:\/\/hoyre.no\/hadsel\/36-2\/\" \/>\n<meta property=\"og:site_name\" content=\"Hadsel H\u00f8yre\" \/>\n<meta property=\"article:modified_time\" content=\"2025-01-24T14:57:28+00:00\" \/>\n<meta property=\"og:image\" content=\"https:\/\/hoyre.no\/content\/uploads\/sites\/140\/2023\/08\/GettyImages-473032112-1024x566.jpg\" \/>\n<meta name=\"twitter:card\" content=\"summary_large_image\" \/>\n<meta name=\"twitter:label1\" content=\"Ansl. lesetid\" \/>\n\t<meta name=\"twitter:data1\" content=\"5 minutter\" \/>\n<script type=\"application\/ld+json\" class=\"yoast-schema-graph\">{\"@context\":\"https:\/\/schema.org\",\"@graph\":[{\"@type\":\"WebPage\",\"@id\":\"https:\/\/hoyre.no\/hadsel\/36-2\/\",\"url\":\"https:\/\/hoyre.no\/hadsel\/36-2\/\",\"name\":\"- Hadsel H\u00f8yre\",\"isPartOf\":{\"@id\":\"https:\/\/hoyre.no\/hadsel\/#website\"},\"image\":{\"@id\":\"https:\/\/hoyre.no\/hadsel\/36-2\/#primaryimage\"},\"thumbnailUrl\":\"https:\/\/hoyre.no\/content\/uploads\/sites\/140\/2023\/08\/GettyImages-473032112-1024x566.jpg\",\"datePublished\":\"2023-08-09T10:58:40+00:00\",\"dateModified\":\"2025-01-24T14:57:28+00:00\",\"breadcrumb\":{\"@id\":\"https:\/\/hoyre.no\/hadsel\/36-2\/#breadcrumb\"},\"inLanguage\":\"nb-NO\",\"potentialAction\":[{\"@type\":\"ReadAction\",\"target\":[\"https:\/\/hoyre.no\/hadsel\/36-2\/\"]}]},{\"@type\":\"ImageObject\",\"inLanguage\":\"nb-NO\",\"@id\":\"https:\/\/hoyre.no\/hadsel\/36-2\/#primaryimage\",\"url\":\"https:\/\/hoyre.no\/content\/uploads\/sites\/140\/2023\/08\/GettyImages-473032112-1024x566.jpg\",\"contentUrl\":\"https:\/\/hoyre.no\/content\/uploads\/sites\/140\/2023\/08\/GettyImages-473032112-1024x566.jpg\"},{\"@type\":\"BreadcrumbList\",\"@id\":\"https:\/\/hoyre.no\/hadsel\/36-2\/#breadcrumb\",\"itemListElement\":[{\"@type\":\"ListItem\",\"position\":1,\"name\":\"Til hoyre.no\",\"item\":\"https:\/\/hoyre.no\"},{\"@type\":\"ListItem\",\"position\":2,\"name\":\"Hjem\",\"item\":\"https:\/\/hoyre.no\/hadsel\/\"}]},{\"@type\":\"WebSite\",\"@id\":\"https:\/\/hoyre.no\/hadsel\/#website\",\"url\":\"https:\/\/hoyre.no\/hadsel\/\",\"name\":\"Hadsel H\u00f8yre\",\"description\":\"Bare enda et H\u00f8yres nettsteder-nettsted\",\"inLanguage\":\"nb-NO\"}]}<\/script>\n<!-- \/ Yoast SEO plugin. -->","yoast_head_json":{"title":"- Hadsel H\u00f8yre","robots":{"index":"index","follow":"follow","max-snippet":"max-snippet:-1","max-image-preview":"max-image-preview:large","max-video-preview":"max-video-preview:-1"},"canonical":"https:\/\/hoyre.no\/hadsel\/36-2\/","og_locale":"nb_NO","og_type":"article","og_title":"- Hadsel H\u00f8yre","og_description":"2. Et aldersvennlig samfunn H\u00f8yre vil at eldre skal kunne f\u00e5 leve sine liv p\u00e5 egne premisser og \u00f8nsker. Vi vil bygge nytt sykehjem p\u00e5 Stokmarknes i l\u00f8pet av kommende periode. Vi vil opprettholde legekontor p\u00e5 Melbu og se p\u00e5 synergier for \u00e5 styrke tilbudet. Vi vil at Hadsel skal bli et mer aldersvennlig samfunn. [&hellip;]","og_url":"https:\/\/hoyre.no\/hadsel\/36-2\/","og_site_name":"Hadsel H\u00f8yre","article_modified_time":"2025-01-24T14:57:28+00:00","og_image":[{"url":"https:\/\/hoyre.no\/content\/uploads\/sites\/140\/2023\/08\/GettyImages-473032112-1024x566.jpg","type":"","width":"","height":""}],"twitter_card":"summary_large_image","twitter_misc":{"Ansl. lesetid":"5 minutter"},"schema":{"@context":"https:\/\/schema.org","@graph":[{"@type":"WebPage","@id":"https:\/\/hoyre.no\/hadsel\/36-2\/","url":"https:\/\/hoyre.no\/hadsel\/36-2\/","name":"- Hadsel H\u00f8yre","isPartOf":{"@id":"https:\/\/hoyre.no\/hadsel\/#website"},"image":{"@id":"https:\/\/hoyre.no\/hadsel\/36-2\/#primaryimage"},"thumbnailUrl":"https:\/\/hoyre.no\/content\/uploads\/sites\/140\/2023\/08\/GettyImages-473032112-1024x566.jpg","datePublished":"2023-08-09T10:58:40+00:00","dateModified":"2025-01-24T14:57:28+00:00","breadcrumb":{"@id":"https:\/\/hoyre.no\/hadsel\/36-2\/#breadcrumb"},"inLanguage":"nb-NO","potentialAction":[{"@type":"ReadAction","target":["https:\/\/hoyre.no\/hadsel\/36-2\/"]}]},{"@type":"ImageObject","inLanguage":"nb-NO","@id":"https:\/\/hoyre.no\/hadsel\/36-2\/#primaryimage","url":"https:\/\/hoyre.no\/content\/uploads\/sites\/140\/2023\/08\/GettyImages-473032112-1024x566.jpg","contentUrl":"https:\/\/hoyre.no\/content\/uploads\/sites\/140\/2023\/08\/GettyImages-473032112-1024x566.jpg"},{"@type":"BreadcrumbList","@id":"https:\/\/hoyre.no\/hadsel\/36-2\/#breadcrumb","itemListElement":[{"@type":"ListItem","position":1,"name":"Til hoyre.no","item":"https:\/\/hoyre.no"},{"@type":"ListItem","position":2,"name":"Hjem","item":"https:\/\/hoyre.no\/hadsel\/"}]},{"@type":"WebSite","@id":"https:\/\/hoyre.no\/hadsel\/#website","url":"https:\/\/hoyre.no\/hadsel\/","name":"Hadsel H\u00f8yre","description":"Bare enda et H\u00f8yres nettsteder-nettsted","inLanguage":"nb-NO"}]}},"distributor_meta":false,"distributor_terms":false,"distributor_media":false,"distributor_original_site_name":"Hadsel H\u00f8yre","distributor_original_site_url":"https:\/\/hoyre.no\/hadsel","push-errors":false,"_links":{"self":[{"href":"https:\/\/hoyre.no\/hadsel\/wp-json\/wp\/v2\/pages\/36","targetHints":{"allow":["GET"]}}],"collection":[{"href":"https:\/\/hoyre.no\/hadsel\/wp-json\/wp\/v2\/pages"}],"about":[{"href":"https:\/\/hoyre.no\/hadsel\/wp-json\/wp\/v2\/types\/page"}],"author":[{"embeddable":true,"href":"https:\/\/hoyre.no\/hadsel\/wp-json\/wp\/v2\/users\/3547"}],"replies":[{"embeddable":true,"href":"https:\/\/hoyre.no\/hadsel\/wp-json\/wp\/v2\/comments?post=36"}],"version-history":[{"count":5,"href":"https:\/\/hoyre.no\/hadsel\/wp-json\/wp\/v2\/pages\/36\/revisions"}],"predecessor-version":[{"id":66,"href":"https:\/\/hoyre.no\/hadsel\/wp-json\/wp\/v2\/pages\/36\/revisions\/66"}],"wp:attachment":[{"href":"https:\/\/hoyre.no\/hadsel\/wp-json\/wp\/v2\/media?parent=36"}],"curies":[{"name":"wp","href":"https:\/\/api.w.org\/{rel}","templated":true}]}}