{"id":31,"date":"2023-05-02T12:44:03","date_gmt":"2023-05-02T10:44:03","guid":{"rendered":"https:\/\/hoyre.no\/haegebostad\/?page_id=31"},"modified":"2023-06-12T17:48:22","modified_gmt":"2023-06-12T15:48:22","slug":"politikk","status":"publish","type":"page","link":"https:\/\/hoyre.no\/haegebostad\/politikk\/","title":{"rendered":"Politikk"},"content":{"rendered":"\n<div class=\"wp-block-hoyre-hero with-image-gradient text-color-light  alignfull has-background\"><div class=\"hoyre-hero \"><h1 class=\"title\">Politikk<\/h1><p class=\"preamble\">N\u00e5r frivillegheita, n\u00e6ringslivet og offentleg sektor spelar p\u00e5 lag, skapar det gode lokalsamfunn. H\u00f8gre trur p\u00e5 enkeltmenneske si evne og lyst til \u00e5 st\u00e5 p\u00e5 eigne bein.<br><br>V\u00e5r oppg\u00e5ve er \u00e5 s\u00f8rge for at menneske kan leve gode liv, uansett utgangspunkt. Vi skapar ikkje politikk for kommunen, men for alle som bur der. H\u00f8gre trur p\u00e5 eit samfunn som gir moglegheiter for alle.<\/p><\/div><\/div>\n\n\n\n\n\n<h2 class=\"wp-block-heading\">Les programmet vi g\u00e5r til valg p\u00e5<\/h2>\n\n\n\n<p>Her kan du laste ned H\u00e6gebostad H\u00f8yres valgprogram for 2023 \u2013 2027:<\/p>\n\n\n\n<div class=\"wp-block-teft-file icon-link-block\"><a href=\"https:\/\/hoyre.no\/content\/uploads\/sites\/31\/2023\/06\/Haegobostad-hoyre-valg-2023-A5-4-sider-poppins4.pdf\" download><span class=\"file-title\">H\u00e6gebostad H\u00f8yres valgprogram 2023-2027<\/span><span class=\"file-name\"><\/span><\/a><\/div>\n","protected":false},"excerpt":{"rendered":"<p>Les programmet vi g\u00e5r til valg p\u00e5 Her kan du laste ned H\u00e6gebostad H\u00f8yres valgprogram for 2023 \u2013 2027:<\/p>\n","protected":false},"author":347,"featured_media":0,"parent":0,"menu_order":0,"comment_status":"closed","ping_status":"closed","template":"","meta":{"teft_cards_image_url":"","teft_cards_custom_pretitle":"","teft_cards_image_id":0,"teft_cards_image_focal_point_x":0,"teft_cards_image_focal_point_y":0,"teft_cards_title":"","teft_cards_excerpt":"","teft_show_chapters":false,"footnotes":""},"class_list":["post-31","page","type-page","status-publish","hentry"],"yoast_head":"<!-- This site is optimized with the Yoast SEO plugin v26.6 - https:\/\/yoast.com\/wordpress\/plugins\/seo\/ -->\n<title>Politikk - H\u00e6gebostad H\u00f8yre<\/title>\n<meta name=\"robots\" content=\"index, follow, max-snippet:-1, max-image-preview:large, max-video-preview:-1\" \/>\n<link rel=\"canonical\" href=\"https:\/\/hoyre.no\/haegebostad\/politikk\/\" \/>\n<meta property=\"og:locale\" content=\"nn_NO\" \/>\n<meta property=\"og:type\" content=\"article\" \/>\n<meta property=\"og:title\" content=\"Politikk - H\u00e6gebostad H\u00f8yre\" \/>\n<meta property=\"og:description\" content=\"Les programmet vi g\u00e5r til valg p\u00e5 Her kan du laste ned H\u00e6gebostad H\u00f8yres valgprogram for 2023 \u2013 2027:\" \/>\n<meta property=\"og:url\" content=\"https:\/\/hoyre.no\/haegebostad\/politikk\/\" \/>\n<meta property=\"og:site_name\" content=\"H\u00e6gebostad H\u00f8yre\" \/>\n<meta property=\"article:modified_time\" content=\"2023-06-12T15:48:22+00:00\" \/>\n<meta property=\"og:image\" content=\"https:\/\/hoyre.no\/content\/uploads\/sites\/31\/2022\/11\/2020_RGB_hoyre_logo_profilbilde_011.png\" \/>\n\t<meta property=\"og:image:width\" content=\"1000\" \/>\n\t<meta property=\"og:image:height\" content=\"1000\" \/>\n\t<meta property=\"og:image:type\" content=\"image\/png\" \/>\n<meta name=\"twitter:card\" content=\"summary_large_image\" \/>\n<meta name=\"twitter:label1\" content=\"Est. reading time\" \/>\n\t<meta name=\"twitter:data1\" content=\"1 minutt\" \/>\n<script type=\"application\/ld+json\" class=\"yoast-schema-graph\">{\"@context\":\"https:\/\/schema.org\",\"@graph\":[{\"@type\":\"WebPage\",\"@id\":\"https:\/\/hoyre.no\/haegebostad\/politikk\/\",\"url\":\"https:\/\/hoyre.no\/haegebostad\/politikk\/\",\"name\":\"Politikk - H\u00e6gebostad H\u00f8yre\",\"isPartOf\":{\"@id\":\"https:\/\/hoyre.no\/haegebostad\/#website\"},\"datePublished\":\"2023-05-02T10:44:03+00:00\",\"dateModified\":\"2023-06-12T15:48:22+00:00\",\"breadcrumb\":{\"@id\":\"https:\/\/hoyre.no\/haegebostad\/politikk\/#breadcrumb\"},\"inLanguage\":\"nn-NO\",\"potentialAction\":[{\"@type\":\"ReadAction\",\"target\":[\"https:\/\/hoyre.no\/haegebostad\/politikk\/\"]}]},{\"@type\":\"BreadcrumbList\",\"@id\":\"https:\/\/hoyre.no\/haegebostad\/politikk\/#breadcrumb\",\"itemListElement\":[{\"@type\":\"ListItem\",\"position\":1,\"name\":\"Til hoyre.no\",\"item\":\"https:\/\/hoyre.no\"},{\"@type\":\"ListItem\",\"position\":2,\"name\":\"Hjem\",\"item\":\"https:\/\/hoyre.no\/haegebostad\/\"},{\"@type\":\"ListItem\",\"position\":3,\"name\":\"Politikk\"}]},{\"@type\":\"WebSite\",\"@id\":\"https:\/\/hoyre.no\/haegebostad\/#website\",\"url\":\"https:\/\/hoyre.no\/haegebostad\/\",\"name\":\"H\u00e6gebostad H\u00f8yre\",\"description\":\"Bare enda et H\u00f8yres nettsteder-nettsted\",\"inLanguage\":\"nn-NO\"}]}<\/script>\n<!-- \/ Yoast SEO plugin. -->","yoast_head_json":{"title":"Politikk - H\u00e6gebostad H\u00f8yre","robots":{"index":"index","follow":"follow","max-snippet":"max-snippet:-1","max-image-preview":"max-image-preview:large","max-video-preview":"max-video-preview:-1"},"canonical":"https:\/\/hoyre.no\/haegebostad\/politikk\/","og_locale":"nn_NO","og_type":"article","og_title":"Politikk - H\u00e6gebostad H\u00f8yre","og_description":"Les programmet vi g\u00e5r til valg p\u00e5 Her kan du laste ned H\u00e6gebostad H\u00f8yres valgprogram for 2023 \u2013 2027:","og_url":"https:\/\/hoyre.no\/haegebostad\/politikk\/","og_site_name":"H\u00e6gebostad H\u00f8yre","article_modified_time":"2023-06-12T15:48:22+00:00","og_image":[{"width":1000,"height":1000,"url":"https:\/\/hoyre.no\/content\/uploads\/sites\/31\/2022\/11\/2020_RGB_hoyre_logo_profilbilde_011.png","type":"image\/png"}],"twitter_card":"summary_large_image","twitter_misc":{"Est. reading time":"1 minutt"},"schema":{"@context":"https:\/\/schema.org","@graph":[{"@type":"WebPage","@id":"https:\/\/hoyre.no\/haegebostad\/politikk\/","url":"https:\/\/hoyre.no\/haegebostad\/politikk\/","name":"Politikk - H\u00e6gebostad H\u00f8yre","isPartOf":{"@id":"https:\/\/hoyre.no\/haegebostad\/#website"},"datePublished":"2023-05-02T10:44:03+00:00","dateModified":"2023-06-12T15:48:22+00:00","breadcrumb":{"@id":"https:\/\/hoyre.no\/haegebostad\/politikk\/#breadcrumb"},"inLanguage":"nn-NO","potentialAction":[{"@type":"ReadAction","target":["https:\/\/hoyre.no\/haegebostad\/politikk\/"]}]},{"@type":"BreadcrumbList","@id":"https:\/\/hoyre.no\/haegebostad\/politikk\/#breadcrumb","itemListElement":[{"@type":"ListItem","position":1,"name":"Til hoyre.no","item":"https:\/\/hoyre.no"},{"@type":"ListItem","position":2,"name":"Hjem","item":"https:\/\/hoyre.no\/haegebostad\/"},{"@type":"ListItem","position":3,"name":"Politikk"}]},{"@type":"WebSite","@id":"https:\/\/hoyre.no\/haegebostad\/#website","url":"https:\/\/hoyre.no\/haegebostad\/","name":"H\u00e6gebostad H\u00f8yre","description":"Bare enda et H\u00f8yres nettsteder-nettsted","inLanguage":"nn-NO"}]}},"distributor_meta":false,"distributor_terms":false,"distributor_media":false,"distributor_original_site_name":"H\u00e6gebostad H\u00f8yre","distributor_original_site_url":"https:\/\/hoyre.no\/haegebostad","push-errors":false,"_links":{"self":[{"href":"https:\/\/hoyre.no\/haegebostad\/wp-json\/wp\/v2\/pages\/31","targetHints":{"allow":["GET"]}}],"collection":[{"href":"https:\/\/hoyre.no\/haegebostad\/wp-json\/wp\/v2\/pages"}],"about":[{"href":"https:\/\/hoyre.no\/haegebostad\/wp-json\/wp\/v2\/types\/page"}],"author":[{"embeddable":true,"href":"https:\/\/hoyre.no\/haegebostad\/wp-json\/wp\/v2\/users\/347"}],"replies":[{"embeddable":true,"href":"https:\/\/hoyre.no\/haegebostad\/wp-json\/wp\/v2\/comments?post=31"}],"version-history":[{"count":3,"href":"https:\/\/hoyre.no\/haegebostad\/wp-json\/wp\/v2\/pages\/31\/revisions"}],"predecessor-version":[{"id":38,"href":"https:\/\/hoyre.no\/haegebostad\/wp-json\/wp\/v2\/pages\/31\/revisions\/38"}],"wp:attachment":[{"href":"https:\/\/hoyre.no\/haegebostad\/wp-json\/wp\/v2\/media?parent=31"}],"curies":[{"name":"wp","href":"https:\/\/api.w.org\/{rel}","templated":true}]}}