{"id":177,"date":"2022-08-10T13:50:25","date_gmt":"2022-08-10T11:50:25","guid":{"rendered":"https:\/\/hoyre.no\/halden\/?page_id=177"},"modified":"2022-11-08T21:22:26","modified_gmt":"2022-11-08T20:22:26","slug":"fredrik-holm-var-ordforerkandidat-2","status":"publish","type":"page","link":"https:\/\/hoyre.no\/halden\/fredrik-holm-var-ordforerkandidat-2\/","title":{"rendered":"Fredrik Holm &#8211; v\u00e5r ordf\u00f8rerkandidat"},"content":{"rendered":"\n<div class=\"wp-block-hoyre-hero with-image-gradient text-color-light  has-media alignfull has-background\"><div class=\"hoyre-hero has-image\"><h1 class=\"title\">Fredrik Holm &#8211; ordf\u00f8rerkandidat<\/h1><p class=\"preamble\">Hvorfor du skal gi H\u00f8yre og meg din stemme i Halden kommune<\/p>\t\t\t<div class=\"post-meta wp-block teft-byline-wrapper\">\n\t\t\t\t<div class=\"top\">\n\t\t\t\t\t<div class=\"signature\">\n\t\t\t\t\t\t<div class=\"teft-byline\">\n\t\t\t\t\t\t\t\t\t\t\t\t\t\t<div>\n\t\t\t\t\t\t\t\t<h3>H\u00f8yres redaksjon<\/h3>\t\t\t\t\t\t\t\t\n\t\t\t\t\t\t\t\t\t\t\t\t\t\t\t\t\t<span class=\"date\">Sist oppdatert: 8. november 2022<\/span>\n\t\t\t\t\t\t\t\t\t\t\t\t\t\t\t\t\t\t\t\t\t\t\t\t\t<span class=\"reading-time\" itemprop=\"timeRequired\" content=\"PT2M\"><em>Ca. 2 minutter lesetid<\/em><\/span>\n\t\t\t\t\t\t\t\t\t\t\t\t\t\t\t<\/div>\n\t\t\t\t\t\t<\/div>\n\t\t\t\t\t<\/div>\n\t\t\t\t\t\t<div class=\"sharing\">\n\t\t<a class=\"share-button share-link copy-link\" data-copy=\"https:\/\/hoyre.no\/halden\/fredrik-holm-var-ordforerkandidat-2\/\" target=\"_blank\"><span class=\"screen-reader-text\">Del link<\/span><\/a>\n\t\t<a class=\"share-button share-twitter\" href=\"http:\/\/twitter.com\/share?text=Fredrik Holm &#8211; v\u00e5r ordf\u00f8rerkandidat&#038;url=https:\/\/hoyre.no\/halden\/fredrik-holm-var-ordforerkandidat-2\/&#038;hashtags=Hoyre\" target=\"_blank\"><span class=\"screen-reader-text\">Del p\u00e5 twitter<\/span><\/a>\n\t\t<a class=\"share-button share-facebook\" href=\"https:\/\/www.facebook.com\/sharer\/sharer.php?u=https:\/\/hoyre.no\/halden\/fredrik-holm-var-ordforerkandidat-2\/\" target=\"_blank\"><span class=\"screen-reader-text\">Del p\u00e5 facebook<\/span><\/a>\n\t<\/div>\n\t\t\t\t\t<\/div>\n\t\t\t<\/div>\n\n\t\t\t<figure class=\"hoyre-image-wrapper\"><div class=\"hoyre-image\"><img loading=\"lazy\" decoding=\"async\" width=\"2500\" height=\"1667\" src=\"https:\/\/hoyre.no\/content\/uploads\/sites\/191\/2022\/07\/Fredrik-Holm-foto-Hans-Kristian-Thorbjornsen-2566-scaled.jpg\" class=\"attachment-scaled size-scaled\" alt=\"\" style=\"object-position: 56.99999999999999% 24%\" srcset=\"https:\/\/hoyre.no\/content\/uploads\/sites\/191\/2022\/07\/Fredrik-Holm-foto-Hans-Kristian-Thorbjornsen-2566-scaled.jpg 2500w, https:\/\/hoyre.no\/content\/uploads\/sites\/191\/2022\/07\/Fredrik-Holm-foto-Hans-Kristian-Thorbjornsen-2566-300x200.jpg 300w, https:\/\/hoyre.no\/content\/uploads\/sites\/191\/2022\/07\/Fredrik-Holm-foto-Hans-Kristian-Thorbjornsen-2566-1024x683.jpg 1024w, https:\/\/hoyre.no\/content\/uploads\/sites\/191\/2022\/07\/Fredrik-Holm-foto-Hans-Kristian-Thorbjornsen-2566-768x512.jpg 768w, https:\/\/hoyre.no\/content\/uploads\/sites\/191\/2022\/07\/Fredrik-Holm-foto-Hans-Kristian-Thorbjornsen-2566-1536x1024.jpg 1536w, https:\/\/hoyre.no\/content\/uploads\/sites\/191\/2022\/07\/Fredrik-Holm-foto-Hans-Kristian-Thorbjornsen-2566-2048x1365.jpg 2048w\" sizes=\"auto, (max-width: 2500px) 100vw, 2500px\" \/><\/div><\/figure><\/div><\/div>\n\n\n\n\n<div class=\"wp-block-buttons is-layout-flex wp-block-buttons-is-layout-flex\">\n<div class=\"wp-block-button\"><a class=\"wp-block-button__link\" href=\"https:\/\/hoyre.no\/nyhetsbrev\/\">ABBONER P\u00c5 H\u00d8YRES NYHETSBREV<\/a><\/div>\n\n\n\n<div class=\"wp-block-button\"><a class=\"wp-block-button__link\" href=\"https:\/\/hoyre.no\/personprofiler\/fredrik-holm\/\">KOM I KONTAKT MED FREDRIK<\/a><\/div>\n\n\n\n<div class=\"wp-block-button\"><a class=\"wp-block-button__link\" href=\"https:\/\/www.facebook.com\/haldenhoyre\">F\u00d8LG HALDEN H\u00d8YRE P\u00c5 FACEBOOK<\/a><\/div>\n<\/div>\n\n\n\n<div class=\"wp-block-hoyre-banner undefined has-icon-title icon-heart\"><div class=\"banner-inner\"><div class=\"banner-content\"><div class=\"entry-content\">\n<h2 class=\"has-text-align-center wp-block-heading\">Bli bedre kjent med Fredrik!<\/h2>\n\n\n\n<p class=\"has-text-align-left\"><strong>Alder:<\/strong> 37 \u00e5r<\/p>\n\n\n\n<p class=\"has-text-align-left\"><strong>Bosted:<\/strong> Busterudkleiva<\/p>\n\n\n\n<p class=\"has-text-align-left\"><strong>Jobb:<\/strong> Halden kommunale kompetansesenter <\/p>\n\n\n\n<p class=\"has-text-align-left\"><strong>Bakgrunn:<\/strong> Studier og arbeid i utlandet, yrkeserfaring fra industri og skoleverket<\/p>\n\n\n\n<p class=\"has-text-align-left\"><\/p>\n\n\n\n<div class=\"wp-block-buttons is-layout-flex wp-block-buttons-is-layout-flex\"><\/div>\n<\/div><\/div><\/div><\/div>\n\n\n\n<figure class=\"wp-block-teft-gallery columns-3 count-4 rows-2 is-cropped\"><ul class=\"teft-gallery-grid\"><li class=\"teft-gallery-item \"><figure><a href=\"https:\/\/hoyre.no\/content\/uploads\/sites\/191\/2022\/05\/12HEL_01-05-IMG_96371.jpg\" data-size=\"2000x1333\"><img loading=\"lazy\" decoding=\"async\" width=\"1024\" height=\"682\" src=\"https:\/\/hoyre.no\/content\/uploads\/sites\/191\/2022\/05\/12HEL_01-05-IMG_96371-1024x682.jpg\" class=\"attachment-large size-large\" alt=\"Foto: Halden Arbeiderblad\" srcset=\"https:\/\/hoyre.no\/content\/uploads\/sites\/191\/2022\/05\/12HEL_01-05-IMG_96371-1024x682.jpg 1024w, https:\/\/hoyre.no\/content\/uploads\/sites\/191\/2022\/05\/12HEL_01-05-IMG_96371-300x200.jpg 300w, https:\/\/hoyre.no\/content\/uploads\/sites\/191\/2022\/05\/12HEL_01-05-IMG_96371-768x512.jpg 768w, https:\/\/hoyre.no\/content\/uploads\/sites\/191\/2022\/05\/12HEL_01-05-IMG_96371-1536x1024.jpg 1536w, https:\/\/hoyre.no\/content\/uploads\/sites\/191\/2022\/05\/12HEL_01-05-IMG_96371.jpg 2000w\" sizes=\"auto, (max-width: 1024px) 100vw, 1024px\" \/ data-full-url=\"https:\/\/hoyre.no\/content\/uploads\/sites\/191\/2022\/05\/12HEL_01-05-IMG_96371.jpg\" data-id=\"107\" data-caption=\"107\"\/><\/a><\/figure><\/li><li class=\"teft-gallery-item \"><figure><a href=\"https:\/\/hoyre.no\/content\/uploads\/sites\/191\/2022\/05\/126806059_1558036557702622_7073683324244471144_n-1.jpg\" data-size=\"640x960\"><img loading=\"lazy\" decoding=\"async\" width=\"640\" height=\"960\" src=\"https:\/\/hoyre.no\/content\/uploads\/sites\/191\/2022\/05\/126806059_1558036557702622_7073683324244471144_n-1.jpg\" class=\"attachment-large size-large\" alt=\"\" srcset=\"https:\/\/hoyre.no\/content\/uploads\/sites\/191\/2022\/05\/126806059_1558036557702622_7073683324244471144_n-1.jpg 640w, https:\/\/hoyre.no\/content\/uploads\/sites\/191\/2022\/05\/126806059_1558036557702622_7073683324244471144_n-1-200x300.jpg 200w\" sizes=\"auto, (max-width: 640px) 100vw, 640px\" \/ data-full-url=\"https:\/\/hoyre.no\/content\/uploads\/sites\/191\/2022\/05\/126806059_1558036557702622_7073683324244471144_n-1.jpg\" data-id=\"77\" data-caption=\"77\"\/><\/a><\/figure><\/li><li class=\"teft-gallery-item \"><figure><a href=\"https:\/\/hoyre.no\/content\/uploads\/sites\/191\/2022\/05\/239497292_199871732116788_3790141259382516298_n.jpg\" data-size=\"960x720\"><img loading=\"lazy\" decoding=\"async\" width=\"960\" height=\"720\" src=\"https:\/\/hoyre.no\/content\/uploads\/sites\/191\/2022\/05\/239497292_199871732116788_3790141259382516298_n.jpg\" class=\"attachment-large size-large\" alt=\"\" srcset=\"https:\/\/hoyre.no\/content\/uploads\/sites\/191\/2022\/05\/239497292_199871732116788_3790141259382516298_n.jpg 960w, https:\/\/hoyre.no\/content\/uploads\/sites\/191\/2022\/05\/239497292_199871732116788_3790141259382516298_n-300x225.jpg 300w, https:\/\/hoyre.no\/content\/uploads\/sites\/191\/2022\/05\/239497292_199871732116788_3790141259382516298_n-768x576.jpg 768w\" sizes=\"auto, (max-width: 960px) 100vw, 960px\" \/ data-full-url=\"https:\/\/hoyre.no\/content\/uploads\/sites\/191\/2022\/05\/239497292_199871732116788_3790141259382516298_n.jpg\" data-id=\"86\" data-caption=\"86\"\/><\/a><\/figure><\/li><li class=\"teft-gallery-item \"><figure><a href=\"https:\/\/hoyre.no\/content\/uploads\/sites\/191\/2022\/05\/240827710_1753408174832125_831930532007585264_n.jpg\" data-size=\"960x720\"><img loading=\"lazy\" decoding=\"async\" width=\"960\" height=\"720\" src=\"https:\/\/hoyre.no\/content\/uploads\/sites\/191\/2022\/05\/240827710_1753408174832125_831930532007585264_n.jpg\" class=\"attachment-large size-large\" alt=\"\" srcset=\"https:\/\/hoyre.no\/content\/uploads\/sites\/191\/2022\/05\/240827710_1753408174832125_831930532007585264_n.jpg 960w, https:\/\/hoyre.no\/content\/uploads\/sites\/191\/2022\/05\/240827710_1753408174832125_831930532007585264_n-300x225.jpg 300w, https:\/\/hoyre.no\/content\/uploads\/sites\/191\/2022\/05\/240827710_1753408174832125_831930532007585264_n-768x576.jpg 768w\" sizes=\"auto, (max-width: 960px) 100vw, 960px\" \/ data-full-url=\"https:\/\/hoyre.no\/content\/uploads\/sites\/191\/2022\/05\/240827710_1753408174832125_831930532007585264_n.jpg\" data-id=\"32\" data-caption=\"32\"\/><\/a><\/figure><\/li><\/ul><\/figure>\n\n\n\n<h2 class=\"has-text-align-center wp-block-heading\">Fredriks hjertesak<\/h2>\n\n\n\n<p><strong><strong>Et samfunn med plass til alle<\/strong><\/strong><\/p>\n\n\n\n<p>Jeg vil jobbe for n\u00e6ringslivet i Halden \u2013 det trengs trygge og l\u00f8nnsomme arbeidsplasser og rammevilk\u00e5r som gir forutsigbarhet og tilgang til markeder.<\/p>\n\n\n\n<p>\u00c5 ha en jobb og g\u00e5 til er det viktigste \u00abv\u00e5penet\u00bb mot barnefattigdom og utenforskap \u2013 og veien til god integrering p\u00e5 alle samfunnsplan.<\/p>\n\n\n\n<p>H\u00f8yres slagord \u00abSkape mer og inkludere flere\u00bb, er selve kjernen i hvorfor jeg driver med politikk. Alle folk er like verdifulle, uansett bakgrunn, etnisitet og legning. Jeg vil jobbe for et samfunn med plass til alle, der flere fullf\u00f8rer skolen og kan ta del i arbeidslivet og skape verdier, og ikke minst \u00e5 gi dem som har falt utenfor en vei tilbake.<\/p>\n\n\n\n<section class=\"wp-block-hoyre-branch-contact-person alignwide\">\n\t<div class=\"block-inner\">\n\t\t\n<div class=\"politician-info-wrapper\">\n\t<div class=\"politician-image-wrapper\">\n\t\t<div class=\"politician-image\">\n\t\t\t\t\t\t\t\t\t\t\t<a href=\"https:\/\/res.cloudinary.com\/hoyre\/image\/upload\/g_face:center,d_defaultprofileimg3.jpg,fl_lossy,f_auto\/v200902\/50158542.jpg\">\n\t\t\t\t\t<img decoding=\"async\" src=\"https:\/\/res.cloudinary.com\/hoyre\/image\/upload\/c_thumb,g_face:center,h_500,w_500,d_defaultprofileimg3.jpg,fl_lossy,f_auto\/w_500\/v20230420\/50158542.jpg\" alt=\"Profilbilde\" style=\"object-position: 50% 50%\" \/>\n\t\t\t\t<\/a>\n\t\t\t\t\t<\/div>\n\t\t\t<\/div>\n\t<div class=\"politician-details\">\n\t\t\t\t\t<h1 class=\"politician-name\"><a href=\"https:\/\/hoyre.no\/personprofiler\/fredrik-holm\/\">Fredrik Holm<\/a><\/h1>\n\t\t\t\t\t\t\t\t<h2 class=\"politician-title\">Ordf\u00f8rer Halden<\/h2>\n\t\t\t\t\t<\/div>\n<\/div>\n\t<\/div>\n<\/section>\n\n\n\n<h2 class=\"wp-block-heading\">Pressebilder<\/h2>\n\n\n\n<figure class=\"wp-block-embed is-type-rich is-provider-flickr wp-block-embed-flickr\"><div class=\"wp-block-embed__wrapper\">\n<a data-flickr-embed='true' href='https:\/\/www.flickr.com\/photos\/hoyre\/albums\/72177720300318860' title='Fredrik Holm by H\u00f8yre, on Flickr'><img src='https:\/\/live.staticflickr.com\/65535\/52194400612_542a156c69.jpg' width='800' height='600' alt='Fredrik Holm - foto Hans Kristian Thorbj\u00f8rnsen-2408'><\/a><script async src='https:\/\/embedr.flickr.com\/assets\/client-code.js' charset='utf-8'><\/script>\n<\/div><figcaption>Pressebilder<\/figcaption><\/figure>\n\n","protected":false},"excerpt":{"rendered":"","protected":false},"author":31684,"featured_media":0,"parent":0,"menu_order":0,"comment_status":"closed","ping_status":"closed","template":"","meta":{"teft_cards_image_url":"","teft_cards_custom_pretitle":"","teft_cards_image_id":160,"teft_cards_image_focal_point_x":0.5,"teft_cards_image_focal_point_y":0.5,"teft_cards_title":"","teft_cards_excerpt":"","teft_show_chapters":false,"footnotes":""},"class_list":["post-177","page","type-page","status-publish","hentry"],"yoast_head":"<!-- This site is optimized with the Yoast SEO plugin v26.6 - https:\/\/yoast.com\/wordpress\/plugins\/seo\/ -->\n<title>Fredrik Holm - v\u00e5r ordf\u00f8rerkandidat - Halden H\u00f8yre<\/title>\n<meta name=\"robots\" content=\"index, follow, max-snippet:-1, max-image-preview:large, max-video-preview:-1\" \/>\n<link rel=\"canonical\" href=\"https:\/\/hoyre.no\/halden\/fredrik-holm-var-ordforerkandidat-2\/\" \/>\n<meta property=\"og:locale\" content=\"nb_NO\" \/>\n<meta property=\"og:type\" content=\"article\" \/>\n<meta property=\"og:title\" content=\"Fredrik Holm - v\u00e5r ordf\u00f8rerkandidat - Halden H\u00f8yre\" \/>\n<meta property=\"og:url\" content=\"https:\/\/hoyre.no\/halden\/fredrik-holm-var-ordforerkandidat-2\/\" \/>\n<meta property=\"og:site_name\" content=\"Halden H\u00f8yre\" \/>\n<meta property=\"article:modified_time\" content=\"2022-11-08T20:22:26+00:00\" \/>\n<meta property=\"og:image\" content=\"https:\/\/hoyre.no\/content\/uploads\/sites\/191\/2022\/07\/Fredrik-Holm-foto-Hans-Kristian-Thorbjornsen-2566-1024x683.jpg\" \/>\n<meta name=\"twitter:card\" content=\"summary_large_image\" \/>\n<meta name=\"twitter:label1\" content=\"Ansl. lesetid\" \/>\n\t<meta name=\"twitter:data1\" content=\"2 minutter\" \/>\n<script type=\"application\/ld+json\" class=\"yoast-schema-graph\">{\"@context\":\"https:\/\/schema.org\",\"@graph\":[{\"@type\":\"WebPage\",\"@id\":\"https:\/\/hoyre.no\/halden\/fredrik-holm-var-ordforerkandidat-2\/\",\"url\":\"https:\/\/hoyre.no\/halden\/fredrik-holm-var-ordforerkandidat-2\/\",\"name\":\"Fredrik Holm - v\u00e5r ordf\u00f8rerkandidat - Halden H\u00f8yre\",\"isPartOf\":{\"@id\":\"https:\/\/hoyre.no\/halden\/#website\"},\"datePublished\":\"2022-08-10T11:50:25+00:00\",\"dateModified\":\"2022-11-08T20:22:26+00:00\",\"breadcrumb\":{\"@id\":\"https:\/\/hoyre.no\/halden\/fredrik-holm-var-ordforerkandidat-2\/#breadcrumb\"},\"inLanguage\":\"nb-NO\",\"potentialAction\":[{\"@type\":\"ReadAction\",\"target\":[\"https:\/\/hoyre.no\/halden\/fredrik-holm-var-ordforerkandidat-2\/\"]}]},{\"@type\":\"BreadcrumbList\",\"@id\":\"https:\/\/hoyre.no\/halden\/fredrik-holm-var-ordforerkandidat-2\/#breadcrumb\",\"itemListElement\":[{\"@type\":\"ListItem\",\"position\":1,\"name\":\"Til hoyre.no\",\"item\":\"https:\/\/hoyre.no\"},{\"@type\":\"ListItem\",\"position\":2,\"name\":\"Hjem\",\"item\":\"https:\/\/hoyre.no\/halden\/\"},{\"@type\":\"ListItem\",\"position\":3,\"name\":\"Fredrik Holm &#8211; v\u00e5r ordf\u00f8rerkandidat\"}]},{\"@type\":\"WebSite\",\"@id\":\"https:\/\/hoyre.no\/halden\/#website\",\"url\":\"https:\/\/hoyre.no\/halden\/\",\"name\":\"Halden H\u00f8yre\",\"description\":\"Bare enda et H\u00f8yres nettsteder-nettsted\",\"inLanguage\":\"nb-NO\"}]}<\/script>\n<!-- \/ Yoast SEO plugin. -->","yoast_head_json":{"title":"Fredrik Holm - v\u00e5r ordf\u00f8rerkandidat - Halden H\u00f8yre","robots":{"index":"index","follow":"follow","max-snippet":"max-snippet:-1","max-image-preview":"max-image-preview:large","max-video-preview":"max-video-preview:-1"},"canonical":"https:\/\/hoyre.no\/halden\/fredrik-holm-var-ordforerkandidat-2\/","og_locale":"nb_NO","og_type":"article","og_title":"Fredrik Holm - v\u00e5r ordf\u00f8rerkandidat - Halden H\u00f8yre","og_url":"https:\/\/hoyre.no\/halden\/fredrik-holm-var-ordforerkandidat-2\/","og_site_name":"Halden H\u00f8yre","article_modified_time":"2022-11-08T20:22:26+00:00","og_image":[{"url":"https:\/\/hoyre.no\/content\/uploads\/sites\/191\/2022\/07\/Fredrik-Holm-foto-Hans-Kristian-Thorbjornsen-2566-1024x683.jpg","width":"","height":"","type":""}],"twitter_card":"summary_large_image","twitter_misc":{"Ansl. lesetid":"2 minutter"},"schema":{"@context":"https:\/\/schema.org","@graph":[{"@type":"WebPage","@id":"https:\/\/hoyre.no\/halden\/fredrik-holm-var-ordforerkandidat-2\/","url":"https:\/\/hoyre.no\/halden\/fredrik-holm-var-ordforerkandidat-2\/","name":"Fredrik Holm - v\u00e5r ordf\u00f8rerkandidat - Halden H\u00f8yre","isPartOf":{"@id":"https:\/\/hoyre.no\/halden\/#website"},"datePublished":"2022-08-10T11:50:25+00:00","dateModified":"2022-11-08T20:22:26+00:00","breadcrumb":{"@id":"https:\/\/hoyre.no\/halden\/fredrik-holm-var-ordforerkandidat-2\/#breadcrumb"},"inLanguage":"nb-NO","potentialAction":[{"@type":"ReadAction","target":["https:\/\/hoyre.no\/halden\/fredrik-holm-var-ordforerkandidat-2\/"]}]},{"@type":"BreadcrumbList","@id":"https:\/\/hoyre.no\/halden\/fredrik-holm-var-ordforerkandidat-2\/#breadcrumb","itemListElement":[{"@type":"ListItem","position":1,"name":"Til hoyre.no","item":"https:\/\/hoyre.no"},{"@type":"ListItem","position":2,"name":"Hjem","item":"https:\/\/hoyre.no\/halden\/"},{"@type":"ListItem","position":3,"name":"Fredrik Holm &#8211; v\u00e5r ordf\u00f8rerkandidat"}]},{"@type":"WebSite","@id":"https:\/\/hoyre.no\/halden\/#website","url":"https:\/\/hoyre.no\/halden\/","name":"Halden H\u00f8yre","description":"Bare enda et H\u00f8yres nettsteder-nettsted","inLanguage":"nb-NO"}]}},"distributor_meta":false,"distributor_terms":false,"distributor_media":false,"distributor_original_site_name":"Halden H\u00f8yre","distributor_original_site_url":"https:\/\/hoyre.no\/halden","push-errors":false,"_links":{"self":[{"href":"https:\/\/hoyre.no\/halden\/wp-json\/wp\/v2\/pages\/177","targetHints":{"allow":["GET"]}}],"collection":[{"href":"https:\/\/hoyre.no\/halden\/wp-json\/wp\/v2\/pages"}],"about":[{"href":"https:\/\/hoyre.no\/halden\/wp-json\/wp\/v2\/types\/page"}],"author":[{"embeddable":true,"href":"https:\/\/hoyre.no\/halden\/wp-json\/wp\/v2\/users\/31684"}],"replies":[{"embeddable":true,"href":"https:\/\/hoyre.no\/halden\/wp-json\/wp\/v2\/comments?post=177"}],"version-history":[{"count":10,"href":"https:\/\/hoyre.no\/halden\/wp-json\/wp\/v2\/pages\/177\/revisions"}],"predecessor-version":[{"id":221,"href":"https:\/\/hoyre.no\/halden\/wp-json\/wp\/v2\/pages\/177\/revisions\/221"}],"wp:attachment":[{"href":"https:\/\/hoyre.no\/halden\/wp-json\/wp\/v2\/media?parent=177"}],"curies":[{"name":"wp","href":"https:\/\/api.w.org\/{rel}","templated":true}]}}