{"id":53,"date":"2022-05-19T10:51:48","date_gmt":"2022-05-19T08:51:48","guid":{"rendered":"https:\/\/hoyre.no\/halden\/?page_id=53"},"modified":"2025-02-18T16:38:07","modified_gmt":"2025-02-18T15:38:07","slug":"fredrik-holm-var-ordforerkandidat","status":"publish","type":"page","link":"https:\/\/hoyre.no\/halden\/fredrik-holm-var-ordforerkandidat\/","title":{"rendered":"Fredrik Holm &#8211; v\u00e5r ordf\u00f8rerkandidat"},"content":{"rendered":"\n<div class=\"wp-block-hoyre-hero with-image-gradient text-color-light  has-media alignfull has-background\"><div class=\"hoyre-hero has-image\"><h1 class=\"title\">Fredrik Holm &#8211; ordf\u00f8rer<\/h1><figure class=\"hoyre-image-wrapper\"><div class=\"hoyre-image\"><img loading=\"lazy\" decoding=\"async\" width=\"2500\" height=\"1667\" src=\"https:\/\/hoyre.no\/content\/uploads\/sites\/191\/2022\/07\/Fredrik-Holm-foto-Hans-Kristian-Thorbjornsen-2566-scaled.jpg\" class=\"attachment-scaled size-scaled\" alt=\"\" style=\"object-position: 55.00000000000001% 18%\" srcset=\"https:\/\/hoyre.no\/content\/uploads\/sites\/191\/2022\/07\/Fredrik-Holm-foto-Hans-Kristian-Thorbjornsen-2566-scaled.jpg 2500w, https:\/\/hoyre.no\/content\/uploads\/sites\/191\/2022\/07\/Fredrik-Holm-foto-Hans-Kristian-Thorbjornsen-2566-300x200.jpg 300w, https:\/\/hoyre.no\/content\/uploads\/sites\/191\/2022\/07\/Fredrik-Holm-foto-Hans-Kristian-Thorbjornsen-2566-1024x683.jpg 1024w, https:\/\/hoyre.no\/content\/uploads\/sites\/191\/2022\/07\/Fredrik-Holm-foto-Hans-Kristian-Thorbjornsen-2566-768x512.jpg 768w, https:\/\/hoyre.no\/content\/uploads\/sites\/191\/2022\/07\/Fredrik-Holm-foto-Hans-Kristian-Thorbjornsen-2566-1536x1024.jpg 1536w, https:\/\/hoyre.no\/content\/uploads\/sites\/191\/2022\/07\/Fredrik-Holm-foto-Hans-Kristian-Thorbjornsen-2566-2048x1365.jpg 2048w\" sizes=\"auto, (max-width: 2500px) 100vw, 2500px\" \/><\/div><\/figure><\/div><\/div>\n\n\n\n\n<div class=\"wp-block-buttons is-content-justification-center is-layout-flex wp-container-core-buttons-is-layout-16018d1d wp-block-buttons-is-layout-flex\">\n<div class=\"wp-block-button\"><a class=\"wp-block-button__link wp-element-button\" href=\"https:\/\/hoyre.no\/personprofiler\/fredrik-holm\/\">KOM i kontakt med fredrik<\/a><\/div>\n\n\n\n<div class=\"wp-block-button\"><a class=\"wp-block-button__link wp-element-button\" href=\"https:\/\/www.facebook.com\/haldenhoyre\">F\u00d8LG HALDEN H\u00d8YRE P\u00c5 FACEBOOK<\/a><\/div>\n<\/div>\n\n\n\n<figure class=\"wp-block-teft-gallery columns-2 count-2 rows-2 is-cropped is-style-grid\"><ul class=\"teft-gallery-grid\"><li class=\"teft-gallery-item \"><figure><a href=\"https:\/\/hoyre.no\/content\/uploads\/sites\/191\/2022\/05\/239497292_199871732116788_3790141259382516298_n.jpg\" data-size=\"960x720\"><img loading=\"lazy\" decoding=\"async\" width=\"960\" height=\"720\" src=\"https:\/\/hoyre.no\/content\/uploads\/sites\/191\/2022\/05\/239497292_199871732116788_3790141259382516298_n.jpg\" class=\"attachment-large size-large\" alt=\"\" srcset=\"https:\/\/hoyre.no\/content\/uploads\/sites\/191\/2022\/05\/239497292_199871732116788_3790141259382516298_n.jpg 960w, https:\/\/hoyre.no\/content\/uploads\/sites\/191\/2022\/05\/239497292_199871732116788_3790141259382516298_n-300x225.jpg 300w, https:\/\/hoyre.no\/content\/uploads\/sites\/191\/2022\/05\/239497292_199871732116788_3790141259382516298_n-768x576.jpg 768w\" sizes=\"auto, (max-width: 960px) 100vw, 960px\" \/ data-full-url=\"https:\/\/hoyre.no\/content\/uploads\/sites\/191\/2022\/05\/239497292_199871732116788_3790141259382516298_n.jpg\" data-id=\"86\" data-caption=\"86\"\/><\/a><\/figure><\/li><li class=\"teft-gallery-item \"><figure><a href=\"https:\/\/hoyre.no\/content\/uploads\/sites\/191\/2022\/05\/239383749_202204381883523_8292299960980534090_n.jpg\" data-size=\"960x720\"><img loading=\"lazy\" decoding=\"async\" width=\"960\" height=\"720\" src=\"https:\/\/hoyre.no\/content\/uploads\/sites\/191\/2022\/05\/239383749_202204381883523_8292299960980534090_n.jpg\" class=\"attachment-large size-large\" alt=\"\" srcset=\"https:\/\/hoyre.no\/content\/uploads\/sites\/191\/2022\/05\/239383749_202204381883523_8292299960980534090_n.jpg 960w, https:\/\/hoyre.no\/content\/uploads\/sites\/191\/2022\/05\/239383749_202204381883523_8292299960980534090_n-300x225.jpg 300w, https:\/\/hoyre.no\/content\/uploads\/sites\/191\/2022\/05\/239383749_202204381883523_8292299960980534090_n-768x576.jpg 768w\" sizes=\"auto, (max-width: 960px) 100vw, 960px\" \/ data-full-url=\"https:\/\/hoyre.no\/content\/uploads\/sites\/191\/2022\/05\/239383749_202204381883523_8292299960980534090_n.jpg\" data-id=\"85\" data-caption=\"85\"\/><\/a><\/figure><\/li><\/ul><\/figure>\n\n\n\n<p><strong>\u2013 Halden kan absolutt bli en bedre kommune \u00e5 bo, jobbe og leve i. Det har jeg og resten av Halden H\u00f8yre tenkt \u00e5 gj\u00f8re noe med. Vi m\u00e5 heller ikke glemme resten av \u00d8stfold, Norge og verden rundt oss.<\/strong><\/p>\n\n\n\n<div class=\"wp-block-hoyre-banner undefined has-icon-title icon-heart\"><div class=\"banner-inner\"><div class=\"banner-content\"><div class=\"entry-content\">\n<h2 class=\"wp-block-heading has-text-align-center\" id=\"h-bli-bedre-kjent-med-fredrik\">Bli bedre kjent med Fredrik!<\/h2>\n\n\n\n<p class=\"has-text-align-left\"><strong>Bosted:<\/strong> Hjortsbergveien<\/p>\n\n\n\n<p class=\"has-text-align-left\"><strong>Jobb:<\/strong> Halden kommunale kompetansesenter (tidligere jobbet som rektor p\u00e5 L\u00e5by skole, Rakkestad Ungdomsskole, Norske Skog Saugbrugs, EFCA i Tadsjikistan, Siste Reis Pub, Halden Arbeiderblad, Posten Norge<\/p>\n\n\n\n<p class=\"has-text-align-left\"><strong>Politikk:<\/strong> H\u00f8yres gruppeleder i Halden kommunestyre og vararepresentant nr. 1 p\u00e5 Stortinget for \u00d8stfold, 2021 &#8211; 2025<\/p>\n\n\n\n<p class=\"has-text-align-left\"><strong>Bakgrunn:<\/strong> Studier og arbeid i utlandet, yrkeserfaring fra industri og skoleverket<\/p>\n\n\n\n<p class=\"has-text-align-left\"><strong>Hvorfor meldte du deg inn i H\u00f8yre?<\/strong> For \u00e5 kunne v\u00e6re med \u00e5 p\u00e5virke samfunnsutviklingen i det partiet som jobber for mennesker og ikke ideologiske systemer.<\/p>\n\n\n\n<p class=\"has-text-align-left\"><strong>Hva er dine hjertesaker?<\/strong> Oppvekstpolitikk som favner bredere enn bare skole. En plass i arbeidslivet til alle som har m\u00e5ttet ta noen omveier eller ikke kan jobbe 100%. Internasjonalt forpliktende samarbeid.<\/p>\n\n\n\n<p class=\"has-text-align-left\"><strong>Hva spiser du n\u00e5r du skal kose deg skikkelig?<\/strong> Gris p\u00e5 grillen med forskjellige krydderblandinger og gode poteter.<\/p>\n\n\n\n<p class=\"has-text-align-left\"><strong>Har du et favorittlag?<\/strong> Leyton Orient!<\/p>\n\n\n\n<p class=\"has-text-align-left\"><strong>Hvilken musikk setter du p\u00e5 n\u00e5r du ber inn til fest?<\/strong> Offspring, Bad Religion, Raga Rockers og Hank Williams III, Th\u00e5str\u00f6m\/Imperiet.<\/p>\n\n\n\n<p class=\"has-text-align-left\"><strong>Har du en funfact om deg selv?<\/strong> Jeg vant Junior Jeopardy p\u00e5 TV da jeg var 12 \u00e5r.<\/p>\n\n\n\n<p class=\"has-text-align-left\"><strong style=\"color: var(--color-blue-200);font-size: var(--teft-typography-md);, sans-serif;letter-spacing: 0.02em\">Hva er ditt favorittsted a) i Halden og b) utenom Halden?<\/strong><span style=\"color: var(--color-blue-200);font-size: var(--teft-typography-md);, sans-serif;letter-spacing: 0.02em\"> \u2013 a) Siste Reis b) Familiehytta p\u00e5 Myking ved Nesbyen og vennehytta i N\u00f6ssemark<\/span>.<\/p>\n\n\n\n<div class=\"wp-block-buttons is-layout-flex wp-block-buttons-is-layout-flex\"><\/div>\n<\/div><\/div><\/div><\/div>\n\n\n\n<figure class=\"wp-block-teft-gallery columns-2 count-4 rows-2 is-cropped is-style-grid\"><ul class=\"teft-gallery-grid\"><li class=\"teft-gallery-item \"><figure><a href=\"https:\/\/hoyre.no\/content\/uploads\/sites\/191\/2022\/05\/277111581_1664851703854996_726761934618306800_n1.jpg\" data-size=\"1342x1342\"><img loading=\"lazy\" decoding=\"async\" width=\"1024\" height=\"1024\" src=\"https:\/\/hoyre.no\/content\/uploads\/sites\/191\/2022\/05\/277111581_1664851703854996_726761934618306800_n1-1024x1024.jpg\" class=\"attachment-large size-large\" alt=\"Foto: Halden Arbeiderblad\" srcset=\"https:\/\/hoyre.no\/content\/uploads\/sites\/191\/2022\/05\/277111581_1664851703854996_726761934618306800_n1-1024x1024.jpg 1024w, https:\/\/hoyre.no\/content\/uploads\/sites\/191\/2022\/05\/277111581_1664851703854996_726761934618306800_n1-300x300.jpg 300w, https:\/\/hoyre.no\/content\/uploads\/sites\/191\/2022\/05\/277111581_1664851703854996_726761934618306800_n1-150x150.jpg 150w, https:\/\/hoyre.no\/content\/uploads\/sites\/191\/2022\/05\/277111581_1664851703854996_726761934618306800_n1-768x768.jpg 768w, https:\/\/hoyre.no\/content\/uploads\/sites\/191\/2022\/05\/277111581_1664851703854996_726761934618306800_n1.jpg 1342w\" sizes=\"auto, (max-width: 1024px) 100vw, 1024px\" \/ data-full-url=\"https:\/\/hoyre.no\/content\/uploads\/sites\/191\/2022\/05\/277111581_1664851703854996_726761934618306800_n1.jpg\" data-id=\"100\" data-caption=\"100\"\/><\/a><\/figure><\/li><li class=\"teft-gallery-item \"><figure><a href=\"https:\/\/hoyre.no\/content\/uploads\/sites\/191\/2022\/05\/270465882_296764865801893_387460317489062505_n.jpg\" data-size=\"1365x2048\"><img loading=\"lazy\" decoding=\"async\" width=\"683\" height=\"1024\" src=\"https:\/\/hoyre.no\/content\/uploads\/sites\/191\/2022\/05\/270465882_296764865801893_387460317489062505_n-683x1024.jpg\" class=\"attachment-large size-large\" alt=\"\" srcset=\"https:\/\/hoyre.no\/content\/uploads\/sites\/191\/2022\/05\/270465882_296764865801893_387460317489062505_n-683x1024.jpg 683w, https:\/\/hoyre.no\/content\/uploads\/sites\/191\/2022\/05\/270465882_296764865801893_387460317489062505_n-200x300.jpg 200w, https:\/\/hoyre.no\/content\/uploads\/sites\/191\/2022\/05\/270465882_296764865801893_387460317489062505_n-768x1152.jpg 768w, https:\/\/hoyre.no\/content\/uploads\/sites\/191\/2022\/05\/270465882_296764865801893_387460317489062505_n-1024x1536.jpg 1024w, https:\/\/hoyre.no\/content\/uploads\/sites\/191\/2022\/05\/270465882_296764865801893_387460317489062505_n.jpg 1365w\" sizes=\"auto, (max-width: 683px) 100vw, 683px\" \/ data-full-url=\"https:\/\/hoyre.no\/content\/uploads\/sites\/191\/2022\/05\/270465882_296764865801893_387460317489062505_n.jpg\" data-id=\"79\" data-caption=\"79\"\/><\/a><\/figure><\/li><li class=\"teft-gallery-item \"><figure><a href=\"https:\/\/hoyre.no\/content\/uploads\/sites\/191\/2022\/05\/fredrik_valgkamp2021.jpg\" data-size=\"960x720\"><img loading=\"lazy\" decoding=\"async\" width=\"960\" height=\"720\" src=\"https:\/\/hoyre.no\/content\/uploads\/sites\/191\/2022\/05\/fredrik_valgkamp2021.jpg\" class=\"attachment-large size-large\" alt=\"\" srcset=\"https:\/\/hoyre.no\/content\/uploads\/sites\/191\/2022\/05\/fredrik_valgkamp2021.jpg 960w, https:\/\/hoyre.no\/content\/uploads\/sites\/191\/2022\/05\/fredrik_valgkamp2021-300x225.jpg 300w, https:\/\/hoyre.no\/content\/uploads\/sites\/191\/2022\/05\/fredrik_valgkamp2021-768x576.jpg 768w\" sizes=\"auto, (max-width: 960px) 100vw, 960px\" \/ data-full-url=\"https:\/\/hoyre.no\/content\/uploads\/sites\/191\/2022\/05\/fredrik_valgkamp2021.jpg\" data-id=\"72\" data-caption=\"72\"\/><\/a><\/figure><\/li><li class=\"teft-gallery-item \"><figure><a href=\"https:\/\/hoyre.no\/content\/uploads\/sites\/191\/2022\/05\/240827710_1753408174832125_831930532007585264_n.jpg\" data-size=\"960x720\"><img loading=\"lazy\" decoding=\"async\" width=\"960\" height=\"720\" src=\"https:\/\/hoyre.no\/content\/uploads\/sites\/191\/2022\/05\/240827710_1753408174832125_831930532007585264_n.jpg\" class=\"attachment-large size-large\" alt=\"\" srcset=\"https:\/\/hoyre.no\/content\/uploads\/sites\/191\/2022\/05\/240827710_1753408174832125_831930532007585264_n.jpg 960w, https:\/\/hoyre.no\/content\/uploads\/sites\/191\/2022\/05\/240827710_1753408174832125_831930532007585264_n-300x225.jpg 300w, https:\/\/hoyre.no\/content\/uploads\/sites\/191\/2022\/05\/240827710_1753408174832125_831930532007585264_n-768x576.jpg 768w\" sizes=\"auto, (max-width: 960px) 100vw, 960px\" \/ data-full-url=\"https:\/\/hoyre.no\/content\/uploads\/sites\/191\/2022\/05\/240827710_1753408174832125_831930532007585264_n.jpg\" data-id=\"32\" data-caption=\"32\"\/><\/a><\/figure><\/li><\/ul><\/figure>\n\n\n\n<p>Bakgrunnen min med studier og arbeid i utlandet, yrkeserfaringen fra industrien og skoleverket, b\u00e5de som l\u00e6rer og rektor har gitt meg god innsikt i samfunnslivet. Ikke minst en forst\u00e5else for hvordan det er \u00e5 v\u00e6re barn og vokse opp i \u00d8stfold gjennom daglig kontakt med elevene.<\/p>\n\n\n\n<p>Jeg vet hvor \u00abskoen trykker\u00bb i skoleverket, barneverntjenesten og andre hjelpeinstanser. Dette har jeg og resten av Halden H\u00f8yre mange ganger vist i praksis gjennom mange forslag som har blitt til god politikk.<\/p>\n\n\n\n<h2 class=\"wp-block-heading has-text-align-center\" id=\"h-fredriks-hjertesak\">Fredriks hjertesak<\/h2>\n\n\n\n<p>\ud83d\udc99 <strong>Et samfunn med plass til alle<\/strong><br>Jeg vil jobbe for n\u00e6ringslivet i Halden \u2013 det trengs trygge og l\u00f8nnsomme arbeidsplasser og rammevilk\u00e5r som gir forutsigbarhet og tilgang til markeder.<\/p>\n\n\n\n<p>H\u00f8yres slagord \u00abSkape mer og inkludere flere\u00bb, er selve kjernen i hvorfor jeg driver med politikk. Alle folk er like verdifulle, uansett bakgrunn, etnisitet og legning. Jeg vil jobbe for et samfunn med plass til alle, der flere fullf\u00f8rer skolen og kan ta del i arbeidslivet og skape verdier, og ikke minst \u00e5 gi dem som har falt utenfor en vei tilbake.<\/p>\n\n\n\n<p>\u00c5 ha en jobb og g\u00e5 til er det viktigste \u00abv\u00e5penet\u00bb mot barnefattigdom og utenforskap \u2013 og veien til god integrering p\u00e5 alle samfunnsplan.<br><br><strong>Stem p\u00e5 H\u00f8yre ved valget i 2023!<\/strong><\/p>\n\n\n\n<h2 class=\"wp-block-heading\" id=\"h-pressebilder\">Pressebilder<\/h2>\n\n\n\n<figure class=\"wp-block-embed is-type-rich is-provider-flickr wp-block-embed-flickr\"><div class=\"wp-block-embed__wrapper\">\n<a data-flickr-embed='true' href='https:\/\/www.flickr.com\/photos\/hoyre\/albums\/72177720300318860' title='Fredrik Holm by H\u00f8yre, on Flickr'><img src='https:\/\/live.staticflickr.com\/65535\/52194400612_542a156c69.jpg' width='800' height='600' alt='Fredrik Holm - foto Hans Kristian Thorbj\u00f8rnsen-2408'><\/a><script async src='https:\/\/embedr.flickr.com\/assets\/client-code.js' charset='utf-8'><\/script>\n<\/div><figcaption class=\"wp-element-caption\">Pressebilder<\/figcaption><\/figure>\n\n\n\n<div class=\"wp-block-teft-accentuated-link undefined has-image\"><div class=\"kf-link__wrapper\"><div class=\"kf-link__tagline\">se ogs\u00e5<\/div><a class=\"kf-link__link\" href=\"https:\/\/www.ha-halden.no\/hoyre-satser-pa-fredrik-jeg-er-sa-stolt\/s\/5-20-108592\" rel=\"noreferrer noopener\" target=\"_blank\">H\u00f8yre satser p\u00e5 Fredrik: \u2013 Jeg er s\u00e5 stolt!<span class=\"kf-link__link-source\">www.ha-halden.no<svg xmlns=\"http:\/\/www.w3.org\/2000\/svg\" viewBox=\"0 0 24 24\" width=\"10\" height=\"10\" aria-hidden=\"true\"><path d=\"M8.251 16.498a.752.752 0 0 1-.53-1.281l13.72-13.72h-4.939a.75.75 0 0 1 0-1.5h6.75a.735.735 0 0 1 .293.06.75.75 0 0 1 .4.404l.01.026a.73.73 0 0 1 .047.26v6.75a.75.75 0 0 1-1.5 0V2.559l-13.72 13.72a.75.75 0 0 1-.531.219z\"><\/path><path d=\"M2.251 23.998a2.252 2.252 0 0 1-2.25-2.25v-15a2.252 2.252 0 0 1 2.25-2.25h9a.75.75 0 0 1 0 1.5h-9a.75.75 0 0 0-.75.75v15c0 .414.336.75.75.75h15a.75.75 0 0 0 .75-.75v-9a.75.75 0 0 1 1.5 0v9a2.252 2.252 0 0 1-2.25 2.25h-15z\"><\/path><\/svg><\/span><\/a><\/div><figure class=\"hoyre-image-wrapper\"><div class=\"hoyre-image\"><img loading=\"lazy\" decoding=\"async\" width=\"2000\" height=\"1500\" src=\"https:\/\/hoyre.no\/content\/uploads\/sites\/191\/2022\/05\/IMG-07751-1.jpg\" class=\"attachment-scaled size-scaled\" alt=\"Foto: H\u00e5vard Tafjord\" style=\"object-position: 50% 50%\" srcset=\"https:\/\/hoyre.no\/content\/uploads\/sites\/191\/2022\/05\/IMG-07751-1.jpg 2000w, https:\/\/hoyre.no\/content\/uploads\/sites\/191\/2022\/05\/IMG-07751-1-300x225.jpg 300w, https:\/\/hoyre.no\/content\/uploads\/sites\/191\/2022\/05\/IMG-07751-1-1024x768.jpg 1024w, https:\/\/hoyre.no\/content\/uploads\/sites\/191\/2022\/05\/IMG-07751-1-768x576.jpg 768w, https:\/\/hoyre.no\/content\/uploads\/sites\/191\/2022\/05\/IMG-07751-1-1536x1152.jpg 1536w\" sizes=\"auto, (max-width: 2000px) 100vw, 2000px\" \/><\/div><\/figure><\/div>\n\n\n\n<div class=\"wp-block-teft-accentuated-link undefined has-image\"><div class=\"kf-link__wrapper\"><div class=\"kf-link__tagline\"><\/div><a class=\"kf-link__link\" href=\"https:\/\/www.ha-halden.no\/fredrik-36-jeg-ble-lagt-i-koma-i-kjelleren-pa-kaken-og-fraktet-til-oslo\/f\/5-20-1101520\" rel=\"noreferrer noopener\" target=\"_blank\">Fredrik: \u2013 Jeg ble lagt i koma i kjelleren p\u00e5 Kaken og fraktet til Oslo<span class=\"kf-link__link-source\">www.ha-halden.no<svg xmlns=\"http:\/\/www.w3.org\/2000\/svg\" viewBox=\"0 0 24 24\" width=\"10\" height=\"10\" aria-hidden=\"true\"><path d=\"M8.251 16.498a.752.752 0 0 1-.53-1.281l13.72-13.72h-4.939a.75.75 0 0 1 0-1.5h6.75a.735.735 0 0 1 .293.06.75.75 0 0 1 .4.404l.01.026a.73.73 0 0 1 .047.26v6.75a.75.75 0 0 1-1.5 0V2.559l-13.72 13.72a.75.75 0 0 1-.531.219z\"><\/path><path d=\"M2.251 23.998a2.252 2.252 0 0 1-2.25-2.25v-15a2.252 2.252 0 0 1 2.25-2.25h9a.75.75 0 0 1 0 1.5h-9a.75.75 0 0 0-.75.75v15c0 .414.336.75.75.75h15a.75.75 0 0 0 .75-.75v-9a.75.75 0 0 1 1.5 0v9a2.252 2.252 0 0 1-2.25 2.25h-15z\"><\/path><\/svg><\/span><\/a><\/div><figure class=\"hoyre-image-wrapper\"><div class=\"hoyre-image\"><img loading=\"lazy\" decoding=\"async\" width=\"1342\" height=\"1342\" src=\"https:\/\/hoyre.no\/content\/uploads\/sites\/191\/2022\/05\/277111581_1664851703854996_726761934618306800_n1.jpg\" class=\"attachment-scaled size-scaled\" alt=\"Foto: Halden Arbeiderblad\" style=\"object-position: 50% 50%\" srcset=\"https:\/\/hoyre.no\/content\/uploads\/sites\/191\/2022\/05\/277111581_1664851703854996_726761934618306800_n1.jpg 1342w, https:\/\/hoyre.no\/content\/uploads\/sites\/191\/2022\/05\/277111581_1664851703854996_726761934618306800_n1-300x300.jpg 300w, https:\/\/hoyre.no\/content\/uploads\/sites\/191\/2022\/05\/277111581_1664851703854996_726761934618306800_n1-1024x1024.jpg 1024w, https:\/\/hoyre.no\/content\/uploads\/sites\/191\/2022\/05\/277111581_1664851703854996_726761934618306800_n1-150x150.jpg 150w, https:\/\/hoyre.no\/content\/uploads\/sites\/191\/2022\/05\/277111581_1664851703854996_726761934618306800_n1-768x768.jpg 768w\" sizes=\"auto, (max-width: 1342px) 100vw, 1342px\" \/><\/div><\/figure><\/div>\n\n\n\n<div class=\"wp-block-teft-accentuated-link undefined has-image\"><div class=\"kf-link__wrapper\"><div class=\"kf-link__tagline\"><\/div><a class=\"kf-link__link\" href=\"https:\/\/www.ha-halden.no\/arbeidsulykken-formet-mitt-politiske-engasjement\/f\/5-20-1012267\" rel=\"noreferrer noopener\" target=\"_blank\">\u2013 Arbeidsulykken formet mitt politiske engasjement<span class=\"kf-link__link-source\">www.ha-halden.no<svg xmlns=\"http:\/\/www.w3.org\/2000\/svg\" viewBox=\"0 0 24 24\" width=\"10\" height=\"10\" aria-hidden=\"true\"><path d=\"M8.251 16.498a.752.752 0 0 1-.53-1.281l13.72-13.72h-4.939a.75.75 0 0 1 0-1.5h6.75a.735.735 0 0 1 .293.06.75.75 0 0 1 .4.404l.01.026a.73.73 0 0 1 .047.26v6.75a.75.75 0 0 1-1.5 0V2.559l-13.72 13.72a.75.75 0 0 1-.531.219z\"><\/path><path d=\"M2.251 23.998a2.252 2.252 0 0 1-2.25-2.25v-15a2.252 2.252 0 0 1 2.25-2.25h9a.75.75 0 0 1 0 1.5h-9a.75.75 0 0 0-.75.75v15c0 .414.336.75.75.75h15a.75.75 0 0 0 .75-.75v-9a.75.75 0 0 1 1.5 0v9a2.252 2.252 0 0 1-2.25 2.25h-15z\"><\/path><\/svg><\/span><\/a><\/div><figure class=\"hoyre-image-wrapper\"><div class=\"hoyre-image\"><img loading=\"lazy\" decoding=\"async\" width=\"2000\" height=\"1333\" src=\"https:\/\/hoyre.no\/content\/uploads\/sites\/191\/2022\/05\/12HEL_01-05-IMG_96371.jpg\" class=\"attachment-scaled size-scaled\" alt=\"Foto: Halden Arbeiderblad\" style=\"object-position: 50% 50%\" srcset=\"https:\/\/hoyre.no\/content\/uploads\/sites\/191\/2022\/05\/12HEL_01-05-IMG_96371.jpg 2000w, https:\/\/hoyre.no\/content\/uploads\/sites\/191\/2022\/05\/12HEL_01-05-IMG_96371-300x200.jpg 300w, https:\/\/hoyre.no\/content\/uploads\/sites\/191\/2022\/05\/12HEL_01-05-IMG_96371-1024x682.jpg 1024w, https:\/\/hoyre.no\/content\/uploads\/sites\/191\/2022\/05\/12HEL_01-05-IMG_96371-768x512.jpg 768w, https:\/\/hoyre.no\/content\/uploads\/sites\/191\/2022\/05\/12HEL_01-05-IMG_96371-1536x1024.jpg 1536w\" sizes=\"auto, (max-width: 2000px) 100vw, 2000px\" \/><\/div><\/figure><\/div>\n\n","protected":false},"excerpt":{"rendered":"","protected":false},"author":51320,"featured_media":0,"parent":0,"menu_order":0,"comment_status":"closed","ping_status":"closed","template":"","meta":{"teft_cards_image_url":"","teft_cards_custom_pretitle":"","teft_cards_image_id":32,"teft_cards_image_focal_point_x":0.51,"teft_cards_image_focal_point_y":0.21,"teft_cards_title":"","teft_cards_excerpt":"","teft_show_chapters":false,"footnotes":""},"class_list":["post-53","page","type-page","status-publish","hentry"],"yoast_head":"<!-- This site is optimized with the Yoast SEO plugin v26.6 - https:\/\/yoast.com\/wordpress\/plugins\/seo\/ -->\n<title>Fredrik Holm - v\u00e5r ordf\u00f8rerkandidat - Halden H\u00f8yre<\/title>\n<meta name=\"description\" content=\"Bli bedre kjent med H\u00f8yres ordf\u00f8rer i Halden, Fredrik Holm.\" \/>\n<meta name=\"robots\" content=\"index, follow, max-snippet:-1, max-image-preview:large, max-video-preview:-1\" \/>\n<link rel=\"canonical\" href=\"https:\/\/hoyre.no\/halden\/fredrik-holm-var-ordforerkandidat\/\" \/>\n<meta property=\"og:locale\" content=\"nb_NO\" \/>\n<meta property=\"og:type\" content=\"article\" \/>\n<meta property=\"og:title\" content=\"Fredrik Holm - v\u00e5r ordf\u00f8rerkandidat - Halden H\u00f8yre\" \/>\n<meta property=\"og:description\" content=\"Bli bedre kjent med H\u00f8yres ordf\u00f8rer i Halden, Fredrik Holm.\" \/>\n<meta property=\"og:url\" content=\"https:\/\/hoyre.no\/halden\/fredrik-holm-var-ordforerkandidat\/\" \/>\n<meta property=\"og:site_name\" content=\"Halden H\u00f8yre\" \/>\n<meta property=\"article:modified_time\" content=\"2025-02-18T15:38:07+00:00\" \/>\n<meta property=\"og:image\" content=\"https:\/\/hoyre.no\/content\/uploads\/sites\/191\/2022\/05\/240827710_1753408174832125_831930532007585264_n.jpg\" \/>\n<meta name=\"twitter:card\" content=\"summary_large_image\" \/>\n<meta name=\"twitter:label1\" content=\"Ansl. lesetid\" \/>\n\t<meta name=\"twitter:data1\" content=\"3 minutter\" \/>\n<script type=\"application\/ld+json\" class=\"yoast-schema-graph\">{\"@context\":\"https:\/\/schema.org\",\"@graph\":[{\"@type\":\"WebPage\",\"@id\":\"https:\/\/hoyre.no\/halden\/fredrik-holm-var-ordforerkandidat\/\",\"url\":\"https:\/\/hoyre.no\/halden\/fredrik-holm-var-ordforerkandidat\/\",\"name\":\"Fredrik Holm - v\u00e5r ordf\u00f8rerkandidat - Halden H\u00f8yre\",\"isPartOf\":{\"@id\":\"https:\/\/hoyre.no\/halden\/#website\"},\"datePublished\":\"2022-05-19T08:51:48+00:00\",\"dateModified\":\"2025-02-18T15:38:07+00:00\",\"description\":\"Bli bedre kjent med H\u00f8yres ordf\u00f8rer i Halden, Fredrik Holm.\",\"breadcrumb\":{\"@id\":\"https:\/\/hoyre.no\/halden\/fredrik-holm-var-ordforerkandidat\/#breadcrumb\"},\"inLanguage\":\"nb-NO\",\"potentialAction\":[{\"@type\":\"ReadAction\",\"target\":[\"https:\/\/hoyre.no\/halden\/fredrik-holm-var-ordforerkandidat\/\"]}]},{\"@type\":\"BreadcrumbList\",\"@id\":\"https:\/\/hoyre.no\/halden\/fredrik-holm-var-ordforerkandidat\/#breadcrumb\",\"itemListElement\":[{\"@type\":\"ListItem\",\"position\":1,\"name\":\"Til hoyre.no\",\"item\":\"https:\/\/hoyre.no\"},{\"@type\":\"ListItem\",\"position\":2,\"name\":\"Hjem\",\"item\":\"https:\/\/hoyre.no\/halden\/\"},{\"@type\":\"ListItem\",\"position\":3,\"name\":\"Fredrik Holm &#8211; v\u00e5r ordf\u00f8rerkandidat\"}]},{\"@type\":\"WebSite\",\"@id\":\"https:\/\/hoyre.no\/halden\/#website\",\"url\":\"https:\/\/hoyre.no\/halden\/\",\"name\":\"Halden H\u00f8yre\",\"description\":\"Bare enda et H\u00f8yres nettsteder-nettsted\",\"inLanguage\":\"nb-NO\"}]}<\/script>\n<!-- \/ Yoast SEO plugin. -->","yoast_head_json":{"title":"Fredrik Holm - v\u00e5r ordf\u00f8rerkandidat - Halden H\u00f8yre","description":"Bli bedre kjent med H\u00f8yres ordf\u00f8rer i Halden, Fredrik Holm.","robots":{"index":"index","follow":"follow","max-snippet":"max-snippet:-1","max-image-preview":"max-image-preview:large","max-video-preview":"max-video-preview:-1"},"canonical":"https:\/\/hoyre.no\/halden\/fredrik-holm-var-ordforerkandidat\/","og_locale":"nb_NO","og_type":"article","og_title":"Fredrik Holm - v\u00e5r ordf\u00f8rerkandidat - Halden H\u00f8yre","og_description":"Bli bedre kjent med H\u00f8yres ordf\u00f8rer i Halden, Fredrik Holm.","og_url":"https:\/\/hoyre.no\/halden\/fredrik-holm-var-ordforerkandidat\/","og_site_name":"Halden H\u00f8yre","article_modified_time":"2025-02-18T15:38:07+00:00","og_image":[{"url":"https:\/\/hoyre.no\/content\/uploads\/sites\/191\/2022\/05\/240827710_1753408174832125_831930532007585264_n.jpg","width":"","height":"","type":""}],"twitter_card":"summary_large_image","twitter_misc":{"Ansl. lesetid":"3 minutter"},"schema":{"@context":"https:\/\/schema.org","@graph":[{"@type":"WebPage","@id":"https:\/\/hoyre.no\/halden\/fredrik-holm-var-ordforerkandidat\/","url":"https:\/\/hoyre.no\/halden\/fredrik-holm-var-ordforerkandidat\/","name":"Fredrik Holm - v\u00e5r ordf\u00f8rerkandidat - Halden H\u00f8yre","isPartOf":{"@id":"https:\/\/hoyre.no\/halden\/#website"},"datePublished":"2022-05-19T08:51:48+00:00","dateModified":"2025-02-18T15:38:07+00:00","description":"Bli bedre kjent med H\u00f8yres ordf\u00f8rer i Halden, Fredrik Holm.","breadcrumb":{"@id":"https:\/\/hoyre.no\/halden\/fredrik-holm-var-ordforerkandidat\/#breadcrumb"},"inLanguage":"nb-NO","potentialAction":[{"@type":"ReadAction","target":["https:\/\/hoyre.no\/halden\/fredrik-holm-var-ordforerkandidat\/"]}]},{"@type":"BreadcrumbList","@id":"https:\/\/hoyre.no\/halden\/fredrik-holm-var-ordforerkandidat\/#breadcrumb","itemListElement":[{"@type":"ListItem","position":1,"name":"Til hoyre.no","item":"https:\/\/hoyre.no"},{"@type":"ListItem","position":2,"name":"Hjem","item":"https:\/\/hoyre.no\/halden\/"},{"@type":"ListItem","position":3,"name":"Fredrik Holm &#8211; v\u00e5r ordf\u00f8rerkandidat"}]},{"@type":"WebSite","@id":"https:\/\/hoyre.no\/halden\/#website","url":"https:\/\/hoyre.no\/halden\/","name":"Halden H\u00f8yre","description":"Bare enda et H\u00f8yres nettsteder-nettsted","inLanguage":"nb-NO"}]}},"distributor_meta":false,"distributor_terms":false,"distributor_media":false,"distributor_original_site_name":"Halden H\u00f8yre","distributor_original_site_url":"https:\/\/hoyre.no\/halden","push-errors":false,"_links":{"self":[{"href":"https:\/\/hoyre.no\/halden\/wp-json\/wp\/v2\/pages\/53","targetHints":{"allow":["GET"]}}],"collection":[{"href":"https:\/\/hoyre.no\/halden\/wp-json\/wp\/v2\/pages"}],"about":[{"href":"https:\/\/hoyre.no\/halden\/wp-json\/wp\/v2\/types\/page"}],"author":[{"embeddable":true,"href":"https:\/\/hoyre.no\/halden\/wp-json\/wp\/v2\/users\/51320"}],"replies":[{"embeddable":true,"href":"https:\/\/hoyre.no\/halden\/wp-json\/wp\/v2\/comments?post=53"}],"version-history":[{"count":59,"href":"https:\/\/hoyre.no\/halden\/wp-json\/wp\/v2\/pages\/53\/revisions"}],"predecessor-version":[{"id":301,"href":"https:\/\/hoyre.no\/halden\/wp-json\/wp\/v2\/pages\/53\/revisions\/301"}],"wp:attachment":[{"href":"https:\/\/hoyre.no\/halden\/wp-json\/wp\/v2\/media?parent=53"}],"curies":[{"name":"wp","href":"https:\/\/api.w.org\/{rel}","templated":true}]}}