{"id":112,"date":"2022-01-04T15:53:02","date_gmt":"2022-01-04T14:53:02","guid":{"rendered":"https:\/\/hoyre.no\/hamar\/?page_id=112"},"modified":"2022-01-25T13:01:18","modified_gmt":"2022-01-25T12:01:18","slug":"om-hamar-hoyre","status":"publish","type":"page","link":"https:\/\/hoyre.no\/hamar\/om-hamar-hoyre\/","title":{"rendered":"Om Hamar H\u00f8yre"},"content":{"rendered":"\n<div class=\"wp-block-hoyre-hero with-image-gradient text-color-light  alignfull has-background\"><div class=\"hoyre-hero \"><h1 class=\"title\">Om Hamar H\u00f8yre<\/h1><p class=\"preamble\">Hamar H\u00f8yre ble stiftet 5. mars 1883.<\/p><\/div><\/div>\n\n\n\n\n<h2 class=\"wp-block-heading\">Vedtekter<\/h2>\n\n\n\n<p>Hamar H\u00f8yres vedtekter finner du her:<\/p>\n\n\n\n<div class=\"wp-block-teft-file icon-link-block\"><a href=\"https:\/\/hoyre.no\/content\/uploads\/sites\/76\/2022\/01\/Hamar-Hoyre-Vedtekter-2021.pdf\" download><span class=\"file-title\">Hamar H\u00f8yre &#8211; Vedtekter 2021<\/span><span class=\"file-name\">Hamar-Hoyre-Vedtekter-2021.pdf [8.6kb]<\/span><\/a><\/div>\n\n\n\n<h2 class=\"wp-block-heading\">Nominasjon 2023<\/h2>\n\n\n\n<p>Nominasjonen (prosessen med \u00e5 velge kandidater) av Hamar H\u00f8yres kandidater til kommunevalget 2023 er en av foreningens viktigste oppgaver. Til \u00e5 forbedre nominasjonen er det nedsatt en komit\u00e9 best\u00e5ende av:<\/p>\n\n\n\n<ul class=\"wp-block-list\"><li>Michael Oreld, leder<\/li><li>Anna Molberg, medlem<\/li><li>Knut Fangberget, medlem<\/li><li>Maren Helberg, medlem &#8211; Unge H\u00f8yre<\/li><li>J\u00f8ran Folstad, medlem &#8211; Senior H\u00f8yre<\/li><\/ul>\n\n\n\n<p>Har du forslag p\u00e5 navn, kan du sende disse til Michael Oreld p\u00e5 epost <a href=\"mailto:michael.oreld@gmail.com\">michael.oreld@gmail.com<\/a>.<\/p>\n\n\n\n<p>Mer om nominasjonsprosessen vil komme senere.<\/p>\n\n\n\n<h2 class=\"wp-block-heading\">Hamar og Hedmarken Senior H\u00f8yre<\/h2>\n\n\n\n<p>Styret i Hamar og Hedmarken Senior H\u00f8yre er:<\/p>\n\n\n\n<ul class=\"wp-block-list\"><li>Leder J\u00f8ran Folstad, Hamar<\/li><li>Nestleder Arnt Lindstad, Hamar<\/li><li>Styremedlem Astrid Mello Carlsen, Stange<\/li><li>Styremedlem Else Aas, Ringsaker<\/li><li>Styremedlem Magnhild Olrud, Ringsaker<\/li><li>Varamedlem Sigrid Narmo, Hamar<\/li><\/ul>\n\n\n\n<h2 class=\"wp-block-heading\">Hamar Unge H\u00f8yre<\/h2>\n\n\n\n<p>Styret i Hamar Unge H\u00f8yre er:<\/p>\n\n\n\n<ul class=\"wp-block-list\"><li>Leder Mathias Skaalerud<\/li><li>Styremedlem Kristoffer Eide<\/li><li>Styremedlem Sindre Skollingsberg<\/li><\/ul>\n\n\n\n<p>Vi har som m\u00e5l for 2022 \u00e5 verve s\u00e5 mange nye medlemmer i Hamar-regionen som mulig, gjennom bl.a. skoleaksjoner p\u00e5 videreg\u00e5ende skoler i Hamar, Stange og Ringsaker, samt andre former for vervekampanjer.<\/p>\n\n\n\n<p>Vi h\u00e5per at vi klarer \u00e5 gjenoppbygge Hamar Unge H\u00f8yre til \u00e5 bli den st\u00f8rste og mest aktive lokalforeningen blant alle ungdomspartiene i Hamar-regionen. <a href=\"https:\/\/hoyre.no\/bli-med\/bli-medlem\/registrer-medlemskap\/\">Meld deg inn<\/a> eller send epost til Mathias <a href=\"mailto:mathias@skaalerud.no\">mathias@skaalerud.no<\/a>.<\/p>\n\n","protected":false},"excerpt":{"rendered":"","protected":false},"author":15076,"featured_media":0,"parent":0,"menu_order":0,"comment_status":"closed","ping_status":"closed","template":"","meta":{"teft_cards_image_url":"","teft_cards_custom_pretitle":"","teft_cards_image_id":52,"teft_cards_image_focal_point_x":0.5,"teft_cards_image_focal_point_y":0.5,"teft_cards_title":"","teft_cards_excerpt":"","teft_show_chapters":false,"footnotes":""},"class_list":["post-112","page","type-page","status-publish","hentry"],"yoast_head":"<!-- This site is optimized with the Yoast SEO plugin v26.6 - https:\/\/yoast.com\/wordpress\/plugins\/seo\/ -->\n<title>Om Hamar H\u00f8yre - Hamar H\u00f8yre<\/title>\n<meta name=\"robots\" content=\"index, follow, max-snippet:-1, max-image-preview:large, max-video-preview:-1\" \/>\n<link rel=\"canonical\" href=\"https:\/\/hoyre.no\/hamar\/om-hamar-hoyre\/\" \/>\n<meta property=\"og:locale\" content=\"nb_NO\" \/>\n<meta property=\"og:type\" content=\"article\" \/>\n<meta property=\"og:title\" content=\"Om Hamar H\u00f8yre - Hamar H\u00f8yre\" \/>\n<meta property=\"og:url\" content=\"https:\/\/hoyre.no\/hamar\/om-hamar-hoyre\/\" \/>\n<meta property=\"og:site_name\" content=\"Hamar H\u00f8yre\" \/>\n<meta property=\"article:modified_time\" content=\"2022-01-25T12:01:18+00:00\" \/>\n<meta property=\"og:image\" content=\"https:\/\/hoyre.no\/content\/uploads\/sites\/76\/2020\/11\/hjertebuttons.jpg\" \/>\n<meta name=\"twitter:card\" content=\"summary_large_image\" \/>\n<meta name=\"twitter:label1\" content=\"Ansl. lesetid\" \/>\n\t<meta name=\"twitter:data1\" content=\"1 minutt\" \/>\n<script type=\"application\/ld+json\" class=\"yoast-schema-graph\">{\"@context\":\"https:\/\/schema.org\",\"@graph\":[{\"@type\":\"WebPage\",\"@id\":\"https:\/\/hoyre.no\/hamar\/om-hamar-hoyre\/\",\"url\":\"https:\/\/hoyre.no\/hamar\/om-hamar-hoyre\/\",\"name\":\"Om Hamar H\u00f8yre - Hamar H\u00f8yre\",\"isPartOf\":{\"@id\":\"https:\/\/hoyre.no\/hamar\/#website\"},\"datePublished\":\"2022-01-04T14:53:02+00:00\",\"dateModified\":\"2022-01-25T12:01:18+00:00\",\"breadcrumb\":{\"@id\":\"https:\/\/hoyre.no\/hamar\/om-hamar-hoyre\/#breadcrumb\"},\"inLanguage\":\"nb-NO\",\"potentialAction\":[{\"@type\":\"ReadAction\",\"target\":[\"https:\/\/hoyre.no\/hamar\/om-hamar-hoyre\/\"]}]},{\"@type\":\"BreadcrumbList\",\"@id\":\"https:\/\/hoyre.no\/hamar\/om-hamar-hoyre\/#breadcrumb\",\"itemListElement\":[{\"@type\":\"ListItem\",\"position\":1,\"name\":\"Til hoyre.no\",\"item\":\"https:\/\/hoyre.no\"},{\"@type\":\"ListItem\",\"position\":2,\"name\":\"Hjem\",\"item\":\"https:\/\/hoyre.no\/hamar\/\"},{\"@type\":\"ListItem\",\"position\":3,\"name\":\"Om Hamar H\u00f8yre\"}]},{\"@type\":\"WebSite\",\"@id\":\"https:\/\/hoyre.no\/hamar\/#website\",\"url\":\"https:\/\/hoyre.no\/hamar\/\",\"name\":\"Hamar H\u00f8yre\",\"description\":\"Bare enda et H\u00f8yres nettsteder-nettsted\",\"inLanguage\":\"nb-NO\"}]}<\/script>\n<!-- \/ Yoast SEO plugin. -->","yoast_head_json":{"title":"Om Hamar H\u00f8yre - Hamar H\u00f8yre","robots":{"index":"index","follow":"follow","max-snippet":"max-snippet:-1","max-image-preview":"max-image-preview:large","max-video-preview":"max-video-preview:-1"},"canonical":"https:\/\/hoyre.no\/hamar\/om-hamar-hoyre\/","og_locale":"nb_NO","og_type":"article","og_title":"Om Hamar H\u00f8yre - Hamar H\u00f8yre","og_url":"https:\/\/hoyre.no\/hamar\/om-hamar-hoyre\/","og_site_name":"Hamar H\u00f8yre","article_modified_time":"2022-01-25T12:01:18+00:00","og_image":[{"url":"https:\/\/hoyre.no\/content\/uploads\/sites\/76\/2020\/11\/hjertebuttons.jpg","width":"","height":"","type":""}],"twitter_card":"summary_large_image","twitter_misc":{"Ansl. lesetid":"1 minutt"},"schema":{"@context":"https:\/\/schema.org","@graph":[{"@type":"WebPage","@id":"https:\/\/hoyre.no\/hamar\/om-hamar-hoyre\/","url":"https:\/\/hoyre.no\/hamar\/om-hamar-hoyre\/","name":"Om Hamar H\u00f8yre - Hamar H\u00f8yre","isPartOf":{"@id":"https:\/\/hoyre.no\/hamar\/#website"},"datePublished":"2022-01-04T14:53:02+00:00","dateModified":"2022-01-25T12:01:18+00:00","breadcrumb":{"@id":"https:\/\/hoyre.no\/hamar\/om-hamar-hoyre\/#breadcrumb"},"inLanguage":"nb-NO","potentialAction":[{"@type":"ReadAction","target":["https:\/\/hoyre.no\/hamar\/om-hamar-hoyre\/"]}]},{"@type":"BreadcrumbList","@id":"https:\/\/hoyre.no\/hamar\/om-hamar-hoyre\/#breadcrumb","itemListElement":[{"@type":"ListItem","position":1,"name":"Til hoyre.no","item":"https:\/\/hoyre.no"},{"@type":"ListItem","position":2,"name":"Hjem","item":"https:\/\/hoyre.no\/hamar\/"},{"@type":"ListItem","position":3,"name":"Om Hamar H\u00f8yre"}]},{"@type":"WebSite","@id":"https:\/\/hoyre.no\/hamar\/#website","url":"https:\/\/hoyre.no\/hamar\/","name":"Hamar H\u00f8yre","description":"Bare enda et H\u00f8yres nettsteder-nettsted","inLanguage":"nb-NO"}]}},"distributor_meta":false,"distributor_terms":false,"distributor_media":false,"distributor_original_site_name":"Hamar H\u00f8yre","distributor_original_site_url":"https:\/\/hoyre.no\/hamar","push-errors":false,"_links":{"self":[{"href":"https:\/\/hoyre.no\/hamar\/wp-json\/wp\/v2\/pages\/112","targetHints":{"allow":["GET"]}}],"collection":[{"href":"https:\/\/hoyre.no\/hamar\/wp-json\/wp\/v2\/pages"}],"about":[{"href":"https:\/\/hoyre.no\/hamar\/wp-json\/wp\/v2\/types\/page"}],"author":[{"embeddable":true,"href":"https:\/\/hoyre.no\/hamar\/wp-json\/wp\/v2\/users\/15076"}],"replies":[{"embeddable":true,"href":"https:\/\/hoyre.no\/hamar\/wp-json\/wp\/v2\/comments?post=112"}],"version-history":[{"count":13,"href":"https:\/\/hoyre.no\/hamar\/wp-json\/wp\/v2\/pages\/112\/revisions"}],"predecessor-version":[{"id":162,"href":"https:\/\/hoyre.no\/hamar\/wp-json\/wp\/v2\/pages\/112\/revisions\/162"}],"wp:attachment":[{"href":"https:\/\/hoyre.no\/hamar\/wp-json\/wp\/v2\/media?parent=112"}],"curies":[{"name":"wp","href":"https:\/\/api.w.org\/{rel}","templated":true}]}}