{"id":166,"date":"2023-07-31T19:23:06","date_gmt":"2023-07-31T17:23:06","guid":{"rendered":"https:\/\/hoyre.no\/hamaroy\/?page_id=166"},"modified":"2023-08-02T16:30:53","modified_gmt":"2023-08-02T14:30:53","slug":"valgprogram-2023-2027","status":"publish","type":"page","link":"https:\/\/hoyre.no\/hamaroy\/valgprogram-2023-2027\/","title":{"rendered":"Valgprogram 2023-2027"},"content":{"rendered":"\n<div class=\"wp-block-hoyre-hero with-image-gradient text-color-light  has-media alignfull has-background\"><div class=\"hoyre-hero has-image\"><h1 class=\"title\">Hamar\u00f8y H\u00f8yres partiprogram 2023-2027<\/h1><figure class=\"hoyre-image-wrapper\"><div class=\"hoyre-image\"><img loading=\"lazy\" decoding=\"async\" width=\"2048\" height=\"1536\" src=\"https:\/\/hoyre.no\/content\/uploads\/sites\/139\/2023\/07\/hoyre-3.jpeg\" class=\"attachment-scaled size-scaled\" alt=\"\" style=\"object-position: 45% 26%\" srcset=\"https:\/\/hoyre.no\/content\/uploads\/sites\/139\/2023\/07\/hoyre-3.jpeg 2048w, https:\/\/hoyre.no\/content\/uploads\/sites\/139\/2023\/07\/hoyre-3-300x225.jpeg 300w, https:\/\/hoyre.no\/content\/uploads\/sites\/139\/2023\/07\/hoyre-3-1024x768.jpeg 1024w, https:\/\/hoyre.no\/content\/uploads\/sites\/139\/2023\/07\/hoyre-3-768x576.jpeg 768w, https:\/\/hoyre.no\/content\/uploads\/sites\/139\/2023\/07\/hoyre-3-1536x1152.jpeg 1536w\" sizes=\"auto, (max-width: 2048px) 100vw, 2048px\" \/><\/div><\/figure><\/div><\/div>\n\n\n\n\n\n<p><\/p>\n\n\n\n<p><\/p>\n\n\n\n<p><\/p>\n\n\n\n<h3 class=\"wp-block-heading\">Vedtatt program<\/h3>\n\n\n\n<p>Her kan du laste ned Hamar\u00f8y H\u00f8yres partiprogram for perioden 2023 \u2013 2027:<\/p>\n\n\n\n<div class=\"wp-block-teft-file icon-link-block\"><a href=\"https:\/\/hoyre.no\/content\/uploads\/sites\/139\/2023\/08\/Hamaroy-Hoyres-partiprogram-2023-2027.pdf\" download><span class=\"file-title\">Hamar\u00f8y H\u00f8yres partiprogram 2023-2027<\/span><span class=\"file-name\"><\/span><\/a><\/div>\n","protected":false},"excerpt":{"rendered":"<p>Vedtatt program Her kan du laste ned Hamar\u00f8y H\u00f8yres partiprogram for perioden 2023 \u2013 2027:<\/p>\n","protected":false},"author":10211,"featured_media":0,"parent":0,"menu_order":0,"comment_status":"closed","ping_status":"closed","template":"","meta":{"teft_cards_image_url":"","teft_cards_custom_pretitle":"","teft_cards_image_id":0,"teft_cards_image_focal_point_x":0,"teft_cards_image_focal_point_y":0,"teft_cards_title":"","teft_cards_excerpt":"","teft_show_chapters":false,"footnotes":""},"class_list":["post-166","page","type-page","status-publish","hentry"],"yoast_head":"<!-- This site is optimized with the Yoast SEO plugin v26.6 - https:\/\/yoast.com\/wordpress\/plugins\/seo\/ -->\n<title>Valgprogram 2023-2027 - Hamar\u00f8y H\u00f8yre<\/title>\n<meta name=\"robots\" content=\"index, follow, max-snippet:-1, max-image-preview:large, max-video-preview:-1\" \/>\n<link rel=\"canonical\" href=\"https:\/\/hoyre.no\/hamaroy\/valgprogram-2023-2027\/\" \/>\n<meta property=\"og:locale\" content=\"nb_NO\" \/>\n<meta property=\"og:type\" content=\"article\" \/>\n<meta property=\"og:title\" content=\"Valgprogram 2023-2027 - Hamar\u00f8y H\u00f8yre\" \/>\n<meta property=\"og:description\" content=\"Vedtatt program Her kan du laste ned Hamar\u00f8y H\u00f8yres partiprogram for perioden 2023 \u2013 2027:\" \/>\n<meta property=\"og:url\" content=\"https:\/\/hoyre.no\/hamaroy\/valgprogram-2023-2027\/\" \/>\n<meta property=\"og:site_name\" content=\"Hamar\u00f8y H\u00f8yre\" \/>\n<meta property=\"article:modified_time\" content=\"2023-08-02T14:30:53+00:00\" \/>\n<meta property=\"og:image\" content=\"https:\/\/hoyre.no\/content\/uploads\/sites\/139\/2022\/11\/Hoyres-logo.png\" \/>\n\t<meta property=\"og:image:width\" content=\"1000\" \/>\n\t<meta property=\"og:image:height\" content=\"1000\" \/>\n\t<meta property=\"og:image:type\" content=\"image\/png\" \/>\n<meta name=\"twitter:card\" content=\"summary_large_image\" \/>\n<meta name=\"twitter:label1\" content=\"Ansl. lesetid\" \/>\n\t<meta name=\"twitter:data1\" content=\"1 minutt\" \/>\n<script type=\"application\/ld+json\" class=\"yoast-schema-graph\">{\"@context\":\"https:\/\/schema.org\",\"@graph\":[{\"@type\":\"WebPage\",\"@id\":\"https:\/\/hoyre.no\/hamaroy\/valgprogram-2023-2027\/\",\"url\":\"https:\/\/hoyre.no\/hamaroy\/valgprogram-2023-2027\/\",\"name\":\"Valgprogram 2023-2027 - Hamar\u00f8y H\u00f8yre\",\"isPartOf\":{\"@id\":\"https:\/\/hoyre.no\/hamaroy\/#website\"},\"datePublished\":\"2023-07-31T17:23:06+00:00\",\"dateModified\":\"2023-08-02T14:30:53+00:00\",\"breadcrumb\":{\"@id\":\"https:\/\/hoyre.no\/hamaroy\/valgprogram-2023-2027\/#breadcrumb\"},\"inLanguage\":\"nb-NO\",\"potentialAction\":[{\"@type\":\"ReadAction\",\"target\":[\"https:\/\/hoyre.no\/hamaroy\/valgprogram-2023-2027\/\"]}]},{\"@type\":\"BreadcrumbList\",\"@id\":\"https:\/\/hoyre.no\/hamaroy\/valgprogram-2023-2027\/#breadcrumb\",\"itemListElement\":[{\"@type\":\"ListItem\",\"position\":1,\"name\":\"Til hoyre.no\",\"item\":\"https:\/\/hoyre.no\"},{\"@type\":\"ListItem\",\"position\":2,\"name\":\"Hjem\",\"item\":\"https:\/\/hoyre.no\/hamaroy\/\"},{\"@type\":\"ListItem\",\"position\":3,\"name\":\"Valgprogram 2023-2027\"}]},{\"@type\":\"WebSite\",\"@id\":\"https:\/\/hoyre.no\/hamaroy\/#website\",\"url\":\"https:\/\/hoyre.no\/hamaroy\/\",\"name\":\"Hamar\u00f8y H\u00f8yre\",\"description\":\"Bare enda et H\u00f8yres nettsteder-nettsted\",\"inLanguage\":\"nb-NO\"}]}<\/script>\n<!-- \/ Yoast SEO plugin. -->","yoast_head_json":{"title":"Valgprogram 2023-2027 - Hamar\u00f8y H\u00f8yre","robots":{"index":"index","follow":"follow","max-snippet":"max-snippet:-1","max-image-preview":"max-image-preview:large","max-video-preview":"max-video-preview:-1"},"canonical":"https:\/\/hoyre.no\/hamaroy\/valgprogram-2023-2027\/","og_locale":"nb_NO","og_type":"article","og_title":"Valgprogram 2023-2027 - Hamar\u00f8y H\u00f8yre","og_description":"Vedtatt program Her kan du laste ned Hamar\u00f8y H\u00f8yres partiprogram for perioden 2023 \u2013 2027:","og_url":"https:\/\/hoyre.no\/hamaroy\/valgprogram-2023-2027\/","og_site_name":"Hamar\u00f8y H\u00f8yre","article_modified_time":"2023-08-02T14:30:53+00:00","og_image":[{"width":1000,"height":1000,"url":"https:\/\/hoyre.no\/content\/uploads\/sites\/139\/2022\/11\/Hoyres-logo.png","type":"image\/png"}],"twitter_card":"summary_large_image","twitter_misc":{"Ansl. lesetid":"1 minutt"},"schema":{"@context":"https:\/\/schema.org","@graph":[{"@type":"WebPage","@id":"https:\/\/hoyre.no\/hamaroy\/valgprogram-2023-2027\/","url":"https:\/\/hoyre.no\/hamaroy\/valgprogram-2023-2027\/","name":"Valgprogram 2023-2027 - Hamar\u00f8y H\u00f8yre","isPartOf":{"@id":"https:\/\/hoyre.no\/hamaroy\/#website"},"datePublished":"2023-07-31T17:23:06+00:00","dateModified":"2023-08-02T14:30:53+00:00","breadcrumb":{"@id":"https:\/\/hoyre.no\/hamaroy\/valgprogram-2023-2027\/#breadcrumb"},"inLanguage":"nb-NO","potentialAction":[{"@type":"ReadAction","target":["https:\/\/hoyre.no\/hamaroy\/valgprogram-2023-2027\/"]}]},{"@type":"BreadcrumbList","@id":"https:\/\/hoyre.no\/hamaroy\/valgprogram-2023-2027\/#breadcrumb","itemListElement":[{"@type":"ListItem","position":1,"name":"Til hoyre.no","item":"https:\/\/hoyre.no"},{"@type":"ListItem","position":2,"name":"Hjem","item":"https:\/\/hoyre.no\/hamaroy\/"},{"@type":"ListItem","position":3,"name":"Valgprogram 2023-2027"}]},{"@type":"WebSite","@id":"https:\/\/hoyre.no\/hamaroy\/#website","url":"https:\/\/hoyre.no\/hamaroy\/","name":"Hamar\u00f8y H\u00f8yre","description":"Bare enda et H\u00f8yres nettsteder-nettsted","inLanguage":"nb-NO"}]}},"distributor_meta":false,"distributor_terms":false,"distributor_media":false,"distributor_original_site_name":"Hamar\u00f8y H\u00f8yre","distributor_original_site_url":"https:\/\/hoyre.no\/hamaroy","push-errors":false,"_links":{"self":[{"href":"https:\/\/hoyre.no\/hamaroy\/wp-json\/wp\/v2\/pages\/166","targetHints":{"allow":["GET"]}}],"collection":[{"href":"https:\/\/hoyre.no\/hamaroy\/wp-json\/wp\/v2\/pages"}],"about":[{"href":"https:\/\/hoyre.no\/hamaroy\/wp-json\/wp\/v2\/types\/page"}],"author":[{"embeddable":true,"href":"https:\/\/hoyre.no\/hamaroy\/wp-json\/wp\/v2\/users\/10211"}],"replies":[{"embeddable":true,"href":"https:\/\/hoyre.no\/hamaroy\/wp-json\/wp\/v2\/comments?post=166"}],"version-history":[{"count":4,"href":"https:\/\/hoyre.no\/hamaroy\/wp-json\/wp\/v2\/pages\/166\/revisions"}],"predecessor-version":[{"id":200,"href":"https:\/\/hoyre.no\/hamaroy\/wp-json\/wp\/v2\/pages\/166\/revisions\/200"}],"wp:attachment":[{"href":"https:\/\/hoyre.no\/hamaroy\/wp-json\/wp\/v2\/media?parent=166"}],"curies":[{"name":"wp","href":"https:\/\/api.w.org\/{rel}","templated":true}]}}