{"id":29,"date":"2023-05-16T15:24:52","date_gmt":"2023-05-16T13:24:52","guid":{"rendered":"https:\/\/hoyre.no\/hamaroy\/?page_id=29"},"modified":"2025-01-24T14:30:52","modified_gmt":"2025-01-24T13:30:52","slug":"ordforerkandidat","status":"publish","type":"page","link":"https:\/\/hoyre.no\/hamaroy\/ordforerkandidat\/","title":{"rendered":"Ordf\u00f8rerkandidat"},"content":{"rendered":"\n<div class=\"wp-block-columns are-vertically-aligned-center is-layout-flex wp-container-core-columns-is-layout-9d6595d7 wp-block-columns-is-layout-flex\">\n<div class=\"wp-block-column is-vertically-aligned-center is-layout-flow wp-block-column-is-layout-flow\" style=\"flex-basis:100%\"><\/div>\n<\/div>\n\n\n\n<div class=\"wp-block-hoyre-hero with-image-gradient text-color-light  has-media alignfull has-background\"><div class=\"hoyre-hero has-image\"><h1 class=\"title\">Lars Filip Paulsen <\/h1><p class=\"preamble\">Hamar\u00f8y H\u00f8yres gruppeleder.<\/p>\t\t\t<div class=\"post-meta wp-block teft-byline-wrapper\">\n\t\t\t\t<div class=\"top\">\n\t\t\t\t\t<div class=\"signature\">\n\t\t\t\t\t\t<div class=\"teft-byline\">\n\t\t\t\t\t\t\t\t\t\t\t\t\t\t<div>\n\t\t\t\t\t\t\t\t<h3>H\u00f8yres redaksjon<\/h3>\t\t\t\t\t\t\t\t\n\t\t\t\t\t\t\t\t\t\t\t\t\t\t\t\t\t<span class=\"date\">Sist oppdatert: 24. januar 2025<\/span>\n\t\t\t\t\t\t\t\t\t\t\t\t\t\t\t\t\t\t\t\t\t\t\t\t\t<span class=\"reading-time\" itemprop=\"timeRequired\" content=\"PT3M\"><em>Ca. 3 minutter lesetid<\/em><\/span>\n\t\t\t\t\t\t\t\t\t\t\t\t\t\t\t<\/div>\n\t\t\t\t\t\t<\/div>\n\t\t\t\t\t<\/div>\n\t\t\t\t\t\t<div class=\"sharing\">\n\t\t<a class=\"share-button share-link copy-link\" data-copy=\"https:\/\/hoyre.no\/hamaroy\/ordforerkandidat\/\" target=\"_blank\"><span class=\"screen-reader-text\">Del link<\/span><\/a>\n\t\t<a class=\"share-button share-twitter\" href=\"http:\/\/twitter.com\/share?text=Ordf\u00f8rerkandidat&#038;url=https:\/\/hoyre.no\/hamaroy\/ordforerkandidat\/&#038;hashtags=Hoyre\" target=\"_blank\"><span class=\"screen-reader-text\">Del p\u00e5 twitter<\/span><\/a>\n\t\t<a class=\"share-button share-facebook\" href=\"https:\/\/www.facebook.com\/sharer\/sharer.php?u=https:\/\/hoyre.no\/hamaroy\/ordforerkandidat\/\" target=\"_blank\"><span class=\"screen-reader-text\">Del p\u00e5 facebook<\/span><\/a>\n\t<\/div>\n\t\t\t\t\t<\/div>\n\t\t\t<\/div>\n\n\t\t\t<figure class=\"hoyre-image-wrapper\"><div class=\"hoyre-image\"><img loading=\"lazy\" decoding=\"async\" width=\"1300\" height=\"912\" src=\"https:\/\/hoyre.no\/content\/uploads\/sites\/139\/2023\/05\/20230330_140418000_iOS-e1684240017561.jpg\" class=\"attachment-scaled size-scaled\" alt=\"\" style=\"object-position: 48% 30%\" srcset=\"https:\/\/hoyre.no\/content\/uploads\/sites\/139\/2023\/05\/20230330_140418000_iOS-e1684240017561.jpg 1300w, https:\/\/hoyre.no\/content\/uploads\/sites\/139\/2023\/05\/20230330_140418000_iOS-e1684240017561-300x210.jpg 300w, https:\/\/hoyre.no\/content\/uploads\/sites\/139\/2023\/05\/20230330_140418000_iOS-e1684240017561-1024x718.jpg 1024w, https:\/\/hoyre.no\/content\/uploads\/sites\/139\/2023\/05\/20230330_140418000_iOS-e1684240017561-768x539.jpg 768w\" sizes=\"auto, (max-width: 1300px) 100vw, 1300px\" \/><\/div><\/figure><\/div><\/div>\n\n\n\n\n<div class=\"wp-block-buttons is-content-justification-center is-layout-flex wp-container-core-buttons-is-layout-16018d1d wp-block-buttons-is-layout-flex\">\n<div class=\"wp-block-button\"><a class=\"wp-block-button__link wp-element-button\" href=\"https:\/\/hoyre.no\/nyhetsbrev\/\">abonner p\u00e5 h\u00f8yres nyhetsbrev<\/a><\/div>\n\n\n\n<div class=\"wp-block-button\"><a class=\"wp-block-button__link wp-element-button\" href=\"https:\/\/hoyre.no\/personprofiler\/lars-filip-paulsen\/\">kom i kontakt med Lars filip<\/a><\/div>\n\n\n\n<div class=\"wp-block-button\"><a class=\"wp-block-button__link wp-element-button\" href=\"https:\/\/www.facebook.com\/hamaroyhoyre\">f\u00f8lg Hamar\u00f8y h\u00f8yre p\u00e5 facebook<\/a><\/div>\n<\/div>\n\n\n\n<div class=\"wp-block-hoyre-banner undefined has-icon-title icon-heart is-style-blue\"><div class=\"banner-inner\"><figure class=\"hoyre-image-wrapper\"><div class=\"hoyre-image\"><img loading=\"lazy\" decoding=\"async\" width=\"1705\" height=\"2500\" src=\"https:\/\/hoyre.no\/content\/uploads\/sites\/139\/2023\/05\/20230506_131758391_iOS-scaled.jpg\" class=\"attachment-scaled size-scaled\" alt=\"\" style=\"object-position: 32% 27%\" srcset=\"https:\/\/hoyre.no\/content\/uploads\/sites\/139\/2023\/05\/20230506_131758391_iOS-scaled.jpg 1705w, https:\/\/hoyre.no\/content\/uploads\/sites\/139\/2023\/05\/20230506_131758391_iOS-205x300.jpg 205w, https:\/\/hoyre.no\/content\/uploads\/sites\/139\/2023\/05\/20230506_131758391_iOS-698x1024.jpg 698w, https:\/\/hoyre.no\/content\/uploads\/sites\/139\/2023\/05\/20230506_131758391_iOS-768x1126.jpg 768w, https:\/\/hoyre.no\/content\/uploads\/sites\/139\/2023\/05\/20230506_131758391_iOS-1047x1536.jpg 1047w, https:\/\/hoyre.no\/content\/uploads\/sites\/139\/2023\/05\/20230506_131758391_iOS-1397x2048.jpg 1397w\" sizes=\"auto, (max-width: 1705px) 100vw, 1705px\" \/><\/div><\/figure><div class=\"banner-content\"><div class=\"entry-content\">\n<h2 class=\"wp-block-heading has-text-align-center\" id=\"h-bli-bedre-kjent-med-navn\">Bli bedre kjent med Lars Filip!<\/h2>\n\n\n\n<p class=\"has-text-align-left\"><strong>Bosted:<\/strong> Drag<\/p>\n\n\n\n<p class=\"has-text-align-left\"><strong>Sivilstatus:<\/strong> S\u00f8nn f. 2008, singel<\/p>\n\n\n\n<p class=\"has-text-align-left\"><strong>Jobb:<\/strong> Samisk r\u00e5dgiver i kommunen<\/p>\n\n\n\n<p class=\"has-text-align-left\"><strong>Bakgrunn:<\/strong> Jobberfaring fra barnehage, skole, spr\u00e5ksenter og har siden 2015 jobbet innen kommunal forvaltning som spr\u00e5kkonsulent, enhetsleder kultur, n\u00e6ring og utvikling, og n\u00e5 som r\u00e5dgiver. Har ogs\u00e5 lang erfaring som styreleder og leder innen frivillige lag og foreninger.<\/p>\n\n\n\n<p class=\"has-text-align-left\"><strong>Politisk erfaring:<\/strong> Medlem av H\u00f8yre siden 2011. 8 \u00e5r som kommunestyrerepresentant i Tysfjord, og sitter n\u00e5 som kommunestyrerepresentant i H\u00e1bmer-Hamar\u00f8y. 8 \u00e5r som sametingsrepresentant og parlamentarisk leder, hvorav ett \u00e5r var som sametingsr\u00e5d\/visepresident. Er leder av H\u00f8yres samepolitiske utvalg og har observat\u00f8rstatus i H\u00f8yres sentralstyrem\u00f8ter. Ellers hatt ulike roller som leder og sekret\u00e6r i lokallagene i Tysfjord og Hamar\u00f8y.<\/p>\n\n\n\n<p class=\"has-text-align-left\"><strong>Hvorfor er H\u00f8yre rett parti for deg?<\/strong> Frihet\/valgfrihet og trygghet er to verdier som st\u00e5r meg n\u00e6rt. Disse finner jeg igjen i H\u00f8yres politikk. Jeg er opptatt av enkeltmennesket og at vi bygger et samfunn nedenfra og opp.<\/p>\n\n\n\n<p class=\"has-text-align-left\"><strong>Det er l\u00f8rdag, klokka n\u00e6rmer seg 19.00. Hva spiser du helst til middag?<\/strong> Gjerne en god biff<\/p>\n\n\n\n<p class=\"has-text-align-left\"><strong>Konsert eller idrettsarrangement?<\/strong> Idrettsarrangement <\/p>\n\n\n\n<p class=\"has-text-align-left\"><strong>Hvis du skulle valgt en, hva er din favorittartist?<\/strong> Liker musikk, men har ingen klar ener<\/p>\n\n\n\n<p class=\"has-text-align-left\"><strong>Funfact?<\/strong> Klipper meg selv og andre <\/p>\n\n\n\n<p class=\"has-text-align-left\"><strong>Hva er din favorittplass i kommunen?<\/strong>\u00a0Hellmobotn &#8211; et paradis, der hav, fiskeelv og h\u00f8ye fjell m\u00f8tes i skj\u00f8nn forening!<\/p>\n\n\n\n<div class=\"wp-block-buttons is-layout-flex wp-block-buttons-is-layout-flex\"><\/div>\n<\/div><\/div><\/div><\/div>\n\n\n\n<div class=\"wp-block-teft-accentuated-link undefined has-image\"><div class=\"kf-link__wrapper\"><div class=\"kf-link__tagline\">LES MER<\/div><a class=\"kf-link__link\" href=\"https:\/\/hoyre.no\/personprofiler\/lars-filip-paulsen\/\" rel=\"noreferrer noopener\" target=\"_blank\">Kom i kontakt med Lars Filip Paulsen<span class=\"kf-link__link-source\">hoyre.no<svg xmlns=\"http:\/\/www.w3.org\/2000\/svg\" viewBox=\"0 0 24 24\" width=\"10\" height=\"10\" aria-hidden=\"true\"><path d=\"M8.251 16.498a.752.752 0 0 1-.53-1.281l13.72-13.72h-4.939a.75.75 0 0 1 0-1.5h6.75a.735.735 0 0 1 .293.06.75.75 0 0 1 .4.404l.01.026a.73.73 0 0 1 .047.26v6.75a.75.75 0 0 1-1.5 0V2.559l-13.72 13.72a.75.75 0 0 1-.531.219z\"><\/path><path d=\"M2.251 23.998a2.252 2.252 0 0 1-2.25-2.25v-15a2.252 2.252 0 0 1 2.25-2.25h9a.75.75 0 0 1 0 1.5h-9a.75.75 0 0 0-.75.75v15c0 .414.336.75.75.75h15a.75.75 0 0 0 .75-.75v-9a.75.75 0 0 1 1.5 0v9a2.252 2.252 0 0 1-2.25 2.25h-15z\"><\/path><\/svg><\/span><\/a><\/div><figure class=\"hoyre-image-wrapper\"><div class=\"hoyre-image\"><\/div><\/figure><\/div>\n\n\n\n<figure class=\"wp-block-teft-gallery columns-3 count-3 rows-2 is-cropped\"><ul class=\"teft-gallery-grid\"><li class=\"teft-gallery-item \"><figure><a href=\"https:\/\/hoyre.no\/content\/uploads\/sites\/139\/2023\/05\/20230401_165406317_iOS-2.jpg\" data-size=\"1244x2208\"><img loading=\"lazy\" decoding=\"async\" width=\"577\" height=\"1024\" src=\"https:\/\/hoyre.no\/content\/uploads\/sites\/139\/2023\/05\/20230401_165406317_iOS-2-577x1024.jpg\" class=\"attachment-large size-large\" alt=\"\" srcset=\"https:\/\/hoyre.no\/content\/uploads\/sites\/139\/2023\/05\/20230401_165406317_iOS-2-577x1024.jpg 577w, https:\/\/hoyre.no\/content\/uploads\/sites\/139\/2023\/05\/20230401_165406317_iOS-2-169x300.jpg 169w, https:\/\/hoyre.no\/content\/uploads\/sites\/139\/2023\/05\/20230401_165406317_iOS-2-768x1363.jpg 768w, https:\/\/hoyre.no\/content\/uploads\/sites\/139\/2023\/05\/20230401_165406317_iOS-2-865x1536.jpg 865w, https:\/\/hoyre.no\/content\/uploads\/sites\/139\/2023\/05\/20230401_165406317_iOS-2-1154x2048.jpg 1154w, https:\/\/hoyre.no\/content\/uploads\/sites\/139\/2023\/05\/20230401_165406317_iOS-2.jpg 1244w\" sizes=\"auto, (max-width: 577px) 100vw, 577px\" \/ data-full-url=\"https:\/\/hoyre.no\/content\/uploads\/sites\/139\/2023\/05\/20230401_165406317_iOS-2.jpg\" data-id=\"40\" data-caption=\"40\"\/><\/a><\/figure><\/li><li class=\"teft-gallery-item \"><figure><a href=\"https:\/\/hoyre.no\/content\/uploads\/sites\/139\/2023\/05\/20220710_152459910_iOS.jpg\" data-size=\"1206x2208\"><img loading=\"lazy\" decoding=\"async\" width=\"559\" height=\"1024\" src=\"https:\/\/hoyre.no\/content\/uploads\/sites\/139\/2023\/05\/20220710_152459910_iOS-559x1024.jpg\" class=\"attachment-large size-large\" alt=\"\" srcset=\"https:\/\/hoyre.no\/content\/uploads\/sites\/139\/2023\/05\/20220710_152459910_iOS-559x1024.jpg 559w, https:\/\/hoyre.no\/content\/uploads\/sites\/139\/2023\/05\/20220710_152459910_iOS-164x300.jpg 164w, https:\/\/hoyre.no\/content\/uploads\/sites\/139\/2023\/05\/20220710_152459910_iOS-768x1406.jpg 768w, https:\/\/hoyre.no\/content\/uploads\/sites\/139\/2023\/05\/20220710_152459910_iOS-839x1536.jpg 839w, https:\/\/hoyre.no\/content\/uploads\/sites\/139\/2023\/05\/20220710_152459910_iOS-1119x2048.jpg 1119w, https:\/\/hoyre.no\/content\/uploads\/sites\/139\/2023\/05\/20220710_152459910_iOS.jpg 1206w\" sizes=\"auto, (max-width: 559px) 100vw, 559px\" \/ data-full-url=\"https:\/\/hoyre.no\/content\/uploads\/sites\/139\/2023\/05\/20220710_152459910_iOS.jpg\" data-id=\"42\" data-caption=\"42\"\/><\/a><\/figure><\/li><li class=\"teft-gallery-item \"><figure><a href=\"https:\/\/hoyre.no\/content\/uploads\/sites\/139\/2023\/05\/20220720_215927813_iOS.jpg\" data-size=\"1206x2208\"><img loading=\"lazy\" decoding=\"async\" width=\"559\" height=\"1024\" src=\"https:\/\/hoyre.no\/content\/uploads\/sites\/139\/2023\/05\/20220720_215927813_iOS-559x1024.jpg\" class=\"attachment-large size-large\" alt=\"\" srcset=\"https:\/\/hoyre.no\/content\/uploads\/sites\/139\/2023\/05\/20220720_215927813_iOS-559x1024.jpg 559w, https:\/\/hoyre.no\/content\/uploads\/sites\/139\/2023\/05\/20220720_215927813_iOS-164x300.jpg 164w, https:\/\/hoyre.no\/content\/uploads\/sites\/139\/2023\/05\/20220720_215927813_iOS-768x1406.jpg 768w, https:\/\/hoyre.no\/content\/uploads\/sites\/139\/2023\/05\/20220720_215927813_iOS-839x1536.jpg 839w, https:\/\/hoyre.no\/content\/uploads\/sites\/139\/2023\/05\/20220720_215927813_iOS-1119x2048.jpg 1119w, https:\/\/hoyre.no\/content\/uploads\/sites\/139\/2023\/05\/20220720_215927813_iOS.jpg 1206w\" sizes=\"auto, (max-width: 559px) 100vw, 559px\" \/ data-full-url=\"https:\/\/hoyre.no\/content\/uploads\/sites\/139\/2023\/05\/20220720_215927813_iOS.jpg\" data-id=\"41\" data-caption=\"41\"\/><\/a><\/figure><\/li><\/ul><\/figure>\n\n\n\n<h2 class=\"wp-block-heading has-text-align-center\">Lars Filip sin hjertesak<\/h2>\n\n\n\n<h3 class=\"wp-block-heading\">\ud83d\udc99 <strong>Mennesket i fokus!<\/strong><\/h3>\n\n\n\n<p>Vi er alle ulike, men vi har ogs\u00e5 alle noen grunnleggende behov. <br>Mitt m\u00e5l er at verdiene frihet og trygghet skal v\u00e6re sentralt i alt H\u00f8yre gj\u00f8r. <br><br>Vi skal n\u00e5 planlegge og bygge en god eldreomsorg, demente ikke skal v\u00e6re p\u00e5 sykehjem i flere \u00e5r uten \u00e5 bli aktivisert, vi skal ha en skole som ser den enkelte elev, de som trenger hjelp med psykiske helseutfordringer skal f\u00e5 rask og god hjelp og ikke minst vi skal vi i H\u00f8yre v\u00e6re p\u00e5 lag med jobbskaperne, frivilligheten og kulturen. Aktivitet skaper optimisme og blilyst! <br><\/p>\n\n","protected":false},"excerpt":{"rendered":"","protected":false},"author":10211,"featured_media":0,"parent":0,"menu_order":0,"comment_status":"closed","ping_status":"closed","template":"","meta":{"teft_cards_image_url":"","teft_cards_custom_pretitle":"","teft_cards_image_id":0,"teft_cards_image_focal_point_x":0,"teft_cards_image_focal_point_y":0,"teft_cards_title":"","teft_cards_excerpt":"","teft_show_chapters":false,"footnotes":""},"class_list":["post-29","page","type-page","status-publish","hentry"],"yoast_head":"<!-- This site is optimized with the Yoast SEO plugin v26.6 - https:\/\/yoast.com\/wordpress\/plugins\/seo\/ -->\n<title>Ordf\u00f8rerkandidat - Hamar\u00f8y H\u00f8yre<\/title>\n<meta name=\"robots\" content=\"index, follow, max-snippet:-1, max-image-preview:large, max-video-preview:-1\" \/>\n<link rel=\"canonical\" href=\"https:\/\/hoyre.no\/hamaroy\/ordforerkandidat\/\" \/>\n<meta property=\"og:locale\" content=\"nb_NO\" \/>\n<meta property=\"og:type\" content=\"article\" \/>\n<meta property=\"og:title\" content=\"Ordf\u00f8rerkandidat - Hamar\u00f8y H\u00f8yre\" \/>\n<meta property=\"og:url\" content=\"https:\/\/hoyre.no\/hamaroy\/ordforerkandidat\/\" \/>\n<meta property=\"og:site_name\" content=\"Hamar\u00f8y H\u00f8yre\" \/>\n<meta property=\"article:modified_time\" content=\"2025-01-24T13:30:52+00:00\" \/>\n<meta property=\"og:image\" content=\"https:\/\/hoyre.no\/content\/uploads\/sites\/139\/2022\/11\/Hoyres-logo.png\" \/>\n\t<meta property=\"og:image:width\" content=\"1000\" \/>\n\t<meta property=\"og:image:height\" content=\"1000\" \/>\n\t<meta property=\"og:image:type\" content=\"image\/png\" \/>\n<meta name=\"twitter:card\" content=\"summary_large_image\" \/>\n<meta name=\"twitter:label1\" content=\"Ansl. lesetid\" \/>\n\t<meta name=\"twitter:data1\" content=\"3 minutter\" \/>\n<script type=\"application\/ld+json\" class=\"yoast-schema-graph\">{\"@context\":\"https:\/\/schema.org\",\"@graph\":[{\"@type\":\"WebPage\",\"@id\":\"https:\/\/hoyre.no\/hamaroy\/ordforerkandidat\/\",\"url\":\"https:\/\/hoyre.no\/hamaroy\/ordforerkandidat\/\",\"name\":\"Ordf\u00f8rerkandidat - Hamar\u00f8y H\u00f8yre\",\"isPartOf\":{\"@id\":\"https:\/\/hoyre.no\/hamaroy\/#website\"},\"datePublished\":\"2023-05-16T13:24:52+00:00\",\"dateModified\":\"2025-01-24T13:30:52+00:00\",\"breadcrumb\":{\"@id\":\"https:\/\/hoyre.no\/hamaroy\/ordforerkandidat\/#breadcrumb\"},\"inLanguage\":\"nb-NO\",\"potentialAction\":[{\"@type\":\"ReadAction\",\"target\":[\"https:\/\/hoyre.no\/hamaroy\/ordforerkandidat\/\"]}]},{\"@type\":\"BreadcrumbList\",\"@id\":\"https:\/\/hoyre.no\/hamaroy\/ordforerkandidat\/#breadcrumb\",\"itemListElement\":[{\"@type\":\"ListItem\",\"position\":1,\"name\":\"Til hoyre.no\",\"item\":\"https:\/\/hoyre.no\"},{\"@type\":\"ListItem\",\"position\":2,\"name\":\"Hjem\",\"item\":\"https:\/\/hoyre.no\/hamaroy\/\"},{\"@type\":\"ListItem\",\"position\":3,\"name\":\"Ordf\u00f8rerkandidat\"}]},{\"@type\":\"WebSite\",\"@id\":\"https:\/\/hoyre.no\/hamaroy\/#website\",\"url\":\"https:\/\/hoyre.no\/hamaroy\/\",\"name\":\"Hamar\u00f8y H\u00f8yre\",\"description\":\"Bare enda et H\u00f8yres nettsteder-nettsted\",\"inLanguage\":\"nb-NO\"}]}<\/script>\n<!-- \/ Yoast SEO plugin. -->","yoast_head_json":{"title":"Ordf\u00f8rerkandidat - Hamar\u00f8y H\u00f8yre","robots":{"index":"index","follow":"follow","max-snippet":"max-snippet:-1","max-image-preview":"max-image-preview:large","max-video-preview":"max-video-preview:-1"},"canonical":"https:\/\/hoyre.no\/hamaroy\/ordforerkandidat\/","og_locale":"nb_NO","og_type":"article","og_title":"Ordf\u00f8rerkandidat - Hamar\u00f8y H\u00f8yre","og_url":"https:\/\/hoyre.no\/hamaroy\/ordforerkandidat\/","og_site_name":"Hamar\u00f8y H\u00f8yre","article_modified_time":"2025-01-24T13:30:52+00:00","og_image":[{"width":1000,"height":1000,"url":"https:\/\/hoyre.no\/content\/uploads\/sites\/139\/2022\/11\/Hoyres-logo.png","type":"image\/png"}],"twitter_card":"summary_large_image","twitter_misc":{"Ansl. lesetid":"3 minutter"},"schema":{"@context":"https:\/\/schema.org","@graph":[{"@type":"WebPage","@id":"https:\/\/hoyre.no\/hamaroy\/ordforerkandidat\/","url":"https:\/\/hoyre.no\/hamaroy\/ordforerkandidat\/","name":"Ordf\u00f8rerkandidat - Hamar\u00f8y H\u00f8yre","isPartOf":{"@id":"https:\/\/hoyre.no\/hamaroy\/#website"},"datePublished":"2023-05-16T13:24:52+00:00","dateModified":"2025-01-24T13:30:52+00:00","breadcrumb":{"@id":"https:\/\/hoyre.no\/hamaroy\/ordforerkandidat\/#breadcrumb"},"inLanguage":"nb-NO","potentialAction":[{"@type":"ReadAction","target":["https:\/\/hoyre.no\/hamaroy\/ordforerkandidat\/"]}]},{"@type":"BreadcrumbList","@id":"https:\/\/hoyre.no\/hamaroy\/ordforerkandidat\/#breadcrumb","itemListElement":[{"@type":"ListItem","position":1,"name":"Til hoyre.no","item":"https:\/\/hoyre.no"},{"@type":"ListItem","position":2,"name":"Hjem","item":"https:\/\/hoyre.no\/hamaroy\/"},{"@type":"ListItem","position":3,"name":"Ordf\u00f8rerkandidat"}]},{"@type":"WebSite","@id":"https:\/\/hoyre.no\/hamaroy\/#website","url":"https:\/\/hoyre.no\/hamaroy\/","name":"Hamar\u00f8y H\u00f8yre","description":"Bare enda et H\u00f8yres nettsteder-nettsted","inLanguage":"nb-NO"}]}},"distributor_meta":false,"distributor_terms":false,"distributor_media":false,"distributor_original_site_name":"Hamar\u00f8y H\u00f8yre","distributor_original_site_url":"https:\/\/hoyre.no\/hamaroy","push-errors":false,"_links":{"self":[{"href":"https:\/\/hoyre.no\/hamaroy\/wp-json\/wp\/v2\/pages\/29","targetHints":{"allow":["GET"]}}],"collection":[{"href":"https:\/\/hoyre.no\/hamaroy\/wp-json\/wp\/v2\/pages"}],"about":[{"href":"https:\/\/hoyre.no\/hamaroy\/wp-json\/wp\/v2\/types\/page"}],"author":[{"embeddable":true,"href":"https:\/\/hoyre.no\/hamaroy\/wp-json\/wp\/v2\/users\/10211"}],"replies":[{"embeddable":true,"href":"https:\/\/hoyre.no\/hamaroy\/wp-json\/wp\/v2\/comments?post=29"}],"version-history":[{"count":29,"href":"https:\/\/hoyre.no\/hamaroy\/wp-json\/wp\/v2\/pages\/29\/revisions"}],"predecessor-version":[{"id":240,"href":"https:\/\/hoyre.no\/hamaroy\/wp-json\/wp\/v2\/pages\/29\/revisions\/240"}],"wp:attachment":[{"href":"https:\/\/hoyre.no\/hamaroy\/wp-json\/wp\/v2\/media?parent=29"}],"curies":[{"name":"wp","href":"https:\/\/api.w.org\/{rel}","templated":true}]}}