{"id":33,"date":"2023-04-26T08:48:01","date_gmt":"2023-04-26T06:48:01","guid":{"rendered":"https:\/\/hoyre.no\/haram\/?page_id=33"},"modified":"2023-08-07T21:34:31","modified_gmt":"2023-08-07T19:34:31","slug":"syv-grunnar-til-a-stemme-hogre-i-haram","status":"publish","type":"page","link":"https:\/\/hoyre.no\/haram\/politikk\/syv-grunnar-til-a-stemme-hogre-i-haram\/","title":{"rendered":"7 grunnar til \u00e5 stemme H\u00f8gre i Haram"},"content":{"rendered":"\n\n\n\t\t<div class=\" has-simple-highlight style-white has-mobile-text-aligned-center slogan-type-custom wp-block-hoyre-slogan\">\n\t\t\t<div class=\"slogan-container\">\n\t\t\t\t<div class=\"slogan__image\">\n\t\t\t\t\t<img loading=\"lazy\" decoding=\"async\" width=\"2500\" height=\"1875\" src=\"https:\/\/hoyre.no\/content\/uploads\/sites\/435\/2023\/04\/Fra-Hellenakken-3-scaled.jpg\" class=\"slogan__background-media\" alt=\"\" style=\"--focal-point: 50% 65%;\" srcset=\"https:\/\/hoyre.no\/content\/uploads\/sites\/435\/2023\/04\/Fra-Hellenakken-3-scaled.jpg 2500w, https:\/\/hoyre.no\/content\/uploads\/sites\/435\/2023\/04\/Fra-Hellenakken-3-300x225.jpg 300w, https:\/\/hoyre.no\/content\/uploads\/sites\/435\/2023\/04\/Fra-Hellenakken-3-1024x768.jpg 1024w, https:\/\/hoyre.no\/content\/uploads\/sites\/435\/2023\/04\/Fra-Hellenakken-3-768x576.jpg 768w, https:\/\/hoyre.no\/content\/uploads\/sites\/435\/2023\/04\/Fra-Hellenakken-3-1536x1152.jpg 1536w, https:\/\/hoyre.no\/content\/uploads\/sites\/435\/2023\/04\/Fra-Hellenakken-3-2048x1536.jpg 2048w\" sizes=\"auto, (max-width: 2500px) 100vw, 2500px\" \/>\n\t\t\t\t<\/div>\n\t\t\t\t<div class=\"slogan__content\">\n\t\t\t\t\t\n\t\t\t\t\t<h2 class=\"slogan__big-title\">7 gode grunnar til \u00e5 stemme H\u00f8gre i Haram<\/h2>\n\t\t\t\t\t<p>H\u00f8gre sin visjon for Haram er eit samfunn med moglegheiter for alle<\/p>\n\t\t\t\t\t\n\t\t\t\t<\/div>\n\t\t\t<\/div>\n\t\t\t\n\t\t<\/div>\n\t\t\n\n\n\t\t<div class=\"has-dark-blue-background-color is-layout-left alignwide alignwide wp-block-hoyre-media-text\">\n\t\t\t<div class=\"hoyre-media-text__media\">\n\t\t\t\t<img loading=\"lazy\" decoding=\"async\" width=\"1024\" height=\"683\" src=\"https:\/\/hoyre.no\/content\/uploads\/sites\/435\/2023\/04\/nxGVXwmU-1024x683.jpeg\" class=\"hoyre-media-text__media-image\" alt=\"\" style=\"--focal: 50% 50%;\" srcset=\"https:\/\/hoyre.no\/content\/uploads\/sites\/435\/2023\/04\/nxGVXwmU-1024x683.jpeg 1024w, https:\/\/hoyre.no\/content\/uploads\/sites\/435\/2023\/04\/nxGVXwmU-300x200.jpeg 300w, https:\/\/hoyre.no\/content\/uploads\/sites\/435\/2023\/04\/nxGVXwmU-768x512.jpeg 768w, https:\/\/hoyre.no\/content\/uploads\/sites\/435\/2023\/04\/nxGVXwmU-1536x1024.jpeg 1536w, https:\/\/hoyre.no\/content\/uploads\/sites\/435\/2023\/04\/nxGVXwmU-2048x1365.jpeg 2048w\" sizes=\"auto, (max-width: 1024px) 100vw, 1024px\" \/>\n\t\t\t<\/div>\n\t\t\t<div class=\"hoyre-media-text__content\">\n\t\t\t\t<div class=\"hoyre-media-text__content-inner\">\n\t\t\t\t\t\n\t\t\t<div class=\"hoyre-media-text__title-container\">\n\t\t\t\t\n\t\t\t\t<h2 class=\"hoyre-media-text__title\">1.<strong> Moglegheiter for alle i Haram<\/strong><\/h2>\n\t\t\t<\/div>\n\t\t\t\n\t\t\t\t\t<div class=\"hoyre-media-text__blocks\">\n<p>H\u00f8gre \u00f8nskjer \u00e5 vidareutvikle Haram som ein attraktiv bu- og arbeidskommune. Vi har trua p\u00e5 Haram, og d\u00e5 m\u00e5 vi sleppe alle gode krefter til og vere ein JA-kommune. H\u00f8gre vil seie ja til nye gode idear og nye l\u00f8ysingar for korleis vi skal vere attraktive b\u00e5de for n\u00e6ringsliv og familiar i etableringsfasen.<\/p>\n<\/div>\n\t\t\t\t\t\n\t\t\t\t<\/div>\n\t\t\t<\/div>\n\t\t<\/div>\n\t\t\n\n\n\t\t<div class=\"has-pale-blue-background-color is-layout-right alignwide alignwide wp-block-hoyre-media-text\">\n\t\t\t<div class=\"hoyre-media-text__media\">\n\t\t\t\t<img loading=\"lazy\" decoding=\"async\" width=\"1024\" height=\"768\" src=\"https:\/\/hoyre.no\/content\/uploads\/sites\/435\/2023\/04\/Brattvag-1024x768.jpg\" class=\"hoyre-media-text__media-image\" alt=\"\" style=\"--focal: 50% 50%;\" srcset=\"https:\/\/hoyre.no\/content\/uploads\/sites\/435\/2023\/04\/Brattvag-1024x768.jpg 1024w, https:\/\/hoyre.no\/content\/uploads\/sites\/435\/2023\/04\/Brattvag-300x225.jpg 300w, https:\/\/hoyre.no\/content\/uploads\/sites\/435\/2023\/04\/Brattvag-768x576.jpg 768w, https:\/\/hoyre.no\/content\/uploads\/sites\/435\/2023\/04\/Brattvag-1536x1152.jpg 1536w, https:\/\/hoyre.no\/content\/uploads\/sites\/435\/2023\/04\/Brattvag-2048x1536.jpg 2048w\" sizes=\"auto, (max-width: 1024px) 100vw, 1024px\" \/>\n\t\t\t<\/div>\n\t\t\t<div class=\"hoyre-media-text__content\">\n\t\t\t\t<div class=\"hoyre-media-text__content-inner\">\n\t\t\t\t\t\n\t\t\t<div class=\"hoyre-media-text__title-container\">\n\t\t\t\t\n\t\t\t\t<h2 class=\"hoyre-media-text__title\">2. <strong>Prioritere det viktigaste fyrst<\/strong><\/h2>\n\t\t\t<\/div>\n\t\t\t\n\t\t\t\t\t<div class=\"hoyre-media-text__blocks\">\n<p>Vi skal bygge ein heilt ny kommune, d\u00e5 m\u00e5 vi nytte h\u00f8vet til \u00e5 rigge ein effektiv og god kommune som har innbyggjarane i sentrum. Vi m\u00e5 prioritere det viktigaste fyrst og H\u00f8gre er ein garantist for trygg \u00f8konomisk styring.<\/p>\n<\/div>\n\t\t\t\t\t\n\t\t\t\t<\/div>\n\t\t\t<\/div>\n\t\t<\/div>\n\t\t\n\n\n\t\t<div class=\"has-dark-blue-background-color is-layout-left alignwide alignwide wp-block-hoyre-media-text\">\n\t\t\t<div class=\"hoyre-media-text__media\">\n\t\t\t\t<img loading=\"lazy\" decoding=\"async\" width=\"1024\" height=\"683\" src=\"https:\/\/hoyre.no\/content\/uploads\/sites\/435\/2023\/04\/w5OHPr4c-1024x683.jpeg\" class=\"hoyre-media-text__media-image\" alt=\"\" style=\"--focal: 50% 50%;\" srcset=\"https:\/\/hoyre.no\/content\/uploads\/sites\/435\/2023\/04\/w5OHPr4c-1024x683.jpeg 1024w, https:\/\/hoyre.no\/content\/uploads\/sites\/435\/2023\/04\/w5OHPr4c-300x200.jpeg 300w, https:\/\/hoyre.no\/content\/uploads\/sites\/435\/2023\/04\/w5OHPr4c-768x512.jpeg 768w, https:\/\/hoyre.no\/content\/uploads\/sites\/435\/2023\/04\/w5OHPr4c-1536x1024.jpeg 1536w, https:\/\/hoyre.no\/content\/uploads\/sites\/435\/2023\/04\/w5OHPr4c-2048x1365.jpeg 2048w\" sizes=\"auto, (max-width: 1024px) 100vw, 1024px\" \/>\n\t\t\t<\/div>\n\t\t\t<div class=\"hoyre-media-text__content\">\n\t\t\t\t<div class=\"hoyre-media-text__content-inner\">\n\t\t\t\t\t\n\t\t\t<div class=\"hoyre-media-text__title-container\">\n\t\t\t\t\n\t\t\t\t<h2 class=\"hoyre-media-text__title\">3. <strong>Ein trygg og god skule for alle<\/strong><\/h2>\n\t\t\t<\/div>\n\t\t\t\n\t\t\t\t\t<div class=\"hoyre-media-text__blocks\">\n<p>Alle born skal f\u00e5 oppleve meistring og det \u00e5 bli sett i sin skulekvardag. For \u00e5 lukkast med dette m\u00e5 ein styrke l\u00e6raren, b\u00e5de med kompetanse i form av etter og vidareutdanning, men og syte for at andre faggrupper er ein del av fagmilj\u00f8et p\u00e5 skulen, til beste for bornas utdanning. Vi m\u00e5 skape det beste laget rundt borna v\u00e5re.<\/p>\n<\/div>\n\t\t\t\t\t\n\t\t\t\t<\/div>\n\t\t\t<\/div>\n\t\t<\/div>\n\t\t\n\n\n\t\t<div class=\"has-pale-blue-background-color is-layout-right alignwide alignwide wp-block-hoyre-media-text\">\n\t\t\t<div class=\"hoyre-media-text__media\">\n\t\t\t\t<img loading=\"lazy\" decoding=\"async\" width=\"1024\" height=\"682\" src=\"https:\/\/hoyre.no\/content\/uploads\/sites\/435\/2023\/04\/m347xAnU-1024x682.jpeg\" class=\"hoyre-media-text__media-image\" alt=\"\" style=\"--focal: 50% 50%;\" srcset=\"https:\/\/hoyre.no\/content\/uploads\/sites\/435\/2023\/04\/m347xAnU-1024x682.jpeg 1024w, https:\/\/hoyre.no\/content\/uploads\/sites\/435\/2023\/04\/m347xAnU-300x200.jpeg 300w, https:\/\/hoyre.no\/content\/uploads\/sites\/435\/2023\/04\/m347xAnU-768x511.jpeg 768w, https:\/\/hoyre.no\/content\/uploads\/sites\/435\/2023\/04\/m347xAnU-1536x1022.jpeg 1536w, https:\/\/hoyre.no\/content\/uploads\/sites\/435\/2023\/04\/m347xAnU.jpeg 2048w\" sizes=\"auto, (max-width: 1024px) 100vw, 1024px\" \/>\n\t\t\t<\/div>\n\t\t\t<div class=\"hoyre-media-text__content\">\n\t\t\t\t<div class=\"hoyre-media-text__content-inner\">\n\t\t\t\t\t\n\t\t\t<div class=\"hoyre-media-text__title-container\">\n\t\t\t\t\n\t\t\t\t<h2 class=\"hoyre-media-text__title\">4. <strong>Godt \u00e5 bli gamal i Haram<\/strong><\/h2>\n\t\t\t<\/div>\n\t\t\t\n\t\t\t\t\t<div class=\"hoyre-media-text__blocks\">\n<p>Innbyggjarane skal oppleve at dei f\u00e5r gode helse og omsorgstenester n\u00e5r dei treng det. Det handlar og om m\u00e5ltid, aktivitet og fellesskap. D\u00e5 er det viktig at ein slepp alle gode krefter til for best kvalitet i tenestene, at ein speler p\u00e5 lag med tilsette og p\u00e5r\u00f8rande, satsar meir p\u00e5 f\u00f8rebygging slik at eldre kan bu heime lenger og at p\u00e5r\u00f8rande f\u00e5r avlastning slik at dette er mogeleg.<\/p>\n<\/div>\n\t\t\t\t\t\n\t\t\t\t<\/div>\n\t\t\t<\/div>\n\t\t<\/div>\n\t\t\n\n\n\t\t<div class=\"has-dark-blue-background-color is-layout-left alignwide alignwide wp-block-hoyre-media-text\">\n\t\t\t<div class=\"hoyre-media-text__media\">\n\t\t\t\t<img loading=\"lazy\" decoding=\"async\" width=\"1024\" height=\"683\" src=\"https:\/\/hoyre.no\/content\/uploads\/sites\/435\/2023\/04\/GettyImages-597623741-1024x683.jpg\" class=\"hoyre-media-text__media-image\" alt=\"\" style=\"--focal: 50% 50%;\" srcset=\"https:\/\/hoyre.no\/content\/uploads\/sites\/435\/2023\/04\/GettyImages-597623741-1024x683.jpg 1024w, https:\/\/hoyre.no\/content\/uploads\/sites\/435\/2023\/04\/GettyImages-597623741-300x200.jpg 300w, https:\/\/hoyre.no\/content\/uploads\/sites\/435\/2023\/04\/GettyImages-597623741-768x513.jpg 768w, https:\/\/hoyre.no\/content\/uploads\/sites\/435\/2023\/04\/GettyImages-597623741-1536x1025.jpg 1536w, https:\/\/hoyre.no\/content\/uploads\/sites\/435\/2023\/04\/GettyImages-597623741-2048x1367.jpg 2048w\" sizes=\"auto, (max-width: 1024px) 100vw, 1024px\" \/>\n\t\t\t<\/div>\n\t\t\t<div class=\"hoyre-media-text__content\">\n\t\t\t\t<div class=\"hoyre-media-text__content-inner\">\n\t\t\t\t\t\n\t\t\t<div class=\"hoyre-media-text__title-container\">\n\t\t\t\t\n\t\t\t\t<h2 class=\"hoyre-media-text__title\">5. <strong>N\u00e6ringsvenleg kommune som seier JA til utvikling<\/strong><\/h2>\n\t\t\t<\/div>\n\t\t\t\n\t\t\t\t\t<div class=\"hoyre-media-text__blocks\">\n<p>H\u00f8gre vil spele p\u00e5 lag med n\u00e6ringslivet og dei som skaper verdiar, utvikling og gode arbeidsplassar. Haram skal vere ein attraktiv kommune og etablere seg i, og vi vil vidareutvikle attraktive bu-omr\u00e5der med n\u00e6rleik til tilbod og legge til rette for meir utbygging.<\/p>\n<\/div>\n\t\t\t\t\t\n\t\t\t\t<\/div>\n\t\t\t<\/div>\n\t\t<\/div>\n\t\t\n\n\n\t\t<div class=\"has-pale-blue-background-color is-layout-right alignwide alignwide wp-block-hoyre-media-text\">\n\t\t\t<div class=\"hoyre-media-text__media\">\n\t\t\t\t<img loading=\"lazy\" decoding=\"async\" width=\"1024\" height=\"683\" src=\"https:\/\/hoyre.no\/content\/uploads\/sites\/435\/2023\/04\/GettyImages-1305286523-1024x683.jpg\" class=\"hoyre-media-text__media-image\" alt=\"\" style=\"--focal: 50% 50%;\" srcset=\"https:\/\/hoyre.no\/content\/uploads\/sites\/435\/2023\/04\/GettyImages-1305286523-1024x683.jpg 1024w, https:\/\/hoyre.no\/content\/uploads\/sites\/435\/2023\/04\/GettyImages-1305286523-300x200.jpg 300w, https:\/\/hoyre.no\/content\/uploads\/sites\/435\/2023\/04\/GettyImages-1305286523-768x512.jpg 768w, https:\/\/hoyre.no\/content\/uploads\/sites\/435\/2023\/04\/GettyImages-1305286523-1536x1024.jpg 1536w, https:\/\/hoyre.no\/content\/uploads\/sites\/435\/2023\/04\/GettyImages-1305286523-2048x1365.jpg 2048w\" sizes=\"auto, (max-width: 1024px) 100vw, 1024px\" \/>\n\t\t\t<\/div>\n\t\t\t<div class=\"hoyre-media-text__content\">\n\t\t\t\t<div class=\"hoyre-media-text__content-inner\">\n\t\t\t\t\t\n\t\t\t<div class=\"hoyre-media-text__title-container\">\n\t\t\t\t\n\t\t\t\t<h2 class=\"hoyre-media-text__title\">6. <strong>Samferdsle<\/strong><\/h2>\n\t\t\t<\/div>\n\t\t\t\n\t\t\t\t\t<div class=\"hoyre-media-text__blocks\">\n<p>Gode kommunikasjons- og transportl\u00f8ysingar bidreg til auka verdiskaping, levande lokalsamfunn og fridom for den einskilde. Vi vil betre kollektivtilbodet og kommunikasjonen for elevane ved Haram vidareg\u00e5ande skule. Vi skal satse p\u00e5 trafikktryggingstiltak, s\u00e6rleg der det er skuleborn som kryssar veg, bygge ut gang- og sykkelvegar og utbetre trafikkerte kryss.<\/p>\n<\/div>\n\t\t\t\t\t\n\t\t\t\t<\/div>\n\t\t\t<\/div>\n\t\t<\/div>\n\t\t\n\n\n\t\t<div class=\"has-dark-blue-background-color is-layout-left alignwide alignwide wp-block-hoyre-media-text\">\n\t\t\t<div class=\"hoyre-media-text__media\">\n\t\t\t\t<img loading=\"lazy\" decoding=\"async\" width=\"1024\" height=\"692\" src=\"https:\/\/hoyre.no\/content\/uploads\/sites\/435\/2023\/04\/GettyImages-1190647327-1024x692.jpg\" class=\"hoyre-media-text__media-image\" alt=\"\" style=\"--focal: 50% 50%;\" srcset=\"https:\/\/hoyre.no\/content\/uploads\/sites\/435\/2023\/04\/GettyImages-1190647327-1024x692.jpg 1024w, https:\/\/hoyre.no\/content\/uploads\/sites\/435\/2023\/04\/GettyImages-1190647327-300x203.jpg 300w, https:\/\/hoyre.no\/content\/uploads\/sites\/435\/2023\/04\/GettyImages-1190647327-768x519.jpg 768w, https:\/\/hoyre.no\/content\/uploads\/sites\/435\/2023\/04\/GettyImages-1190647327-1536x1038.jpg 1536w, https:\/\/hoyre.no\/content\/uploads\/sites\/435\/2023\/04\/GettyImages-1190647327-2048x1384.jpg 2048w\" sizes=\"auto, (max-width: 1024px) 100vw, 1024px\" \/>\n\t\t\t<\/div>\n\t\t\t<div class=\"hoyre-media-text__content\">\n\t\t\t\t<div class=\"hoyre-media-text__content-inner\">\n\t\t\t\t\t\n\t\t\t<div class=\"hoyre-media-text__title-container\">\n\t\t\t\t\n\t\t\t\t<h2 class=\"hoyre-media-text__title\">7. <strong>Kultur og frivilligheit<\/strong><\/h2>\n\t\t\t<\/div>\n\t\t\t\n\t\t\t\t\t<div class=\"hoyre-media-text__blocks\">\n<p>Eit godt kulturtilbod er viktig for \u00e5 skape bulyst, og for \u00e5 gjere kommunen attraktiv b\u00e5de for oss som bur her i dag, men og for at nye skal ville busette seg her. Frivillig innsats bidreg til eit rikare lokalsamfunn, og betyr mykje for kvart einskild menneske. H\u00f8gre vil spele p\u00e5 lag med dei etablerte laga og organisasjonane. Kommunen b\u00f8r, s\u00e5 godt det let seg gjere, st\u00f8tte ulike tiltak n\u00e5r det kjem til fysisk aktivitet for innbyggarane. Vi vil og sikre eit moderne folkebibliotek i kommunen, med opne og tilgjengelege tilbod n\u00e5r folk vil ha det.<\/p>\n<\/div>\n\t\t\t\t\t\n\t\t\t\t<\/div>\n\t\t\t<\/div>\n\t\t<\/div>\n\t\t\n\n\n\t\t<div class=\"has-transparent-background-color is-layout-right alignwide alignwide wp-block-hoyre-media-text\">\n\t\t\t<div class=\"hoyre-media-text__media\">\n\t\t\t\t<img loading=\"lazy\" decoding=\"async\" width=\"1024\" height=\"1024\" src=\"https:\/\/hoyre.no\/content\/uploads\/sites\/435\/2023\/04\/Memoria-70-1024x1024.jpg\" class=\"hoyre-media-text__media-image\" alt=\"Kathrine Pernille Beite\" style=\"--focal: 50% 50%;\" srcset=\"https:\/\/hoyre.no\/content\/uploads\/sites\/435\/2023\/04\/Memoria-70-1024x1024.jpg 1024w, https:\/\/hoyre.no\/content\/uploads\/sites\/435\/2023\/04\/Memoria-70-300x300.jpg 300w, https:\/\/hoyre.no\/content\/uploads\/sites\/435\/2023\/04\/Memoria-70-150x150.jpg 150w, https:\/\/hoyre.no\/content\/uploads\/sites\/435\/2023\/04\/Memoria-70-768x768.jpg 768w, https:\/\/hoyre.no\/content\/uploads\/sites\/435\/2023\/04\/Memoria-70-1536x1536.jpg 1536w, https:\/\/hoyre.no\/content\/uploads\/sites\/435\/2023\/04\/Memoria-70-2048x2048.jpg 2048w\" sizes=\"auto, (max-width: 1024px) 100vw, 1024px\" \/>\n\t\t\t<\/div>\n\t\t\t<div class=\"hoyre-media-text__content\">\n\t\t\t\t<div class=\"hoyre-media-text__content-inner\">\n\t\t\t\t\t\n\t\t\t<div class=\"hoyre-media-text__title-container\">\n\t\t\t\t\n\t\t\t\t<h2 class=\"hoyre-media-text__title\">Kathrine Pernille Beite<\/h2>\n\t\t\t<\/div>\n\t\t\t\n\t\t\t\t\t<div class=\"hoyre-media-text__blocks\">\n<p>H\u00f8gre sin ordf\u00f8rerkandidat i Haram.<\/p><p><\/p>\n<\/div>\n\t\t\t\t\t\n\t\t\t<div class=\"hoyre-media-text__buttons\">\n\t\t\t\t<a class=\"button\" href=\"https:\/\/hoyre.no\/haram\/ordforerkandidat\/\">Bli betre kjend med ho her<\/a>\n\t\t\t<\/div>\n\t\t\t\n\t\t\t\t<\/div>\n\t\t\t<\/div>\n\t\t<\/div>\n\t\t","protected":false},"excerpt":{"rendered":"","protected":false},"author":15381,"featured_media":0,"parent":63,"menu_order":0,"comment_status":"closed","ping_status":"closed","template":"","meta":{"teft_cards_image_url":"","teft_cards_custom_pretitle":"","teft_cards_image_id":0,"teft_cards_image_focal_point_x":0,"teft_cards_image_focal_point_y":0,"teft_cards_title":"","teft_cards_excerpt":"","teft_show_chapters":false,"footnotes":""},"class_list":["post-33","page","type-page","status-publish","hentry"],"yoast_head":"<!-- This site is optimized with the Yoast SEO plugin v26.6 - https:\/\/yoast.com\/wordpress\/plugins\/seo\/ -->\n<title>7 grunnar til \u00e5 stemme H\u00f8gre i Haram - Haram H\u00f8gre<\/title>\n<meta name=\"robots\" content=\"index, follow, max-snippet:-1, max-image-preview:large, max-video-preview:-1\" \/>\n<link rel=\"canonical\" href=\"https:\/\/hoyre.no\/haram\/politikk\/syv-grunnar-til-a-stemme-hogre-i-haram\/\" \/>\n<meta property=\"og:locale\" content=\"nn_NO\" \/>\n<meta property=\"og:type\" content=\"article\" \/>\n<meta property=\"og:title\" content=\"7 grunnar til \u00e5 stemme H\u00f8gre i Haram - Haram H\u00f8gre\" \/>\n<meta property=\"og:url\" content=\"https:\/\/hoyre.no\/haram\/politikk\/syv-grunnar-til-a-stemme-hogre-i-haram\/\" \/>\n<meta property=\"og:site_name\" content=\"Haram H\u00f8gre\" \/>\n<meta property=\"article:modified_time\" content=\"2023-08-07T19:34:31+00:00\" \/>\n<meta name=\"twitter:card\" content=\"summary_large_image\" \/>\n<meta name=\"twitter:label1\" content=\"Est. reading time\" \/>\n\t<meta name=\"twitter:data1\" content=\"3 minutt\" \/>\n<script type=\"application\/ld+json\" class=\"yoast-schema-graph\">{\"@context\":\"https:\/\/schema.org\",\"@graph\":[{\"@type\":\"WebPage\",\"@id\":\"https:\/\/hoyre.no\/haram\/politikk\/syv-grunnar-til-a-stemme-hogre-i-haram\/\",\"url\":\"https:\/\/hoyre.no\/haram\/politikk\/syv-grunnar-til-a-stemme-hogre-i-haram\/\",\"name\":\"7 grunnar til \u00e5 stemme H\u00f8gre i Haram - Haram H\u00f8gre\",\"isPartOf\":{\"@id\":\"https:\/\/hoyre.no\/haram\/#website\"},\"datePublished\":\"2023-04-26T06:48:01+00:00\",\"dateModified\":\"2023-08-07T19:34:31+00:00\",\"breadcrumb\":{\"@id\":\"https:\/\/hoyre.no\/haram\/politikk\/syv-grunnar-til-a-stemme-hogre-i-haram\/#breadcrumb\"},\"inLanguage\":\"nn-NO\",\"potentialAction\":[{\"@type\":\"ReadAction\",\"target\":[\"https:\/\/hoyre.no\/haram\/politikk\/syv-grunnar-til-a-stemme-hogre-i-haram\/\"]}]},{\"@type\":\"BreadcrumbList\",\"@id\":\"https:\/\/hoyre.no\/haram\/politikk\/syv-grunnar-til-a-stemme-hogre-i-haram\/#breadcrumb\",\"itemListElement\":[{\"@type\":\"ListItem\",\"position\":1,\"name\":\"Til hoyre.no\",\"item\":\"https:\/\/hoyre.no\"},{\"@type\":\"ListItem\",\"position\":2,\"name\":\"Hjem\",\"item\":\"https:\/\/hoyre.no\/haram\/\"},{\"@type\":\"ListItem\",\"position\":3,\"name\":\"Politikk\",\"item\":\"https:\/\/hoyre.no\/haram\/politikk\/\"},{\"@type\":\"ListItem\",\"position\":4,\"name\":\"7 grunnar til \u00e5 stemme H\u00f8gre i Haram\"}]},{\"@type\":\"WebSite\",\"@id\":\"https:\/\/hoyre.no\/haram\/#website\",\"url\":\"https:\/\/hoyre.no\/haram\/\",\"name\":\"Haram H\u00f8gre\",\"description\":\"Bare enda et H\u00f8yres nettsteder-nettsted\",\"inLanguage\":\"nn-NO\"}]}<\/script>\n<!-- \/ Yoast SEO plugin. -->","yoast_head_json":{"title":"7 grunnar til \u00e5 stemme H\u00f8gre i Haram - Haram H\u00f8gre","robots":{"index":"index","follow":"follow","max-snippet":"max-snippet:-1","max-image-preview":"max-image-preview:large","max-video-preview":"max-video-preview:-1"},"canonical":"https:\/\/hoyre.no\/haram\/politikk\/syv-grunnar-til-a-stemme-hogre-i-haram\/","og_locale":"nn_NO","og_type":"article","og_title":"7 grunnar til \u00e5 stemme H\u00f8gre i Haram - Haram H\u00f8gre","og_url":"https:\/\/hoyre.no\/haram\/politikk\/syv-grunnar-til-a-stemme-hogre-i-haram\/","og_site_name":"Haram H\u00f8gre","article_modified_time":"2023-08-07T19:34:31+00:00","twitter_card":"summary_large_image","twitter_misc":{"Est. reading time":"3 minutt"},"schema":{"@context":"https:\/\/schema.org","@graph":[{"@type":"WebPage","@id":"https:\/\/hoyre.no\/haram\/politikk\/syv-grunnar-til-a-stemme-hogre-i-haram\/","url":"https:\/\/hoyre.no\/haram\/politikk\/syv-grunnar-til-a-stemme-hogre-i-haram\/","name":"7 grunnar til \u00e5 stemme H\u00f8gre i Haram - Haram H\u00f8gre","isPartOf":{"@id":"https:\/\/hoyre.no\/haram\/#website"},"datePublished":"2023-04-26T06:48:01+00:00","dateModified":"2023-08-07T19:34:31+00:00","breadcrumb":{"@id":"https:\/\/hoyre.no\/haram\/politikk\/syv-grunnar-til-a-stemme-hogre-i-haram\/#breadcrumb"},"inLanguage":"nn-NO","potentialAction":[{"@type":"ReadAction","target":["https:\/\/hoyre.no\/haram\/politikk\/syv-grunnar-til-a-stemme-hogre-i-haram\/"]}]},{"@type":"BreadcrumbList","@id":"https:\/\/hoyre.no\/haram\/politikk\/syv-grunnar-til-a-stemme-hogre-i-haram\/#breadcrumb","itemListElement":[{"@type":"ListItem","position":1,"name":"Til hoyre.no","item":"https:\/\/hoyre.no"},{"@type":"ListItem","position":2,"name":"Hjem","item":"https:\/\/hoyre.no\/haram\/"},{"@type":"ListItem","position":3,"name":"Politikk","item":"https:\/\/hoyre.no\/haram\/politikk\/"},{"@type":"ListItem","position":4,"name":"7 grunnar til \u00e5 stemme H\u00f8gre i Haram"}]},{"@type":"WebSite","@id":"https:\/\/hoyre.no\/haram\/#website","url":"https:\/\/hoyre.no\/haram\/","name":"Haram H\u00f8gre","description":"Bare enda et H\u00f8yres nettsteder-nettsted","inLanguage":"nn-NO"}]}},"distributor_meta":false,"distributor_terms":false,"distributor_media":false,"distributor_original_site_name":"Haram H\u00f8gre","distributor_original_site_url":"https:\/\/hoyre.no\/haram","push-errors":false,"_links":{"self":[{"href":"https:\/\/hoyre.no\/haram\/wp-json\/wp\/v2\/pages\/33","targetHints":{"allow":["GET"]}}],"collection":[{"href":"https:\/\/hoyre.no\/haram\/wp-json\/wp\/v2\/pages"}],"about":[{"href":"https:\/\/hoyre.no\/haram\/wp-json\/wp\/v2\/types\/page"}],"author":[{"embeddable":true,"href":"https:\/\/hoyre.no\/haram\/wp-json\/wp\/v2\/users\/15381"}],"replies":[{"embeddable":true,"href":"https:\/\/hoyre.no\/haram\/wp-json\/wp\/v2\/comments?post=33"}],"version-history":[{"count":9,"href":"https:\/\/hoyre.no\/haram\/wp-json\/wp\/v2\/pages\/33\/revisions"}],"predecessor-version":[{"id":213,"href":"https:\/\/hoyre.no\/haram\/wp-json\/wp\/v2\/pages\/33\/revisions\/213"}],"up":[{"embeddable":true,"href":"https:\/\/hoyre.no\/haram\/wp-json\/wp\/v2\/pages\/63"}],"wp:attachment":[{"href":"https:\/\/hoyre.no\/haram\/wp-json\/wp\/v2\/media?parent=33"}],"curies":[{"name":"wp","href":"https:\/\/api.w.org\/{rel}","templated":true}]}}