{"id":63,"date":"2023-05-02T12:50:47","date_gmt":"2023-05-02T10:50:47","guid":{"rendered":"https:\/\/hoyre.no\/haram\/?page_id=63"},"modified":"2023-08-07T20:17:23","modified_gmt":"2023-08-07T18:17:23","slug":"politikk","status":"publish","type":"page","link":"https:\/\/hoyre.no\/haram\/politikk\/","title":{"rendered":"Politikk"},"content":{"rendered":"\n<div class=\"wp-block-hoyre-hero with-image-gradient text-color-light  has-media alignfull has-background\"><div class=\"hoyre-hero has-image\"><h1 class=\"title\">Politikk<\/h1><p class=\"preamble\">N\u00e5r frivillegheita, n\u00e6ringslivet og offentleg sektor spelar p\u00e5 lag, skapar det gode lokalsamfunn. H\u00f8gre trur p\u00e5 enkeltmenneske si evne og lyst til \u00e5 st\u00e5 p\u00e5 eigne bein.<br><br>V\u00e5r oppg\u00e5ve er \u00e5 s\u00f8rge for at menneske kan leve gode liv, uansett utgangspunkt. Vi skapar ikkje politikk for kommunen, men for alle som bur der. H\u00f8gre trur p\u00e5 eit samfunn som gir moglegheiter for alle.<\/p>\t\t\t<div class=\"post-meta wp-block teft-byline-wrapper\">\n\t\t\t\t<div class=\"top\">\n\t\t\t\t\t<div class=\"signature\">\n\t\t\t\t\t\t<div class=\"teft-byline\">\n\t\t\t\t\t\t\t\t\t\t\t\t\t\t<div>\n\t\t\t\t\t\t\t\t<h3>H\u00f8yres redaksjon<\/h3>\t\t\t\t\t\t\t\t\n\t\t\t\t\t\t\t\t\t\t\t\t\t\t\t\t\t<span class=\"date\">Sist oppdatert: 7. august 2023<\/span>\n\t\t\t\t\t\t\t\t\t\t\t\t\t\t\t\t\t\t\t\t\t\t\t\t\t<span class=\"reading-time\" itemprop=\"timeRequired\" content=\"PT1M\"><em>Ca. 1 minutter lesetid<\/em><\/span>\n\t\t\t\t\t\t\t\t\t\t\t\t\t\t\t<\/div>\n\t\t\t\t\t\t<\/div>\n\t\t\t\t\t<\/div>\n\t\t\t\t\t\t<div class=\"sharing\">\n\t\t<a class=\"share-button share-link copy-link\" data-copy=\"https:\/\/hoyre.no\/haram\/politikk\/\" target=\"_blank\"><span class=\"screen-reader-text\">Del link<\/span><\/a>\n\t\t<a class=\"share-button share-twitter\" href=\"http:\/\/twitter.com\/share?text=Politikk&#038;url=https:\/\/hoyre.no\/haram\/politikk\/&#038;hashtags=Hoyre\" target=\"_blank\"><span class=\"screen-reader-text\">Del p\u00e5 twitter<\/span><\/a>\n\t\t<a class=\"share-button share-facebook\" href=\"https:\/\/www.facebook.com\/sharer\/sharer.php?u=https:\/\/hoyre.no\/haram\/politikk\/\" target=\"_blank\"><span class=\"screen-reader-text\">Del p\u00e5 facebook<\/span><\/a>\n\t<\/div>\n\t\t\t\t\t<\/div>\n\t\t\t<\/div>\n\n\t\t\t<figure class=\"hoyre-image-wrapper\"><div class=\"hoyre-image\"><img loading=\"lazy\" decoding=\"async\" width=\"2500\" height=\"1875\" src=\"https:\/\/hoyre.no\/content\/uploads\/sites\/435\/2023\/08\/Fra-Otrefjellet-scaled.jpg\" class=\"attachment-scaled size-scaled\" alt=\"\" style=\"object-position: 49% 57.99999999999999%\" srcset=\"https:\/\/hoyre.no\/content\/uploads\/sites\/435\/2023\/08\/Fra-Otrefjellet-scaled.jpg 2500w, https:\/\/hoyre.no\/content\/uploads\/sites\/435\/2023\/08\/Fra-Otrefjellet-300x225.jpg 300w, https:\/\/hoyre.no\/content\/uploads\/sites\/435\/2023\/08\/Fra-Otrefjellet-1024x768.jpg 1024w, https:\/\/hoyre.no\/content\/uploads\/sites\/435\/2023\/08\/Fra-Otrefjellet-768x576.jpg 768w, https:\/\/hoyre.no\/content\/uploads\/sites\/435\/2023\/08\/Fra-Otrefjellet-1536x1152.jpg 1536w, https:\/\/hoyre.no\/content\/uploads\/sites\/435\/2023\/08\/Fra-Otrefjellet-2048x1536.jpg 2048w\" sizes=\"auto, (max-width: 2500px) 100vw, 2500px\" \/><\/div><\/figure><\/div><\/div>\n\n\n\n<div class=\"wp-block-hoyre-banner undefined\"><div class=\"banner-inner\"><figure class=\"hoyre-image-wrapper\"><div class=\"hoyre-image\"><img loading=\"lazy\" decoding=\"async\" width=\"1640\" height=\"624\" src=\"https:\/\/hoyre.no\/content\/uploads\/sites\/435\/2023\/08\/toppbilde-Facebook-NYNORSK-1690916359757.png\" class=\"attachment-scaled size-scaled\" alt=\"\" style=\"object-position: 50% 50%\" srcset=\"https:\/\/hoyre.no\/content\/uploads\/sites\/435\/2023\/08\/toppbilde-Facebook-NYNORSK-1690916359757.png 1640w, https:\/\/hoyre.no\/content\/uploads\/sites\/435\/2023\/08\/toppbilde-Facebook-NYNORSK-1690916359757-300x114.png 300w, https:\/\/hoyre.no\/content\/uploads\/sites\/435\/2023\/08\/toppbilde-Facebook-NYNORSK-1690916359757-1024x390.png 1024w, https:\/\/hoyre.no\/content\/uploads\/sites\/435\/2023\/08\/toppbilde-Facebook-NYNORSK-1690916359757-768x292.png 768w, https:\/\/hoyre.no\/content\/uploads\/sites\/435\/2023\/08\/toppbilde-Facebook-NYNORSK-1690916359757-1536x584.png 1536w\" sizes=\"auto, (max-width: 1640px) 100vw, 1640px\" \/><\/div><\/figure><div class=\"banner-content\"><div class=\"entry-content\">\n<h2 class=\"wp-block-heading\">KOMMUNEVALET 2023<\/h2>\n\n\n\n<p>ALT DU TRENG \u00c5 VITE <\/p>\n\n\n\n<div class=\"wp-block-buttons is-layout-flex wp-block-buttons-is-layout-flex\">\n<div class=\"wp-block-button\"><a class=\"wp-block-button__link\" href=\"https:\/\/hoyre.no\/haram\/valprogram-haram-hogre-2023-2027\/\">pROGRAM 2023-2027<\/a><\/div>\n\n\n\n<div class=\"wp-block-button\"><a class=\"wp-block-button__link\" href=\"https:\/\/hoyre.no\/haram\/politikk\/syv-grunnar-til-a-stemme-hogre-i-haram\/\">7 GODE GRUNNAR<\/a><\/div>\n\n\n\n<div class=\"wp-block-button\"><a class=\"wp-block-button__link\" href=\"https:\/\/hoyre.no\/haram\/vare-folk\/\">kANDIDATANE V\u00c5RE<\/a><\/div>\n\n\n\n<div class=\"wp-block-button\"><a class=\"wp-block-button__link\" href=\"https:\/\/hoyre.no\/haram\/\">TILBAKE TIL fORSIDA<\/a><\/div>\n<\/div>\n<\/div><\/div><\/div><\/div>\n\n\n\n\n<div class=\"wp-block-teft-file icon-link-block\"><a href=\"https:\/\/hoyre.no\/content\/uploads\/sites\/435\/2023\/05\/Program-Haram-Hogre-2023-1.pdf\" download><span class=\"file-title\">Her kan du lese v\u00e5rt valprogram for 2023-2027<\/span><span class=\"file-name\">Program-Haram-Hogre-2023-1.pdf [7.1kb]<\/span><\/a><\/div>\n\n","protected":false},"excerpt":{"rendered":"","protected":false},"author":38231,"featured_media":0,"parent":0,"menu_order":0,"comment_status":"closed","ping_status":"closed","template":"","meta":{"teft_cards_image_url":"","teft_cards_custom_pretitle":"","teft_cards_image_id":0,"teft_cards_image_focal_point_x":0,"teft_cards_image_focal_point_y":0,"teft_cards_title":"","teft_cards_excerpt":"","teft_show_chapters":false,"footnotes":""},"class_list":["post-63","page","type-page","status-publish","hentry"],"yoast_head":"<!-- This site is optimized with the Yoast SEO plugin v26.6 - https:\/\/yoast.com\/wordpress\/plugins\/seo\/ -->\n<title>Politikk - Haram H\u00f8gre<\/title>\n<meta name=\"robots\" content=\"index, follow, max-snippet:-1, max-image-preview:large, max-video-preview:-1\" \/>\n<link rel=\"canonical\" href=\"https:\/\/hoyre.no\/haram\/politikk\/\" \/>\n<meta property=\"og:locale\" content=\"nn_NO\" \/>\n<meta property=\"og:type\" content=\"article\" \/>\n<meta property=\"og:title\" content=\"Politikk - Haram H\u00f8gre\" \/>\n<meta property=\"og:url\" content=\"https:\/\/hoyre.no\/haram\/politikk\/\" \/>\n<meta property=\"og:site_name\" content=\"Haram H\u00f8gre\" \/>\n<meta property=\"article:modified_time\" content=\"2023-08-07T18:17:23+00:00\" \/>\n<meta name=\"twitter:card\" content=\"summary_large_image\" \/>\n<meta name=\"twitter:label1\" content=\"Est. reading time\" \/>\n\t<meta name=\"twitter:data1\" content=\"1 minutt\" \/>\n<script type=\"application\/ld+json\" class=\"yoast-schema-graph\">{\"@context\":\"https:\/\/schema.org\",\"@graph\":[{\"@type\":\"WebPage\",\"@id\":\"https:\/\/hoyre.no\/haram\/politikk\/\",\"url\":\"https:\/\/hoyre.no\/haram\/politikk\/\",\"name\":\"Politikk - Haram H\u00f8gre\",\"isPartOf\":{\"@id\":\"https:\/\/hoyre.no\/haram\/#website\"},\"datePublished\":\"2023-05-02T10:50:47+00:00\",\"dateModified\":\"2023-08-07T18:17:23+00:00\",\"breadcrumb\":{\"@id\":\"https:\/\/hoyre.no\/haram\/politikk\/#breadcrumb\"},\"inLanguage\":\"nn-NO\",\"potentialAction\":[{\"@type\":\"ReadAction\",\"target\":[\"https:\/\/hoyre.no\/haram\/politikk\/\"]}]},{\"@type\":\"BreadcrumbList\",\"@id\":\"https:\/\/hoyre.no\/haram\/politikk\/#breadcrumb\",\"itemListElement\":[{\"@type\":\"ListItem\",\"position\":1,\"name\":\"Til hoyre.no\",\"item\":\"https:\/\/hoyre.no\"},{\"@type\":\"ListItem\",\"position\":2,\"name\":\"Hjem\",\"item\":\"https:\/\/hoyre.no\/haram\/\"},{\"@type\":\"ListItem\",\"position\":3,\"name\":\"Politikk\"}]},{\"@type\":\"WebSite\",\"@id\":\"https:\/\/hoyre.no\/haram\/#website\",\"url\":\"https:\/\/hoyre.no\/haram\/\",\"name\":\"Haram H\u00f8gre\",\"description\":\"Bare enda et H\u00f8yres nettsteder-nettsted\",\"inLanguage\":\"nn-NO\"}]}<\/script>\n<!-- \/ Yoast SEO plugin. -->","yoast_head_json":{"title":"Politikk - Haram H\u00f8gre","robots":{"index":"index","follow":"follow","max-snippet":"max-snippet:-1","max-image-preview":"max-image-preview:large","max-video-preview":"max-video-preview:-1"},"canonical":"https:\/\/hoyre.no\/haram\/politikk\/","og_locale":"nn_NO","og_type":"article","og_title":"Politikk - Haram H\u00f8gre","og_url":"https:\/\/hoyre.no\/haram\/politikk\/","og_site_name":"Haram H\u00f8gre","article_modified_time":"2023-08-07T18:17:23+00:00","twitter_card":"summary_large_image","twitter_misc":{"Est. reading time":"1 minutt"},"schema":{"@context":"https:\/\/schema.org","@graph":[{"@type":"WebPage","@id":"https:\/\/hoyre.no\/haram\/politikk\/","url":"https:\/\/hoyre.no\/haram\/politikk\/","name":"Politikk - Haram H\u00f8gre","isPartOf":{"@id":"https:\/\/hoyre.no\/haram\/#website"},"datePublished":"2023-05-02T10:50:47+00:00","dateModified":"2023-08-07T18:17:23+00:00","breadcrumb":{"@id":"https:\/\/hoyre.no\/haram\/politikk\/#breadcrumb"},"inLanguage":"nn-NO","potentialAction":[{"@type":"ReadAction","target":["https:\/\/hoyre.no\/haram\/politikk\/"]}]},{"@type":"BreadcrumbList","@id":"https:\/\/hoyre.no\/haram\/politikk\/#breadcrumb","itemListElement":[{"@type":"ListItem","position":1,"name":"Til hoyre.no","item":"https:\/\/hoyre.no"},{"@type":"ListItem","position":2,"name":"Hjem","item":"https:\/\/hoyre.no\/haram\/"},{"@type":"ListItem","position":3,"name":"Politikk"}]},{"@type":"WebSite","@id":"https:\/\/hoyre.no\/haram\/#website","url":"https:\/\/hoyre.no\/haram\/","name":"Haram H\u00f8gre","description":"Bare enda et H\u00f8yres nettsteder-nettsted","inLanguage":"nn-NO"}]}},"distributor_meta":false,"distributor_terms":false,"distributor_media":false,"distributor_original_site_name":"Haram H\u00f8gre","distributor_original_site_url":"https:\/\/hoyre.no\/haram","push-errors":false,"_links":{"self":[{"href":"https:\/\/hoyre.no\/haram\/wp-json\/wp\/v2\/pages\/63","targetHints":{"allow":["GET"]}}],"collection":[{"href":"https:\/\/hoyre.no\/haram\/wp-json\/wp\/v2\/pages"}],"about":[{"href":"https:\/\/hoyre.no\/haram\/wp-json\/wp\/v2\/types\/page"}],"author":[{"embeddable":true,"href":"https:\/\/hoyre.no\/haram\/wp-json\/wp\/v2\/users\/38231"}],"replies":[{"embeddable":true,"href":"https:\/\/hoyre.no\/haram\/wp-json\/wp\/v2\/comments?post=63"}],"version-history":[{"count":8,"href":"https:\/\/hoyre.no\/haram\/wp-json\/wp\/v2\/pages\/63\/revisions"}],"predecessor-version":[{"id":177,"href":"https:\/\/hoyre.no\/haram\/wp-json\/wp\/v2\/pages\/63\/revisions\/177"}],"wp:attachment":[{"href":"https:\/\/hoyre.no\/haram\/wp-json\/wp\/v2\/media?parent=63"}],"curies":[{"name":"wp","href":"https:\/\/api.w.org\/{rel}","templated":true}]}}