{"id":192,"date":"2023-06-21T22:48:58","date_gmt":"2023-06-21T20:48:58","guid":{"rendered":"https:\/\/hoyre.no\/hareid\/?page_id=192"},"modified":"2023-09-15T08:57:57","modified_gmt":"2023-09-15T06:57:57","slug":"ordforarkandidat","status":"publish","type":"page","link":"https:\/\/hoyre.no\/hareid\/ordforarkandidat\/","title":{"rendered":"Ole Frank Bakken"},"content":{"rendered":"\n\n<div class=\"wp-block-media-text alignfull is-stacked-on-mobile is-image-fill is-style-pale-blue\"><figure class=\"wp-block-media-text__media\" style=\"background-image:url('https:\/\/hoyre.no\/content\/uploads\/sites\/106\/2023\/06\/IMG_0729.jpeg');background-position:50% 50%\"><img loading=\"lazy\" decoding=\"async\" width=\"1001\" height=\"751\" src=\"https:\/\/hoyre.no\/content\/uploads\/sites\/106\/2023\/06\/IMG_0729.jpeg\" alt=\"\" class=\"wp-image-193 size-full\" srcset=\"https:\/\/hoyre.no\/content\/uploads\/sites\/106\/2023\/06\/IMG_0729.jpeg 1001w, https:\/\/hoyre.no\/content\/uploads\/sites\/106\/2023\/06\/IMG_0729-300x225.jpeg 300w, https:\/\/hoyre.no\/content\/uploads\/sites\/106\/2023\/06\/IMG_0729-768x576.jpeg 768w\" sizes=\"auto, (max-width: 1001px) 100vw, 1001px\" \/><\/figure><div class=\"wp-block-media-text__content\">\n<h2 class=\"wp-block-heading\">Kven er Ole Frank?<\/h2>\n\n\n\n<p>Namn:&nbsp;&nbsp;&nbsp;&nbsp;&nbsp;&nbsp;&nbsp;&nbsp;&nbsp;&nbsp;&nbsp;&nbsp;&nbsp;&nbsp;&nbsp;&nbsp;&nbsp;&nbsp;&nbsp;&nbsp;&nbsp;&nbsp;&nbsp; Ole Frank Bakken<\/p>\n\n\n\n<p>Alder:&nbsp;&nbsp;&nbsp;&nbsp;&nbsp;&nbsp;&nbsp;&nbsp;&nbsp;&nbsp;&nbsp;&nbsp;&nbsp;&nbsp;&nbsp;&nbsp;&nbsp;&nbsp;&nbsp;&nbsp;&nbsp;&nbsp;&nbsp;&nbsp; 59 \u00e5r<\/p>\n\n\n\n<p>Bustad:&nbsp;&nbsp;&nbsp;&nbsp;&nbsp;&nbsp;&nbsp;&nbsp;&nbsp;&nbsp;&nbsp;&nbsp;&nbsp;&nbsp;&nbsp;&nbsp;&nbsp;&nbsp;&nbsp;&nbsp;&nbsp; Hj\u00f8rungav\u00e5g<\/p>\n\n\n\n<p>Sivil status:&nbsp;&nbsp; &nbsp;&nbsp;&nbsp;&nbsp;&nbsp;&nbsp;&nbsp;&nbsp;&nbsp;&nbsp;&nbsp; Gift med Linda<\/p>\n\n\n\n<p>Born:                          Fire born, to barnebarn.<\/p>\n\n\n\n<p>Arbeider:&nbsp;&nbsp;&nbsp;&nbsp;&nbsp;&nbsp;&nbsp;&nbsp;&nbsp;&nbsp;&nbsp;&nbsp;&nbsp;&nbsp;&nbsp;&nbsp;&nbsp;&nbsp;&nbsp;H\u00f8gskulen i Volda&nbsp;&nbsp; <\/p>\n\n\n\n<p>Ole Frank har vore aktiv i Hareid politikken i 3 periode, og har erfaring som leiar av Levek\u00e5rsutval, Oppvekst og kulturutval samt vore gruppeleiar for H\u00f8gre. Ole Frank har god innsikt i politisk kotyme og er godt orientert om kvar kommunen st\u00e5r og dei utfordringane og moglegheitene Hareid har.  Ole Frank har eit stort hjarte for Hareid og for kvar innbyggar. Han har godt hum\u00f8r og har alltid eit smil p\u00e5 lur og er s\u00e6rleg glad i \u00e5 spreie glede. Folk f\u00e5r alt for lite ros og humor i kvardagen \ud83d\ude42 <\/p>\n<\/div><\/div>\n\n","protected":false},"excerpt":{"rendered":"","protected":false},"author":32047,"featured_media":0,"parent":0,"menu_order":0,"comment_status":"closed","ping_status":"closed","template":"","meta":{"teft_cards_image_url":"","teft_cards_custom_pretitle":"","teft_cards_image_id":0,"teft_cards_image_focal_point_x":0,"teft_cards_image_focal_point_y":0,"teft_cards_title":"","teft_cards_excerpt":"","teft_show_chapters":false,"footnotes":""},"class_list":["post-192","page","type-page","status-publish","hentry"],"yoast_head":"<!-- This site is optimized with the Yoast SEO plugin v26.6 - https:\/\/yoast.com\/wordpress\/plugins\/seo\/ -->\n<title>Ole Frank Bakken - Hareid H\u00f8gre<\/title>\n<meta name=\"robots\" content=\"index, follow, max-snippet:-1, max-image-preview:large, max-video-preview:-1\" \/>\n<link rel=\"canonical\" href=\"https:\/\/hoyre.no\/hareid\/ordforarkandidat\/\" \/>\n<meta property=\"og:locale\" content=\"nn_NO\" \/>\n<meta property=\"og:type\" content=\"article\" \/>\n<meta property=\"og:title\" content=\"Ole Frank Bakken - Hareid H\u00f8gre\" \/>\n<meta property=\"og:url\" content=\"https:\/\/hoyre.no\/hareid\/ordforarkandidat\/\" \/>\n<meta property=\"og:site_name\" content=\"Hareid H\u00f8gre\" \/>\n<meta property=\"article:modified_time\" content=\"2023-09-15T06:57:57+00:00\" \/>\n<meta property=\"og:image\" content=\"https:\/\/hoyre.no\/content\/uploads\/sites\/106\/2023\/06\/IMG_0729.jpeg\" \/>\n<meta name=\"twitter:card\" content=\"summary_large_image\" \/>\n<meta name=\"twitter:label1\" content=\"Est. reading time\" \/>\n\t<meta name=\"twitter:data1\" content=\"1 minutt\" \/>\n<script type=\"application\/ld+json\" class=\"yoast-schema-graph\">{\"@context\":\"https:\/\/schema.org\",\"@graph\":[{\"@type\":\"WebPage\",\"@id\":\"https:\/\/hoyre.no\/hareid\/ordforarkandidat\/\",\"url\":\"https:\/\/hoyre.no\/hareid\/ordforarkandidat\/\",\"name\":\"Ole Frank Bakken - Hareid H\u00f8gre\",\"isPartOf\":{\"@id\":\"https:\/\/hoyre.no\/hareid\/#website\"},\"image\":{\"@id\":\"https:\/\/hoyre.no\/hareid\/ordforarkandidat\/#primaryimage\"},\"thumbnailUrl\":\"https:\/\/hoyre.no\/content\/uploads\/sites\/106\/2023\/06\/IMG_0729.jpeg\",\"datePublished\":\"2023-06-21T20:48:58+00:00\",\"dateModified\":\"2023-09-15T06:57:57+00:00\",\"breadcrumb\":{\"@id\":\"https:\/\/hoyre.no\/hareid\/ordforarkandidat\/#breadcrumb\"},\"inLanguage\":\"nn-NO\",\"potentialAction\":[{\"@type\":\"ReadAction\",\"target\":[\"https:\/\/hoyre.no\/hareid\/ordforarkandidat\/\"]}]},{\"@type\":\"ImageObject\",\"inLanguage\":\"nn-NO\",\"@id\":\"https:\/\/hoyre.no\/hareid\/ordforarkandidat\/#primaryimage\",\"url\":\"https:\/\/hoyre.no\/content\/uploads\/sites\/106\/2023\/06\/IMG_0729.jpeg\",\"contentUrl\":\"https:\/\/hoyre.no\/content\/uploads\/sites\/106\/2023\/06\/IMG_0729.jpeg\"},{\"@type\":\"BreadcrumbList\",\"@id\":\"https:\/\/hoyre.no\/hareid\/ordforarkandidat\/#breadcrumb\",\"itemListElement\":[{\"@type\":\"ListItem\",\"position\":1,\"name\":\"Til hoyre.no\",\"item\":\"https:\/\/hoyre.no\"},{\"@type\":\"ListItem\",\"position\":2,\"name\":\"Hjem\",\"item\":\"https:\/\/hoyre.no\/hareid\/\"},{\"@type\":\"ListItem\",\"position\":3,\"name\":\"Ole Frank Bakken\"}]},{\"@type\":\"WebSite\",\"@id\":\"https:\/\/hoyre.no\/hareid\/#website\",\"url\":\"https:\/\/hoyre.no\/hareid\/\",\"name\":\"Hareid H\u00f8gre\",\"description\":\"Bare enda et H\u00f8yres nettsteder-nettsted\",\"inLanguage\":\"nn-NO\"}]}<\/script>\n<!-- \/ Yoast SEO plugin. -->","yoast_head_json":{"title":"Ole Frank Bakken - Hareid H\u00f8gre","robots":{"index":"index","follow":"follow","max-snippet":"max-snippet:-1","max-image-preview":"max-image-preview:large","max-video-preview":"max-video-preview:-1"},"canonical":"https:\/\/hoyre.no\/hareid\/ordforarkandidat\/","og_locale":"nn_NO","og_type":"article","og_title":"Ole Frank Bakken - Hareid H\u00f8gre","og_url":"https:\/\/hoyre.no\/hareid\/ordforarkandidat\/","og_site_name":"Hareid H\u00f8gre","article_modified_time":"2023-09-15T06:57:57+00:00","og_image":[{"url":"https:\/\/hoyre.no\/content\/uploads\/sites\/106\/2023\/06\/IMG_0729.jpeg","type":"","width":"","height":""}],"twitter_card":"summary_large_image","twitter_misc":{"Est. reading time":"1 minutt"},"schema":{"@context":"https:\/\/schema.org","@graph":[{"@type":"WebPage","@id":"https:\/\/hoyre.no\/hareid\/ordforarkandidat\/","url":"https:\/\/hoyre.no\/hareid\/ordforarkandidat\/","name":"Ole Frank Bakken - Hareid H\u00f8gre","isPartOf":{"@id":"https:\/\/hoyre.no\/hareid\/#website"},"image":{"@id":"https:\/\/hoyre.no\/hareid\/ordforarkandidat\/#primaryimage"},"thumbnailUrl":"https:\/\/hoyre.no\/content\/uploads\/sites\/106\/2023\/06\/IMG_0729.jpeg","datePublished":"2023-06-21T20:48:58+00:00","dateModified":"2023-09-15T06:57:57+00:00","breadcrumb":{"@id":"https:\/\/hoyre.no\/hareid\/ordforarkandidat\/#breadcrumb"},"inLanguage":"nn-NO","potentialAction":[{"@type":"ReadAction","target":["https:\/\/hoyre.no\/hareid\/ordforarkandidat\/"]}]},{"@type":"ImageObject","inLanguage":"nn-NO","@id":"https:\/\/hoyre.no\/hareid\/ordforarkandidat\/#primaryimage","url":"https:\/\/hoyre.no\/content\/uploads\/sites\/106\/2023\/06\/IMG_0729.jpeg","contentUrl":"https:\/\/hoyre.no\/content\/uploads\/sites\/106\/2023\/06\/IMG_0729.jpeg"},{"@type":"BreadcrumbList","@id":"https:\/\/hoyre.no\/hareid\/ordforarkandidat\/#breadcrumb","itemListElement":[{"@type":"ListItem","position":1,"name":"Til hoyre.no","item":"https:\/\/hoyre.no"},{"@type":"ListItem","position":2,"name":"Hjem","item":"https:\/\/hoyre.no\/hareid\/"},{"@type":"ListItem","position":3,"name":"Ole Frank Bakken"}]},{"@type":"WebSite","@id":"https:\/\/hoyre.no\/hareid\/#website","url":"https:\/\/hoyre.no\/hareid\/","name":"Hareid H\u00f8gre","description":"Bare enda et H\u00f8yres nettsteder-nettsted","inLanguage":"nn-NO"}]}},"distributor_meta":false,"distributor_terms":false,"distributor_media":false,"distributor_original_site_name":"Hareid H\u00f8gre","distributor_original_site_url":"https:\/\/hoyre.no\/hareid","push-errors":false,"_links":{"self":[{"href":"https:\/\/hoyre.no\/hareid\/wp-json\/wp\/v2\/pages\/192","targetHints":{"allow":["GET"]}}],"collection":[{"href":"https:\/\/hoyre.no\/hareid\/wp-json\/wp\/v2\/pages"}],"about":[{"href":"https:\/\/hoyre.no\/hareid\/wp-json\/wp\/v2\/types\/page"}],"author":[{"embeddable":true,"href":"https:\/\/hoyre.no\/hareid\/wp-json\/wp\/v2\/users\/32047"}],"replies":[{"embeddable":true,"href":"https:\/\/hoyre.no\/hareid\/wp-json\/wp\/v2\/comments?post=192"}],"version-history":[{"count":15,"href":"https:\/\/hoyre.no\/hareid\/wp-json\/wp\/v2\/pages\/192\/revisions"}],"predecessor-version":[{"id":529,"href":"https:\/\/hoyre.no\/hareid\/wp-json\/wp\/v2\/pages\/192\/revisions\/529"}],"wp:attachment":[{"href":"https:\/\/hoyre.no\/hareid\/wp-json\/wp\/v2\/media?parent=192"}],"curies":[{"name":"wp","href":"https:\/\/api.w.org\/{rel}","templated":true}]}}