{"id":340,"date":"2023-06-26T12:33:39","date_gmt":"2023-06-26T10:33:39","guid":{"rendered":"https:\/\/hoyre.no\/hareid\/?page_id=340"},"modified":"2023-06-26T13:42:24","modified_gmt":"2023-06-26T11:42:24","slug":"340-2","status":"publish","type":"page","link":"https:\/\/hoyre.no\/hareid\/340-2\/","title":{"rendered":"Samarbeid H\u00f8gre"},"content":{"rendered":"\n<div class=\"wp-block-hoyre-hero with-image-gradient text-color-light  has-media alignfull has-background\"><div class=\"hoyre-hero has-image\"><h1 class=\"title\">Samarbeid utover kommunegrensa<\/h1><p class=\"preamble\">Hareid kommune er heilt avhengig av samarbeid nasjonalt, fylkeskommunalt og lokalt for \u00e5 kunne tilby god kvalitet til innbyggarane, skape nyetablering og initiere utvikling.<\/p>\t\t\t<div class=\"post-meta wp-block teft-byline-wrapper\">\n\t\t\t\t<div class=\"top\">\n\t\t\t\t\t<div class=\"signature\">\n\t\t\t\t\t\t<div class=\"teft-byline\">\n\t\t\t\t\t\t\t\t\t\t\t\t\t\t<div>\n\t\t\t\t\t\t\t\t<h3>H\u00f8yres redaksjon<\/h3>\t\t\t\t\t\t\t\t\n\t\t\t\t\t\t\t\t\t\t\t\t\t\t\t\t\t<span class=\"date\">Sist oppdatert: 26. juni 2023<\/span>\n\t\t\t\t\t\t\t\t\t\t\t\t\t\t\t\t\t\t\t\t\t\t\t\t\t<span class=\"reading-time\" itemprop=\"timeRequired\" content=\"PT1M\"><em>Ca. 1 minutter lesetid<\/em><\/span>\n\t\t\t\t\t\t\t\t\t\t\t\t\t\t\t<\/div>\n\t\t\t\t\t\t<\/div>\n\t\t\t\t\t<\/div>\n\t\t\t\t\t\t<div class=\"sharing\">\n\t\t<a class=\"share-button share-link copy-link\" data-copy=\"https:\/\/hoyre.no\/hareid\/340-2\/\" target=\"_blank\"><span class=\"screen-reader-text\">Del link<\/span><\/a>\n\t\t<a class=\"share-button share-twitter\" href=\"http:\/\/twitter.com\/share?text=Samarbeid H\u00f8gre&#038;url=https:\/\/hoyre.no\/hareid\/340-2\/&#038;hashtags=Hoyre\" target=\"_blank\"><span class=\"screen-reader-text\">Del p\u00e5 twitter<\/span><\/a>\n\t\t<a class=\"share-button share-facebook\" href=\"https:\/\/www.facebook.com\/sharer\/sharer.php?u=https:\/\/hoyre.no\/hareid\/340-2\/\" target=\"_blank\"><span class=\"screen-reader-text\">Del p\u00e5 facebook<\/span><\/a>\n\t<\/div>\n\t\t\t\t\t<\/div>\n\t\t\t<\/div>\n\n\t\t\t<figure class=\"hoyre-image-wrapper\"><div class=\"hoyre-image\"><img loading=\"lazy\" decoding=\"async\" width=\"960\" height=\"720\" src=\"https:\/\/hoyre.no\/content\/uploads\/sites\/106\/2023\/06\/IMG_2231-1.jpg\" class=\"attachment-scaled size-scaled\" alt=\"\" style=\"object-position: 50% 50%\" srcset=\"https:\/\/hoyre.no\/content\/uploads\/sites\/106\/2023\/06\/IMG_2231-1.jpg 960w, https:\/\/hoyre.no\/content\/uploads\/sites\/106\/2023\/06\/IMG_2231-1-300x225.jpg 300w, https:\/\/hoyre.no\/content\/uploads\/sites\/106\/2023\/06\/IMG_2231-1-768x576.jpg 768w\" sizes=\"auto, (max-width: 960px) 100vw, 960px\" \/><\/div><\/figure><\/div><\/div>\n\n\n\n\n<div class=\"wp-block-media-text alignfull is-stacked-on-mobile is-image-fill is-style-dark-blue\"><figure class=\"wp-block-media-text__media\" style=\"background-image:url('https:\/\/hoyre.no\/content\/uploads\/sites\/106\/2023\/06\/IMG_1741-1-1024x771.jpg');background-position:50% 50%\"><img loading=\"lazy\" decoding=\"async\" width=\"1024\" height=\"771\" src=\"https:\/\/hoyre.no\/content\/uploads\/sites\/106\/2023\/06\/IMG_1741-1-1024x771.jpg\" alt=\"\" class=\"wp-image-342 size-full\" srcset=\"https:\/\/hoyre.no\/content\/uploads\/sites\/106\/2023\/06\/IMG_1741-1-1024x771.jpg 1024w, https:\/\/hoyre.no\/content\/uploads\/sites\/106\/2023\/06\/IMG_1741-1-300x226.jpg 300w, https:\/\/hoyre.no\/content\/uploads\/sites\/106\/2023\/06\/IMG_1741-1-768x578.jpg 768w, https:\/\/hoyre.no\/content\/uploads\/sites\/106\/2023\/06\/IMG_1741-1.jpg 1211w\" sizes=\"auto, (max-width: 1024px) 100vw, 1024px\" \/><\/figure><div class=\"wp-block-media-text__content\">\n<p>Hareid var p\u00e5 Robek i 14 \u00e5r. Det var p\u00e5 H\u00f8gre si vakt vi saman med andre dyktige politikarar kom oss ovanp\u00e5 og fekk tilbake v\u00e5r handlefridom i 2017. Anders var ordf\u00f8rar og Ole Frank gruppeleiar for H\u00f8gre i den perioda. No er Anders fylkesordf\u00f8rarkandidat og Ole Frank ordf\u00f8rarkandidat i Hareid.<\/p>\n\n\n\n<p>Begge peikar p\u00e5 at det er viktig at Hareid kommune har nettverk utover kommunen. Begge er tett p\u00e5 H\u00f8gre sine lokallag, M&amp;R Fylke, M\u00f8rebenken og H\u00f8gre si Stortingsgruppe. Det handlar om enkelte tenestesamarbeid, men ogs\u00e5 prosessar om statlege og fylkeskommunale midlar, samt hjelp og st\u00f8tte til ulike prosjekt i Hareid. Kontakt og nettverk er viktigare enn nokon gong i politisk leiing.<\/p>\n\n\n\n<p>Vi vil tilbake i f\u00f8rarsetet. Hareid H\u00f8gre \u2013 med Ole Frank ved roret \u2013 st\u00e5r for ein heilskapleg og ansvarleg politikk der balanse og nyskaping vert sentrale element. Vi er heldige og ha Anders p\u00e5 laget og mange dyktige kandidatar som vil vere med \u00e5 gjere denne jobben dersom innbyggjarane i Hareid gir oss tilliten. Godt val!<\/p>\n<\/div><\/div>\n\n","protected":false},"excerpt":{"rendered":"","protected":false},"author":32047,"featured_media":0,"parent":0,"menu_order":0,"comment_status":"closed","ping_status":"closed","template":"","meta":{"teft_cards_image_url":"","teft_cards_custom_pretitle":"","teft_cards_image_id":0,"teft_cards_image_focal_point_x":0,"teft_cards_image_focal_point_y":0,"teft_cards_title":"","teft_cards_excerpt":"","teft_show_chapters":false,"footnotes":""},"class_list":["post-340","page","type-page","status-publish","hentry"],"yoast_head":"<!-- This site is optimized with the Yoast SEO plugin v26.6 - https:\/\/yoast.com\/wordpress\/plugins\/seo\/ -->\n<title>Samarbeid H\u00f8gre - Hareid H\u00f8gre<\/title>\n<meta name=\"robots\" content=\"index, follow, max-snippet:-1, max-image-preview:large, max-video-preview:-1\" \/>\n<link rel=\"canonical\" href=\"https:\/\/hoyre.no\/hareid\/340-2\/\" \/>\n<meta property=\"og:locale\" content=\"nn_NO\" \/>\n<meta property=\"og:type\" content=\"article\" \/>\n<meta property=\"og:title\" content=\"Samarbeid H\u00f8gre - Hareid H\u00f8gre\" \/>\n<meta property=\"og:url\" content=\"https:\/\/hoyre.no\/hareid\/340-2\/\" \/>\n<meta property=\"og:site_name\" content=\"Hareid H\u00f8gre\" \/>\n<meta property=\"article:modified_time\" content=\"2023-06-26T11:42:24+00:00\" \/>\n<meta property=\"og:image\" content=\"https:\/\/hoyre.no\/content\/uploads\/sites\/106\/2023\/06\/IMG_1741-1-1024x771.jpg\" \/>\n<meta name=\"twitter:card\" content=\"summary_large_image\" \/>\n<meta name=\"twitter:label1\" content=\"Est. reading time\" \/>\n\t<meta name=\"twitter:data1\" content=\"2 minutt\" \/>\n<script type=\"application\/ld+json\" class=\"yoast-schema-graph\">{\"@context\":\"https:\/\/schema.org\",\"@graph\":[{\"@type\":\"WebPage\",\"@id\":\"https:\/\/hoyre.no\/hareid\/340-2\/\",\"url\":\"https:\/\/hoyre.no\/hareid\/340-2\/\",\"name\":\"Samarbeid H\u00f8gre - Hareid H\u00f8gre\",\"isPartOf\":{\"@id\":\"https:\/\/hoyre.no\/hareid\/#website\"},\"image\":{\"@id\":\"https:\/\/hoyre.no\/hareid\/340-2\/#primaryimage\"},\"thumbnailUrl\":\"https:\/\/hoyre.no\/content\/uploads\/sites\/106\/2023\/06\/IMG_1741-1-1024x771.jpg\",\"datePublished\":\"2023-06-26T10:33:39+00:00\",\"dateModified\":\"2023-06-26T11:42:24+00:00\",\"breadcrumb\":{\"@id\":\"https:\/\/hoyre.no\/hareid\/340-2\/#breadcrumb\"},\"inLanguage\":\"nn-NO\",\"potentialAction\":[{\"@type\":\"ReadAction\",\"target\":[\"https:\/\/hoyre.no\/hareid\/340-2\/\"]}]},{\"@type\":\"ImageObject\",\"inLanguage\":\"nn-NO\",\"@id\":\"https:\/\/hoyre.no\/hareid\/340-2\/#primaryimage\",\"url\":\"https:\/\/hoyre.no\/content\/uploads\/sites\/106\/2023\/06\/IMG_1741-1-1024x771.jpg\",\"contentUrl\":\"https:\/\/hoyre.no\/content\/uploads\/sites\/106\/2023\/06\/IMG_1741-1-1024x771.jpg\"},{\"@type\":\"BreadcrumbList\",\"@id\":\"https:\/\/hoyre.no\/hareid\/340-2\/#breadcrumb\",\"itemListElement\":[{\"@type\":\"ListItem\",\"position\":1,\"name\":\"Til hoyre.no\",\"item\":\"https:\/\/hoyre.no\"},{\"@type\":\"ListItem\",\"position\":2,\"name\":\"Hjem\",\"item\":\"https:\/\/hoyre.no\/hareid\/\"},{\"@type\":\"ListItem\",\"position\":3,\"name\":\"Samarbeid H\u00f8gre\"}]},{\"@type\":\"WebSite\",\"@id\":\"https:\/\/hoyre.no\/hareid\/#website\",\"url\":\"https:\/\/hoyre.no\/hareid\/\",\"name\":\"Hareid H\u00f8gre\",\"description\":\"Bare enda et H\u00f8yres nettsteder-nettsted\",\"inLanguage\":\"nn-NO\"}]}<\/script>\n<!-- \/ Yoast SEO plugin. -->","yoast_head_json":{"title":"Samarbeid H\u00f8gre - Hareid H\u00f8gre","robots":{"index":"index","follow":"follow","max-snippet":"max-snippet:-1","max-image-preview":"max-image-preview:large","max-video-preview":"max-video-preview:-1"},"canonical":"https:\/\/hoyre.no\/hareid\/340-2\/","og_locale":"nn_NO","og_type":"article","og_title":"Samarbeid H\u00f8gre - Hareid H\u00f8gre","og_url":"https:\/\/hoyre.no\/hareid\/340-2\/","og_site_name":"Hareid H\u00f8gre","article_modified_time":"2023-06-26T11:42:24+00:00","og_image":[{"url":"https:\/\/hoyre.no\/content\/uploads\/sites\/106\/2023\/06\/IMG_1741-1-1024x771.jpg","type":"","width":"","height":""}],"twitter_card":"summary_large_image","twitter_misc":{"Est. reading time":"2 minutt"},"schema":{"@context":"https:\/\/schema.org","@graph":[{"@type":"WebPage","@id":"https:\/\/hoyre.no\/hareid\/340-2\/","url":"https:\/\/hoyre.no\/hareid\/340-2\/","name":"Samarbeid H\u00f8gre - Hareid H\u00f8gre","isPartOf":{"@id":"https:\/\/hoyre.no\/hareid\/#website"},"image":{"@id":"https:\/\/hoyre.no\/hareid\/340-2\/#primaryimage"},"thumbnailUrl":"https:\/\/hoyre.no\/content\/uploads\/sites\/106\/2023\/06\/IMG_1741-1-1024x771.jpg","datePublished":"2023-06-26T10:33:39+00:00","dateModified":"2023-06-26T11:42:24+00:00","breadcrumb":{"@id":"https:\/\/hoyre.no\/hareid\/340-2\/#breadcrumb"},"inLanguage":"nn-NO","potentialAction":[{"@type":"ReadAction","target":["https:\/\/hoyre.no\/hareid\/340-2\/"]}]},{"@type":"ImageObject","inLanguage":"nn-NO","@id":"https:\/\/hoyre.no\/hareid\/340-2\/#primaryimage","url":"https:\/\/hoyre.no\/content\/uploads\/sites\/106\/2023\/06\/IMG_1741-1-1024x771.jpg","contentUrl":"https:\/\/hoyre.no\/content\/uploads\/sites\/106\/2023\/06\/IMG_1741-1-1024x771.jpg"},{"@type":"BreadcrumbList","@id":"https:\/\/hoyre.no\/hareid\/340-2\/#breadcrumb","itemListElement":[{"@type":"ListItem","position":1,"name":"Til hoyre.no","item":"https:\/\/hoyre.no"},{"@type":"ListItem","position":2,"name":"Hjem","item":"https:\/\/hoyre.no\/hareid\/"},{"@type":"ListItem","position":3,"name":"Samarbeid H\u00f8gre"}]},{"@type":"WebSite","@id":"https:\/\/hoyre.no\/hareid\/#website","url":"https:\/\/hoyre.no\/hareid\/","name":"Hareid H\u00f8gre","description":"Bare enda et H\u00f8yres nettsteder-nettsted","inLanguage":"nn-NO"}]}},"distributor_meta":false,"distributor_terms":false,"distributor_media":false,"distributor_original_site_name":"Hareid H\u00f8gre","distributor_original_site_url":"https:\/\/hoyre.no\/hareid","push-errors":false,"_links":{"self":[{"href":"https:\/\/hoyre.no\/hareid\/wp-json\/wp\/v2\/pages\/340","targetHints":{"allow":["GET"]}}],"collection":[{"href":"https:\/\/hoyre.no\/hareid\/wp-json\/wp\/v2\/pages"}],"about":[{"href":"https:\/\/hoyre.no\/hareid\/wp-json\/wp\/v2\/types\/page"}],"author":[{"embeddable":true,"href":"https:\/\/hoyre.no\/hareid\/wp-json\/wp\/v2\/users\/32047"}],"replies":[{"embeddable":true,"href":"https:\/\/hoyre.no\/hareid\/wp-json\/wp\/v2\/comments?post=340"}],"version-history":[{"count":4,"href":"https:\/\/hoyre.no\/hareid\/wp-json\/wp\/v2\/pages\/340\/revisions"}],"predecessor-version":[{"id":427,"href":"https:\/\/hoyre.no\/hareid\/wp-json\/wp\/v2\/pages\/340\/revisions\/427"}],"wp:attachment":[{"href":"https:\/\/hoyre.no\/hareid\/wp-json\/wp\/v2\/media?parent=340"}],"curies":[{"name":"wp","href":"https:\/\/api.w.org\/{rel}","templated":true}]}}