{"id":435,"date":"2023-08-10T11:13:30","date_gmt":"2023-08-10T09:13:30","guid":{"rendered":"https:\/\/hoyre.no\/hareid\/?page_id=435"},"modified":"2023-08-10T12:12:59","modified_gmt":"2023-08-10T10:12:59","slug":"wenche-johanne-holstad-josok","status":"publish","type":"page","link":"https:\/\/hoyre.no\/hareid\/wenche-johanne-holstad-josok\/","title":{"rendered":"Wenche Johanne Holstad J\u00f8sok"},"content":{"rendered":"\n<div class=\"wp-block-columns is-layout-flex wp-container-core-columns-is-layout-9d6595d7 wp-block-columns-is-layout-flex\">\n<div class=\"wp-block-column is-layout-flow wp-block-column-is-layout-flow\" style=\"flex-basis:100%\">\n<figure class=\"wp-block-image alignfull size-full\"><img loading=\"lazy\" decoding=\"async\" width=\"603\" height=\"505\" src=\"https:\/\/hoyre.no\/content\/uploads\/sites\/106\/2023\/08\/11986359_876084039149667_724048990735323442_n.jpg\" alt=\"\" class=\"wp-image-460\" srcset=\"https:\/\/hoyre.no\/content\/uploads\/sites\/106\/2023\/08\/11986359_876084039149667_724048990735323442_n.jpg 603w, https:\/\/hoyre.no\/content\/uploads\/sites\/106\/2023\/08\/11986359_876084039149667_724048990735323442_n-300x251.jpg 300w\" sizes=\"auto, (max-width: 603px) 100vw, 603px\" \/><\/figure>\n<\/div>\n<\/div>\n\n\n\n\n<p><strong>Namn: Wenche Johanne Holstad J\u00f8sok<\/strong><\/p>\n\n\n\n<p>Kandidat nr 2<br><br>F\u00f8dt 1968<br><br>Arbeid: L\u00e6rar, kontaktl\u00e6rar p\u00e5 Hareid barneskule<br><br>Familie: Ugift, 2 vaksne born.<br><br><strong>Hjartesaker:<\/strong><\/p>\n\n\n\n<p>Eg vil kjempe for ein god skule som gjev tryggleik og l\u00f8fter den einskilde elev. Tidleg innsats og at vi satsar p\u00e5 l\u00e6rarane i Hareid er viktig. Vidare s\u00e5 vil eg at alle born skal ha ein aktivitet dei trivast med i Hareid, ikkje berre idrett. Vi m\u00e5 skape moglegheiter for alle! <br><\/p>\n\n\n\n<p><strong>Kvifor H\u00f8gre? <\/strong><\/p>\n\n\n\n<p>Det er viktig \u00e5 bidra til lokalsamfunnet, samtidig noko eg likar. H\u00f8gre er mitt parti d\u00e5 dei ser enkelteleven og l\u00f8fter innhaldet i skulen. <\/p>\n\n\n\n<p><\/p>\n\n\n\n<p><\/p>\n\n\n\n<p><br><\/p>\n\n\n\n<p><\/p>\n\n\n\n<p><\/p>\n\n\n\n<p><\/p>\n\n\n\n<p><\/p>\n\n\n\n<p><\/p>\n\n\n\n<p><\/p>\n\n","protected":false},"excerpt":{"rendered":"","protected":false},"author":32047,"featured_media":0,"parent":0,"menu_order":0,"comment_status":"closed","ping_status":"closed","template":"","meta":{"teft_cards_image_url":"","teft_cards_custom_pretitle":"","teft_cards_image_id":460,"teft_cards_image_focal_point_x":0.52,"teft_cards_image_focal_point_y":0.28,"teft_cards_title":"","teft_cards_excerpt":"","teft_show_chapters":false,"footnotes":""},"class_list":["post-435","page","type-page","status-publish","hentry"],"yoast_head":"<!-- This site is optimized with the Yoast SEO plugin v26.6 - https:\/\/yoast.com\/wordpress\/plugins\/seo\/ -->\n<title>Wenche Johanne Holstad J\u00f8sok - Hareid H\u00f8gre<\/title>\n<meta name=\"robots\" content=\"index, follow, max-snippet:-1, max-image-preview:large, max-video-preview:-1\" \/>\n<link rel=\"canonical\" href=\"https:\/\/hoyre.no\/hareid\/wenche-johanne-holstad-josok\/\" \/>\n<meta property=\"og:locale\" content=\"nn_NO\" \/>\n<meta property=\"og:type\" content=\"article\" \/>\n<meta property=\"og:title\" content=\"Wenche Johanne Holstad J\u00f8sok - Hareid H\u00f8gre\" \/>\n<meta property=\"og:url\" content=\"https:\/\/hoyre.no\/hareid\/wenche-johanne-holstad-josok\/\" \/>\n<meta property=\"og:site_name\" content=\"Hareid H\u00f8gre\" \/>\n<meta property=\"article:modified_time\" content=\"2023-08-10T10:12:59+00:00\" \/>\n<meta property=\"og:image\" content=\"https:\/\/hoyre.no\/content\/uploads\/sites\/106\/2023\/08\/11986359_876084039149667_724048990735323442_n.jpg\" \/>\n<meta name=\"twitter:card\" content=\"summary_large_image\" \/>\n<meta name=\"twitter:label1\" content=\"Est. reading time\" \/>\n\t<meta name=\"twitter:data1\" content=\"1 minutt\" \/>\n<script type=\"application\/ld+json\" class=\"yoast-schema-graph\">{\"@context\":\"https:\/\/schema.org\",\"@graph\":[{\"@type\":\"WebPage\",\"@id\":\"https:\/\/hoyre.no\/hareid\/wenche-johanne-holstad-josok\/\",\"url\":\"https:\/\/hoyre.no\/hareid\/wenche-johanne-holstad-josok\/\",\"name\":\"Wenche Johanne Holstad J\u00f8sok - Hareid H\u00f8gre\",\"isPartOf\":{\"@id\":\"https:\/\/hoyre.no\/hareid\/#website\"},\"image\":{\"@id\":\"https:\/\/hoyre.no\/hareid\/wenche-johanne-holstad-josok\/#primaryimage\"},\"thumbnailUrl\":\"https:\/\/hoyre.no\/content\/uploads\/sites\/106\/2023\/08\/11986359_876084039149667_724048990735323442_n.jpg\",\"datePublished\":\"2023-08-10T09:13:30+00:00\",\"dateModified\":\"2023-08-10T10:12:59+00:00\",\"breadcrumb\":{\"@id\":\"https:\/\/hoyre.no\/hareid\/wenche-johanne-holstad-josok\/#breadcrumb\"},\"inLanguage\":\"nn-NO\",\"potentialAction\":[{\"@type\":\"ReadAction\",\"target\":[\"https:\/\/hoyre.no\/hareid\/wenche-johanne-holstad-josok\/\"]}]},{\"@type\":\"ImageObject\",\"inLanguage\":\"nn-NO\",\"@id\":\"https:\/\/hoyre.no\/hareid\/wenche-johanne-holstad-josok\/#primaryimage\",\"url\":\"https:\/\/hoyre.no\/content\/uploads\/sites\/106\/2023\/08\/11986359_876084039149667_724048990735323442_n.jpg\",\"contentUrl\":\"https:\/\/hoyre.no\/content\/uploads\/sites\/106\/2023\/08\/11986359_876084039149667_724048990735323442_n.jpg\"},{\"@type\":\"BreadcrumbList\",\"@id\":\"https:\/\/hoyre.no\/hareid\/wenche-johanne-holstad-josok\/#breadcrumb\",\"itemListElement\":[{\"@type\":\"ListItem\",\"position\":1,\"name\":\"Til hoyre.no\",\"item\":\"https:\/\/hoyre.no\"},{\"@type\":\"ListItem\",\"position\":2,\"name\":\"Hjem\",\"item\":\"https:\/\/hoyre.no\/hareid\/\"},{\"@type\":\"ListItem\",\"position\":3,\"name\":\"Wenche Johanne Holstad J\u00f8sok\"}]},{\"@type\":\"WebSite\",\"@id\":\"https:\/\/hoyre.no\/hareid\/#website\",\"url\":\"https:\/\/hoyre.no\/hareid\/\",\"name\":\"Hareid H\u00f8gre\",\"description\":\"Bare enda et H\u00f8yres nettsteder-nettsted\",\"inLanguage\":\"nn-NO\"}]}<\/script>\n<!-- \/ Yoast SEO plugin. -->","yoast_head_json":{"title":"Wenche Johanne Holstad J\u00f8sok - Hareid H\u00f8gre","robots":{"index":"index","follow":"follow","max-snippet":"max-snippet:-1","max-image-preview":"max-image-preview:large","max-video-preview":"max-video-preview:-1"},"canonical":"https:\/\/hoyre.no\/hareid\/wenche-johanne-holstad-josok\/","og_locale":"nn_NO","og_type":"article","og_title":"Wenche Johanne Holstad J\u00f8sok - Hareid H\u00f8gre","og_url":"https:\/\/hoyre.no\/hareid\/wenche-johanne-holstad-josok\/","og_site_name":"Hareid H\u00f8gre","article_modified_time":"2023-08-10T10:12:59+00:00","og_image":[{"url":"https:\/\/hoyre.no\/content\/uploads\/sites\/106\/2023\/08\/11986359_876084039149667_724048990735323442_n.jpg","width":"","height":"","type":""}],"twitter_card":"summary_large_image","twitter_misc":{"Est. reading time":"1 minutt"},"schema":{"@context":"https:\/\/schema.org","@graph":[{"@type":"WebPage","@id":"https:\/\/hoyre.no\/hareid\/wenche-johanne-holstad-josok\/","url":"https:\/\/hoyre.no\/hareid\/wenche-johanne-holstad-josok\/","name":"Wenche Johanne Holstad J\u00f8sok - Hareid H\u00f8gre","isPartOf":{"@id":"https:\/\/hoyre.no\/hareid\/#website"},"image":{"@id":"https:\/\/hoyre.no\/hareid\/wenche-johanne-holstad-josok\/#primaryimage"},"thumbnailUrl":"https:\/\/hoyre.no\/content\/uploads\/sites\/106\/2023\/08\/11986359_876084039149667_724048990735323442_n.jpg","datePublished":"2023-08-10T09:13:30+00:00","dateModified":"2023-08-10T10:12:59+00:00","breadcrumb":{"@id":"https:\/\/hoyre.no\/hareid\/wenche-johanne-holstad-josok\/#breadcrumb"},"inLanguage":"nn-NO","potentialAction":[{"@type":"ReadAction","target":["https:\/\/hoyre.no\/hareid\/wenche-johanne-holstad-josok\/"]}]},{"@type":"ImageObject","inLanguage":"nn-NO","@id":"https:\/\/hoyre.no\/hareid\/wenche-johanne-holstad-josok\/#primaryimage","url":"https:\/\/hoyre.no\/content\/uploads\/sites\/106\/2023\/08\/11986359_876084039149667_724048990735323442_n.jpg","contentUrl":"https:\/\/hoyre.no\/content\/uploads\/sites\/106\/2023\/08\/11986359_876084039149667_724048990735323442_n.jpg"},{"@type":"BreadcrumbList","@id":"https:\/\/hoyre.no\/hareid\/wenche-johanne-holstad-josok\/#breadcrumb","itemListElement":[{"@type":"ListItem","position":1,"name":"Til hoyre.no","item":"https:\/\/hoyre.no"},{"@type":"ListItem","position":2,"name":"Hjem","item":"https:\/\/hoyre.no\/hareid\/"},{"@type":"ListItem","position":3,"name":"Wenche Johanne Holstad J\u00f8sok"}]},{"@type":"WebSite","@id":"https:\/\/hoyre.no\/hareid\/#website","url":"https:\/\/hoyre.no\/hareid\/","name":"Hareid H\u00f8gre","description":"Bare enda et H\u00f8yres nettsteder-nettsted","inLanguage":"nn-NO"}]}},"distributor_meta":false,"distributor_terms":false,"distributor_media":false,"distributor_original_site_name":"Hareid H\u00f8gre","distributor_original_site_url":"https:\/\/hoyre.no\/hareid","push-errors":false,"_links":{"self":[{"href":"https:\/\/hoyre.no\/hareid\/wp-json\/wp\/v2\/pages\/435","targetHints":{"allow":["GET"]}}],"collection":[{"href":"https:\/\/hoyre.no\/hareid\/wp-json\/wp\/v2\/pages"}],"about":[{"href":"https:\/\/hoyre.no\/hareid\/wp-json\/wp\/v2\/types\/page"}],"author":[{"embeddable":true,"href":"https:\/\/hoyre.no\/hareid\/wp-json\/wp\/v2\/users\/32047"}],"replies":[{"embeddable":true,"href":"https:\/\/hoyre.no\/hareid\/wp-json\/wp\/v2\/comments?post=435"}],"version-history":[{"count":17,"href":"https:\/\/hoyre.no\/hareid\/wp-json\/wp\/v2\/pages\/435\/revisions"}],"predecessor-version":[{"id":461,"href":"https:\/\/hoyre.no\/hareid\/wp-json\/wp\/v2\/pages\/435\/revisions\/461"}],"wp:attachment":[{"href":"https:\/\/hoyre.no\/hareid\/wp-json\/wp\/v2\/media?parent=435"}],"curies":[{"name":"wp","href":"https:\/\/api.w.org\/{rel}","templated":true}]}}