{"id":463,"date":"2023-08-10T12:23:43","date_gmt":"2023-08-10T10:23:43","guid":{"rendered":"https:\/\/hoyre.no\/hareid\/?page_id=463"},"modified":"2023-08-10T12:54:34","modified_gmt":"2023-08-10T10:54:34","slug":"robert-flo","status":"publish","type":"page","link":"https:\/\/hoyre.no\/hareid\/robert-flo\/","title":{"rendered":"Robert Fl\u00f8"},"content":{"rendered":"\n\n\n<figure class=\"wp-block-image size-full\"><img loading=\"lazy\" decoding=\"async\" width=\"695\" height=\"912\" src=\"https:\/\/hoyre.no\/content\/uploads\/sites\/106\/2023\/08\/IMG_1759.jpg\" alt=\"\" class=\"wp-image-464\" srcset=\"https:\/\/hoyre.no\/content\/uploads\/sites\/106\/2023\/08\/IMG_1759.jpg 695w, https:\/\/hoyre.no\/content\/uploads\/sites\/106\/2023\/08\/IMG_1759-229x300.jpg 229w\" sizes=\"auto, (max-width: 695px) 100vw, 695px\" \/><\/figure>\n\n\n\n<p><strong>Namn: Robert Fl\u00f8<\/strong><br><br>Kandidat nr 3<br><br>F\u00f8dt 1984<br><br>Arbeid: L\u00e6rar, Hareid barneskule<br><br>Familie: Sambuar, 2 born<br><br><br><strong>Hjartesaker:<\/strong><br><br>At Hareid skal vere ein god stad \u00e5 bu og vekse opp. Forebygge og skape god Folkehelse er viktig. Det handlar om moglegheiter for alle gjennom frivilligheit, kultur, idrett og tilgang til natur og friluftsaktivitetar. Hareid m\u00e5 f\u00e5 kulturhus.<\/p>\n\n\n\n<p><strong>Kvifor H\u00f8gre?<\/strong><\/p>\n\n\n\n<p>H\u00f8gre st\u00e5r for mykje av verdiane og haldningane eg har. Fridom og fokuset p\u00e5 einskildmennesket og val vi gjer i livet. Vi skal st\u00f8tte opp under samfunnet, skape rettferdig fordeling men ikkje formyndarar som skal ta val p\u00e5 mine vegne i alt og alle. Valfridom er viktig i eit samfunn. Vi er ikkje alle like med like behov.<\/p>\n\n\n\n<figure class=\"wp-block-image\"><img decoding=\"async\" src=\"https:\/\/hoyre.no\/content\/uploads\/2020\/08\/hoyre-logo-blue_1839da23.svg\" alt=\"H\u00f8yre\" \/><\/figure>\n\n\n\n<h2 class=\"wp-block-heading\">KONTAKT OSS<\/h2>\n\n\n\n<p>Addressc\/o M\u00f8re og Romsdal H\u00f8yre Postboks 1509<br>\u00c5LESUND 6025<\/p>\n\n\n\n<h2 class=\"wp-block-heading\">SOSIALE MEDIER<\/h2>\n\n\n\n<ul class=\"wp-block-list\"><li><a href=\"https:\/\/www.facebook.com\/HAREIDHOGRE\">Facebook<\/a><\/li><li><a href=\"https:\/\/www.instagram.com\/hoyre\/\">Instagram<\/a><\/li><li><a href=\"https:\/\/www.youtube.com\/hoyre\">YouTube<\/a><\/li><li><a href=\"https:\/\/www.linkedin.com\/company\/hoyre\">LinkedIn<\/a><\/li><li><a href=\"https:\/\/twitter.com\/hoyre\">Twitter<\/a><\/li><\/ul>\n\n\n\n<p>Alt innhold er beskyttet under lov om opphavsrett. Ved bruk av materiale skal kilde oppgis.<\/p>\n\n\n\n<h2 class=\"wp-block-heading\">FORSLAG TIL FORBEDRINGER?<\/h2>\n","protected":false},"excerpt":{"rendered":"<p>Namn: Robert Fl\u00f8 Kandidat nr 3 F\u00f8dt 1984 Arbeid: L\u00e6rar, Hareid barneskule Familie: Sambuar, 2 born Hjartesaker: At Hareid skal vere ein god stad \u00e5 bu og vekse opp. Forebygge og skape god Folkehelse er viktig. Det handlar om moglegheiter for alle gjennom frivilligheit, kultur, idrett og tilgang til natur og friluftsaktivitetar. Hareid m\u00e5 f\u00e5 [&hellip;]<\/p>\n","protected":false},"author":32047,"featured_media":0,"parent":0,"menu_order":0,"comment_status":"closed","ping_status":"closed","template":"","meta":{"teft_cards_image_url":"","teft_cards_custom_pretitle":"","teft_cards_image_id":0,"teft_cards_image_focal_point_x":0,"teft_cards_image_focal_point_y":0,"teft_cards_title":"","teft_cards_excerpt":"","teft_show_chapters":false,"footnotes":""},"class_list":["post-463","page","type-page","status-publish","hentry"],"yoast_head":"<!-- This site is optimized with the Yoast SEO plugin v26.6 - https:\/\/yoast.com\/wordpress\/plugins\/seo\/ -->\n<title>Robert Fl\u00f8 - Hareid H\u00f8gre<\/title>\n<meta name=\"robots\" content=\"index, follow, max-snippet:-1, max-image-preview:large, max-video-preview:-1\" \/>\n<link rel=\"canonical\" href=\"https:\/\/hoyre.no\/hareid\/robert-flo\/\" \/>\n<meta property=\"og:locale\" content=\"nn_NO\" \/>\n<meta property=\"og:type\" content=\"article\" \/>\n<meta property=\"og:title\" content=\"Robert Fl\u00f8 - Hareid H\u00f8gre\" \/>\n<meta property=\"og:description\" content=\"Namn: Robert Fl\u00f8 Kandidat nr 3 F\u00f8dt 1984 Arbeid: L\u00e6rar, Hareid barneskule Familie: Sambuar, 2 born Hjartesaker: At Hareid skal vere ein god stad \u00e5 bu og vekse opp. Forebygge og skape god Folkehelse er viktig. Det handlar om moglegheiter for alle gjennom frivilligheit, kultur, idrett og tilgang til natur og friluftsaktivitetar. Hareid m\u00e5 f\u00e5 [&hellip;]\" \/>\n<meta property=\"og:url\" content=\"https:\/\/hoyre.no\/hareid\/robert-flo\/\" \/>\n<meta property=\"og:site_name\" content=\"Hareid H\u00f8gre\" \/>\n<meta property=\"article:modified_time\" content=\"2023-08-10T10:54:34+00:00\" \/>\n<meta property=\"og:image\" content=\"https:\/\/hoyre.no\/content\/uploads\/sites\/106\/2023\/08\/IMG_1759.jpg\" \/>\n<meta name=\"twitter:card\" content=\"summary_large_image\" \/>\n<meta name=\"twitter:label1\" content=\"Est. reading time\" \/>\n\t<meta name=\"twitter:data1\" content=\"2 minutt\" \/>\n<script type=\"application\/ld+json\" class=\"yoast-schema-graph\">{\"@context\":\"https:\/\/schema.org\",\"@graph\":[{\"@type\":\"WebPage\",\"@id\":\"https:\/\/hoyre.no\/hareid\/robert-flo\/\",\"url\":\"https:\/\/hoyre.no\/hareid\/robert-flo\/\",\"name\":\"Robert Fl\u00f8 - Hareid H\u00f8gre\",\"isPartOf\":{\"@id\":\"https:\/\/hoyre.no\/hareid\/#website\"},\"image\":{\"@id\":\"https:\/\/hoyre.no\/hareid\/robert-flo\/#primaryimage\"},\"thumbnailUrl\":\"https:\/\/hoyre.no\/content\/uploads\/sites\/106\/2023\/08\/IMG_1759.jpg\",\"datePublished\":\"2023-08-10T10:23:43+00:00\",\"dateModified\":\"2023-08-10T10:54:34+00:00\",\"breadcrumb\":{\"@id\":\"https:\/\/hoyre.no\/hareid\/robert-flo\/#breadcrumb\"},\"inLanguage\":\"nn-NO\",\"potentialAction\":[{\"@type\":\"ReadAction\",\"target\":[\"https:\/\/hoyre.no\/hareid\/robert-flo\/\"]}]},{\"@type\":\"ImageObject\",\"inLanguage\":\"nn-NO\",\"@id\":\"https:\/\/hoyre.no\/hareid\/robert-flo\/#primaryimage\",\"url\":\"https:\/\/hoyre.no\/content\/uploads\/sites\/106\/2023\/08\/IMG_1759.jpg\",\"contentUrl\":\"https:\/\/hoyre.no\/content\/uploads\/sites\/106\/2023\/08\/IMG_1759.jpg\"},{\"@type\":\"BreadcrumbList\",\"@id\":\"https:\/\/hoyre.no\/hareid\/robert-flo\/#breadcrumb\",\"itemListElement\":[{\"@type\":\"ListItem\",\"position\":1,\"name\":\"Til hoyre.no\",\"item\":\"https:\/\/hoyre.no\"},{\"@type\":\"ListItem\",\"position\":2,\"name\":\"Hjem\",\"item\":\"https:\/\/hoyre.no\/hareid\/\"},{\"@type\":\"ListItem\",\"position\":3,\"name\":\"Robert Fl\u00f8\"}]},{\"@type\":\"WebSite\",\"@id\":\"https:\/\/hoyre.no\/hareid\/#website\",\"url\":\"https:\/\/hoyre.no\/hareid\/\",\"name\":\"Hareid H\u00f8gre\",\"description\":\"Bare enda et H\u00f8yres nettsteder-nettsted\",\"inLanguage\":\"nn-NO\"}]}<\/script>\n<!-- \/ Yoast SEO plugin. -->","yoast_head_json":{"title":"Robert Fl\u00f8 - Hareid H\u00f8gre","robots":{"index":"index","follow":"follow","max-snippet":"max-snippet:-1","max-image-preview":"max-image-preview:large","max-video-preview":"max-video-preview:-1"},"canonical":"https:\/\/hoyre.no\/hareid\/robert-flo\/","og_locale":"nn_NO","og_type":"article","og_title":"Robert Fl\u00f8 - Hareid H\u00f8gre","og_description":"Namn: Robert Fl\u00f8 Kandidat nr 3 F\u00f8dt 1984 Arbeid: L\u00e6rar, Hareid barneskule Familie: Sambuar, 2 born Hjartesaker: At Hareid skal vere ein god stad \u00e5 bu og vekse opp. Forebygge og skape god Folkehelse er viktig. Det handlar om moglegheiter for alle gjennom frivilligheit, kultur, idrett og tilgang til natur og friluftsaktivitetar. Hareid m\u00e5 f\u00e5 [&hellip;]","og_url":"https:\/\/hoyre.no\/hareid\/robert-flo\/","og_site_name":"Hareid H\u00f8gre","article_modified_time":"2023-08-10T10:54:34+00:00","og_image":[{"url":"https:\/\/hoyre.no\/content\/uploads\/sites\/106\/2023\/08\/IMG_1759.jpg","type":"","width":"","height":""}],"twitter_card":"summary_large_image","twitter_misc":{"Est. reading time":"2 minutt"},"schema":{"@context":"https:\/\/schema.org","@graph":[{"@type":"WebPage","@id":"https:\/\/hoyre.no\/hareid\/robert-flo\/","url":"https:\/\/hoyre.no\/hareid\/robert-flo\/","name":"Robert Fl\u00f8 - Hareid H\u00f8gre","isPartOf":{"@id":"https:\/\/hoyre.no\/hareid\/#website"},"image":{"@id":"https:\/\/hoyre.no\/hareid\/robert-flo\/#primaryimage"},"thumbnailUrl":"https:\/\/hoyre.no\/content\/uploads\/sites\/106\/2023\/08\/IMG_1759.jpg","datePublished":"2023-08-10T10:23:43+00:00","dateModified":"2023-08-10T10:54:34+00:00","breadcrumb":{"@id":"https:\/\/hoyre.no\/hareid\/robert-flo\/#breadcrumb"},"inLanguage":"nn-NO","potentialAction":[{"@type":"ReadAction","target":["https:\/\/hoyre.no\/hareid\/robert-flo\/"]}]},{"@type":"ImageObject","inLanguage":"nn-NO","@id":"https:\/\/hoyre.no\/hareid\/robert-flo\/#primaryimage","url":"https:\/\/hoyre.no\/content\/uploads\/sites\/106\/2023\/08\/IMG_1759.jpg","contentUrl":"https:\/\/hoyre.no\/content\/uploads\/sites\/106\/2023\/08\/IMG_1759.jpg"},{"@type":"BreadcrumbList","@id":"https:\/\/hoyre.no\/hareid\/robert-flo\/#breadcrumb","itemListElement":[{"@type":"ListItem","position":1,"name":"Til hoyre.no","item":"https:\/\/hoyre.no"},{"@type":"ListItem","position":2,"name":"Hjem","item":"https:\/\/hoyre.no\/hareid\/"},{"@type":"ListItem","position":3,"name":"Robert Fl\u00f8"}]},{"@type":"WebSite","@id":"https:\/\/hoyre.no\/hareid\/#website","url":"https:\/\/hoyre.no\/hareid\/","name":"Hareid H\u00f8gre","description":"Bare enda et H\u00f8yres nettsteder-nettsted","inLanguage":"nn-NO"}]}},"distributor_meta":false,"distributor_terms":false,"distributor_media":false,"distributor_original_site_name":"Hareid H\u00f8gre","distributor_original_site_url":"https:\/\/hoyre.no\/hareid","push-errors":false,"_links":{"self":[{"href":"https:\/\/hoyre.no\/hareid\/wp-json\/wp\/v2\/pages\/463","targetHints":{"allow":["GET"]}}],"collection":[{"href":"https:\/\/hoyre.no\/hareid\/wp-json\/wp\/v2\/pages"}],"about":[{"href":"https:\/\/hoyre.no\/hareid\/wp-json\/wp\/v2\/types\/page"}],"author":[{"embeddable":true,"href":"https:\/\/hoyre.no\/hareid\/wp-json\/wp\/v2\/users\/32047"}],"replies":[{"embeddable":true,"href":"https:\/\/hoyre.no\/hareid\/wp-json\/wp\/v2\/comments?post=463"}],"version-history":[{"count":2,"href":"https:\/\/hoyre.no\/hareid\/wp-json\/wp\/v2\/pages\/463\/revisions"}],"predecessor-version":[{"id":486,"href":"https:\/\/hoyre.no\/hareid\/wp-json\/wp\/v2\/pages\/463\/revisions\/486"}],"wp:attachment":[{"href":"https:\/\/hoyre.no\/hareid\/wp-json\/wp\/v2\/media?parent=463"}],"curies":[{"name":"wp","href":"https:\/\/api.w.org\/{rel}","templated":true}]}}