{"id":468,"date":"2023-08-10T12:36:48","date_gmt":"2023-08-10T10:36:48","guid":{"rendered":"https:\/\/hoyre.no\/hareid\/?page_id=468"},"modified":"2023-08-10T14:09:54","modified_gmt":"2023-08-10T12:09:54","slug":"kai-endre-stridh","status":"publish","type":"page","link":"https:\/\/hoyre.no\/hareid\/kai-endre-stridh\/","title":{"rendered":"Kai Endre Stridh"},"content":{"rendered":"\n\n<figure class=\"wp-block-image size-full\"><img loading=\"lazy\" decoding=\"async\" width=\"684\" height=\"912\" src=\"https:\/\/hoyre.no\/content\/uploads\/sites\/106\/2023\/08\/IMG_1762.jpg\" alt=\"\" class=\"wp-image-470\" srcset=\"https:\/\/hoyre.no\/content\/uploads\/sites\/106\/2023\/08\/IMG_1762.jpg 684w, https:\/\/hoyre.no\/content\/uploads\/sites\/106\/2023\/08\/IMG_1762-225x300.jpg 225w\" sizes=\"auto, (max-width: 684px) 100vw, 684px\" \/><\/figure>\n\n\n\n<p><strong>Namn: <\/strong>Kai Endre Stridh<br><br>Kandidat nr 4<br><br>F\u00f8dt 05.11.1974<br><br>Arbeid: Oljearbeidar<br><br>Familie: Sambuar og far til to engleborn<br><br><br><strong>Hjartesaker:<\/strong><br>Eg vil so gjerne at alle i bygda f\u00e5r det dei treng. For \u00e5 f\u00e5 det til treng bygda inntekter. Difor vil eg at vi skal legge til rette for nyetablering og vekst i Hareid. Vi m\u00e5 satse p\u00e5 jobbskaparane og samstudnes s\u00f8rge for vidare vekst i eksisterande n\u00e6ringsliv. Det er viktig at Hareid blir ei bygd der alle kjenner seg heime og inkludert.<br><\/p>\n\n\n\n<p><strong>Kvifor H\u00f8gre?<\/strong><\/p>\n\n\n\n<p>Den lista som Hareid H\u00f8gre stiller , er eit snitt av innbyggarane som eg har respekt for og er imponert over. Dette er solide mennesker med dei rette verdiane og ikkje minst eit hjarte for bygda. Eg er audmjuk og takksam for \u00e5 f\u00e5 st\u00e5 som 4. kandidat til eit parti som vil gjere det betre \u00e5 bu i Hareid. Hareid H\u00f8gre vil meir for Hareid, og det vil eg og!<\/p>\n\n\n\n<figure class=\"wp-block-image\"><img decoding=\"async\" src=\"https:\/\/hoyre.no\/content\/uploads\/2020\/08\/hoyre-logo-blue_1839da23.svg\" alt=\"H\u00f8yre\" \/><\/figure>\n\n\n\n<h2 class=\"wp-block-heading\">KONTAKT OSS<\/h2>\n\n\n\n<p>Addressc\/o M\u00f8re og Romsdal H\u00f8yre Postboks 1509<br>\u00c5LESUND 6025<\/p>\n\n\n\n<h2 class=\"wp-block-heading\">SOSIALE MEDIER<\/h2>\n\n\n\n<ul class=\"wp-block-list\"><li><a href=\"https:\/\/www.facebook.com\/HAREIDHOGRE\">Facebook<\/a><\/li><li><a href=\"https:\/\/www.instagram.com\/hoyre\/\">Instagram<\/a><\/li><li><a href=\"https:\/\/www.youtube.com\/hoyre\">YouTube<\/a><\/li><li><a href=\"https:\/\/www.linkedin.com\/company\/hoyre\">LinkedIn<\/a><\/li><li><a href=\"https:\/\/twitter.com\/hoyre\">Twitter<\/a><\/li><\/ul>\n\n\n\n<p>Alt innhold er beskyttet under lov om opphavsrett. Ved bruk av materiale skal kilde oppgis.<\/p>\n\n\n\n<h2 class=\"wp-block-heading\">FORSLAG TIL FORBEDRINGER?<\/h2>\n\n","protected":false},"excerpt":{"rendered":"","protected":false},"author":32047,"featured_media":0,"parent":0,"menu_order":0,"comment_status":"closed","ping_status":"closed","template":"","meta":{"teft_cards_image_url":"","teft_cards_custom_pretitle":"","teft_cards_image_id":0,"teft_cards_image_focal_point_x":0,"teft_cards_image_focal_point_y":0,"teft_cards_title":"","teft_cards_excerpt":"","teft_show_chapters":false,"footnotes":""},"class_list":["post-468","page","type-page","status-publish","hentry"],"yoast_head":"<!-- This site is optimized with the Yoast SEO plugin v26.6 - https:\/\/yoast.com\/wordpress\/plugins\/seo\/ -->\n<title>Kai Endre Stridh - Hareid H\u00f8gre<\/title>\n<meta name=\"robots\" content=\"index, follow, max-snippet:-1, max-image-preview:large, max-video-preview:-1\" \/>\n<link rel=\"canonical\" href=\"https:\/\/hoyre.no\/hareid\/kai-endre-stridh\/\" \/>\n<meta property=\"og:locale\" content=\"nn_NO\" \/>\n<meta property=\"og:type\" content=\"article\" \/>\n<meta property=\"og:title\" content=\"Kai Endre Stridh - Hareid H\u00f8gre\" \/>\n<meta property=\"og:url\" content=\"https:\/\/hoyre.no\/hareid\/kai-endre-stridh\/\" \/>\n<meta property=\"og:site_name\" content=\"Hareid H\u00f8gre\" \/>\n<meta property=\"article:modified_time\" content=\"2023-08-10T12:09:54+00:00\" \/>\n<meta property=\"og:image\" content=\"https:\/\/hoyre.no\/content\/uploads\/sites\/106\/2023\/08\/IMG_1762.jpg\" \/>\n<meta name=\"twitter:card\" content=\"summary_large_image\" \/>\n<meta name=\"twitter:label1\" content=\"Est. reading time\" \/>\n\t<meta name=\"twitter:data1\" content=\"2 minutt\" \/>\n<script type=\"application\/ld+json\" class=\"yoast-schema-graph\">{\"@context\":\"https:\/\/schema.org\",\"@graph\":[{\"@type\":\"WebPage\",\"@id\":\"https:\/\/hoyre.no\/hareid\/kai-endre-stridh\/\",\"url\":\"https:\/\/hoyre.no\/hareid\/kai-endre-stridh\/\",\"name\":\"Kai Endre Stridh - Hareid H\u00f8gre\",\"isPartOf\":{\"@id\":\"https:\/\/hoyre.no\/hareid\/#website\"},\"image\":{\"@id\":\"https:\/\/hoyre.no\/hareid\/kai-endre-stridh\/#primaryimage\"},\"thumbnailUrl\":\"https:\/\/hoyre.no\/content\/uploads\/sites\/106\/2023\/08\/IMG_1762.jpg\",\"datePublished\":\"2023-08-10T10:36:48+00:00\",\"dateModified\":\"2023-08-10T12:09:54+00:00\",\"breadcrumb\":{\"@id\":\"https:\/\/hoyre.no\/hareid\/kai-endre-stridh\/#breadcrumb\"},\"inLanguage\":\"nn-NO\",\"potentialAction\":[{\"@type\":\"ReadAction\",\"target\":[\"https:\/\/hoyre.no\/hareid\/kai-endre-stridh\/\"]}]},{\"@type\":\"ImageObject\",\"inLanguage\":\"nn-NO\",\"@id\":\"https:\/\/hoyre.no\/hareid\/kai-endre-stridh\/#primaryimage\",\"url\":\"https:\/\/hoyre.no\/content\/uploads\/sites\/106\/2023\/08\/IMG_1762.jpg\",\"contentUrl\":\"https:\/\/hoyre.no\/content\/uploads\/sites\/106\/2023\/08\/IMG_1762.jpg\"},{\"@type\":\"BreadcrumbList\",\"@id\":\"https:\/\/hoyre.no\/hareid\/kai-endre-stridh\/#breadcrumb\",\"itemListElement\":[{\"@type\":\"ListItem\",\"position\":1,\"name\":\"Til hoyre.no\",\"item\":\"https:\/\/hoyre.no\"},{\"@type\":\"ListItem\",\"position\":2,\"name\":\"Hjem\",\"item\":\"https:\/\/hoyre.no\/hareid\/\"},{\"@type\":\"ListItem\",\"position\":3,\"name\":\"Kai Endre Stridh\"}]},{\"@type\":\"WebSite\",\"@id\":\"https:\/\/hoyre.no\/hareid\/#website\",\"url\":\"https:\/\/hoyre.no\/hareid\/\",\"name\":\"Hareid H\u00f8gre\",\"description\":\"Bare enda et H\u00f8yres nettsteder-nettsted\",\"inLanguage\":\"nn-NO\"}]}<\/script>\n<!-- \/ Yoast SEO plugin. -->","yoast_head_json":{"title":"Kai Endre Stridh - Hareid H\u00f8gre","robots":{"index":"index","follow":"follow","max-snippet":"max-snippet:-1","max-image-preview":"max-image-preview:large","max-video-preview":"max-video-preview:-1"},"canonical":"https:\/\/hoyre.no\/hareid\/kai-endre-stridh\/","og_locale":"nn_NO","og_type":"article","og_title":"Kai Endre Stridh - Hareid H\u00f8gre","og_url":"https:\/\/hoyre.no\/hareid\/kai-endre-stridh\/","og_site_name":"Hareid H\u00f8gre","article_modified_time":"2023-08-10T12:09:54+00:00","og_image":[{"url":"https:\/\/hoyre.no\/content\/uploads\/sites\/106\/2023\/08\/IMG_1762.jpg","type":"","width":"","height":""}],"twitter_card":"summary_large_image","twitter_misc":{"Est. reading time":"2 minutt"},"schema":{"@context":"https:\/\/schema.org","@graph":[{"@type":"WebPage","@id":"https:\/\/hoyre.no\/hareid\/kai-endre-stridh\/","url":"https:\/\/hoyre.no\/hareid\/kai-endre-stridh\/","name":"Kai Endre Stridh - Hareid H\u00f8gre","isPartOf":{"@id":"https:\/\/hoyre.no\/hareid\/#website"},"image":{"@id":"https:\/\/hoyre.no\/hareid\/kai-endre-stridh\/#primaryimage"},"thumbnailUrl":"https:\/\/hoyre.no\/content\/uploads\/sites\/106\/2023\/08\/IMG_1762.jpg","datePublished":"2023-08-10T10:36:48+00:00","dateModified":"2023-08-10T12:09:54+00:00","breadcrumb":{"@id":"https:\/\/hoyre.no\/hareid\/kai-endre-stridh\/#breadcrumb"},"inLanguage":"nn-NO","potentialAction":[{"@type":"ReadAction","target":["https:\/\/hoyre.no\/hareid\/kai-endre-stridh\/"]}]},{"@type":"ImageObject","inLanguage":"nn-NO","@id":"https:\/\/hoyre.no\/hareid\/kai-endre-stridh\/#primaryimage","url":"https:\/\/hoyre.no\/content\/uploads\/sites\/106\/2023\/08\/IMG_1762.jpg","contentUrl":"https:\/\/hoyre.no\/content\/uploads\/sites\/106\/2023\/08\/IMG_1762.jpg"},{"@type":"BreadcrumbList","@id":"https:\/\/hoyre.no\/hareid\/kai-endre-stridh\/#breadcrumb","itemListElement":[{"@type":"ListItem","position":1,"name":"Til hoyre.no","item":"https:\/\/hoyre.no"},{"@type":"ListItem","position":2,"name":"Hjem","item":"https:\/\/hoyre.no\/hareid\/"},{"@type":"ListItem","position":3,"name":"Kai Endre Stridh"}]},{"@type":"WebSite","@id":"https:\/\/hoyre.no\/hareid\/#website","url":"https:\/\/hoyre.no\/hareid\/","name":"Hareid H\u00f8gre","description":"Bare enda et H\u00f8yres nettsteder-nettsted","inLanguage":"nn-NO"}]}},"distributor_meta":false,"distributor_terms":false,"distributor_media":false,"distributor_original_site_name":"Hareid H\u00f8gre","distributor_original_site_url":"https:\/\/hoyre.no\/hareid","push-errors":false,"_links":{"self":[{"href":"https:\/\/hoyre.no\/hareid\/wp-json\/wp\/v2\/pages\/468","targetHints":{"allow":["GET"]}}],"collection":[{"href":"https:\/\/hoyre.no\/hareid\/wp-json\/wp\/v2\/pages"}],"about":[{"href":"https:\/\/hoyre.no\/hareid\/wp-json\/wp\/v2\/types\/page"}],"author":[{"embeddable":true,"href":"https:\/\/hoyre.no\/hareid\/wp-json\/wp\/v2\/users\/32047"}],"replies":[{"embeddable":true,"href":"https:\/\/hoyre.no\/hareid\/wp-json\/wp\/v2\/comments?post=468"}],"version-history":[{"count":3,"href":"https:\/\/hoyre.no\/hareid\/wp-json\/wp\/v2\/pages\/468\/revisions"}],"predecessor-version":[{"id":487,"href":"https:\/\/hoyre.no\/hareid\/wp-json\/wp\/v2\/pages\/468\/revisions\/487"}],"wp:attachment":[{"href":"https:\/\/hoyre.no\/hareid\/wp-json\/wp\/v2\/media?parent=468"}],"curies":[{"name":"wp","href":"https:\/\/api.w.org\/{rel}","templated":true}]}}