{"id":115,"date":"2024-08-17T20:29:31","date_gmt":"2024-08-17T18:29:31","guid":{"rendered":"https:\/\/hoyre.no\/hitra\/?page_id=115"},"modified":"2026-03-24T14:17:42","modified_gmt":"2026-03-24T13:17:42","slug":"115-2","status":"publish","type":"page","link":"https:\/\/hoyre.no\/hitra\/115-2\/","title":{"rendered":"M\u00f8teinfo"},"content":{"rendered":"\n<p><\/p>\n\n\n\n<div class=\"wp-block-hoyre-hero with-image-gradient text-color-light  alignfull has-background \"><div class=\"hoyre-hero \"><h1 class=\"title\">Nominasjon til kommunevalget 2027<\/h1><p class=\"preamble\"><strong>NOMINASJONSM\u00d8TE OG VALG AV KANDIDATER TIL HITRA H\u00d8YRES LISTE FOR KOMMUNEVALGET 2027<\/strong><\/p><\/div><\/div>\n\n\n\n<p>Kj\u00e6re medlem i Hitra H\u00f8yre,<\/p>\n\n\n\n<p>Vi ser frem til Kommunestyrevalget i september 2027 og prosessen med \u00e5 finne gode kandidater til H\u00f8yres valgliste i Hitra kommune er i gang.&nbsp;<\/p>\n\n\n\n<p>Nominasjonskomiteen vil med dette oppfordre v\u00e5re medlemmer til \u00e5 sende inn forslag. Hvem b\u00f8r representere H\u00f8yre i kommunestyret neste periode?&nbsp;<\/p>\n\n\n\n<p>Foresl\u00e5tte kandidater m\u00e5 ikke v\u00e6re medlemmer av H\u00f8yre, men m\u00e5 naturligvis bli det f\u00f8r de kan bli nominert.<\/p>\n\n\n\n<p>Vi vil gjerne ha en s\u00e5 mangfoldig liste som mulig og trenger derfor forslag til kandidater med ulik bakgrunn. Som et folkeparti skal vi p\u00e5 best mulig m\u00e5te avspeile kommunen. Fremfor alt vil vi gjerne ha kandidater som nyter respekt i sitt n\u00e6rmilj\u00f8, p\u00e5 arbeidsplassen, i idrettslaget, menigheten eller andre frivillige organisasjoner.&nbsp;<\/p>\n\n\n\n<p>Skal vi f\u00e5 en liste med bred appell er vi helt avhengig av gode forslag fra v\u00e5re medlemmer og sympatis\u00f8rer.&nbsp;<\/p>\n\n\n\n<p>Kandidatforslag sendes til\u00a0<a href=\"mailto:r.s.lundquist@hotmail.com\" target=\"_blank\" rel=\"noreferrer noopener\">r.s.lundquist@hotmail.com<\/a>\u00a0innen 10.4.26. Alle som blir foresl\u00e5tt, og som Nominasjonskomiteen \u00f8nsker \u00e5 ha med p\u00e5 listen, vil bli forespurt om de er valgvillige.\u00a0 Nominasjonsprosessen vil deretter fortsette med oppf\u00f8lgende samtaler, intervjuer og avtaler fram til nominasjonsm\u00f8tet som finner sted til h\u00f8sten.\u00a0\u00a0<\/p>\n\n\n","protected":false},"excerpt":{"rendered":"<p>Kj\u00e6re medlem i Hitra H\u00f8yre, Vi ser frem til Kommunestyrevalget i september 2027 og prosessen med \u00e5 finne gode kandidater til H\u00f8yres valgliste i Hitra kommune er i gang.&nbsp; Nominasjonskomiteen vil med dette oppfordre v\u00e5re medlemmer til \u00e5 sende inn forslag. Hvem b\u00f8r representere H\u00f8yre i kommunestyret neste periode?&nbsp; Foresl\u00e5tte kandidater m\u00e5 ikke v\u00e6re medlemmer [&hellip;]<\/p>\n","protected":false},"author":39130,"featured_media":0,"parent":0,"menu_order":0,"comment_status":"closed","ping_status":"closed","template":"","meta":{"teft_cards_image_url":"","teft_cards_custom_pretitle":"","teft_cards_image_id":0,"teft_cards_image_focal_point_x":0,"teft_cards_image_focal_point_y":0,"teft_cards_title":"","teft_cards_excerpt":"","teft_show_chapters":false,"footnotes":""},"class_list":["post-115","page","type-page","status-publish","hentry"],"yoast_head":"<!-- This site is optimized with the Yoast SEO plugin v26.6 - https:\/\/yoast.com\/wordpress\/plugins\/seo\/ -->\n<title>M\u00f8teinfo - Hitra H\u00f8yre<\/title>\n<meta name=\"robots\" content=\"index, follow, max-snippet:-1, max-image-preview:large, max-video-preview:-1\" \/>\n<link rel=\"canonical\" href=\"https:\/\/hoyre.no\/hitra\/115-2\/\" \/>\n<meta property=\"og:locale\" content=\"nb_NO\" \/>\n<meta property=\"og:type\" content=\"article\" \/>\n<meta property=\"og:title\" content=\"M\u00f8teinfo - Hitra H\u00f8yre\" \/>\n<meta property=\"og:description\" content=\"Kj\u00e6re medlem i Hitra H\u00f8yre, Vi ser frem til Kommunestyrevalget i september 2027 og prosessen med \u00e5 finne gode kandidater til H\u00f8yres valgliste i Hitra kommune er i gang.&nbsp; Nominasjonskomiteen vil med dette oppfordre v\u00e5re medlemmer til \u00e5 sende inn forslag. Hvem b\u00f8r representere H\u00f8yre i kommunestyret neste periode?&nbsp; Foresl\u00e5tte kandidater m\u00e5 ikke v\u00e6re medlemmer [&hellip;]\" \/>\n<meta property=\"og:url\" content=\"https:\/\/hoyre.no\/hitra\/115-2\/\" \/>\n<meta property=\"og:site_name\" content=\"Hitra H\u00f8yre\" \/>\n<meta property=\"article:modified_time\" content=\"2026-03-24T13:17:42+00:00\" \/>\n<meta property=\"og:image\" content=\"https:\/\/hoyre.no\/content\/uploads\/sites\/301\/2022\/11\/Hoyres-logo.png\" \/>\n\t<meta property=\"og:image:width\" content=\"1000\" \/>\n\t<meta property=\"og:image:height\" content=\"1000\" \/>\n\t<meta property=\"og:image:type\" content=\"image\/png\" \/>\n<meta name=\"twitter:card\" content=\"summary_large_image\" \/>\n<meta name=\"twitter:label1\" content=\"Ansl. lesetid\" \/>\n\t<meta name=\"twitter:data1\" content=\"2 minutter\" \/>\n<script type=\"application\/ld+json\" class=\"yoast-schema-graph\">{\"@context\":\"https:\/\/schema.org\",\"@graph\":[{\"@type\":\"WebPage\",\"@id\":\"https:\/\/hoyre.no\/hitra\/115-2\/\",\"url\":\"https:\/\/hoyre.no\/hitra\/115-2\/\",\"name\":\"M\u00f8teinfo - Hitra H\u00f8yre\",\"isPartOf\":{\"@id\":\"https:\/\/hoyre.no\/hitra\/#website\"},\"datePublished\":\"2024-08-17T18:29:31+00:00\",\"dateModified\":\"2026-03-24T13:17:42+00:00\",\"breadcrumb\":{\"@id\":\"https:\/\/hoyre.no\/hitra\/115-2\/#breadcrumb\"},\"inLanguage\":\"nb-NO\",\"potentialAction\":[{\"@type\":\"ReadAction\",\"target\":[\"https:\/\/hoyre.no\/hitra\/115-2\/\"]}]},{\"@type\":\"BreadcrumbList\",\"@id\":\"https:\/\/hoyre.no\/hitra\/115-2\/#breadcrumb\",\"itemListElement\":[{\"@type\":\"ListItem\",\"position\":1,\"name\":\"Til hoyre.no\",\"item\":\"https:\/\/hoyre.no\"},{\"@type\":\"ListItem\",\"position\":2,\"name\":\"Hjem\",\"item\":\"https:\/\/hoyre.no\/hitra\/\"},{\"@type\":\"ListItem\",\"position\":3,\"name\":\"M\u00f8teinfo\"}]},{\"@type\":\"WebSite\",\"@id\":\"https:\/\/hoyre.no\/hitra\/#website\",\"url\":\"https:\/\/hoyre.no\/hitra\/\",\"name\":\"Hitra H\u00f8yre\",\"description\":\"Bare enda et H\u00f8yres nettsteder-nettsted\",\"inLanguage\":\"nb-NO\"}]}<\/script>\n<!-- \/ Yoast SEO plugin. -->","yoast_head_json":{"title":"M\u00f8teinfo - Hitra H\u00f8yre","robots":{"index":"index","follow":"follow","max-snippet":"max-snippet:-1","max-image-preview":"max-image-preview:large","max-video-preview":"max-video-preview:-1"},"canonical":"https:\/\/hoyre.no\/hitra\/115-2\/","og_locale":"nb_NO","og_type":"article","og_title":"M\u00f8teinfo - Hitra H\u00f8yre","og_description":"Kj\u00e6re medlem i Hitra H\u00f8yre, Vi ser frem til Kommunestyrevalget i september 2027 og prosessen med \u00e5 finne gode kandidater til H\u00f8yres valgliste i Hitra kommune er i gang.&nbsp; Nominasjonskomiteen vil med dette oppfordre v\u00e5re medlemmer til \u00e5 sende inn forslag. Hvem b\u00f8r representere H\u00f8yre i kommunestyret neste periode?&nbsp; Foresl\u00e5tte kandidater m\u00e5 ikke v\u00e6re medlemmer [&hellip;]","og_url":"https:\/\/hoyre.no\/hitra\/115-2\/","og_site_name":"Hitra H\u00f8yre","article_modified_time":"2026-03-24T13:17:42+00:00","og_image":[{"width":1000,"height":1000,"url":"https:\/\/hoyre.no\/content\/uploads\/sites\/301\/2022\/11\/Hoyres-logo.png","type":"image\/png"}],"twitter_card":"summary_large_image","twitter_misc":{"Ansl. lesetid":"2 minutter"},"schema":{"@context":"https:\/\/schema.org","@graph":[{"@type":"WebPage","@id":"https:\/\/hoyre.no\/hitra\/115-2\/","url":"https:\/\/hoyre.no\/hitra\/115-2\/","name":"M\u00f8teinfo - Hitra H\u00f8yre","isPartOf":{"@id":"https:\/\/hoyre.no\/hitra\/#website"},"datePublished":"2024-08-17T18:29:31+00:00","dateModified":"2026-03-24T13:17:42+00:00","breadcrumb":{"@id":"https:\/\/hoyre.no\/hitra\/115-2\/#breadcrumb"},"inLanguage":"nb-NO","potentialAction":[{"@type":"ReadAction","target":["https:\/\/hoyre.no\/hitra\/115-2\/"]}]},{"@type":"BreadcrumbList","@id":"https:\/\/hoyre.no\/hitra\/115-2\/#breadcrumb","itemListElement":[{"@type":"ListItem","position":1,"name":"Til hoyre.no","item":"https:\/\/hoyre.no"},{"@type":"ListItem","position":2,"name":"Hjem","item":"https:\/\/hoyre.no\/hitra\/"},{"@type":"ListItem","position":3,"name":"M\u00f8teinfo"}]},{"@type":"WebSite","@id":"https:\/\/hoyre.no\/hitra\/#website","url":"https:\/\/hoyre.no\/hitra\/","name":"Hitra H\u00f8yre","description":"Bare enda et H\u00f8yres nettsteder-nettsted","inLanguage":"nb-NO"}]}},"distributor_meta":false,"distributor_terms":false,"distributor_media":false,"distributor_original_site_name":"Hitra H\u00f8yre","distributor_original_site_url":"https:\/\/hoyre.no\/hitra","push-errors":false,"_links":{"self":[{"href":"https:\/\/hoyre.no\/hitra\/wp-json\/wp\/v2\/pages\/115","targetHints":{"allow":["GET"]}}],"collection":[{"href":"https:\/\/hoyre.no\/hitra\/wp-json\/wp\/v2\/pages"}],"about":[{"href":"https:\/\/hoyre.no\/hitra\/wp-json\/wp\/v2\/types\/page"}],"author":[{"embeddable":true,"href":"https:\/\/hoyre.no\/hitra\/wp-json\/wp\/v2\/users\/39130"}],"replies":[{"embeddable":true,"href":"https:\/\/hoyre.no\/hitra\/wp-json\/wp\/v2\/comments?post=115"}],"version-history":[{"count":6,"href":"https:\/\/hoyre.no\/hitra\/wp-json\/wp\/v2\/pages\/115\/revisions"}],"predecessor-version":[{"id":135,"href":"https:\/\/hoyre.no\/hitra\/wp-json\/wp\/v2\/pages\/115\/revisions\/135"}],"wp:attachment":[{"href":"https:\/\/hoyre.no\/hitra\/wp-json\/wp\/v2\/media?parent=115"}],"curies":[{"name":"wp","href":"https:\/\/api.w.org\/{rel}","templated":true}]}}