{"id":28,"date":"2023-07-20T21:29:18","date_gmt":"2023-07-20T19:29:18","guid":{"rendered":"https:\/\/hoyre.no\/hitra\/?page_id=28"},"modified":"2025-02-07T14:00:59","modified_gmt":"2025-02-07T13:00:59","slug":"ordforerkandidat","status":"publish","type":"page","link":"https:\/\/hoyre.no\/hitra\/ordforerkandidat\/","title":{"rendered":"Ordf\u00f8rerkandidat"},"content":{"rendered":"\n<div class=\"wp-block-hoyre-hero with-image-gradient text-color-light  has-media alignfull has-background\"><div class=\"hoyre-hero has-image\"><h1 class=\"title\">Sigrid Helene Hansen &#8211; gruppeleder<\/h1><p class=\"preamble\">Hvorfor du skal gi H\u00f8yre og meg din stemme i Hitra kommune?<\/p>\t\t\t<div class=\"post-meta wp-block teft-byline-wrapper\">\n\t\t\t\t<div class=\"top\">\n\t\t\t\t\t<div class=\"signature\">\n\t\t\t\t\t\t<div class=\"teft-byline\">\n\t\t\t\t\t\t\t\t\t\t\t\t\t\t<div>\n\t\t\t\t\t\t\t\t<h3>H\u00f8yres redaksjon<\/h3>\t\t\t\t\t\t\t\t\n\t\t\t\t\t\t\t\t\t\t\t\t\t\t\t\t\t<span class=\"date\">Sist oppdatert: 7. februar 2025<\/span>\n\t\t\t\t\t\t\t\t\t\t\t\t\t\t\t\t\t\t\t\t\t\t\t\t\t<span class=\"reading-time\" itemprop=\"timeRequired\" content=\"PT3M\"><em>Ca. 3 minutter lesetid<\/em><\/span>\n\t\t\t\t\t\t\t\t\t\t\t\t\t\t\t<\/div>\n\t\t\t\t\t\t<\/div>\n\t\t\t\t\t<\/div>\n\t\t\t\t\t\t<div class=\"sharing\">\n\t\t<a class=\"share-button share-link copy-link\" data-copy=\"https:\/\/hoyre.no\/hitra\/ordforerkandidat\/\" target=\"_blank\"><span class=\"screen-reader-text\">Del link<\/span><\/a>\n\t\t<a class=\"share-button share-twitter\" href=\"http:\/\/twitter.com\/share?text=Ordf\u00f8rerkandidat&#038;url=https:\/\/hoyre.no\/hitra\/ordforerkandidat\/&#038;hashtags=Hoyre\" target=\"_blank\"><span class=\"screen-reader-text\">Del p\u00e5 twitter<\/span><\/a>\n\t\t<a class=\"share-button share-facebook\" href=\"https:\/\/www.facebook.com\/sharer\/sharer.php?u=https:\/\/hoyre.no\/hitra\/ordforerkandidat\/\" target=\"_blank\"><span class=\"screen-reader-text\">Del p\u00e5 facebook<\/span><\/a>\n\t<\/div>\n\t\t\t\t\t<\/div>\n\t\t\t<\/div>\n\n\t\t\t<figure class=\"hoyre-image-wrapper\"><div class=\"hoyre-image\"><img loading=\"lazy\" decoding=\"async\" width=\"768\" height=\"768\" src=\"https:\/\/hoyre.no\/content\/uploads\/sites\/301\/2025\/02\/52093051.avif\" class=\"attachment-scaled size-scaled\" alt=\"gruppeleder\" style=\"object-position: 44% 28.999999999999996%\" srcset=\"https:\/\/hoyre.no\/content\/uploads\/sites\/301\/2025\/02\/52093051.avif 768w, https:\/\/hoyre.no\/content\/uploads\/sites\/301\/2025\/02\/52093051-300x300.avif 300w, https:\/\/hoyre.no\/content\/uploads\/sites\/301\/2025\/02\/52093051-150x150.avif 150w\" sizes=\"auto, (max-width: 768px) 100vw, 768px\" \/><\/div><\/figure><\/div><\/div>\n\n\n\n\n<div class=\"wp-block-buttons is-content-justification-center is-layout-flex wp-container-core-buttons-is-layout-16018d1d wp-block-buttons-is-layout-flex\">\n<div class=\"wp-block-button\"><a class=\"wp-block-button__link wp-element-button\" href=\"https:\/\/hoyre.no\/nyhetsbrev\/\">abonner p\u00e5 h\u00f8yres nyhetsbrev<\/a><\/div>\n\n\n\n<div class=\"wp-block-button\"><a class=\"wp-block-button__link wp-element-button\" href=\"https:\/\/hoyre.no\/personprofiler\/sigrid-helene-hanssen\/\" target=\"_blank\" rel=\"noreferrer noopener\">kom i kontakt med Sigrid<\/a><\/div>\n\n\n\n<div class=\"wp-block-button\"><a class=\"wp-block-button__link wp-element-button\" href=\"https:\/\/www.facebook.com\/HitraHoyre\/\" rel=\"https:\/\/www.facebook.com\/HitraHoyre\">f\u00f8lg Hitra h\u00f8yre p\u00e5 facebook<\/a><\/div>\n<\/div>\n\n\n\n<div class=\"wp-block-hoyre-banner undefined has-icon-title icon-heart is-style-blue\"><div class=\"banner-inner\"><figure class=\"hoyre-image-wrapper\"><div class=\"hoyre-image\"><img loading=\"lazy\" decoding=\"async\" width=\"1080\" height=\"1080\" src=\"https:\/\/hoyre.no\/content\/uploads\/sites\/301\/2023\/06\/ramme_stiller_til_valg_bokmaal_2-1685094741578.png\" class=\"attachment-scaled size-scaled\" alt=\"gruppeleder\" style=\"object-position: 0% 0%\" srcset=\"https:\/\/hoyre.no\/content\/uploads\/sites\/301\/2023\/06\/ramme_stiller_til_valg_bokmaal_2-1685094741578.png 1080w, https:\/\/hoyre.no\/content\/uploads\/sites\/301\/2023\/06\/ramme_stiller_til_valg_bokmaal_2-1685094741578-300x300.png 300w, https:\/\/hoyre.no\/content\/uploads\/sites\/301\/2023\/06\/ramme_stiller_til_valg_bokmaal_2-1685094741578-1024x1024.png 1024w, https:\/\/hoyre.no\/content\/uploads\/sites\/301\/2023\/06\/ramme_stiller_til_valg_bokmaal_2-1685094741578-150x150.png 150w, https:\/\/hoyre.no\/content\/uploads\/sites\/301\/2023\/06\/ramme_stiller_til_valg_bokmaal_2-1685094741578-768x768.png 768w\" sizes=\"auto, (max-width: 1080px) 100vw, 1080px\" \/><\/div><\/figure><div class=\"banner-content\"><div class=\"entry-content\">\n<h2 class=\"wp-block-heading has-text-align-center\" id=\"h-bli-bedre-kjent-med-navn\">Bli bedre kjent med Sigrid!<\/h2>\n\n\n\n<p class=\"has-text-align-left\"><\/p>\n\n\n\n<p class=\"has-text-align-left\"><strong>Bosted:<\/strong> Tranvikan p\u00e5 Hitra<\/p>\n\n\n\n<p class=\"has-text-align-left\"><strong>Sivilstatus:<\/strong> Singel<\/p>\n\n\n\n<p class=\"has-text-align-left\"><strong>Jobb:<\/strong> Prosjektleder i utbyggingsavdelingen i Tr\u00f8ndelag fylkeskommune og sauebonde<\/p>\n\n\n\n<p class=\"has-text-align-left\"><strong>Bakgrunn:<\/strong> Leder i bygg og anleggsbransjen og noen \u00e5r innen reiseliv.<\/p>\n\n\n\n<p class=\"has-text-align-left\"><strong>Politisk erfaring:<\/strong> Gruppeleder og medlem av formannskapet og kommunestyret gjennom siste valgperiode<\/p>\n\n\n\n<p class=\"has-text-align-left\"><strong>Hvorfor er H\u00f8yre rett parti for deg?<\/strong> <\/p>\n\n\n\n<p class=\"has-text-align-left\">Utvikling, vekst og et drivende n\u00e6ringsliv ligger mitt hjerte n\u00e6rt. H\u00f8yre har en bredde i sin politikk som ogs\u00e5 favner viktige saker innen skole og helse.<\/p>\n\n\n\n<p class=\"has-text-align-left\"><strong>Det er l\u00f8rdag, klokka n\u00e6rmer seg 19.00. Hva spiser du helst til middag?<\/strong> <\/p>\n\n\n\n<p class=\"has-text-align-left\">Vi bor jo midt i matfatet, s\u00e5 gjerne en god biff av hjort med godt tilbeh\u00f8r, p\u00e5 sommeren er det nytrukket sei med lever, hjemmebakt flatbr\u00f8d og godt sm\u00f8r.<\/p>\n\n\n\n<p class=\"has-text-align-left\"><strong>Konsert eller idrettsarrangement?<\/strong> <\/p>\n\n\n\n<p class=\"has-text-align-left\">Definitiv konsert<\/p>\n\n\n\n<p class=\"has-text-align-left\"><strong>Hvis du skulle valgt en, hva er din favorittartist?<\/strong> <\/p>\n\n\n\n<p class=\"has-text-align-left\">Jeg h\u00f8rer p\u00e5 mye forskjellig, m\u00e5 jeg velge en s\u00e5 er det AC\/DC, rock p\u00e5 sitt beste. Har v\u00e6rt p\u00e5 flere konserter.<\/p>\n\n\n\n<p class=\"has-text-align-left\"><strong>Funfact?<\/strong> <\/p>\n\n\n\n<p class=\"has-text-align-left\">Digger \u00e5 sitte bak rattet p\u00e5 gamle veteranbiler, aller helst en gammel Scania 141 lastebil.<\/p>\n\n\n\n<p class=\"has-text-align-left\"><strong>Hva er din favorittplass i kommunen og utenfor kommunen?<\/strong>&nbsp;<\/p>\n\n\n\n<p class=\"has-text-align-left\">Min favorittplass i kommunen er p\u00e5 tur i skog og mark, gjerne med telt og fiskestang. Vi har en fantastisk og variert natur i kommunen v\u00e5r. Jeg bodde 20 \u00e5r i Stj\u00f8rdal og kjenner meg fortsatt hjemme der. Her bes\u00f8ker jeg venner og g\u00e5r gjerne p\u00e5 tur n\u00e5r jeg f\u00f8rst er der.<\/p>\n\n\n\n<div class=\"wp-block-buttons is-layout-flex wp-block-buttons-is-layout-flex\"><\/div>\n<\/div><\/div><\/div><\/div>\n\n\n\n<h2 class=\"wp-block-heading has-text-align-center\">Sigrid sin hjertesak<\/h2>\n\n\n\n<h3 class=\"wp-block-heading\">\ud83d\udc99 <strong>Legge til rette for utvikling og muligheter<\/strong><\/h3>\n\n\n\n<p>Jeg \u00f8nsker \u00e5 legge til rette for utvikling og muligheter for \u00e5 bo og leve, i hele kommunen. N\u00f8dvendig infrastruktur som gode veger, tilgang til internett, nok<br>str\u00f8m og rent vann for alle er viktige forutsetninger. \u00c5penhet, respekt og rettferdighet b\u00f8r gjenspeiles i alt vi sier og gj\u00f8r \u2013 det er en selvf\u00f8lge for meg. God helse gjennom hele livet, fokus p\u00e5 ensomhet og psykisk helse er viktige saker som<br>ligger mitt hjerte n\u00e6r. En god skole for alle og tilgjengelige barnehager m\u00e5 vi prioritere. Og sist, men ikke minst: Integrering og inkludering av nye hitterv\u00e6ringer fra andre nasjoner er noe vi kan bli bedre p\u00e5. Her har vi mye uutnyttet kapasitet og<br>kompetanse som vi har bruk for i \u00f8yregionen<\/p>\n\n\n\n\n<figure class=\"wp-block-teft-gallery columns-3 count-3 rows-2 is-cropped\"><ul class=\"teft-gallery-grid\"><li class=\"teft-gallery-item \"><figure><a data-size=\"undefinedxundefined\"><img loading=\"lazy\" decoding=\"async\" width=\"764\" height=\"1024\" src=\"https:\/\/hoyre.no\/content\/uploads\/sites\/301\/2023\/07\/287419935_388640703297332_2976024189249646481_n-1-764x1024.jpg\" class=\"attachment-large size-large\" alt=\"\" srcset=\"https:\/\/hoyre.no\/content\/uploads\/sites\/301\/2023\/07\/287419935_388640703297332_2976024189249646481_n-1-764x1024.jpg 764w, https:\/\/hoyre.no\/content\/uploads\/sites\/301\/2023\/07\/287419935_388640703297332_2976024189249646481_n-1-224x300.jpg 224w, https:\/\/hoyre.no\/content\/uploads\/sites\/301\/2023\/07\/287419935_388640703297332_2976024189249646481_n-1-768x1029.jpg 768w, https:\/\/hoyre.no\/content\/uploads\/sites\/301\/2023\/07\/287419935_388640703297332_2976024189249646481_n-1-1146x1536.jpg 1146w, https:\/\/hoyre.no\/content\/uploads\/sites\/301\/2023\/07\/287419935_388640703297332_2976024189249646481_n-1.jpg 1504w\" sizes=\"auto, (max-width: 764px) 100vw, 764px\" \/ data-full-url=\"https:\/\/hoyre.no\/content\/uploads\/sites\/301\/2023\/07\/287419935_388640703297332_2976024189249646481_n-1.jpg\" data-id=\"100\" data-caption=\"100\"\/><\/a><\/figure><\/li><li class=\"teft-gallery-item \"><figure><a data-size=\"undefinedxundefined\"><img loading=\"lazy\" decoding=\"async\" width=\"768\" height=\"1024\" src=\"https:\/\/hoyre.no\/content\/uploads\/sites\/301\/2023\/07\/350823364_988023869038558_5773667090993819666_n-768x1024.jpg\" class=\"attachment-large size-large\" alt=\"\" srcset=\"https:\/\/hoyre.no\/content\/uploads\/sites\/301\/2023\/07\/350823364_988023869038558_5773667090993819666_n-768x1024.jpg 768w, https:\/\/hoyre.no\/content\/uploads\/sites\/301\/2023\/07\/350823364_988023869038558_5773667090993819666_n-225x300.jpg 225w, https:\/\/hoyre.no\/content\/uploads\/sites\/301\/2023\/07\/350823364_988023869038558_5773667090993819666_n.jpg 1080w\" sizes=\"auto, (max-width: 768px) 100vw, 768px\" \/ data-full-url=\"https:\/\/hoyre.no\/content\/uploads\/sites\/301\/2023\/07\/350823364_988023869038558_5773667090993819666_n.jpg\" data-id=\"101\" data-caption=\"101\"\/><\/a><\/figure><\/li><li class=\"teft-gallery-item \"><figure><a href=\"https:\/\/hoyre.no\/content\/uploads\/sites\/301\/2023\/07\/350520065_587808680085020_9135635249944683262_n-1.jpg\" data-size=\"1080x1440\"><img loading=\"lazy\" decoding=\"async\" width=\"768\" height=\"1024\" src=\"https:\/\/hoyre.no\/content\/uploads\/sites\/301\/2023\/07\/350520065_587808680085020_9135635249944683262_n-1-768x1024.jpg\" class=\"attachment-large size-large\" alt=\"\" srcset=\"https:\/\/hoyre.no\/content\/uploads\/sites\/301\/2023\/07\/350520065_587808680085020_9135635249944683262_n-1-768x1024.jpg 768w, https:\/\/hoyre.no\/content\/uploads\/sites\/301\/2023\/07\/350520065_587808680085020_9135635249944683262_n-1-225x300.jpg 225w, https:\/\/hoyre.no\/content\/uploads\/sites\/301\/2023\/07\/350520065_587808680085020_9135635249944683262_n-1.jpg 1080w\" sizes=\"auto, (max-width: 768px) 100vw, 768px\" \/ data-full-url=\"https:\/\/hoyre.no\/content\/uploads\/sites\/301\/2023\/07\/350520065_587808680085020_9135635249944683262_n-1.jpg\" data-id=\"102\" data-caption=\"102\"\/><\/a><\/figure><\/li><\/ul><\/figure>\n","protected":false},"excerpt":{"rendered":"","protected":false},"author":11422,"featured_media":0,"parent":0,"menu_order":0,"comment_status":"closed","ping_status":"closed","template":"","meta":{"teft_cards_image_url":"","teft_cards_custom_pretitle":"","teft_cards_image_id":0,"teft_cards_image_focal_point_x":0,"teft_cards_image_focal_point_y":0,"teft_cards_title":"","teft_cards_excerpt":"","teft_show_chapters":false,"footnotes":""},"class_list":["post-28","page","type-page","status-publish","hentry"],"yoast_head":"<!-- This site is optimized with the Yoast SEO plugin v26.6 - https:\/\/yoast.com\/wordpress\/plugins\/seo\/ -->\n<title>Ordf\u00f8rerkandidat - Hitra H\u00f8yre<\/title>\n<meta name=\"description\" content=\"Bli bedre kjent med Hitra H\u00f8yre sin gruppeleder, Sigrid Helene Hansen.\" \/>\n<meta name=\"robots\" content=\"index, follow, max-snippet:-1, max-image-preview:large, max-video-preview:-1\" \/>\n<link rel=\"canonical\" href=\"https:\/\/hoyre.no\/hitra\/ordforerkandidat\/\" \/>\n<meta property=\"og:locale\" content=\"nb_NO\" \/>\n<meta property=\"og:type\" content=\"article\" \/>\n<meta property=\"og:title\" content=\"Ordf\u00f8rerkandidat - Hitra H\u00f8yre\" \/>\n<meta property=\"og:description\" content=\"Bli bedre kjent med Hitra H\u00f8yre sin gruppeleder, Sigrid Helene Hansen.\" \/>\n<meta property=\"og:url\" content=\"https:\/\/hoyre.no\/hitra\/ordforerkandidat\/\" \/>\n<meta property=\"og:site_name\" content=\"Hitra H\u00f8yre\" \/>\n<meta property=\"article:modified_time\" content=\"2025-02-07T13:00:59+00:00\" \/>\n<meta property=\"og:image\" content=\"https:\/\/hoyre.no\/content\/uploads\/sites\/301\/2022\/11\/Hoyres-logo.png\" \/>\n\t<meta property=\"og:image:width\" content=\"1000\" \/>\n\t<meta property=\"og:image:height\" content=\"1000\" \/>\n\t<meta property=\"og:image:type\" content=\"image\/png\" \/>\n<meta name=\"twitter:card\" content=\"summary_large_image\" \/>\n<meta name=\"twitter:label1\" content=\"Ansl. lesetid\" \/>\n\t<meta name=\"twitter:data1\" content=\"3 minutter\" \/>\n<script type=\"application\/ld+json\" class=\"yoast-schema-graph\">{\"@context\":\"https:\/\/schema.org\",\"@graph\":[{\"@type\":\"WebPage\",\"@id\":\"https:\/\/hoyre.no\/hitra\/ordforerkandidat\/\",\"url\":\"https:\/\/hoyre.no\/hitra\/ordforerkandidat\/\",\"name\":\"Ordf\u00f8rerkandidat - Hitra H\u00f8yre\",\"isPartOf\":{\"@id\":\"https:\/\/hoyre.no\/hitra\/#website\"},\"datePublished\":\"2023-07-20T19:29:18+00:00\",\"dateModified\":\"2025-02-07T13:00:59+00:00\",\"description\":\"Bli bedre kjent med Hitra H\u00f8yre sin gruppeleder, Sigrid Helene Hansen.\",\"breadcrumb\":{\"@id\":\"https:\/\/hoyre.no\/hitra\/ordforerkandidat\/#breadcrumb\"},\"inLanguage\":\"nb-NO\",\"potentialAction\":[{\"@type\":\"ReadAction\",\"target\":[\"https:\/\/hoyre.no\/hitra\/ordforerkandidat\/\"]}]},{\"@type\":\"BreadcrumbList\",\"@id\":\"https:\/\/hoyre.no\/hitra\/ordforerkandidat\/#breadcrumb\",\"itemListElement\":[{\"@type\":\"ListItem\",\"position\":1,\"name\":\"Til hoyre.no\",\"item\":\"https:\/\/hoyre.no\"},{\"@type\":\"ListItem\",\"position\":2,\"name\":\"Hjem\",\"item\":\"https:\/\/hoyre.no\/hitra\/\"},{\"@type\":\"ListItem\",\"position\":3,\"name\":\"Ordf\u00f8rerkandidat\"}]},{\"@type\":\"WebSite\",\"@id\":\"https:\/\/hoyre.no\/hitra\/#website\",\"url\":\"https:\/\/hoyre.no\/hitra\/\",\"name\":\"Hitra H\u00f8yre\",\"description\":\"Bare enda et H\u00f8yres nettsteder-nettsted\",\"inLanguage\":\"nb-NO\"}]}<\/script>\n<!-- \/ Yoast SEO plugin. -->","yoast_head_json":{"title":"Ordf\u00f8rerkandidat - Hitra H\u00f8yre","description":"Bli bedre kjent med Hitra H\u00f8yre sin gruppeleder, Sigrid Helene Hansen.","robots":{"index":"index","follow":"follow","max-snippet":"max-snippet:-1","max-image-preview":"max-image-preview:large","max-video-preview":"max-video-preview:-1"},"canonical":"https:\/\/hoyre.no\/hitra\/ordforerkandidat\/","og_locale":"nb_NO","og_type":"article","og_title":"Ordf\u00f8rerkandidat - Hitra H\u00f8yre","og_description":"Bli bedre kjent med Hitra H\u00f8yre sin gruppeleder, Sigrid Helene Hansen.","og_url":"https:\/\/hoyre.no\/hitra\/ordforerkandidat\/","og_site_name":"Hitra H\u00f8yre","article_modified_time":"2025-02-07T13:00:59+00:00","og_image":[{"width":1000,"height":1000,"url":"https:\/\/hoyre.no\/content\/uploads\/sites\/301\/2022\/11\/Hoyres-logo.png","type":"image\/png"}],"twitter_card":"summary_large_image","twitter_misc":{"Ansl. lesetid":"3 minutter"},"schema":{"@context":"https:\/\/schema.org","@graph":[{"@type":"WebPage","@id":"https:\/\/hoyre.no\/hitra\/ordforerkandidat\/","url":"https:\/\/hoyre.no\/hitra\/ordforerkandidat\/","name":"Ordf\u00f8rerkandidat - Hitra H\u00f8yre","isPartOf":{"@id":"https:\/\/hoyre.no\/hitra\/#website"},"datePublished":"2023-07-20T19:29:18+00:00","dateModified":"2025-02-07T13:00:59+00:00","description":"Bli bedre kjent med Hitra H\u00f8yre sin gruppeleder, Sigrid Helene Hansen.","breadcrumb":{"@id":"https:\/\/hoyre.no\/hitra\/ordforerkandidat\/#breadcrumb"},"inLanguage":"nb-NO","potentialAction":[{"@type":"ReadAction","target":["https:\/\/hoyre.no\/hitra\/ordforerkandidat\/"]}]},{"@type":"BreadcrumbList","@id":"https:\/\/hoyre.no\/hitra\/ordforerkandidat\/#breadcrumb","itemListElement":[{"@type":"ListItem","position":1,"name":"Til hoyre.no","item":"https:\/\/hoyre.no"},{"@type":"ListItem","position":2,"name":"Hjem","item":"https:\/\/hoyre.no\/hitra\/"},{"@type":"ListItem","position":3,"name":"Ordf\u00f8rerkandidat"}]},{"@type":"WebSite","@id":"https:\/\/hoyre.no\/hitra\/#website","url":"https:\/\/hoyre.no\/hitra\/","name":"Hitra H\u00f8yre","description":"Bare enda et H\u00f8yres nettsteder-nettsted","inLanguage":"nb-NO"}]}},"distributor_meta":false,"distributor_terms":false,"distributor_media":false,"distributor_original_site_name":"Hitra H\u00f8yre","distributor_original_site_url":"https:\/\/hoyre.no\/hitra","push-errors":false,"_links":{"self":[{"href":"https:\/\/hoyre.no\/hitra\/wp-json\/wp\/v2\/pages\/28","targetHints":{"allow":["GET"]}}],"collection":[{"href":"https:\/\/hoyre.no\/hitra\/wp-json\/wp\/v2\/pages"}],"about":[{"href":"https:\/\/hoyre.no\/hitra\/wp-json\/wp\/v2\/types\/page"}],"author":[{"embeddable":true,"href":"https:\/\/hoyre.no\/hitra\/wp-json\/wp\/v2\/users\/11422"}],"replies":[{"embeddable":true,"href":"https:\/\/hoyre.no\/hitra\/wp-json\/wp\/v2\/comments?post=28"}],"version-history":[{"count":4,"href":"https:\/\/hoyre.no\/hitra\/wp-json\/wp\/v2\/pages\/28\/revisions"}],"predecessor-version":[{"id":131,"href":"https:\/\/hoyre.no\/hitra\/wp-json\/wp\/v2\/pages\/28\/revisions\/131"}],"wp:attachment":[{"href":"https:\/\/hoyre.no\/hitra\/wp-json\/wp\/v2\/media?parent=28"}],"curies":[{"name":"wp","href":"https:\/\/api.w.org\/{rel}","templated":true}]}}