{"id":29,"date":"2023-05-02T12:48:47","date_gmt":"2023-05-02T10:48:47","guid":{"rendered":"https:\/\/hoyre.no\/hitra\/?page_id=29"},"modified":"2023-06-13T22:47:27","modified_gmt":"2023-06-13T20:47:27","slug":"politikk","status":"publish","type":"page","link":"https:\/\/hoyre.no\/hitra\/politikk\/","title":{"rendered":"Politikk"},"content":{"rendered":"\n<div class=\"wp-block-hoyre-hero with-image-gradient text-color-light  has-media alignfull has-background\"><div class=\"hoyre-hero has-image\"><h1 class=\"title\">Politikk<\/h1><p class=\"preamble\">N\u00e5r frivilligheten, n\u00e6ringslivet og offentlig sektor spiller p\u00e5 lag, skapes det gode lokalsamfunn. H\u00f8yre tror p\u00e5 enkeltmenneskets evne og lyst til \u00e5 st\u00e5 p\u00e5 egne ben.<br><br>Det er v\u00e5r oppgave \u00e5 s\u00f8rge for at mennesker kan leve gode liv, uansett utgangspunkt. Vi skaper ikke politikk for kommunen, men for alle som bor der. H\u00f8yre tror p\u00e5 et samfunn som gir muligheter for alle.<\/p>\t\t\t<div class=\"post-meta wp-block teft-byline-wrapper\">\n\t\t\t\t<div class=\"top\">\n\t\t\t\t\t<div class=\"signature\">\n\t\t\t\t\t\t<div class=\"teft-byline\">\n\t\t\t\t\t\t\t\t\t\t\t\t\t\t<div>\n\t\t\t\t\t\t\t\t<h3>H\u00f8yres redaksjon<\/h3>\t\t\t\t\t\t\t\t\n\t\t\t\t\t\t\t\t\t\t\t\t\t\t\t\t\t<span class=\"date\">Sist oppdatert: 13. juni 2023<\/span>\n\t\t\t\t\t\t\t\t\t\t\t\t\t\t\t\t\t\t\t\t\t\t\t\t\t<span class=\"reading-time\" itemprop=\"timeRequired\" content=\"PT6M\"><em>Ca. 6 minutter lesetid<\/em><\/span>\n\t\t\t\t\t\t\t\t\t\t\t\t\t\t\t<\/div>\n\t\t\t\t\t\t<\/div>\n\t\t\t\t\t<\/div>\n\t\t\t\t\t\t<div class=\"sharing\">\n\t\t<a class=\"share-button share-link copy-link\" data-copy=\"https:\/\/hoyre.no\/hitra\/politikk\/\" target=\"_blank\"><span class=\"screen-reader-text\">Del link<\/span><\/a>\n\t\t<a class=\"share-button share-twitter\" href=\"http:\/\/twitter.com\/share?text=Politikk&#038;url=https:\/\/hoyre.no\/hitra\/politikk\/&#038;hashtags=Hoyre\" target=\"_blank\"><span class=\"screen-reader-text\">Del p\u00e5 twitter<\/span><\/a>\n\t\t<a class=\"share-button share-facebook\" href=\"https:\/\/www.facebook.com\/sharer\/sharer.php?u=https:\/\/hoyre.no\/hitra\/politikk\/\" target=\"_blank\"><span class=\"screen-reader-text\">Del p\u00e5 facebook<\/span><\/a>\n\t<\/div>\n\t\t\t\t\t<\/div>\n\t\t\t<\/div>\n\n\t\t\t<figure class=\"hoyre-image-wrapper\"><div class=\"hoyre-image\"><img loading=\"lazy\" decoding=\"async\" width=\"2500\" height=\"1875\" src=\"https:\/\/hoyre.no\/content\/uploads\/sites\/301\/2023\/06\/IMG_3041-scaled.jpg\" class=\"attachment-scaled size-scaled\" alt=\"Medlemmer\" style=\"object-position: 53% 36%\" srcset=\"https:\/\/hoyre.no\/content\/uploads\/sites\/301\/2023\/06\/IMG_3041-scaled.jpg 2500w, https:\/\/hoyre.no\/content\/uploads\/sites\/301\/2023\/06\/IMG_3041-300x225.jpg 300w, https:\/\/hoyre.no\/content\/uploads\/sites\/301\/2023\/06\/IMG_3041-1024x768.jpg 1024w, https:\/\/hoyre.no\/content\/uploads\/sites\/301\/2023\/06\/IMG_3041-768x576.jpg 768w, https:\/\/hoyre.no\/content\/uploads\/sites\/301\/2023\/06\/IMG_3041-1536x1152.jpg 1536w, https:\/\/hoyre.no\/content\/uploads\/sites\/301\/2023\/06\/IMG_3041-2048x1536.jpg 2048w\" sizes=\"auto, (max-width: 2500px) 100vw, 2500px\" \/><\/div><\/figure><\/div><\/div>\n\n\n\n\n<div class=\"wp-block-hoyre-banner undefined\"><div class=\"banner-inner\"><figure class=\"hoyre-image-wrapper\"><div class=\"hoyre-image\"><img loading=\"lazy\" decoding=\"async\" width=\"1000\" height=\"1000\" src=\"https:\/\/hoyre.no\/content\/uploads\/sites\/301\/2022\/11\/Hoyres-logo.png\" class=\"attachment-scaled size-scaled\" alt=\"Logo\" style=\"object-position: 50% 50%\" srcset=\"https:\/\/hoyre.no\/content\/uploads\/sites\/301\/2022\/11\/Hoyres-logo.png 1000w, https:\/\/hoyre.no\/content\/uploads\/sites\/301\/2022\/11\/Hoyres-logo-300x300.png 300w, https:\/\/hoyre.no\/content\/uploads\/sites\/301\/2022\/11\/Hoyres-logo-150x150.png 150w, https:\/\/hoyre.no\/content\/uploads\/sites\/301\/2022\/11\/Hoyres-logo-768x768.png 768w\" sizes=\"auto, (max-width: 1000px) 100vw, 1000px\" \/><\/div><\/figure><div class=\"banner-content\"><div class=\"entry-content\">\n<h2 class=\"wp-block-heading\">V\u00e5rt valgprogram for 2023-2027<\/h2>\n\n\n\n<div class=\"wp-block-buttons is-layout-flex wp-block-buttons-is-layout-flex\"><\/div>\n<\/div><\/div><\/div><\/div>\n\n\n\n<div class=\"wp-block-teft-accordion\"><div class=\"teft-accordion__inner\">\n<div class=\"wp-block-teft-item\"><div class=\"teft-item__inner\"><h4 class=\"toggle\"><strong><em>1. Skole og Barnehage<br><\/em><\/strong><\/h4><div class=\"teft-item__inner-content entry-content\">\n<p><em>Et godt skole og barnehagetilbud skal st\u00e5 for likeverd og gi individuelle muligheter for alle barn og unge ut fra barnets forutsetninger. Dyktige l\u00e6rere er den enkeltfaktoren som sterkest p\u00e5virker muligheten for en positiv skolegang. Det er viktig \u00e5 gi rom for \u00e5 la l\u00e6rerne og barnehagepersonell tilegne seg kompetanse.<\/em><\/p>\n\n\n\n<p class=\"has-text-align-center\"><strong><em>Action points for Hitra h\u00f8yre.<\/em><\/strong><\/p>\n\n\n\n<ul class=\"wp-block-list\"><li>Beholde en bred grendeskolestruktur basert p\u00e5 kvalitet og sikre god barnehagedekning i grendene.<\/li><li>Arbeide for \u00e5 rekruttere god kompetanse og kvalifiserte l\u00e6rere til b\u00e5de barnehage og skole.<\/li><li>Arbeide for bedret stabilitet ift. \u00e5pningstider i barnehagene.<\/li><li>\u00c5pne opp og stimulere for bygging av private og offentlige barnehager.<\/li><li>Realisere utbygging av ny skole i Fillan.<\/li><li>Jobbe for en individuelt tilpasset oppl\u00e6ring og sikre l\u00e6ringsglede for alle.<\/li><\/ul>\n<\/div><\/div><\/div>\n\n\n\n<div class=\"wp-block-teft-item\"><div class=\"teft-item__inner\"><h4 class=\"toggle\"><em><strong>2. Helse, psykisk helse og livsglede for alle.<\/strong><\/em><br><\/h4><div class=\"teft-item__inner-content entry-content\">\n<p>Alle har vi et ansvar for egen helse. Det offentlige skal imidlertid sikre hjelp, omsorg og medisinsk behandling for de som trenger det. H\u00f8yre vil at det skal v\u00e6re enkelt \u00e5 ta gode valg for egen helse og livsstil. Hver enkelt av oss skal ha st\u00f8rst mulig frihet og ansvar for \u00e5 forme v\u00e5rt eget liv.<\/p>\n\n\n\n<p>Ensomhet er v\u00e5r tids store folkehelseutfordring. Vi kan alle gj\u00f8re en innsats, og H\u00f8yre vil invitere til en bred samfunnsdugnad for \u00e5 redusere ensomhet for mennesker i alle aldre. En god psykisk helse er viktig for god livskvalitet. Innsatsen m\u00e5 derfor settes inn tidligst mulig for de som sliter med sin psykiske helse.<\/p>\n\n\n\n<p>Vi blir flere eldre, og de eldre lever lenger. Derfor m\u00e5 vi forberede helsetjenesten og Eldreomsorgen ift. n\u00f8dvendige endringer i hvordan vi organiserer eldreomsorgen, \u00d8kt kompetanse og bruk av velferdsteknologi skal bidra til bedre kvalitet og \u00f8kt valgfrihet i omsorgen.<\/p>\n\n\n\n<p><\/p>\n\n\n\n<p><strong><em>Action points for Hitra h\u00f8yre.<\/em><\/strong><\/p>\n\n\n\n<ul class=\"wp-block-list\"><li>\u00e5 gjennomf\u00f8re vedtatte prosjekter innenfor Helse og omsorg.<\/li><li>\u00e5 styrke tilbudet til demente, hjemmeboende eldre og andre med omsorgsbehov. Sikre kvalitet og trygghet.<\/li><li>\u00e5 legge til rette for \u00e5 beholde fagfolket, rekruttere nye, gi st\u00f8tte til de som \u00f8nsker utdanning og videreutdanning.<\/li><\/ul>\n\n\n\n<ul class=\"wp-block-list\"><li>en legevaktordning som er \u00e5pen p\u00e5 kveldstid og ogs\u00e5 er attraktiv ift. rekruttering av leger.<\/li><li>styrket bruk av velferdsteknologi.<\/li><li>\u00e5 forebygge ensomhet og sikre tilbudet ift. psykisk helse i \u00f8yregionen.<\/li><li>\u00e5 etablere en bes\u00f8kstjeneste.<\/li><li>\u00e5 etablere et p\u00e5r\u00f8render\u00e5d for sykehjemmet.<\/li><\/ul>\n<\/div><\/div><\/div>\n\n\n\n<div class=\"wp-block-teft-item\"><div class=\"teft-item__inner\"><h4 class=\"toggle\"><strong>3. <em>V\u00e6re attraktiv for n\u00e6ringslivet \u2013 ett godt sted \u00e5 bo \u2013 og en opplevelse \u00e5 bes\u00f8ke.<\/em><\/strong><br><\/h4><div class=\"teft-item__inner-content entry-content\">\n<p>Hitra ligger i den regionen i Norge med st\u00f8rst n\u00e6ringsattraktivitet det siste ti\u00e5ret. H\u00f8y innbyggervekst forteller at mange har funnet veien til Hitra. Stadig flere velger seg Hitra som sitt hjem og sitt arbeidssted. Som utviklingsorientert kystkommune har vi i Hitra H\u00f8yre klare m\u00e5lsetninger om \u00e5 ytterligere \u00f8ke v\u00e5r attraktivitet for differensierte n\u00e6ringsetableringer, som bosted og som destinasjon.<br>&nbsp;<br>Hitra kommunes utviklingsmuligheter er mangfoldige. Vi trenger et aktivt n\u00e6ringsliv for \u00e5 bygge en god velferd. Derfor m\u00e5 vi arbeide for \u00e5 videreutvikle de eksisterende arbeidsplassene og skape et godt grunnlag for nye. V\u00e5rt moderne samfunn blir mer og mer avhengig av gode veier, kollektivtransport, tilstrekkelig med kraft og god digital infrastruktur.<\/p>\n\n\n\n<p><\/p>\n\n\n\n<p class=\"has-text-align-center\"><strong><em>Action points for Hitra h\u00f8yre.<\/em><\/strong><\/p>\n\n\n\n<ul class=\"wp-block-list\"><li>jobbe for effektiv, l\u00f8sningsorientert og serviceinnstilt saksbehandling!<\/li><li>jobbe for digital infrastruktur med god dekning i hele kommunen.<\/li><li>revidere \u00abHovedplan for vann\u00bb med m\u00e5l om rent vann i kranen i hele kommunen<\/li><li>utbedre og asfaltere kommunale veger<\/li><li>jobbe for \u00e5 f\u00e5 v\u00e5re fylkesveger inn p\u00e5 prioritert liste for oppgradering og asfaltering<\/li><li>arbeide for \u00e5 etablere gang- og sykkelveger.<\/li><li>st\u00f8tte realisering av ferjesambandet Laks\u00e5vika \u2013 Kj\u00f8rsvikbugen.<\/li><li>arbeide for \u00e5 etablere tidligb\u00e5t til Trondheim.<\/li><li>utvikle samarbeidet med v\u00e5re nabokommuner.<\/li><li>si nei til eiendomsskatt p\u00e5 bolig og fritidsbolig.<\/li><li>Jobbe for \u00e5 styrke det kollektive rutetilbudet.<\/li><li>f\u00e5 p\u00e5 plass st\u00f8tteordninger for ungdom som vil etablere seg med egen bedrift i kommunen.<\/li><li>jobbe for \u00e5 koble sammen FV6440 og FV 6442 med ny vei mellom Nordvika og Storv\u00e5gen.<\/li><li>arbeide for \u00e5 etablere nye n\u00e6ringsarealer i kommunen.<\/li><\/ul>\n\n\n\n<p><\/p>\n<\/div><\/div><\/div>\n\n\n\n<div class=\"wp-block-teft-item\"><div class=\"teft-item__inner\"><h4 class=\"toggle\">4. <strong><em>Kultur og frivillighet! Opplevelsen, historiefortellingen og lokal mat.<\/em><\/strong><br><\/h4><div class=\"teft-item__inner-content entry-content\">\n<p>Hitra har et kulturliv preget av stor lokal innsats og engasjement. Det frivillige engasjementet er en viktig b\u00e6rebjelke i lokalsamfunnet. Sm\u00e5 ressurser utl\u00f8ser ofte stor frivillig innsats. <\/p>\n\n\n\n<p>\u00abMan har s\u00e5 forskjellige behov \u2013 og s\u00e5 ulikt utgangspunkt. De trygge omgivelsene og de store opplevelsene. En kystnatur vi kan leve av, et samfunn vi trives i, utfordringer som bringer oss fremover og stolthet som smitter. Vi har mye \u00e5 gi, og et \u00f8nske om \u00e5 dele!\u00bb<\/p>\n\n\n\n<p class=\"has-text-align-center\"><strong><em>Action points for Hitra H\u00f8yre<\/em><\/strong><\/p>\n\n\n\n<ul class=\"wp-block-list\"><li>utvikle Grendautviklingsfondet.<\/li><li>beholde tilbud om gratis trening for unge.<\/li><li>etablere flerkulturelle treffsted.<\/li><li>jobbe for inkludering og integrering av innbyggere fra andre nasjoner.<\/li><li>etablere ett galleri hvor lokale kunstnere kan vise fram sin kunst.<\/li><li>etablere et tilbud om gratis konsertarena.<\/li><li>videreutvikle tilbudet i ungdomsbasen.<\/li><\/ul>\n<\/div><\/div><\/div>\n\n\n\n<div class=\"wp-block-teft-item\"><div class=\"teft-item__inner\"><h4 class=\"toggle\"><strong>5.\u00a0\u00a0\u00a0\u00a0 <\/strong><em><strong>V<\/strong>eien mot et b\u00e6rekraftig samfunn.<\/em><\/h4><div class=\"teft-item__inner-content entry-content\">\n<p><strong><em>Verdiskapningen skal opp, utslippene ned.<\/em><\/strong><\/p>\n\n\n\n<p>Klimaproblemene er v\u00e5r tids st\u00f8rste utfordring. Norge skal v\u00e6re et lavutslippssamfunn i 2050. H\u00f8yre vil ta markedet i bruk i milj\u00f8ets tjeneste, for \u00e5 gj\u00f8re det l\u00f8nnsomt \u00e5 gjennomf\u00f8re god klimapolitikk og bidra til \u00e5 skape vekst og l\u00f8nnsomme gr\u00f8nne jobber. H\u00f8yre vil videref\u00f8re og forsterke forurenser betaler-prinsippet ved \u00e5 bruke skatte- og avgiftssystemet \u2013 det skal l\u00f8nne seg \u00e5 ta klimavennlige valg.<\/p>\n\n\n\n<p class=\"has-text-align-center\"><strong><em>Action points for Hitra h\u00f8yre<\/em><\/strong><\/p>\n\n\n\n<ul class=\"wp-block-list\"><li>\u00e5 engasjere rundt og st\u00f8tte opp rundt den \u00e5rlige Strandryddeuka.<\/li><li>\u00e5 oppfordre alle bedrifter til \u00e5 engasjere seg i Milj\u00f8fyrt\u00e5rnordningen.<\/li><li>\u00e5 bygge nye ladestasjoner i kommunen.<\/li><li>\u00e5 g\u00e5 elektrisk ved anskaffelse av kommunale biler.<\/li><li>\u00e5 \u00f8ke tilgangen til landstr\u00f8m ved kai og havneanlegg for \u00e5 redusere utslipp, dieselforbruk og st\u00f8y.<\/li><li>\u00e5 sertifisere Hitra som et b\u00e6rekraftig reisem\u00e5l.<\/li><\/ul>\n<\/div><\/div><\/div>\n\n\n\n<div class=\"wp-block-teft-item\"><div class=\"teft-item__inner\"><div class=\"teft-item__inner-content entry-content\"><\/div><\/div><\/div>\n<\/div><\/div>\n\n\n\n<div class=\"wp-block-teft-file icon-link-block\"><a href=\"https:\/\/hoyre.no\/content\/uploads\/sites\/301\/2023\/06\/Hitraprogram2023_SisteRevidert_20230320.pdf\" download><span class=\"file-title\">Her kan du laste ned valgprogrammet v\u00e5rt for 2023-2027<\/span><span class=\"file-name\"><\/span><\/a><\/div>\n\n","protected":false},"excerpt":{"rendered":"","protected":false},"author":11422,"featured_media":0,"parent":0,"menu_order":0,"comment_status":"closed","ping_status":"closed","template":"","meta":{"teft_cards_image_url":"","teft_cards_custom_pretitle":"","teft_cards_image_id":0,"teft_cards_image_focal_point_x":0,"teft_cards_image_focal_point_y":0,"teft_cards_title":"","teft_cards_excerpt":"","teft_show_chapters":false,"footnotes":""},"class_list":["post-29","page","type-page","status-publish","hentry"],"yoast_head":"<!-- This site is optimized with the Yoast SEO plugin v26.6 - https:\/\/yoast.com\/wordpress\/plugins\/seo\/ -->\n<title>Politikk - Hitra H\u00f8yre<\/title>\n<meta name=\"robots\" content=\"index, follow, max-snippet:-1, max-image-preview:large, max-video-preview:-1\" \/>\n<link rel=\"canonical\" href=\"https:\/\/hoyre.no\/hitra\/politikk\/\" \/>\n<meta property=\"og:locale\" content=\"nb_NO\" \/>\n<meta property=\"og:type\" content=\"article\" \/>\n<meta property=\"og:title\" content=\"Politikk - Hitra H\u00f8yre\" \/>\n<meta property=\"og:url\" content=\"https:\/\/hoyre.no\/hitra\/politikk\/\" \/>\n<meta property=\"og:site_name\" content=\"Hitra H\u00f8yre\" \/>\n<meta property=\"article:modified_time\" content=\"2023-06-13T20:47:27+00:00\" \/>\n<meta property=\"og:image\" content=\"https:\/\/hoyre.no\/content\/uploads\/sites\/301\/2022\/11\/Hoyres-logo.png\" \/>\n\t<meta property=\"og:image:width\" content=\"1000\" \/>\n\t<meta property=\"og:image:height\" content=\"1000\" \/>\n\t<meta property=\"og:image:type\" content=\"image\/png\" \/>\n<meta name=\"twitter:card\" content=\"summary_large_image\" \/>\n<meta name=\"twitter:label1\" content=\"Ansl. lesetid\" \/>\n\t<meta name=\"twitter:data1\" content=\"6 minutter\" \/>\n<script type=\"application\/ld+json\" class=\"yoast-schema-graph\">{\"@context\":\"https:\/\/schema.org\",\"@graph\":[{\"@type\":\"WebPage\",\"@id\":\"https:\/\/hoyre.no\/hitra\/politikk\/\",\"url\":\"https:\/\/hoyre.no\/hitra\/politikk\/\",\"name\":\"Politikk - Hitra H\u00f8yre\",\"isPartOf\":{\"@id\":\"https:\/\/hoyre.no\/hitra\/#website\"},\"datePublished\":\"2023-05-02T10:48:47+00:00\",\"dateModified\":\"2023-06-13T20:47:27+00:00\",\"breadcrumb\":{\"@id\":\"https:\/\/hoyre.no\/hitra\/politikk\/#breadcrumb\"},\"inLanguage\":\"nb-NO\",\"potentialAction\":[{\"@type\":\"ReadAction\",\"target\":[\"https:\/\/hoyre.no\/hitra\/politikk\/\"]}]},{\"@type\":\"BreadcrumbList\",\"@id\":\"https:\/\/hoyre.no\/hitra\/politikk\/#breadcrumb\",\"itemListElement\":[{\"@type\":\"ListItem\",\"position\":1,\"name\":\"Til hoyre.no\",\"item\":\"https:\/\/hoyre.no\"},{\"@type\":\"ListItem\",\"position\":2,\"name\":\"Hjem\",\"item\":\"https:\/\/hoyre.no\/hitra\/\"},{\"@type\":\"ListItem\",\"position\":3,\"name\":\"Politikk\"}]},{\"@type\":\"WebSite\",\"@id\":\"https:\/\/hoyre.no\/hitra\/#website\",\"url\":\"https:\/\/hoyre.no\/hitra\/\",\"name\":\"Hitra H\u00f8yre\",\"description\":\"Bare enda et H\u00f8yres nettsteder-nettsted\",\"inLanguage\":\"nb-NO\"}]}<\/script>\n<!-- \/ Yoast SEO plugin. -->","yoast_head_json":{"title":"Politikk - Hitra H\u00f8yre","robots":{"index":"index","follow":"follow","max-snippet":"max-snippet:-1","max-image-preview":"max-image-preview:large","max-video-preview":"max-video-preview:-1"},"canonical":"https:\/\/hoyre.no\/hitra\/politikk\/","og_locale":"nb_NO","og_type":"article","og_title":"Politikk - Hitra H\u00f8yre","og_url":"https:\/\/hoyre.no\/hitra\/politikk\/","og_site_name":"Hitra H\u00f8yre","article_modified_time":"2023-06-13T20:47:27+00:00","og_image":[{"width":1000,"height":1000,"url":"https:\/\/hoyre.no\/content\/uploads\/sites\/301\/2022\/11\/Hoyres-logo.png","type":"image\/png"}],"twitter_card":"summary_large_image","twitter_misc":{"Ansl. lesetid":"6 minutter"},"schema":{"@context":"https:\/\/schema.org","@graph":[{"@type":"WebPage","@id":"https:\/\/hoyre.no\/hitra\/politikk\/","url":"https:\/\/hoyre.no\/hitra\/politikk\/","name":"Politikk - Hitra H\u00f8yre","isPartOf":{"@id":"https:\/\/hoyre.no\/hitra\/#website"},"datePublished":"2023-05-02T10:48:47+00:00","dateModified":"2023-06-13T20:47:27+00:00","breadcrumb":{"@id":"https:\/\/hoyre.no\/hitra\/politikk\/#breadcrumb"},"inLanguage":"nb-NO","potentialAction":[{"@type":"ReadAction","target":["https:\/\/hoyre.no\/hitra\/politikk\/"]}]},{"@type":"BreadcrumbList","@id":"https:\/\/hoyre.no\/hitra\/politikk\/#breadcrumb","itemListElement":[{"@type":"ListItem","position":1,"name":"Til hoyre.no","item":"https:\/\/hoyre.no"},{"@type":"ListItem","position":2,"name":"Hjem","item":"https:\/\/hoyre.no\/hitra\/"},{"@type":"ListItem","position":3,"name":"Politikk"}]},{"@type":"WebSite","@id":"https:\/\/hoyre.no\/hitra\/#website","url":"https:\/\/hoyre.no\/hitra\/","name":"Hitra H\u00f8yre","description":"Bare enda et H\u00f8yres nettsteder-nettsted","inLanguage":"nb-NO"}]}},"distributor_meta":false,"distributor_terms":false,"distributor_media":false,"distributor_original_site_name":"Hitra H\u00f8yre","distributor_original_site_url":"https:\/\/hoyre.no\/hitra","push-errors":false,"_links":{"self":[{"href":"https:\/\/hoyre.no\/hitra\/wp-json\/wp\/v2\/pages\/29","targetHints":{"allow":["GET"]}}],"collection":[{"href":"https:\/\/hoyre.no\/hitra\/wp-json\/wp\/v2\/pages"}],"about":[{"href":"https:\/\/hoyre.no\/hitra\/wp-json\/wp\/v2\/types\/page"}],"author":[{"embeddable":true,"href":"https:\/\/hoyre.no\/hitra\/wp-json\/wp\/v2\/users\/11422"}],"replies":[{"embeddable":true,"href":"https:\/\/hoyre.no\/hitra\/wp-json\/wp\/v2\/comments?post=29"}],"version-history":[{"count":6,"href":"https:\/\/hoyre.no\/hitra\/wp-json\/wp\/v2\/pages\/29\/revisions"}],"predecessor-version":[{"id":69,"href":"https:\/\/hoyre.no\/hitra\/wp-json\/wp\/v2\/pages\/29\/revisions\/69"}],"wp:attachment":[{"href":"https:\/\/hoyre.no\/hitra\/wp-json\/wp\/v2\/media?parent=29"}],"curies":[{"name":"wp","href":"https:\/\/api.w.org\/{rel}","templated":true}]}}