{"id":43,"date":"2023-06-08T12:33:45","date_gmt":"2023-06-08T10:33:45","guid":{"rendered":"https:\/\/hoyre.no\/hjelmeland\/?page_id=43"},"modified":"2023-06-08T13:24:50","modified_gmt":"2023-06-08T11:24:50","slug":"syv-grunnar-til-a-stemme-hogre-i-hjelmeland","status":"publish","type":"page","link":"https:\/\/hoyre.no\/hjelmeland\/syv-grunnar-til-a-stemme-hogre-i-hjelmeland\/","title":{"rendered":"Sju grunnar til \u00e5 stemme H\u00f8gre i Hjelmeland"},"content":{"rendered":"\n<div class=\"wp-block-hoyre-hero with-image-gradient text-color-light  has-media alignfull has-background\"><div class=\"hoyre-hero has-image\"><h1 class=\"title\">Sju grunnar til \u00e5 stemme H\u00f8gre i Hjelmeland<\/h1><figure class=\"hoyre-image-wrapper\"><div class=\"hoyre-image\"><img loading=\"lazy\" decoding=\"async\" width=\"949\" height=\"711\" src=\"https:\/\/hoyre.no\/content\/uploads\/sites\/222\/2023\/06\/Bilde5.jpg\" class=\"attachment-scaled size-scaled\" alt=\"\" style=\"object-position: 50% 50%\" srcset=\"https:\/\/hoyre.no\/content\/uploads\/sites\/222\/2023\/06\/Bilde5.jpg 949w, https:\/\/hoyre.no\/content\/uploads\/sites\/222\/2023\/06\/Bilde5-300x225.jpg 300w, https:\/\/hoyre.no\/content\/uploads\/sites\/222\/2023\/06\/Bilde5-768x575.jpg 768w\" sizes=\"auto, (max-width: 949px) 100vw, 949px\" \/><\/div><\/figure><\/div><\/div>\n\n\n\n\n<div class=\"wp-block-hoyre-banner alignwide undefined has-icon-title icon-speech-bubbles is-style-dark\"><div class=\"banner-inner\"><figure class=\"hoyre-image-wrapper\"><div class=\"hoyre-image\"><img loading=\"lazy\" decoding=\"async\" width=\"1262\" height=\"1525\" src=\"https:\/\/hoyre.no\/content\/uploads\/sites\/222\/2023\/06\/LMK-scaled-e1686219135430.jpg\" class=\"attachment-scaled size-scaled\" alt=\"Ordf\u00f8rarkandidat Leif Magne Kleppa\" style=\"object-position: 48% 10%\" srcset=\"https:\/\/hoyre.no\/content\/uploads\/sites\/222\/2023\/06\/LMK-scaled-e1686219135430.jpg 1262w, https:\/\/hoyre.no\/content\/uploads\/sites\/222\/2023\/06\/LMK-scaled-e1686219135430-248x300.jpg 248w, https:\/\/hoyre.no\/content\/uploads\/sites\/222\/2023\/06\/LMK-scaled-e1686219135430-847x1024.jpg 847w, https:\/\/hoyre.no\/content\/uploads\/sites\/222\/2023\/06\/LMK-scaled-e1686219135430-768x928.jpg 768w\" sizes=\"auto, (max-width: 1262px) 100vw, 1262px\" \/><\/div><\/figure><div class=\"banner-content\"><div class=\"entry-content\">\n<p class=\"has-text-align-left is-style-default\">H\u00f8gre meiner det trengs eit skifte i Hjelmeland. Me vil ha ein kommune som spelar p\u00e5 lag med deg, og vere der for deg n\u00e5r du treng den.<br>Seie JA n\u00e5r me kan, nei berre n\u00e5r me m\u00e5.<\/p>\n<\/div><\/div><\/div><\/div>\n\n\n\n\n<div class=\"wp-block-media-text alignwide is-stacked-on-mobile is-vertically-aligned-center is-image-fill\"><figure class=\"wp-block-media-text__media\" style=\"background-image:url('https:\/\/hoyre.no\/content\/uploads\/sites\/211\/2023\/01\/GettyImages-1331345416-1024x683.jpg');background-position:50% 50%\"><img decoding=\"async\" src=\"https:\/\/hoyre.no\/content\/uploads\/sites\/211\/2023\/01\/GettyImages-1331345416-1024x683.jpg\" alt=\"\" class=\"wp-image-167 size-full\" \/><\/figure><div class=\"wp-block-media-text__content\">\n<h2 class=\"wp-block-heading\" id=\"h-1-vi-skal-bli-flere-bergensere\">1. Oppvekst<\/h2>\n\n\n\n<p>For \u00e5 skapa eit samfunn der alle kan lukkas, er det avgjerande med gode skular. Me vil oppretthalde eit godt l\u00e6rings- og fagmilj\u00f8 for elevar og l\u00e6rarar til det beste for barna. Gratis skulelunsj (ungdomstrinnet) vil vere med \u00e5 bidra til god l\u00e6ring. God grunnbemanning i SFO, barnehage og skule.<\/p>\n<\/div><\/div>\n\n\n\n<div class=\"wp-block-media-text alignwide has-media-on-the-right is-stacked-on-mobile is-image-fill\"><figure class=\"wp-block-media-text__media\" style=\"background-image:url('https:\/\/hoyre.no\/content\/uploads\/sites\/222\/2023\/06\/Eldre.jpg');background-position:50% 50%\"><img loading=\"lazy\" decoding=\"async\" width=\"945\" height=\"379\" src=\"https:\/\/hoyre.no\/content\/uploads\/sites\/222\/2023\/06\/Eldre.jpg\" alt=\"\" class=\"wp-image-46 size-full\" srcset=\"https:\/\/hoyre.no\/content\/uploads\/sites\/222\/2023\/06\/Eldre.jpg 945w, https:\/\/hoyre.no\/content\/uploads\/sites\/222\/2023\/06\/Eldre-300x120.jpg 300w, https:\/\/hoyre.no\/content\/uploads\/sites\/222\/2023\/06\/Eldre-768x308.jpg 768w\" sizes=\"auto, (max-width: 945px) 100vw, 945px\" \/><\/figure><div class=\"wp-block-media-text__content\">\n<h2 class=\"wp-block-heading\" id=\"h-1-vi-skal-bli-flere-bergensere\">2. Helse og omsorg<\/h2>\n\n\n\n<p>Arbeida vidare med \u00e5 etablera eit regionalt Demenssenter i \u00c5rdal. S\u00f8ke samarbeid med Suldal Kommune for<br>heimetenesta p\u00e5 nordsida av J\u00f8senfjorden. Velferd- og<br>smartteknologi skal utviklast til beste for brukarene. God grunnbemanning.<\/p>\n<\/div><\/div>\n\n\n\n<div class=\"wp-block-media-text alignwide is-stacked-on-mobile is-image-fill\"><figure class=\"wp-block-media-text__media\" style=\"background-image:url('https:\/\/hoyre.no\/content\/uploads\/sites\/222\/2023\/06\/Familie-1024x768.jpg');background-position:50% 50%\"><img loading=\"lazy\" decoding=\"async\" width=\"1024\" height=\"768\" src=\"https:\/\/hoyre.no\/content\/uploads\/sites\/222\/2023\/06\/Familie-1024x768.jpg\" alt=\"\" class=\"wp-image-47 size-full\" srcset=\"https:\/\/hoyre.no\/content\/uploads\/sites\/222\/2023\/06\/Familie-1024x768.jpg 1024w, https:\/\/hoyre.no\/content\/uploads\/sites\/222\/2023\/06\/Familie-300x225.jpg 300w, https:\/\/hoyre.no\/content\/uploads\/sites\/222\/2023\/06\/Familie-768x576.jpg 768w, https:\/\/hoyre.no\/content\/uploads\/sites\/222\/2023\/06\/Familie.jpg 1067w\" sizes=\"auto, (max-width: 1024px) 100vw, 1024px\" \/><\/figure><div class=\"wp-block-media-text__content\">\n<h2 class=\"wp-block-heading\" id=\"h-1-vi-skal-bli-flere-bergensere\">3. Aktiv rolle i bustadutvikling<\/h2>\n\n\n\n<p>Fleire unge og nyetablerere skal f\u00e5 oppleva bustaddraumen i Hjelmeland. H\u00f8gre vil arbeida for ein meir variert bustadmarknad. Etablere gjennomgangsbustader for utleige, og fornye kommunale bustader. I tillegg forenkle bruksendring fr\u00e5 hytte til bustad. Eigedomsskatten vil bli redusert ved \u00e5 innf\u00f8re eit botnfr\u00e5drag.<\/p>\n<\/div><\/div>\n\n\n\n<div class=\"wp-block-media-text alignwide has-media-on-the-right is-stacked-on-mobile is-image-fill\"><figure class=\"wp-block-media-text__media\" style=\"background-image:url('https:\/\/hoyre.no\/content\/uploads\/sites\/222\/2023\/06\/Bilde5-1.jpg');background-position:50% 50%\"><img loading=\"lazy\" decoding=\"async\" width=\"949\" height=\"711\" src=\"https:\/\/hoyre.no\/content\/uploads\/sites\/222\/2023\/06\/Bilde5-1.jpg\" alt=\"\" class=\"wp-image-48 size-full\" srcset=\"https:\/\/hoyre.no\/content\/uploads\/sites\/222\/2023\/06\/Bilde5-1.jpg 949w, https:\/\/hoyre.no\/content\/uploads\/sites\/222\/2023\/06\/Bilde5-1-300x225.jpg 300w, https:\/\/hoyre.no\/content\/uploads\/sites\/222\/2023\/06\/Bilde5-1-768x575.jpg 768w\" sizes=\"auto, (max-width: 949px) 100vw, 949px\" \/><\/figure><div class=\"wp-block-media-text__content\">\n<h2 class=\"wp-block-heading\" id=\"h-1-vi-skal-bli-flere-bergensere\">4. Klima og milj\u00f8<\/h2>\n\n\n\n<p>Som ein del av det gr\u00f8ne skiftet skal det etablerast ladestasjonar ved alle kommunale bygg. Redusere energikostnader gjennom solcellepanel, varmepumper og energieffektivisering p\u00e5 kommunale bygg. Bidra med \u00f8konomisk st\u00f8tte til private og bedrifter som monterer varmepumper. For \u00e5 samle kommunens innbyggarar skal det etablerast ein skyttelbuss som fremmar samk\u00f8yring.<\/p>\n<\/div><\/div>\n\n\n\n<div class=\"wp-block-media-text alignwide is-stacked-on-mobile is-image-fill\"><figure class=\"wp-block-media-text__media\" style=\"background-image:url('https:\/\/hoyre.no\/content\/uploads\/sites\/222\/2023\/06\/Bilde6-1024x547.jpg');background-position:50% 50%\"><img loading=\"lazy\" decoding=\"async\" width=\"1024\" height=\"547\" src=\"https:\/\/hoyre.no\/content\/uploads\/sites\/222\/2023\/06\/Bilde6-1024x547.jpg\" alt=\"\" class=\"wp-image-50 size-full\" srcset=\"https:\/\/hoyre.no\/content\/uploads\/sites\/222\/2023\/06\/Bilde6-1024x547.jpg 1024w, https:\/\/hoyre.no\/content\/uploads\/sites\/222\/2023\/06\/Bilde6-300x160.jpg 300w, https:\/\/hoyre.no\/content\/uploads\/sites\/222\/2023\/06\/Bilde6-768x411.jpg 768w, https:\/\/hoyre.no\/content\/uploads\/sites\/222\/2023\/06\/Bilde6.jpg 1115w\" sizes=\"auto, (max-width: 1024px) 100vw, 1024px\" \/><\/figure><div class=\"wp-block-media-text__content\">\n<h2 class=\"wp-block-heading\" id=\"h-1-vi-skal-bli-flere-bergensere\">5. Arbeid, n\u00e6ring og landbruk<\/h2>\n\n\n\n<p>Det skal vere l\u00f8nnsamt og attraktivt \u00e5 skape arbeidsplassar i Hjelmeland. Me heier p\u00e5 jobbskaperane og vil styrka eksisterande n\u00e6ringsliv. Derfor skal n\u00e6ringsareal som er i kommuneplanen tilretteleggast for bruk. Ei viktig n\u00e6ring<br>er landbruket, og H\u00f8gre vil prioritere heiltidsbonden. Gode n\u00e6rbutikkar er viktig for \u00e5 skapa levande bygder. V\u00e5r flotte natur og satsinga p\u00e5 aktivitetar, gir moglegheiter for vekst i reiselivet.<\/p>\n<\/div><\/div>\n\n\n\n<div class=\"wp-block-media-text alignwide has-media-on-the-right is-stacked-on-mobile is-image-fill\"><figure class=\"wp-block-media-text__media\" style=\"background-image:url('https:\/\/hoyre.no\/content\/uploads\/sites\/222\/2023\/06\/Bilde7.jpg');background-position:50% 50%\"><img loading=\"lazy\" decoding=\"async\" width=\"489\" height=\"326\" src=\"https:\/\/hoyre.no\/content\/uploads\/sites\/222\/2023\/06\/Bilde7.jpg\" alt=\"\" class=\"wp-image-51 size-full\" srcset=\"https:\/\/hoyre.no\/content\/uploads\/sites\/222\/2023\/06\/Bilde7.jpg 489w, https:\/\/hoyre.no\/content\/uploads\/sites\/222\/2023\/06\/Bilde7-300x200.jpg 300w\" sizes=\"auto, (max-width: 489px) 100vw, 489px\" \/><\/figure><div class=\"wp-block-media-text__content\">\n<h2 class=\"wp-block-heading\" id=\"h-1-vi-skal-bli-flere-bergensere\">6. Kultur, idrett og friluftsliv<\/h2>\n\n\n\n<p>Frivilligheita er viktig og vil prioriterast av H\u00f8gre gjennom \u00e5 sikre gode rammevilk\u00e5r for idrettslag, organisasjonar og frivillig arbeid. Etablera Sandestranda Aktivitetspark, ballbinge i J\u00f8senfjorden, samt oppgradering av gymsal i \u00c5rdal. Tur ut i naturen er bra for folkehelsa der Lyngsheia, turveg rundt Hjelmen, samt arbeid med \u00e5 etablere universell turveg p\u00e5 Gjessfjell vil bidra til dette.<\/p>\n<\/div><\/div>\n\n\n\n<div class=\"wp-block-media-text alignwide is-stacked-on-mobile is-image-fill\"><figure class=\"wp-block-media-text__media\" style=\"background-image:url('https:\/\/hoyre.no\/content\/uploads\/sites\/222\/2023\/06\/Bilde8-1024x448.jpg');background-position:50% 50%\"><img loading=\"lazy\" decoding=\"async\" width=\"1024\" height=\"448\" src=\"https:\/\/hoyre.no\/content\/uploads\/sites\/222\/2023\/06\/Bilde8-1024x448.jpg\" alt=\"\" class=\"wp-image-52 size-full\" srcset=\"https:\/\/hoyre.no\/content\/uploads\/sites\/222\/2023\/06\/Bilde8-1024x448.jpg 1024w, https:\/\/hoyre.no\/content\/uploads\/sites\/222\/2023\/06\/Bilde8-300x131.jpg 300w, https:\/\/hoyre.no\/content\/uploads\/sites\/222\/2023\/06\/Bilde8-768x336.jpg 768w, https:\/\/hoyre.no\/content\/uploads\/sites\/222\/2023\/06\/Bilde8.jpg 1386w\" sizes=\"auto, (max-width: 1024px) 100vw, 1024px\" \/><\/figure><div class=\"wp-block-media-text__content\">\n<h2 class=\"wp-block-heading\" id=\"h-1-vi-skal-bli-flere-bergensere\">7. Infrastruktur<\/h2>\n\n\n\n<p>God infrastruktur er viktig for Hjelmeland. H\u00f8gre skal arbeid for realisering av \u00c5rdals- tunellen, samt utviding av fylkesvegen fr\u00e5 Kleppa-krysset til Viganeset industriomr\u00e5de. Gangfelt ovanfor oppstillingsplassen p\u00e5 Nesvik, samt gatelys p\u00e5 bl.a. Fister, Vormedalsvegen, Samfunnshuset og Rand\u00f8y er trafikksikkerhetstiltak som det ogs\u00e5 skal arbeidast med.<\/p>\n<\/div><\/div>\n","protected":false},"excerpt":{"rendered":"<p>1. Oppvekst For \u00e5 skapa eit samfunn der alle kan lukkas, er det avgjerande med gode skular. Me vil oppretthalde eit godt l\u00e6rings- og fagmilj\u00f8 for elevar og l\u00e6rarar til det beste for barna. Gratis skulelunsj (ungdomstrinnet) vil vere med \u00e5 bidra til god l\u00e6ring. God grunnbemanning i SFO, barnehage og skule. 2. Helse og [&hellip;]<\/p>\n","protected":false},"author":166,"featured_media":0,"parent":0,"menu_order":0,"comment_status":"closed","ping_status":"closed","template":"","meta":{"teft_cards_image_url":"","teft_cards_custom_pretitle":"","teft_cards_image_id":0,"teft_cards_image_focal_point_x":0,"teft_cards_image_focal_point_y":0,"teft_cards_title":"","teft_cards_excerpt":"","teft_show_chapters":false,"footnotes":""},"class_list":["post-43","page","type-page","status-publish","hentry"],"yoast_head":"<!-- This site is optimized with the Yoast SEO plugin v26.6 - https:\/\/yoast.com\/wordpress\/plugins\/seo\/ -->\n<title>Sju grunnar til \u00e5 stemme H\u00f8gre i Hjelmeland - Hjelmeland H\u00f8gre<\/title>\n<meta name=\"robots\" content=\"index, follow, max-snippet:-1, max-image-preview:large, max-video-preview:-1\" \/>\n<link rel=\"canonical\" href=\"https:\/\/hoyre.no\/hjelmeland\/syv-grunnar-til-a-stemme-hogre-i-hjelmeland\/\" \/>\n<meta property=\"og:locale\" content=\"nn_NO\" \/>\n<meta property=\"og:type\" content=\"article\" \/>\n<meta property=\"og:title\" content=\"Sju grunnar til \u00e5 stemme H\u00f8gre i Hjelmeland - Hjelmeland H\u00f8gre\" \/>\n<meta property=\"og:description\" content=\"1. Oppvekst For \u00e5 skapa eit samfunn der alle kan lukkas, er det avgjerande med gode skular. Me vil oppretthalde eit godt l\u00e6rings- og fagmilj\u00f8 for elevar og l\u00e6rarar til det beste for barna. Gratis skulelunsj (ungdomstrinnet) vil vere med \u00e5 bidra til god l\u00e6ring. God grunnbemanning i SFO, barnehage og skule. 2. Helse og [&hellip;]\" \/>\n<meta property=\"og:url\" content=\"https:\/\/hoyre.no\/hjelmeland\/syv-grunnar-til-a-stemme-hogre-i-hjelmeland\/\" \/>\n<meta property=\"og:site_name\" content=\"Hjelmeland H\u00f8gre\" \/>\n<meta property=\"article:modified_time\" content=\"2023-06-08T11:24:50+00:00\" \/>\n<meta property=\"og:image\" content=\"https:\/\/hoyre.no\/content\/uploads\/sites\/211\/2023\/01\/GettyImages-1331345416-1024x683.jpg\" \/>\n<meta name=\"twitter:card\" content=\"summary_large_image\" \/>\n<meta name=\"twitter:label1\" content=\"Est. reading time\" \/>\n\t<meta name=\"twitter:data1\" content=\"4 minutt\" \/>\n<script type=\"application\/ld+json\" class=\"yoast-schema-graph\">{\"@context\":\"https:\/\/schema.org\",\"@graph\":[{\"@type\":\"WebPage\",\"@id\":\"https:\/\/hoyre.no\/hjelmeland\/syv-grunnar-til-a-stemme-hogre-i-hjelmeland\/\",\"url\":\"https:\/\/hoyre.no\/hjelmeland\/syv-grunnar-til-a-stemme-hogre-i-hjelmeland\/\",\"name\":\"Sju grunnar til \u00e5 stemme H\u00f8gre i Hjelmeland - Hjelmeland H\u00f8gre\",\"isPartOf\":{\"@id\":\"https:\/\/hoyre.no\/hjelmeland\/#website\"},\"image\":{\"@id\":\"https:\/\/hoyre.no\/hjelmeland\/syv-grunnar-til-a-stemme-hogre-i-hjelmeland\/#primaryimage\"},\"thumbnailUrl\":\"https:\/\/hoyre.no\/content\/uploads\/sites\/211\/2023\/01\/GettyImages-1331345416-1024x683.jpg\",\"datePublished\":\"2023-06-08T10:33:45+00:00\",\"dateModified\":\"2023-06-08T11:24:50+00:00\",\"breadcrumb\":{\"@id\":\"https:\/\/hoyre.no\/hjelmeland\/syv-grunnar-til-a-stemme-hogre-i-hjelmeland\/#breadcrumb\"},\"inLanguage\":\"nn-NO\",\"potentialAction\":[{\"@type\":\"ReadAction\",\"target\":[\"https:\/\/hoyre.no\/hjelmeland\/syv-grunnar-til-a-stemme-hogre-i-hjelmeland\/\"]}]},{\"@type\":\"ImageObject\",\"inLanguage\":\"nn-NO\",\"@id\":\"https:\/\/hoyre.no\/hjelmeland\/syv-grunnar-til-a-stemme-hogre-i-hjelmeland\/#primaryimage\",\"url\":\"https:\/\/hoyre.no\/content\/uploads\/sites\/211\/2023\/01\/GettyImages-1331345416-1024x683.jpg\",\"contentUrl\":\"https:\/\/hoyre.no\/content\/uploads\/sites\/211\/2023\/01\/GettyImages-1331345416-1024x683.jpg\"},{\"@type\":\"BreadcrumbList\",\"@id\":\"https:\/\/hoyre.no\/hjelmeland\/syv-grunnar-til-a-stemme-hogre-i-hjelmeland\/#breadcrumb\",\"itemListElement\":[{\"@type\":\"ListItem\",\"position\":1,\"name\":\"Til hoyre.no\",\"item\":\"https:\/\/hoyre.no\"},{\"@type\":\"ListItem\",\"position\":2,\"name\":\"Hjem\",\"item\":\"https:\/\/hoyre.no\/hjelmeland\/\"},{\"@type\":\"ListItem\",\"position\":3,\"name\":\"Sju grunnar til \u00e5 stemme H\u00f8gre i Hjelmeland\"}]},{\"@type\":\"WebSite\",\"@id\":\"https:\/\/hoyre.no\/hjelmeland\/#website\",\"url\":\"https:\/\/hoyre.no\/hjelmeland\/\",\"name\":\"Hjelmeland H\u00f8gre\",\"description\":\"Bare enda et H\u00f8yres nettsteder-nettsted\",\"inLanguage\":\"nn-NO\"}]}<\/script>\n<!-- \/ Yoast SEO plugin. -->","yoast_head_json":{"title":"Sju grunnar til \u00e5 stemme H\u00f8gre i Hjelmeland - Hjelmeland H\u00f8gre","robots":{"index":"index","follow":"follow","max-snippet":"max-snippet:-1","max-image-preview":"max-image-preview:large","max-video-preview":"max-video-preview:-1"},"canonical":"https:\/\/hoyre.no\/hjelmeland\/syv-grunnar-til-a-stemme-hogre-i-hjelmeland\/","og_locale":"nn_NO","og_type":"article","og_title":"Sju grunnar til \u00e5 stemme H\u00f8gre i Hjelmeland - Hjelmeland H\u00f8gre","og_description":"1. Oppvekst For \u00e5 skapa eit samfunn der alle kan lukkas, er det avgjerande med gode skular. Me vil oppretthalde eit godt l\u00e6rings- og fagmilj\u00f8 for elevar og l\u00e6rarar til det beste for barna. Gratis skulelunsj (ungdomstrinnet) vil vere med \u00e5 bidra til god l\u00e6ring. God grunnbemanning i SFO, barnehage og skule. 2. Helse og [&hellip;]","og_url":"https:\/\/hoyre.no\/hjelmeland\/syv-grunnar-til-a-stemme-hogre-i-hjelmeland\/","og_site_name":"Hjelmeland H\u00f8gre","article_modified_time":"2023-06-08T11:24:50+00:00","og_image":[{"url":"https:\/\/hoyre.no\/content\/uploads\/sites\/211\/2023\/01\/GettyImages-1331345416-1024x683.jpg","type":"","width":"","height":""}],"twitter_card":"summary_large_image","twitter_misc":{"Est. reading time":"4 minutt"},"schema":{"@context":"https:\/\/schema.org","@graph":[{"@type":"WebPage","@id":"https:\/\/hoyre.no\/hjelmeland\/syv-grunnar-til-a-stemme-hogre-i-hjelmeland\/","url":"https:\/\/hoyre.no\/hjelmeland\/syv-grunnar-til-a-stemme-hogre-i-hjelmeland\/","name":"Sju grunnar til \u00e5 stemme H\u00f8gre i Hjelmeland - Hjelmeland H\u00f8gre","isPartOf":{"@id":"https:\/\/hoyre.no\/hjelmeland\/#website"},"image":{"@id":"https:\/\/hoyre.no\/hjelmeland\/syv-grunnar-til-a-stemme-hogre-i-hjelmeland\/#primaryimage"},"thumbnailUrl":"https:\/\/hoyre.no\/content\/uploads\/sites\/211\/2023\/01\/GettyImages-1331345416-1024x683.jpg","datePublished":"2023-06-08T10:33:45+00:00","dateModified":"2023-06-08T11:24:50+00:00","breadcrumb":{"@id":"https:\/\/hoyre.no\/hjelmeland\/syv-grunnar-til-a-stemme-hogre-i-hjelmeland\/#breadcrumb"},"inLanguage":"nn-NO","potentialAction":[{"@type":"ReadAction","target":["https:\/\/hoyre.no\/hjelmeland\/syv-grunnar-til-a-stemme-hogre-i-hjelmeland\/"]}]},{"@type":"ImageObject","inLanguage":"nn-NO","@id":"https:\/\/hoyre.no\/hjelmeland\/syv-grunnar-til-a-stemme-hogre-i-hjelmeland\/#primaryimage","url":"https:\/\/hoyre.no\/content\/uploads\/sites\/211\/2023\/01\/GettyImages-1331345416-1024x683.jpg","contentUrl":"https:\/\/hoyre.no\/content\/uploads\/sites\/211\/2023\/01\/GettyImages-1331345416-1024x683.jpg"},{"@type":"BreadcrumbList","@id":"https:\/\/hoyre.no\/hjelmeland\/syv-grunnar-til-a-stemme-hogre-i-hjelmeland\/#breadcrumb","itemListElement":[{"@type":"ListItem","position":1,"name":"Til hoyre.no","item":"https:\/\/hoyre.no"},{"@type":"ListItem","position":2,"name":"Hjem","item":"https:\/\/hoyre.no\/hjelmeland\/"},{"@type":"ListItem","position":3,"name":"Sju grunnar til \u00e5 stemme H\u00f8gre i Hjelmeland"}]},{"@type":"WebSite","@id":"https:\/\/hoyre.no\/hjelmeland\/#website","url":"https:\/\/hoyre.no\/hjelmeland\/","name":"Hjelmeland H\u00f8gre","description":"Bare enda et H\u00f8yres nettsteder-nettsted","inLanguage":"nn-NO"}]}},"distributor_meta":false,"distributor_terms":false,"distributor_media":false,"distributor_original_site_name":"Hjelmeland H\u00f8gre","distributor_original_site_url":"https:\/\/hoyre.no\/hjelmeland","push-errors":false,"_links":{"self":[{"href":"https:\/\/hoyre.no\/hjelmeland\/wp-json\/wp\/v2\/pages\/43","targetHints":{"allow":["GET"]}}],"collection":[{"href":"https:\/\/hoyre.no\/hjelmeland\/wp-json\/wp\/v2\/pages"}],"about":[{"href":"https:\/\/hoyre.no\/hjelmeland\/wp-json\/wp\/v2\/types\/page"}],"author":[{"embeddable":true,"href":"https:\/\/hoyre.no\/hjelmeland\/wp-json\/wp\/v2\/users\/166"}],"replies":[{"embeddable":true,"href":"https:\/\/hoyre.no\/hjelmeland\/wp-json\/wp\/v2\/comments?post=43"}],"version-history":[{"count":5,"href":"https:\/\/hoyre.no\/hjelmeland\/wp-json\/wp\/v2\/pages\/43\/revisions"}],"predecessor-version":[{"id":67,"href":"https:\/\/hoyre.no\/hjelmeland\/wp-json\/wp\/v2\/pages\/43\/revisions\/67"}],"wp:attachment":[{"href":"https:\/\/hoyre.no\/hjelmeland\/wp-json\/wp\/v2\/media?parent=43"}],"curies":[{"name":"wp","href":"https:\/\/api.w.org\/{rel}","templated":true}]}}