{"id":217,"date":"2023-08-21T14:04:57","date_gmt":"2023-08-21T12:04:57","guid":{"rendered":"https:\/\/hoyre.no\/hol\/?page_id=217"},"modified":"2024-12-23T12:41:35","modified_gmt":"2024-12-23T11:41:35","slug":"syv-grunner-til-a-stemme-hoyre-i-hol","status":"publish","type":"page","link":"https:\/\/hoyre.no\/hol\/syv-grunner-til-a-stemme-hoyre-i-hol\/","title":{"rendered":"Syv grunner til \u00e5 stemme H\u00f8yre i Hol"},"content":{"rendered":"\n<div class=\"wp-block-hoyre-hero with-image-gradient text-color-light  alignfull has-background\"><div class=\"hoyre-hero \"><h1 class=\"title\">Syv av mange saker vi vil jobbe med i perioden<\/h1><p class=\"preamble\">Vi vil gi muligheter for alle i Hol! Her kan du lese syv gode grunner til hvorfor du b\u00f8r stemme H\u00f8yre i Hol\ud83d\udc47<\/p><\/div><\/div>\n\n\n\n\n\t\t<div class=\"has-transparent-background-color is-layout-left alignwide alignwide wp-block-hoyre-media-text\">\n\t\t\t<div class=\"hoyre-media-text__media\">\n\t\t\t\t<img loading=\"lazy\" decoding=\"async\" width=\"1024\" height=\"683\" src=\"https:\/\/hoyre.no\/content\/uploads\/sites\/189\/2023\/08\/GettyImages-860044514-1024x683.jpg\" class=\"hoyre-media-text__media-image\" alt=\"\" style=\"--focal: 50% 50%;\" srcset=\"https:\/\/hoyre.no\/content\/uploads\/sites\/189\/2023\/08\/GettyImages-860044514-1024x683.jpg 1024w, https:\/\/hoyre.no\/content\/uploads\/sites\/189\/2023\/08\/GettyImages-860044514-300x200.jpg 300w, https:\/\/hoyre.no\/content\/uploads\/sites\/189\/2023\/08\/GettyImages-860044514-768x513.jpg 768w, https:\/\/hoyre.no\/content\/uploads\/sites\/189\/2023\/08\/GettyImages-860044514-1536x1025.jpg 1536w, https:\/\/hoyre.no\/content\/uploads\/sites\/189\/2023\/08\/GettyImages-860044514-2048x1367.jpg 2048w\" sizes=\"auto, (max-width: 1024px) 100vw, 1024px\" \/>\n\t\t\t<\/div>\n\t\t\t<div class=\"hoyre-media-text__content\">\n\t\t\t\t<div class=\"hoyre-media-text__content-inner\">\n\t\t\t\t\t\n\t\t\t<div class=\"hoyre-media-text__title-container\">\n\t\t\t\t\n\t\t\t\t<h2 class=\"hoyre-media-text__title\">1. Vi vil bidra til \u00e5 skaffe tilpassede boliger der folk i alle aldre \u00f8nsker \u00e5 bo<br><br><\/h2>\n\t\t\t<\/div>\n\t\t\t\n\t\t\t\t\t<div class=\"hoyre-media-text__blocks\"><\/div>\n\t\t\t\t\t\n\t\t\t\t<\/div>\n\t\t\t<\/div>\n\t\t<\/div>\n\t\t\n\n\n\n\t\t<div class=\"has-transparent-background-color is-layout-right alignwide alignwide wp-block-hoyre-media-text\">\n\t\t\t<div class=\"hoyre-media-text__media\">\n\t\t\t\t<img loading=\"lazy\" decoding=\"async\" width=\"1024\" height=\"683\" src=\"https:\/\/hoyre.no\/content\/uploads\/sites\/189\/2023\/08\/GettyImages-1203724130-1-1024x683.jpg\" class=\"hoyre-media-text__media-image\" alt=\"\" style=\"--focal: 50% 50%;\" srcset=\"https:\/\/hoyre.no\/content\/uploads\/sites\/189\/2023\/08\/GettyImages-1203724130-1-1024x683.jpg 1024w, https:\/\/hoyre.no\/content\/uploads\/sites\/189\/2023\/08\/GettyImages-1203724130-1-300x200.jpg 300w, https:\/\/hoyre.no\/content\/uploads\/sites\/189\/2023\/08\/GettyImages-1203724130-1-768x512.jpg 768w, https:\/\/hoyre.no\/content\/uploads\/sites\/189\/2023\/08\/GettyImages-1203724130-1-1536x1024.jpg 1536w, https:\/\/hoyre.no\/content\/uploads\/sites\/189\/2023\/08\/GettyImages-1203724130-1-2048x1365.jpg 2048w\" sizes=\"auto, (max-width: 1024px) 100vw, 1024px\" \/>\n\t\t\t<\/div>\n\t\t\t<div class=\"hoyre-media-text__content\">\n\t\t\t\t<div class=\"hoyre-media-text__content-inner\">\n\t\t\t\t\t\n\t\t\t<div class=\"hoyre-media-text__title-container\">\n\t\t\t\t\n\t\t\t\t<h2 class=\"hoyre-media-text__title\">2. Gj\u00f8re kommunen til en aktiv samarbeidspartner som er lett og positiv \u00e5 kommunisere med\u00a0<\/h2>\n\t\t\t<\/div>\n\t\t\t\n\t\t\t\t\t<div class=\"hoyre-media-text__blocks\"><\/div>\n\t\t\t\t\t\n\t\t\t\t<\/div>\n\t\t\t<\/div>\n\t\t<\/div>\n\t\t\n\n\n\t\t<div class=\"has-transparent-background-color is-layout-left alignwide alignwide wp-block-hoyre-media-text\">\n\t\t\t<div class=\"hoyre-media-text__media\">\n\t\t\t\t<img loading=\"lazy\" decoding=\"async\" width=\"1024\" height=\"683\" src=\"https:\/\/hoyre.no\/content\/uploads\/sites\/189\/2023\/08\/GettyImages-1224332804-1024x683.jpg\" class=\"hoyre-media-text__media-image\" alt=\"\" style=\"--focal: 50% 50%;\" srcset=\"https:\/\/hoyre.no\/content\/uploads\/sites\/189\/2023\/08\/GettyImages-1224332804-1024x683.jpg 1024w, https:\/\/hoyre.no\/content\/uploads\/sites\/189\/2023\/08\/GettyImages-1224332804-300x200.jpg 300w, https:\/\/hoyre.no\/content\/uploads\/sites\/189\/2023\/08\/GettyImages-1224332804-768x513.jpg 768w, https:\/\/hoyre.no\/content\/uploads\/sites\/189\/2023\/08\/GettyImages-1224332804-1536x1025.jpg 1536w, https:\/\/hoyre.no\/content\/uploads\/sites\/189\/2023\/08\/GettyImages-1224332804-2048x1367.jpg 2048w\" sizes=\"auto, (max-width: 1024px) 100vw, 1024px\" \/>\n\t\t\t<\/div>\n\t\t\t<div class=\"hoyre-media-text__content\">\n\t\t\t\t<div class=\"hoyre-media-text__content-inner\">\n\t\t\t\t\t\n\t\t\t<div class=\"hoyre-media-text__title-container\">\n\t\t\t\t\n\t\t\t\t<h2 class=\"hoyre-media-text__title\">3. Trekanten skal bli et attraktivt boomr\u00e5de, ikke et beredskapssenter<br><br><\/h2>\n\t\t\t<\/div>\n\t\t\t\n\t\t\t\t\t<div class=\"hoyre-media-text__blocks\"><\/div>\n\t\t\t\t\t\n\t\t\t\t<\/div>\n\t\t\t<\/div>\n\t\t<\/div>\n\t\t\n\n\n\t\t<div class=\"has-transparent-background-color is-layout-right alignwide alignwide wp-block-hoyre-media-text\">\n\t\t\t<div class=\"hoyre-media-text__media\">\n\t\t\t\t<img loading=\"lazy\" decoding=\"async\" width=\"1024\" height=\"683\" src=\"https:\/\/hoyre.no\/content\/uploads\/sites\/189\/2023\/08\/GettyImages-1202315655-1024x683.jpg\" class=\"hoyre-media-text__media-image\" alt=\"\" style=\"--focal: 50% 50%;\" srcset=\"https:\/\/hoyre.no\/content\/uploads\/sites\/189\/2023\/08\/GettyImages-1202315655-1024x683.jpg 1024w, https:\/\/hoyre.no\/content\/uploads\/sites\/189\/2023\/08\/GettyImages-1202315655-300x200.jpg 300w, https:\/\/hoyre.no\/content\/uploads\/sites\/189\/2023\/08\/GettyImages-1202315655-768x512.jpg 768w, https:\/\/hoyre.no\/content\/uploads\/sites\/189\/2023\/08\/GettyImages-1202315655-1536x1024.jpg 1536w, https:\/\/hoyre.no\/content\/uploads\/sites\/189\/2023\/08\/GettyImages-1202315655-2048x1365.jpg 2048w\" sizes=\"auto, (max-width: 1024px) 100vw, 1024px\" \/>\n\t\t\t<\/div>\n\t\t\t<div class=\"hoyre-media-text__content\">\n\t\t\t\t<div class=\"hoyre-media-text__content-inner\">\n\t\t\t\t\t\n\t\t\t<div class=\"hoyre-media-text__title-container\">\n\t\t\t\t\n\t\t\t\t<h2 class=\"hoyre-media-text__title\">4. Oppmuntre private initiativ og bidra til \u00f8kt aktivitet i alle grender<\/h2>\n\t\t\t<\/div>\n\t\t\t\n\t\t\t\t\t<div class=\"hoyre-media-text__blocks\"><\/div>\n\t\t\t\t\t\n\t\t\t\t<\/div>\n\t\t\t<\/div>\n\t\t<\/div>\n\t\t\n\n\n\t\t<div class=\"has-transparent-background-color is-layout-left alignwide alignwide wp-block-hoyre-media-text\">\n\t\t\t<div class=\"hoyre-media-text__media\">\n\t\t\t\t<img loading=\"lazy\" decoding=\"async\" width=\"1024\" height=\"683\" src=\"https:\/\/hoyre.no\/content\/uploads\/sites\/189\/2023\/08\/GettyImages-1070509562-1024x683.jpg\" class=\"hoyre-media-text__media-image\" alt=\"\" style=\"--focal: 50% 50%;\" srcset=\"https:\/\/hoyre.no\/content\/uploads\/sites\/189\/2023\/08\/GettyImages-1070509562-1024x683.jpg 1024w, https:\/\/hoyre.no\/content\/uploads\/sites\/189\/2023\/08\/GettyImages-1070509562-300x200.jpg 300w, https:\/\/hoyre.no\/content\/uploads\/sites\/189\/2023\/08\/GettyImages-1070509562-768x512.jpg 768w, https:\/\/hoyre.no\/content\/uploads\/sites\/189\/2023\/08\/GettyImages-1070509562-1536x1024.jpg 1536w, https:\/\/hoyre.no\/content\/uploads\/sites\/189\/2023\/08\/GettyImages-1070509562-2048x1365.jpg 2048w\" sizes=\"auto, (max-width: 1024px) 100vw, 1024px\" \/>\n\t\t\t<\/div>\n\t\t\t<div class=\"hoyre-media-text__content\">\n\t\t\t\t<div class=\"hoyre-media-text__content-inner\">\n\t\t\t\t\t\n\t\t\t<div class=\"hoyre-media-text__title-container\">\n\t\t\t\t\n\t\t\t\t<h2 class=\"hoyre-media-text__title\">5. Effektiv og riktig bruk av kommunens ressurser\u00a0<\/h2>\n\t\t\t<\/div>\n\t\t\t\n\t\t\t\t\t<div class=\"hoyre-media-text__blocks\"><\/div>\n\t\t\t\t\t\n\t\t\t\t<\/div>\n\t\t\t<\/div>\n\t\t<\/div>\n\t\t\n\n\n\t\t<div class=\"has-transparent-background-color is-layout-right alignwide alignwide wp-block-hoyre-media-text\">\n\t\t\t<div class=\"hoyre-media-text__media\">\n\t\t\t\t<img loading=\"lazy\" decoding=\"async\" width=\"1024\" height=\"683\" src=\"https:\/\/hoyre.no\/content\/uploads\/sites\/189\/2023\/08\/GettyImages-550537349-1024x683.jpg\" class=\"hoyre-media-text__media-image\" alt=\"\" style=\"--focal: 50% 50%;\" srcset=\"https:\/\/hoyre.no\/content\/uploads\/sites\/189\/2023\/08\/GettyImages-550537349-1024x683.jpg 1024w, https:\/\/hoyre.no\/content\/uploads\/sites\/189\/2023\/08\/GettyImages-550537349-300x200.jpg 300w, https:\/\/hoyre.no\/content\/uploads\/sites\/189\/2023\/08\/GettyImages-550537349-768x513.jpg 768w, https:\/\/hoyre.no\/content\/uploads\/sites\/189\/2023\/08\/GettyImages-550537349-1536x1025.jpg 1536w, https:\/\/hoyre.no\/content\/uploads\/sites\/189\/2023\/08\/GettyImages-550537349-2048x1367.jpg 2048w\" sizes=\"auto, (max-width: 1024px) 100vw, 1024px\" \/>\n\t\t\t<\/div>\n\t\t\t<div class=\"hoyre-media-text__content\">\n\t\t\t\t<div class=\"hoyre-media-text__content-inner\">\n\t\t\t\t\t\n\t\t\t<div class=\"hoyre-media-text__title-container\">\n\t\t\t\t\n\t\t\t\t<h2 class=\"hoyre-media-text__title\">6. Aktivt lede arbeidet med \u00e5 gj\u00f8re utdanning til det nye n\u00e6ringsbeinet i kommunen<\/h2>\n\t\t\t<\/div>\n\t\t\t\n\t\t\t\t\t<div class=\"hoyre-media-text__blocks\"><\/div>\n\t\t\t\t\t\n\t\t\t\t<\/div>\n\t\t\t<\/div>\n\t\t<\/div>\n\t\t\n\n\n\t\t<div class=\"has-transparent-background-color is-layout-left alignwide alignwide wp-block-hoyre-media-text\">\n\t\t\t<div class=\"hoyre-media-text__media\">\n\t\t\t\t<img loading=\"lazy\" decoding=\"async\" width=\"1024\" height=\"676\" src=\"https:\/\/hoyre.no\/content\/uploads\/sites\/189\/2023\/08\/GettyImages-1160692980-1024x676.jpg\" class=\"hoyre-media-text__media-image\" alt=\"\" style=\"--focal: 50% 50%;\" srcset=\"https:\/\/hoyre.no\/content\/uploads\/sites\/189\/2023\/08\/GettyImages-1160692980-1024x676.jpg 1024w, https:\/\/hoyre.no\/content\/uploads\/sites\/189\/2023\/08\/GettyImages-1160692980-300x198.jpg 300w, https:\/\/hoyre.no\/content\/uploads\/sites\/189\/2023\/08\/GettyImages-1160692980-768x507.jpg 768w, https:\/\/hoyre.no\/content\/uploads\/sites\/189\/2023\/08\/GettyImages-1160692980-1536x1014.jpg 1536w, https:\/\/hoyre.no\/content\/uploads\/sites\/189\/2023\/08\/GettyImages-1160692980-2048x1352.jpg 2048w\" sizes=\"auto, (max-width: 1024px) 100vw, 1024px\" \/>\n\t\t\t<\/div>\n\t\t\t<div class=\"hoyre-media-text__content\">\n\t\t\t\t<div class=\"hoyre-media-text__content-inner\">\n\t\t\t\t\t\n\t\t\t<div class=\"hoyre-media-text__title-container\">\n\t\t\t\t\n\t\t\t\t<h2 class=\"hoyre-media-text__title\">7. Bygge ny barneskole p\u00e5 Geilo og opprettholde dagens skolestruktur i kommunen<\/h2>\n\t\t\t<\/div>\n\t\t\t\n\t\t\t\t\t<div class=\"hoyre-media-text__blocks\"><\/div>\n\t\t\t\t\t\n\t\t\t\t<\/div>\n\t\t\t<\/div>\n\t\t<\/div>\n\t\t","protected":false},"excerpt":{"rendered":"","protected":false},"author":20880,"featured_media":0,"parent":0,"menu_order":0,"comment_status":"closed","ping_status":"closed","template":"","meta":{"teft_cards_image_url":"","teft_cards_custom_pretitle":"","teft_cards_image_id":220,"teft_cards_image_focal_point_x":0.5,"teft_cards_image_focal_point_y":0.5,"teft_cards_title":"","teft_cards_excerpt":"","teft_show_chapters":false,"footnotes":""},"class_list":["post-217","page","type-page","status-publish","hentry"],"yoast_head":"<!-- This site is optimized with the Yoast SEO plugin v26.6 - https:\/\/yoast.com\/wordpress\/plugins\/seo\/ -->\n<title>Syv grunner til \u00e5 stemme H\u00f8yre i Hol - Hol H\u00f8yre<\/title>\n<meta name=\"robots\" content=\"index, follow, max-snippet:-1, max-image-preview:large, max-video-preview:-1\" \/>\n<link rel=\"canonical\" href=\"https:\/\/hoyre.no\/hol\/syv-grunner-til-a-stemme-hoyre-i-hol\/\" \/>\n<meta property=\"og:locale\" content=\"nb_NO\" \/>\n<meta property=\"og:type\" content=\"article\" \/>\n<meta property=\"og:title\" content=\"Syv grunner til \u00e5 stemme H\u00f8yre i Hol - Hol H\u00f8yre\" \/>\n<meta property=\"og:url\" content=\"https:\/\/hoyre.no\/hol\/syv-grunner-til-a-stemme-hoyre-i-hol\/\" \/>\n<meta property=\"og:site_name\" content=\"Hol H\u00f8yre\" \/>\n<meta property=\"article:modified_time\" content=\"2024-12-23T11:41:35+00:00\" \/>\n<meta property=\"og:image\" content=\"https:\/\/hoyre.no\/content\/uploads\/sites\/189\/2023\/08\/GettyImages-1202315655-1024x683.jpg\" \/>\n<meta name=\"twitter:card\" content=\"summary_large_image\" \/>\n<meta name=\"twitter:label1\" content=\"Ansl. lesetid\" \/>\n\t<meta name=\"twitter:data1\" content=\"1 minutt\" \/>\n<script type=\"application\/ld+json\" class=\"yoast-schema-graph\">{\"@context\":\"https:\/\/schema.org\",\"@graph\":[{\"@type\":\"WebPage\",\"@id\":\"https:\/\/hoyre.no\/hol\/syv-grunner-til-a-stemme-hoyre-i-hol\/\",\"url\":\"https:\/\/hoyre.no\/hol\/syv-grunner-til-a-stemme-hoyre-i-hol\/\",\"name\":\"Syv grunner til \u00e5 stemme H\u00f8yre i Hol - Hol H\u00f8yre\",\"isPartOf\":{\"@id\":\"https:\/\/hoyre.no\/hol\/#website\"},\"datePublished\":\"2023-08-21T12:04:57+00:00\",\"dateModified\":\"2024-12-23T11:41:35+00:00\",\"breadcrumb\":{\"@id\":\"https:\/\/hoyre.no\/hol\/syv-grunner-til-a-stemme-hoyre-i-hol\/#breadcrumb\"},\"inLanguage\":\"nb-NO\",\"potentialAction\":[{\"@type\":\"ReadAction\",\"target\":[\"https:\/\/hoyre.no\/hol\/syv-grunner-til-a-stemme-hoyre-i-hol\/\"]}]},{\"@type\":\"BreadcrumbList\",\"@id\":\"https:\/\/hoyre.no\/hol\/syv-grunner-til-a-stemme-hoyre-i-hol\/#breadcrumb\",\"itemListElement\":[{\"@type\":\"ListItem\",\"position\":1,\"name\":\"Til hoyre.no\",\"item\":\"https:\/\/hoyre.no\"},{\"@type\":\"ListItem\",\"position\":2,\"name\":\"Hjem\",\"item\":\"https:\/\/hoyre.no\/hol\/\"},{\"@type\":\"ListItem\",\"position\":3,\"name\":\"Syv grunner til \u00e5 stemme H\u00f8yre i Hol\"}]},{\"@type\":\"WebSite\",\"@id\":\"https:\/\/hoyre.no\/hol\/#website\",\"url\":\"https:\/\/hoyre.no\/hol\/\",\"name\":\"Hol H\u00f8yre\",\"description\":\"Bare enda et H\u00f8yres nettsteder-nettsted\",\"inLanguage\":\"nb-NO\"}]}<\/script>\n<!-- \/ Yoast SEO plugin. -->","yoast_head_json":{"title":"Syv grunner til \u00e5 stemme H\u00f8yre i Hol - Hol H\u00f8yre","robots":{"index":"index","follow":"follow","max-snippet":"max-snippet:-1","max-image-preview":"max-image-preview:large","max-video-preview":"max-video-preview:-1"},"canonical":"https:\/\/hoyre.no\/hol\/syv-grunner-til-a-stemme-hoyre-i-hol\/","og_locale":"nb_NO","og_type":"article","og_title":"Syv grunner til \u00e5 stemme H\u00f8yre i Hol - Hol H\u00f8yre","og_url":"https:\/\/hoyre.no\/hol\/syv-grunner-til-a-stemme-hoyre-i-hol\/","og_site_name":"Hol H\u00f8yre","article_modified_time":"2024-12-23T11:41:35+00:00","og_image":[{"url":"https:\/\/hoyre.no\/content\/uploads\/sites\/189\/2023\/08\/GettyImages-1202315655-1024x683.jpg","width":"","height":"","type":""}],"twitter_card":"summary_large_image","twitter_misc":{"Ansl. lesetid":"1 minutt"},"schema":{"@context":"https:\/\/schema.org","@graph":[{"@type":"WebPage","@id":"https:\/\/hoyre.no\/hol\/syv-grunner-til-a-stemme-hoyre-i-hol\/","url":"https:\/\/hoyre.no\/hol\/syv-grunner-til-a-stemme-hoyre-i-hol\/","name":"Syv grunner til \u00e5 stemme H\u00f8yre i Hol - Hol H\u00f8yre","isPartOf":{"@id":"https:\/\/hoyre.no\/hol\/#website"},"datePublished":"2023-08-21T12:04:57+00:00","dateModified":"2024-12-23T11:41:35+00:00","breadcrumb":{"@id":"https:\/\/hoyre.no\/hol\/syv-grunner-til-a-stemme-hoyre-i-hol\/#breadcrumb"},"inLanguage":"nb-NO","potentialAction":[{"@type":"ReadAction","target":["https:\/\/hoyre.no\/hol\/syv-grunner-til-a-stemme-hoyre-i-hol\/"]}]},{"@type":"BreadcrumbList","@id":"https:\/\/hoyre.no\/hol\/syv-grunner-til-a-stemme-hoyre-i-hol\/#breadcrumb","itemListElement":[{"@type":"ListItem","position":1,"name":"Til hoyre.no","item":"https:\/\/hoyre.no"},{"@type":"ListItem","position":2,"name":"Hjem","item":"https:\/\/hoyre.no\/hol\/"},{"@type":"ListItem","position":3,"name":"Syv grunner til \u00e5 stemme H\u00f8yre i Hol"}]},{"@type":"WebSite","@id":"https:\/\/hoyre.no\/hol\/#website","url":"https:\/\/hoyre.no\/hol\/","name":"Hol H\u00f8yre","description":"Bare enda et H\u00f8yres nettsteder-nettsted","inLanguage":"nb-NO"}]}},"distributor_meta":false,"distributor_terms":false,"distributor_media":false,"distributor_original_site_name":"Hol H\u00f8yre","distributor_original_site_url":"https:\/\/hoyre.no\/hol","push-errors":false,"_links":{"self":[{"href":"https:\/\/hoyre.no\/hol\/wp-json\/wp\/v2\/pages\/217","targetHints":{"allow":["GET"]}}],"collection":[{"href":"https:\/\/hoyre.no\/hol\/wp-json\/wp\/v2\/pages"}],"about":[{"href":"https:\/\/hoyre.no\/hol\/wp-json\/wp\/v2\/types\/page"}],"author":[{"embeddable":true,"href":"https:\/\/hoyre.no\/hol\/wp-json\/wp\/v2\/users\/20880"}],"replies":[{"embeddable":true,"href":"https:\/\/hoyre.no\/hol\/wp-json\/wp\/v2\/comments?post=217"}],"version-history":[{"count":4,"href":"https:\/\/hoyre.no\/hol\/wp-json\/wp\/v2\/pages\/217\/revisions"}],"predecessor-version":[{"id":240,"href":"https:\/\/hoyre.no\/hol\/wp-json\/wp\/v2\/pages\/217\/revisions\/240"}],"wp:attachment":[{"href":"https:\/\/hoyre.no\/hol\/wp-json\/wp\/v2\/media?parent=217"}],"curies":[{"name":"wp","href":"https:\/\/api.w.org\/{rel}","templated":true}]}}