{"id":236,"date":"2023-05-01T15:59:35","date_gmt":"2023-05-01T13:59:35","guid":{"rendered":"https:\/\/hoyre.no\/horten\/?page_id=236"},"modified":"2023-08-30T21:37:24","modified_gmt":"2023-08-30T19:37:24","slug":"program-2023-2027","status":"publish","type":"page","link":"https:\/\/hoyre.no\/horten\/program-2023-2027\/","title":{"rendered":"Program 2023-2027"},"content":{"rendered":"\n<div class=\"wp-block-hoyre-hero with-image-gradient text-color-light  has-media alignfull has-background\"><div class=\"hoyre-hero has-image\"><h1 class=\"title\">Horten H\u00f8yres valgprogram 2023 &#8211; 2027<\/h1><p class=\"preamble\">Programmet er sakene Horten H\u00f8yres medlemmer er enige om \u00e5 jobbe for i kommunestyret. Programmet forteller hva vi prioriterer. Les det her!<\/p>\t\t\t<div class=\"post-meta wp-block teft-byline-wrapper\">\n\t\t\t\t<div class=\"top\">\n\t\t\t\t\t<div class=\"signature\">\n\t\t\t\t\t\t<div class=\"teft-byline\">\n\t\t\t\t\t\t\t\t\t\t\t\t\t\t<div>\n\t\t\t\t\t\t\t\t<h3>H\u00f8yres redaksjon<\/h3>\t\t\t\t\t\t\t\t\n\t\t\t\t\t\t\t\t\t\t\t\t\t\t\t\t\t<span class=\"date\">Sist oppdatert: 30. august 2023<\/span>\n\t\t\t\t\t\t\t\t\t\t\t\t\t\t\t\t\t\t\t\t\t\t\t\t\t<span class=\"reading-time\" itemprop=\"timeRequired\" content=\"PT1M\"><em>Ca. 1 minutter lesetid<\/em><\/span>\n\t\t\t\t\t\t\t\t\t\t\t\t\t\t\t<\/div>\n\t\t\t\t\t\t<\/div>\n\t\t\t\t\t<\/div>\n\t\t\t\t\t\t<div class=\"sharing\">\n\t\t<a class=\"share-button share-link copy-link\" data-copy=\"https:\/\/hoyre.no\/horten\/program-2023-2027\/\" target=\"_blank\"><span class=\"screen-reader-text\">Del link<\/span><\/a>\n\t\t<a class=\"share-button share-twitter\" href=\"http:\/\/twitter.com\/share?text=Program 2023-2027&#038;url=https:\/\/hoyre.no\/horten\/program-2023-2027\/&#038;hashtags=Hoyre\" target=\"_blank\"><span class=\"screen-reader-text\">Del p\u00e5 twitter<\/span><\/a>\n\t\t<a class=\"share-button share-facebook\" href=\"https:\/\/www.facebook.com\/sharer\/sharer.php?u=https:\/\/hoyre.no\/horten\/program-2023-2027\/\" target=\"_blank\"><span class=\"screen-reader-text\">Del p\u00e5 facebook<\/span><\/a>\n\t<\/div>\n\t\t\t\t\t<\/div>\n\t\t\t<\/div>\n\n\t\t\t<figure class=\"hoyre-image-wrapper\"><div class=\"hoyre-image\"><img loading=\"lazy\" decoding=\"async\" width=\"1533\" height=\"910\" src=\"https:\/\/hoyre.no\/content\/uploads\/sites\/368\/2023\/05\/Horten-Hoyre2023-2024.jpg\" class=\"attachment-scaled size-scaled\" alt=\"\" style=\"object-position: 65% 46%\" srcset=\"https:\/\/hoyre.no\/content\/uploads\/sites\/368\/2023\/05\/Horten-Hoyre2023-2024.jpg 1533w, https:\/\/hoyre.no\/content\/uploads\/sites\/368\/2023\/05\/Horten-Hoyre2023-2024-300x178.jpg 300w, https:\/\/hoyre.no\/content\/uploads\/sites\/368\/2023\/05\/Horten-Hoyre2023-2024-1024x608.jpg 1024w, https:\/\/hoyre.no\/content\/uploads\/sites\/368\/2023\/05\/Horten-Hoyre2023-2024-768x456.jpg 768w\" sizes=\"auto, (max-width: 1533px) 100vw, 1533px\" \/><\/div><\/figure><\/div><\/div>\n\n\n\n\n<h2 class=\"wp-block-heading\">Last ned v\u00e5rt hovedprogram for \u00e5 se hva vi skal jobbe for!<\/h2>\n\n\n\n\n<div class=\"wp-block-teft-file icon-link-block\"><a href=\"https:\/\/hoyre.no\/content\/uploads\/sites\/368\/2023\/05\/Hovedprogram-Horten-Hoyre-2023_2027.pdf\" download><span class=\"file-title\">Hovedprogram Horten H\u00f8yre 2023_2027<\/span><span class=\"file-name\">Hovedprogram-Horten-Hoyre-2023_2027.pdf [1004.7kb]<\/span><\/a><\/div>\n\n\n\n<h2 class=\"wp-block-heading\">Utvalgte politikkomr\u00e5der:<\/h2>\n\n\n<div class=\"teft-cards-grid alignwide\"><div class=\"teft-cards-item is-card-hoyre\">\n\t<div class=\"teft-card hoyre-teft-card page-teft-card\">\n\t\t<a href=\"https:\/\/hoyre.no\/horten\/program-2023-2027\/helse-og-omsorg\/\" class=\"teft-card__primary-action\">\n\n\t\t\t\t\t<div class=\"teft-card__media teft-card__media--16-9\">\n\t\t\t\t\t\t<img loading=\"lazy\" decoding=\"async\" width=\"768\" height=\"309\" src=\"https:\/\/hoyre.no\/content\/uploads\/sites\/368\/2023\/05\/helse-og-omsorg-768x309.jpg\" class=\"attachment-medium_large size-medium_large\" alt=\"En glad alderdom\" srcset=\"https:\/\/hoyre.no\/content\/uploads\/sites\/368\/2023\/05\/helse-og-omsorg-768x309.jpg 768w, https:\/\/hoyre.no\/content\/uploads\/sites\/368\/2023\/05\/helse-og-omsorg-300x121.jpg 300w, https:\/\/hoyre.no\/content\/uploads\/sites\/368\/2023\/05\/helse-og-omsorg-1024x411.jpg 1024w, https:\/\/hoyre.no\/content\/uploads\/sites\/368\/2023\/05\/helse-og-omsorg.jpg 1451w\" sizes=\"auto, (max-width: 768px) 100vw, 768px\" \/>\t\t<\/div>\n\t\t\n\t\t\t<div class=\"teft-card__content-wrapper\">\n\t\t\t\t<div class=\"teft-card__secondary\">\n\t\t\t\t\t\t\t\t\t<\/div>\n\n\t\t\t\t<div class=\"teft-card__primary\">\n\t\t\t\t\t<h2 class=\"teft-card__title\">Helse og omsorg&nbsp;<span class=\"teft-card__primary-title-append\"><\/span><\/h2>\t\t\t\t<\/div>\n\t\t\t<\/div>\n\t\t<\/a>\n\t<\/div>\n\n\t<\/div><div class=\"teft-cards-item is-card-hoyre\">\n\t<div class=\"teft-card hoyre-teft-card page-teft-card\">\n\t\t<a href=\"https:\/\/hoyre.no\/horten\/program-2023-2027\/254-2\/\" class=\"teft-card__primary-action\">\n\n\t\t\t\t\t<div class=\"teft-card__media teft-card__media--16-9\">\n\t\t\t\t\t\t<img loading=\"lazy\" decoding=\"async\" width=\"768\" height=\"512\" src=\"https:\/\/hoyre.no\/content\/uploads\/sites\/368\/2020\/11\/hh-skole-barn-2016-768x512.jpg\" class=\"attachment-medium_large size-medium_large\" alt=\"Skolebarn\" srcset=\"https:\/\/hoyre.no\/content\/uploads\/sites\/368\/2020\/11\/hh-skole-barn-2016-768x512.jpg 768w, https:\/\/hoyre.no\/content\/uploads\/sites\/368\/2020\/11\/hh-skole-barn-2016-300x200.jpg 300w, https:\/\/hoyre.no\/content\/uploads\/sites\/368\/2020\/11\/hh-skole-barn-2016-1024x683.jpg 1024w, https:\/\/hoyre.no\/content\/uploads\/sites\/368\/2020\/11\/hh-skole-barn-2016-1536x1024.jpg 1536w, https:\/\/hoyre.no\/content\/uploads\/sites\/368\/2020\/11\/hh-skole-barn-2016.jpg 1732w\" sizes=\"auto, (max-width: 768px) 100vw, 768px\" \/>\t\t<\/div>\n\t\t\n\t\t\t<div class=\"teft-card__content-wrapper\">\n\t\t\t\t<div class=\"teft-card__secondary\">\n\t\t\t\t\t\t\t\t\t<\/div>\n\n\t\t\t\t<div class=\"teft-card__primary\">\n\t\t\t\t\t<h2 class=\"teft-card__title\">Skole og oppvekst&nbsp;<span class=\"teft-card__primary-title-append\"><\/span><\/h2>\t\t\t\t<\/div>\n\t\t\t<\/div>\n\t\t<\/a>\n\t<\/div>\n\n\t<\/div><div class=\"teft-cards-item is-card-hoyre\">\n\t<div class=\"teft-card hoyre-teft-card page-teft-card\">\n\t\t<a href=\"https:\/\/hoyre.no\/horten\/program-2023-2027\/251-2\/\" class=\"teft-card__primary-action\">\n\n\t\t\t\t\t<div class=\"teft-card__media teft-card__media--16-9\">\n\t\t\t\t\t\t<img loading=\"lazy\" decoding=\"async\" width=\"768\" height=\"576\" src=\"https:\/\/hoyre.no\/content\/uploads\/sites\/368\/2023\/05\/P1010075-768x576.jpg\" class=\"attachment-medium_large size-medium_large\" alt=\"\u00c5sg\u00e5rdstrand sm\u00e5b\u00e5thavn\" srcset=\"https:\/\/hoyre.no\/content\/uploads\/sites\/368\/2023\/05\/P1010075-768x576.jpg 768w, https:\/\/hoyre.no\/content\/uploads\/sites\/368\/2023\/05\/P1010075-300x225.jpg 300w, https:\/\/hoyre.no\/content\/uploads\/sites\/368\/2023\/05\/P1010075-1024x768.jpg 1024w, https:\/\/hoyre.no\/content\/uploads\/sites\/368\/2023\/05\/P1010075-1536x1152.jpg 1536w, https:\/\/hoyre.no\/content\/uploads\/sites\/368\/2023\/05\/P1010075-2048x1536.jpg 2048w\" sizes=\"auto, (max-width: 768px) 100vw, 768px\" \/>\t\t<\/div>\n\t\t\n\t\t\t<div class=\"teft-card__content-wrapper\">\n\t\t\t\t<div class=\"teft-card__secondary\">\n\t\t\t\t\t\t\t\t\t<\/div>\n\n\t\t\t\t<div class=\"teft-card__primary\">\n\t\t\t\t\t<h2 class=\"teft-card__title\">Klima og milj\u00f8&nbsp;<span class=\"teft-card__primary-title-append\"><\/span><\/h2>\t\t\t\t<\/div>\n\t\t\t<\/div>\n\t\t<\/a>\n\t<\/div>\n\n\t<\/div><div class=\"teft-cards-item is-card-hoyre\">\n\t<div class=\"teft-card hoyre-teft-card page-teft-card\">\n\t\t<a href=\"https:\/\/hoyre.no\/horten\/program-2023-2027\/et-attraktivt-naeringsliv\/\" class=\"teft-card__primary-action\">\n\n\t\t\t\t\t<div class=\"teft-card__media teft-card__media--16-9\">\n\t\t\t\t\t\t<img loading=\"lazy\" decoding=\"async\" width=\"768\" height=\"512\" src=\"https:\/\/hoyre.no\/content\/uploads\/sites\/368\/2023\/05\/Naeringsliv-768x512.jpg\" class=\"attachment-medium_large size-medium_large\" alt=\"HH N\u00e6ringsliv\" srcset=\"https:\/\/hoyre.no\/content\/uploads\/sites\/368\/2023\/05\/Naeringsliv-768x512.jpg 768w, https:\/\/hoyre.no\/content\/uploads\/sites\/368\/2023\/05\/Naeringsliv-300x200.jpg 300w, https:\/\/hoyre.no\/content\/uploads\/sites\/368\/2023\/05\/Naeringsliv-1024x683.jpg 1024w, https:\/\/hoyre.no\/content\/uploads\/sites\/368\/2023\/05\/Naeringsliv.jpg 1451w\" sizes=\"auto, (max-width: 768px) 100vw, 768px\" \/>\t\t<\/div>\n\t\t\n\t\t\t<div class=\"teft-card__content-wrapper\">\n\t\t\t\t<div class=\"teft-card__secondary\">\n\t\t\t\t\t\t\t\t\t<\/div>\n\n\t\t\t\t<div class=\"teft-card__primary\">\n\t\t\t\t\t<h2 class=\"teft-card__title\">Et attraktivt n\u00e6ringsliv&nbsp;<span class=\"teft-card__primary-title-append\"><\/span><\/h2>\t\t\t\t<\/div>\n\t\t\t<\/div>\n\t\t<\/a>\n\t<\/div>\n\n\t<\/div><\/div>\n\n\n\t\t<div class=\"has-lightest-blue-background-color is-layout-top alignwide alignwide wp-block-hoyre-media-text\">\n\t\t\t<div class=\"hoyre-media-text__media\">\n\t\t\t\t<img loading=\"lazy\" decoding=\"async\" width=\"1024\" height=\"379\" src=\"https:\/\/hoyre.no\/content\/uploads\/sites\/368\/2020\/11\/img-2916-1024x379.jpg\" class=\"hoyre-media-text__media-image\" alt=\"\" style=\"--focal: 50% 50%;\" srcset=\"https:\/\/hoyre.no\/content\/uploads\/sites\/368\/2020\/11\/img-2916-1024x379.jpg 1024w, https:\/\/hoyre.no\/content\/uploads\/sites\/368\/2020\/11\/img-2916-300x111.jpg 300w, https:\/\/hoyre.no\/content\/uploads\/sites\/368\/2020\/11\/img-2916-768x284.jpg 768w, https:\/\/hoyre.no\/content\/uploads\/sites\/368\/2020\/11\/img-2916-1536x568.jpg 1536w, https:\/\/hoyre.no\/content\/uploads\/sites\/368\/2020\/11\/img-2916.jpg 1773w\" sizes=\"auto, (max-width: 1024px) 100vw, 1024px\" \/>\n\t\t\t<\/div>\n\t\t\t<div class=\"hoyre-media-text__content\">\n\t\t\t\t<div class=\"hoyre-media-text__content-inner\">\n\t\t\t\t\t\n\t\t\t<div class=\"hoyre-media-text__title-container\">\n\t\t\t\t\n\t\t\t\t<h2 class=\"hoyre-media-text__title\">5 gode grunner til \u00e5 stemme H\u00f8yre i Horten<\/h2>\n\t\t\t<\/div>\n\t\t\t\n\t\t\t\t\t<div class=\"hoyre-media-text__blocks\">\n<p>I l\u00f8pet av de siste \u00e5tte \u00e5rene har Horten Kommunes gjeld \u00f8kt fra \u00e9n milliard til over tre. Disposisjonsfondet, &laquo;bufferkontoen&raquo;, er med dagens \u00f8konomi- og handlingsplan t\u00f8mt i 2025.<\/p><p>Vi har en stor andel eldre innbyggere og vi trenger flere unge innbyggere som kan s\u00f8rge for at inntekten til kommunen og tjenestene vi tilbyr er b\u00e6rekraftig i \u00e5rene som kommer. H\u00f8yre vil l\u00f8se disse utfordringene, og det m\u00e5 vi gj\u00f8re n\u00e5.<\/p>\n<\/div>\n\t\t\t\t\t\n\t\t\t<div class=\"hoyre-media-text__buttons\">\n\t\t\t\t<a class=\"button\" href=\"https:\/\/hoyre.no\/horten\/5-gode-grunner-til-a-stemme-hoyre-i-horten\/\">V\u00e5re hjertesaker<\/a>\n\t\t\t<\/div>\n\t\t\t\n\t\t\t\t<\/div>\n\t\t\t<\/div>\n\t\t<\/div>\n\t\t","protected":false},"excerpt":{"rendered":"<p>Utvalgte politikkomr\u00e5der:<\/p>\n","protected":false},"author":41227,"featured_media":0,"parent":0,"menu_order":0,"comment_status":"closed","ping_status":"closed","template":"","meta":{"teft_cards_image_url":"","teft_cards_custom_pretitle":"","teft_cards_image_id":238,"teft_cards_image_focal_point_x":0.5,"teft_cards_image_focal_point_y":0.5,"teft_cards_title":"","teft_cards_excerpt":"","teft_show_chapters":false,"footnotes":""},"class_list":["post-236","page","type-page","status-publish","hentry"],"yoast_head":"<!-- This site is optimized with the Yoast SEO plugin v26.6 - https:\/\/yoast.com\/wordpress\/plugins\/seo\/ -->\n<title>Program 2023-2027 - Horten H\u00f8yre<\/title>\n<meta name=\"robots\" content=\"index, follow, max-snippet:-1, max-image-preview:large, max-video-preview:-1\" \/>\n<link rel=\"canonical\" href=\"https:\/\/hoyre.no\/horten\/program-2023-2027\/\" \/>\n<meta property=\"og:locale\" content=\"nb_NO\" \/>\n<meta property=\"og:type\" content=\"article\" \/>\n<meta property=\"og:title\" content=\"Program 2023-2027 - Horten H\u00f8yre\" \/>\n<meta property=\"og:description\" content=\"Utvalgte politikkomr\u00e5der:\" \/>\n<meta property=\"og:url\" content=\"https:\/\/hoyre.no\/horten\/program-2023-2027\/\" \/>\n<meta property=\"og:site_name\" content=\"Horten H\u00f8yre\" \/>\n<meta property=\"article:modified_time\" content=\"2023-08-30T19:37:24+00:00\" \/>\n<meta property=\"og:image\" content=\"https:\/\/hoyre.no\/content\/uploads\/sites\/368\/2023\/05\/Horten-Hoyre2023-2024-1024x608.jpg\" \/>\n<meta name=\"twitter:card\" content=\"summary_large_image\" \/>\n<meta name=\"twitter:label1\" content=\"Ansl. lesetid\" \/>\n\t<meta name=\"twitter:data1\" content=\"1 minutt\" \/>\n<script type=\"application\/ld+json\" class=\"yoast-schema-graph\">{\"@context\":\"https:\/\/schema.org\",\"@graph\":[{\"@type\":\"WebPage\",\"@id\":\"https:\/\/hoyre.no\/horten\/program-2023-2027\/\",\"url\":\"https:\/\/hoyre.no\/horten\/program-2023-2027\/\",\"name\":\"Program 2023-2027 - Horten H\u00f8yre\",\"isPartOf\":{\"@id\":\"https:\/\/hoyre.no\/horten\/#website\"},\"datePublished\":\"2023-05-01T13:59:35+00:00\",\"dateModified\":\"2023-08-30T19:37:24+00:00\",\"breadcrumb\":{\"@id\":\"https:\/\/hoyre.no\/horten\/program-2023-2027\/#breadcrumb\"},\"inLanguage\":\"nb-NO\",\"potentialAction\":[{\"@type\":\"ReadAction\",\"target\":[\"https:\/\/hoyre.no\/horten\/program-2023-2027\/\"]}]},{\"@type\":\"BreadcrumbList\",\"@id\":\"https:\/\/hoyre.no\/horten\/program-2023-2027\/#breadcrumb\",\"itemListElement\":[{\"@type\":\"ListItem\",\"position\":1,\"name\":\"Til hoyre.no\",\"item\":\"https:\/\/hoyre.no\"},{\"@type\":\"ListItem\",\"position\":2,\"name\":\"Hjem\",\"item\":\"https:\/\/hoyre.no\/horten\/\"},{\"@type\":\"ListItem\",\"position\":3,\"name\":\"Program 2023-2027\"}]},{\"@type\":\"WebSite\",\"@id\":\"https:\/\/hoyre.no\/horten\/#website\",\"url\":\"https:\/\/hoyre.no\/horten\/\",\"name\":\"Horten H\u00f8yre\",\"description\":\"Bare enda et H\u00f8yres nettsteder-nettsted\",\"inLanguage\":\"nb-NO\"}]}<\/script>\n<!-- \/ Yoast SEO plugin. -->","yoast_head_json":{"title":"Program 2023-2027 - Horten H\u00f8yre","robots":{"index":"index","follow":"follow","max-snippet":"max-snippet:-1","max-image-preview":"max-image-preview:large","max-video-preview":"max-video-preview:-1"},"canonical":"https:\/\/hoyre.no\/horten\/program-2023-2027\/","og_locale":"nb_NO","og_type":"article","og_title":"Program 2023-2027 - Horten H\u00f8yre","og_description":"Utvalgte politikkomr\u00e5der:","og_url":"https:\/\/hoyre.no\/horten\/program-2023-2027\/","og_site_name":"Horten H\u00f8yre","article_modified_time":"2023-08-30T19:37:24+00:00","og_image":[{"url":"https:\/\/hoyre.no\/content\/uploads\/sites\/368\/2023\/05\/Horten-Hoyre2023-2024-1024x608.jpg","width":"","height":"","type":""}],"twitter_card":"summary_large_image","twitter_misc":{"Ansl. lesetid":"1 minutt"},"schema":{"@context":"https:\/\/schema.org","@graph":[{"@type":"WebPage","@id":"https:\/\/hoyre.no\/horten\/program-2023-2027\/","url":"https:\/\/hoyre.no\/horten\/program-2023-2027\/","name":"Program 2023-2027 - Horten H\u00f8yre","isPartOf":{"@id":"https:\/\/hoyre.no\/horten\/#website"},"datePublished":"2023-05-01T13:59:35+00:00","dateModified":"2023-08-30T19:37:24+00:00","breadcrumb":{"@id":"https:\/\/hoyre.no\/horten\/program-2023-2027\/#breadcrumb"},"inLanguage":"nb-NO","potentialAction":[{"@type":"ReadAction","target":["https:\/\/hoyre.no\/horten\/program-2023-2027\/"]}]},{"@type":"BreadcrumbList","@id":"https:\/\/hoyre.no\/horten\/program-2023-2027\/#breadcrumb","itemListElement":[{"@type":"ListItem","position":1,"name":"Til hoyre.no","item":"https:\/\/hoyre.no"},{"@type":"ListItem","position":2,"name":"Hjem","item":"https:\/\/hoyre.no\/horten\/"},{"@type":"ListItem","position":3,"name":"Program 2023-2027"}]},{"@type":"WebSite","@id":"https:\/\/hoyre.no\/horten\/#website","url":"https:\/\/hoyre.no\/horten\/","name":"Horten H\u00f8yre","description":"Bare enda et H\u00f8yres nettsteder-nettsted","inLanguage":"nb-NO"}]}},"distributor_meta":false,"distributor_terms":false,"distributor_media":false,"distributor_original_site_name":"Horten H\u00f8yre","distributor_original_site_url":"https:\/\/hoyre.no\/horten","push-errors":false,"_links":{"self":[{"href":"https:\/\/hoyre.no\/horten\/wp-json\/wp\/v2\/pages\/236","targetHints":{"allow":["GET"]}}],"collection":[{"href":"https:\/\/hoyre.no\/horten\/wp-json\/wp\/v2\/pages"}],"about":[{"href":"https:\/\/hoyre.no\/horten\/wp-json\/wp\/v2\/types\/page"}],"author":[{"embeddable":true,"href":"https:\/\/hoyre.no\/horten\/wp-json\/wp\/v2\/users\/41227"}],"replies":[{"embeddable":true,"href":"https:\/\/hoyre.no\/horten\/wp-json\/wp\/v2\/comments?post=236"}],"version-history":[{"count":7,"href":"https:\/\/hoyre.no\/horten\/wp-json\/wp\/v2\/pages\/236\/revisions"}],"predecessor-version":[{"id":693,"href":"https:\/\/hoyre.no\/horten\/wp-json\/wp\/v2\/pages\/236\/revisions\/693"}],"wp:attachment":[{"href":"https:\/\/hoyre.no\/horten\/wp-json\/wp\/v2\/media?parent=236"}],"curies":[{"name":"wp","href":"https:\/\/api.w.org\/{rel}","templated":true}]}}