{"id":244,"date":"2023-05-01T16:22:05","date_gmt":"2023-05-01T14:22:05","guid":{"rendered":"https:\/\/hoyre.no\/horten\/?page_id=244"},"modified":"2026-01-22T07:49:53","modified_gmt":"2026-01-22T06:49:53","slug":"et-attraktivt-naeringsliv","status":"publish","type":"page","link":"https:\/\/hoyre.no\/horten\/program-2023-2027\/et-attraktivt-naeringsliv\/","title":{"rendered":"Et attraktivt n\u00e6ringsliv"},"content":{"rendered":"\n<div class=\"wp-block-hoyre-hero with-image-gradient text-color-light  has-media alignfull has-background\"><div class=\"hoyre-hero has-image\"><h1 class=\"title\">Et attraktivt n\u00e6ringsliv<\/h1><p class=\"preamble\">Kommunen skal v\u00e6re en aktiv kunde av og samarbeidspartner med lokalt n\u00e6ringsliv<\/p>\t\t\t<div class=\"post-meta wp-block teft-byline-wrapper\">\n\t\t\t\t<div class=\"top\">\n\t\t\t\t\t<div class=\"signature\">\n\t\t\t\t\t\t<div class=\"teft-byline\">\n\t\t\t\t\t\t\t\t\t\t\t\t\t\t<div>\n\t\t\t\t\t\t\t\t<h3>H\u00f8yres redaksjon<\/h3>\t\t\t\t\t\t\t\t\n\t\t\t\t\t\t\t\t\t\t\t\t\t\t\t\t\t<span class=\"date\">Sist oppdatert: 22. januar 2026<\/span>\n\t\t\t\t\t\t\t\t\t\t\t\t\t\t\t\t\t\t\t\t\t\t\t\t\t<span class=\"reading-time\" itemprop=\"timeRequired\" content=\"PT1M\"><em>Ca. 1 minutter lesetid<\/em><\/span>\n\t\t\t\t\t\t\t\t\t\t\t\t\t\t\t<\/div>\n\t\t\t\t\t\t<\/div>\n\t\t\t\t\t<\/div>\n\t\t\t\t\t\t<div class=\"sharing\">\n\t\t<a class=\"share-button share-link copy-link\" data-copy=\"https:\/\/hoyre.no\/horten\/program-2023-2027\/et-attraktivt-naeringsliv\/\" target=\"_blank\"><span class=\"screen-reader-text\">Del link<\/span><\/a>\n\t\t<a class=\"share-button share-twitter\" href=\"http:\/\/twitter.com\/share?text=Et attraktivt n\u00e6ringsliv&#038;url=https:\/\/hoyre.no\/horten\/program-2023-2027\/et-attraktivt-naeringsliv\/&#038;hashtags=Hoyre\" target=\"_blank\"><span class=\"screen-reader-text\">Del p\u00e5 twitter<\/span><\/a>\n\t\t<a class=\"share-button share-facebook\" href=\"https:\/\/www.facebook.com\/sharer\/sharer.php?u=https:\/\/hoyre.no\/horten\/program-2023-2027\/et-attraktivt-naeringsliv\/\" target=\"_blank\"><span class=\"screen-reader-text\">Del p\u00e5 facebook<\/span><\/a>\n\t<\/div>\n\t\t\t\t\t<\/div>\n\t\t\t<\/div>\n\n\t\t\t<figure class=\"hoyre-image-wrapper\"><div class=\"hoyre-image\"><img loading=\"lazy\" decoding=\"async\" width=\"1451\" height=\"968\" src=\"https:\/\/hoyre.no\/content\/uploads\/sites\/368\/2023\/05\/Naeringsliv.jpg\" class=\"attachment-scaled size-scaled\" alt=\"HH N\u00e6ringsliv\" style=\"object-position: 50% 50%\" srcset=\"https:\/\/hoyre.no\/content\/uploads\/sites\/368\/2023\/05\/Naeringsliv.jpg 1451w, https:\/\/hoyre.no\/content\/uploads\/sites\/368\/2023\/05\/Naeringsliv-300x200.jpg 300w, https:\/\/hoyre.no\/content\/uploads\/sites\/368\/2023\/05\/Naeringsliv-1024x683.jpg 1024w, https:\/\/hoyre.no\/content\/uploads\/sites\/368\/2023\/05\/Naeringsliv-768x512.jpg 768w\" sizes=\"auto, (max-width: 1451px) 100vw, 1451px\" \/><\/div><\/figure><\/div><\/div>\n\n\n\n\n<p class=\"is-style-default\">Kommunen skal v\u00e6re en aktiv kunde av og samarbeidspartner med lokalt n\u00e6ringsliv. Horten har et innovativt n\u00e6ringsliv med hele verden som marked. Industrien forurenser lite og har relativt liten milj\u00f8belastning. Den store utfordringen er mangelen p\u00e5 gode arealer til boligutvikling, spesielt for yngre i etableringsfasen. Dette medf\u00f8rer stor grad av innpendling. Skal kommunen f\u00e5 nytte av veksten i n\u00e6ringslivet i form av flere innbyggere og \u00f8kt skatteinngang, kreves det arealer til bygging av boliger n\u00e6r kommunens byer og tettsteder.<\/p>\n\n\n\n<p>En konsekvens av den \u00f8kende gjelden og en utilstrekkelig inntekt kan v\u00e6re at det blir innf\u00f8rt eiendomsskatt. Horten H\u00f8yre er i mot eiendomsskatt.<\/p>\n\n\n\n<p>Kommunen m\u00e5 arbeide aktivt for \u00e5 tiltrekke seg innovative bedrifter. Her st\u00e5r utviklingen av milj\u00f8et rundt USN og Forskningsparken p\u00e5 Bakkenteigen sentralt. \u00c5 utvikle arealene og tilkomsten til universitetsomr\u00e5det vil danne grunnlag for innovasjon og nyetableringer rundt kommunens st\u00f8rste arbeidsplass.<\/p>\n\n\n\n<p><strong>Horten H\u00f8yre vil:<\/strong><\/p>\n\n\n\n<ul class=\"wp-block-list\" id=\"block-b5667841-76ac-4562-bf59-84da26c740cb\"><li>sikre nye arealer for n\u00e6ring og boligbygging i hele kommunen<\/li><li>avsette arealer til sm\u00e5husbebyggelse for unge i etableringsfasen<\/li><li>utvikle et levende sentrum som er attraktivt \u00e5 bo i for yngre og tiltrekke seg handel<\/li><li>at milj\u00f8et p\u00e5 Bakkenteigen forblir Vestfolds innovasjonssenter<\/li><li>aktivt vurdere kommunens eiendomsportef\u00f8lje for salg<\/li><li>\u00f8ke inntaket og bruken av l\u00e6rlinger<\/li><li>etablere samarbeid med private akt\u00f8rer om kulturtilbudet i Horten<\/li><li>at kommunen ikke skal konkurrere med private akt\u00f8rer<\/li><li>s\u00f8ke om at kommunen f\u00e5r status som turistkommune<\/li><li>etablere et d\u00f8gn\u00e5pent vaktapotek<\/li><li>arbeide for \u00e5 etablere godsterminal p\u00e5 Kopstad<\/li><li>unng\u00e5 eiendomsskatt<\/li><\/ul>\n\n\n\n<div class=\"wp-block-hoyre-timeline hoyre-timeline wp-block-hoyre-timeline\"><div class=\"hoyre-timeline__inner\"><\/div><\/div>","protected":false},"excerpt":{"rendered":"","protected":false},"author":41227,"featured_media":0,"parent":236,"menu_order":3,"comment_status":"closed","ping_status":"closed","template":"","meta":{"teft_cards_image_url":"","teft_cards_custom_pretitle":"","teft_cards_image_id":245,"teft_cards_image_focal_point_x":0.54,"teft_cards_image_focal_point_y":0.36,"teft_cards_title":"","teft_cards_excerpt":"","teft_show_chapters":false,"footnotes":""},"class_list":["post-244","page","type-page","status-publish","hentry"],"yoast_head":"<!-- This site is optimized with the Yoast SEO plugin v26.6 - https:\/\/yoast.com\/wordpress\/plugins\/seo\/ -->\n<title>Et attraktivt n\u00e6ringsliv - Horten H\u00f8yre<\/title>\n<meta name=\"robots\" content=\"index, follow, max-snippet:-1, max-image-preview:large, max-video-preview:-1\" \/>\n<link rel=\"canonical\" href=\"https:\/\/hoyre.no\/horten\/program-2023-2027\/et-attraktivt-naeringsliv\/\" \/>\n<meta property=\"og:locale\" content=\"nb_NO\" \/>\n<meta property=\"og:type\" content=\"article\" \/>\n<meta property=\"og:title\" content=\"Et attraktivt n\u00e6ringsliv - Horten H\u00f8yre\" \/>\n<meta property=\"og:url\" content=\"https:\/\/hoyre.no\/horten\/program-2023-2027\/et-attraktivt-naeringsliv\/\" \/>\n<meta property=\"og:site_name\" content=\"Horten H\u00f8yre\" \/>\n<meta property=\"article:modified_time\" content=\"2026-01-22T06:49:53+00:00\" \/>\n<meta property=\"og:image\" content=\"https:\/\/hoyre.no\/content\/uploads\/sites\/368\/2023\/05\/Naeringsliv-1024x683.jpg\" \/>\n<meta name=\"twitter:card\" content=\"summary_large_image\" \/>\n<meta name=\"twitter:label1\" content=\"Ansl. lesetid\" \/>\n\t<meta name=\"twitter:data1\" content=\"2 minutter\" \/>\n<script type=\"application\/ld+json\" class=\"yoast-schema-graph\">{\"@context\":\"https:\/\/schema.org\",\"@graph\":[{\"@type\":\"WebPage\",\"@id\":\"https:\/\/hoyre.no\/horten\/program-2023-2027\/et-attraktivt-naeringsliv\/\",\"url\":\"https:\/\/hoyre.no\/horten\/program-2023-2027\/et-attraktivt-naeringsliv\/\",\"name\":\"Et attraktivt n\u00e6ringsliv - Horten H\u00f8yre\",\"isPartOf\":{\"@id\":\"https:\/\/hoyre.no\/horten\/#website\"},\"datePublished\":\"2023-05-01T14:22:05+00:00\",\"dateModified\":\"2026-01-22T06:49:53+00:00\",\"breadcrumb\":{\"@id\":\"https:\/\/hoyre.no\/horten\/program-2023-2027\/et-attraktivt-naeringsliv\/#breadcrumb\"},\"inLanguage\":\"nb-NO\",\"potentialAction\":[{\"@type\":\"ReadAction\",\"target\":[\"https:\/\/hoyre.no\/horten\/program-2023-2027\/et-attraktivt-naeringsliv\/\"]}]},{\"@type\":\"BreadcrumbList\",\"@id\":\"https:\/\/hoyre.no\/horten\/program-2023-2027\/et-attraktivt-naeringsliv\/#breadcrumb\",\"itemListElement\":[{\"@type\":\"ListItem\",\"position\":1,\"name\":\"Til hoyre.no\",\"item\":\"https:\/\/hoyre.no\"},{\"@type\":\"ListItem\",\"position\":2,\"name\":\"Hjem\",\"item\":\"https:\/\/hoyre.no\/horten\/\"},{\"@type\":\"ListItem\",\"position\":3,\"name\":\"Program 2023-2027\",\"item\":\"https:\/\/hoyre.no\/horten\/program-2023-2027\/\"},{\"@type\":\"ListItem\",\"position\":4,\"name\":\"Et attraktivt n\u00e6ringsliv\"}]},{\"@type\":\"WebSite\",\"@id\":\"https:\/\/hoyre.no\/horten\/#website\",\"url\":\"https:\/\/hoyre.no\/horten\/\",\"name\":\"Horten H\u00f8yre\",\"description\":\"Bare enda et H\u00f8yres nettsteder-nettsted\",\"inLanguage\":\"nb-NO\"}]}<\/script>\n<!-- \/ Yoast SEO plugin. -->","yoast_head_json":{"title":"Et attraktivt n\u00e6ringsliv - Horten H\u00f8yre","robots":{"index":"index","follow":"follow","max-snippet":"max-snippet:-1","max-image-preview":"max-image-preview:large","max-video-preview":"max-video-preview:-1"},"canonical":"https:\/\/hoyre.no\/horten\/program-2023-2027\/et-attraktivt-naeringsliv\/","og_locale":"nb_NO","og_type":"article","og_title":"Et attraktivt n\u00e6ringsliv - Horten H\u00f8yre","og_url":"https:\/\/hoyre.no\/horten\/program-2023-2027\/et-attraktivt-naeringsliv\/","og_site_name":"Horten H\u00f8yre","article_modified_time":"2026-01-22T06:49:53+00:00","og_image":[{"url":"https:\/\/hoyre.no\/content\/uploads\/sites\/368\/2023\/05\/Naeringsliv-1024x683.jpg","width":"","height":"","type":""}],"twitter_card":"summary_large_image","twitter_misc":{"Ansl. lesetid":"2 minutter"},"schema":{"@context":"https:\/\/schema.org","@graph":[{"@type":"WebPage","@id":"https:\/\/hoyre.no\/horten\/program-2023-2027\/et-attraktivt-naeringsliv\/","url":"https:\/\/hoyre.no\/horten\/program-2023-2027\/et-attraktivt-naeringsliv\/","name":"Et attraktivt n\u00e6ringsliv - Horten H\u00f8yre","isPartOf":{"@id":"https:\/\/hoyre.no\/horten\/#website"},"datePublished":"2023-05-01T14:22:05+00:00","dateModified":"2026-01-22T06:49:53+00:00","breadcrumb":{"@id":"https:\/\/hoyre.no\/horten\/program-2023-2027\/et-attraktivt-naeringsliv\/#breadcrumb"},"inLanguage":"nb-NO","potentialAction":[{"@type":"ReadAction","target":["https:\/\/hoyre.no\/horten\/program-2023-2027\/et-attraktivt-naeringsliv\/"]}]},{"@type":"BreadcrumbList","@id":"https:\/\/hoyre.no\/horten\/program-2023-2027\/et-attraktivt-naeringsliv\/#breadcrumb","itemListElement":[{"@type":"ListItem","position":1,"name":"Til hoyre.no","item":"https:\/\/hoyre.no"},{"@type":"ListItem","position":2,"name":"Hjem","item":"https:\/\/hoyre.no\/horten\/"},{"@type":"ListItem","position":3,"name":"Program 2023-2027","item":"https:\/\/hoyre.no\/horten\/program-2023-2027\/"},{"@type":"ListItem","position":4,"name":"Et attraktivt n\u00e6ringsliv"}]},{"@type":"WebSite","@id":"https:\/\/hoyre.no\/horten\/#website","url":"https:\/\/hoyre.no\/horten\/","name":"Horten H\u00f8yre","description":"Bare enda et H\u00f8yres nettsteder-nettsted","inLanguage":"nb-NO"}]}},"distributor_meta":false,"distributor_terms":false,"distributor_media":false,"distributor_original_site_name":"Horten H\u00f8yre","distributor_original_site_url":"https:\/\/hoyre.no\/horten","push-errors":false,"_links":{"self":[{"href":"https:\/\/hoyre.no\/horten\/wp-json\/wp\/v2\/pages\/244","targetHints":{"allow":["GET"]}}],"collection":[{"href":"https:\/\/hoyre.no\/horten\/wp-json\/wp\/v2\/pages"}],"about":[{"href":"https:\/\/hoyre.no\/horten\/wp-json\/wp\/v2\/types\/page"}],"author":[{"embeddable":true,"href":"https:\/\/hoyre.no\/horten\/wp-json\/wp\/v2\/users\/41227"}],"replies":[{"embeddable":true,"href":"https:\/\/hoyre.no\/horten\/wp-json\/wp\/v2\/comments?post=244"}],"version-history":[{"count":8,"href":"https:\/\/hoyre.no\/horten\/wp-json\/wp\/v2\/pages\/244\/revisions"}],"predecessor-version":[{"id":979,"href":"https:\/\/hoyre.no\/horten\/wp-json\/wp\/v2\/pages\/244\/revisions\/979"}],"up":[{"embeddable":true,"href":"https:\/\/hoyre.no\/horten\/wp-json\/wp\/v2\/pages\/236"}],"wp:attachment":[{"href":"https:\/\/hoyre.no\/horten\/wp-json\/wp\/v2\/media?parent=244"}],"curies":[{"name":"wp","href":"https:\/\/api.w.org\/{rel}","templated":true}]}}