{"id":251,"date":"2023-05-01T16:48:23","date_gmt":"2023-05-01T14:48:23","guid":{"rendered":"https:\/\/hoyre.no\/horten\/?page_id=251"},"modified":"2023-05-01T17:14:40","modified_gmt":"2023-05-01T15:14:40","slug":"251-2","status":"publish","type":"page","link":"https:\/\/hoyre.no\/horten\/program-2023-2027\/251-2\/","title":{"rendered":"Klima og milj\u00f8"},"content":{"rendered":"\n<div class=\"wp-block-hoyre-hero with-image-gradient text-color-light  has-media alignfull has-background\"><div class=\"hoyre-hero has-image\"><h1 class=\"title\">Klima og milj\u00f8<\/h1><p class=\"preamble\">Horten kommunes beliggenhet langs Oslofjorden betyr at kommunen har et s\u00e6rlig ansvar for \u00e5 forhindre forurensing som skader fjordens marine milj\u00f8<\/p>\t\t\t<div class=\"post-meta wp-block teft-byline-wrapper\">\n\t\t\t\t<div class=\"top\">\n\t\t\t\t\t<div class=\"signature\">\n\t\t\t\t\t\t<div class=\"teft-byline\">\n\t\t\t\t\t\t\t\t\t\t\t\t\t\t<div>\n\t\t\t\t\t\t\t\t<h3>H\u00f8yres redaksjon<\/h3>\t\t\t\t\t\t\t\t\n\t\t\t\t\t\t\t\t\t\t\t\t\t\t\t\t\t<span class=\"date\">Sist oppdatert: 1. mai 2023<\/span>\n\t\t\t\t\t\t\t\t\t\t\t\t\t\t\t\t\t\t\t\t\t\t\t\t\t<span class=\"reading-time\" itemprop=\"timeRequired\" content=\"PT2M\"><em>Ca. 2 minutter lesetid<\/em><\/span>\n\t\t\t\t\t\t\t\t\t\t\t\t\t\t\t<\/div>\n\t\t\t\t\t\t<\/div>\n\t\t\t\t\t<\/div>\n\t\t\t\t\t\t<div class=\"sharing\">\n\t\t<a class=\"share-button share-link copy-link\" data-copy=\"https:\/\/hoyre.no\/horten\/program-2023-2027\/251-2\/\" target=\"_blank\"><span class=\"screen-reader-text\">Del link<\/span><\/a>\n\t\t<a class=\"share-button share-twitter\" href=\"http:\/\/twitter.com\/share?text=Klima og milj\u00f8&#038;url=https:\/\/hoyre.no\/horten\/program-2023-2027\/251-2\/&#038;hashtags=Hoyre\" target=\"_blank\"><span class=\"screen-reader-text\">Del p\u00e5 twitter<\/span><\/a>\n\t\t<a class=\"share-button share-facebook\" href=\"https:\/\/www.facebook.com\/sharer\/sharer.php?u=https:\/\/hoyre.no\/horten\/program-2023-2027\/251-2\/\" target=\"_blank\"><span class=\"screen-reader-text\">Del p\u00e5 facebook<\/span><\/a>\n\t<\/div>\n\t\t\t\t\t<\/div>\n\t\t\t<\/div>\n\n\t\t\t<figure class=\"hoyre-image-wrapper\"><div class=\"hoyre-image\"><img loading=\"lazy\" decoding=\"async\" width=\"2500\" height=\"1875\" src=\"https:\/\/hoyre.no\/content\/uploads\/sites\/368\/2023\/05\/P1010075-scaled.jpg\" class=\"attachment-scaled size-scaled\" alt=\"\u00c5sg\u00e5rdstrand sm\u00e5b\u00e5thavn\" style=\"object-position: 50% 50%\" srcset=\"https:\/\/hoyre.no\/content\/uploads\/sites\/368\/2023\/05\/P1010075-scaled.jpg 2500w, https:\/\/hoyre.no\/content\/uploads\/sites\/368\/2023\/05\/P1010075-300x225.jpg 300w, https:\/\/hoyre.no\/content\/uploads\/sites\/368\/2023\/05\/P1010075-1024x768.jpg 1024w, https:\/\/hoyre.no\/content\/uploads\/sites\/368\/2023\/05\/P1010075-768x576.jpg 768w, https:\/\/hoyre.no\/content\/uploads\/sites\/368\/2023\/05\/P1010075-1536x1152.jpg 1536w, https:\/\/hoyre.no\/content\/uploads\/sites\/368\/2023\/05\/P1010075-2048x1536.jpg 2048w\" sizes=\"auto, (max-width: 2500px) 100vw, 2500px\" \/><\/div><\/figure><\/div><\/div>\n\n\n\n\n<p>Horten kommunes beliggenhet langs Oslofjorden betyr at kommunen har et s\u00e6rlig ansvar for \u00e5 forhindre forurensing som skader fjordens marine milj\u00f8. Sammen med de verdensledende kompetansemilj\u00f8ene som finnes i kommunen og sentrale forskningsmilj\u00f8er skal Horten kommune ta en lederrolle for prosjekt Ren Oslofjord.<\/p>\n\n\n\n<p>Klima og milj\u00f8 er den st\u00f8rste utfordringen verden st\u00e5r overfor. Dette gjelder ogs\u00e5 i Horten. Selv om utslippene fra industri og trafikk i Horten er relativt sm\u00e5, m\u00e5 vi prioritere \u00e5 bli enda bedre p\u00e5 dette feltet. I kommunen v\u00e5r utvikles det mye teknologi som hjelper verden \u00e5 bli et bedre sted. Denne industrien er viktig, og vi skal legge til rette for at denne kan utvikle seg videre.<\/p>\n\n\n\n<p><strong>Horten H\u00f8yre vil:<\/strong><\/p>\n\n\n\n<ul class=\"wp-block-list\"><li>tilrettelegge natur- og rekreasjonsomr\u00e5der for universell utforming<\/li><li>aktivt markedsf\u00f8re og bidra til \u00e5 rekruttere til gr\u00f8nne og nyskapende n\u00e6ringer<\/li><li>bidra til at alle kommunens kj\u00f8ret\u00f8y blir kliman\u00f8ytrale<\/li><li>ha interkommunalt samarbeid for \u00e5 redusere milj\u00f8skadelige utslipp til Oslofjorden og gjenskape det marine liv i fjorden<\/li><li>sikre at milj\u00f8 inng\u00e5r blant de prioriterte kravspesifikasjonene i offentlige anskaffelser<\/li><li>sikre at kommunen tilfredsstiller FNs b\u00e6rekraftsm\u00e5l<\/li><li>jobbe for flere boligprosjekter i kommunen tilsvarende milj\u00f8landsbyen p\u00e5 Skoppum<\/li><li>etablere et sammenhengende sykkelveinett i hele kommunen<\/li><li>etablere sykkelvei fra Nykirke til Horten i samarbeid med fylkeskommunen og Statens Vegvesen<\/li><li>bygge ny vei fra RV19 via Glenne-undergangen til USN i samarbeid med fylkeskommunen og Statens Vegvesen<\/li><li>forlenge milj\u00f8tunnelen p\u00e5 RV19<\/li><li>samarbeide med fylkeskommunen for \u00e5 bedre adkomsten til Karljohansvern<\/li><\/ul>\n\n\n\n<p><\/p>\n\n\n\n<h2 class=\"wp-block-heading\">Se Natalies tale om Ren Oslofjord p\u00e5 H\u00f8yres Landsm\u00f8te 2023<\/h2>\n\n\n\n<figure class=\"wp-block-embed is-type-video is-provider-youtube wp-block-embed-youtube wp-embed-aspect-16-9 wp-has-aspect-ratio\"><div class=\"wp-block-embed__wrapper\">\n<iframe loading=\"lazy\" title=\"Natalie Hermanstads tale om Ren Oslofjord p\u00e5 H\u00f8yres landsm\u00f8te 2023\" width=\"500\" height=\"281\" src=\"https:\/\/www.youtube.com\/embed\/ika9MKE-DRs?feature=oembed\" frameborder=\"0\" allow=\"accelerometer; autoplay; clipboard-write; encrypted-media; gyroscope; picture-in-picture; web-share\" referrerpolicy=\"strict-origin-when-cross-origin\" allowfullscreen><\/iframe>\n<\/div><\/figure>\n\n","protected":false},"excerpt":{"rendered":"","protected":false},"author":41227,"featured_media":0,"parent":236,"menu_order":2,"comment_status":"closed","ping_status":"closed","template":"","meta":{"teft_cards_image_url":"","teft_cards_custom_pretitle":"","teft_cards_image_id":231,"teft_cards_image_focal_point_x":0.54,"teft_cards_image_focal_point_y":0.05,"teft_cards_title":"","teft_cards_excerpt":"","teft_show_chapters":false,"footnotes":""},"class_list":["post-251","page","type-page","status-publish","hentry"],"yoast_head":"<!-- This site is optimized with the Yoast SEO plugin v26.6 - https:\/\/yoast.com\/wordpress\/plugins\/seo\/ -->\n<title>Klima og milj\u00f8 - Horten H\u00f8yre<\/title>\n<meta name=\"robots\" content=\"index, follow, max-snippet:-1, max-image-preview:large, max-video-preview:-1\" \/>\n<link rel=\"canonical\" href=\"https:\/\/hoyre.no\/horten\/program-2023-2027\/251-2\/\" \/>\n<meta property=\"og:locale\" content=\"nb_NO\" \/>\n<meta property=\"og:type\" content=\"article\" \/>\n<meta property=\"og:title\" content=\"Klima og milj\u00f8 - Horten H\u00f8yre\" \/>\n<meta property=\"og:url\" content=\"https:\/\/hoyre.no\/horten\/program-2023-2027\/251-2\/\" \/>\n<meta property=\"og:site_name\" content=\"Horten H\u00f8yre\" \/>\n<meta property=\"article:modified_time\" content=\"2023-05-01T15:14:40+00:00\" \/>\n<meta property=\"og:image\" content=\"https:\/\/hoyre.no\/content\/uploads\/sites\/368\/2023\/05\/P1010075-1024x768.jpg\" \/>\n<meta name=\"twitter:card\" content=\"summary_large_image\" \/>\n<meta name=\"twitter:label1\" content=\"Ansl. lesetid\" \/>\n\t<meta name=\"twitter:data1\" content=\"2 minutter\" \/>\n<script type=\"application\/ld+json\" class=\"yoast-schema-graph\">{\"@context\":\"https:\/\/schema.org\",\"@graph\":[{\"@type\":\"WebPage\",\"@id\":\"https:\/\/hoyre.no\/horten\/program-2023-2027\/251-2\/\",\"url\":\"https:\/\/hoyre.no\/horten\/program-2023-2027\/251-2\/\",\"name\":\"Klima og milj\u00f8 - Horten H\u00f8yre\",\"isPartOf\":{\"@id\":\"https:\/\/hoyre.no\/horten\/#website\"},\"datePublished\":\"2023-05-01T14:48:23+00:00\",\"dateModified\":\"2023-05-01T15:14:40+00:00\",\"breadcrumb\":{\"@id\":\"https:\/\/hoyre.no\/horten\/program-2023-2027\/251-2\/#breadcrumb\"},\"inLanguage\":\"nb-NO\",\"potentialAction\":[{\"@type\":\"ReadAction\",\"target\":[\"https:\/\/hoyre.no\/horten\/program-2023-2027\/251-2\/\"]}]},{\"@type\":\"BreadcrumbList\",\"@id\":\"https:\/\/hoyre.no\/horten\/program-2023-2027\/251-2\/#breadcrumb\",\"itemListElement\":[{\"@type\":\"ListItem\",\"position\":1,\"name\":\"Til hoyre.no\",\"item\":\"https:\/\/hoyre.no\"},{\"@type\":\"ListItem\",\"position\":2,\"name\":\"Hjem\",\"item\":\"https:\/\/hoyre.no\/horten\/\"},{\"@type\":\"ListItem\",\"position\":3,\"name\":\"Program 2023-2027\",\"item\":\"https:\/\/hoyre.no\/horten\/program-2023-2027\/\"},{\"@type\":\"ListItem\",\"position\":4,\"name\":\"Klima og milj\u00f8\"}]},{\"@type\":\"WebSite\",\"@id\":\"https:\/\/hoyre.no\/horten\/#website\",\"url\":\"https:\/\/hoyre.no\/horten\/\",\"name\":\"Horten H\u00f8yre\",\"description\":\"Bare enda et H\u00f8yres nettsteder-nettsted\",\"inLanguage\":\"nb-NO\"}]}<\/script>\n<!-- \/ Yoast SEO plugin. -->","yoast_head_json":{"title":"Klima og milj\u00f8 - Horten H\u00f8yre","robots":{"index":"index","follow":"follow","max-snippet":"max-snippet:-1","max-image-preview":"max-image-preview:large","max-video-preview":"max-video-preview:-1"},"canonical":"https:\/\/hoyre.no\/horten\/program-2023-2027\/251-2\/","og_locale":"nb_NO","og_type":"article","og_title":"Klima og milj\u00f8 - Horten H\u00f8yre","og_url":"https:\/\/hoyre.no\/horten\/program-2023-2027\/251-2\/","og_site_name":"Horten H\u00f8yre","article_modified_time":"2023-05-01T15:14:40+00:00","og_image":[{"url":"https:\/\/hoyre.no\/content\/uploads\/sites\/368\/2023\/05\/P1010075-1024x768.jpg","width":"","height":"","type":""}],"twitter_card":"summary_large_image","twitter_misc":{"Ansl. lesetid":"2 minutter"},"schema":{"@context":"https:\/\/schema.org","@graph":[{"@type":"WebPage","@id":"https:\/\/hoyre.no\/horten\/program-2023-2027\/251-2\/","url":"https:\/\/hoyre.no\/horten\/program-2023-2027\/251-2\/","name":"Klima og milj\u00f8 - Horten H\u00f8yre","isPartOf":{"@id":"https:\/\/hoyre.no\/horten\/#website"},"datePublished":"2023-05-01T14:48:23+00:00","dateModified":"2023-05-01T15:14:40+00:00","breadcrumb":{"@id":"https:\/\/hoyre.no\/horten\/program-2023-2027\/251-2\/#breadcrumb"},"inLanguage":"nb-NO","potentialAction":[{"@type":"ReadAction","target":["https:\/\/hoyre.no\/horten\/program-2023-2027\/251-2\/"]}]},{"@type":"BreadcrumbList","@id":"https:\/\/hoyre.no\/horten\/program-2023-2027\/251-2\/#breadcrumb","itemListElement":[{"@type":"ListItem","position":1,"name":"Til hoyre.no","item":"https:\/\/hoyre.no"},{"@type":"ListItem","position":2,"name":"Hjem","item":"https:\/\/hoyre.no\/horten\/"},{"@type":"ListItem","position":3,"name":"Program 2023-2027","item":"https:\/\/hoyre.no\/horten\/program-2023-2027\/"},{"@type":"ListItem","position":4,"name":"Klima og milj\u00f8"}]},{"@type":"WebSite","@id":"https:\/\/hoyre.no\/horten\/#website","url":"https:\/\/hoyre.no\/horten\/","name":"Horten H\u00f8yre","description":"Bare enda et H\u00f8yres nettsteder-nettsted","inLanguage":"nb-NO"}]}},"distributor_meta":false,"distributor_terms":false,"distributor_media":false,"distributor_original_site_name":"Horten H\u00f8yre","distributor_original_site_url":"https:\/\/hoyre.no\/horten","push-errors":false,"_links":{"self":[{"href":"https:\/\/hoyre.no\/horten\/wp-json\/wp\/v2\/pages\/251","targetHints":{"allow":["GET"]}}],"collection":[{"href":"https:\/\/hoyre.no\/horten\/wp-json\/wp\/v2\/pages"}],"about":[{"href":"https:\/\/hoyre.no\/horten\/wp-json\/wp\/v2\/types\/page"}],"author":[{"embeddable":true,"href":"https:\/\/hoyre.no\/horten\/wp-json\/wp\/v2\/users\/41227"}],"replies":[{"embeddable":true,"href":"https:\/\/hoyre.no\/horten\/wp-json\/wp\/v2\/comments?post=251"}],"version-history":[{"count":2,"href":"https:\/\/hoyre.no\/horten\/wp-json\/wp\/v2\/pages\/251\/revisions"}],"predecessor-version":[{"id":253,"href":"https:\/\/hoyre.no\/horten\/wp-json\/wp\/v2\/pages\/251\/revisions\/253"}],"up":[{"embeddable":true,"href":"https:\/\/hoyre.no\/horten\/wp-json\/wp\/v2\/pages\/236"}],"wp:attachment":[{"href":"https:\/\/hoyre.no\/horten\/wp-json\/wp\/v2\/media?parent=251"}],"curies":[{"name":"wp","href":"https:\/\/api.w.org\/{rel}","templated":true}]}}