{"id":254,"date":"2023-05-01T16:53:05","date_gmt":"2023-05-01T14:53:05","guid":{"rendered":"https:\/\/hoyre.no\/horten\/?page_id=254"},"modified":"2023-05-01T17:14:18","modified_gmt":"2023-05-01T15:14:18","slug":"254-2","status":"publish","type":"page","link":"https:\/\/hoyre.no\/horten\/program-2023-2027\/254-2\/","title":{"rendered":"Skole og oppvekst"},"content":{"rendered":"\n<div class=\"wp-block-hoyre-hero with-image-gradient text-color-light  has-media alignfull has-background\"><div class=\"hoyre-hero has-image\"><h1 class=\"title\">En skole med muligheter for alle<\/h1><p class=\"preamble\">Barnehagen og skolen er de viktigste l\u00e6ringsarenaene for barn og unge. Der skal de oppleve mestring, motivasjon og glede.<\/p>\t\t\t<div class=\"post-meta wp-block teft-byline-wrapper\">\n\t\t\t\t<div class=\"top\">\n\t\t\t\t\t<div class=\"signature\">\n\t\t\t\t\t\t<div class=\"teft-byline\">\n\t\t\t\t\t\t\t\t\t\t\t\t\t\t<div>\n\t\t\t\t\t\t\t\t<h3>H\u00f8yres redaksjon<\/h3>\t\t\t\t\t\t\t\t\n\t\t\t\t\t\t\t\t\t\t\t\t\t\t\t\t\t<span class=\"date\">Sist oppdatert: 1. mai 2023<\/span>\n\t\t\t\t\t\t\t\t\t\t\t\t\t\t\t\t\t\t\t\t\t\t\t\t\t<span class=\"reading-time\" itemprop=\"timeRequired\" content=\"PT2M\"><em>Ca. 2 minutter lesetid<\/em><\/span>\n\t\t\t\t\t\t\t\t\t\t\t\t\t\t\t<\/div>\n\t\t\t\t\t\t<\/div>\n\t\t\t\t\t<\/div>\n\t\t\t\t\t\t<div class=\"sharing\">\n\t\t<a class=\"share-button share-link copy-link\" data-copy=\"https:\/\/hoyre.no\/horten\/program-2023-2027\/254-2\/\" target=\"_blank\"><span class=\"screen-reader-text\">Del link<\/span><\/a>\n\t\t<a class=\"share-button share-twitter\" href=\"http:\/\/twitter.com\/share?text=Skole og oppvekst&#038;url=https:\/\/hoyre.no\/horten\/program-2023-2027\/254-2\/&#038;hashtags=Hoyre\" target=\"_blank\"><span class=\"screen-reader-text\">Del p\u00e5 twitter<\/span><\/a>\n\t\t<a class=\"share-button share-facebook\" href=\"https:\/\/www.facebook.com\/sharer\/sharer.php?u=https:\/\/hoyre.no\/horten\/program-2023-2027\/254-2\/\" target=\"_blank\"><span class=\"screen-reader-text\">Del p\u00e5 facebook<\/span><\/a>\n\t<\/div>\n\t\t\t\t\t<\/div>\n\t\t\t<\/div>\n\n\t\t\t<figure class=\"hoyre-image-wrapper\"><div class=\"hoyre-image\"><img loading=\"lazy\" decoding=\"async\" width=\"1732\" height=\"1155\" src=\"https:\/\/hoyre.no\/content\/uploads\/sites\/368\/2020\/11\/hh-skole-barn-2016.jpg\" class=\"attachment-scaled size-scaled\" alt=\"Skolebarn\" style=\"object-position: 60% 32%\" srcset=\"https:\/\/hoyre.no\/content\/uploads\/sites\/368\/2020\/11\/hh-skole-barn-2016.jpg 1732w, https:\/\/hoyre.no\/content\/uploads\/sites\/368\/2020\/11\/hh-skole-barn-2016-300x200.jpg 300w, https:\/\/hoyre.no\/content\/uploads\/sites\/368\/2020\/11\/hh-skole-barn-2016-1024x683.jpg 1024w, https:\/\/hoyre.no\/content\/uploads\/sites\/368\/2020\/11\/hh-skole-barn-2016-768x512.jpg 768w, https:\/\/hoyre.no\/content\/uploads\/sites\/368\/2020\/11\/hh-skole-barn-2016-1536x1024.jpg 1536w\" sizes=\"auto, (max-width: 1732px) 100vw, 1732px\" \/><\/div><\/figure><\/div><\/div>\n\n\n\n\n<p>Dessverre opplever mange barn og unge i Horten kommune at de ikke f\u00e5r nok faglige utfordringer og n\u00f8dvendig oppl\u00e6ring. Samtidig ser vi at overgangene mellom barne-, ungdom-, og videreg\u00e5ende skole ikke er smidige nok.<\/p>\n\n\n\n<p>Frav\u00e6ret i Hortenskolen \u00f8ker, og Horten H\u00f8yre skal derfor jobbe m\u00e5lrettet for \u00e5 redusere frav\u00e6ret. Det er flere \u00e5rsaker som kan ligge til grunn, som manglende motivasjon og utfordringer med psykisk helse. Horten ligger over landsgjennomsnittet for d\u00e5rlig psykisk helse. I tillegg \u00f8ker rusbruken blant unge. Ingen elever er like, og Hortenskolen m\u00e5 tilrettelegge for ulike behov.<\/p>\n\n\n\n<p>Barnehagene er viktige i dagens samfunn. Den forbereder og motiverer barn til l\u00e6ring. Samtidig gir barnehagene familiene mulighet for \u00e5 v\u00e6re i inntektsgivende arbeid. For mange som arbeider i skift- eller turnusordninger oppleves allikevel tilbudet ikke tilfredsstillende, fordi barnehagene kun er \u00e5pne i normalarbeidstiden. Horten H\u00f8yre \u00f8nsker derfor at det i kommunen finnes et barnehagetilbud som er tilpasset de som ikke arbeider innenfor normalarbeidstiden.&nbsp;<\/p>\n\n\n\n<p><strong>Horten H\u00f8yre vil:<\/strong><\/p>\n\n\n\n<ul class=\"wp-block-list\"><li>innf\u00f8re fritidskortet slik at barn og unge f\u00e5r mulighet til \u00e5 delta p\u00e5 fritidstilbud uavhengig av foreldrenes \u00f8konomi<\/li><li>styrke arbeidet for en mobbe-, diskriminerings- og trakasseringsfri skolehverdag<\/li><li>forebygge utenforskap, rus og psykisk helse blant ungdom ved \u00e5 etablere en opps\u00f8kende tjeneste<\/li><li>styrke norskoppl\u00e6ringen<\/li><li>forsterke r\u00e5dgiverkompetansen og beholde l\u00e6rerspesialister<\/li><li>forbedre tilbudet for etter- og videreutdanning av l\u00e6rere<\/li><li>innf\u00f8re anonym retting av tentamen<\/li><li>styrke arbeidet med grensesetting, kj\u00f8nn, kropp og seksualitet i skolen<\/li><li>gjeninnf\u00f8re vaktmestertjenesten i Hortenskolen<\/li><li>styrke sv\u00f8mmeoppl\u00e6ringen, gjerne i samarbeid med frivilligheten<\/li><li>sikre at frivilligheten opplever kommunen som en god samarbeidspartner<\/li><li>at det f\u00f8rste \u00e5ret i grunnskolen skal v\u00e6re skjermfri<\/li><\/ul>\n\n\n\n<h3 class=\"wp-block-heading\">Tidlig innsats i barnehagen<\/h3>\n\n\n\n<p>L\u00e6ring og lek i barnehagen danner grunnlaget for at barna lykkes i skolen. Tidlig innsats er en n\u00f8kkel til senere mestring og \u00f8kt l\u00e6ringsutbytte for alle elever.<\/p>\n\n\n\n<p><strong>Horten H\u00f8yre vil:<\/strong><\/p>\n\n\n\n<ul class=\"wp-block-list\"><li>etablere tilbud med utvidet \u00e5pningstid i en barnehage<\/li><li>innf\u00f8re rullerende barnehageopptak<\/li><\/ul>\n\n\n\n<h3 class=\"wp-block-heading\">Barnevern<\/h3>\n\n\n\n<p>Barnevernet har en sv\u00e6rt viktig oppgave i \u00e5 ivareta barns trygghet og beskytte mot vold, overgrep og omsorgssvikt. Barnevernet skal v\u00e6re en ressurs og st\u00f8ttespiller for barna og deres familie, og kontakten mellom barnevernet og familien m\u00e5 bygge p\u00e5 gjensidig tillit.<\/p>\n\n\n\n<p><strong>Horten H\u00f8yre vil:<\/strong><\/p>\n\n\n\n<ul class=\"wp-block-list\"><li>styrke barnevernstjenesten<\/li><li>sikre tilstrekkelig antall fosterfamilier<\/li><li>gi ansatte i barnevernstjenesten etterutdanning for \u00e5 sikre oppdatert kompetanse<\/li><\/ul>\n\n","protected":false},"excerpt":{"rendered":"","protected":false},"author":41227,"featured_media":0,"parent":236,"menu_order":1,"comment_status":"closed","ping_status":"closed","template":"","meta":{"teft_cards_image_url":"","teft_cards_custom_pretitle":"","teft_cards_image_id":46,"teft_cards_image_focal_point_x":0.57,"teft_cards_image_focal_point_y":0.39,"teft_cards_title":"","teft_cards_excerpt":"","teft_show_chapters":false,"footnotes":""},"class_list":["post-254","page","type-page","status-publish","hentry"],"yoast_head":"<!-- This site is optimized with the Yoast SEO plugin v26.6 - https:\/\/yoast.com\/wordpress\/plugins\/seo\/ -->\n<title>Skole og oppvekst - Horten H\u00f8yre<\/title>\n<meta name=\"robots\" content=\"index, follow, max-snippet:-1, max-image-preview:large, max-video-preview:-1\" \/>\n<link rel=\"canonical\" href=\"https:\/\/hoyre.no\/horten\/program-2023-2027\/254-2\/\" \/>\n<meta property=\"og:locale\" content=\"nb_NO\" \/>\n<meta property=\"og:type\" content=\"article\" \/>\n<meta property=\"og:title\" content=\"Skole og oppvekst - Horten H\u00f8yre\" \/>\n<meta property=\"og:url\" content=\"https:\/\/hoyre.no\/horten\/program-2023-2027\/254-2\/\" \/>\n<meta property=\"og:site_name\" content=\"Horten H\u00f8yre\" \/>\n<meta property=\"article:modified_time\" content=\"2023-05-01T15:14:18+00:00\" \/>\n<meta property=\"og:image\" content=\"https:\/\/hoyre.no\/content\/uploads\/sites\/368\/2020\/11\/hh-skole-barn-2016-1024x683.jpg\" \/>\n<meta name=\"twitter:card\" content=\"summary_large_image\" \/>\n<meta name=\"twitter:label1\" content=\"Ansl. lesetid\" \/>\n\t<meta name=\"twitter:data1\" content=\"3 minutter\" \/>\n<script type=\"application\/ld+json\" class=\"yoast-schema-graph\">{\"@context\":\"https:\/\/schema.org\",\"@graph\":[{\"@type\":\"WebPage\",\"@id\":\"https:\/\/hoyre.no\/horten\/program-2023-2027\/254-2\/\",\"url\":\"https:\/\/hoyre.no\/horten\/program-2023-2027\/254-2\/\",\"name\":\"Skole og oppvekst - Horten H\u00f8yre\",\"isPartOf\":{\"@id\":\"https:\/\/hoyre.no\/horten\/#website\"},\"datePublished\":\"2023-05-01T14:53:05+00:00\",\"dateModified\":\"2023-05-01T15:14:18+00:00\",\"breadcrumb\":{\"@id\":\"https:\/\/hoyre.no\/horten\/program-2023-2027\/254-2\/#breadcrumb\"},\"inLanguage\":\"nb-NO\",\"potentialAction\":[{\"@type\":\"ReadAction\",\"target\":[\"https:\/\/hoyre.no\/horten\/program-2023-2027\/254-2\/\"]}]},{\"@type\":\"BreadcrumbList\",\"@id\":\"https:\/\/hoyre.no\/horten\/program-2023-2027\/254-2\/#breadcrumb\",\"itemListElement\":[{\"@type\":\"ListItem\",\"position\":1,\"name\":\"Til hoyre.no\",\"item\":\"https:\/\/hoyre.no\"},{\"@type\":\"ListItem\",\"position\":2,\"name\":\"Hjem\",\"item\":\"https:\/\/hoyre.no\/horten\/\"},{\"@type\":\"ListItem\",\"position\":3,\"name\":\"Program 2023-2027\",\"item\":\"https:\/\/hoyre.no\/horten\/program-2023-2027\/\"},{\"@type\":\"ListItem\",\"position\":4,\"name\":\"Skole og oppvekst\"}]},{\"@type\":\"WebSite\",\"@id\":\"https:\/\/hoyre.no\/horten\/#website\",\"url\":\"https:\/\/hoyre.no\/horten\/\",\"name\":\"Horten H\u00f8yre\",\"description\":\"Bare enda et H\u00f8yres nettsteder-nettsted\",\"inLanguage\":\"nb-NO\"}]}<\/script>\n<!-- \/ Yoast SEO plugin. -->","yoast_head_json":{"title":"Skole og oppvekst - Horten H\u00f8yre","robots":{"index":"index","follow":"follow","max-snippet":"max-snippet:-1","max-image-preview":"max-image-preview:large","max-video-preview":"max-video-preview:-1"},"canonical":"https:\/\/hoyre.no\/horten\/program-2023-2027\/254-2\/","og_locale":"nb_NO","og_type":"article","og_title":"Skole og oppvekst - Horten H\u00f8yre","og_url":"https:\/\/hoyre.no\/horten\/program-2023-2027\/254-2\/","og_site_name":"Horten H\u00f8yre","article_modified_time":"2023-05-01T15:14:18+00:00","og_image":[{"url":"https:\/\/hoyre.no\/content\/uploads\/sites\/368\/2020\/11\/hh-skole-barn-2016-1024x683.jpg","width":"","height":"","type":""}],"twitter_card":"summary_large_image","twitter_misc":{"Ansl. lesetid":"3 minutter"},"schema":{"@context":"https:\/\/schema.org","@graph":[{"@type":"WebPage","@id":"https:\/\/hoyre.no\/horten\/program-2023-2027\/254-2\/","url":"https:\/\/hoyre.no\/horten\/program-2023-2027\/254-2\/","name":"Skole og oppvekst - Horten H\u00f8yre","isPartOf":{"@id":"https:\/\/hoyre.no\/horten\/#website"},"datePublished":"2023-05-01T14:53:05+00:00","dateModified":"2023-05-01T15:14:18+00:00","breadcrumb":{"@id":"https:\/\/hoyre.no\/horten\/program-2023-2027\/254-2\/#breadcrumb"},"inLanguage":"nb-NO","potentialAction":[{"@type":"ReadAction","target":["https:\/\/hoyre.no\/horten\/program-2023-2027\/254-2\/"]}]},{"@type":"BreadcrumbList","@id":"https:\/\/hoyre.no\/horten\/program-2023-2027\/254-2\/#breadcrumb","itemListElement":[{"@type":"ListItem","position":1,"name":"Til hoyre.no","item":"https:\/\/hoyre.no"},{"@type":"ListItem","position":2,"name":"Hjem","item":"https:\/\/hoyre.no\/horten\/"},{"@type":"ListItem","position":3,"name":"Program 2023-2027","item":"https:\/\/hoyre.no\/horten\/program-2023-2027\/"},{"@type":"ListItem","position":4,"name":"Skole og oppvekst"}]},{"@type":"WebSite","@id":"https:\/\/hoyre.no\/horten\/#website","url":"https:\/\/hoyre.no\/horten\/","name":"Horten H\u00f8yre","description":"Bare enda et H\u00f8yres nettsteder-nettsted","inLanguage":"nb-NO"}]}},"distributor_meta":false,"distributor_terms":false,"distributor_media":false,"distributor_original_site_name":"Horten H\u00f8yre","distributor_original_site_url":"https:\/\/hoyre.no\/horten","push-errors":false,"_links":{"self":[{"href":"https:\/\/hoyre.no\/horten\/wp-json\/wp\/v2\/pages\/254","targetHints":{"allow":["GET"]}}],"collection":[{"href":"https:\/\/hoyre.no\/horten\/wp-json\/wp\/v2\/pages"}],"about":[{"href":"https:\/\/hoyre.no\/horten\/wp-json\/wp\/v2\/types\/page"}],"author":[{"embeddable":true,"href":"https:\/\/hoyre.no\/horten\/wp-json\/wp\/v2\/users\/41227"}],"replies":[{"embeddable":true,"href":"https:\/\/hoyre.no\/horten\/wp-json\/wp\/v2\/comments?post=254"}],"version-history":[{"count":3,"href":"https:\/\/hoyre.no\/horten\/wp-json\/wp\/v2\/pages\/254\/revisions"}],"predecessor-version":[{"id":266,"href":"https:\/\/hoyre.no\/horten\/wp-json\/wp\/v2\/pages\/254\/revisions\/266"}],"up":[{"embeddable":true,"href":"https:\/\/hoyre.no\/horten\/wp-json\/wp\/v2\/pages\/236"}],"wp:attachment":[{"href":"https:\/\/hoyre.no\/horten\/wp-json\/wp\/v2\/media?parent=254"}],"curies":[{"name":"wp","href":"https:\/\/api.w.org\/{rel}","templated":true}]}}