{"id":257,"date":"2023-05-01T16:58:58","date_gmt":"2023-05-01T14:58:58","guid":{"rendered":"https:\/\/hoyre.no\/horten\/?page_id=257"},"modified":"2023-05-01T17:13:21","modified_gmt":"2023-05-01T15:13:21","slug":"helse-og-omsorg","status":"publish","type":"page","link":"https:\/\/hoyre.no\/horten\/program-2023-2027\/helse-og-omsorg\/","title":{"rendered":"Helse og omsorg"},"content":{"rendered":"\n<div class=\"wp-block-hoyre-hero with-image-gradient text-color-light  has-media alignfull has-background\"><div class=\"hoyre-hero has-image\"><h1 class=\"title\">Et sunt helsevesen<\/h1><p class=\"preamble\">Godt folkehelsearbeid og samarbeid med frivilligheten i kommunen er effektive helsefremmende tiltak, og vil bli enda viktigere i fremtiden.<\/p>\t\t\t<div class=\"post-meta wp-block teft-byline-wrapper\">\n\t\t\t\t<div class=\"top\">\n\t\t\t\t\t<div class=\"signature\">\n\t\t\t\t\t\t<div class=\"teft-byline\">\n\t\t\t\t\t\t\t\t\t\t\t\t\t\t<div>\n\t\t\t\t\t\t\t\t<h3>H\u00f8yres redaksjon<\/h3>\t\t\t\t\t\t\t\t\n\t\t\t\t\t\t\t\t\t\t\t\t\t\t\t\t\t<span class=\"date\">Sist oppdatert: 1. mai 2023<\/span>\n\t\t\t\t\t\t\t\t\t\t\t\t\t\t\t\t\t\t\t\t\t\t\t\t\t<span class=\"reading-time\" itemprop=\"timeRequired\" content=\"PT2M\"><em>Ca. 2 minutter lesetid<\/em><\/span>\n\t\t\t\t\t\t\t\t\t\t\t\t\t\t\t<\/div>\n\t\t\t\t\t\t<\/div>\n\t\t\t\t\t<\/div>\n\t\t\t\t\t\t<div class=\"sharing\">\n\t\t<a class=\"share-button share-link copy-link\" data-copy=\"https:\/\/hoyre.no\/horten\/program-2023-2027\/helse-og-omsorg\/\" target=\"_blank\"><span class=\"screen-reader-text\">Del link<\/span><\/a>\n\t\t<a class=\"share-button share-twitter\" href=\"http:\/\/twitter.com\/share?text=Helse og omsorg&#038;url=https:\/\/hoyre.no\/horten\/program-2023-2027\/helse-og-omsorg\/&#038;hashtags=Hoyre\" target=\"_blank\"><span class=\"screen-reader-text\">Del p\u00e5 twitter<\/span><\/a>\n\t\t<a class=\"share-button share-facebook\" href=\"https:\/\/www.facebook.com\/sharer\/sharer.php?u=https:\/\/hoyre.no\/horten\/program-2023-2027\/helse-og-omsorg\/\" target=\"_blank\"><span class=\"screen-reader-text\">Del p\u00e5 facebook<\/span><\/a>\n\t<\/div>\n\t\t\t\t\t<\/div>\n\t\t\t<\/div>\n\n\t\t\t<figure class=\"hoyre-image-wrapper\"><div class=\"hoyre-image\"><img loading=\"lazy\" decoding=\"async\" width=\"1451\" height=\"583\" src=\"https:\/\/hoyre.no\/content\/uploads\/sites\/368\/2023\/05\/helse-og-omsorg.jpg\" class=\"attachment-scaled size-scaled\" alt=\"En glad alderdom\" style=\"object-position: 37% 31%\" srcset=\"https:\/\/hoyre.no\/content\/uploads\/sites\/368\/2023\/05\/helse-og-omsorg.jpg 1451w, https:\/\/hoyre.no\/content\/uploads\/sites\/368\/2023\/05\/helse-og-omsorg-300x121.jpg 300w, https:\/\/hoyre.no\/content\/uploads\/sites\/368\/2023\/05\/helse-og-omsorg-1024x411.jpg 1024w, https:\/\/hoyre.no\/content\/uploads\/sites\/368\/2023\/05\/helse-og-omsorg-768x309.jpg 768w\" sizes=\"auto, (max-width: 1451px) 100vw, 1451px\" \/><\/div><\/figure><\/div><\/div>\n\n\n\n\n<p>Vi opplever at stadig flere sliter med d\u00e5rlig psykisk helse. Vi m\u00e5 vi s\u00f8rge for at vi har et robust kommunalt helsevesen som kan ivareta alle de ulike utfordringene.<\/p>\n\n\n\n<p>Andelen eldre i Horten kommune \u00f8ker. Alle har rett til en god og verdig alderdom. Samtidig st\u00e5r vi overfor store bemanningsutfordringer i hele helsesektoren. Kommunen m\u00e5 finne l\u00f8sninger som sikrer gode og b\u00e6rekraftige helsetjenester for eldre. Vi m\u00e5 finne l\u00f8sninger som avlaster helsetjenesten, ved at eldre som \u00f8nsker det kan bo trygt hjemme lengre og leve et sosialt og innholdsrikt liv.<\/p>\n\n\n\n<p><strong>Horten H\u00f8yre vil:<\/strong><\/p>\n\n\n\n<ul class=\"wp-block-list\"><li>legge til rette for at ett av kommunens sykehjem kan drives privat<\/li><li>tilrettelegge for samarbeid mellom offentlige og private helsetjenester<\/li><li>forhindre digitalt utenforskap<\/li><li>opprettholde en legevakttjeneste<\/li><li>styrke tilbudet innen psykisk helse<\/li><li>tilby fritt brukervalg i hjemmetjenesten<\/li><li>bygge omsorgsboliger og bokollektiver for eldre i n\u00e6rheten av der folk m\u00f8tes<\/li><li>tilby helsepersonell heltidsstillinger<\/li><li>jobbe for \u00e5 forhindre ensomhet blant eldre<\/li><li>samarbeide med frivillige organisasjoner for \u00e5 styrke arbeidet med innbyggernes fysiske helse<\/li><li>opprette en r\u00e5dgivningsfunksjon for helse- og velferdsteknologi<\/li><li>etablere et tilbud om en p\u00e5r\u00f8rendekonsulent for \u00e5 s\u00f8rge for at p\u00e5r\u00f8rende f\u00e5r n\u00f8dvendig informasjon, hjelp og veiledning<\/li><li>innf\u00f8re aktivitetskrav for arbeidsf\u00f8re mottakere av sosialhjelp<\/li><li>sikre at kommunens tilfluktsrom er operative i samarbeid med sivilforsvaret<\/li><\/ul>\n\n\n\n<h3 class=\"wp-block-heading\">Rus og psykisk helse<\/h3>\n\n\n\n<p><strong>Horten H\u00f8yre vil:<\/strong><\/p>\n\n\n\n<ul class=\"wp-block-list\"><li>samarbeide med andre kommuner om rus- og psykiatritjenester<\/li><li>jobbe mot kortere ventetid mellom henvisning og time hos psykolog<\/li><li>styrke ettervernet rundt rusfrie gjennom skole, arbeidsliv eller jobb, i samarbeid med frivillige og private<\/li><li>sikre bedre oppf\u00f8lgning blant unge som pr\u00f8ver rus, og gi bedre helsehjelp<\/li><li>opprette flere m\u00f8teplasser for rusavhengige i samarbeid med frivilligheten<\/li><\/ul>\n\n","protected":false},"excerpt":{"rendered":"","protected":false},"author":41227,"featured_media":0,"parent":236,"menu_order":0,"comment_status":"closed","ping_status":"closed","template":"","meta":{"teft_cards_image_url":"","teft_cards_custom_pretitle":"","teft_cards_image_id":258,"teft_cards_image_focal_point_x":0.4,"teft_cards_image_focal_point_y":0.31,"teft_cards_title":"","teft_cards_excerpt":"","teft_show_chapters":false,"footnotes":""},"class_list":["post-257","page","type-page","status-publish","hentry"],"yoast_head":"<!-- This site is optimized with the Yoast SEO plugin v26.6 - https:\/\/yoast.com\/wordpress\/plugins\/seo\/ -->\n<title>Helse og omsorg - Horten H\u00f8yre<\/title>\n<meta name=\"robots\" content=\"index, follow, max-snippet:-1, max-image-preview:large, max-video-preview:-1\" \/>\n<link rel=\"canonical\" href=\"https:\/\/hoyre.no\/horten\/program-2023-2027\/helse-og-omsorg\/\" \/>\n<meta property=\"og:locale\" content=\"nb_NO\" \/>\n<meta property=\"og:type\" content=\"article\" \/>\n<meta property=\"og:title\" content=\"Helse og omsorg - Horten H\u00f8yre\" \/>\n<meta property=\"og:url\" content=\"https:\/\/hoyre.no\/horten\/program-2023-2027\/helse-og-omsorg\/\" \/>\n<meta property=\"og:site_name\" content=\"Horten H\u00f8yre\" \/>\n<meta property=\"article:modified_time\" content=\"2023-05-01T15:13:21+00:00\" \/>\n<meta property=\"og:image\" content=\"https:\/\/hoyre.no\/content\/uploads\/sites\/368\/2023\/05\/helse-og-omsorg-1024x411.jpg\" \/>\n<meta name=\"twitter:card\" content=\"summary_large_image\" \/>\n<meta name=\"twitter:label1\" content=\"Ansl. lesetid\" \/>\n\t<meta name=\"twitter:data1\" content=\"2 minutter\" \/>\n<script type=\"application\/ld+json\" class=\"yoast-schema-graph\">{\"@context\":\"https:\/\/schema.org\",\"@graph\":[{\"@type\":\"WebPage\",\"@id\":\"https:\/\/hoyre.no\/horten\/program-2023-2027\/helse-og-omsorg\/\",\"url\":\"https:\/\/hoyre.no\/horten\/program-2023-2027\/helse-og-omsorg\/\",\"name\":\"Helse og omsorg - Horten H\u00f8yre\",\"isPartOf\":{\"@id\":\"https:\/\/hoyre.no\/horten\/#website\"},\"datePublished\":\"2023-05-01T14:58:58+00:00\",\"dateModified\":\"2023-05-01T15:13:21+00:00\",\"breadcrumb\":{\"@id\":\"https:\/\/hoyre.no\/horten\/program-2023-2027\/helse-og-omsorg\/#breadcrumb\"},\"inLanguage\":\"nb-NO\",\"potentialAction\":[{\"@type\":\"ReadAction\",\"target\":[\"https:\/\/hoyre.no\/horten\/program-2023-2027\/helse-og-omsorg\/\"]}]},{\"@type\":\"BreadcrumbList\",\"@id\":\"https:\/\/hoyre.no\/horten\/program-2023-2027\/helse-og-omsorg\/#breadcrumb\",\"itemListElement\":[{\"@type\":\"ListItem\",\"position\":1,\"name\":\"Til hoyre.no\",\"item\":\"https:\/\/hoyre.no\"},{\"@type\":\"ListItem\",\"position\":2,\"name\":\"Hjem\",\"item\":\"https:\/\/hoyre.no\/horten\/\"},{\"@type\":\"ListItem\",\"position\":3,\"name\":\"Program 2023-2027\",\"item\":\"https:\/\/hoyre.no\/horten\/program-2023-2027\/\"},{\"@type\":\"ListItem\",\"position\":4,\"name\":\"Helse og omsorg\"}]},{\"@type\":\"WebSite\",\"@id\":\"https:\/\/hoyre.no\/horten\/#website\",\"url\":\"https:\/\/hoyre.no\/horten\/\",\"name\":\"Horten H\u00f8yre\",\"description\":\"Bare enda et H\u00f8yres nettsteder-nettsted\",\"inLanguage\":\"nb-NO\"}]}<\/script>\n<!-- \/ Yoast SEO plugin. -->","yoast_head_json":{"title":"Helse og omsorg - Horten H\u00f8yre","robots":{"index":"index","follow":"follow","max-snippet":"max-snippet:-1","max-image-preview":"max-image-preview:large","max-video-preview":"max-video-preview:-1"},"canonical":"https:\/\/hoyre.no\/horten\/program-2023-2027\/helse-og-omsorg\/","og_locale":"nb_NO","og_type":"article","og_title":"Helse og omsorg - Horten H\u00f8yre","og_url":"https:\/\/hoyre.no\/horten\/program-2023-2027\/helse-og-omsorg\/","og_site_name":"Horten H\u00f8yre","article_modified_time":"2023-05-01T15:13:21+00:00","og_image":[{"url":"https:\/\/hoyre.no\/content\/uploads\/sites\/368\/2023\/05\/helse-og-omsorg-1024x411.jpg","width":"","height":"","type":""}],"twitter_card":"summary_large_image","twitter_misc":{"Ansl. lesetid":"2 minutter"},"schema":{"@context":"https:\/\/schema.org","@graph":[{"@type":"WebPage","@id":"https:\/\/hoyre.no\/horten\/program-2023-2027\/helse-og-omsorg\/","url":"https:\/\/hoyre.no\/horten\/program-2023-2027\/helse-og-omsorg\/","name":"Helse og omsorg - Horten H\u00f8yre","isPartOf":{"@id":"https:\/\/hoyre.no\/horten\/#website"},"datePublished":"2023-05-01T14:58:58+00:00","dateModified":"2023-05-01T15:13:21+00:00","breadcrumb":{"@id":"https:\/\/hoyre.no\/horten\/program-2023-2027\/helse-og-omsorg\/#breadcrumb"},"inLanguage":"nb-NO","potentialAction":[{"@type":"ReadAction","target":["https:\/\/hoyre.no\/horten\/program-2023-2027\/helse-og-omsorg\/"]}]},{"@type":"BreadcrumbList","@id":"https:\/\/hoyre.no\/horten\/program-2023-2027\/helse-og-omsorg\/#breadcrumb","itemListElement":[{"@type":"ListItem","position":1,"name":"Til hoyre.no","item":"https:\/\/hoyre.no"},{"@type":"ListItem","position":2,"name":"Hjem","item":"https:\/\/hoyre.no\/horten\/"},{"@type":"ListItem","position":3,"name":"Program 2023-2027","item":"https:\/\/hoyre.no\/horten\/program-2023-2027\/"},{"@type":"ListItem","position":4,"name":"Helse og omsorg"}]},{"@type":"WebSite","@id":"https:\/\/hoyre.no\/horten\/#website","url":"https:\/\/hoyre.no\/horten\/","name":"Horten H\u00f8yre","description":"Bare enda et H\u00f8yres nettsteder-nettsted","inLanguage":"nb-NO"}]}},"distributor_meta":false,"distributor_terms":false,"distributor_media":false,"distributor_original_site_name":"Horten H\u00f8yre","distributor_original_site_url":"https:\/\/hoyre.no\/horten","push-errors":false,"_links":{"self":[{"href":"https:\/\/hoyre.no\/horten\/wp-json\/wp\/v2\/pages\/257","targetHints":{"allow":["GET"]}}],"collection":[{"href":"https:\/\/hoyre.no\/horten\/wp-json\/wp\/v2\/pages"}],"about":[{"href":"https:\/\/hoyre.no\/horten\/wp-json\/wp\/v2\/types\/page"}],"author":[{"embeddable":true,"href":"https:\/\/hoyre.no\/horten\/wp-json\/wp\/v2\/users\/41227"}],"replies":[{"embeddable":true,"href":"https:\/\/hoyre.no\/horten\/wp-json\/wp\/v2\/comments?post=257"}],"version-history":[{"count":2,"href":"https:\/\/hoyre.no\/horten\/wp-json\/wp\/v2\/pages\/257\/revisions"}],"predecessor-version":[{"id":260,"href":"https:\/\/hoyre.no\/horten\/wp-json\/wp\/v2\/pages\/257\/revisions\/260"}],"up":[{"embeddable":true,"href":"https:\/\/hoyre.no\/horten\/wp-json\/wp\/v2\/pages\/236"}],"wp:attachment":[{"href":"https:\/\/hoyre.no\/horten\/wp-json\/wp\/v2\/media?parent=257"}],"curies":[{"name":"wp","href":"https:\/\/api.w.org\/{rel}","templated":true}]}}