{"id":283,"date":"2023-05-14T16:46:03","date_gmt":"2023-05-14T14:46:03","guid":{"rendered":"https:\/\/hoyre.no\/horten\/?page_id=283"},"modified":"2025-02-14T12:14:24","modified_gmt":"2025-02-14T11:14:24","slug":"5-gode-grunner-til-a-stemme-hoyre-i-horten","status":"publish","type":"page","link":"https:\/\/hoyre.no\/horten\/5-gode-grunner-til-a-stemme-hoyre-i-horten\/","title":{"rendered":"5 gode grunner til \u00e5 stemme H\u00f8yre i Horten"},"content":{"rendered":"\n<div class=\"wp-block-hoyre-hero with-image-gradient text-color-light  has-media alignfull has-background\"><div class=\"hoyre-hero has-image\"><h1 class=\"title\">5 gode grunner til \u00e5 stemme H\u00f8yre i Horten<\/h1><figure class=\"hoyre-image-wrapper\"><div class=\"hoyre-image\"><img loading=\"lazy\" decoding=\"async\" width=\"2500\" height=\"1667\" src=\"https:\/\/hoyre.no\/content\/uploads\/sites\/368\/2023\/05\/DSC00471-35-scaled.jpg\" class=\"attachment-scaled size-scaled\" alt=\"team Horten H\u00f8yre-\" style=\"object-position: 53% 50%\" srcset=\"https:\/\/hoyre.no\/content\/uploads\/sites\/368\/2023\/05\/DSC00471-35-scaled.jpg 2500w, https:\/\/hoyre.no\/content\/uploads\/sites\/368\/2023\/05\/DSC00471-35-300x200.jpg 300w, https:\/\/hoyre.no\/content\/uploads\/sites\/368\/2023\/05\/DSC00471-35-1024x683.jpg 1024w, https:\/\/hoyre.no\/content\/uploads\/sites\/368\/2023\/05\/DSC00471-35-768x512.jpg 768w, https:\/\/hoyre.no\/content\/uploads\/sites\/368\/2023\/05\/DSC00471-35-1536x1024.jpg 1536w, https:\/\/hoyre.no\/content\/uploads\/sites\/368\/2023\/05\/DSC00471-35-2048x1365.jpg 2048w\" sizes=\"auto, (max-width: 2500px) 100vw, 2500px\" \/><\/div><\/figure><\/div><\/div>\n\n\n\n<p><\/p>\n\n\n\n\n\t\t<div class=\"has-darkest-blue-background-color is-layout-right alignwide alignwide wp-block-hoyre-media-text\">\n\t\t\t<div class=\"hoyre-media-text__media\">\n\t\t\t\t<img loading=\"lazy\" decoding=\"async\" width=\"924\" height=\"1024\" src=\"https:\/\/hoyre.no\/content\/uploads\/sites\/368\/2023\/05\/DSC00347-11-924x1024.jpg\" class=\"hoyre-media-text__media-image\" alt=\"\" style=\"--focal: 54% 23%;\" srcset=\"https:\/\/hoyre.no\/content\/uploads\/sites\/368\/2023\/05\/DSC00347-11-924x1024.jpg 924w, https:\/\/hoyre.no\/content\/uploads\/sites\/368\/2023\/05\/DSC00347-11-271x300.jpg 271w, https:\/\/hoyre.no\/content\/uploads\/sites\/368\/2023\/05\/DSC00347-11-768x851.jpg 768w, https:\/\/hoyre.no\/content\/uploads\/sites\/368\/2023\/05\/DSC00347-11-1386x1536.jpg 1386w, https:\/\/hoyre.no\/content\/uploads\/sites\/368\/2023\/05\/DSC00347-11-1848x2048.jpg 1848w\" sizes=\"auto, (max-width: 924px) 100vw, 924px\" \/>\n\t\t\t<\/div>\n\t\t\t<div class=\"hoyre-media-text__content\">\n\t\t\t\t<div class=\"hoyre-media-text__content-inner\">\n\t\t\t\t\t\n\t\t\t\t\t<div class=\"hoyre-media-text__blocks\">\n<p>I l\u00f8pet av de siste \u00e5tte \u00e5rene har Horten kommunes gjeld \u00f8kt fra \u00e9n milliard til over tre. Vi har en stor andel eldre innbyggere, vi trenger flere unge innbyggere som kan s\u00f8rge for at inntekten til kommunen og tjenestene vi tilbyr er b\u00e6rekraftig i \u00e5rene som kommer. H\u00f8yre vil l\u00f8se disse utfordringene, og det m\u00e5 vi gj\u00f8re n\u00e5.<\/p>\n<\/div>\n\t\t\t\t\t\n\t\t\t\t<\/div>\n\t\t\t<\/div>\n\t\t<\/div>\n\t\t\n\n\n\n<div class=\"wp-block-media-text alignwide is-stacked-on-mobile\"><figure class=\"wp-block-media-text__media\"><img loading=\"lazy\" decoding=\"async\" width=\"1024\" height=\"683\" src=\"https:\/\/hoyre.no\/content\/uploads\/sites\/368\/2023\/05\/GettyImages-176979540-1024x683.jpg\" alt=\"\" class=\"wp-image-303 size-full\" srcset=\"https:\/\/hoyre.no\/content\/uploads\/sites\/368\/2023\/05\/GettyImages-176979540-1024x683.jpg 1024w, https:\/\/hoyre.no\/content\/uploads\/sites\/368\/2023\/05\/GettyImages-176979540-300x200.jpg 300w, https:\/\/hoyre.no\/content\/uploads\/sites\/368\/2023\/05\/GettyImages-176979540-768x513.jpg 768w, https:\/\/hoyre.no\/content\/uploads\/sites\/368\/2023\/05\/GettyImages-176979540-1536x1025.jpg 1536w, https:\/\/hoyre.no\/content\/uploads\/sites\/368\/2023\/05\/GettyImages-176979540-2048x1367.jpg 2048w\" sizes=\"auto, (max-width: 1024px) 100vw, 1024px\" \/><\/figure><div class=\"wp-block-media-text__content\">\n<h2 class=\"wp-block-heading\">1. <strong>Gj\u00f8re Horten til f\u00f8rstevalget for nyetablerere<\/strong><\/h2>\n\n\n\n<p class=\"is-style-default\">H\u00f8yre vil aktivt se etter nye arealer for boligutvikling i hele kommunen. Vi trenger flere barnefamilier slik at befolkningen vokser og ikke synker. H\u00f8yre vil at denne utviklingen skjer i hele Horten kommune, det vil si i \u00c5sg\u00e5rdstrand, Skoppum, Borre og Nykirke ogs\u00e5. Vi m\u00e5 jobbe for at vi har gode barnehager og skoler som er attraktive for nyetablerere. Vi vil skape en dynamisk by med et rikt kulturliv og levende m\u00f8teplasser i hele kommunen.<\/p>\n<\/div><\/div>\n\n\n\n<div class=\"wp-block-media-text alignwide has-media-on-the-right is-stacked-on-mobile\"><div class=\"wp-block-media-text__content\">\n<h2 class=\"wp-block-heading\">2. <strong>Rask og trygg helsehjelp n\u00e5r du trenger det<\/strong><\/h2>\n\n\n\n<p>Vi skal s\u00f8rge for en politikk som setter kvaliteten p\u00e5 tjenesten f\u00f8rst. Uavhengig av hvem som tilbyr helsetjenesten du trenger skal du vite at du f\u00e5r tilgang til rask og trygg hjelp. Enten det er fastlegetjenesten, hjemmehjelp, legevakt eller brukerstyrt personlig assistanse, skal Horten v\u00e6re en kommune som leverer gode tjenester til v\u00e5re innbyggere. H\u00f8yre vil se p\u00e5 muligheten for at private kan drifte et sykehjem i kommunen, bygge flere omsorgsboliger i omr\u00e5der der folk bor, satse p\u00e5 rask psykisk helsehjelp og utvide fritt brukervalg til ogs\u00e5 \u00e5 gjelde hjemmesykepleien.<\/p>\n<\/div><figure class=\"wp-block-media-text__media\"><img loading=\"lazy\" decoding=\"async\" width=\"1024\" height=\"683\" src=\"https:\/\/hoyre.no\/content\/uploads\/sites\/368\/2023\/05\/GettyImages-512098822-1024x683.jpg\" alt=\"\" class=\"wp-image-332 size-full\" srcset=\"https:\/\/hoyre.no\/content\/uploads\/sites\/368\/2023\/05\/GettyImages-512098822-1024x683.jpg 1024w, https:\/\/hoyre.no\/content\/uploads\/sites\/368\/2023\/05\/GettyImages-512098822-300x200.jpg 300w, https:\/\/hoyre.no\/content\/uploads\/sites\/368\/2023\/05\/GettyImages-512098822-768x512.jpg 768w, https:\/\/hoyre.no\/content\/uploads\/sites\/368\/2023\/05\/GettyImages-512098822-1536x1024.jpg 1536w, https:\/\/hoyre.no\/content\/uploads\/sites\/368\/2023\/05\/GettyImages-512098822-2048x1365.jpg 2048w\" sizes=\"auto, (max-width: 1024px) 100vw, 1024px\" \/><\/figure><\/div>\n\n\n\n<div class=\"wp-block-media-text alignwide is-stacked-on-mobile\"><figure class=\"wp-block-media-text__media\"><img loading=\"lazy\" decoding=\"async\" width=\"1024\" height=\"683\" src=\"https:\/\/hoyre.no\/content\/uploads\/sites\/368\/2023\/05\/GettyImages-626964604-1024x683.jpg\" alt=\"\" class=\"wp-image-323 size-full\" srcset=\"https:\/\/hoyre.no\/content\/uploads\/sites\/368\/2023\/05\/GettyImages-626964604-1024x683.jpg 1024w, https:\/\/hoyre.no\/content\/uploads\/sites\/368\/2023\/05\/GettyImages-626964604-300x200.jpg 300w, https:\/\/hoyre.no\/content\/uploads\/sites\/368\/2023\/05\/GettyImages-626964604-768x512.jpg 768w, https:\/\/hoyre.no\/content\/uploads\/sites\/368\/2023\/05\/GettyImages-626964604-1536x1024.jpg 1536w, https:\/\/hoyre.no\/content\/uploads\/sites\/368\/2023\/05\/GettyImages-626964604-2048x1365.jpg 2048w\" sizes=\"auto, (max-width: 1024px) 100vw, 1024px\" \/><\/figure><div class=\"wp-block-media-text__content\">\n<h2 class=\"wp-block-heading\">3. <strong>P\u00e5 lag med frivilligheten<\/strong><\/h2>\n\n\n\n<p>H\u00f8yre vil ta kampen mot utenforskap i Horten. Vi m\u00e5 skape en raus, inkluderende kommune som spiller p\u00e5 lag med frivilligheten. Vi har en fantastisk dugnads\u00e5nd i Horten, det m\u00e5 vi st\u00f8tte, frivilligheten m\u00e5 oppleve kommunen som en god samarbeidspartner. H\u00f8yre vil s\u00f8rge for at frivilligheten i hele kommunen f\u00f8ler seg sett og h\u00f8rt. Vi er avhengig av dem hvis vi skal s\u00f8rge for at alle barn, unge og voksne blir inkludert og ikke faller utenfor samfunnet.<\/p>\n<\/div><\/div>\n\n\n\n<div class=\"wp-block-media-text alignwide has-media-on-the-right is-stacked-on-mobile\"><div class=\"wp-block-media-text__content\">\n<h2 class=\"wp-block-heading\">4. <strong>Vi vil rense Oslofjorden for nitrogen<\/strong><\/h2>\n\n\n\n<p>Med Hortens beliggenhet langs Oslofjorden, har vi et ansvar for \u00e5 forhindre forurensing som skader fjordens marine milj\u00f8. H\u00f8yre vil s\u00f8rge for at prosjektet Ren Oslofjord gjennomf\u00f8res med god \u00f8konomisk st\u00f8tte b\u00e5de fra staten og samarbeidspartnere s\u00e5nn at det p\u00e5virker din og min lommebok minst mulig.<\/p>\n<\/div><figure class=\"wp-block-media-text__media\"><img loading=\"lazy\" decoding=\"async\" width=\"1024\" height=\"1024\" src=\"https:\/\/hoyre.no\/content\/uploads\/sites\/368\/2023\/05\/GettyImages-179708964-1024x1024.jpg\" alt=\"\" class=\"wp-image-325 size-full\" srcset=\"https:\/\/hoyre.no\/content\/uploads\/sites\/368\/2023\/05\/GettyImages-179708964-1024x1024.jpg 1024w, https:\/\/hoyre.no\/content\/uploads\/sites\/368\/2023\/05\/GettyImages-179708964-300x300.jpg 300w, https:\/\/hoyre.no\/content\/uploads\/sites\/368\/2023\/05\/GettyImages-179708964-150x150.jpg 150w, https:\/\/hoyre.no\/content\/uploads\/sites\/368\/2023\/05\/GettyImages-179708964-768x768.jpg 768w, https:\/\/hoyre.no\/content\/uploads\/sites\/368\/2023\/05\/GettyImages-179708964-1536x1536.jpg 1536w, https:\/\/hoyre.no\/content\/uploads\/sites\/368\/2023\/05\/GettyImages-179708964-2048x2048.jpg 2048w\" sizes=\"auto, (max-width: 1024px) 100vw, 1024px\" \/><\/figure><\/div>\n\n\n\n<div class=\"wp-block-media-text alignwide is-stacked-on-mobile\"><figure class=\"wp-block-media-text__media\"><img loading=\"lazy\" decoding=\"async\" width=\"1024\" height=\"683\" src=\"https:\/\/hoyre.no\/content\/uploads\/sites\/368\/2023\/05\/GettyImages-1183967695-1024x683.jpg\" alt=\"\" class=\"wp-image-333 size-full\" srcset=\"https:\/\/hoyre.no\/content\/uploads\/sites\/368\/2023\/05\/GettyImages-1183967695-1024x683.jpg 1024w, https:\/\/hoyre.no\/content\/uploads\/sites\/368\/2023\/05\/GettyImages-1183967695-300x200.jpg 300w, https:\/\/hoyre.no\/content\/uploads\/sites\/368\/2023\/05\/GettyImages-1183967695-768x513.jpg 768w, https:\/\/hoyre.no\/content\/uploads\/sites\/368\/2023\/05\/GettyImages-1183967695-1536x1025.jpg 1536w, https:\/\/hoyre.no\/content\/uploads\/sites\/368\/2023\/05\/GettyImages-1183967695-2048x1367.jpg 2048w\" sizes=\"auto, (max-width: 1024px) 100vw, 1024px\" \/><\/figure><div class=\"wp-block-media-text__content\">\n<h2 class=\"wp-block-heading\">5. <strong>Vi vil jobbe for en bedre kommune\u00f8konomi<\/strong><\/h2>\n\n\n\n<p>H\u00f8yre vil forbedre kommune\u00f8konomien. Vi vil aktivt g\u00e5 gjennom kommunens eiendomsportef\u00f8lje og vurdere un\u00f8dvendige eiendommer for salg. Dette er et lavterskel tiltak som kan sikre flere inntekter til kommunen. H\u00f8yre vil at Hortens innbyggere opplever Horten som en trygg og forutsigbar kommune \u00e5 bo i, og sikre at de f\u00e5r de gode, lovp\u00e5lagte tjenestene de fortjener.<\/p>\n<\/div><\/div>\n\n\n\n\t\t<div class=\"has-darkest-blue-background-color is-layout-right alignwide alignwide wp-block-hoyre-media-text\">\n\t\t\t<div class=\"hoyre-media-text__media\">\n\t\t\t\t<img loading=\"lazy\" decoding=\"async\" width=\"1024\" height=\"608\" src=\"https:\/\/hoyre.no\/content\/uploads\/sites\/368\/2023\/05\/Horten-Hoyre2023-2024-1024x608.jpg\" class=\"hoyre-media-text__media-image\" alt=\"\" style=\"--focal: 50% 50%;\" srcset=\"https:\/\/hoyre.no\/content\/uploads\/sites\/368\/2023\/05\/Horten-Hoyre2023-2024-1024x608.jpg 1024w, https:\/\/hoyre.no\/content\/uploads\/sites\/368\/2023\/05\/Horten-Hoyre2023-2024-300x178.jpg 300w, https:\/\/hoyre.no\/content\/uploads\/sites\/368\/2023\/05\/Horten-Hoyre2023-2024-768x456.jpg 768w, https:\/\/hoyre.no\/content\/uploads\/sites\/368\/2023\/05\/Horten-Hoyre2023-2024.jpg 1533w\" sizes=\"auto, (max-width: 1024px) 100vw, 1024px\" \/>\n\t\t\t<\/div>\n\t\t\t<div class=\"hoyre-media-text__content\">\n\t\t\t\t<div class=\"hoyre-media-text__content-inner\">\n\t\t\t\t\t\n\t\t\t<div class=\"hoyre-media-text__title-container\">\n\t\t\t\t\n\t\t\t\t<h2 class=\"hoyre-media-text__title\">Vil du lese mer om v\u00e5r politikk?<\/h2>\n\t\t\t<\/div>\n\t\t\t\n\t\t\t\t\t<div class=\"hoyre-media-text__blocks\">\n<p>Da b\u00f8r du se p\u00e5 programmet v\u00e5rt for 2023 &#8211; 2027<\/p>\n<\/div>\n\t\t\t\t\t\n\t\t\t<div class=\"hoyre-media-text__buttons\">\n\t\t\t\t<a class=\"button\" href=\"https:\/\/hoyre.no\/horten\/program-2023-2027\/\">Horten H\u00f8yres program<\/a>\n\t\t\t<\/div>\n\t\t\t\n\t\t\t\t<\/div>\n\t\t\t<\/div>\n\t\t<\/div>\n\t\t","protected":false},"excerpt":{"rendered":"<p>1. Gj\u00f8re Horten til f\u00f8rstevalget for nyetablerere H\u00f8yre vil aktivt se etter nye arealer for boligutvikling i hele kommunen. Vi trenger flere barnefamilier slik at befolkningen vokser og ikke synker. H\u00f8yre vil at denne utviklingen skjer i hele Horten kommune, det vil si i \u00c5sg\u00e5rdstrand, Skoppum, Borre og Nykirke ogs\u00e5. Vi m\u00e5 jobbe for at [&hellip;]<\/p>\n","protected":false},"author":41227,"featured_media":0,"parent":0,"menu_order":0,"comment_status":"closed","ping_status":"closed","template":"","meta":{"teft_cards_image_url":"","teft_cards_custom_pretitle":"","teft_cards_image_id":0,"teft_cards_image_focal_point_x":0,"teft_cards_image_focal_point_y":0,"teft_cards_title":"","teft_cards_excerpt":"","teft_show_chapters":false,"footnotes":""},"class_list":["post-283","page","type-page","status-publish","hentry"],"yoast_head":"<!-- This site is optimized with the Yoast SEO plugin v26.6 - https:\/\/yoast.com\/wordpress\/plugins\/seo\/ -->\n<title>5 gode grunner til \u00e5 stemme H\u00f8yre i Horten - Horten H\u00f8yre<\/title>\n<meta name=\"description\" content=\"Vi gir deg 5 gode grunner til hvorfor du b\u00f8r gi H\u00f8yre din stemme i Horten kommune.\" \/>\n<meta name=\"robots\" content=\"index, follow, max-snippet:-1, max-image-preview:large, max-video-preview:-1\" \/>\n<link rel=\"canonical\" href=\"https:\/\/hoyre.no\/horten\/5-gode-grunner-til-a-stemme-hoyre-i-horten\/\" \/>\n<meta property=\"og:locale\" content=\"nb_NO\" \/>\n<meta property=\"og:type\" content=\"article\" \/>\n<meta property=\"og:title\" content=\"5 gode grunner til \u00e5 stemme H\u00f8yre i Horten - Horten H\u00f8yre\" \/>\n<meta property=\"og:description\" content=\"Vi gir deg 5 gode grunner til hvorfor du b\u00f8r gi H\u00f8yre din stemme i Horten kommune.\" \/>\n<meta property=\"og:url\" content=\"https:\/\/hoyre.no\/horten\/5-gode-grunner-til-a-stemme-hoyre-i-horten\/\" \/>\n<meta property=\"og:site_name\" content=\"Horten H\u00f8yre\" \/>\n<meta property=\"article:modified_time\" content=\"2025-02-14T11:14:24+00:00\" \/>\n<meta property=\"og:image\" content=\"https:\/\/hoyre.no\/content\/uploads\/sites\/368\/2023\/05\/GettyImages-176979540-1024x683.jpg\" \/>\n<meta name=\"twitter:card\" content=\"summary_large_image\" \/>\n<meta name=\"twitter:label1\" content=\"Ansl. lesetid\" \/>\n\t<meta name=\"twitter:data1\" content=\"4 minutter\" \/>\n<script type=\"application\/ld+json\" class=\"yoast-schema-graph\">{\"@context\":\"https:\/\/schema.org\",\"@graph\":[{\"@type\":\"WebPage\",\"@id\":\"https:\/\/hoyre.no\/horten\/5-gode-grunner-til-a-stemme-hoyre-i-horten\/\",\"url\":\"https:\/\/hoyre.no\/horten\/5-gode-grunner-til-a-stemme-hoyre-i-horten\/\",\"name\":\"5 gode grunner til \u00e5 stemme H\u00f8yre i Horten - Horten H\u00f8yre\",\"isPartOf\":{\"@id\":\"https:\/\/hoyre.no\/horten\/#website\"},\"image\":{\"@id\":\"https:\/\/hoyre.no\/horten\/5-gode-grunner-til-a-stemme-hoyre-i-horten\/#primaryimage\"},\"thumbnailUrl\":\"https:\/\/hoyre.no\/content\/uploads\/sites\/368\/2023\/05\/GettyImages-176979540-1024x683.jpg\",\"datePublished\":\"2023-05-14T14:46:03+00:00\",\"dateModified\":\"2025-02-14T11:14:24+00:00\",\"description\":\"Vi gir deg 5 gode grunner til hvorfor du b\u00f8r gi H\u00f8yre din stemme i Horten kommune.\",\"breadcrumb\":{\"@id\":\"https:\/\/hoyre.no\/horten\/5-gode-grunner-til-a-stemme-hoyre-i-horten\/#breadcrumb\"},\"inLanguage\":\"nb-NO\",\"potentialAction\":[{\"@type\":\"ReadAction\",\"target\":[\"https:\/\/hoyre.no\/horten\/5-gode-grunner-til-a-stemme-hoyre-i-horten\/\"]}]},{\"@type\":\"ImageObject\",\"inLanguage\":\"nb-NO\",\"@id\":\"https:\/\/hoyre.no\/horten\/5-gode-grunner-til-a-stemme-hoyre-i-horten\/#primaryimage\",\"url\":\"https:\/\/hoyre.no\/content\/uploads\/sites\/368\/2023\/05\/GettyImages-176979540-1024x683.jpg\",\"contentUrl\":\"https:\/\/hoyre.no\/content\/uploads\/sites\/368\/2023\/05\/GettyImages-176979540-1024x683.jpg\"},{\"@type\":\"BreadcrumbList\",\"@id\":\"https:\/\/hoyre.no\/horten\/5-gode-grunner-til-a-stemme-hoyre-i-horten\/#breadcrumb\",\"itemListElement\":[{\"@type\":\"ListItem\",\"position\":1,\"name\":\"Til hoyre.no\",\"item\":\"https:\/\/hoyre.no\"},{\"@type\":\"ListItem\",\"position\":2,\"name\":\"Hjem\",\"item\":\"https:\/\/hoyre.no\/horten\/\"},{\"@type\":\"ListItem\",\"position\":3,\"name\":\"5 gode grunner til \u00e5 stemme H\u00f8yre i Horten\"}]},{\"@type\":\"WebSite\",\"@id\":\"https:\/\/hoyre.no\/horten\/#website\",\"url\":\"https:\/\/hoyre.no\/horten\/\",\"name\":\"Horten H\u00f8yre\",\"description\":\"Bare enda et H\u00f8yres nettsteder-nettsted\",\"inLanguage\":\"nb-NO\"}]}<\/script>\n<!-- \/ Yoast SEO plugin. -->","yoast_head_json":{"title":"5 gode grunner til \u00e5 stemme H\u00f8yre i Horten - Horten H\u00f8yre","description":"Vi gir deg 5 gode grunner til hvorfor du b\u00f8r gi H\u00f8yre din stemme i Horten kommune.","robots":{"index":"index","follow":"follow","max-snippet":"max-snippet:-1","max-image-preview":"max-image-preview:large","max-video-preview":"max-video-preview:-1"},"canonical":"https:\/\/hoyre.no\/horten\/5-gode-grunner-til-a-stemme-hoyre-i-horten\/","og_locale":"nb_NO","og_type":"article","og_title":"5 gode grunner til \u00e5 stemme H\u00f8yre i Horten - Horten H\u00f8yre","og_description":"Vi gir deg 5 gode grunner til hvorfor du b\u00f8r gi H\u00f8yre din stemme i Horten kommune.","og_url":"https:\/\/hoyre.no\/horten\/5-gode-grunner-til-a-stemme-hoyre-i-horten\/","og_site_name":"Horten H\u00f8yre","article_modified_time":"2025-02-14T11:14:24+00:00","og_image":[{"url":"https:\/\/hoyre.no\/content\/uploads\/sites\/368\/2023\/05\/GettyImages-176979540-1024x683.jpg","type":"","width":"","height":""}],"twitter_card":"summary_large_image","twitter_misc":{"Ansl. lesetid":"4 minutter"},"schema":{"@context":"https:\/\/schema.org","@graph":[{"@type":"WebPage","@id":"https:\/\/hoyre.no\/horten\/5-gode-grunner-til-a-stemme-hoyre-i-horten\/","url":"https:\/\/hoyre.no\/horten\/5-gode-grunner-til-a-stemme-hoyre-i-horten\/","name":"5 gode grunner til \u00e5 stemme H\u00f8yre i Horten - Horten H\u00f8yre","isPartOf":{"@id":"https:\/\/hoyre.no\/horten\/#website"},"image":{"@id":"https:\/\/hoyre.no\/horten\/5-gode-grunner-til-a-stemme-hoyre-i-horten\/#primaryimage"},"thumbnailUrl":"https:\/\/hoyre.no\/content\/uploads\/sites\/368\/2023\/05\/GettyImages-176979540-1024x683.jpg","datePublished":"2023-05-14T14:46:03+00:00","dateModified":"2025-02-14T11:14:24+00:00","description":"Vi gir deg 5 gode grunner til hvorfor du b\u00f8r gi H\u00f8yre din stemme i Horten kommune.","breadcrumb":{"@id":"https:\/\/hoyre.no\/horten\/5-gode-grunner-til-a-stemme-hoyre-i-horten\/#breadcrumb"},"inLanguage":"nb-NO","potentialAction":[{"@type":"ReadAction","target":["https:\/\/hoyre.no\/horten\/5-gode-grunner-til-a-stemme-hoyre-i-horten\/"]}]},{"@type":"ImageObject","inLanguage":"nb-NO","@id":"https:\/\/hoyre.no\/horten\/5-gode-grunner-til-a-stemme-hoyre-i-horten\/#primaryimage","url":"https:\/\/hoyre.no\/content\/uploads\/sites\/368\/2023\/05\/GettyImages-176979540-1024x683.jpg","contentUrl":"https:\/\/hoyre.no\/content\/uploads\/sites\/368\/2023\/05\/GettyImages-176979540-1024x683.jpg"},{"@type":"BreadcrumbList","@id":"https:\/\/hoyre.no\/horten\/5-gode-grunner-til-a-stemme-hoyre-i-horten\/#breadcrumb","itemListElement":[{"@type":"ListItem","position":1,"name":"Til hoyre.no","item":"https:\/\/hoyre.no"},{"@type":"ListItem","position":2,"name":"Hjem","item":"https:\/\/hoyre.no\/horten\/"},{"@type":"ListItem","position":3,"name":"5 gode grunner til \u00e5 stemme H\u00f8yre i Horten"}]},{"@type":"WebSite","@id":"https:\/\/hoyre.no\/horten\/#website","url":"https:\/\/hoyre.no\/horten\/","name":"Horten H\u00f8yre","description":"Bare enda et H\u00f8yres nettsteder-nettsted","inLanguage":"nb-NO"}]}},"distributor_meta":false,"distributor_terms":false,"distributor_media":false,"distributor_original_site_name":"Horten H\u00f8yre","distributor_original_site_url":"https:\/\/hoyre.no\/horten","push-errors":false,"_links":{"self":[{"href":"https:\/\/hoyre.no\/horten\/wp-json\/wp\/v2\/pages\/283","targetHints":{"allow":["GET"]}}],"collection":[{"href":"https:\/\/hoyre.no\/horten\/wp-json\/wp\/v2\/pages"}],"about":[{"href":"https:\/\/hoyre.no\/horten\/wp-json\/wp\/v2\/types\/page"}],"author":[{"embeddable":true,"href":"https:\/\/hoyre.no\/horten\/wp-json\/wp\/v2\/users\/41227"}],"replies":[{"embeddable":true,"href":"https:\/\/hoyre.no\/horten\/wp-json\/wp\/v2\/comments?post=283"}],"version-history":[{"count":6,"href":"https:\/\/hoyre.no\/horten\/wp-json\/wp\/v2\/pages\/283\/revisions"}],"predecessor-version":[{"id":946,"href":"https:\/\/hoyre.no\/horten\/wp-json\/wp\/v2\/pages\/283\/revisions\/946"}],"wp:attachment":[{"href":"https:\/\/hoyre.no\/horten\/wp-json\/wp\/v2\/media?parent=283"}],"curies":[{"name":"wp","href":"https:\/\/api.w.org\/{rel}","templated":true}]}}