{"id":36,"date":"2023-08-14T20:56:13","date_gmt":"2023-08-14T18:56:13","guid":{"rendered":"https:\/\/hoyre.no\/hoyanger\/?page_id=36"},"modified":"2023-08-14T21:28:20","modified_gmt":"2023-08-14T19:28:20","slug":"valprogram-2023-2027","status":"publish","type":"page","link":"https:\/\/hoyre.no\/hoyanger\/valprogram-2023-2027\/","title":{"rendered":"Valprogram 2023-2027"},"content":{"rendered":"\n<div class=\"wp-block-hoyre-hero with-image-gradient text-color-light  has-media alignfull has-background\"><div class=\"hoyre-hero has-image\"><h1 class=\"title\">Valprogram<br>2023-2027<\/h1><p class=\"preamble\">Les kva me g\u00e5r til val p\u00e5 i H\u00f8yanger!<\/p>\t\t\t<div class=\"post-meta wp-block teft-byline-wrapper\">\n\t\t\t\t<div class=\"top\">\n\t\t\t\t\t<div class=\"signature\">\n\t\t\t\t\t\t<div class=\"teft-byline\">\n\t\t\t\t\t\t\t\t\t\t\t\t\t\t<div>\n\t\t\t\t\t\t\t\t<h3>H\u00f8yres redaksjon<\/h3>\t\t\t\t\t\t\t\t\n\t\t\t\t\t\t\t\t\t\t\t\t\t\t\t\t\t<span class=\"date\">Sist oppdatert: 14. august 2023<\/span>\n\t\t\t\t\t\t\t\t\t\t\t\t\t\t\t\t\t\t\t\t\t\t\t\t\t<span class=\"reading-time\" itemprop=\"timeRequired\" content=\"PT1M\"><em>Ca. 1 minutter lesetid<\/em><\/span>\n\t\t\t\t\t\t\t\t\t\t\t\t\t\t\t<\/div>\n\t\t\t\t\t\t<\/div>\n\t\t\t\t\t<\/div>\n\t\t\t\t\t\t<div class=\"sharing\">\n\t\t<a class=\"share-button share-link copy-link\" data-copy=\"https:\/\/hoyre.no\/hoyanger\/valprogram-2023-2027\/\" target=\"_blank\"><span class=\"screen-reader-text\">Del link<\/span><\/a>\n\t\t<a class=\"share-button share-twitter\" href=\"http:\/\/twitter.com\/share?text=Valprogram 2023-2027&#038;url=https:\/\/hoyre.no\/hoyanger\/valprogram-2023-2027\/&#038;hashtags=Hoyre\" target=\"_blank\"><span class=\"screen-reader-text\">Del p\u00e5 twitter<\/span><\/a>\n\t\t<a class=\"share-button share-facebook\" href=\"https:\/\/www.facebook.com\/sharer\/sharer.php?u=https:\/\/hoyre.no\/hoyanger\/valprogram-2023-2027\/\" target=\"_blank\"><span class=\"screen-reader-text\">Del p\u00e5 facebook<\/span><\/a>\n\t<\/div>\n\t\t\t\t\t<\/div>\n\t\t\t<\/div>\n\n\t\t\t<figure class=\"hoyre-image-wrapper\"><div class=\"hoyre-image\"><img loading=\"lazy\" decoding=\"async\" width=\"2006\" height=\"1232\" src=\"https:\/\/hoyre.no\/content\/uploads\/sites\/332\/2023\/08\/Skjermbilde-2023-08-14-kl.-20.49.45.png\" class=\"attachment-scaled size-scaled\" alt=\"\" style=\"object-position: 47% 73%\" srcset=\"https:\/\/hoyre.no\/content\/uploads\/sites\/332\/2023\/08\/Skjermbilde-2023-08-14-kl.-20.49.45.png 2006w, https:\/\/hoyre.no\/content\/uploads\/sites\/332\/2023\/08\/Skjermbilde-2023-08-14-kl.-20.49.45-300x184.png 300w, https:\/\/hoyre.no\/content\/uploads\/sites\/332\/2023\/08\/Skjermbilde-2023-08-14-kl.-20.49.45-1024x629.png 1024w, https:\/\/hoyre.no\/content\/uploads\/sites\/332\/2023\/08\/Skjermbilde-2023-08-14-kl.-20.49.45-768x472.png 768w, https:\/\/hoyre.no\/content\/uploads\/sites\/332\/2023\/08\/Skjermbilde-2023-08-14-kl.-20.49.45-1536x943.png 1536w\" sizes=\"auto, (max-width: 2006px) 100vw, 2006px\" \/><\/div><\/figure><\/div><\/div>\n\n\n\n\n<p>V\u00e5r viktigaste oppg\u00e5ve er \u00e5 skape vekst og utvikling i kommunen slik at vi kan sikre en trygg og god framtid, ogs\u00e5 for de komande generasjonane. Vi treng fleire arbeidsplassar og fleire innbyggjarar. Spesielt m\u00e5 vi f\u00e5 fleire unge og fleire barnefamiliar til \u00e5 busette seg i kommunen. Dette skal vi oppn\u00e5 gjennom n\u00e6ringsutvikling, bustadutvikling og sentrumsutvikling. \u00c5rets val handlar om JA til utvikling og ikkje NEI til forandring.<\/p>\n\n\n\n<h3 class=\"wp-block-heading\">Last ned og les valprogrammet v\u00e5rt her:<\/h3>\n\n\n\n<div class=\"wp-block-teft-file icon-link-block\"><a href=\"https:\/\/hoyre.no\/content\/uploads\/sites\/332\/2023\/08\/Hoyanger-Hogre-valprogram-2023-2027.pdf\" download><span class=\"file-title\">H\u00f8yanger H\u00f8gre valprogram 2023-2027<\/span><span class=\"file-name\"><\/span><\/a><\/div>\n\n\n\n\n<div class=\"wp-block-hoyre-banner alignwide undefined  is-style-blue\"><div class=\"banner-inner\"><figure class=\"hoyre-image-wrapper\"><div class=\"hoyre-image\"><img loading=\"lazy\" decoding=\"async\" width=\"2500\" height=\"1666\" src=\"https:\/\/hoyre.no\/content\/uploads\/sites\/332\/2023\/06\/Hoyanger_foto_Agathe_Steen-3-scaled.jpg\" class=\"attachment-scaled size-scaled\" alt=\"\" style=\"object-position: 50% 50%\" srcset=\"https:\/\/hoyre.no\/content\/uploads\/sites\/332\/2023\/06\/Hoyanger_foto_Agathe_Steen-3-scaled.jpg 2500w, https:\/\/hoyre.no\/content\/uploads\/sites\/332\/2023\/06\/Hoyanger_foto_Agathe_Steen-3-300x200.jpg 300w, https:\/\/hoyre.no\/content\/uploads\/sites\/332\/2023\/06\/Hoyanger_foto_Agathe_Steen-3-1024x683.jpg 1024w, https:\/\/hoyre.no\/content\/uploads\/sites\/332\/2023\/06\/Hoyanger_foto_Agathe_Steen-3-768x512.jpg 768w, https:\/\/hoyre.no\/content\/uploads\/sites\/332\/2023\/06\/Hoyanger_foto_Agathe_Steen-3-1536x1024.jpg 1536w, https:\/\/hoyre.no\/content\/uploads\/sites\/332\/2023\/06\/Hoyanger_foto_Agathe_Steen-3-2048x1365.jpg 2048w\" sizes=\"auto, (max-width: 2500px) 100vw, 2500px\" \/><\/div><\/figure><div class=\"banner-content\"><div class=\"entry-content\">\n<h2 class=\"wp-block-heading\">Vil du ha kortversjonen?<\/h2>\n\n\n\n<p>Her er 6 grunnar til \u00e5 r\u00f8yste H\u00f8gre i H\u00f8yanger \ud83d\udc47<\/p>\n\n\n\n<div class=\"wp-block-buttons is-layout-flex wp-block-buttons-is-layout-flex\">\n<div class=\"wp-block-button\"><a class=\"wp-block-button__link\" href=\"https:\/\/hoyre.no\/hoyanger\/6-grunnar-til-a-royste-hogre-i-hoyanger\/\">trykk her for \u00e5 lese meir<\/a><\/div>\n<\/div>\n<\/div><\/div><\/div><\/div>\n","protected":false},"excerpt":{"rendered":"","protected":false},"author":29319,"featured_media":0,"parent":0,"menu_order":0,"comment_status":"closed","ping_status":"closed","template":"","meta":{"teft_cards_image_url":"","teft_cards_custom_pretitle":"","teft_cards_image_id":0,"teft_cards_image_focal_point_x":0,"teft_cards_image_focal_point_y":0,"teft_cards_title":"","teft_cards_excerpt":"","teft_show_chapters":false,"footnotes":""},"class_list":["post-36","page","type-page","status-publish","hentry"],"yoast_head":"<!-- This site is optimized with the Yoast SEO plugin v26.6 - https:\/\/yoast.com\/wordpress\/plugins\/seo\/ -->\n<title>Valprogram 2023-2027 - H\u00f8yanger H\u00f8gre<\/title>\n<meta name=\"robots\" content=\"index, follow, max-snippet:-1, max-image-preview:large, max-video-preview:-1\" \/>\n<link rel=\"canonical\" href=\"https:\/\/hoyre.no\/hoyanger\/valprogram-2023-2027\/\" \/>\n<meta property=\"og:locale\" content=\"nn_NO\" \/>\n<meta property=\"og:type\" content=\"article\" \/>\n<meta property=\"og:title\" content=\"Valprogram 2023-2027 - H\u00f8yanger H\u00f8gre\" \/>\n<meta property=\"og:url\" content=\"https:\/\/hoyre.no\/hoyanger\/valprogram-2023-2027\/\" \/>\n<meta property=\"og:site_name\" content=\"H\u00f8yanger H\u00f8gre\" \/>\n<meta property=\"article:modified_time\" content=\"2023-08-14T19:28:20+00:00\" \/>\n<meta property=\"og:image\" content=\"https:\/\/hoyre.no\/content\/uploads\/sites\/332\/2022\/11\/Hoyres-logo.png\" \/>\n\t<meta property=\"og:image:width\" content=\"1000\" \/>\n\t<meta property=\"og:image:height\" content=\"1000\" \/>\n\t<meta property=\"og:image:type\" content=\"image\/png\" \/>\n<meta name=\"twitter:card\" content=\"summary_large_image\" \/>\n<meta name=\"twitter:label1\" content=\"Est. reading time\" \/>\n\t<meta name=\"twitter:data1\" content=\"1 minutt\" \/>\n<script type=\"application\/ld+json\" class=\"yoast-schema-graph\">{\"@context\":\"https:\/\/schema.org\",\"@graph\":[{\"@type\":\"WebPage\",\"@id\":\"https:\/\/hoyre.no\/hoyanger\/valprogram-2023-2027\/\",\"url\":\"https:\/\/hoyre.no\/hoyanger\/valprogram-2023-2027\/\",\"name\":\"Valprogram 2023-2027 - H\u00f8yanger H\u00f8gre\",\"isPartOf\":{\"@id\":\"https:\/\/hoyre.no\/hoyanger\/#website\"},\"datePublished\":\"2023-08-14T18:56:13+00:00\",\"dateModified\":\"2023-08-14T19:28:20+00:00\",\"breadcrumb\":{\"@id\":\"https:\/\/hoyre.no\/hoyanger\/valprogram-2023-2027\/#breadcrumb\"},\"inLanguage\":\"nn-NO\",\"potentialAction\":[{\"@type\":\"ReadAction\",\"target\":[\"https:\/\/hoyre.no\/hoyanger\/valprogram-2023-2027\/\"]}]},{\"@type\":\"BreadcrumbList\",\"@id\":\"https:\/\/hoyre.no\/hoyanger\/valprogram-2023-2027\/#breadcrumb\",\"itemListElement\":[{\"@type\":\"ListItem\",\"position\":1,\"name\":\"Til hoyre.no\",\"item\":\"https:\/\/hoyre.no\"},{\"@type\":\"ListItem\",\"position\":2,\"name\":\"Hjem\",\"item\":\"https:\/\/hoyre.no\/hoyanger\/\"},{\"@type\":\"ListItem\",\"position\":3,\"name\":\"Valprogram 2023-2027\"}]},{\"@type\":\"WebSite\",\"@id\":\"https:\/\/hoyre.no\/hoyanger\/#website\",\"url\":\"https:\/\/hoyre.no\/hoyanger\/\",\"name\":\"H\u00f8yanger H\u00f8gre\",\"description\":\"Bare enda et H\u00f8yres nettsteder-nettsted\",\"inLanguage\":\"nn-NO\"}]}<\/script>\n<!-- \/ Yoast SEO plugin. -->","yoast_head_json":{"title":"Valprogram 2023-2027 - H\u00f8yanger H\u00f8gre","robots":{"index":"index","follow":"follow","max-snippet":"max-snippet:-1","max-image-preview":"max-image-preview:large","max-video-preview":"max-video-preview:-1"},"canonical":"https:\/\/hoyre.no\/hoyanger\/valprogram-2023-2027\/","og_locale":"nn_NO","og_type":"article","og_title":"Valprogram 2023-2027 - H\u00f8yanger H\u00f8gre","og_url":"https:\/\/hoyre.no\/hoyanger\/valprogram-2023-2027\/","og_site_name":"H\u00f8yanger H\u00f8gre","article_modified_time":"2023-08-14T19:28:20+00:00","og_image":[{"width":1000,"height":1000,"url":"https:\/\/hoyre.no\/content\/uploads\/sites\/332\/2022\/11\/Hoyres-logo.png","type":"image\/png"}],"twitter_card":"summary_large_image","twitter_misc":{"Est. reading time":"1 minutt"},"schema":{"@context":"https:\/\/schema.org","@graph":[{"@type":"WebPage","@id":"https:\/\/hoyre.no\/hoyanger\/valprogram-2023-2027\/","url":"https:\/\/hoyre.no\/hoyanger\/valprogram-2023-2027\/","name":"Valprogram 2023-2027 - H\u00f8yanger H\u00f8gre","isPartOf":{"@id":"https:\/\/hoyre.no\/hoyanger\/#website"},"datePublished":"2023-08-14T18:56:13+00:00","dateModified":"2023-08-14T19:28:20+00:00","breadcrumb":{"@id":"https:\/\/hoyre.no\/hoyanger\/valprogram-2023-2027\/#breadcrumb"},"inLanguage":"nn-NO","potentialAction":[{"@type":"ReadAction","target":["https:\/\/hoyre.no\/hoyanger\/valprogram-2023-2027\/"]}]},{"@type":"BreadcrumbList","@id":"https:\/\/hoyre.no\/hoyanger\/valprogram-2023-2027\/#breadcrumb","itemListElement":[{"@type":"ListItem","position":1,"name":"Til hoyre.no","item":"https:\/\/hoyre.no"},{"@type":"ListItem","position":2,"name":"Hjem","item":"https:\/\/hoyre.no\/hoyanger\/"},{"@type":"ListItem","position":3,"name":"Valprogram 2023-2027"}]},{"@type":"WebSite","@id":"https:\/\/hoyre.no\/hoyanger\/#website","url":"https:\/\/hoyre.no\/hoyanger\/","name":"H\u00f8yanger H\u00f8gre","description":"Bare enda et H\u00f8yres nettsteder-nettsted","inLanguage":"nn-NO"}]}},"distributor_meta":false,"distributor_terms":false,"distributor_media":false,"distributor_original_site_name":"H\u00f8yanger H\u00f8gre","distributor_original_site_url":"https:\/\/hoyre.no\/hoyanger","push-errors":false,"_links":{"self":[{"href":"https:\/\/hoyre.no\/hoyanger\/wp-json\/wp\/v2\/pages\/36","targetHints":{"allow":["GET"]}}],"collection":[{"href":"https:\/\/hoyre.no\/hoyanger\/wp-json\/wp\/v2\/pages"}],"about":[{"href":"https:\/\/hoyre.no\/hoyanger\/wp-json\/wp\/v2\/types\/page"}],"author":[{"embeddable":true,"href":"https:\/\/hoyre.no\/hoyanger\/wp-json\/wp\/v2\/users\/29319"}],"replies":[{"embeddable":true,"href":"https:\/\/hoyre.no\/hoyanger\/wp-json\/wp\/v2\/comments?post=36"}],"version-history":[{"count":3,"href":"https:\/\/hoyre.no\/hoyanger\/wp-json\/wp\/v2\/pages\/36\/revisions"}],"predecessor-version":[{"id":69,"href":"https:\/\/hoyre.no\/hoyanger\/wp-json\/wp\/v2\/pages\/36\/revisions\/69"}],"wp:attachment":[{"href":"https:\/\/hoyre.no\/hoyanger\/wp-json\/wp\/v2\/media?parent=36"}],"curies":[{"name":"wp","href":"https:\/\/api.w.org\/{rel}","templated":true}]}}