{"id":43,"date":"2023-08-14T21:25:14","date_gmt":"2023-08-14T19:25:14","guid":{"rendered":"https:\/\/hoyre.no\/hoyanger\/?page_id=43"},"modified":"2025-02-14T12:49:14","modified_gmt":"2025-02-14T11:49:14","slug":"6-grunnar-til-a-royste-hogre-i-hoyanger","status":"publish","type":"page","link":"https:\/\/hoyre.no\/hoyanger\/6-grunnar-til-a-royste-hogre-i-hoyanger\/","title":{"rendered":"6 grunnar til \u00e5 r\u00f8yste H\u00f8gre i H\u00f8yanger"},"content":{"rendered":"\n<div class=\"wp-block-hoyre-hero with-image-gradient text-color-light  has-media alignfull has-background\"><div class=\"hoyre-hero has-image\"><h1 class=\"title\">6 grunnar til \u00e5 r\u00f8yste H\u00f8gre i H\u00f8yanger<\/h1><figure class=\"hoyre-image-wrapper\"><div class=\"hoyre-image\"><img loading=\"lazy\" decoding=\"async\" width=\"2500\" height=\"1666\" src=\"https:\/\/hoyre.no\/content\/uploads\/sites\/332\/2023\/06\/Hoyanger_foto_Agathe_Steen-3-scaled.jpg\" class=\"attachment-scaled size-scaled\" alt=\"\" style=\"object-position: 50% 56.00000000000001%\" srcset=\"https:\/\/hoyre.no\/content\/uploads\/sites\/332\/2023\/06\/Hoyanger_foto_Agathe_Steen-3-scaled.jpg 2500w, https:\/\/hoyre.no\/content\/uploads\/sites\/332\/2023\/06\/Hoyanger_foto_Agathe_Steen-3-300x200.jpg 300w, https:\/\/hoyre.no\/content\/uploads\/sites\/332\/2023\/06\/Hoyanger_foto_Agathe_Steen-3-1024x683.jpg 1024w, https:\/\/hoyre.no\/content\/uploads\/sites\/332\/2023\/06\/Hoyanger_foto_Agathe_Steen-3-768x512.jpg 768w, https:\/\/hoyre.no\/content\/uploads\/sites\/332\/2023\/06\/Hoyanger_foto_Agathe_Steen-3-1536x1024.jpg 1536w, https:\/\/hoyre.no\/content\/uploads\/sites\/332\/2023\/06\/Hoyanger_foto_Agathe_Steen-3-2048x1365.jpg 2048w\" sizes=\"auto, (max-width: 2500px) 100vw, 2500px\" \/><\/div><\/figure><\/div><\/div>\n\n\n\n\n\t\t<div class=\"has-pale-blue-background-color is-layout-left alignwide alignwide wp-block-hoyre-media-text\">\n\t\t\t<div class=\"hoyre-media-text__media\">\n\t\t\t\t<img loading=\"lazy\" decoding=\"async\" width=\"935\" height=\"452\" src=\"https:\/\/hoyre.no\/content\/uploads\/sites\/332\/2023\/08\/Hoyanger-1.jpg\" class=\"hoyre-media-text__media-image\" alt=\"\" style=\"--focal: 37% 60%;\" srcset=\"https:\/\/hoyre.no\/content\/uploads\/sites\/332\/2023\/08\/Hoyanger-1.jpg 935w, https:\/\/hoyre.no\/content\/uploads\/sites\/332\/2023\/08\/Hoyanger-1-300x145.jpg 300w, https:\/\/hoyre.no\/content\/uploads\/sites\/332\/2023\/08\/Hoyanger-1-768x371.jpg 768w\" sizes=\"auto, (max-width: 935px) 100vw, 935px\" \/>\n\t\t\t<\/div>\n\t\t\t<div class=\"hoyre-media-text__content\">\n\t\t\t\t<div class=\"hoyre-media-text__content-inner\">\n\t\t\t\t\t\n\t\t\t<div class=\"hoyre-media-text__title-container\">\n\t\t\t\t\n\t\t\t\t<h2 class=\"hoyre-media-text__title\">1. Industri og n\u00e6ringsliv<\/h2>\n\t\t\t<\/div>\n\t\t\t\n\t\t\t\t\t<div class=\"hoyre-media-text__blocks\">\n<p>For H\u00f8yanger H\u00f8gre er arbeidsplassar og folketalsvekst prioritet nummer ein. Vi vil jobbe aktivt for at H\u00f8yanger skal v\u00e6re ein JA-kommune, med ei positiv innstilling til nytenking, forandring og utvikling. P\u00e5 den m\u00e5ten skal vi sikre at H\u00f8yanger er en attraktiv, trygg og framtidsretta kommune \u00e5 bu i.<\/p>\n<\/div>\n\t\t\t\t\t\n\t\t\t\t<\/div>\n\t\t\t<\/div>\n\t\t<\/div>\n\t\t\n\n\n\n\t\t<div class=\"has-pale-purple-background-color is-layout-right alignwide alignwide wp-block-hoyre-media-text\">\n\t\t\t<div class=\"hoyre-media-text__media\">\n\t\t\t\t<img loading=\"lazy\" decoding=\"async\" width=\"644\" height=\"334\" src=\"https:\/\/hoyre.no\/content\/uploads\/sites\/332\/2023\/08\/Hoyanger-2.jpg\" class=\"hoyre-media-text__media-image\" alt=\"\" style=\"--focal: 52% 98%;\" srcset=\"https:\/\/hoyre.no\/content\/uploads\/sites\/332\/2023\/08\/Hoyanger-2.jpg 644w, https:\/\/hoyre.no\/content\/uploads\/sites\/332\/2023\/08\/Hoyanger-2-300x156.jpg 300w\" sizes=\"auto, (max-width: 644px) 100vw, 644px\" \/>\n\t\t\t<\/div>\n\t\t\t<div class=\"hoyre-media-text__content\">\n\t\t\t\t<div class=\"hoyre-media-text__content-inner\">\n\t\t\t\t\t\n\t\t\t<div class=\"hoyre-media-text__title-container\">\n\t\t\t\t\n\t\t\t\t<h2 class=\"hoyre-media-text__title\">2. Bustadutvikling og sentrumsutvikling<\/h2>\n\t\t\t<\/div>\n\t\t\t\n\t\t\t\t\t<div class=\"hoyre-media-text__blocks\">\n<p>Den viktigaste oppg\u00e5va dei neste \u00e5ra er \u00e5 auke folketalet. H\u00f8yanger kommune m\u00e5 bli ein f\u00f8retrekt stad \u00e5 busetje seg i, b\u00e5de for eigen ungdom og for tilflyttarar. Ein f\u00f8resetnad for \u00e5 tiltrekkje seg og halde p\u00e5 kvalifisert arbeidskraft, er eit attraktivt bustadmarknad. S\u00e6rleg har H\u00f8yanger tettstad eit stort behov for bustader og leilegheiter med standard som oppfyller agens krav.<\/p>\n<\/div>\n\t\t\t\t\t\n\t\t\t\t<\/div>\n\t\t\t<\/div>\n\t\t<\/div>\n\t\t\n\n\n\t\t<div class=\"has-lightest-blue-background-color is-layout-left alignwide alignwide wp-block-hoyre-media-text\">\n\t\t\t<div class=\"hoyre-media-text__media\">\n\t\t\t\t<img loading=\"lazy\" decoding=\"async\" width=\"1024\" height=\"683\" src=\"https:\/\/hoyre.no\/content\/uploads\/sites\/332\/2023\/08\/GettyImages-1214950612-1024x683.jpg\" class=\"hoyre-media-text__media-image\" alt=\"\" style=\"--focal: 50% 50%;\" srcset=\"https:\/\/hoyre.no\/content\/uploads\/sites\/332\/2023\/08\/GettyImages-1214950612-1024x683.jpg 1024w, https:\/\/hoyre.no\/content\/uploads\/sites\/332\/2023\/08\/GettyImages-1214950612-300x200.jpg 300w, https:\/\/hoyre.no\/content\/uploads\/sites\/332\/2023\/08\/GettyImages-1214950612-768x512.jpg 768w, https:\/\/hoyre.no\/content\/uploads\/sites\/332\/2023\/08\/GettyImages-1214950612-1536x1024.jpg 1536w, https:\/\/hoyre.no\/content\/uploads\/sites\/332\/2023\/08\/GettyImages-1214950612-2048x1365.jpg 2048w\" sizes=\"auto, (max-width: 1024px) 100vw, 1024px\" \/>\n\t\t\t<\/div>\n\t\t\t<div class=\"hoyre-media-text__content\">\n\t\t\t\t<div class=\"hoyre-media-text__content-inner\">\n\t\t\t\t\t\n\t\t\t<div class=\"hoyre-media-text__title-container\">\n\t\t\t\t\n\t\t\t\t<h2 class=\"hoyre-media-text__title\">3. Skule og barnehage<\/h2>\n\t\t\t<\/div>\n\t\t\t\n\t\t\t\t\t<div class=\"hoyre-media-text__blocks\">\n<p>H\u00f8yanger H\u00f8gre ynskjer \u00e5 skape vekst og utvikling i alle lokalsamfunn slik at vi kan oppretthalde dagens desentraliserte struktur. Elevane skal oppleve god fagleg l\u00e6ring og trivsel.<\/p>\n<\/div>\n\t\t\t\t\t\n\t\t\t\t<\/div>\n\t\t\t<\/div>\n\t\t<\/div>\n\t\t\n\n\n\t\t<div class=\"has-pale-blue-background-color is-layout-right alignwide alignwide wp-block-hoyre-media-text\">\n\t\t\t<div class=\"hoyre-media-text__media\">\n\t\t\t\t<img loading=\"lazy\" decoding=\"async\" width=\"1024\" height=\"683\" src=\"https:\/\/hoyre.no\/content\/uploads\/sites\/332\/2023\/08\/GettyImages-594379807-1024x683.jpg\" class=\"hoyre-media-text__media-image\" alt=\"\" style=\"--focal: 46% 48%;\" srcset=\"https:\/\/hoyre.no\/content\/uploads\/sites\/332\/2023\/08\/GettyImages-594379807-1024x683.jpg 1024w, https:\/\/hoyre.no\/content\/uploads\/sites\/332\/2023\/08\/GettyImages-594379807-300x200.jpg 300w, https:\/\/hoyre.no\/content\/uploads\/sites\/332\/2023\/08\/GettyImages-594379807-768x512.jpg 768w, https:\/\/hoyre.no\/content\/uploads\/sites\/332\/2023\/08\/GettyImages-594379807-1536x1024.jpg 1536w, https:\/\/hoyre.no\/content\/uploads\/sites\/332\/2023\/08\/GettyImages-594379807-2048x1365.jpg 2048w\" sizes=\"auto, (max-width: 1024px) 100vw, 1024px\" \/>\n\t\t\t<\/div>\n\t\t\t<div class=\"hoyre-media-text__content\">\n\t\t\t\t<div class=\"hoyre-media-text__content-inner\">\n\t\t\t\t\t\n\t\t\t<div class=\"hoyre-media-text__title-container\">\n\t\t\t\t\n\t\t\t\t<h2 class=\"hoyre-media-text__title\">4. Helse og omsorg<\/h2>\n\t\t\t<\/div>\n\t\t\t\n\t\t\t\t\t<div class=\"hoyre-media-text__blocks\">\n<p>H\u00f8yanger H\u00f8gre vil arbeide for at det skal vere god kvalitet p\u00e5 helse og omsorg. Eit godt omsorgs- og helsetilbod er grunnsteinen i eit varmt og velfungerande samfunn. Befolkninga i kommunen vert stadig eldre noko som medf\u00f8rer at ein m\u00e5 sikre n\u00f8dvendig kapasitet.<\/p>\n<\/div>\n\t\t\t\t\t\n\t\t\t\t<\/div>\n\t\t\t<\/div>\n\t\t<\/div>\n\t\t\n\n\n\t\t<div class=\"has-pink-background-color is-layout-left alignwide alignwide wp-block-hoyre-media-text\">\n\t\t\t<div class=\"hoyre-media-text__media\">\n\t\t\t\t<img loading=\"lazy\" decoding=\"async\" width=\"1024\" height=\"683\" src=\"https:\/\/hoyre.no\/content\/uploads\/sites\/332\/2023\/08\/GettyImages-594375747-1024x683.jpg\" class=\"hoyre-media-text__media-image\" alt=\"\" style=\"--focal: 50% 50%;\" srcset=\"https:\/\/hoyre.no\/content\/uploads\/sites\/332\/2023\/08\/GettyImages-594375747-1024x683.jpg 1024w, https:\/\/hoyre.no\/content\/uploads\/sites\/332\/2023\/08\/GettyImages-594375747-300x200.jpg 300w, https:\/\/hoyre.no\/content\/uploads\/sites\/332\/2023\/08\/GettyImages-594375747-768x512.jpg 768w, https:\/\/hoyre.no\/content\/uploads\/sites\/332\/2023\/08\/GettyImages-594375747-1536x1024.jpg 1536w, https:\/\/hoyre.no\/content\/uploads\/sites\/332\/2023\/08\/GettyImages-594375747-2048x1365.jpg 2048w\" sizes=\"auto, (max-width: 1024px) 100vw, 1024px\" \/>\n\t\t\t<\/div>\n\t\t\t<div class=\"hoyre-media-text__content\">\n\t\t\t\t<div class=\"hoyre-media-text__content-inner\">\n\t\t\t\t\t\n\t\t\t<div class=\"hoyre-media-text__title-container\">\n\t\t\t\t\n\t\t\t\t<h2 class=\"hoyre-media-text__title\">5. Kultur og fritid<\/h2>\n\t\t\t<\/div>\n\t\t\t\n\t\t\t\t\t<div class=\"hoyre-media-text__blocks\">\n<p>Eit godt kultur- og fritidstilbod er viktig for at kommunen skal vere ein attraktiv kommune \u00e5 bu i. H\u00f8yanger er ein kommune med ei stolt kraft\u2013og industrihistorie, noko som vi ynskjer \u00e5 ivareta og byggje vidare p\u00e5.<\/p>\n<\/div>\n\t\t\t\t\t\n\t\t\t\t<\/div>\n\t\t\t<\/div>\n\t\t<\/div>\n\t\t\n\n\n\t\t<div class=\"has-pale-green-background-color is-layout-right alignwide alignwide wp-block-hoyre-media-text\">\n\t\t\t<div class=\"hoyre-media-text__media\">\n\t\t\t\t<img loading=\"lazy\" decoding=\"async\" width=\"732\" height=\"348\" src=\"https:\/\/hoyre.no\/content\/uploads\/sites\/332\/2023\/08\/Hoyanger-3.jpg\" class=\"hoyre-media-text__media-image\" alt=\"\" style=\"--focal: 25% 82%;\" srcset=\"https:\/\/hoyre.no\/content\/uploads\/sites\/332\/2023\/08\/Hoyanger-3.jpg 732w, https:\/\/hoyre.no\/content\/uploads\/sites\/332\/2023\/08\/Hoyanger-3-300x143.jpg 300w\" sizes=\"auto, (max-width: 732px) 100vw, 732px\" \/>\n\t\t\t<\/div>\n\t\t\t<div class=\"hoyre-media-text__content\">\n\t\t\t\t<div class=\"hoyre-media-text__content-inner\">\n\t\t\t\t\t\n\t\t\t<div class=\"hoyre-media-text__title-container\">\n\t\t\t\t\n\t\t\t\t<h2 class=\"hoyre-media-text__title\">6. Milj\u00f8 og samferdsle<\/h2>\n\t\t\t<\/div>\n\t\t\t\n\t\t\t\t\t<div class=\"hoyre-media-text__blocks\">\n<p>H\u00f8yanger H\u00f8gre vil arbeide for at kommunen skal profilere seg som milj\u00f8vennleg og rein, men samtidig leggje til rette for busetting i heile kommunen. I ein langstrakt kommune er det viktig med trygge og gode vegar. H\u00f8yanger H\u00f8gre vil arbeide for godt vedlikehald av kommunale vegar.<\/p>\n<\/div>\n\t\t\t\t\t\n\t\t\t\t<\/div>\n\t\t\t<\/div>\n\t\t<\/div>\n\t\t\n\n\n<div class=\"wp-block-hoyre-banner alignwide undefined\"><div class=\"banner-inner\"><figure class=\"hoyre-image-wrapper\"><div class=\"hoyre-image\"><img loading=\"lazy\" decoding=\"async\" width=\"2006\" height=\"1232\" src=\"https:\/\/hoyre.no\/content\/uploads\/sites\/332\/2023\/08\/Skjermbilde-2023-08-14-kl.-20.49.45.png\" class=\"attachment-scaled size-scaled\" alt=\"\" style=\"object-position: 51% 100%\" srcset=\"https:\/\/hoyre.no\/content\/uploads\/sites\/332\/2023\/08\/Skjermbilde-2023-08-14-kl.-20.49.45.png 2006w, https:\/\/hoyre.no\/content\/uploads\/sites\/332\/2023\/08\/Skjermbilde-2023-08-14-kl.-20.49.45-300x184.png 300w, https:\/\/hoyre.no\/content\/uploads\/sites\/332\/2023\/08\/Skjermbilde-2023-08-14-kl.-20.49.45-1024x629.png 1024w, https:\/\/hoyre.no\/content\/uploads\/sites\/332\/2023\/08\/Skjermbilde-2023-08-14-kl.-20.49.45-768x472.png 768w, https:\/\/hoyre.no\/content\/uploads\/sites\/332\/2023\/08\/Skjermbilde-2023-08-14-kl.-20.49.45-1536x943.png 1536w\" sizes=\"auto, (max-width: 2006px) 100vw, 2006px\" \/><\/div><\/figure><div class=\"banner-content\"><div class=\"entry-content\">\n<h2 class=\"wp-block-heading\">Vil du vite meir?<\/h2>\n\n\n\n<p>Her kan du lese heile valprogrammet v\u00e5rt for komande periode \ud83d\udc47<\/p>\n\n\n\n<div class=\"wp-block-buttons is-layout-flex wp-block-buttons-is-layout-flex\">\n<div class=\"wp-block-button\"><a class=\"wp-block-button__link\" href=\"https:\/\/hoyre.no\/hoyanger\/valprogram-2023-2027\/\">les meir her<\/a><\/div>\n<\/div>\n<\/div><\/div><\/div><\/div>\n","protected":false},"excerpt":{"rendered":"","protected":false},"author":29319,"featured_media":0,"parent":0,"menu_order":0,"comment_status":"closed","ping_status":"closed","template":"","meta":{"teft_cards_image_url":"","teft_cards_custom_pretitle":"","teft_cards_image_id":0,"teft_cards_image_focal_point_x":0,"teft_cards_image_focal_point_y":0,"teft_cards_title":"","teft_cards_excerpt":"","teft_show_chapters":false,"footnotes":""},"class_list":["post-43","page","type-page","status-publish","hentry"],"yoast_head":"<!-- This site is optimized with the Yoast SEO plugin v26.6 - https:\/\/yoast.com\/wordpress\/plugins\/seo\/ -->\n<title>6 grunnar til \u00e5 r\u00f8yste H\u00f8gre i H\u00f8yanger - H\u00f8yanger H\u00f8gre<\/title>\n<meta name=\"description\" content=\"Her er 6 grunnar til \u00e5 r\u00f8yste H\u00f8gre i H\u00f8yanger.\" \/>\n<meta name=\"robots\" content=\"index, follow, max-snippet:-1, max-image-preview:large, max-video-preview:-1\" \/>\n<link rel=\"canonical\" href=\"https:\/\/hoyre.no\/hoyanger\/6-grunnar-til-a-royste-hogre-i-hoyanger\/\" \/>\n<meta property=\"og:locale\" content=\"nn_NO\" \/>\n<meta property=\"og:type\" content=\"article\" \/>\n<meta property=\"og:title\" content=\"6 grunnar til \u00e5 r\u00f8yste H\u00f8gre i H\u00f8yanger - H\u00f8yanger H\u00f8gre\" \/>\n<meta property=\"og:description\" content=\"Her er 6 grunnar til \u00e5 r\u00f8yste H\u00f8gre i H\u00f8yanger.\" \/>\n<meta property=\"og:url\" content=\"https:\/\/hoyre.no\/hoyanger\/6-grunnar-til-a-royste-hogre-i-hoyanger\/\" \/>\n<meta property=\"og:site_name\" content=\"H\u00f8yanger H\u00f8gre\" \/>\n<meta property=\"article:modified_time\" content=\"2025-02-14T11:49:14+00:00\" \/>\n<meta property=\"og:image\" content=\"https:\/\/hoyre.no\/content\/uploads\/sites\/332\/2022\/11\/Hoyres-logo.png\" \/>\n\t<meta property=\"og:image:width\" content=\"1000\" \/>\n\t<meta property=\"og:image:height\" content=\"1000\" \/>\n\t<meta property=\"og:image:type\" content=\"image\/png\" \/>\n<meta name=\"twitter:card\" content=\"summary_large_image\" \/>\n<meta name=\"twitter:label1\" content=\"Est. reading time\" \/>\n\t<meta name=\"twitter:data1\" content=\"2 minutt\" \/>\n<script type=\"application\/ld+json\" class=\"yoast-schema-graph\">{\"@context\":\"https:\/\/schema.org\",\"@graph\":[{\"@type\":\"WebPage\",\"@id\":\"https:\/\/hoyre.no\/hoyanger\/6-grunnar-til-a-royste-hogre-i-hoyanger\/\",\"url\":\"https:\/\/hoyre.no\/hoyanger\/6-grunnar-til-a-royste-hogre-i-hoyanger\/\",\"name\":\"6 grunnar til \u00e5 r\u00f8yste H\u00f8gre i H\u00f8yanger - H\u00f8yanger H\u00f8gre\",\"isPartOf\":{\"@id\":\"https:\/\/hoyre.no\/hoyanger\/#website\"},\"datePublished\":\"2023-08-14T19:25:14+00:00\",\"dateModified\":\"2025-02-14T11:49:14+00:00\",\"description\":\"Her er 6 grunnar til \u00e5 r\u00f8yste H\u00f8gre i H\u00f8yanger.\",\"breadcrumb\":{\"@id\":\"https:\/\/hoyre.no\/hoyanger\/6-grunnar-til-a-royste-hogre-i-hoyanger\/#breadcrumb\"},\"inLanguage\":\"nn-NO\",\"potentialAction\":[{\"@type\":\"ReadAction\",\"target\":[\"https:\/\/hoyre.no\/hoyanger\/6-grunnar-til-a-royste-hogre-i-hoyanger\/\"]}]},{\"@type\":\"BreadcrumbList\",\"@id\":\"https:\/\/hoyre.no\/hoyanger\/6-grunnar-til-a-royste-hogre-i-hoyanger\/#breadcrumb\",\"itemListElement\":[{\"@type\":\"ListItem\",\"position\":1,\"name\":\"Til hoyre.no\",\"item\":\"https:\/\/hoyre.no\"},{\"@type\":\"ListItem\",\"position\":2,\"name\":\"Hjem\",\"item\":\"https:\/\/hoyre.no\/hoyanger\/\"},{\"@type\":\"ListItem\",\"position\":3,\"name\":\"6 grunnar til \u00e5 r\u00f8yste H\u00f8gre i H\u00f8yanger\"}]},{\"@type\":\"WebSite\",\"@id\":\"https:\/\/hoyre.no\/hoyanger\/#website\",\"url\":\"https:\/\/hoyre.no\/hoyanger\/\",\"name\":\"H\u00f8yanger H\u00f8gre\",\"description\":\"Bare enda et H\u00f8yres nettsteder-nettsted\",\"inLanguage\":\"nn-NO\"}]}<\/script>\n<!-- \/ Yoast SEO plugin. -->","yoast_head_json":{"title":"6 grunnar til \u00e5 r\u00f8yste H\u00f8gre i H\u00f8yanger - H\u00f8yanger H\u00f8gre","description":"Her er 6 grunnar til \u00e5 r\u00f8yste H\u00f8gre i H\u00f8yanger.","robots":{"index":"index","follow":"follow","max-snippet":"max-snippet:-1","max-image-preview":"max-image-preview:large","max-video-preview":"max-video-preview:-1"},"canonical":"https:\/\/hoyre.no\/hoyanger\/6-grunnar-til-a-royste-hogre-i-hoyanger\/","og_locale":"nn_NO","og_type":"article","og_title":"6 grunnar til \u00e5 r\u00f8yste H\u00f8gre i H\u00f8yanger - H\u00f8yanger H\u00f8gre","og_description":"Her er 6 grunnar til \u00e5 r\u00f8yste H\u00f8gre i H\u00f8yanger.","og_url":"https:\/\/hoyre.no\/hoyanger\/6-grunnar-til-a-royste-hogre-i-hoyanger\/","og_site_name":"H\u00f8yanger H\u00f8gre","article_modified_time":"2025-02-14T11:49:14+00:00","og_image":[{"width":1000,"height":1000,"url":"https:\/\/hoyre.no\/content\/uploads\/sites\/332\/2022\/11\/Hoyres-logo.png","type":"image\/png"}],"twitter_card":"summary_large_image","twitter_misc":{"Est. reading time":"2 minutt"},"schema":{"@context":"https:\/\/schema.org","@graph":[{"@type":"WebPage","@id":"https:\/\/hoyre.no\/hoyanger\/6-grunnar-til-a-royste-hogre-i-hoyanger\/","url":"https:\/\/hoyre.no\/hoyanger\/6-grunnar-til-a-royste-hogre-i-hoyanger\/","name":"6 grunnar til \u00e5 r\u00f8yste H\u00f8gre i H\u00f8yanger - H\u00f8yanger H\u00f8gre","isPartOf":{"@id":"https:\/\/hoyre.no\/hoyanger\/#website"},"datePublished":"2023-08-14T19:25:14+00:00","dateModified":"2025-02-14T11:49:14+00:00","description":"Her er 6 grunnar til \u00e5 r\u00f8yste H\u00f8gre i H\u00f8yanger.","breadcrumb":{"@id":"https:\/\/hoyre.no\/hoyanger\/6-grunnar-til-a-royste-hogre-i-hoyanger\/#breadcrumb"},"inLanguage":"nn-NO","potentialAction":[{"@type":"ReadAction","target":["https:\/\/hoyre.no\/hoyanger\/6-grunnar-til-a-royste-hogre-i-hoyanger\/"]}]},{"@type":"BreadcrumbList","@id":"https:\/\/hoyre.no\/hoyanger\/6-grunnar-til-a-royste-hogre-i-hoyanger\/#breadcrumb","itemListElement":[{"@type":"ListItem","position":1,"name":"Til hoyre.no","item":"https:\/\/hoyre.no"},{"@type":"ListItem","position":2,"name":"Hjem","item":"https:\/\/hoyre.no\/hoyanger\/"},{"@type":"ListItem","position":3,"name":"6 grunnar til \u00e5 r\u00f8yste H\u00f8gre i H\u00f8yanger"}]},{"@type":"WebSite","@id":"https:\/\/hoyre.no\/hoyanger\/#website","url":"https:\/\/hoyre.no\/hoyanger\/","name":"H\u00f8yanger H\u00f8gre","description":"Bare enda et H\u00f8yres nettsteder-nettsted","inLanguage":"nn-NO"}]}},"distributor_meta":false,"distributor_terms":false,"distributor_media":false,"distributor_original_site_name":"H\u00f8yanger H\u00f8gre","distributor_original_site_url":"https:\/\/hoyre.no\/hoyanger","push-errors":false,"_links":{"self":[{"href":"https:\/\/hoyre.no\/hoyanger\/wp-json\/wp\/v2\/pages\/43","targetHints":{"allow":["GET"]}}],"collection":[{"href":"https:\/\/hoyre.no\/hoyanger\/wp-json\/wp\/v2\/pages"}],"about":[{"href":"https:\/\/hoyre.no\/hoyanger\/wp-json\/wp\/v2\/types\/page"}],"author":[{"embeddable":true,"href":"https:\/\/hoyre.no\/hoyanger\/wp-json\/wp\/v2\/users\/29319"}],"replies":[{"embeddable":true,"href":"https:\/\/hoyre.no\/hoyanger\/wp-json\/wp\/v2\/comments?post=43"}],"version-history":[{"count":2,"href":"https:\/\/hoyre.no\/hoyanger\/wp-json\/wp\/v2\/pages\/43\/revisions"}],"predecessor-version":[{"id":76,"href":"https:\/\/hoyre.no\/hoyanger\/wp-json\/wp\/v2\/pages\/43\/revisions\/76"}],"wp:attachment":[{"href":"https:\/\/hoyre.no\/hoyanger\/wp-json\/wp\/v2\/media?parent=43"}],"curies":[{"name":"wp","href":"https:\/\/api.w.org\/{rel}","templated":true}]}}