{"id":26,"date":"2023-05-02T12:45:28","date_gmt":"2023-05-02T10:45:28","guid":{"rendered":"https:\/\/hoyre.no\/hustadvika\/?page_id=26"},"modified":"2025-01-20T10:28:02","modified_gmt":"2025-01-20T09:28:02","slug":"politikk","status":"publish","type":"page","link":"https:\/\/hoyre.no\/hustadvika\/politikk\/","title":{"rendered":"Politikk"},"content":{"rendered":"\n<div class=\"wp-block-hoyre-hero with-image-gradient text-color-light  alignfull has-background\"><div class=\"hoyre-hero \"><h1 class=\"title\">Fem grunner til \u00e5 stemme H\u00f8yre<\/h1><p class=\"preamble\">N\u00e5r frivilligheten, n\u00e6ringslivet og offentlig sektor spiller p\u00e5 lag, skapes det gode lokalsamfunn. H\u00f8yre tror p\u00e5 enkeltmenneskets evne og lyst til \u00e5 st\u00e5 p\u00e5 egne ben.<br><br>Det er v\u00e5r oppgave \u00e5 s\u00f8rge for at mennesker kan leve gode liv, uansett utgangspunkt. Vi skaper ikke politikk for kommunen, men for alle som bor der. H\u00f8yre tror p\u00e5 et samfunn som gir muligheter for alle.<\/p><\/div><\/div>\n\n\n\n<div class=\"wp-block-columns is-layout-flex wp-container-core-columns-is-layout-9d6595d7 wp-block-columns-is-layout-flex\">\n<div class=\"wp-block-column is-layout-flow wp-block-column-is-layout-flow\" style=\"flex-basis:100%\"><\/div>\n<\/div>\n\n\n\n\t\t<div class=\"has-lightest-blue-background-color is-layout-left alignwide alignwide wp-block-hoyre-media-text\">\n\t\t\t<div class=\"hoyre-media-text__media\">\n\t\t\t\t<img loading=\"lazy\" decoding=\"async\" width=\"1024\" height=\"683\" src=\"https:\/\/hoyre.no\/content\/uploads\/sites\/104\/2023\/07\/GettyImages-1271540077-1024x683.jpg\" class=\"hoyre-media-text__media-image\" alt=\"\" style=\"--focal: 50% 50%;\" srcset=\"https:\/\/hoyre.no\/content\/uploads\/sites\/104\/2023\/07\/GettyImages-1271540077-1024x683.jpg 1024w, https:\/\/hoyre.no\/content\/uploads\/sites\/104\/2023\/07\/GettyImages-1271540077-300x200.jpg 300w, https:\/\/hoyre.no\/content\/uploads\/sites\/104\/2023\/07\/GettyImages-1271540077-768x513.jpg 768w, https:\/\/hoyre.no\/content\/uploads\/sites\/104\/2023\/07\/GettyImages-1271540077-1536x1025.jpg 1536w, https:\/\/hoyre.no\/content\/uploads\/sites\/104\/2023\/07\/GettyImages-1271540077-2048x1367.jpg 2048w\" sizes=\"auto, (max-width: 1024px) 100vw, 1024px\" \/>\n\t\t\t<\/div>\n\t\t\t<div class=\"hoyre-media-text__content\">\n\t\t\t\t<div class=\"hoyre-media-text__content-inner\">\n\t\t\t\t\t\n\t\t\t<div class=\"hoyre-media-text__title-container\">\n\t\t\t\t\n\t\t\t\t<h2 class=\"hoyre-media-text__title\">1. Hustadvika skal v\u00e6re en kommune med muligheter for alle, for innbyggere og n\u00e6ringsliv<\/h2>\n\t\t\t<\/div>\n\t\t\t\n\t\t\t\t\t<div class=\"hoyre-media-text__blocks\"><\/div>\n\t\t\t\t\t\n\t\t\t\t<\/div>\n\t\t\t<\/div>\n\t\t<\/div>\n\t\t\n\n\n\n\n\t\t<div class=\"has-lightest-blue-background-color is-layout-right alignwide alignwide wp-block-hoyre-media-text\">\n\t\t\t<div class=\"hoyre-media-text__media\">\n\t\t\t\t<img loading=\"lazy\" decoding=\"async\" width=\"1024\" height=\"683\" src=\"https:\/\/hoyre.no\/content\/uploads\/sites\/104\/2023\/07\/GettyImages-514112456-1024x683.jpg\" class=\"hoyre-media-text__media-image\" alt=\"\" style=\"--focal: 50% 50%;\" srcset=\"https:\/\/hoyre.no\/content\/uploads\/sites\/104\/2023\/07\/GettyImages-514112456-1024x683.jpg 1024w, https:\/\/hoyre.no\/content\/uploads\/sites\/104\/2023\/07\/GettyImages-514112456-300x200.jpg 300w, https:\/\/hoyre.no\/content\/uploads\/sites\/104\/2023\/07\/GettyImages-514112456-768x513.jpg 768w, https:\/\/hoyre.no\/content\/uploads\/sites\/104\/2023\/07\/GettyImages-514112456-1536x1025.jpg 1536w, https:\/\/hoyre.no\/content\/uploads\/sites\/104\/2023\/07\/GettyImages-514112456-2048x1367.jpg 2048w\" sizes=\"auto, (max-width: 1024px) 100vw, 1024px\" \/>\n\t\t\t<\/div>\n\t\t\t<div class=\"hoyre-media-text__content\">\n\t\t\t\t<div class=\"hoyre-media-text__content-inner\">\n\t\t\t\t\t\n\t\t\t<div class=\"hoyre-media-text__title-container\">\n\t\t\t\t\n\t\t\t\t<h2 class=\"hoyre-media-text__title\">2. Et aldersvennlig samfunn og omsorg i alle livets faser<\/h2>\n\t\t\t<\/div>\n\t\t\t\n\t\t\t\t\t<div class=\"hoyre-media-text__blocks\"><\/div>\n\t\t\t\t\t\n\t\t\t\t<\/div>\n\t\t\t<\/div>\n\t\t<\/div>\n\t\t\n\n\n\t\t<div class=\"has-lightest-blue-background-color is-layout-left alignwide alignwide wp-block-hoyre-media-text\">\n\t\t\t<div class=\"hoyre-media-text__media\">\n\t\t\t\t<img loading=\"lazy\" decoding=\"async\" width=\"1024\" height=\"566\" src=\"https:\/\/hoyre.no\/content\/uploads\/sites\/104\/2023\/07\/GettyImages-473032112-1024x566.jpg\" class=\"hoyre-media-text__media-image\" alt=\"\" style=\"--focal: 50% 50%;\" srcset=\"https:\/\/hoyre.no\/content\/uploads\/sites\/104\/2023\/07\/GettyImages-473032112-1024x566.jpg 1024w, https:\/\/hoyre.no\/content\/uploads\/sites\/104\/2023\/07\/GettyImages-473032112-300x166.jpg 300w, https:\/\/hoyre.no\/content\/uploads\/sites\/104\/2023\/07\/GettyImages-473032112-768x425.jpg 768w, https:\/\/hoyre.no\/content\/uploads\/sites\/104\/2023\/07\/GettyImages-473032112-1536x850.jpg 1536w, https:\/\/hoyre.no\/content\/uploads\/sites\/104\/2023\/07\/GettyImages-473032112-2048x1133.jpg 2048w\" sizes=\"auto, (max-width: 1024px) 100vw, 1024px\" \/>\n\t\t\t<\/div>\n\t\t\t<div class=\"hoyre-media-text__content\">\n\t\t\t\t<div class=\"hoyre-media-text__content-inner\">\n\t\t\t\t\t\n\t\t\t<div class=\"hoyre-media-text__title-container\">\n\t\t\t\t\n\t\t\t\t<h2 class=\"hoyre-media-text__title\">3. Gode oppvekst vilk\u00e5r og fremtidsrettet tilbud til barn og unge<\/h2>\n\t\t\t<\/div>\n\t\t\t\n\t\t\t\t\t<div class=\"hoyre-media-text__blocks\"><\/div>\n\t\t\t\t\t\n\t\t\t\t<\/div>\n\t\t\t<\/div>\n\t\t<\/div>\n\t\t\n\n\n\t\t<div class=\"has-lightest-blue-background-color is-layout-right alignwide alignwide wp-block-hoyre-media-text\">\n\t\t\t<div class=\"hoyre-media-text__media\">\n\t\t\t\t<img loading=\"lazy\" decoding=\"async\" width=\"1024\" height=\"683\" src=\"https:\/\/hoyre.no\/content\/uploads\/sites\/104\/2023\/07\/GettyImages-166229590-1024x683.jpg\" class=\"hoyre-media-text__media-image\" alt=\"\" style=\"--focal: 50% 50%;\" srcset=\"https:\/\/hoyre.no\/content\/uploads\/sites\/104\/2023\/07\/GettyImages-166229590-1024x683.jpg 1024w, https:\/\/hoyre.no\/content\/uploads\/sites\/104\/2023\/07\/GettyImages-166229590-300x200.jpg 300w, https:\/\/hoyre.no\/content\/uploads\/sites\/104\/2023\/07\/GettyImages-166229590-768x512.jpg 768w, https:\/\/hoyre.no\/content\/uploads\/sites\/104\/2023\/07\/GettyImages-166229590-1536x1024.jpg 1536w, https:\/\/hoyre.no\/content\/uploads\/sites\/104\/2023\/07\/GettyImages-166229590-2048x1365.jpg 2048w\" sizes=\"auto, (max-width: 1024px) 100vw, 1024px\" \/>\n\t\t\t<\/div>\n\t\t\t<div class=\"hoyre-media-text__content\">\n\t\t\t\t<div class=\"hoyre-media-text__content-inner\">\n\t\t\t\t\t\n\t\t\t<div class=\"hoyre-media-text__title-container\">\n\t\t\t\t\n\t\t\t\t<h2 class=\"hoyre-media-text__title\">4. Tilrettelegge for n\u00e6ringsutvikling<\/h2>\n\t\t\t<\/div>\n\t\t\t\n\t\t\t\t\t<div class=\"hoyre-media-text__blocks\"><\/div>\n\t\t\t\t\t\n\t\t\t\t<\/div>\n\t\t\t<\/div>\n\t\t<\/div>\n\t\t\n\n\n\t\t<div class=\"has-lightest-blue-background-color is-layout-left alignwide alignwide wp-block-hoyre-media-text\">\n\t\t\t<div class=\"hoyre-media-text__media\">\n\t\t\t\t<img loading=\"lazy\" decoding=\"async\" width=\"1024\" height=\"683\" src=\"https:\/\/hoyre.no\/content\/uploads\/sites\/104\/2023\/07\/GettyImages-618740572-1024x683.jpg\" class=\"hoyre-media-text__media-image\" alt=\"\" style=\"--focal: 50% 50%;\" srcset=\"https:\/\/hoyre.no\/content\/uploads\/sites\/104\/2023\/07\/GettyImages-618740572-1024x683.jpg 1024w, https:\/\/hoyre.no\/content\/uploads\/sites\/104\/2023\/07\/GettyImages-618740572-300x200.jpg 300w, https:\/\/hoyre.no\/content\/uploads\/sites\/104\/2023\/07\/GettyImages-618740572-768x512.jpg 768w, https:\/\/hoyre.no\/content\/uploads\/sites\/104\/2023\/07\/GettyImages-618740572-1536x1024.jpg 1536w, https:\/\/hoyre.no\/content\/uploads\/sites\/104\/2023\/07\/GettyImages-618740572-2048x1365.jpg 2048w\" sizes=\"auto, (max-width: 1024px) 100vw, 1024px\" \/>\n\t\t\t<\/div>\n\t\t\t<div class=\"hoyre-media-text__content\">\n\t\t\t\t<div class=\"hoyre-media-text__content-inner\">\n\t\t\t\t\t\n\t\t\t<div class=\"hoyre-media-text__title-container\">\n\t\t\t\t\n\t\t\t\t<h2 class=\"hoyre-media-text__title\">5. En sunn og b\u00e6rekraftig kommune\u00f8konomi er Hustadvika H\u00f8yre sitt overordnede m\u00e5l. Her skal det v\u00e6re muligheter for alle.<\/h2>\n\t\t\t<\/div>\n\t\t\t\n\t\t\t\t\t<div class=\"hoyre-media-text__blocks\"><\/div>\n\t\t\t\t\t\n\t\t\t\t<\/div>\n\t\t\t<\/div>\n\t\t<\/div>\n\t\t","protected":false},"excerpt":{"rendered":"","protected":false},"author":29643,"featured_media":0,"parent":0,"menu_order":0,"comment_status":"closed","ping_status":"closed","template":"","meta":{"teft_cards_image_url":"","teft_cards_custom_pretitle":"","teft_cards_image_id":0,"teft_cards_image_focal_point_x":0,"teft_cards_image_focal_point_y":0,"teft_cards_title":"","teft_cards_excerpt":"","teft_show_chapters":false,"footnotes":""},"class_list":["post-26","page","type-page","status-publish","hentry"],"yoast_head":"<!-- This site is optimized with the Yoast SEO plugin v26.6 - https:\/\/yoast.com\/wordpress\/plugins\/seo\/ -->\n<title>Politikk - Hustadvika H\u00f8yre<\/title>\n<meta name=\"robots\" content=\"index, follow, max-snippet:-1, max-image-preview:large, max-video-preview:-1\" \/>\n<link rel=\"canonical\" href=\"https:\/\/hoyre.no\/hustadvika\/politikk\/\" \/>\n<meta property=\"og:locale\" content=\"nb_NO\" \/>\n<meta property=\"og:type\" content=\"article\" \/>\n<meta property=\"og:title\" content=\"Politikk - Hustadvika H\u00f8yre\" \/>\n<meta property=\"og:url\" content=\"https:\/\/hoyre.no\/hustadvika\/politikk\/\" \/>\n<meta property=\"og:site_name\" content=\"Hustadvika H\u00f8yre\" \/>\n<meta property=\"article:modified_time\" content=\"2025-01-20T09:28:02+00:00\" \/>\n<meta property=\"og:image\" content=\"https:\/\/hoyre.no\/content\/uploads\/sites\/104\/2022\/11\/Hoyres-logo.png\" \/>\n\t<meta property=\"og:image:width\" content=\"1000\" \/>\n\t<meta property=\"og:image:height\" content=\"1000\" \/>\n\t<meta property=\"og:image:type\" content=\"image\/png\" \/>\n<meta name=\"twitter:card\" content=\"summary_large_image\" \/>\n<meta name=\"twitter:label1\" content=\"Ansl. lesetid\" \/>\n\t<meta name=\"twitter:data1\" content=\"1 minutt\" \/>\n<script type=\"application\/ld+json\" class=\"yoast-schema-graph\">{\"@context\":\"https:\/\/schema.org\",\"@graph\":[{\"@type\":\"WebPage\",\"@id\":\"https:\/\/hoyre.no\/hustadvika\/politikk\/\",\"url\":\"https:\/\/hoyre.no\/hustadvika\/politikk\/\",\"name\":\"Politikk - Hustadvika H\u00f8yre\",\"isPartOf\":{\"@id\":\"https:\/\/hoyre.no\/hustadvika\/#website\"},\"datePublished\":\"2023-05-02T10:45:28+00:00\",\"dateModified\":\"2025-01-20T09:28:02+00:00\",\"breadcrumb\":{\"@id\":\"https:\/\/hoyre.no\/hustadvika\/politikk\/#breadcrumb\"},\"inLanguage\":\"nb-NO\",\"potentialAction\":[{\"@type\":\"ReadAction\",\"target\":[\"https:\/\/hoyre.no\/hustadvika\/politikk\/\"]}]},{\"@type\":\"BreadcrumbList\",\"@id\":\"https:\/\/hoyre.no\/hustadvika\/politikk\/#breadcrumb\",\"itemListElement\":[{\"@type\":\"ListItem\",\"position\":1,\"name\":\"Til hoyre.no\",\"item\":\"https:\/\/hoyre.no\"},{\"@type\":\"ListItem\",\"position\":2,\"name\":\"Hjem\",\"item\":\"https:\/\/hoyre.no\/hustadvika\/\"},{\"@type\":\"ListItem\",\"position\":3,\"name\":\"Politikk\"}]},{\"@type\":\"WebSite\",\"@id\":\"https:\/\/hoyre.no\/hustadvika\/#website\",\"url\":\"https:\/\/hoyre.no\/hustadvika\/\",\"name\":\"Hustadvika H\u00f8yre\",\"description\":\"Bare enda et H\u00f8yres nettsteder-nettsted\",\"inLanguage\":\"nb-NO\"}]}<\/script>\n<!-- \/ Yoast SEO plugin. -->","yoast_head_json":{"title":"Politikk - Hustadvika H\u00f8yre","robots":{"index":"index","follow":"follow","max-snippet":"max-snippet:-1","max-image-preview":"max-image-preview:large","max-video-preview":"max-video-preview:-1"},"canonical":"https:\/\/hoyre.no\/hustadvika\/politikk\/","og_locale":"nb_NO","og_type":"article","og_title":"Politikk - Hustadvika H\u00f8yre","og_url":"https:\/\/hoyre.no\/hustadvika\/politikk\/","og_site_name":"Hustadvika H\u00f8yre","article_modified_time":"2025-01-20T09:28:02+00:00","og_image":[{"width":1000,"height":1000,"url":"https:\/\/hoyre.no\/content\/uploads\/sites\/104\/2022\/11\/Hoyres-logo.png","type":"image\/png"}],"twitter_card":"summary_large_image","twitter_misc":{"Ansl. lesetid":"1 minutt"},"schema":{"@context":"https:\/\/schema.org","@graph":[{"@type":"WebPage","@id":"https:\/\/hoyre.no\/hustadvika\/politikk\/","url":"https:\/\/hoyre.no\/hustadvika\/politikk\/","name":"Politikk - Hustadvika H\u00f8yre","isPartOf":{"@id":"https:\/\/hoyre.no\/hustadvika\/#website"},"datePublished":"2023-05-02T10:45:28+00:00","dateModified":"2025-01-20T09:28:02+00:00","breadcrumb":{"@id":"https:\/\/hoyre.no\/hustadvika\/politikk\/#breadcrumb"},"inLanguage":"nb-NO","potentialAction":[{"@type":"ReadAction","target":["https:\/\/hoyre.no\/hustadvika\/politikk\/"]}]},{"@type":"BreadcrumbList","@id":"https:\/\/hoyre.no\/hustadvika\/politikk\/#breadcrumb","itemListElement":[{"@type":"ListItem","position":1,"name":"Til hoyre.no","item":"https:\/\/hoyre.no"},{"@type":"ListItem","position":2,"name":"Hjem","item":"https:\/\/hoyre.no\/hustadvika\/"},{"@type":"ListItem","position":3,"name":"Politikk"}]},{"@type":"WebSite","@id":"https:\/\/hoyre.no\/hustadvika\/#website","url":"https:\/\/hoyre.no\/hustadvika\/","name":"Hustadvika H\u00f8yre","description":"Bare enda et H\u00f8yres nettsteder-nettsted","inLanguage":"nb-NO"}]}},"distributor_meta":false,"distributor_terms":false,"distributor_media":false,"distributor_original_site_name":"Hustadvika H\u00f8yre","distributor_original_site_url":"https:\/\/hoyre.no\/hustadvika","push-errors":false,"_links":{"self":[{"href":"https:\/\/hoyre.no\/hustadvika\/wp-json\/wp\/v2\/pages\/26","targetHints":{"allow":["GET"]}}],"collection":[{"href":"https:\/\/hoyre.no\/hustadvika\/wp-json\/wp\/v2\/pages"}],"about":[{"href":"https:\/\/hoyre.no\/hustadvika\/wp-json\/wp\/v2\/types\/page"}],"author":[{"embeddable":true,"href":"https:\/\/hoyre.no\/hustadvika\/wp-json\/wp\/v2\/users\/29643"}],"replies":[{"embeddable":true,"href":"https:\/\/hoyre.no\/hustadvika\/wp-json\/wp\/v2\/comments?post=26"}],"version-history":[{"count":4,"href":"https:\/\/hoyre.no\/hustadvika\/wp-json\/wp\/v2\/pages\/26\/revisions"}],"predecessor-version":[{"id":40,"href":"https:\/\/hoyre.no\/hustadvika\/wp-json\/wp\/v2\/pages\/26\/revisions\/40"}],"wp:attachment":[{"href":"https:\/\/hoyre.no\/hustadvika\/wp-json\/wp\/v2\/media?parent=26"}],"curies":[{"name":"wp","href":"https:\/\/api.w.org\/{rel}","templated":true}]}}