{"id":85,"date":"2023-05-02T12:48:45","date_gmt":"2023-05-02T10:48:45","guid":{"rendered":"https:\/\/hoyre.no\/indre-fosen\/?page_id=85"},"modified":"2023-08-03T14:04:06","modified_gmt":"2023-08-03T12:04:06","slug":"politikk","status":"publish","type":"page","link":"https:\/\/hoyre.no\/indre-fosen\/politikk\/","title":{"rendered":"Politikk"},"content":{"rendered":"\n<div class=\"wp-block-hoyre-hero with-image-gradient text-color-light  alignfull has-background\"><div class=\"hoyre-hero \"><h1 class=\"title\">Politikk<\/h1><p class=\"preamble\">N\u00e5r frivilligheten, n\u00e6ringslivet og offentlig sektor spiller p\u00e5 lag, skapes det gode lokalsamfunn. H\u00f8yre tror p\u00e5 enkeltmenneskets evne og lyst til \u00e5 st\u00e5 p\u00e5 egne ben.<br><br>Det er v\u00e5r oppgave \u00e5 s\u00f8rge for at mennesker kan leve gode liv, uansett utgangspunkt. Vi skaper ikke politikk for kommunen, men for alle som bor der. H\u00f8yre tror p\u00e5 et samfunn som gir muligheter for alle.<\/p><\/div><\/div>\n\n\n\n\n<div class=\"wp-block-hoyre-banner alignwide undefined  is-style-dark\"><div class=\"banner-inner\"><figure class=\"hoyre-image-wrapper\"><div class=\"hoyre-image\"><img loading=\"lazy\" decoding=\"async\" width=\"1536\" height=\"2048\" src=\"https:\/\/hoyre.no\/content\/uploads\/sites\/299\/2022\/08\/oskar-og-erna.jpeg\" class=\"attachment-scaled size-scaled\" alt=\"\" style=\"object-position: 52% 26%\" srcset=\"https:\/\/hoyre.no\/content\/uploads\/sites\/299\/2022\/08\/oskar-og-erna.jpeg 1536w, https:\/\/hoyre.no\/content\/uploads\/sites\/299\/2022\/08\/oskar-og-erna-225x300.jpeg 225w, https:\/\/hoyre.no\/content\/uploads\/sites\/299\/2022\/08\/oskar-og-erna-768x1024.jpeg 768w, https:\/\/hoyre.no\/content\/uploads\/sites\/299\/2022\/08\/oskar-og-erna-1152x1536.jpeg 1152w\" sizes=\"auto, (max-width: 1536px) 100vw, 1536px\" \/><\/div><\/figure><div class=\"banner-content\"><div class=\"entry-content\">\n<h2 class=\"wp-block-heading\"><strong>Fem grunner til \u00e5 stemme Indre Fosen H\u00f8yre<\/strong><\/h2>\n\n\n\n<div class=\"wp-block-buttons is-layout-flex wp-block-buttons-is-layout-flex\">\n<div class=\"wp-block-button\"><a class=\"wp-block-button__link\" href=\"https:\/\/hoyre.no\/indre-fosen\/forsiden\/5-grunner-til-a-stemme-pa-indre-fosen-hoyre\/\">trykk her for \u00e5 lese<\/a><\/div>\n<\/div>\n<\/div><\/div><\/div><\/div>\n\n\n\n<div class=\"wp-block-hoyre-banner alignwide undefined  is-style-blue\"><div class=\"banner-inner\"><figure class=\"hoyre-image-wrapper\"><div class=\"hoyre-image\"><img loading=\"lazy\" decoding=\"async\" width=\"960\" height=\"957\" src=\"https:\/\/hoyre.no\/content\/uploads\/sites\/299\/2022\/08\/oskar-sma\u030avik-1.jpeg\" class=\"attachment-scaled size-scaled\" alt=\"\" style=\"object-position: 52% 26%\" srcset=\"https:\/\/hoyre.no\/content\/uploads\/sites\/299\/2022\/08\/oskar-sma\u030avik-1.jpeg 960w, https:\/\/hoyre.no\/content\/uploads\/sites\/299\/2022\/08\/oskar-sma\u030avik-1-300x300.jpeg 300w, https:\/\/hoyre.no\/content\/uploads\/sites\/299\/2022\/08\/oskar-sma\u030avik-1-150x150.jpeg 150w, https:\/\/hoyre.no\/content\/uploads\/sites\/299\/2022\/08\/oskar-sma\u030avik-1-768x766.jpeg 768w\" sizes=\"auto, (max-width: 960px) 100vw, 960px\" \/><\/div><\/figure><div class=\"banner-content\"><div class=\"entry-content\">\n<h2 class=\"wp-block-heading\"><strong>Indre Fosen H\u00f8yres ordf\u00f8rerkandidat<\/strong><\/h2>\n\n\n\n<div class=\"wp-block-buttons is-layout-flex wp-block-buttons-is-layout-flex\">\n<div class=\"wp-block-button\"><a class=\"wp-block-button__link\" href=\"https:\/\/hoyre.no\/indre-fosen\/forsiden\/oskar-smavik-var-ordforerkandidat\/\">BLI BEDRE KJENT MED Oskar Sm\u00e5vik<\/a><\/div>\n<\/div>\n<\/div><\/div><\/div><\/div>\n\n\n\n<div class=\"wp-block-teft-file icon-link-block\"><a href=\"https:\/\/hoyre.no\/content\/uploads\/sites\/299\/2023\/08\/IndreFosen.pdf\" download><span class=\"file-title\">Her kan du lese valgprogrammet v\u00e5rt for 2023-2027<\/span><span class=\"file-name\">IndreFosen.pdf [403.1kb]<\/span><\/a><\/div>\n\n","protected":false},"excerpt":{"rendered":"","protected":false},"author":31684,"featured_media":0,"parent":0,"menu_order":0,"comment_status":"closed","ping_status":"closed","template":"","meta":{"teft_cards_image_url":"","teft_cards_custom_pretitle":"","teft_cards_image_id":0,"teft_cards_image_focal_point_x":0,"teft_cards_image_focal_point_y":0,"teft_cards_title":"","teft_cards_excerpt":"","teft_show_chapters":false,"footnotes":""},"class_list":["post-85","page","type-page","status-publish","hentry"],"yoast_head":"<!-- This site is optimized with the Yoast SEO plugin v26.6 - https:\/\/yoast.com\/wordpress\/plugins\/seo\/ -->\n<title>Politikk - Indre Fosen H\u00f8yre<\/title>\n<meta name=\"robots\" content=\"index, follow, max-snippet:-1, max-image-preview:large, max-video-preview:-1\" \/>\n<link rel=\"canonical\" href=\"https:\/\/hoyre.no\/indre-fosen\/politikk\/\" \/>\n<meta property=\"og:locale\" content=\"nb_NO\" \/>\n<meta property=\"og:type\" content=\"article\" \/>\n<meta property=\"og:title\" content=\"Politikk - Indre Fosen H\u00f8yre\" \/>\n<meta property=\"og:url\" content=\"https:\/\/hoyre.no\/indre-fosen\/politikk\/\" \/>\n<meta property=\"og:site_name\" content=\"Indre Fosen H\u00f8yre\" \/>\n<meta property=\"article:modified_time\" content=\"2023-08-03T12:04:06+00:00\" \/>\n<meta property=\"og:image\" content=\"https:\/\/hoyre.no\/content\/uploads\/sites\/299\/2022\/11\/Hoyres-logo.png\" \/>\n\t<meta property=\"og:image:width\" content=\"1000\" \/>\n\t<meta property=\"og:image:height\" content=\"1000\" \/>\n\t<meta property=\"og:image:type\" content=\"image\/png\" \/>\n<meta name=\"twitter:card\" content=\"summary_large_image\" \/>\n<meta name=\"twitter:label1\" content=\"Ansl. lesetid\" \/>\n\t<meta name=\"twitter:data1\" content=\"1 minutt\" \/>\n<script type=\"application\/ld+json\" class=\"yoast-schema-graph\">{\"@context\":\"https:\/\/schema.org\",\"@graph\":[{\"@type\":\"WebPage\",\"@id\":\"https:\/\/hoyre.no\/indre-fosen\/politikk\/\",\"url\":\"https:\/\/hoyre.no\/indre-fosen\/politikk\/\",\"name\":\"Politikk - Indre Fosen H\u00f8yre\",\"isPartOf\":{\"@id\":\"https:\/\/hoyre.no\/indre-fosen\/#website\"},\"datePublished\":\"2023-05-02T10:48:45+00:00\",\"dateModified\":\"2023-08-03T12:04:06+00:00\",\"breadcrumb\":{\"@id\":\"https:\/\/hoyre.no\/indre-fosen\/politikk\/#breadcrumb\"},\"inLanguage\":\"nb-NO\",\"potentialAction\":[{\"@type\":\"ReadAction\",\"target\":[\"https:\/\/hoyre.no\/indre-fosen\/politikk\/\"]}]},{\"@type\":\"BreadcrumbList\",\"@id\":\"https:\/\/hoyre.no\/indre-fosen\/politikk\/#breadcrumb\",\"itemListElement\":[{\"@type\":\"ListItem\",\"position\":1,\"name\":\"Til hoyre.no\",\"item\":\"https:\/\/hoyre.no\"},{\"@type\":\"ListItem\",\"position\":2,\"name\":\"Hjem\",\"item\":\"https:\/\/hoyre.no\/indre-fosen\/\"},{\"@type\":\"ListItem\",\"position\":3,\"name\":\"Politikk\"}]},{\"@type\":\"WebSite\",\"@id\":\"https:\/\/hoyre.no\/indre-fosen\/#website\",\"url\":\"https:\/\/hoyre.no\/indre-fosen\/\",\"name\":\"Indre Fosen H\u00f8yre\",\"description\":\"Bare enda et H\u00f8yres nettsteder-nettsted\",\"inLanguage\":\"nb-NO\"}]}<\/script>\n<!-- \/ Yoast SEO plugin. -->","yoast_head_json":{"title":"Politikk - Indre Fosen H\u00f8yre","robots":{"index":"index","follow":"follow","max-snippet":"max-snippet:-1","max-image-preview":"max-image-preview:large","max-video-preview":"max-video-preview:-1"},"canonical":"https:\/\/hoyre.no\/indre-fosen\/politikk\/","og_locale":"nb_NO","og_type":"article","og_title":"Politikk - Indre Fosen H\u00f8yre","og_url":"https:\/\/hoyre.no\/indre-fosen\/politikk\/","og_site_name":"Indre Fosen H\u00f8yre","article_modified_time":"2023-08-03T12:04:06+00:00","og_image":[{"width":1000,"height":1000,"url":"https:\/\/hoyre.no\/content\/uploads\/sites\/299\/2022\/11\/Hoyres-logo.png","type":"image\/png"}],"twitter_card":"summary_large_image","twitter_misc":{"Ansl. lesetid":"1 minutt"},"schema":{"@context":"https:\/\/schema.org","@graph":[{"@type":"WebPage","@id":"https:\/\/hoyre.no\/indre-fosen\/politikk\/","url":"https:\/\/hoyre.no\/indre-fosen\/politikk\/","name":"Politikk - Indre Fosen H\u00f8yre","isPartOf":{"@id":"https:\/\/hoyre.no\/indre-fosen\/#website"},"datePublished":"2023-05-02T10:48:45+00:00","dateModified":"2023-08-03T12:04:06+00:00","breadcrumb":{"@id":"https:\/\/hoyre.no\/indre-fosen\/politikk\/#breadcrumb"},"inLanguage":"nb-NO","potentialAction":[{"@type":"ReadAction","target":["https:\/\/hoyre.no\/indre-fosen\/politikk\/"]}]},{"@type":"BreadcrumbList","@id":"https:\/\/hoyre.no\/indre-fosen\/politikk\/#breadcrumb","itemListElement":[{"@type":"ListItem","position":1,"name":"Til hoyre.no","item":"https:\/\/hoyre.no"},{"@type":"ListItem","position":2,"name":"Hjem","item":"https:\/\/hoyre.no\/indre-fosen\/"},{"@type":"ListItem","position":3,"name":"Politikk"}]},{"@type":"WebSite","@id":"https:\/\/hoyre.no\/indre-fosen\/#website","url":"https:\/\/hoyre.no\/indre-fosen\/","name":"Indre Fosen H\u00f8yre","description":"Bare enda et H\u00f8yres nettsteder-nettsted","inLanguage":"nb-NO"}]}},"distributor_meta":false,"distributor_terms":false,"distributor_media":false,"distributor_original_site_name":"Indre Fosen H\u00f8yre","distributor_original_site_url":"https:\/\/hoyre.no\/indre-fosen","push-errors":false,"_links":{"self":[{"href":"https:\/\/hoyre.no\/indre-fosen\/wp-json\/wp\/v2\/pages\/85","targetHints":{"allow":["GET"]}}],"collection":[{"href":"https:\/\/hoyre.no\/indre-fosen\/wp-json\/wp\/v2\/pages"}],"about":[{"href":"https:\/\/hoyre.no\/indre-fosen\/wp-json\/wp\/v2\/types\/page"}],"author":[{"embeddable":true,"href":"https:\/\/hoyre.no\/indre-fosen\/wp-json\/wp\/v2\/users\/31684"}],"replies":[{"embeddable":true,"href":"https:\/\/hoyre.no\/indre-fosen\/wp-json\/wp\/v2\/comments?post=85"}],"version-history":[{"count":4,"href":"https:\/\/hoyre.no\/indre-fosen\/wp-json\/wp\/v2\/pages\/85\/revisions"}],"predecessor-version":[{"id":120,"href":"https:\/\/hoyre.no\/indre-fosen\/wp-json\/wp\/v2\/pages\/85\/revisions\/120"}],"wp:attachment":[{"href":"https:\/\/hoyre.no\/indre-fosen\/wp-json\/wp\/v2\/media?parent=85"}],"curies":[{"name":"wp","href":"https:\/\/api.w.org\/{rel}","templated":true}]}}