{"id":129,"date":"2023-05-02T12:47:01","date_gmt":"2023-05-02T10:47:01","guid":{"rendered":"https:\/\/hoyre.no\/indre-ostfold\/?page_id=129"},"modified":"2023-07-03T12:44:05","modified_gmt":"2023-07-03T10:44:05","slug":"politikk","status":"publish","type":"page","link":"https:\/\/hoyre.no\/indre-ostfold\/politikk\/","title":{"rendered":"Politikk"},"content":{"rendered":"\n<div class=\"wp-block-hoyre-hero with-image-gradient text-color-light  has-media alignfull has-background\"><div class=\"hoyre-hero has-image\"><h1 class=\"title\">VI TROR P\u00c5 INDRE \u00d8STFOLD<\/h1><p class=\"preamble\">Indre \u00d8stfold H\u00f8yre er et parti der individuell valgfrihet st\u00e5r i sentrum, og vi mener derfor at DU skal kunne bestemme hva som er best for deg og din familie. Et godt samfunn bygges p\u00e5 tillit og respekt for enkeltmennesket.  <\/p>\t\t\t<div class=\"post-meta wp-block teft-byline-wrapper\">\n\t\t\t\t<div class=\"top\">\n\t\t\t\t\t<div class=\"signature\">\n\t\t\t\t\t\t<div class=\"teft-byline\">\n\t\t\t\t\t\t\t\t\t\t\t\t\t\t<div>\n\t\t\t\t\t\t\t\t<h3>H\u00f8yres redaksjon<\/h3>\t\t\t\t\t\t\t\t\n\t\t\t\t\t\t\t\t\t\t\t\t\t\t\t\t\t<span class=\"date\">Sist oppdatert: 3. juli 2023<\/span>\n\t\t\t\t\t\t\t\t\t\t\t\t\t\t\t\t\t\t\t\t\t\t\t\t\t<span class=\"reading-time\" itemprop=\"timeRequired\" content=\"PT1M\"><em>Ca. 1 minutter lesetid<\/em><\/span>\n\t\t\t\t\t\t\t\t\t\t\t\t\t\t\t<\/div>\n\t\t\t\t\t\t<\/div>\n\t\t\t\t\t<\/div>\n\t\t\t\t\t\t<div class=\"sharing\">\n\t\t<a class=\"share-button share-link copy-link\" data-copy=\"https:\/\/hoyre.no\/indre-ostfold\/politikk\/\" target=\"_blank\"><span class=\"screen-reader-text\">Del link<\/span><\/a>\n\t\t<a class=\"share-button share-twitter\" href=\"http:\/\/twitter.com\/share?text=Politikk&#038;url=https:\/\/hoyre.no\/indre-ostfold\/politikk\/&#038;hashtags=Hoyre\" target=\"_blank\"><span class=\"screen-reader-text\">Del p\u00e5 twitter<\/span><\/a>\n\t\t<a class=\"share-button share-facebook\" href=\"https:\/\/www.facebook.com\/sharer\/sharer.php?u=https:\/\/hoyre.no\/indre-ostfold\/politikk\/\" target=\"_blank\"><span class=\"screen-reader-text\">Del p\u00e5 facebook<\/span><\/a>\n\t<\/div>\n\t\t\t\t\t<\/div>\n\t\t\t<\/div>\n\n\t\t\t<figure class=\"hoyre-image-wrapper\"><div class=\"hoyre-image\"><img loading=\"lazy\" decoding=\"async\" width=\"2500\" height=\"1667\" src=\"https:\/\/hoyre.no\/content\/uploads\/sites\/185\/2023\/06\/GettyImages-999910982-scaled.jpg\" class=\"attachment-scaled size-scaled\" alt=\"\" style=\"object-position: 50% 50%\" srcset=\"https:\/\/hoyre.no\/content\/uploads\/sites\/185\/2023\/06\/GettyImages-999910982-scaled.jpg 2500w, https:\/\/hoyre.no\/content\/uploads\/sites\/185\/2023\/06\/GettyImages-999910982-300x200.jpg 300w, https:\/\/hoyre.no\/content\/uploads\/sites\/185\/2023\/06\/GettyImages-999910982-1024x683.jpg 1024w, https:\/\/hoyre.no\/content\/uploads\/sites\/185\/2023\/06\/GettyImages-999910982-768x512.jpg 768w, https:\/\/hoyre.no\/content\/uploads\/sites\/185\/2023\/06\/GettyImages-999910982-1536x1024.jpg 1536w, https:\/\/hoyre.no\/content\/uploads\/sites\/185\/2023\/06\/GettyImages-999910982-2048x1365.jpg 2048w\" sizes=\"auto, (max-width: 2500px) 100vw, 2500px\" \/><\/div><\/figure><\/div><\/div>\n\n\n\n\n<div class=\"wp-block-teft-file icon-link-block\"><a href=\"https:\/\/hoyre.no\/content\/uploads\/sites\/185\/2023\/06\/PROGRAMMET-FOR-2023-2027.pdf\" download><span class=\"file-title\">Her kan du lese valgprogrammet v\u00e5rt for 2023-2027<\/span><span class=\"file-name\">PROGRAMMET-FOR-2023-2027.pdf [43.3kb]<\/span><\/a><\/div>\n\n\n\n\n\n<h2 class=\"wp-block-heading\">10 gode grunner til \u00e5 stemme Indre \u00d8stfold H\u00f8yre<\/h2>\n\n\n\n<div class=\"wp-block-teft-accordion\"><div class=\"teft-accordion__inner\">\n<div class=\"wp-block-teft-item\"><div class=\"teft-item__inner\"><h4 class=\"toggle\"><strong>Nei til eiendomsskatt for hus, hytter og n\u00e6ring<\/strong><\/h4><div class=\"teft-item__inner-content entry-content\">\n<ul class=\"wp-block-list\" type=\"a\"><li>Beholde mer av dine egne penger<\/li><li>Avgiftene skal holdes nede<\/li><\/ul>\n<\/div><\/div><\/div>\n\n\n\n<div class=\"wp-block-teft-item\"><div class=\"teft-item__inner\"><h4 class=\"toggle\"><strong>Gode skoler med kvalifiserte l\u00e6rere<\/strong><\/h4><div class=\"teft-item__inner-content entry-content\">\n<ul class=\"wp-block-list\" type=\"a\"><li>Likeverdig skoletilbud for barna i hele kommunen<\/li><li>Alle skal oppleve mestring og l\u00e6ringsglede<\/li><li>Fortsette satsing p\u00e5 etter- og videreutdanning av l\u00e6rere<\/li><\/ul>\n<\/div><\/div><\/div>\n\n\n\n<div class=\"wp-block-teft-item\"><div class=\"teft-item__inner\"><h4 class=\"toggle\"><strong>Full barnehagedekning og l\u00f8pende opptak<\/strong><\/h4><div class=\"teft-item__inner-content entry-content\">\n<ul class=\"wp-block-list\" type=\"a\"><li>Nok kvalifisert personell<\/li><li>Fleksible \u00e5pningstider<\/li><\/ul>\n<\/div><\/div><\/div>\n\n\n\n<div class=\"wp-block-teft-item\"><div class=\"teft-item__inner\"><h4 class=\"toggle\"><strong>P\u00e5 lag med n\u00e6ringslivet<\/strong><\/h4><div class=\"teft-item__inner-content entry-content\">\n<ul class=\"wp-block-list\" type=\"a\"><li>Legge til rette for verdiskapning og n\u00e6ringsutvikling<\/li><li>Bedriftsmangfold \u2013 forutsigbarhet og gode rammebetingelser<\/li><li>P\u00e5 lag med de som skaper arbeidsplasser<\/li><\/ul>\n<\/div><\/div><\/div>\n\n\n\n<div class=\"wp-block-teft-item\"><div class=\"teft-item__inner\"><h4 class=\"toggle\"><strong>Trygge og verdige helse- og omsorgstjenester<\/strong><\/h4><div class=\"teft-item__inner-content entry-content\">\n<ul class=\"wp-block-list\" type=\"a\"><li>Flere sykehjemsplasser<\/li><li>Fremtidsrettede boformer og bofellesskap<\/li><li>Valgfrihet \u2013 Du skal bestemme over din egen hverdag<\/li><\/ul>\n<\/div><\/div><\/div>\n\n\n\n<div class=\"wp-block-teft-item\"><div class=\"teft-item__inner\"><h4 class=\"toggle\"><strong>Rask helsehjelp<\/strong><\/h4><div class=\"teft-item__inner-content entry-content\">\n<ul class=\"wp-block-list\" type=\"a\"><li>Psykisk helsehjelp n\u00e5r du trenger det<\/li><li>Styrke helsesykepleiertjenesten til barn og unge<\/li><li>Sikre fastlege til alle<\/li><\/ul>\n<\/div><\/div><\/div>\n\n\n\n<div class=\"wp-block-teft-item\"><div class=\"teft-item__inner\"><h4 class=\"toggle\"><strong>By- og tettstedsutvikling<\/strong><\/h4><div class=\"teft-item__inner-content entry-content\">\n<ul class=\"wp-block-list\" type=\"a\"><li>Gode oppvekstsvilk\u00e5r for alle<\/li><li>Trygge bomilj\u00f8er og sikre skoleveier<\/li><li>&nbsp;Planlegge for flere og varierte boliger der folk vil bo<\/li><\/ul>\n<\/div><\/div><\/div>\n\n\n\n<div class=\"wp-block-teft-item\"><div class=\"teft-item__inner\"><h4 class=\"toggle\"><strong>Samferdsel<\/strong><\/h4><div class=\"teft-item__inner-content entry-content\">\n<ul class=\"wp-block-list\" type=\"a\"><li>Jobbe for et bedre kollektivtilbud i Indre \u00d8stfold<\/li><li>Sikre nok P-plasser til pendlere ved alle stasjoner<\/li><li>Styrke vedlikeholdet av kommunale veier<\/li><\/ul>\n<\/div><\/div><\/div>\n\n\n\n<div class=\"wp-block-teft-item\"><div class=\"teft-item__inner\"><h4 class=\"toggle\"><strong>Frivillighet, idrett og kultur<\/strong><\/h4><div class=\"teft-item__inner-content entry-content\">\n<ul class=\"wp-block-list\" type=\"a\"><li>Fritidskort til alle unge &#8211; og st\u00f8tte opp om et variert aktivitetstilbud<\/li><li>Vedlikeholde idrettsanleggene og st\u00f8tte opp om nye<\/li><li>St\u00f8tte opp om det lokale kulturarbeidet<\/li><\/ul>\n<\/div><\/div><\/div>\n\n\n\n<div class=\"wp-block-teft-item\"><div class=\"teft-item__inner\"><h4 class=\"toggle\"><strong>Milj\u00f8et v\u00e5rt &#8211; kutte utslipp, ikke utviklingen<\/strong><\/h4><div class=\"teft-item__inner-content entry-content\">\n<ul class=\"wp-block-list\" type=\"a\"><li>Ta i bruk energibesparende tiltak i kommunale bygg og vurdere solceller<\/li><li>Balansere vekst og vern<\/li><li>Redusere fors\u00f8pling i n\u00e6romr\u00e5dene &#8211; med enklere levering av avfall<\/li><\/ul>\n<\/div><\/div><\/div>\n<\/div><\/div>\n\n\n\n\n\n","protected":false},"excerpt":{"rendered":"","protected":false},"author":51320,"featured_media":0,"parent":0,"menu_order":0,"comment_status":"closed","ping_status":"closed","template":"","meta":{"teft_cards_image_url":"","teft_cards_custom_pretitle":"","teft_cards_image_id":160,"teft_cards_image_focal_point_x":0.5,"teft_cards_image_focal_point_y":0.5,"teft_cards_title":"","teft_cards_excerpt":"","teft_show_chapters":false,"footnotes":""},"class_list":["post-129","page","type-page","status-publish","hentry"],"yoast_head":"<!-- This site is optimized with the Yoast SEO plugin v26.6 - https:\/\/yoast.com\/wordpress\/plugins\/seo\/ -->\n<title>Politikk - Indre \u00d8stfold H\u00f8yre<\/title>\n<meta name=\"robots\" content=\"index, follow, max-snippet:-1, max-image-preview:large, max-video-preview:-1\" \/>\n<link rel=\"canonical\" href=\"https:\/\/hoyre.no\/indre-ostfold\/politikk\/\" \/>\n<meta property=\"og:locale\" content=\"nb_NO\" \/>\n<meta property=\"og:type\" content=\"article\" \/>\n<meta property=\"og:title\" content=\"Politikk - Indre \u00d8stfold H\u00f8yre\" \/>\n<meta property=\"og:url\" content=\"https:\/\/hoyre.no\/indre-ostfold\/politikk\/\" \/>\n<meta property=\"og:site_name\" content=\"Indre \u00d8stfold H\u00f8yre\" \/>\n<meta property=\"article:modified_time\" content=\"2023-07-03T10:44:05+00:00\" \/>\n<meta property=\"og:image\" content=\"https:\/\/hoyre.no\/content\/uploads\/sites\/185\/2023\/06\/GettyImages-999910982-1024x683.jpg\" \/>\n<meta name=\"twitter:card\" content=\"summary_large_image\" \/>\n<meta name=\"twitter:label1\" content=\"Ansl. lesetid\" \/>\n\t<meta name=\"twitter:data1\" content=\"1 minutt\" \/>\n<script type=\"application\/ld+json\" class=\"yoast-schema-graph\">{\"@context\":\"https:\/\/schema.org\",\"@graph\":[{\"@type\":\"WebPage\",\"@id\":\"https:\/\/hoyre.no\/indre-ostfold\/politikk\/\",\"url\":\"https:\/\/hoyre.no\/indre-ostfold\/politikk\/\",\"name\":\"Politikk - Indre \u00d8stfold H\u00f8yre\",\"isPartOf\":{\"@id\":\"https:\/\/hoyre.no\/indre-ostfold\/#website\"},\"datePublished\":\"2023-05-02T10:47:01+00:00\",\"dateModified\":\"2023-07-03T10:44:05+00:00\",\"breadcrumb\":{\"@id\":\"https:\/\/hoyre.no\/indre-ostfold\/politikk\/#breadcrumb\"},\"inLanguage\":\"nb-NO\",\"potentialAction\":[{\"@type\":\"ReadAction\",\"target\":[\"https:\/\/hoyre.no\/indre-ostfold\/politikk\/\"]}]},{\"@type\":\"BreadcrumbList\",\"@id\":\"https:\/\/hoyre.no\/indre-ostfold\/politikk\/#breadcrumb\",\"itemListElement\":[{\"@type\":\"ListItem\",\"position\":1,\"name\":\"Til hoyre.no\",\"item\":\"https:\/\/hoyre.no\"},{\"@type\":\"ListItem\",\"position\":2,\"name\":\"Hjem\",\"item\":\"https:\/\/hoyre.no\/indre-ostfold\/\"},{\"@type\":\"ListItem\",\"position\":3,\"name\":\"Politikk\"}]},{\"@type\":\"WebSite\",\"@id\":\"https:\/\/hoyre.no\/indre-ostfold\/#website\",\"url\":\"https:\/\/hoyre.no\/indre-ostfold\/\",\"name\":\"Indre \u00d8stfold H\u00f8yre\",\"description\":\"Bare enda et H\u00f8yres nettsteder-nettsted\",\"inLanguage\":\"nb-NO\"}]}<\/script>\n<!-- \/ Yoast SEO plugin. -->","yoast_head_json":{"title":"Politikk - Indre \u00d8stfold H\u00f8yre","robots":{"index":"index","follow":"follow","max-snippet":"max-snippet:-1","max-image-preview":"max-image-preview:large","max-video-preview":"max-video-preview:-1"},"canonical":"https:\/\/hoyre.no\/indre-ostfold\/politikk\/","og_locale":"nb_NO","og_type":"article","og_title":"Politikk - Indre \u00d8stfold H\u00f8yre","og_url":"https:\/\/hoyre.no\/indre-ostfold\/politikk\/","og_site_name":"Indre \u00d8stfold H\u00f8yre","article_modified_time":"2023-07-03T10:44:05+00:00","og_image":[{"url":"https:\/\/hoyre.no\/content\/uploads\/sites\/185\/2023\/06\/GettyImages-999910982-1024x683.jpg","width":"","height":"","type":""}],"twitter_card":"summary_large_image","twitter_misc":{"Ansl. lesetid":"1 minutt"},"schema":{"@context":"https:\/\/schema.org","@graph":[{"@type":"WebPage","@id":"https:\/\/hoyre.no\/indre-ostfold\/politikk\/","url":"https:\/\/hoyre.no\/indre-ostfold\/politikk\/","name":"Politikk - Indre \u00d8stfold H\u00f8yre","isPartOf":{"@id":"https:\/\/hoyre.no\/indre-ostfold\/#website"},"datePublished":"2023-05-02T10:47:01+00:00","dateModified":"2023-07-03T10:44:05+00:00","breadcrumb":{"@id":"https:\/\/hoyre.no\/indre-ostfold\/politikk\/#breadcrumb"},"inLanguage":"nb-NO","potentialAction":[{"@type":"ReadAction","target":["https:\/\/hoyre.no\/indre-ostfold\/politikk\/"]}]},{"@type":"BreadcrumbList","@id":"https:\/\/hoyre.no\/indre-ostfold\/politikk\/#breadcrumb","itemListElement":[{"@type":"ListItem","position":1,"name":"Til hoyre.no","item":"https:\/\/hoyre.no"},{"@type":"ListItem","position":2,"name":"Hjem","item":"https:\/\/hoyre.no\/indre-ostfold\/"},{"@type":"ListItem","position":3,"name":"Politikk"}]},{"@type":"WebSite","@id":"https:\/\/hoyre.no\/indre-ostfold\/#website","url":"https:\/\/hoyre.no\/indre-ostfold\/","name":"Indre \u00d8stfold H\u00f8yre","description":"Bare enda et H\u00f8yres nettsteder-nettsted","inLanguage":"nb-NO"}]}},"distributor_meta":false,"distributor_terms":false,"distributor_media":false,"distributor_original_site_name":"Indre \u00d8stfold H\u00f8yre","distributor_original_site_url":"https:\/\/hoyre.no\/indre-ostfold","push-errors":false,"_links":{"self":[{"href":"https:\/\/hoyre.no\/indre-ostfold\/wp-json\/wp\/v2\/pages\/129","targetHints":{"allow":["GET"]}}],"collection":[{"href":"https:\/\/hoyre.no\/indre-ostfold\/wp-json\/wp\/v2\/pages"}],"about":[{"href":"https:\/\/hoyre.no\/indre-ostfold\/wp-json\/wp\/v2\/types\/page"}],"author":[{"embeddable":true,"href":"https:\/\/hoyre.no\/indre-ostfold\/wp-json\/wp\/v2\/users\/51320"}],"replies":[{"embeddable":true,"href":"https:\/\/hoyre.no\/indre-ostfold\/wp-json\/wp\/v2\/comments?post=129"}],"version-history":[{"count":5,"href":"https:\/\/hoyre.no\/indre-ostfold\/wp-json\/wp\/v2\/pages\/129\/revisions"}],"predecessor-version":[{"id":172,"href":"https:\/\/hoyre.no\/indre-ostfold\/wp-json\/wp\/v2\/pages\/129\/revisions\/172"}],"wp:attachment":[{"href":"https:\/\/hoyre.no\/indre-ostfold\/wp-json\/wp\/v2\/media?parent=129"}],"curies":[{"name":"wp","href":"https:\/\/api.w.org\/{rel}","templated":true}]}}