{"id":3,"date":"2020-11-12T10:13:53","date_gmt":"2020-11-12T09:13:53","guid":{"rendered":"https:\/\/hoyre.no\/indre-ostfold\/forsiden\/"},"modified":"2026-04-23T14:48:43","modified_gmt":"2026-04-23T12:48:43","slug":"forsiden","status":"publish","type":"page","link":"https:\/\/hoyre.no\/indre-ostfold\/","title":{"rendered":"Forsiden"},"content":{"rendered":"<div class=\"hero-2026 is-style-corner alignwide wp-block-hoyre-hero-2026\">\n\t\t\t<div class=\"hero-2026__image\"><img decoding=\"async\" src=\"https:\/\/hoyre.no\/content\/uploads\/sites\/185\/2026\/04\/Y9A3672-scaled.jpg\" alt=\"\" \/><\/div>\n\t\t\t\n\t\t\t<div class=\"hero-2026__content\">\n\t\t\t\t<svg width=\"101\" height=\"480\" viewBox=\"0 0 101 480\" fill=\"none\" xmlns=\"http:\/\/www.w3.org\/2000\/svg\">\n<path d=\"M6.65616 117.334C-0.295628 76.2104 -3.77152 55.6485 6.21097 39.8114C16.1935 23.9743 36.2437 18.2415 76.3441 6.77569L100.041 0L100.042 480L67.9629 480L6.65616 117.334Z\" fill=\"currentColor\" \/>\n<\/svg>\n\n\t\t\t\t<p class=\"hero-2026__subtitle\">Indre \u00d8stfold H\u00f8yre<\/p>\n\t\t\t\t<h2 class=\"hero-2026__title\">Muligheter for alle<\/h2>\n\t\t\t\t<div class=\"hero-2026__buttons\">\n\n<div class=\"wp-block-buttons is-content-justification-center is-layout-flex wp-container-core-buttons-is-layout-16018d1d wp-block-buttons-is-layout-flex\">\n<div class=\"wp-block-button\"><a class=\"wp-block-button__link wp-element-button\" href=\"https:\/\/hoyre.no\/bli-med\/bli-medlem\/\">Bli medlem<\/a><\/div>\n<\/div>\n\n<\/div>\n\t\t\t<\/div>\n\t\t<\/div>\n\n<div class=\"wp-block-image\">\n<figure class=\"aligncenter size-medium\"><img loading=\"lazy\" decoding=\"async\" width=\"250\" height=\"300\" src=\"https:\/\/hoyre.no\/content\/uploads\/sites\/185\/2024\/11\/Lise-Rognerud-250x300.png\" alt=\"Lise Rognerud\" class=\"wp-image-219\" srcset=\"https:\/\/hoyre.no\/content\/uploads\/sites\/185\/2024\/11\/Lise-Rognerud-250x300.png 250w, https:\/\/hoyre.no\/content\/uploads\/sites\/185\/2024\/11\/Lise-Rognerud-853x1024.png 853w, https:\/\/hoyre.no\/content\/uploads\/sites\/185\/2024\/11\/Lise-Rognerud-768x922.png 768w, https:\/\/hoyre.no\/content\/uploads\/sites\/185\/2024\/11\/Lise-Rognerud.png 1200w\" sizes=\"auto, (max-width: 250px) 100vw, 250px\" \/><figcaption class=\"wp-element-caption\">Indre \u00d8stfold H\u00f8yres gruppeleder &#8211; Lise Rognerud<\/figcaption><\/figure><\/div>\n\n\n\n<h2 class=\"wp-block-heading\" id=\"h-indre-ostfold-hoyres-hjertesaker\">Indre \u00d8stfold H\u00f8yres hjertesaker\ud83d\udc99 <\/h2>\n\n\n\n<div class=\"wp-block-teft-accordion\"><div class=\"teft-accordion__inner\">\n<div class=\"wp-block-teft-item\"><div class=\"teft-item__inner\"><h4 class=\"toggle\">Nei til eiendomsskatt for hus, hytter og n\u00e6ring<\/h4><div class=\"teft-item__inner-content entry-content\">\n<ul class=\"wp-block-list\">\n<li>Beholde mer av dine egne penger<\/li>\n\n\n\n<li>Avgiftene skal holdes nede<\/li>\n<\/ul>\n<\/div><\/div><\/div>\n\n\n\n<div class=\"wp-block-teft-item\"><div class=\"teft-item__inner\"><h4 class=\"toggle\">Gode skoler med kvalifiserte l\u00e6rere<\/h4><div class=\"teft-item__inner-content entry-content\">\n<ul class=\"wp-block-list\">\n<li>Likeverdig skoletilbud for barna i hele kommunen<\/li>\n\n\n\n<li>Alle skal oppleve mestring og l\u00e6ringsglede<\/li>\n\n\n\n<li>Fortsette satsing p\u00e5 etter- og videreutdanning av l\u00e6rere<\/li>\n<\/ul>\n<\/div><\/div><\/div>\n\n\n\n<div class=\"wp-block-teft-item\"><div class=\"teft-item__inner\"><h4 class=\"toggle\">Full barnehagedekning og l\u00f8pende opptak<\/h4><div class=\"teft-item__inner-content entry-content\">\n<ul class=\"wp-block-list\">\n<li>Nok kvalifisert personell<\/li>\n\n\n\n<li>Fleksible \u00e5pningstider<\/li>\n<\/ul>\n<\/div><\/div><\/div>\n\n\n\n<div class=\"wp-block-teft-item\"><div class=\"teft-item__inner\"><h4 class=\"toggle\">P\u00e5 lag med n\u00e6ringslivet<\/h4><div class=\"teft-item__inner-content entry-content\">\n<ul class=\"wp-block-list\">\n<li>Legge til rette for verdiskapning og n\u00e6ringsutvikling<\/li>\n\n\n\n<li>Bedriftsmangfold \u2013 forutsigbarhet og gode rammebetingelser<\/li>\n\n\n\n<li>P\u00e5 lag med de som skaper arbeidsplasser<\/li>\n<\/ul>\n<\/div><\/div><\/div>\n\n\n\n<div class=\"wp-block-teft-item\"><div class=\"teft-item__inner\"><h4 class=\"toggle\">Trygge og verdige helse- og omsorgstjenester<\/h4><div class=\"teft-item__inner-content entry-content\">\n<ul class=\"wp-block-list\">\n<li>Flere sykehjemsplasser<\/li>\n\n\n\n<li>Fremtidsrettede boformer og bofellesskap<\/li>\n\n\n\n<li>Valgfrihet \u2013 Du skal bestemme over din egen hverdag<\/li>\n<\/ul>\n<\/div><\/div><\/div>\n\n\n\n<div class=\"wp-block-teft-item\"><div class=\"teft-item__inner\"><h4 class=\"toggle\">Rask helsehjelp<\/h4><div class=\"teft-item__inner-content entry-content\">\n<ul class=\"wp-block-list\">\n<li>Psykisk helsehjelp n\u00e5r du trenger det<\/li>\n\n\n\n<li>Styrke helsesykepleiertjenesten til barn og unge<\/li>\n\n\n\n<li>Sikre fastlege til alle<\/li>\n<\/ul>\n<\/div><\/div><\/div>\n\n\n\n<div class=\"wp-block-teft-item\"><div class=\"teft-item__inner\"><h4 class=\"toggle\">By- og tettstedsutvikling<\/h4><div class=\"teft-item__inner-content entry-content\">\n<ul class=\"wp-block-list\">\n<li>Gode oppvekstsvilk\u00e5r for alle<\/li>\n\n\n\n<li>Trygge bomilj\u00f8er og sikre skoleveier<\/li>\n\n\n\n<li>&nbsp;Planlegge for flere og varierte boliger der folk vil bo<\/li>\n<\/ul>\n<\/div><\/div><\/div>\n\n\n\n<div class=\"wp-block-teft-item\"><div class=\"teft-item__inner\"><h4 class=\"toggle\">Samferdsel<\/h4><div class=\"teft-item__inner-content entry-content\">\n<ul class=\"wp-block-list\">\n<li>Jobbe for et bedre kollektivtilbud i Indre \u00d8stfold<\/li>\n\n\n\n<li>Sikre nok P-plasser til pendlere ved alle stasjoner<\/li>\n\n\n\n<li>Styrke vedlikeholdet av kommunale veier<\/li>\n<\/ul>\n<\/div><\/div><\/div>\n\n\n\n<div class=\"wp-block-teft-item\"><div class=\"teft-item__inner\"><h4 class=\"toggle\">Frivillighet, idrett og kultur<\/h4><div class=\"teft-item__inner-content entry-content\">\n<ul class=\"wp-block-list\">\n<li>Fritidskort til alle unge &#8211; og st\u00f8tte opp om et variert aktivitetstilbud<\/li>\n\n\n\n<li>Vedlikeholde idrettsanleggene og st\u00f8tte opp om nye<\/li>\n\n\n\n<li>St\u00f8tte opp om det lokale kulturarbeidet<\/li>\n<\/ul>\n<\/div><\/div><\/div>\n\n\n\n<div class=\"wp-block-teft-item\"><div class=\"teft-item__inner\"><h4 class=\"toggle\">Milj\u00f8et v\u00e5rt &#8211; kutte utslipp, ikke utviklingen<\/h4><div class=\"teft-item__inner-content entry-content\">\n<ul class=\"wp-block-list\">\n<li>Ta i bruk energibesparende tiltak i kommunale bygg og vurdere solceller<\/li>\n\n\n\n<li>Balansere vekst og vern<\/li>\n\n\n\n<li>Redusere fors\u00f8pling i n\u00e6romr\u00e5dene &#8211; med enklere levering av avfall<\/li>\n<\/ul>\n<\/div><\/div><\/div>\n<\/div><\/div>\n\n\n\n<section class=\"wp-block-hoyre-branch-contact-person alignwide\">\n\t<div class=\"block-inner\">\n\t\t\n<div class=\"politician-info-wrapper\">\n\t<div class=\"politician-image-wrapper\">\n\t\t<div class=\"politician-image\">\n\t\t\t\t\t\t\t\t\t\t\t<a href=\"https:\/\/res.cloudinary.com\/hoyre\/image\/upload\/g_face:center,d_defaultprofileimg3.jpg,fl_lossy,f_auto\/v200902\/11099199.jpg\">\n\t\t\t\t\t<img decoding=\"async\" src=\"https:\/\/res.cloudinary.com\/hoyre\/image\/upload\/c_thumb,g_face:center,h_500,w_500,d_defaultprofileimg3.jpg,fl_lossy,f_auto\/w_500\/v20230420\/11099199.jpg\" alt=\"Profilbilde\" style=\"object-position: 50% 50%\" \/>\n\t\t\t\t<\/a>\n\t\t\t\t\t<\/div>\n\t\t\t<\/div>\n\t<div class=\"politician-details\">\n\t\t\t\t\t<h1 class=\"politician-name\"><a href=\"https:\/\/hoyre.no\/personprofiler\/lise-rognerud\/\">Lise Rognerud<\/a><\/h1>\n\t\t\t\t\t\t\t\t<h2 class=\"politician-title\">Gruppeleder<\/h2>\n\t\t\t\t\t<\/div>\n<\/div>\n\t<\/div>\n<\/section>\n\n\n\n\n<div class=\"wp-block-hoyre-banner alignwide undefined  is-style-light\"><div class=\"banner-inner\"><figure class=\"hoyre-image-wrapper\"><div class=\"hoyre-image\"><img decoding=\"async\" loading=\"lazy\" width=\"2048\" height=\"1365\" src=\"https:\/\/hoyre.no\/content\/uploads\/2020\/09\/54483135358_f67d549a0f_k.jpg\" class=\"attachment-scaled size-scaled\" alt=\"Ine\" style=\"object-position: 47% 42%\" \/><\/div><\/figure><div class=\"banner-content\"><div class=\"entry-content\">\n<h2 class=\"wp-block-heading\" id=\"h-bli-medlem-i-hoyre\">Bli medlem i H\u00f8yre<\/h2>\n\n\n\n<p>Vil du v\u00e6re med p\u00e5 \u00e5 skape et samfunn med muligheter for alle? Bli med p\u00e5 laget. Ditt bidrag gj\u00f8r oss enda sterkere.<\/p>\n\n\n\n<div class=\"wp-block-buttons is-layout-flex wp-block-buttons-is-layout-flex\">\n<div class=\"wp-block-button\"><a class=\"wp-block-button__link wp-element-button\" href=\"https:\/\/hoyre.no\/bli-med\/bli-medlem\/\">bli medlem i h\u00f8yre<\/a><\/div>\n<\/div>\n<\/div><\/div><\/div><\/div>\n\n\n\n\n<section class=\"wp-block-hoyre-latest-grid\">\n\t<div class=\"block-inner\">\n\t\t<header>\n\t\t\t<h2>Nyheter<\/h2>\n\t\t\t\t\t\t\t<a href=\"https:\/\/hoyre.no\/indre-ostfold\/nyheter\/\">Vis alle<\/a>\n\t\t\t\t\t<\/header>\n\t\t<div class=\"teft-cards-grid default-size-4\">\n\t\t\t<div class=\"teft-cards-item has-12-columns is-style-two-columns is-vertically-aligned-center is-aligned-center is-card-hoyre\">\n\t<div class=\"teft-card hoyre-teft-card post-teft-card\">\n\t\t<a href=\"https:\/\/hoyre.no\/indre-ostfold\/aktuelt\/thor-hals-er-innstillt-som-indre-ostfold-hoyres-ordforerkandidat\/\" class=\"teft-card__primary-action\">\n\n\t\t\t<div class=\"teft-card__media teft-card__media--16-9 no-image\"><\/div>\n\t\t\t<div class=\"teft-card__content-wrapper\">\n\t\t\t\t<div class=\"teft-card__secondary\">\n\t\t\t\t\t\n\t\t\t\t\t\t\t\t<div class=\"teft-card__meta\">\n\t\t\t\t\t\t\t\t\t<span class=\"post-date\">23. mar 2026<\/span>\n\n\t\t\t\t\t\t\t\t\t<span class=\"post-category\">Innlegg<\/span>\t\t\t\t\t\t\t\t<\/div>\n\t\t\t\t\t\t\t\t\t\t\t<\/div>\n\n\t\t\t\t<div class=\"teft-card__primary\">\n\t\t\t\t\t<h2 class=\"teft-card__title\">Thor Hals er innstilt som Indre \u00d8stfold H\u00f8yres ordf\u00f8rerkandidat&nbsp;<span class=\"teft-card__primary-title-append\"><\/span><\/h2>\t\t\t\t<\/div>\n\t\t\t<\/div>\n\t\t<\/a>\n\t<\/div>\n\n\t<\/div>\t\t\t<div class=\"teft-cards-item has-6-columns  is-card-hoyre\">\n\t<div class=\"teft-card hoyre-teft-card post-teft-card\">\n\t\t<a href=\"https:\/\/hoyre.no\/indre-ostfold\/aktuelt\/datoplan-for-nominasjonsprosessen-i-indre-ostfold-hoyre-kommunevalget-2027\/\" class=\"teft-card__primary-action\">\n\n\t\t\t<div class=\"teft-card__media teft-card__media--16-9 no-image\"><\/div>\n\t\t\t<div class=\"teft-card__content-wrapper\">\n\t\t\t\t<div class=\"teft-card__secondary\">\n\t\t\t\t\t\n\t\t\t\t\t\t\t\t<div class=\"teft-card__meta\">\n\t\t\t\t\t\t\t\t\t<span class=\"post-date\">22. jan 2026<\/span>\n\n\t\t\t\t\t\t\t\t\t<span class=\"post-category\">Nyheter<\/span>\t\t\t\t\t\t\t\t<\/div>\n\t\t\t\t\t\t\t\t\t\t\t<\/div>\n\n\t\t\t\t<div class=\"teft-card__primary\">\n\t\t\t\t\t<h2 class=\"teft-card__title\">Datoplan nominasjon i Indre \u00d8stfold H\u00f8yre, kommunevalget 2027&nbsp;<span class=\"teft-card__primary-title-append\"><\/span><\/h2>\t\t\t\t<\/div>\n\t\t\t<\/div>\n\t\t<\/a>\n\t<\/div>\n\n\t<\/div>\t\t\t<div class=\"teft-cards-item has-6-columns  is-card-hoyre\">\n\t<div class=\"teft-card hoyre-teft-card post-teft-card\">\n\t\t<a href=\"https:\/\/hoyre.no\/2026\/05\/08\/jonas-gahr-stores-rentebloff\/\" class=\"teft-card__primary-action\">\n\n\t\t\t\t\t<div class=\"teft-card__media teft-card__media--16-9\">\n\t\t\t<span class=\"sticker\">Nasjonal<\/span>\t\t\t<img loading=\"lazy\" decoding=\"async\" width=\"768\" height=\"512\" src=\"https:\/\/hoyre.no\/content\/uploads\/2026\/05\/54844894413_4c64b2628e_k-768x512.jpg\" class=\"attachment-medium_large size-medium_large\" alt=\"Astrup\" \/>\t\t<\/div>\n\t\t\n\t\t\t<div class=\"teft-card__content-wrapper\">\n\t\t\t\t<div class=\"teft-card__secondary\">\n\t\t\t\t\t\n\t\t\t\t\t\t\t\t<div class=\"teft-card__meta\">\n\t\t\t\t\t\t\t\t\t<span class=\"post-date\">8. mai 2026<\/span>\n\n\t\t\t\t\t\t\t\t\t\t\t\t\t\t\t\t\t<\/div>\n\t\t\t\t\t\t\t\t\t\t\t<\/div>\n\n\t\t\t\t<div class=\"teft-card__primary\">\n\t\t\t\t\t<h2 class=\"teft-card__title\">&#8211; Regjeringen gj\u00f8r ikke \u00abdet de kan\u00bb&nbsp;<span class=\"teft-card__primary-title-append\"><\/span><\/h2>\t\t\t\t<\/div>\n\t\t\t<\/div>\n\t\t<\/a>\n\t<\/div>\n\n\t<!-- From network 1 185--><!-- From card class --><\/div>\t\t\t<div class=\"teft-cards-item has-4-columns is-card-hoyre\">\n\t<div class=\"teft-card hoyre-teft-card post-teft-card\">\n\t\t<a href=\"https:\/\/hoyre.no\/indre-ostfold\/aktuelt\/indre-ostfold-hoyres-nominasjonskomite-for-valget-2027\/\" class=\"teft-card__primary-action\">\n\n\t\t\t<div class=\"teft-card__media teft-card__media--16-9 no-image\"><\/div>\n\t\t\t<div class=\"teft-card__content-wrapper\">\n\t\t\t\t<div class=\"teft-card__secondary\">\n\t\t\t\t\t\n\t\t\t\t\t\t\t\t<div class=\"teft-card__meta\">\n\t\t\t\t\t\t\t\t\t<span class=\"post-date\">19. des 2025<\/span>\n\n\t\t\t\t\t\t\t\t\t\t\t\t\t\t\t\t\t<\/div>\n\t\t\t\t\t\t\t\t\t\t\t<\/div>\n\n\t\t\t\t<div class=\"teft-card__primary\">\n\t\t\t\t\t<h2 class=\"teft-card__title\">Indre \u00d8stfold H\u00f8yres nominasjonskomite for valget 2027&nbsp;<span class=\"teft-card__primary-title-append\"><\/span><\/h2>\t\t\t\t<\/div>\n\t\t\t<\/div>\n\t\t<\/a>\n\t<\/div>\n\n\t<\/div>\t\t\t<div class=\"teft-cards-item has-4-columns is-card-hoyre\">\n\t<div class=\"teft-card hoyre-teft-card post-teft-card\">\n\t\t<a href=\"https:\/\/hoyre.no\/2026\/05\/08\/frihet-er-aldri-gratis\/\" class=\"teft-card__primary-action\">\n\n\t\t\t\t\t<div class=\"teft-card__media teft-card__media--16-9\">\n\t\t\t<span class=\"sticker\">Nasjonal<\/span>\t\t\t<img loading=\"lazy\" decoding=\"async\" width=\"768\" height=\"513\" src=\"https:\/\/hoyre.no\/content\/uploads\/2026\/05\/Skjermbilde-2026-05-08-kl.-10.01.47-768x513.png\" class=\"attachment-medium_large size-medium_large\" alt=\"MF\" \/>\t\t<\/div>\n\t\t\n\t\t\t<div class=\"teft-card__content-wrapper\">\n\t\t\t\t<div class=\"teft-card__secondary\">\n\t\t\t\t\t\n\t\t\t\t\t\t\t\t<div class=\"teft-card__meta\">\n\t\t\t\t\t\t\t\t\t<span class=\"post-date\">8. mai 2026<\/span>\n\n\t\t\t\t\t\t\t\t\t\t\t\t\t\t\t\t\t<\/div>\n\t\t\t\t\t\t\t\t\t\t\t<\/div>\n\n\t\t\t\t<div class=\"teft-card__primary\">\n\t\t\t\t\t<h2 class=\"teft-card__title\">&#8211; Frihet er aldri gratis&nbsp;<span class=\"teft-card__primary-title-append\"><\/span><\/h2>\t\t\t\t<\/div>\n\t\t\t<\/div>\n\t\t<\/a>\n\t<\/div>\n\n\t<!-- From network 1 185--><!-- From card class --><\/div>\t\t\t<div class=\"teft-cards-item has-4-columns is-card-hoyre\">\n\t<div class=\"teft-card hoyre-teft-card post-teft-card\">\n\t\t<a href=\"https:\/\/hoyre.no\/2026\/05\/08\/tar-grep-for-a-fa-fart-pa-stromnettet\/\" class=\"teft-card__primary-action\">\n\n\t\t\t\t\t<div class=\"teft-card__media teft-card__media--16-9\">\n\t\t\t<span class=\"sticker\">Nasjonal<\/span>\t\t\t<img loading=\"lazy\" decoding=\"async\" width=\"768\" height=\"576\" src=\"https:\/\/hoyre.no\/content\/uploads\/2026\/05\/photo-collage.png-768x576.png\" class=\"attachment-medium_large size-medium_large\" alt=\"\" \/>\t\t<\/div>\n\t\t\n\t\t\t<div class=\"teft-card__content-wrapper\">\n\t\t\t\t<div class=\"teft-card__secondary\">\n\t\t\t\t\t\n\t\t\t\t\t\t\t\t<div class=\"teft-card__meta\">\n\t\t\t\t\t\t\t\t\t<span class=\"post-date\">8. mai 2026<\/span>\n\n\t\t\t\t\t\t\t\t\t\t\t\t\t\t\t\t\t<\/div>\n\t\t\t\t\t\t\t\t\t\t\t<\/div>\n\n\t\t\t\t<div class=\"teft-card__primary\">\n\t\t\t\t\t<h2 class=\"teft-card__title\">Str\u00f8mnettet bremser Norge &#8211; H\u00f8yre tar grep&nbsp;<span class=\"teft-card__primary-title-append\"><\/span><\/h2>\t\t\t\t<\/div>\n\t\t\t<\/div>\n\t\t<\/a>\n\t<\/div>\n\n\t<!-- From network 1 185--><!-- From card class --><\/div>\t\t\t\t\t<\/div>\n\t<\/div>\n<\/section>\n\n\n\n\n\n\n\n","protected":false},"excerpt":{"rendered":"","protected":false},"author":51320,"featured_media":0,"parent":0,"menu_order":0,"comment_status":"closed","ping_status":"closed","template":"","meta":{"teft_cards_image_url":"","teft_cards_custom_pretitle":"","teft_cards_image_id":0,"teft_cards_image_focal_point_x":0,"teft_cards_image_focal_point_y":0,"teft_cards_title":"","teft_cards_excerpt":"","teft_show_chapters":false,"footnotes":""},"class_list":["post-3","page","type-page","status-publish","hentry"],"yoast_head":"<!-- This site is optimized with the Yoast SEO plugin v26.6 - https:\/\/yoast.com\/wordpress\/plugins\/seo\/ -->\n<title>Forsiden - Indre \u00d8stfold H\u00f8yre<\/title>\n<meta name=\"robots\" content=\"index, follow, max-snippet:-1, max-image-preview:large, max-video-preview:-1\" \/>\n<link rel=\"canonical\" href=\"https:\/\/hoyre.no\/indre-ostfold\/\" \/>\n<meta property=\"og:locale\" content=\"nb_NO\" \/>\n<meta property=\"og:type\" content=\"article\" \/>\n<meta property=\"og:title\" content=\"Forsiden - Indre \u00d8stfold H\u00f8yre\" \/>\n<meta property=\"og:url\" content=\"https:\/\/hoyre.no\/indre-ostfold\/\" \/>\n<meta property=\"og:site_name\" content=\"Indre \u00d8stfold H\u00f8yre\" \/>\n<meta property=\"article:modified_time\" content=\"2026-04-23T12:48:43+00:00\" \/>\n<meta property=\"og:image\" content=\"https:\/\/hoyre.no\/content\/uploads\/sites\/185\/2024\/11\/Lise-Rognerud-250x300.png\" \/>\n<meta name=\"twitter:card\" content=\"summary_large_image\" \/>\n<meta name=\"twitter:label1\" content=\"Ansl. lesetid\" \/>\n\t<meta name=\"twitter:data1\" content=\"2 minutter\" \/>\n<script type=\"application\/ld+json\" class=\"yoast-schema-graph\">{\"@context\":\"https:\/\/schema.org\",\"@graph\":[{\"@type\":\"WebPage\",\"@id\":\"https:\/\/hoyre.no\/indre-ostfold\/\",\"url\":\"https:\/\/hoyre.no\/indre-ostfold\/\",\"name\":\"Forsiden - Indre \u00d8stfold H\u00f8yre\",\"isPartOf\":{\"@id\":\"https:\/\/hoyre.no\/indre-ostfold\/#website\"},\"image\":{\"@id\":\"https:\/\/hoyre.no\/indre-ostfold\/#primaryimage\"},\"thumbnailUrl\":\"https:\/\/hoyre.no\/content\/uploads\/sites\/185\/2024\/11\/Lise-Rognerud-250x300.png\",\"datePublished\":\"2020-11-12T09:13:53+00:00\",\"dateModified\":\"2026-04-23T12:48:43+00:00\",\"breadcrumb\":{\"@id\":\"https:\/\/hoyre.no\/indre-ostfold\/#breadcrumb\"},\"inLanguage\":\"nb-NO\",\"potentialAction\":[{\"@type\":\"ReadAction\",\"target\":[\"https:\/\/hoyre.no\/indre-ostfold\/\"]}]},{\"@type\":\"ImageObject\",\"inLanguage\":\"nb-NO\",\"@id\":\"https:\/\/hoyre.no\/indre-ostfold\/#primaryimage\",\"url\":\"https:\/\/hoyre.no\/content\/uploads\/sites\/185\/2024\/11\/Lise-Rognerud-250x300.png\",\"contentUrl\":\"https:\/\/hoyre.no\/content\/uploads\/sites\/185\/2024\/11\/Lise-Rognerud-250x300.png\"},{\"@type\":\"BreadcrumbList\",\"@id\":\"https:\/\/hoyre.no\/indre-ostfold\/#breadcrumb\",\"itemListElement\":[{\"@type\":\"ListItem\",\"position\":1,\"name\":\"Til hoyre.no\",\"item\":\"https:\/\/hoyre.no\"},{\"@type\":\"ListItem\",\"position\":2,\"name\":\"Hjem\",\"item\":\"https:\/\/hoyre.no\/indre-ostfold\/\"},{\"@type\":\"ListItem\",\"position\":3,\"name\":\"Forsiden\"}]},{\"@type\":\"WebSite\",\"@id\":\"https:\/\/hoyre.no\/indre-ostfold\/#website\",\"url\":\"https:\/\/hoyre.no\/indre-ostfold\/\",\"name\":\"Indre \u00d8stfold H\u00f8yre\",\"description\":\"Bare enda et H\u00f8yres nettsteder-nettsted\",\"inLanguage\":\"nb-NO\"}]}<\/script>\n<!-- \/ Yoast SEO plugin. -->","yoast_head_json":{"title":"Forsiden - Indre \u00d8stfold H\u00f8yre","robots":{"index":"index","follow":"follow","max-snippet":"max-snippet:-1","max-image-preview":"max-image-preview:large","max-video-preview":"max-video-preview:-1"},"canonical":"https:\/\/hoyre.no\/indre-ostfold\/","og_locale":"nb_NO","og_type":"article","og_title":"Forsiden - Indre \u00d8stfold H\u00f8yre","og_url":"https:\/\/hoyre.no\/indre-ostfold\/","og_site_name":"Indre \u00d8stfold H\u00f8yre","article_modified_time":"2026-04-23T12:48:43+00:00","og_image":[{"url":"https:\/\/hoyre.no\/content\/uploads\/sites\/185\/2024\/11\/Lise-Rognerud-250x300.png","type":"","width":"","height":""}],"twitter_card":"summary_large_image","twitter_misc":{"Ansl. lesetid":"2 minutter"},"schema":{"@context":"https:\/\/schema.org","@graph":[{"@type":"WebPage","@id":"https:\/\/hoyre.no\/indre-ostfold\/","url":"https:\/\/hoyre.no\/indre-ostfold\/","name":"Forsiden - Indre \u00d8stfold H\u00f8yre","isPartOf":{"@id":"https:\/\/hoyre.no\/indre-ostfold\/#website"},"image":{"@id":"https:\/\/hoyre.no\/indre-ostfold\/#primaryimage"},"thumbnailUrl":"https:\/\/hoyre.no\/content\/uploads\/sites\/185\/2024\/11\/Lise-Rognerud-250x300.png","datePublished":"2020-11-12T09:13:53+00:00","dateModified":"2026-04-23T12:48:43+00:00","breadcrumb":{"@id":"https:\/\/hoyre.no\/indre-ostfold\/#breadcrumb"},"inLanguage":"nb-NO","potentialAction":[{"@type":"ReadAction","target":["https:\/\/hoyre.no\/indre-ostfold\/"]}]},{"@type":"ImageObject","inLanguage":"nb-NO","@id":"https:\/\/hoyre.no\/indre-ostfold\/#primaryimage","url":"https:\/\/hoyre.no\/content\/uploads\/sites\/185\/2024\/11\/Lise-Rognerud-250x300.png","contentUrl":"https:\/\/hoyre.no\/content\/uploads\/sites\/185\/2024\/11\/Lise-Rognerud-250x300.png"},{"@type":"BreadcrumbList","@id":"https:\/\/hoyre.no\/indre-ostfold\/#breadcrumb","itemListElement":[{"@type":"ListItem","position":1,"name":"Til hoyre.no","item":"https:\/\/hoyre.no"},{"@type":"ListItem","position":2,"name":"Hjem","item":"https:\/\/hoyre.no\/indre-ostfold\/"},{"@type":"ListItem","position":3,"name":"Forsiden"}]},{"@type":"WebSite","@id":"https:\/\/hoyre.no\/indre-ostfold\/#website","url":"https:\/\/hoyre.no\/indre-ostfold\/","name":"Indre \u00d8stfold H\u00f8yre","description":"Bare enda et H\u00f8yres nettsteder-nettsted","inLanguage":"nb-NO"}]}},"distributor_meta":false,"distributor_terms":false,"distributor_media":false,"distributor_original_site_name":"Indre \u00d8stfold H\u00f8yre","distributor_original_site_url":"https:\/\/hoyre.no\/indre-ostfold","push-errors":false,"_links":{"self":[{"href":"https:\/\/hoyre.no\/indre-ostfold\/wp-json\/wp\/v2\/pages\/3","targetHints":{"allow":["GET"]}}],"collection":[{"href":"https:\/\/hoyre.no\/indre-ostfold\/wp-json\/wp\/v2\/pages"}],"about":[{"href":"https:\/\/hoyre.no\/indre-ostfold\/wp-json\/wp\/v2\/types\/page"}],"author":[{"embeddable":true,"href":"https:\/\/hoyre.no\/indre-ostfold\/wp-json\/wp\/v2\/users\/51320"}],"replies":[{"embeddable":true,"href":"https:\/\/hoyre.no\/indre-ostfold\/wp-json\/wp\/v2\/comments?post=3"}],"version-history":[{"count":27,"href":"https:\/\/hoyre.no\/indre-ostfold\/wp-json\/wp\/v2\/pages\/3\/revisions"}],"predecessor-version":[{"id":253,"href":"https:\/\/hoyre.no\/indre-ostfold\/wp-json\/wp\/v2\/pages\/3\/revisions\/253"}],"wp:attachment":[{"href":"https:\/\/hoyre.no\/indre-ostfold\/wp-json\/wp\/v2\/media?parent=3"}],"curies":[{"name":"wp","href":"https:\/\/api.w.org\/{rel}","templated":true}]}}