{"id":2296,"date":"2025-08-03T23:10:51","date_gmt":"2025-08-03T21:10:51","guid":{"rendered":"https:\/\/hoyre.no\/innlandet\/?page_id=2296"},"modified":"2025-08-03T23:14:43","modified_gmt":"2025-08-03T21:14:43","slug":"anna-molberg","status":"publish","type":"page","link":"https:\/\/hoyre.no\/innlandet\/anna-molberg\/","title":{"rendered":"Anna Molberg"},"content":{"rendered":"\n<div class=\"wp-block-hoyre-hero with-image-gradient text-color-light  has-media alignfull has-background\"><div class=\"hoyre-hero has-image\"><h1 class=\"title\">Stem p\u00e5 Anna fra Hamar!<\/h1><p class=\"preamble\">Din lokale stortingsrepresentant. <\/p>\t\t\t<div class=\"post-meta wp-block teft-byline-wrapper\">\n\t\t\t\t<div class=\"top\">\n\t\t\t\t\t<div class=\"signature\">\n\t\t\t\t\t\t<div class=\"teft-byline\">\n\t\t\t\t\t\t\t\t\t\t\t\t\t\t<div>\n\t\t\t\t\t\t\t\t<h3>H\u00f8yres redaksjon<\/h3>\t\t\t\t\t\t\t\t\n\t\t\t\t\t\t\t\t\t\t\t\t\t\t\t\t\t<span class=\"date\">Sist oppdatert: 3. august 2025<\/span>\n\t\t\t\t\t\t\t\t\t\t\t\t\t\t\t\t\t\t\t\t\t\t\t\t\t<span class=\"reading-time\" itemprop=\"timeRequired\" content=\"PT2M\"><em>Ca. 2 minutter lesetid<\/em><\/span>\n\t\t\t\t\t\t\t\t\t\t\t\t\t\t\t<\/div>\n\t\t\t\t\t\t<\/div>\n\t\t\t\t\t<\/div>\n\t\t\t\t\t\t<div class=\"sharing\">\n\t\t<a class=\"share-button share-link copy-link\" data-copy=\"https:\/\/hoyre.no\/innlandet\/anna-molberg\/\" target=\"_blank\"><span class=\"screen-reader-text\">Del link<\/span><\/a>\n\t\t<a class=\"share-button share-twitter\" href=\"http:\/\/twitter.com\/share?text=Anna Molberg&#038;url=https:\/\/hoyre.no\/innlandet\/anna-molberg\/&#038;hashtags=Hoyre\" target=\"_blank\"><span class=\"screen-reader-text\">Del p\u00e5 twitter<\/span><\/a>\n\t\t<a class=\"share-button share-facebook\" href=\"https:\/\/www.facebook.com\/sharer\/sharer.php?u=https:\/\/hoyre.no\/innlandet\/anna-molberg\/\" target=\"_blank\"><span class=\"screen-reader-text\">Del p\u00e5 facebook<\/span><\/a>\n\t<\/div>\n\t\t\t\t\t<\/div>\n\t\t\t<\/div>\n\n\t\t\t<figure class=\"hoyre-image-wrapper\"><div class=\"hoyre-image\"><img loading=\"lazy\" decoding=\"async\" width=\"2048\" height=\"1366\" src=\"https:\/\/hoyre.no\/content\/uploads\/sites\/7\/2025\/08\/54442615466_b95ac863ad_k.jpg\" class=\"attachment-scaled size-scaled\" alt=\"Anna Molberg\" style=\"object-position: 50% 50%\" srcset=\"https:\/\/hoyre.no\/content\/uploads\/sites\/7\/2025\/08\/54442615466_b95ac863ad_k.jpg 2048w, https:\/\/hoyre.no\/content\/uploads\/sites\/7\/2025\/08\/54442615466_b95ac863ad_k-300x200.jpg 300w, https:\/\/hoyre.no\/content\/uploads\/sites\/7\/2025\/08\/54442615466_b95ac863ad_k-1024x683.jpg 1024w, https:\/\/hoyre.no\/content\/uploads\/sites\/7\/2025\/08\/54442615466_b95ac863ad_k-768x512.jpg 768w, https:\/\/hoyre.no\/content\/uploads\/sites\/7\/2025\/08\/54442615466_b95ac863ad_k-1536x1025.jpg 1536w\" sizes=\"auto, (max-width: 2048px) 100vw, 2048px\" \/><\/div><\/figure><\/div><\/div>\n\n\n\n\n<p>Anna fra Hamar har representert Hedmark og Innlandet p\u00e5 Stortinget siden 2021. Hun er en debatt-glad og \u00e6rlig politiker som engasjerer seg i de fleste politiske omr\u00e5der \u2013 men kanskje s\u00e6rlig arbeidslivspolitikk, forsvar-, justis og utenrikspolitikk, n\u00e6ringspolitikk og \u00f8konomisk politikk.<\/p>\n\n\n\n<p>Anna er utdannet jurist og har bred erfaring fra den nasjonale politikken. I mange \u00e5r var hun justisr\u00e5dgiver for H\u00f8yres stortingsgruppe og har ogs\u00e5 v\u00e6rt politisk r\u00e5dgiver i n\u00e6ringsdepartementet. <\/p>\n\n\n\n<p>&#8211; Jobben som stortingsrepresentant er meningsfull og spennende. Det er viktig \u00e5 v\u00e6re ute i kommunene og ta imot innspill jeg kan bringe videre inn til Stortinget og til partiet sentralt, sier Anna. Hun er opptatt av at terskelen for \u00e5 ta kontakt med henne er lav. Hun \u00f8nsker \u00e5 fortsette arbeidet som stortingsrepresentant for Hedmark og Innlandet i minst en periode til for \u00e5 sikre kontinuitet i arbeidet hun har startet.<\/p>\n\n\n\n<p>Anna har f\u00f8lgende hjertesaker:<\/p>\n\n\n\n<ul class=\"wp-block-list\">\n<li>Senke skattene b\u00e5de for personer og bedrifter<\/li>\n\n\n\n<li>F\u00e5 ned helsek\u00f8ene<\/li>\n\n\n\n<li>Styrke Forsvaret raskere<\/li>\n\n\n\n<li>Gj\u00f8re Norge tryggere og f\u00e5 flere politifolk i gatene<\/li>\n\n\n\n<li>Redusere offentlige utgifter og byr\u00e5krati<\/li>\n\n\n\n<li>Ha aldersgrense p\u00e5 sosiale medier<\/li>\n<\/ul>\n\n\n\n<figure class=\"wp-block-teft-gallery columns-3 count-8 rows-2 is-cropped\"><ul class=\"teft-gallery-grid\"><li class=\"teft-gallery-item \"><figure><a data-size=\"undefinedxundefined\"><img loading=\"lazy\" decoding=\"async\" width=\"1024\" height=\"683\" src=\"https:\/\/hoyre.no\/content\/uploads\/sites\/7\/2025\/08\/1F6A2102-sorthvitt-1024x683.jpg\" class=\"attachment-large size-large\" alt=\"Anna Molberg - din lokale stortingsrepresentant\" srcset=\"https:\/\/hoyre.no\/content\/uploads\/sites\/7\/2025\/08\/1F6A2102-sorthvitt-1024x683.jpg 1024w, https:\/\/hoyre.no\/content\/uploads\/sites\/7\/2025\/08\/1F6A2102-sorthvitt-300x200.jpg 300w, https:\/\/hoyre.no\/content\/uploads\/sites\/7\/2025\/08\/1F6A2102-sorthvitt-768x512.jpg 768w, https:\/\/hoyre.no\/content\/uploads\/sites\/7\/2025\/08\/1F6A2102-sorthvitt-1536x1024.jpg 1536w, https:\/\/hoyre.no\/content\/uploads\/sites\/7\/2025\/08\/1F6A2102-sorthvitt-2048x1365.jpg 2048w\" sizes=\"auto, (max-width: 1024px) 100vw, 1024px\" \/ data-full-url=\"https:\/\/hoyre.no\/content\/uploads\/sites\/7\/2025\/08\/1F6A2102-sorthvitt-scaled.jpg\" data-id=\"2301\" data-caption=\"2301\"\/><\/a><\/figure><\/li><li class=\"teft-gallery-item \"><figure><a data-size=\"undefinedxundefined\"><img loading=\"lazy\" decoding=\"async\" width=\"768\" height=\"1024\" src=\"https:\/\/hoyre.no\/content\/uploads\/sites\/7\/2025\/08\/hedmark.topp-tre-768x1024.jpg\" class=\"attachment-large size-large\" alt=\"\" srcset=\"https:\/\/hoyre.no\/content\/uploads\/sites\/7\/2025\/08\/hedmark.topp-tre-768x1024.jpg 768w, https:\/\/hoyre.no\/content\/uploads\/sites\/7\/2025\/08\/hedmark.topp-tre-225x300.jpg 225w, https:\/\/hoyre.no\/content\/uploads\/sites\/7\/2025\/08\/hedmark.topp-tre-1152x1536.jpg 1152w, https:\/\/hoyre.no\/content\/uploads\/sites\/7\/2025\/08\/hedmark.topp-tre.jpg 1440w\" sizes=\"auto, (max-width: 768px) 100vw, 768px\" \/ data-full-url=\"https:\/\/hoyre.no\/content\/uploads\/sites\/7\/2025\/08\/hedmark.topp-tre.jpg\" data-id=\"2298\" data-caption=\"2298\"\/><\/a><\/figure><\/li><li class=\"teft-gallery-item \"><figure><a data-size=\"undefinedxundefined\"><img loading=\"lazy\" decoding=\"async\" width=\"768\" height=\"1024\" src=\"https:\/\/hoyre.no\/content\/uploads\/sites\/7\/2025\/08\/anna_gartneri-768x1024.jpg\" class=\"attachment-large size-large\" alt=\"\" srcset=\"https:\/\/hoyre.no\/content\/uploads\/sites\/7\/2025\/08\/anna_gartneri-768x1024.jpg 768w, https:\/\/hoyre.no\/content\/uploads\/sites\/7\/2025\/08\/anna_gartneri-225x300.jpg 225w, https:\/\/hoyre.no\/content\/uploads\/sites\/7\/2025\/08\/anna_gartneri-1152x1536.jpg 1152w, https:\/\/hoyre.no\/content\/uploads\/sites\/7\/2025\/08\/anna_gartneri.jpg 1440w\" sizes=\"auto, (max-width: 768px) 100vw, 768px\" \/ data-full-url=\"https:\/\/hoyre.no\/content\/uploads\/sites\/7\/2025\/08\/anna_gartneri.jpg\" data-id=\"2299\" data-caption=\"2299\"\/><\/a><\/figure><\/li><li class=\"teft-gallery-item \"><figure><a data-size=\"undefinedxundefined\"><img loading=\"lazy\" decoding=\"async\" width=\"1024\" height=\"683\" src=\"https:\/\/hoyre.no\/content\/uploads\/sites\/7\/2025\/08\/54442615466_b95ac863ad_k-1024x683.jpg\" class=\"attachment-large size-large\" alt=\"Anna Molberg\" srcset=\"https:\/\/hoyre.no\/content\/uploads\/sites\/7\/2025\/08\/54442615466_b95ac863ad_k-1024x683.jpg 1024w, https:\/\/hoyre.no\/content\/uploads\/sites\/7\/2025\/08\/54442615466_b95ac863ad_k-300x200.jpg 300w, https:\/\/hoyre.no\/content\/uploads\/sites\/7\/2025\/08\/54442615466_b95ac863ad_k-768x512.jpg 768w, https:\/\/hoyre.no\/content\/uploads\/sites\/7\/2025\/08\/54442615466_b95ac863ad_k-1536x1025.jpg 1536w, https:\/\/hoyre.no\/content\/uploads\/sites\/7\/2025\/08\/54442615466_b95ac863ad_k.jpg 2048w\" sizes=\"auto, (max-width: 1024px) 100vw, 1024px\" \/ data-full-url=\"https:\/\/hoyre.no\/content\/uploads\/sites\/7\/2025\/08\/54442615466_b95ac863ad_k.jpg\" data-id=\"2297\" data-caption=\"2297\"\/><span class=\"teft-gallery-more\">Se mer (4)<\/span><\/a><\/figure><\/li><li class=\"teft-gallery-item is-hidden\"><figure><a data-size=\"undefinedxundefined\"><img loading=\"lazy\" decoding=\"async\" width=\"1024\" height=\"683\" src=\"https:\/\/hoyre.no\/content\/uploads\/sites\/7\/2025\/08\/1F6A1887-sorthvitt-1024x683.jpg\" class=\"attachment-large size-large\" alt=\"\" srcset=\"https:\/\/hoyre.no\/content\/uploads\/sites\/7\/2025\/08\/1F6A1887-sorthvitt-1024x683.jpg 1024w, https:\/\/hoyre.no\/content\/uploads\/sites\/7\/2025\/08\/1F6A1887-sorthvitt-300x200.jpg 300w, https:\/\/hoyre.no\/content\/uploads\/sites\/7\/2025\/08\/1F6A1887-sorthvitt-768x512.jpg 768w, https:\/\/hoyre.no\/content\/uploads\/sites\/7\/2025\/08\/1F6A1887-sorthvitt-1536x1024.jpg 1536w, https:\/\/hoyre.no\/content\/uploads\/sites\/7\/2025\/08\/1F6A1887-sorthvitt-2048x1365.jpg 2048w\" sizes=\"auto, (max-width: 1024px) 100vw, 1024px\" \/ data-full-url=\"https:\/\/hoyre.no\/content\/uploads\/sites\/7\/2025\/08\/1F6A1887-sorthvitt-scaled.jpg\" data-id=\"2300\" data-caption=\"2300\"\/><\/a><\/figure><\/li><li class=\"teft-gallery-item is-hidden\"><figure><a data-size=\"undefinedxundefined\"><img loading=\"lazy\" decoding=\"async\" width=\"800\" height=\"534\" src=\"https:\/\/hoyre.no\/content\/uploads\/sites\/7\/2025\/08\/54406491302_e28e3b655a_c.jpg\" class=\"attachment-large size-large\" alt=\"\" srcset=\"https:\/\/hoyre.no\/content\/uploads\/sites\/7\/2025\/08\/54406491302_e28e3b655a_c.jpg 800w, https:\/\/hoyre.no\/content\/uploads\/sites\/7\/2025\/08\/54406491302_e28e3b655a_c-300x200.jpg 300w, https:\/\/hoyre.no\/content\/uploads\/sites\/7\/2025\/08\/54406491302_e28e3b655a_c-768x513.jpg 768w\" sizes=\"auto, (max-width: 800px) 100vw, 800px\" \/ data-full-url=\"https:\/\/hoyre.no\/content\/uploads\/sites\/7\/2025\/08\/54406491302_e28e3b655a_c.jpg\" data-id=\"2302\" data-caption=\"2302\"\/><\/a><\/figure><\/li><li class=\"teft-gallery-item is-hidden\"><figure><a data-size=\"undefinedxundefined\"><img loading=\"lazy\" decoding=\"async\" width=\"799\" height=\"533\" src=\"https:\/\/hoyre.no\/content\/uploads\/sites\/7\/2025\/08\/51871404011_123caf9976_c.jpg\" class=\"attachment-large size-large\" alt=\"\" srcset=\"https:\/\/hoyre.no\/content\/uploads\/sites\/7\/2025\/08\/51871404011_123caf9976_c.jpg 799w, https:\/\/hoyre.no\/content\/uploads\/sites\/7\/2025\/08\/51871404011_123caf9976_c-300x200.jpg 300w, https:\/\/hoyre.no\/content\/uploads\/sites\/7\/2025\/08\/51871404011_123caf9976_c-768x512.jpg 768w\" sizes=\"auto, (max-width: 799px) 100vw, 799px\" \/ data-full-url=\"https:\/\/hoyre.no\/content\/uploads\/sites\/7\/2025\/08\/51871404011_123caf9976_c.jpg\" data-id=\"2303\" data-caption=\"2303\"\/><\/a><\/figure><\/li><li class=\"teft-gallery-item is-hidden\"><figure><a href=\"https:\/\/hoyre.no\/content\/uploads\/sites\/7\/2025\/08\/54441758182_fe937ce0e8_c.jpg\" data-size=\"800x534\"><img loading=\"lazy\" decoding=\"async\" width=\"800\" height=\"534\" src=\"https:\/\/hoyre.no\/content\/uploads\/sites\/7\/2025\/08\/54441758182_fe937ce0e8_c.jpg\" class=\"attachment-large size-large\" alt=\"\" srcset=\"https:\/\/hoyre.no\/content\/uploads\/sites\/7\/2025\/08\/54441758182_fe937ce0e8_c.jpg 800w, https:\/\/hoyre.no\/content\/uploads\/sites\/7\/2025\/08\/54441758182_fe937ce0e8_c-300x200.jpg 300w, https:\/\/hoyre.no\/content\/uploads\/sites\/7\/2025\/08\/54441758182_fe937ce0e8_c-768x513.jpg 768w\" sizes=\"auto, (max-width: 800px) 100vw, 800px\" \/ data-full-url=\"https:\/\/hoyre.no\/content\/uploads\/sites\/7\/2025\/08\/54441758182_fe937ce0e8_c.jpg\" data-id=\"2304\" data-caption=\"2304\"\/><\/a><\/figure><\/li><\/ul><\/figure>\n\n\n\n<div class=\"wp-block-hoyre-banner undefined\"><div class=\"banner-inner\"><div class=\"banner-content\"><div class=\"entry-content\">\n<h2 class=\"wp-block-heading\">F\u00f8lg Anna p\u00e5 sosiale medier<\/h2>\n\n\n\n<p><a href=\"https:\/\/www.instagram.com\/annamolberg\/\">Instagram<\/a><\/p>\n\n\n\n<p><a href=\"https:\/\/www.linkedin.com\/in\/anna-molberg-a2145035\/\">LinkedIn<\/a><\/p>\n\n\n\n<p><a href=\"https:\/\/www.tiktok.com\/@anna_molberg\">TikTok<\/a><\/p>\n\n\n\n<p><a href=\"https:\/\/www.facebook.com\/hoyreanna\">Facebook<\/a><\/p>\n\n\n\n<div class=\"wp-block-buttons is-layout-flex wp-block-buttons-is-layout-flex\"><\/div>\n<\/div><\/div><\/div><\/div>\n\n","protected":false},"excerpt":{"rendered":"","protected":false},"author":28039,"featured_media":0,"parent":0,"menu_order":0,"comment_status":"closed","ping_status":"closed","template":"","meta":{"teft_cards_image_url":"","teft_cards_custom_pretitle":"","teft_cards_image_id":2301,"teft_cards_image_focal_point_x":0.59,"teft_cards_image_focal_point_y":0.24,"teft_cards_title":"","teft_cards_excerpt":"","teft_show_chapters":false,"footnotes":""},"class_list":["post-2296","page","type-page","status-publish","hentry"],"yoast_head":"<!-- This site is optimized with the Yoast SEO plugin v26.6 - https:\/\/yoast.com\/wordpress\/plugins\/seo\/ -->\n<title>Anna Molberg - Innlandet H\u00f8yre<\/title>\n<meta name=\"robots\" content=\"index, follow, max-snippet:-1, max-image-preview:large, max-video-preview:-1\" \/>\n<link rel=\"canonical\" href=\"https:\/\/hoyre.no\/innlandet\/anna-molberg\/\" \/>\n<meta property=\"og:locale\" content=\"nb_NO\" \/>\n<meta property=\"og:type\" content=\"article\" \/>\n<meta property=\"og:title\" content=\"Anna Molberg - Innlandet H\u00f8yre\" \/>\n<meta property=\"og:url\" content=\"https:\/\/hoyre.no\/innlandet\/anna-molberg\/\" \/>\n<meta property=\"og:site_name\" content=\"Innlandet H\u00f8yre\" \/>\n<meta property=\"article:modified_time\" content=\"2025-08-03T21:14:43+00:00\" \/>\n<meta property=\"og:image\" content=\"https:\/\/hoyre.no\/content\/uploads\/sites\/7\/2025\/08\/1F6A2102-sorthvitt-1024x683.jpg\" \/>\n<meta name=\"twitter:card\" content=\"summary_large_image\" \/>\n<meta name=\"twitter:label1\" content=\"Ansl. lesetid\" \/>\n\t<meta name=\"twitter:data1\" content=\"2 minutter\" \/>\n<script type=\"application\/ld+json\" class=\"yoast-schema-graph\">{\"@context\":\"https:\/\/schema.org\",\"@graph\":[{\"@type\":\"WebPage\",\"@id\":\"https:\/\/hoyre.no\/innlandet\/anna-molberg\/\",\"url\":\"https:\/\/hoyre.no\/innlandet\/anna-molberg\/\",\"name\":\"Anna Molberg - Innlandet H\u00f8yre\",\"isPartOf\":{\"@id\":\"https:\/\/hoyre.no\/innlandet\/#website\"},\"datePublished\":\"2025-08-03T21:10:51+00:00\",\"dateModified\":\"2025-08-03T21:14:43+00:00\",\"breadcrumb\":{\"@id\":\"https:\/\/hoyre.no\/innlandet\/anna-molberg\/#breadcrumb\"},\"inLanguage\":\"nb-NO\",\"potentialAction\":[{\"@type\":\"ReadAction\",\"target\":[\"https:\/\/hoyre.no\/innlandet\/anna-molberg\/\"]}]},{\"@type\":\"BreadcrumbList\",\"@id\":\"https:\/\/hoyre.no\/innlandet\/anna-molberg\/#breadcrumb\",\"itemListElement\":[{\"@type\":\"ListItem\",\"position\":1,\"name\":\"Til hoyre.no\",\"item\":\"https:\/\/hoyre.no\"},{\"@type\":\"ListItem\",\"position\":2,\"name\":\"Hjem\",\"item\":\"https:\/\/hoyre.no\/innlandet\/\"},{\"@type\":\"ListItem\",\"position\":3,\"name\":\"Anna Molberg\"}]},{\"@type\":\"WebSite\",\"@id\":\"https:\/\/hoyre.no\/innlandet\/#website\",\"url\":\"https:\/\/hoyre.no\/innlandet\/\",\"name\":\"Innlandet H\u00f8yre\",\"description\":\"Bare enda et H\u00f8yres nettsteder-nettsted\",\"inLanguage\":\"nb-NO\"}]}<\/script>\n<!-- \/ Yoast SEO plugin. -->","yoast_head_json":{"title":"Anna Molberg - Innlandet H\u00f8yre","robots":{"index":"index","follow":"follow","max-snippet":"max-snippet:-1","max-image-preview":"max-image-preview:large","max-video-preview":"max-video-preview:-1"},"canonical":"https:\/\/hoyre.no\/innlandet\/anna-molberg\/","og_locale":"nb_NO","og_type":"article","og_title":"Anna Molberg - Innlandet H\u00f8yre","og_url":"https:\/\/hoyre.no\/innlandet\/anna-molberg\/","og_site_name":"Innlandet H\u00f8yre","article_modified_time":"2025-08-03T21:14:43+00:00","og_image":[{"url":"https:\/\/hoyre.no\/content\/uploads\/sites\/7\/2025\/08\/1F6A2102-sorthvitt-1024x683.jpg","width":"","height":"","type":""}],"twitter_card":"summary_large_image","twitter_misc":{"Ansl. lesetid":"2 minutter"},"schema":{"@context":"https:\/\/schema.org","@graph":[{"@type":"WebPage","@id":"https:\/\/hoyre.no\/innlandet\/anna-molberg\/","url":"https:\/\/hoyre.no\/innlandet\/anna-molberg\/","name":"Anna Molberg - Innlandet H\u00f8yre","isPartOf":{"@id":"https:\/\/hoyre.no\/innlandet\/#website"},"datePublished":"2025-08-03T21:10:51+00:00","dateModified":"2025-08-03T21:14:43+00:00","breadcrumb":{"@id":"https:\/\/hoyre.no\/innlandet\/anna-molberg\/#breadcrumb"},"inLanguage":"nb-NO","potentialAction":[{"@type":"ReadAction","target":["https:\/\/hoyre.no\/innlandet\/anna-molberg\/"]}]},{"@type":"BreadcrumbList","@id":"https:\/\/hoyre.no\/innlandet\/anna-molberg\/#breadcrumb","itemListElement":[{"@type":"ListItem","position":1,"name":"Til hoyre.no","item":"https:\/\/hoyre.no"},{"@type":"ListItem","position":2,"name":"Hjem","item":"https:\/\/hoyre.no\/innlandet\/"},{"@type":"ListItem","position":3,"name":"Anna Molberg"}]},{"@type":"WebSite","@id":"https:\/\/hoyre.no\/innlandet\/#website","url":"https:\/\/hoyre.no\/innlandet\/","name":"Innlandet H\u00f8yre","description":"Bare enda et H\u00f8yres nettsteder-nettsted","inLanguage":"nb-NO"}]}},"distributor_meta":false,"distributor_terms":false,"distributor_media":false,"distributor_original_site_name":"Innlandet H\u00f8yre","distributor_original_site_url":"https:\/\/hoyre.no\/innlandet","push-errors":false,"_links":{"self":[{"href":"https:\/\/hoyre.no\/innlandet\/wp-json\/wp\/v2\/pages\/2296","targetHints":{"allow":["GET"]}}],"collection":[{"href":"https:\/\/hoyre.no\/innlandet\/wp-json\/wp\/v2\/pages"}],"about":[{"href":"https:\/\/hoyre.no\/innlandet\/wp-json\/wp\/v2\/types\/page"}],"author":[{"embeddable":true,"href":"https:\/\/hoyre.no\/innlandet\/wp-json\/wp\/v2\/users\/28039"}],"replies":[{"embeddable":true,"href":"https:\/\/hoyre.no\/innlandet\/wp-json\/wp\/v2\/comments?post=2296"}],"version-history":[{"count":4,"href":"https:\/\/hoyre.no\/innlandet\/wp-json\/wp\/v2\/pages\/2296\/revisions"}],"predecessor-version":[{"id":2310,"href":"https:\/\/hoyre.no\/innlandet\/wp-json\/wp\/v2\/pages\/2296\/revisions\/2310"}],"wp:attachment":[{"href":"https:\/\/hoyre.no\/innlandet\/wp-json\/wp\/v2\/media?parent=2296"}],"curies":[{"name":"wp","href":"https:\/\/api.w.org\/{rel}","templated":true}]}}