{"id":712,"date":"2023-05-02T12:43:38","date_gmt":"2023-05-02T10:43:38","guid":{"rendered":"https:\/\/hoyre.no\/innlandet\/?page_id=712"},"modified":"2023-06-16T20:45:26","modified_gmt":"2023-06-16T18:45:26","slug":"politikk","status":"publish","type":"page","link":"https:\/\/hoyre.no\/innlandet\/politikk\/","title":{"rendered":"Politikk"},"content":{"rendered":"\n<div class=\"wp-block-hoyre-hero with-image-gradient text-color-light  has-media alignfull has-background\"><div class=\"hoyre-hero has-image\"><h1 class=\"title\">Politikk<\/h1><p class=\"preamble\">N\u00e5r frivilligheten, n\u00e6ringslivet og offentlig sektor spiller p\u00e5 lag, skapes det gode lokalsamfunn. H\u00f8yre tror p\u00e5 enkeltmenneskets evne og lyst til \u00e5 st\u00e5 p\u00e5 egne ben.<br><br>Det er v\u00e5r oppgave \u00e5 s\u00f8rge for at mennesker kan leve gode liv, uansett utgangspunkt. Vi skaper ikke politikk for fylket, men for alle som bor der. H\u00f8yre tror p\u00e5 et samfunn som gir muligheter for alle.<\/p>\t\t\t<div class=\"post-meta wp-block teft-byline-wrapper\">\n\t\t\t\t<div class=\"top\">\n\t\t\t\t\t<div class=\"signature\">\n\t\t\t\t\t\t<div class=\"teft-byline\">\n\t\t\t\t\t\t\t\t\t\t\t\t\t\t<div>\n\t\t\t\t\t\t\t\t<h3>H\u00f8yres redaksjon<\/h3>\t\t\t\t\t\t\t\t\n\t\t\t\t\t\t\t\t\t\t\t\t\t\t\t\t\t<span class=\"date\">Sist oppdatert: 16. juni 2023<\/span>\n\t\t\t\t\t\t\t\t\t\t\t\t\t\t\t\t\t\t\t\t\t\t\t\t\t<span class=\"reading-time\" itemprop=\"timeRequired\" content=\"PT2M\"><em>Ca. 2 minutter lesetid<\/em><\/span>\n\t\t\t\t\t\t\t\t\t\t\t\t\t\t\t<\/div>\n\t\t\t\t\t\t<\/div>\n\t\t\t\t\t<\/div>\n\t\t\t\t\t\t<div class=\"sharing\">\n\t\t<a class=\"share-button share-link copy-link\" data-copy=\"https:\/\/hoyre.no\/innlandet\/politikk\/\" target=\"_blank\"><span class=\"screen-reader-text\">Del link<\/span><\/a>\n\t\t<a class=\"share-button share-twitter\" href=\"http:\/\/twitter.com\/share?text=Politikk&#038;url=https:\/\/hoyre.no\/innlandet\/politikk\/&#038;hashtags=Hoyre\" target=\"_blank\"><span class=\"screen-reader-text\">Del p\u00e5 twitter<\/span><\/a>\n\t\t<a class=\"share-button share-facebook\" href=\"https:\/\/www.facebook.com\/sharer\/sharer.php?u=https:\/\/hoyre.no\/innlandet\/politikk\/\" target=\"_blank\"><span class=\"screen-reader-text\">Del p\u00e5 facebook<\/span><\/a>\n\t<\/div>\n\t\t\t\t\t<\/div>\n\t\t\t<\/div>\n\n\t\t\t<figure class=\"hoyre-image-wrapper\"><div class=\"hoyre-image\"><img loading=\"lazy\" decoding=\"async\" width=\"2500\" height=\"1875\" src=\"https:\/\/hoyre.no\/content\/uploads\/sites\/7\/2023\/05\/GettyImages-623667274_low-copy-scaled.jpg\" class=\"attachment-scaled size-scaled\" alt=\"\" style=\"object-position: 14.000000000000002% 56.99999999999999%\" srcset=\"https:\/\/hoyre.no\/content\/uploads\/sites\/7\/2023\/05\/GettyImages-623667274_low-copy-scaled.jpg 2500w, https:\/\/hoyre.no\/content\/uploads\/sites\/7\/2023\/05\/GettyImages-623667274_low-copy-300x225.jpg 300w, https:\/\/hoyre.no\/content\/uploads\/sites\/7\/2023\/05\/GettyImages-623667274_low-copy-1024x768.jpg 1024w, https:\/\/hoyre.no\/content\/uploads\/sites\/7\/2023\/05\/GettyImages-623667274_low-copy-768x576.jpg 768w, https:\/\/hoyre.no\/content\/uploads\/sites\/7\/2023\/05\/GettyImages-623667274_low-copy-1536x1152.jpg 1536w, https:\/\/hoyre.no\/content\/uploads\/sites\/7\/2023\/05\/GettyImages-623667274_low-copy-2048x1536.jpg 2048w\" sizes=\"auto, (max-width: 2500px) 100vw, 2500px\" \/><\/div><\/figure><\/div><\/div>\n\n\n\n<div class=\"wp-block-hoyre-opinions alignfull wp-block has-background has-icon-title\"><div class=\"block-inner\"><div class=\"post-wrap\"><h2 class=\"title anchor-title\">V\u00e5re hjertesaker<\/h2><ul>\n<li class=\"wp-block-hoyre-single-opinion-free-text\"><h3>Kunnskap i skolen<\/h3><p>H\u00f8yres m\u00e5l er at Norge skal ha verdens beste skole<\/p><\/li>\n\n\n\n<li class=\"wp-block-hoyre-single-opinion-free-text\"><h3>L\u00e6re hele livet<\/h3><p>H\u00f8yre vil gj\u00f8re videreg\u00e5ende mer tilgjengelig for voksne, og styrke voksenoppl\u00e6ringen i samarbeid med arbeids- og n\u00e6ringslivet<\/p><\/li>\n\n\n\n<li class=\"wp-block-hoyre-single-opinion-free-text\"><h3>Gi muligheter for alle gode krefter i samfunnet<\/h3><p>H\u00f8yre \u00f8nsker likestilling og deltakelse for mennesker med funksjonshemming og kronisk sykdom<\/p><\/li>\n\n\n\n<li class=\"wp-block-hoyre-single-opinion-free-text\"><h3>Folk til jobbene<\/h3><p>H\u00f8yres m\u00e5l er \u00e5 trygge norske arbeidsplasser gjennom \u00e5 prioritere kunnskap og investere for fremtiden<\/p><\/li>\n<\/ul><\/div><\/div><\/div>\n\n\n\n<div class=\"wp-block hoyre-section alignfull has-background is-style-dark-blue wp-block-hoyre-section\"><div class=\"inner-blocks alignwide\">\n\n<h2 class=\"wp-block-heading\">Her er 10 grunner til \u00e5 stemme H\u00f8yre i fylkestingsvalget<\/h2>\n\n\n\n<figure class=\"wp-block-image size-large is-resized\"><img loading=\"lazy\" decoding=\"async\" src=\"https:\/\/hoyre.no\/content\/uploads\/sites\/7\/2023\/05\/Joakim-FT-Hamar-20-1024x683.jpg\" alt=\"\" class=\"wp-image-742\" width=\"915\" height=\"610\" srcset=\"https:\/\/hoyre.no\/content\/uploads\/sites\/7\/2023\/05\/Joakim-FT-Hamar-20-1024x683.jpg 1024w, https:\/\/hoyre.no\/content\/uploads\/sites\/7\/2023\/05\/Joakim-FT-Hamar-20-300x200.jpg 300w, https:\/\/hoyre.no\/content\/uploads\/sites\/7\/2023\/05\/Joakim-FT-Hamar-20-768x512.jpg 768w, https:\/\/hoyre.no\/content\/uploads\/sites\/7\/2023\/05\/Joakim-FT-Hamar-20-1536x1024.jpg 1536w, https:\/\/hoyre.no\/content\/uploads\/sites\/7\/2023\/05\/Joakim-FT-Hamar-20-2048x1365.jpg 2048w\" sizes=\"auto, (max-width: 915px) 100vw, 915px\" \/><\/figure>\n\n\n\n<div class=\"wp-block-buttons is-layout-flex wp-block-buttons-is-layout-flex\">\n<div class=\"wp-block-button\"><a class=\"wp-block-button__link\" href=\"https:\/\/hoyre.no\/innlandet\/politikk\/5-grunner-til-a-stemme-hoyre\/\">Klikke her for 10 gode grunner til \u00e5 stemme H\u00f8yre<\/a><\/div>\n<\/div>\n\n<\/div><\/div>\n\n\n\n<h2 class=\"wp-block-heading\">Les fylkestingsprogrammet for perioden 2023-2027 her\ud83d\udc47<\/h2>\n\n\n\n<div class=\"wp-block-teft-file icon-link-block\"><a href=\"https:\/\/hoyre.no\/content\/uploads\/sites\/7\/2023\/05\/Fylkestingsprogram-2023-2027-Innlandet-Hoyre-1.pdf\" download><span class=\"file-title\">Fylkestingsprogram 2023-2027 Innlandet H\u00f8yre<\/span><span class=\"file-name\"><\/span><\/a><\/div>\n","protected":false},"excerpt":{"rendered":"<p>Les fylkestingsprogrammet for perioden 2023-2027 her\ud83d\udc47<\/p>\n","protected":false},"author":51320,"featured_media":0,"parent":0,"menu_order":0,"comment_status":"closed","ping_status":"closed","template":"","meta":{"teft_cards_image_url":"","teft_cards_custom_pretitle":"","teft_cards_image_id":0,"teft_cards_image_focal_point_x":0,"teft_cards_image_focal_point_y":0,"teft_cards_title":"","teft_cards_excerpt":"","teft_show_chapters":false,"footnotes":""},"class_list":["post-712","page","type-page","status-publish","hentry"],"yoast_head":"<!-- This site is optimized with the Yoast SEO plugin v26.6 - https:\/\/yoast.com\/wordpress\/plugins\/seo\/ -->\n<title>Politikk - Innlandet H\u00f8yre<\/title>\n<meta name=\"robots\" content=\"index, follow, max-snippet:-1, max-image-preview:large, max-video-preview:-1\" \/>\n<link rel=\"canonical\" href=\"https:\/\/hoyre.no\/innlandet\/politikk\/\" \/>\n<meta property=\"og:locale\" content=\"nb_NO\" \/>\n<meta property=\"og:type\" content=\"article\" \/>\n<meta property=\"og:title\" content=\"Politikk - Innlandet H\u00f8yre\" \/>\n<meta property=\"og:description\" content=\"Les fylkestingsprogrammet for perioden 2023-2027 her\ud83d\udc47\" \/>\n<meta property=\"og:url\" content=\"https:\/\/hoyre.no\/innlandet\/politikk\/\" \/>\n<meta property=\"og:site_name\" content=\"Innlandet H\u00f8yre\" \/>\n<meta property=\"article:modified_time\" content=\"2023-06-16T18:45:26+00:00\" \/>\n<meta property=\"og:image\" content=\"https:\/\/hoyre.no\/content\/uploads\/sites\/7\/2023\/05\/Joakim-FT-Hamar-20-1024x683.jpg\" \/>\n<meta name=\"twitter:card\" content=\"summary_large_image\" \/>\n<meta name=\"twitter:label1\" content=\"Ansl. lesetid\" \/>\n\t<meta name=\"twitter:data1\" content=\"2 minutter\" \/>\n<script type=\"application\/ld+json\" class=\"yoast-schema-graph\">{\"@context\":\"https:\/\/schema.org\",\"@graph\":[{\"@type\":\"WebPage\",\"@id\":\"https:\/\/hoyre.no\/innlandet\/politikk\/\",\"url\":\"https:\/\/hoyre.no\/innlandet\/politikk\/\",\"name\":\"Politikk - Innlandet H\u00f8yre\",\"isPartOf\":{\"@id\":\"https:\/\/hoyre.no\/innlandet\/#website\"},\"image\":{\"@id\":\"https:\/\/hoyre.no\/innlandet\/politikk\/#primaryimage\"},\"thumbnailUrl\":\"https:\/\/hoyre.no\/content\/uploads\/sites\/7\/2023\/05\/Joakim-FT-Hamar-20-1024x683.jpg\",\"datePublished\":\"2023-05-02T10:43:38+00:00\",\"dateModified\":\"2023-06-16T18:45:26+00:00\",\"breadcrumb\":{\"@id\":\"https:\/\/hoyre.no\/innlandet\/politikk\/#breadcrumb\"},\"inLanguage\":\"nb-NO\",\"potentialAction\":[{\"@type\":\"ReadAction\",\"target\":[\"https:\/\/hoyre.no\/innlandet\/politikk\/\"]}]},{\"@type\":\"ImageObject\",\"inLanguage\":\"nb-NO\",\"@id\":\"https:\/\/hoyre.no\/innlandet\/politikk\/#primaryimage\",\"url\":\"https:\/\/hoyre.no\/content\/uploads\/sites\/7\/2023\/05\/Joakim-FT-Hamar-20-1024x683.jpg\",\"contentUrl\":\"https:\/\/hoyre.no\/content\/uploads\/sites\/7\/2023\/05\/Joakim-FT-Hamar-20-1024x683.jpg\"},{\"@type\":\"BreadcrumbList\",\"@id\":\"https:\/\/hoyre.no\/innlandet\/politikk\/#breadcrumb\",\"itemListElement\":[{\"@type\":\"ListItem\",\"position\":1,\"name\":\"Til hoyre.no\",\"item\":\"https:\/\/hoyre.no\"},{\"@type\":\"ListItem\",\"position\":2,\"name\":\"Hjem\",\"item\":\"https:\/\/hoyre.no\/innlandet\/\"},{\"@type\":\"ListItem\",\"position\":3,\"name\":\"Politikk\"}]},{\"@type\":\"WebSite\",\"@id\":\"https:\/\/hoyre.no\/innlandet\/#website\",\"url\":\"https:\/\/hoyre.no\/innlandet\/\",\"name\":\"Innlandet H\u00f8yre\",\"description\":\"Bare enda et H\u00f8yres nettsteder-nettsted\",\"inLanguage\":\"nb-NO\"}]}<\/script>\n<!-- \/ Yoast SEO plugin. -->","yoast_head_json":{"title":"Politikk - Innlandet H\u00f8yre","robots":{"index":"index","follow":"follow","max-snippet":"max-snippet:-1","max-image-preview":"max-image-preview:large","max-video-preview":"max-video-preview:-1"},"canonical":"https:\/\/hoyre.no\/innlandet\/politikk\/","og_locale":"nb_NO","og_type":"article","og_title":"Politikk - Innlandet H\u00f8yre","og_description":"Les fylkestingsprogrammet for perioden 2023-2027 her\ud83d\udc47","og_url":"https:\/\/hoyre.no\/innlandet\/politikk\/","og_site_name":"Innlandet H\u00f8yre","article_modified_time":"2023-06-16T18:45:26+00:00","og_image":[{"url":"https:\/\/hoyre.no\/content\/uploads\/sites\/7\/2023\/05\/Joakim-FT-Hamar-20-1024x683.jpg","type":"","width":"","height":""}],"twitter_card":"summary_large_image","twitter_misc":{"Ansl. lesetid":"2 minutter"},"schema":{"@context":"https:\/\/schema.org","@graph":[{"@type":"WebPage","@id":"https:\/\/hoyre.no\/innlandet\/politikk\/","url":"https:\/\/hoyre.no\/innlandet\/politikk\/","name":"Politikk - Innlandet H\u00f8yre","isPartOf":{"@id":"https:\/\/hoyre.no\/innlandet\/#website"},"image":{"@id":"https:\/\/hoyre.no\/innlandet\/politikk\/#primaryimage"},"thumbnailUrl":"https:\/\/hoyre.no\/content\/uploads\/sites\/7\/2023\/05\/Joakim-FT-Hamar-20-1024x683.jpg","datePublished":"2023-05-02T10:43:38+00:00","dateModified":"2023-06-16T18:45:26+00:00","breadcrumb":{"@id":"https:\/\/hoyre.no\/innlandet\/politikk\/#breadcrumb"},"inLanguage":"nb-NO","potentialAction":[{"@type":"ReadAction","target":["https:\/\/hoyre.no\/innlandet\/politikk\/"]}]},{"@type":"ImageObject","inLanguage":"nb-NO","@id":"https:\/\/hoyre.no\/innlandet\/politikk\/#primaryimage","url":"https:\/\/hoyre.no\/content\/uploads\/sites\/7\/2023\/05\/Joakim-FT-Hamar-20-1024x683.jpg","contentUrl":"https:\/\/hoyre.no\/content\/uploads\/sites\/7\/2023\/05\/Joakim-FT-Hamar-20-1024x683.jpg"},{"@type":"BreadcrumbList","@id":"https:\/\/hoyre.no\/innlandet\/politikk\/#breadcrumb","itemListElement":[{"@type":"ListItem","position":1,"name":"Til hoyre.no","item":"https:\/\/hoyre.no"},{"@type":"ListItem","position":2,"name":"Hjem","item":"https:\/\/hoyre.no\/innlandet\/"},{"@type":"ListItem","position":3,"name":"Politikk"}]},{"@type":"WebSite","@id":"https:\/\/hoyre.no\/innlandet\/#website","url":"https:\/\/hoyre.no\/innlandet\/","name":"Innlandet H\u00f8yre","description":"Bare enda et H\u00f8yres nettsteder-nettsted","inLanguage":"nb-NO"}]}},"distributor_meta":false,"distributor_terms":false,"distributor_media":false,"distributor_original_site_name":"Innlandet H\u00f8yre","distributor_original_site_url":"https:\/\/hoyre.no\/innlandet","push-errors":false,"_links":{"self":[{"href":"https:\/\/hoyre.no\/innlandet\/wp-json\/wp\/v2\/pages\/712","targetHints":{"allow":["GET"]}}],"collection":[{"href":"https:\/\/hoyre.no\/innlandet\/wp-json\/wp\/v2\/pages"}],"about":[{"href":"https:\/\/hoyre.no\/innlandet\/wp-json\/wp\/v2\/types\/page"}],"author":[{"embeddable":true,"href":"https:\/\/hoyre.no\/innlandet\/wp-json\/wp\/v2\/users\/51320"}],"replies":[{"embeddable":true,"href":"https:\/\/hoyre.no\/innlandet\/wp-json\/wp\/v2\/comments?post=712"}],"version-history":[{"count":6,"href":"https:\/\/hoyre.no\/innlandet\/wp-json\/wp\/v2\/pages\/712\/revisions"}],"predecessor-version":[{"id":804,"href":"https:\/\/hoyre.no\/innlandet\/wp-json\/wp\/v2\/pages\/712\/revisions\/804"}],"wp:attachment":[{"href":"https:\/\/hoyre.no\/innlandet\/wp-json\/wp\/v2\/media?parent=712"}],"curies":[{"name":"wp","href":"https:\/\/api.w.org\/{rel}","templated":true}]}}