{"id":25,"date":"2023-05-02T12:47:00","date_gmt":"2023-05-02T10:47:00","guid":{"rendered":"https:\/\/hoyre.no\/jevnaker\/?page_id=25"},"modified":"2023-08-23T14:58:57","modified_gmt":"2023-08-23T12:58:57","slug":"politikk","status":"publish","type":"page","link":"https:\/\/hoyre.no\/jevnaker\/politikk\/","title":{"rendered":"Politikk"},"content":{"rendered":"\n<div class=\"wp-block-hoyre-hero with-image-gradient text-color-light  alignfull has-background\"><div class=\"hoyre-hero \"><h1 class=\"title\">Politikk<\/h1><p class=\"preamble\">N\u00e5r frivilligheten, n\u00e6ringslivet og offentlig sektor spiller p\u00e5 lag, skapes det gode lokalsamfunn. H\u00f8yre tror p\u00e5 enkeltmenneskets evne og lyst til \u00e5 st\u00e5 p\u00e5 egne ben.<br><br>Det er v\u00e5r oppgave \u00e5 s\u00f8rge for at mennesker kan leve gode liv, uansett utgangspunkt. Vi skaper ikke politikk for kommunen, men for alle som bor der. H\u00f8yre tror p\u00e5 et samfunn som gir muligheter for alle.<\/p><\/div><\/div>\n\n\n\n<h2 class=\"wp-block-heading\">Last ned Jevnaker H\u00f8yres program: <\/h2>\n\n\n\n\n<div class=\"wp-block-teft-file icon-link-block\"><a href=\"https:\/\/hoyre.no\/content\/uploads\/sites\/184\/2023\/08\/Jevnaker-Hoyre-Program-for-2023-2027.pdf\" download><span class=\"file-title\">Jevnaker H\u00f8yre &#8211; Program for 2023-2027<\/span><span class=\"file-name\"><\/span><\/a><\/div>\n\n","protected":false},"excerpt":{"rendered":"<p>Last ned Jevnaker H\u00f8yres program:<\/p>\n","protected":false},"author":26273,"featured_media":0,"parent":0,"menu_order":0,"comment_status":"closed","ping_status":"closed","template":"","meta":{"teft_cards_image_url":"","teft_cards_custom_pretitle":"","teft_cards_image_id":0,"teft_cards_image_focal_point_x":0,"teft_cards_image_focal_point_y":0,"teft_cards_title":"","teft_cards_excerpt":"","teft_show_chapters":false,"footnotes":""},"class_list":["post-25","page","type-page","status-publish","hentry"],"yoast_head":"<!-- This site is optimized with the Yoast SEO plugin v26.6 - https:\/\/yoast.com\/wordpress\/plugins\/seo\/ -->\n<title>Politikk - Jevnaker H\u00f8yre<\/title>\n<meta name=\"robots\" content=\"index, follow, max-snippet:-1, max-image-preview:large, max-video-preview:-1\" \/>\n<link rel=\"canonical\" href=\"https:\/\/hoyre.no\/jevnaker\/politikk\/\" \/>\n<meta property=\"og:locale\" content=\"nb_NO\" \/>\n<meta property=\"og:type\" content=\"article\" \/>\n<meta property=\"og:title\" content=\"Politikk - Jevnaker H\u00f8yre\" \/>\n<meta property=\"og:description\" content=\"Last ned Jevnaker H\u00f8yres program:\" \/>\n<meta property=\"og:url\" content=\"https:\/\/hoyre.no\/jevnaker\/politikk\/\" \/>\n<meta property=\"og:site_name\" content=\"Jevnaker H\u00f8yre\" \/>\n<meta property=\"article:modified_time\" content=\"2023-08-23T12:58:57+00:00\" \/>\n<meta property=\"og:image\" content=\"https:\/\/hoyre.no\/content\/uploads\/sites\/184\/2022\/11\/Hoyres-logo.png\" \/>\n\t<meta property=\"og:image:width\" content=\"1000\" \/>\n\t<meta property=\"og:image:height\" content=\"1000\" \/>\n\t<meta property=\"og:image:type\" content=\"image\/png\" \/>\n<meta name=\"twitter:card\" content=\"summary_large_image\" \/>\n<meta name=\"twitter:label1\" content=\"Ansl. lesetid\" \/>\n\t<meta name=\"twitter:data1\" content=\"1 minutt\" \/>\n<script type=\"application\/ld+json\" class=\"yoast-schema-graph\">{\"@context\":\"https:\/\/schema.org\",\"@graph\":[{\"@type\":\"WebPage\",\"@id\":\"https:\/\/hoyre.no\/jevnaker\/politikk\/\",\"url\":\"https:\/\/hoyre.no\/jevnaker\/politikk\/\",\"name\":\"Politikk - Jevnaker H\u00f8yre\",\"isPartOf\":{\"@id\":\"https:\/\/hoyre.no\/jevnaker\/#website\"},\"datePublished\":\"2023-05-02T10:47:00+00:00\",\"dateModified\":\"2023-08-23T12:58:57+00:00\",\"breadcrumb\":{\"@id\":\"https:\/\/hoyre.no\/jevnaker\/politikk\/#breadcrumb\"},\"inLanguage\":\"nb-NO\",\"potentialAction\":[{\"@type\":\"ReadAction\",\"target\":[\"https:\/\/hoyre.no\/jevnaker\/politikk\/\"]}]},{\"@type\":\"BreadcrumbList\",\"@id\":\"https:\/\/hoyre.no\/jevnaker\/politikk\/#breadcrumb\",\"itemListElement\":[{\"@type\":\"ListItem\",\"position\":1,\"name\":\"Til hoyre.no\",\"item\":\"https:\/\/hoyre.no\"},{\"@type\":\"ListItem\",\"position\":2,\"name\":\"Hjem\",\"item\":\"https:\/\/hoyre.no\/jevnaker\/\"},{\"@type\":\"ListItem\",\"position\":3,\"name\":\"Politikk\"}]},{\"@type\":\"WebSite\",\"@id\":\"https:\/\/hoyre.no\/jevnaker\/#website\",\"url\":\"https:\/\/hoyre.no\/jevnaker\/\",\"name\":\"Jevnaker H\u00f8yre\",\"description\":\"Bare enda et H\u00f8yres nettsteder-nettsted\",\"inLanguage\":\"nb-NO\"}]}<\/script>\n<!-- \/ Yoast SEO plugin. -->","yoast_head_json":{"title":"Politikk - Jevnaker H\u00f8yre","robots":{"index":"index","follow":"follow","max-snippet":"max-snippet:-1","max-image-preview":"max-image-preview:large","max-video-preview":"max-video-preview:-1"},"canonical":"https:\/\/hoyre.no\/jevnaker\/politikk\/","og_locale":"nb_NO","og_type":"article","og_title":"Politikk - Jevnaker H\u00f8yre","og_description":"Last ned Jevnaker H\u00f8yres program:","og_url":"https:\/\/hoyre.no\/jevnaker\/politikk\/","og_site_name":"Jevnaker H\u00f8yre","article_modified_time":"2023-08-23T12:58:57+00:00","og_image":[{"width":1000,"height":1000,"url":"https:\/\/hoyre.no\/content\/uploads\/sites\/184\/2022\/11\/Hoyres-logo.png","type":"image\/png"}],"twitter_card":"summary_large_image","twitter_misc":{"Ansl. lesetid":"1 minutt"},"schema":{"@context":"https:\/\/schema.org","@graph":[{"@type":"WebPage","@id":"https:\/\/hoyre.no\/jevnaker\/politikk\/","url":"https:\/\/hoyre.no\/jevnaker\/politikk\/","name":"Politikk - Jevnaker H\u00f8yre","isPartOf":{"@id":"https:\/\/hoyre.no\/jevnaker\/#website"},"datePublished":"2023-05-02T10:47:00+00:00","dateModified":"2023-08-23T12:58:57+00:00","breadcrumb":{"@id":"https:\/\/hoyre.no\/jevnaker\/politikk\/#breadcrumb"},"inLanguage":"nb-NO","potentialAction":[{"@type":"ReadAction","target":["https:\/\/hoyre.no\/jevnaker\/politikk\/"]}]},{"@type":"BreadcrumbList","@id":"https:\/\/hoyre.no\/jevnaker\/politikk\/#breadcrumb","itemListElement":[{"@type":"ListItem","position":1,"name":"Til hoyre.no","item":"https:\/\/hoyre.no"},{"@type":"ListItem","position":2,"name":"Hjem","item":"https:\/\/hoyre.no\/jevnaker\/"},{"@type":"ListItem","position":3,"name":"Politikk"}]},{"@type":"WebSite","@id":"https:\/\/hoyre.no\/jevnaker\/#website","url":"https:\/\/hoyre.no\/jevnaker\/","name":"Jevnaker H\u00f8yre","description":"Bare enda et H\u00f8yres nettsteder-nettsted","inLanguage":"nb-NO"}]}},"distributor_meta":false,"distributor_terms":false,"distributor_media":false,"distributor_original_site_name":"Jevnaker H\u00f8yre","distributor_original_site_url":"https:\/\/hoyre.no\/jevnaker","push-errors":false,"_links":{"self":[{"href":"https:\/\/hoyre.no\/jevnaker\/wp-json\/wp\/v2\/pages\/25","targetHints":{"allow":["GET"]}}],"collection":[{"href":"https:\/\/hoyre.no\/jevnaker\/wp-json\/wp\/v2\/pages"}],"about":[{"href":"https:\/\/hoyre.no\/jevnaker\/wp-json\/wp\/v2\/types\/page"}],"author":[{"embeddable":true,"href":"https:\/\/hoyre.no\/jevnaker\/wp-json\/wp\/v2\/users\/26273"}],"replies":[{"embeddable":true,"href":"https:\/\/hoyre.no\/jevnaker\/wp-json\/wp\/v2\/comments?post=25"}],"version-history":[{"count":4,"href":"https:\/\/hoyre.no\/jevnaker\/wp-json\/wp\/v2\/pages\/25\/revisions"}],"predecessor-version":[{"id":37,"href":"https:\/\/hoyre.no\/jevnaker\/wp-json\/wp\/v2\/pages\/25\/revisions\/37"}],"wp:attachment":[{"href":"https:\/\/hoyre.no\/jevnaker\/wp-json\/wp\/v2\/media?parent=25"}],"curies":[{"name":"wp","href":"https:\/\/api.w.org\/{rel}","templated":true}]}}