{"id":56,"date":"2023-06-29T10:07:25","date_gmt":"2023-06-29T08:07:25","guid":{"rendered":"https:\/\/hoyre.no\/karmoy\/?page_id=56"},"modified":"2025-01-28T12:51:22","modified_gmt":"2025-01-28T11:51:22","slug":"ordforerkandidat","status":"publish","type":"page","link":"https:\/\/hoyre.no\/karmoy\/ordforerkandidat\/","title":{"rendered":"Ordf\u00f8rerkandidat"},"content":{"rendered":"\n<div class=\"wp-block-hoyre-hero with-image-gradient text-color-light  has-media alignfull has-background\"><div class=\"hoyre-hero has-image\"><h1 class=\"title\">Ordf\u00f8rer Leiv Arne <\/h1><p class=\"preamble\">Hvorfor du skal gi H\u00f8yre og meg din stemme i Karm\u00f8y kommune?<\/p>\t\t\t<div class=\"post-meta wp-block teft-byline-wrapper\">\n\t\t\t\t<div class=\"top\">\n\t\t\t\t\t<div class=\"signature\">\n\t\t\t\t\t\t<div class=\"teft-byline\">\n\t\t\t\t\t\t\t\t\t\t\t\t\t\t<div>\n\t\t\t\t\t\t\t\t<h3>H\u00f8yres redaksjon<\/h3>\t\t\t\t\t\t\t\t\n\t\t\t\t\t\t\t\t\t\t\t\t\t\t\t\t\t<span class=\"date\">Sist oppdatert: 28. januar 2025<\/span>\n\t\t\t\t\t\t\t\t\t\t\t\t\t\t\t\t\t\t\t\t\t\t\t\t\t<span class=\"reading-time\" itemprop=\"timeRequired\" content=\"PT2M\"><em>Ca. 2 minutter lesetid<\/em><\/span>\n\t\t\t\t\t\t\t\t\t\t\t\t\t\t\t<\/div>\n\t\t\t\t\t\t<\/div>\n\t\t\t\t\t<\/div>\n\t\t\t\t\t\t<div class=\"sharing\">\n\t\t<a class=\"share-button share-link copy-link\" data-copy=\"https:\/\/hoyre.no\/karmoy\/ordforerkandidat\/\" target=\"_blank\"><span class=\"screen-reader-text\">Del link<\/span><\/a>\n\t\t<a class=\"share-button share-twitter\" href=\"http:\/\/twitter.com\/share?text=Ordf\u00f8rerkandidat&#038;url=https:\/\/hoyre.no\/karmoy\/ordforerkandidat\/&#038;hashtags=Hoyre\" target=\"_blank\"><span class=\"screen-reader-text\">Del p\u00e5 twitter<\/span><\/a>\n\t\t<a class=\"share-button share-facebook\" href=\"https:\/\/www.facebook.com\/sharer\/sharer.php?u=https:\/\/hoyre.no\/karmoy\/ordforerkandidat\/\" target=\"_blank\"><span class=\"screen-reader-text\">Del p\u00e5 facebook<\/span><\/a>\n\t<\/div>\n\t\t\t\t\t<\/div>\n\t\t\t<\/div>\n\n\t\t\t<figure class=\"hoyre-image-wrapper\"><div class=\"hoyre-image\"><img loading=\"lazy\" decoding=\"async\" width=\"1638\" height=\"2048\" src=\"https:\/\/hoyre.no\/content\/uploads\/sites\/219\/2023\/06\/leif-arne.jpg\" class=\"attachment-scaled size-scaled\" alt=\"\" style=\"object-position: 54% 31%\" srcset=\"https:\/\/hoyre.no\/content\/uploads\/sites\/219\/2023\/06\/leif-arne.jpg 1638w, https:\/\/hoyre.no\/content\/uploads\/sites\/219\/2023\/06\/leif-arne-240x300.jpg 240w, https:\/\/hoyre.no\/content\/uploads\/sites\/219\/2023\/06\/leif-arne-819x1024.jpg 819w, https:\/\/hoyre.no\/content\/uploads\/sites\/219\/2023\/06\/leif-arne-768x960.jpg 768w, https:\/\/hoyre.no\/content\/uploads\/sites\/219\/2023\/06\/leif-arne-1229x1536.jpg 1229w\" sizes=\"auto, (max-width: 1638px) 100vw, 1638px\" \/><\/div><\/figure><\/div><\/div>\n\n\n\n\n<div class=\"wp-block-buttons is-content-justification-center is-layout-flex wp-container-core-buttons-is-layout-16018d1d wp-block-buttons-is-layout-flex\">\n<div class=\"wp-block-button\"><a class=\"wp-block-button__link wp-element-button\" href=\"https:\/\/hoyre.no\/nyhetsbrev\/\">abonner p\u00e5 h\u00f8yres nyhetsbrev<\/a><\/div>\n<\/div>\n\n\n\n<div class=\"wp-block-hoyre-banner undefined has-icon-title icon-heart is-style-blue\"><div class=\"banner-inner\"><div class=\"banner-content\"><div class=\"entry-content\">\n<h2 class=\"wp-block-heading has-text-align-center\" id=\"h-bli-bedre-kjent-med-navn\">Bli bedre kjent med Leiv Arne<\/h2>\n\n\n\n<p class=\"has-text-align-left\"><strong>Bosted:<\/strong> Kopervik<\/p>\n\n\n\n<p class=\"has-text-align-left\"><strong>Sivilstatus:<\/strong> Gift<\/p>\n\n\n\n<p class=\"has-text-align-left\"><strong>Jobb:<\/strong> Kommunikasjonssjef<\/p>\n\n\n\n<p class=\"has-text-align-left\"><strong>Bakgrunn:<\/strong> Maskiningeni\u00f8r\/Energi og milj\u00f8<\/p>\n\n\n\n<p class=\"has-text-align-left\"><strong>Politisk erfaring:<\/strong> Tidligere kommunestyremedlem, samt erfaring fra informasjon\/kunnskapsformidling til Stortinget<\/p>\n\n\n\n<p class=\"has-text-align-left\"><strong>Hvorfor er H\u00f8yre rett parti for deg?<\/strong> Verdigrunnlaget, enkeltindividets rettigheter\/muligheter og troen p\u00e5 at samarbeid mellom privat og offentlig virksomhet ofte gir best resultat.<\/p>\n\n\n\n<p class=\"has-text-align-left\"><strong>Det er l\u00f8rdag, klokka n\u00e6rmer seg 19.00. Hva spiser du helst til middag?<\/strong> Hjemmelaget mat \u2013 pizza, taco eller biff er standard, men i ny og ne unner jeg meg skikkelig hvalkj\u00f8tt.<\/p>\n\n\n\n<p class=\"has-text-align-left\"><strong>Konsert eller idrettsarrangement?<\/strong> Det m\u00e5 nok bli en konsert.<\/p>\n\n\n\n<p class=\"has-text-align-left\"><strong>Hvis du skulle valgt en, hva er din favorittartist?<\/strong> Klarer ikke helt \u00e5 velge bare en; det st\u00e5r mellom Paul McCartney og Bruce Springsteen.<\/p>\n\n\n\n<p class=\"has-text-align-left\"><strong>Funfact?<\/strong> Jobbet i nesten fem \u00e5r som trikkef\u00f8rer i Trondheim under studiene. L\u00e6rerikt.<\/p>\n\n\n\n<p class=\"has-text-align-left\"><strong>Hva er din favorittplass i kommunen og utenfor kommunen?<\/strong>&nbsp;I kommunen: Fotvannet og turstiene. Utenfor kommunen: Lofoten og Italia<\/p>\n\n\n\n<div class=\"wp-block-buttons is-layout-flex wp-block-buttons-is-layout-flex\"><\/div>\n<\/div><\/div><\/div><\/div>\n\n\n\n\n\n<figure class=\"wp-block-teft-gallery columns-3 count-3 rows-2 is-cropped\"><ul class=\"teft-gallery-grid\"><li class=\"teft-gallery-item \"><figure><a href=\"https:\/\/res.cloudinary.com\/hoyre\/images\/v1607434042\/Nye%20hoyre.no\/Hovedside\/2020_RGB_hoyre_logo_profilbilde_01_14862029458\/2020_RGB_hoyre_logo_profilbilde_01_14862029458.png?_i=AA\" data-size=\"1000x1000\"><\/a><\/figure><\/li><li class=\"teft-gallery-item \"><figure><a href=\"https:\/\/res.cloudinary.com\/hoyre\/images\/v1607438265\/Nye%20hoyre.no\/Hovedside\/2020_RGB_hoyre_logo_profilbilde_01_161697e40a\/2020_RGB_hoyre_logo_profilbilde_01_161697e40a.png?_i=AA\" data-size=\"1000x1000\"><\/a><\/figure><\/li><li class=\"teft-gallery-item \"><figure><a href=\"https:\/\/res.cloudinary.com\/hoyre\/images\/v1607500832\/Nye%20hoyre.no\/Hovedside\/Design-uten-navn-4_1219163575\/Design-uten-navn-4_1219163575.png?_i=AA\" data-size=\"2880x1620\"><\/a><\/figure><\/li><\/ul><\/figure>\n\n\n\n<h2 class=\"wp-block-heading has-text-align-center\"><\/h2>\n\n\n\n","protected":false},"excerpt":{"rendered":"","protected":false},"author":166,"featured_media":0,"parent":0,"menu_order":0,"comment_status":"closed","ping_status":"closed","template":"","meta":{"teft_cards_image_url":"","teft_cards_custom_pretitle":"","teft_cards_image_id":0,"teft_cards_image_focal_point_x":0,"teft_cards_image_focal_point_y":0,"teft_cards_title":"","teft_cards_excerpt":"","teft_show_chapters":false,"footnotes":""},"class_list":["post-56","page","type-page","status-publish","hentry"],"yoast_head":"<!-- This site is optimized with the Yoast SEO plugin v26.6 - https:\/\/yoast.com\/wordpress\/plugins\/seo\/ -->\n<title>Ordf\u00f8rerkandidat - Karm\u00f8y H\u00f8yre<\/title>\n<meta name=\"description\" content=\"Bli bedre kjent med ordf\u00f8reren i Karm\u00f8y.\" \/>\n<meta name=\"robots\" content=\"index, follow, max-snippet:-1, max-image-preview:large, max-video-preview:-1\" \/>\n<link rel=\"canonical\" href=\"https:\/\/hoyre.no\/karmoy\/ordforerkandidat\/\" \/>\n<meta property=\"og:locale\" content=\"nb_NO\" \/>\n<meta property=\"og:type\" content=\"article\" \/>\n<meta property=\"og:title\" content=\"Ordf\u00f8rerkandidat - Karm\u00f8y H\u00f8yre\" \/>\n<meta property=\"og:description\" content=\"Bli bedre kjent med ordf\u00f8reren i Karm\u00f8y.\" \/>\n<meta property=\"og:url\" content=\"https:\/\/hoyre.no\/karmoy\/ordforerkandidat\/\" \/>\n<meta property=\"og:site_name\" content=\"Karm\u00f8y H\u00f8yre\" \/>\n<meta property=\"article:modified_time\" content=\"2025-01-28T11:51:22+00:00\" \/>\n<meta property=\"og:image\" content=\"https:\/\/hoyre.no\/content\/uploads\/sites\/219\/2022\/11\/Hoyres-logo.png\" \/>\n\t<meta property=\"og:image:width\" content=\"1000\" \/>\n\t<meta property=\"og:image:height\" content=\"1000\" \/>\n\t<meta property=\"og:image:type\" content=\"image\/png\" \/>\n<meta name=\"twitter:card\" content=\"summary_large_image\" \/>\n<meta name=\"twitter:label1\" content=\"Ansl. lesetid\" \/>\n\t<meta name=\"twitter:data1\" content=\"2 minutter\" \/>\n<script type=\"application\/ld+json\" class=\"yoast-schema-graph\">{\"@context\":\"https:\/\/schema.org\",\"@graph\":[{\"@type\":\"WebPage\",\"@id\":\"https:\/\/hoyre.no\/karmoy\/ordforerkandidat\/\",\"url\":\"https:\/\/hoyre.no\/karmoy\/ordforerkandidat\/\",\"name\":\"Ordf\u00f8rerkandidat - Karm\u00f8y H\u00f8yre\",\"isPartOf\":{\"@id\":\"https:\/\/hoyre.no\/karmoy\/#website\"},\"datePublished\":\"2023-06-29T08:07:25+00:00\",\"dateModified\":\"2025-01-28T11:51:22+00:00\",\"description\":\"Bli bedre kjent med ordf\u00f8reren i Karm\u00f8y.\",\"breadcrumb\":{\"@id\":\"https:\/\/hoyre.no\/karmoy\/ordforerkandidat\/#breadcrumb\"},\"inLanguage\":\"nb-NO\",\"potentialAction\":[{\"@type\":\"ReadAction\",\"target\":[\"https:\/\/hoyre.no\/karmoy\/ordforerkandidat\/\"]}]},{\"@type\":\"BreadcrumbList\",\"@id\":\"https:\/\/hoyre.no\/karmoy\/ordforerkandidat\/#breadcrumb\",\"itemListElement\":[{\"@type\":\"ListItem\",\"position\":1,\"name\":\"Til hoyre.no\",\"item\":\"https:\/\/hoyre.no\"},{\"@type\":\"ListItem\",\"position\":2,\"name\":\"Hjem\",\"item\":\"https:\/\/hoyre.no\/karmoy\/\"},{\"@type\":\"ListItem\",\"position\":3,\"name\":\"Ordf\u00f8rerkandidat\"}]},{\"@type\":\"WebSite\",\"@id\":\"https:\/\/hoyre.no\/karmoy\/#website\",\"url\":\"https:\/\/hoyre.no\/karmoy\/\",\"name\":\"Karm\u00f8y H\u00f8yre\",\"description\":\"Bare enda et H\u00f8yres nettsteder-nettsted\",\"inLanguage\":\"nb-NO\"}]}<\/script>\n<!-- \/ Yoast SEO plugin. -->","yoast_head_json":{"title":"Ordf\u00f8rerkandidat - Karm\u00f8y H\u00f8yre","description":"Bli bedre kjent med ordf\u00f8reren i Karm\u00f8y.","robots":{"index":"index","follow":"follow","max-snippet":"max-snippet:-1","max-image-preview":"max-image-preview:large","max-video-preview":"max-video-preview:-1"},"canonical":"https:\/\/hoyre.no\/karmoy\/ordforerkandidat\/","og_locale":"nb_NO","og_type":"article","og_title":"Ordf\u00f8rerkandidat - Karm\u00f8y H\u00f8yre","og_description":"Bli bedre kjent med ordf\u00f8reren i Karm\u00f8y.","og_url":"https:\/\/hoyre.no\/karmoy\/ordforerkandidat\/","og_site_name":"Karm\u00f8y H\u00f8yre","article_modified_time":"2025-01-28T11:51:22+00:00","og_image":[{"width":1000,"height":1000,"url":"https:\/\/hoyre.no\/content\/uploads\/sites\/219\/2022\/11\/Hoyres-logo.png","type":"image\/png"}],"twitter_card":"summary_large_image","twitter_misc":{"Ansl. lesetid":"2 minutter"},"schema":{"@context":"https:\/\/schema.org","@graph":[{"@type":"WebPage","@id":"https:\/\/hoyre.no\/karmoy\/ordforerkandidat\/","url":"https:\/\/hoyre.no\/karmoy\/ordforerkandidat\/","name":"Ordf\u00f8rerkandidat - Karm\u00f8y H\u00f8yre","isPartOf":{"@id":"https:\/\/hoyre.no\/karmoy\/#website"},"datePublished":"2023-06-29T08:07:25+00:00","dateModified":"2025-01-28T11:51:22+00:00","description":"Bli bedre kjent med ordf\u00f8reren i Karm\u00f8y.","breadcrumb":{"@id":"https:\/\/hoyre.no\/karmoy\/ordforerkandidat\/#breadcrumb"},"inLanguage":"nb-NO","potentialAction":[{"@type":"ReadAction","target":["https:\/\/hoyre.no\/karmoy\/ordforerkandidat\/"]}]},{"@type":"BreadcrumbList","@id":"https:\/\/hoyre.no\/karmoy\/ordforerkandidat\/#breadcrumb","itemListElement":[{"@type":"ListItem","position":1,"name":"Til hoyre.no","item":"https:\/\/hoyre.no"},{"@type":"ListItem","position":2,"name":"Hjem","item":"https:\/\/hoyre.no\/karmoy\/"},{"@type":"ListItem","position":3,"name":"Ordf\u00f8rerkandidat"}]},{"@type":"WebSite","@id":"https:\/\/hoyre.no\/karmoy\/#website","url":"https:\/\/hoyre.no\/karmoy\/","name":"Karm\u00f8y H\u00f8yre","description":"Bare enda et H\u00f8yres nettsteder-nettsted","inLanguage":"nb-NO"}]}},"distributor_meta":false,"distributor_terms":false,"distributor_media":false,"distributor_original_site_name":"Karm\u00f8y H\u00f8yre","distributor_original_site_url":"https:\/\/hoyre.no\/karmoy","push-errors":false,"_links":{"self":[{"href":"https:\/\/hoyre.no\/karmoy\/wp-json\/wp\/v2\/pages\/56","targetHints":{"allow":["GET"]}}],"collection":[{"href":"https:\/\/hoyre.no\/karmoy\/wp-json\/wp\/v2\/pages"}],"about":[{"href":"https:\/\/hoyre.no\/karmoy\/wp-json\/wp\/v2\/types\/page"}],"author":[{"embeddable":true,"href":"https:\/\/hoyre.no\/karmoy\/wp-json\/wp\/v2\/users\/166"}],"replies":[{"embeddable":true,"href":"https:\/\/hoyre.no\/karmoy\/wp-json\/wp\/v2\/comments?post=56"}],"version-history":[{"count":10,"href":"https:\/\/hoyre.no\/karmoy\/wp-json\/wp\/v2\/pages\/56\/revisions"}],"predecessor-version":[{"id":187,"href":"https:\/\/hoyre.no\/karmoy\/wp-json\/wp\/v2\/pages\/56\/revisions\/187"}],"wp:attachment":[{"href":"https:\/\/hoyre.no\/karmoy\/wp-json\/wp\/v2\/media?parent=56"}],"curies":[{"name":"wp","href":"https:\/\/api.w.org\/{rel}","templated":true}]}}