{"id":29,"date":"2023-05-02T12:48:09","date_gmt":"2023-05-02T10:48:09","guid":{"rendered":"https:\/\/hoyre.no\/kautokeino\/?page_id=29"},"modified":"2023-08-23T15:54:39","modified_gmt":"2023-08-23T13:54:39","slug":"politikk","status":"publish","type":"page","link":"https:\/\/hoyre.no\/kautokeino\/politikk\/","title":{"rendered":"Politikk"},"content":{"rendered":"\n<div class=\"wp-block-hoyre-hero with-image-gradient text-color-light  alignfull has-background\"><div class=\"hoyre-hero \"><h1 class=\"title\">Politikk<\/h1><p class=\"preamble\">Her kan du lese v\u00e5rt partiprogram og mer om v\u00e5re hjertesaker:<br>Trygg Eldreomsorg<br>Moderne boligpolitikk<br>God oppvekst<br>P\u00e5 lag med folk og n\u00e6ringsliv<\/p><\/div><\/div>\n\n\n\n\n<div class=\"wp-block-teft-file icon-link-block\"><a href=\"https:\/\/hoyre.no\/content\/uploads\/sites\/254\/2023\/08\/KautokeinoHoyre-program-2023-2027-norsk.pdf\" download><span class=\"file-title\">Her kan du lese valgprogrammet v\u00e5rt for 2023-2027<\/span><span class=\"file-name\"><\/span><\/a><\/div>\n\n","protected":false},"excerpt":{"rendered":"","protected":false},"author":453,"featured_media":0,"parent":0,"menu_order":0,"comment_status":"closed","ping_status":"closed","template":"","meta":{"teft_cards_image_url":"","teft_cards_custom_pretitle":"","teft_cards_image_id":0,"teft_cards_image_focal_point_x":0,"teft_cards_image_focal_point_y":0,"teft_cards_title":"","teft_cards_excerpt":"","teft_show_chapters":false,"footnotes":""},"class_list":["post-29","page","type-page","status-publish","hentry"],"yoast_head":"<!-- This site is optimized with the Yoast SEO plugin v26.6 - https:\/\/yoast.com\/wordpress\/plugins\/seo\/ -->\n<title>Politikk - Kautokeino H\u00f8yre<\/title>\n<meta name=\"robots\" content=\"index, follow, max-snippet:-1, max-image-preview:large, max-video-preview:-1\" \/>\n<link rel=\"canonical\" href=\"https:\/\/hoyre.no\/kautokeino\/politikk\/\" \/>\n<meta property=\"og:locale\" content=\"nb_NO\" \/>\n<meta property=\"og:type\" content=\"article\" \/>\n<meta property=\"og:title\" content=\"Politikk - Kautokeino H\u00f8yre\" \/>\n<meta property=\"og:url\" content=\"https:\/\/hoyre.no\/kautokeino\/politikk\/\" \/>\n<meta property=\"og:site_name\" content=\"Kautokeino H\u00f8yre\" \/>\n<meta property=\"article:modified_time\" content=\"2023-08-23T13:54:39+00:00\" \/>\n<meta property=\"og:image\" content=\"https:\/\/hoyre.no\/content\/uploads\/sites\/254\/2022\/11\/Hoyres-logo.png\" \/>\n\t<meta property=\"og:image:width\" content=\"1000\" \/>\n\t<meta property=\"og:image:height\" content=\"1000\" \/>\n\t<meta property=\"og:image:type\" content=\"image\/png\" \/>\n<meta name=\"twitter:card\" content=\"summary_large_image\" \/>\n<meta name=\"twitter:label1\" content=\"Ansl. lesetid\" \/>\n\t<meta name=\"twitter:data1\" content=\"1 minutt\" \/>\n<script type=\"application\/ld+json\" class=\"yoast-schema-graph\">{\"@context\":\"https:\/\/schema.org\",\"@graph\":[{\"@type\":\"WebPage\",\"@id\":\"https:\/\/hoyre.no\/kautokeino\/politikk\/\",\"url\":\"https:\/\/hoyre.no\/kautokeino\/politikk\/\",\"name\":\"Politikk - Kautokeino H\u00f8yre\",\"isPartOf\":{\"@id\":\"https:\/\/hoyre.no\/kautokeino\/#website\"},\"datePublished\":\"2023-05-02T10:48:09+00:00\",\"dateModified\":\"2023-08-23T13:54:39+00:00\",\"breadcrumb\":{\"@id\":\"https:\/\/hoyre.no\/kautokeino\/politikk\/#breadcrumb\"},\"inLanguage\":\"nb-NO\",\"potentialAction\":[{\"@type\":\"ReadAction\",\"target\":[\"https:\/\/hoyre.no\/kautokeino\/politikk\/\"]}]},{\"@type\":\"BreadcrumbList\",\"@id\":\"https:\/\/hoyre.no\/kautokeino\/politikk\/#breadcrumb\",\"itemListElement\":[{\"@type\":\"ListItem\",\"position\":1,\"name\":\"Til hoyre.no\",\"item\":\"https:\/\/hoyre.no\"},{\"@type\":\"ListItem\",\"position\":2,\"name\":\"Hjem\",\"item\":\"https:\/\/hoyre.no\/kautokeino\/\"},{\"@type\":\"ListItem\",\"position\":3,\"name\":\"Politikk\"}]},{\"@type\":\"WebSite\",\"@id\":\"https:\/\/hoyre.no\/kautokeino\/#website\",\"url\":\"https:\/\/hoyre.no\/kautokeino\/\",\"name\":\"Kautokeino H\u00f8yre\",\"description\":\"Bare enda et H\u00f8yres nettsteder-nettsted\",\"inLanguage\":\"nb-NO\"}]}<\/script>\n<!-- \/ Yoast SEO plugin. -->","yoast_head_json":{"title":"Politikk - Kautokeino H\u00f8yre","robots":{"index":"index","follow":"follow","max-snippet":"max-snippet:-1","max-image-preview":"max-image-preview:large","max-video-preview":"max-video-preview:-1"},"canonical":"https:\/\/hoyre.no\/kautokeino\/politikk\/","og_locale":"nb_NO","og_type":"article","og_title":"Politikk - Kautokeino H\u00f8yre","og_url":"https:\/\/hoyre.no\/kautokeino\/politikk\/","og_site_name":"Kautokeino H\u00f8yre","article_modified_time":"2023-08-23T13:54:39+00:00","og_image":[{"width":1000,"height":1000,"url":"https:\/\/hoyre.no\/content\/uploads\/sites\/254\/2022\/11\/Hoyres-logo.png","type":"image\/png"}],"twitter_card":"summary_large_image","twitter_misc":{"Ansl. lesetid":"1 minutt"},"schema":{"@context":"https:\/\/schema.org","@graph":[{"@type":"WebPage","@id":"https:\/\/hoyre.no\/kautokeino\/politikk\/","url":"https:\/\/hoyre.no\/kautokeino\/politikk\/","name":"Politikk - Kautokeino H\u00f8yre","isPartOf":{"@id":"https:\/\/hoyre.no\/kautokeino\/#website"},"datePublished":"2023-05-02T10:48:09+00:00","dateModified":"2023-08-23T13:54:39+00:00","breadcrumb":{"@id":"https:\/\/hoyre.no\/kautokeino\/politikk\/#breadcrumb"},"inLanguage":"nb-NO","potentialAction":[{"@type":"ReadAction","target":["https:\/\/hoyre.no\/kautokeino\/politikk\/"]}]},{"@type":"BreadcrumbList","@id":"https:\/\/hoyre.no\/kautokeino\/politikk\/#breadcrumb","itemListElement":[{"@type":"ListItem","position":1,"name":"Til hoyre.no","item":"https:\/\/hoyre.no"},{"@type":"ListItem","position":2,"name":"Hjem","item":"https:\/\/hoyre.no\/kautokeino\/"},{"@type":"ListItem","position":3,"name":"Politikk"}]},{"@type":"WebSite","@id":"https:\/\/hoyre.no\/kautokeino\/#website","url":"https:\/\/hoyre.no\/kautokeino\/","name":"Kautokeino H\u00f8yre","description":"Bare enda et H\u00f8yres nettsteder-nettsted","inLanguage":"nb-NO"}]}},"distributor_meta":false,"distributor_terms":false,"distributor_media":false,"distributor_original_site_name":"Kautokeino H\u00f8yre","distributor_original_site_url":"https:\/\/hoyre.no\/kautokeino","push-errors":false,"_links":{"self":[{"href":"https:\/\/hoyre.no\/kautokeino\/wp-json\/wp\/v2\/pages\/29","targetHints":{"allow":["GET"]}}],"collection":[{"href":"https:\/\/hoyre.no\/kautokeino\/wp-json\/wp\/v2\/pages"}],"about":[{"href":"https:\/\/hoyre.no\/kautokeino\/wp-json\/wp\/v2\/types\/page"}],"author":[{"embeddable":true,"href":"https:\/\/hoyre.no\/kautokeino\/wp-json\/wp\/v2\/users\/453"}],"replies":[{"embeddable":true,"href":"https:\/\/hoyre.no\/kautokeino\/wp-json\/wp\/v2\/comments?post=29"}],"version-history":[{"count":2,"href":"https:\/\/hoyre.no\/kautokeino\/wp-json\/wp\/v2\/pages\/29\/revisions"}],"predecessor-version":[{"id":36,"href":"https:\/\/hoyre.no\/kautokeino\/wp-json\/wp\/v2\/pages\/29\/revisions\/36"}],"wp:attachment":[{"href":"https:\/\/hoyre.no\/kautokeino\/wp-json\/wp\/v2\/media?parent=29"}],"curies":[{"name":"wp","href":"https:\/\/api.w.org\/{rel}","templated":true}]}}