{"id":79,"date":"2023-08-09T13:07:20","date_gmt":"2023-08-09T11:07:20","guid":{"rendered":"https:\/\/hoyre.no\/kinn\/?page_id=79"},"modified":"2025-02-14T13:02:16","modified_gmt":"2025-02-14T12:02:16","slug":"vare-kandidatar-2023-2027","status":"publish","type":"page","link":"https:\/\/hoyre.no\/kinn\/vare-kandidatar-2023-2027\/","title":{"rendered":"v\u00e5re kandidatar 2023-2027"},"content":{"rendered":"\n<div class=\"wp-block-hoyre-hero with-image-gradient text-color-light  has-media alignfull has-background\"><div class=\"hoyre-hero has-image\"><h1 class=\"title\">Vallista<br>2023-2027<\/h1><p class=\"preamble\">Kinn H\u00f8yre<\/p>\t\t\t<div class=\"post-meta wp-block teft-byline-wrapper\">\n\t\t\t\t<div class=\"top\">\n\t\t\t\t\t<div class=\"signature\">\n\t\t\t\t\t\t<div class=\"teft-byline\">\n\t\t\t\t\t\t\t\t\t\t\t\t\t\t<div>\n\t\t\t\t\t\t\t\t<h3>H\u00f8yres redaksjon<\/h3>\t\t\t\t\t\t\t\t\n\t\t\t\t\t\t\t\t\t\t\t\t\t\t\t\t\t<span class=\"date\">Sist oppdatert: 14. februar 2025<\/span>\n\t\t\t\t\t\t\t\t\t\t\t\t\t\t\t\t\t\t\t\t\t\t\t\t\t<span class=\"reading-time\" itemprop=\"timeRequired\" content=\"PT2M\"><em>Ca. 2 minutter lesetid<\/em><\/span>\n\t\t\t\t\t\t\t\t\t\t\t\t\t\t\t<\/div>\n\t\t\t\t\t\t<\/div>\n\t\t\t\t\t<\/div>\n\t\t\t\t\t\t<div class=\"sharing\">\n\t\t<a class=\"share-button share-link copy-link\" data-copy=\"https:\/\/hoyre.no\/kinn\/vare-kandidatar-2023-2027\/\" target=\"_blank\"><span class=\"screen-reader-text\">Del link<\/span><\/a>\n\t\t<a class=\"share-button share-twitter\" href=\"http:\/\/twitter.com\/share?text=v\u00e5re kandidatar 2023-2027&#038;url=https:\/\/hoyre.no\/kinn\/vare-kandidatar-2023-2027\/&#038;hashtags=Hoyre\" target=\"_blank\"><span class=\"screen-reader-text\">Del p\u00e5 twitter<\/span><\/a>\n\t\t<a class=\"share-button share-facebook\" href=\"https:\/\/www.facebook.com\/sharer\/sharer.php?u=https:\/\/hoyre.no\/kinn\/vare-kandidatar-2023-2027\/\" target=\"_blank\"><span class=\"screen-reader-text\">Del p\u00e5 facebook<\/span><\/a>\n\t<\/div>\n\t\t\t\t\t<\/div>\n\t\t\t<\/div>\n\n\t\t\t<figure class=\"hoyre-image-wrapper\"><div class=\"hoyre-image\"><img loading=\"lazy\" decoding=\"async\" width=\"1000\" height=\"1000\" src=\"https:\/\/hoyre.no\/content\/uploads\/sites\/331\/2022\/11\/Hoyres-logo.png\" class=\"attachment-scaled size-scaled\" alt=\"\" style=\"object-position: 50% 50%\" srcset=\"https:\/\/hoyre.no\/content\/uploads\/sites\/331\/2022\/11\/Hoyres-logo.png 1000w, https:\/\/hoyre.no\/content\/uploads\/sites\/331\/2022\/11\/Hoyres-logo-300x300.png 300w, https:\/\/hoyre.no\/content\/uploads\/sites\/331\/2022\/11\/Hoyres-logo-150x150.png 150w, https:\/\/hoyre.no\/content\/uploads\/sites\/331\/2022\/11\/Hoyres-logo-768x768.png 768w\" sizes=\"auto, (max-width: 1000px) 100vw, 1000px\" \/><\/div><\/figure><\/div><\/div>\n\n\n\n<div class=\"wp-block-hoyre-banner alignwide undefined  is-style-blue\"><div class=\"banner-inner\"><figure class=\"hoyre-image-wrapper\"><div class=\"hoyre-image\"><img loading=\"lazy\" decoding=\"async\" width=\"1875\" height=\"2500\" src=\"https:\/\/hoyre.no\/content\/uploads\/sites\/331\/2025\/02\/11164746-scaled.avif\" class=\"attachment-scaled size-scaled\" alt=\"kinn\" style=\"object-position: 53% 87%\" srcset=\"https:\/\/hoyre.no\/content\/uploads\/sites\/331\/2025\/02\/11164746-scaled.avif 1875w, https:\/\/hoyre.no\/content\/uploads\/sites\/331\/2025\/02\/11164746-225x300.avif 225w, https:\/\/hoyre.no\/content\/uploads\/sites\/331\/2025\/02\/11164746-768x1024.avif 768w, https:\/\/hoyre.no\/content\/uploads\/sites\/331\/2025\/02\/11164746-1152x1536.avif 1152w, https:\/\/hoyre.no\/content\/uploads\/sites\/331\/2025\/02\/11164746-1536x2048.avif 1536w\" sizes=\"auto, (max-width: 1875px) 100vw, 1875px\" \/><\/div><\/figure><div class=\"banner-content\"><div class=\"entry-content\">\n<h2 class=\"wp-block-heading\">Bengt Solheim-Olsen, v\u00e5r ordf\u00f8rar\ud83d\udc99<\/h2>\n\n\n\n<p><strong>Bosted:<\/strong> Flor\u00f8<\/p>\n\n\n\n<p><strong>Yrke: <\/strong>Sj\u00f8lvstendig n\u00e6ringsdrivande<\/p>\n\n\n\n<p><strong>Hjartesak: <\/strong>Trygg \u00f8konomisk styring, slik at det blir rom for \u00e5 utvikle gode velferdstjenester.<\/p>\n\n\n\n<p><strong>Fritiden: <\/strong>Leiar i Flora turlag, styremedlem i Flora fotball, og har tidlegare vore aktiv innen fotball, h\u00e5ndball og revylivet i Flor\u00f8.<\/p>\n\n\n\n<div class=\"wp-block-buttons is-layout-flex wp-block-buttons-is-layout-flex\"><\/div>\n<\/div><\/div><\/div><\/div>\n\n\n\n<h2 class=\"wp-block-heading\">Heile vallista v\u00e5r:<\/h2>\n\n\n\n\n<ol class=\"wp-block-list\">\n<li>* Bengt Solheim-Olsen, 1968<\/li>\n\n\n\n<li>* Anett Berg, 1973<\/li>\n\n\n\n<li>* Mats Brunsvik, 1988<\/li>\n\n\n\n<li>* Arlene Oddbj\u00f8rg V\u00e5gene, 1975<\/li>\n\n\n\n<li>Siri Sunde, 1987<\/li>\n\n\n\n<li>H\u00e5kon Skram Heggen, 2004<\/li>\n\n\n\n<li>Dagrunn Almenning Kvalheim, 1972<\/li>\n\n\n\n<li>Morten Mortensen, 1961<\/li>\n\n\n\n<li>Line Sundal, 1973<\/li>\n\n\n\n<li>Ingvar Torsvik Myrvollen, 1968<\/li>\n\n\n\n<li>Trine Merethe Hovland, 1966<\/li>\n\n\n\n<li>Terje Svardahl, 1982<\/li>\n\n\n\n<li>Solbj\u00f8rg Myrhaug Teige, 1948<\/li>\n\n\n\n<li>Margunn Marie Valvik, 1962<\/li>\n\n\n\n<li>Vebj\u00f8rn Leite Olsen, 1998<\/li>\n\n\n\n<li>Andr\u00e8 \u00d8vstedal, 1996<\/li>\n\n\n\n<li>Thomas Haugnes, 2000<\/li>\n\n\n\n<li>Kristine Dolve Ellingsund, 1974<\/li>\n\n\n\n<li>Rune Knapstad, 1981<\/li>\n\n\n\n<li>Bj\u00f8rn L\u00f8kkeb\u00f8 Halsnes, 1978<\/li>\n\n\n\n<li>Madeleine V\u00e5gene Wefring, 1997<\/li>\n\n\n\n<li>Morten Andreas Hagen, 1970<\/li>\n\n\n\n<li>Geir Magne Madsen, 1970<\/li>\n\n\n\n<li>Knut-Einar Gr\u00f8nsberg, 1971<\/li>\n\n\n\n<li>Hilde Marie Huseb\u00f8, 1967<\/li>\n\n\n\n<li>\u00d8rjan Kvalheim, 1974<\/li>\n\n\n\n<li>Dag Henrik Nyg\u00e5rd, 1994<\/li>\n\n\n\n<li>Bente Olseth, 1967<\/li>\n\n\n\n<li>Robert Endestad, 1970<\/li>\n\n\n\n<li>Hanne Eva Huseb\u00f8 Kristensen, 1972<\/li>\n\n\n\n<li>Cecilie Kristina Halvorsen, 1980<\/li>\n\n\n\n<li>Margunn Belsvik, 1967<\/li>\n\n\n\n<li>Therese Svortevik, 1985<\/li>\n\n\n\n<li>Helge Rasmus Myklebust, 1947<\/li>\n\n\n\n<li>Jarl Magne Silden, 1961<\/li>\n\n\n\n<li>Hallgeir Johan Helland, 1960<\/li>\n\n\n\n<li>Maren Avsnes Klakegg, 1988<\/li>\n\n\n\n<li>Guro Vik Kvalsund, 1984<\/li>\n\n\n\n<li>\u00d8ystein Sand\u00f8y, 1957<\/li>\n<\/ol>\n\n","protected":false},"excerpt":{"rendered":"<p>Heile vallista v\u00e5r:<\/p>\n","protected":false},"author":29319,"featured_media":0,"parent":0,"menu_order":0,"comment_status":"closed","ping_status":"closed","template":"","meta":{"teft_cards_image_url":"","teft_cards_custom_pretitle":"","teft_cards_image_id":0,"teft_cards_image_focal_point_x":0,"teft_cards_image_focal_point_y":0,"teft_cards_title":"","teft_cards_excerpt":"","teft_show_chapters":false,"footnotes":""},"class_list":["post-79","page","type-page","status-publish","hentry"],"yoast_head":"<!-- This site is optimized with the Yoast SEO plugin v26.6 - https:\/\/yoast.com\/wordpress\/plugins\/seo\/ -->\n<title>v\u00e5re kandidatar 2023-2027 - Kinn H\u00f8gre<\/title>\n<meta name=\"robots\" content=\"index, follow, max-snippet:-1, max-image-preview:large, max-video-preview:-1\" \/>\n<link rel=\"canonical\" href=\"https:\/\/hoyre.no\/kinn\/vare-kandidatar-2023-2027\/\" \/>\n<meta property=\"og:locale\" content=\"nb_NO\" \/>\n<meta property=\"og:type\" content=\"article\" \/>\n<meta property=\"og:title\" content=\"v\u00e5re kandidatar 2023-2027 - Kinn H\u00f8gre\" \/>\n<meta property=\"og:description\" content=\"Heile vallista v\u00e5r:\" \/>\n<meta property=\"og:url\" content=\"https:\/\/hoyre.no\/kinn\/vare-kandidatar-2023-2027\/\" \/>\n<meta property=\"og:site_name\" content=\"Kinn H\u00f8gre\" \/>\n<meta property=\"article:modified_time\" content=\"2025-02-14T12:02:16+00:00\" \/>\n<meta property=\"og:image\" content=\"https:\/\/hoyre.no\/content\/uploads\/sites\/331\/2022\/11\/Hoyres-logo.png\" \/>\n\t<meta property=\"og:image:width\" content=\"1000\" \/>\n\t<meta property=\"og:image:height\" content=\"1000\" \/>\n\t<meta property=\"og:image:type\" content=\"image\/png\" \/>\n<meta name=\"twitter:card\" content=\"summary_large_image\" \/>\n<meta name=\"twitter:label1\" content=\"Ansl. lesetid\" \/>\n\t<meta name=\"twitter:data1\" content=\"2 minutter\" \/>\n<script type=\"application\/ld+json\" class=\"yoast-schema-graph\">{\"@context\":\"https:\/\/schema.org\",\"@graph\":[{\"@type\":\"WebPage\",\"@id\":\"https:\/\/hoyre.no\/kinn\/vare-kandidatar-2023-2027\/\",\"url\":\"https:\/\/hoyre.no\/kinn\/vare-kandidatar-2023-2027\/\",\"name\":\"v\u00e5re kandidatar 2023-2027 - Kinn H\u00f8gre\",\"isPartOf\":{\"@id\":\"https:\/\/hoyre.no\/kinn\/#website\"},\"datePublished\":\"2023-08-09T11:07:20+00:00\",\"dateModified\":\"2025-02-14T12:02:16+00:00\",\"breadcrumb\":{\"@id\":\"https:\/\/hoyre.no\/kinn\/vare-kandidatar-2023-2027\/#breadcrumb\"},\"inLanguage\":\"nb-NO\",\"potentialAction\":[{\"@type\":\"ReadAction\",\"target\":[\"https:\/\/hoyre.no\/kinn\/vare-kandidatar-2023-2027\/\"]}]},{\"@type\":\"BreadcrumbList\",\"@id\":\"https:\/\/hoyre.no\/kinn\/vare-kandidatar-2023-2027\/#breadcrumb\",\"itemListElement\":[{\"@type\":\"ListItem\",\"position\":1,\"name\":\"Til hoyre.no\",\"item\":\"https:\/\/hoyre.no\"},{\"@type\":\"ListItem\",\"position\":2,\"name\":\"Hjem\",\"item\":\"https:\/\/hoyre.no\/kinn\/\"},{\"@type\":\"ListItem\",\"position\":3,\"name\":\"v\u00e5re kandidatar 2023-2027\"}]},{\"@type\":\"WebSite\",\"@id\":\"https:\/\/hoyre.no\/kinn\/#website\",\"url\":\"https:\/\/hoyre.no\/kinn\/\",\"name\":\"Kinn H\u00f8gre\",\"description\":\"Bare enda et H\u00f8yres nettsteder-nettsted\",\"inLanguage\":\"nb-NO\"}]}<\/script>\n<!-- \/ Yoast SEO plugin. -->","yoast_head_json":{"title":"v\u00e5re kandidatar 2023-2027 - Kinn H\u00f8gre","robots":{"index":"index","follow":"follow","max-snippet":"max-snippet:-1","max-image-preview":"max-image-preview:large","max-video-preview":"max-video-preview:-1"},"canonical":"https:\/\/hoyre.no\/kinn\/vare-kandidatar-2023-2027\/","og_locale":"nb_NO","og_type":"article","og_title":"v\u00e5re kandidatar 2023-2027 - Kinn H\u00f8gre","og_description":"Heile vallista v\u00e5r:","og_url":"https:\/\/hoyre.no\/kinn\/vare-kandidatar-2023-2027\/","og_site_name":"Kinn H\u00f8gre","article_modified_time":"2025-02-14T12:02:16+00:00","og_image":[{"width":1000,"height":1000,"url":"https:\/\/hoyre.no\/content\/uploads\/sites\/331\/2022\/11\/Hoyres-logo.png","type":"image\/png"}],"twitter_card":"summary_large_image","twitter_misc":{"Ansl. lesetid":"2 minutter"},"schema":{"@context":"https:\/\/schema.org","@graph":[{"@type":"WebPage","@id":"https:\/\/hoyre.no\/kinn\/vare-kandidatar-2023-2027\/","url":"https:\/\/hoyre.no\/kinn\/vare-kandidatar-2023-2027\/","name":"v\u00e5re kandidatar 2023-2027 - Kinn H\u00f8gre","isPartOf":{"@id":"https:\/\/hoyre.no\/kinn\/#website"},"datePublished":"2023-08-09T11:07:20+00:00","dateModified":"2025-02-14T12:02:16+00:00","breadcrumb":{"@id":"https:\/\/hoyre.no\/kinn\/vare-kandidatar-2023-2027\/#breadcrumb"},"inLanguage":"nb-NO","potentialAction":[{"@type":"ReadAction","target":["https:\/\/hoyre.no\/kinn\/vare-kandidatar-2023-2027\/"]}]},{"@type":"BreadcrumbList","@id":"https:\/\/hoyre.no\/kinn\/vare-kandidatar-2023-2027\/#breadcrumb","itemListElement":[{"@type":"ListItem","position":1,"name":"Til hoyre.no","item":"https:\/\/hoyre.no"},{"@type":"ListItem","position":2,"name":"Hjem","item":"https:\/\/hoyre.no\/kinn\/"},{"@type":"ListItem","position":3,"name":"v\u00e5re kandidatar 2023-2027"}]},{"@type":"WebSite","@id":"https:\/\/hoyre.no\/kinn\/#website","url":"https:\/\/hoyre.no\/kinn\/","name":"Kinn H\u00f8gre","description":"Bare enda et H\u00f8yres nettsteder-nettsted","inLanguage":"nb-NO"}]}},"distributor_meta":false,"distributor_terms":false,"distributor_media":false,"distributor_original_site_name":"Kinn H\u00f8gre","distributor_original_site_url":"https:\/\/hoyre.no\/kinn","push-errors":false,"_links":{"self":[{"href":"https:\/\/hoyre.no\/kinn\/wp-json\/wp\/v2\/pages\/79","targetHints":{"allow":["GET"]}}],"collection":[{"href":"https:\/\/hoyre.no\/kinn\/wp-json\/wp\/v2\/pages"}],"about":[{"href":"https:\/\/hoyre.no\/kinn\/wp-json\/wp\/v2\/types\/page"}],"author":[{"embeddable":true,"href":"https:\/\/hoyre.no\/kinn\/wp-json\/wp\/v2\/users\/29319"}],"replies":[{"embeddable":true,"href":"https:\/\/hoyre.no\/kinn\/wp-json\/wp\/v2\/comments?post=79"}],"version-history":[{"count":10,"href":"https:\/\/hoyre.no\/kinn\/wp-json\/wp\/v2\/pages\/79\/revisions"}],"predecessor-version":[{"id":142,"href":"https:\/\/hoyre.no\/kinn\/wp-json\/wp\/v2\/pages\/79\/revisions\/142"}],"wp:attachment":[{"href":"https:\/\/hoyre.no\/kinn\/wp-json\/wp\/v2\/media?parent=79"}],"curies":[{"name":"wp","href":"https:\/\/api.w.org\/{rel}","templated":true}]}}