{"id":41,"date":"2022-12-08T14:04:56","date_gmt":"2022-12-08T13:04:56","guid":{"rendered":"https:\/\/hoyre.no\/kongsvinger\/?page_id=41"},"modified":"2025-02-25T16:27:23","modified_gmt":"2025-02-25T15:27:23","slug":"eli-wathne-var-ordforerkandidat","status":"publish","type":"page","link":"https:\/\/hoyre.no\/kongsvinger\/eli-wathne-var-ordforerkandidat\/","title":{"rendered":"Eli Wathne &#8211; v\u00e5r ordf\u00f8rerkandidat"},"content":{"rendered":"\n<div class=\"wp-block-hoyre-hero with-image-gradient text-color-light  has-media alignfull has-background\"><div class=\"hoyre-hero has-image\"><h1 class=\"title\">Eli Wathne &#8211; ordf\u00f8rerkandidat<\/h1><p class=\"preamble\">Hvorfor du skal gi H\u00f8yre og meg din stemme i Kongsvinger kommune<\/p>\t\t\t<div class=\"post-meta wp-block teft-byline-wrapper\">\n\t\t\t\t<div class=\"top\">\n\t\t\t\t\t<div class=\"signature\">\n\t\t\t\t\t\t<div class=\"teft-byline\">\n\t\t\t\t\t\t\t\t\t\t\t\t\t\t<div>\n\t\t\t\t\t\t\t\t<h3>H\u00f8yres redaksjon<\/h3>\t\t\t\t\t\t\t\t\n\t\t\t\t\t\t\t\t\t\t\t\t\t\t\t\t\t<span class=\"date\">Sist oppdatert: 25. februar 2025<\/span>\n\t\t\t\t\t\t\t\t\t\t\t\t\t\t\t\t\t\t\t\t\t\t\t\t\t<span class=\"reading-time\" itemprop=\"timeRequired\" content=\"PT3M\"><em>Ca. 3 minutter lesetid<\/em><\/span>\n\t\t\t\t\t\t\t\t\t\t\t\t\t\t\t<\/div>\n\t\t\t\t\t\t<\/div>\n\t\t\t\t\t<\/div>\n\t\t\t\t\t\t<div class=\"sharing\">\n\t\t<a class=\"share-button share-link copy-link\" data-copy=\"https:\/\/hoyre.no\/kongsvinger\/eli-wathne-var-ordforerkandidat\/\" target=\"_blank\"><span class=\"screen-reader-text\">Del link<\/span><\/a>\n\t\t<a class=\"share-button share-twitter\" href=\"http:\/\/twitter.com\/share?text=Eli Wathne &#8211; v\u00e5r ordf\u00f8rerkandidat&#038;url=https:\/\/hoyre.no\/kongsvinger\/eli-wathne-var-ordforerkandidat\/&#038;hashtags=Hoyre\" target=\"_blank\"><span class=\"screen-reader-text\">Del p\u00e5 twitter<\/span><\/a>\n\t\t<a class=\"share-button share-facebook\" href=\"https:\/\/www.facebook.com\/sharer\/sharer.php?u=https:\/\/hoyre.no\/kongsvinger\/eli-wathne-var-ordforerkandidat\/\" target=\"_blank\"><span class=\"screen-reader-text\">Del p\u00e5 facebook<\/span><\/a>\n\t<\/div>\n\t\t\t\t\t<\/div>\n\t\t\t<\/div>\n\n\t\t\t<figure class=\"hoyre-image-wrapper\"><div class=\"hoyre-image\"><img loading=\"lazy\" decoding=\"async\" width=\"1731\" height=\"2500\" src=\"https:\/\/hoyre.no\/content\/uploads\/sites\/74\/2023\/07\/Eli-Wathne-scaled.jpg\" class=\"attachment-scaled size-scaled\" alt=\"\" style=\"object-position: 55.00000000000001% 10%\" srcset=\"https:\/\/hoyre.no\/content\/uploads\/sites\/74\/2023\/07\/Eli-Wathne-scaled.jpg 1731w, https:\/\/hoyre.no\/content\/uploads\/sites\/74\/2023\/07\/Eli-Wathne-208x300.jpg 208w, https:\/\/hoyre.no\/content\/uploads\/sites\/74\/2023\/07\/Eli-Wathne-709x1024.jpg 709w, https:\/\/hoyre.no\/content\/uploads\/sites\/74\/2023\/07\/Eli-Wathne-768x1109.jpg 768w, https:\/\/hoyre.no\/content\/uploads\/sites\/74\/2023\/07\/Eli-Wathne-1064x1536.jpg 1064w, https:\/\/hoyre.no\/content\/uploads\/sites\/74\/2023\/07\/Eli-Wathne-1418x2048.jpg 1418w\" sizes=\"auto, (max-width: 1731px) 100vw, 1731px\" \/><\/div><\/figure><\/div><\/div>\n\n\n\n\n<div class=\"wp-block-buttons is-layout-flex wp-block-buttons-is-layout-flex\">\n<div class=\"wp-block-button\"><a class=\"wp-block-button__link wp-element-button\" href=\"https:\/\/hoyre.no\/nyhetsbrev\/\">ABONNER P\u00c5 H\u00d8YRES NYHETSBREV<\/a><\/div>\n\n\n\n<div class=\"wp-block-button\"><a class=\"wp-block-button__link wp-element-button\" href=\"https:\/\/hoyre.no\/personprofiler\/eli-wathne\/\">KOM I KONTAKT MED ELI<\/a><\/div>\n\n\n\n<div class=\"wp-block-button\"><a class=\"wp-block-button__link wp-element-button\" href=\"https:\/\/www.facebook.com\/KongsvingerHoyre\">F\u00d8LG KONGSVINGER H\u00d8YRE P\u00c5 FACEBOOK<\/a><\/div>\n<\/div>\n\n\n\n<div class=\"wp-block-hoyre-banner undefined has-icon-title icon-heart\"><div class=\"banner-inner\"><div class=\"banner-content\"><div class=\"entry-content\">\n<h2 class=\"wp-block-heading has-text-align-center\">Bli bedre kjent med Eli!<\/h2>\n\n\n\n<p class=\"has-text-align-left\"><strong>Alder:<\/strong> 51 \u00e5r<\/p>\n\n\n\n<p class=\"has-text-align-left\"><strong>Sivilstatus:<\/strong> Gift med Jon, to barn og hund; Jonathan, Viljar og Zorro<\/p>\n\n\n\n<p class=\"has-text-align-left\"><strong>Jobb:<\/strong> Ordf\u00f8rer<\/p>\n\n\n\n<p class=\"has-text-align-left\"><strong>Bakgrunn:<\/strong> R\u00e5dgiver og forretningsutvikler, engasjert i teater og idrett.<\/p>\n\n\n\n<p class=\"has-text-align-left\"><strong>Politisk erfaring: <\/strong>Kommunestyrepolitiker siden 2011, Fylkestingsrepresentant (2015 &#8211; 2019), 1. vara til Stortinget (2017 &#8211; 2021)<\/p>\n\n\n\n<p class=\"has-text-align-left is-style-default\"><strong>Hvorfor er H\u00f8yre mitt parti? <\/strong>Fordi H\u00f8yre er partiet som setter enkeltmennesket foran systemet.<\/p>\n\n\n\n<p class=\"has-text-align-left\"><strong>Fun fact om meg?<\/strong> Glad i quiz, ikke minst n\u00e5r quizlaget jeg er med p\u00e5 vinner.<\/p>\n\n\n\n<div class=\"wp-block-buttons is-layout-flex wp-block-buttons-is-layout-flex\">\n<div class=\"wp-block-button alignleft\"><a class=\"wp-block-button__link wp-element-button\">Link til min facebookside<\/a><\/div>\n<\/div>\n<\/div><\/div><\/div><\/div>\n\n\n\n<figure class=\"wp-block-teft-gallery columns-3 count-4 rows-2 is-cropped\"><ul class=\"teft-gallery-grid\"><li class=\"teft-gallery-item \"><figure><a href=\"https:\/\/hoyre.no\/content\/uploads\/sites\/74\/2022\/12\/stemme.jpg\" data-size=\"1440x1440\"><img loading=\"lazy\" decoding=\"async\" width=\"1024\" height=\"1024\" src=\"https:\/\/hoyre.no\/content\/uploads\/sites\/74\/2022\/12\/stemme-1024x1024.jpg\" class=\"attachment-large size-large\" alt=\"\" srcset=\"https:\/\/hoyre.no\/content\/uploads\/sites\/74\/2022\/12\/stemme-1024x1024.jpg 1024w, https:\/\/hoyre.no\/content\/uploads\/sites\/74\/2022\/12\/stemme-300x300.jpg 300w, https:\/\/hoyre.no\/content\/uploads\/sites\/74\/2022\/12\/stemme-150x150.jpg 150w, https:\/\/hoyre.no\/content\/uploads\/sites\/74\/2022\/12\/stemme-768x768.jpg 768w, https:\/\/hoyre.no\/content\/uploads\/sites\/74\/2022\/12\/stemme.jpg 1440w\" sizes=\"auto, (max-width: 1024px) 100vw, 1024px\" \/ data-full-url=\"https:\/\/hoyre.no\/content\/uploads\/sites\/74\/2022\/12\/stemme.jpg\" data-id=\"81\" data-caption=\"81\"\/><\/a><\/figure><\/li><li class=\"teft-gallery-item \"><figure><a href=\"https:\/\/hoyre.no\/content\/uploads\/sites\/74\/2022\/12\/gulvest.jpg\" data-size=\"1440x1440\"><img loading=\"lazy\" decoding=\"async\" width=\"1024\" height=\"1024\" src=\"https:\/\/hoyre.no\/content\/uploads\/sites\/74\/2022\/12\/gulvest-1024x1024.jpg\" class=\"attachment-large size-large\" alt=\"\" srcset=\"https:\/\/hoyre.no\/content\/uploads\/sites\/74\/2022\/12\/gulvest-1024x1024.jpg 1024w, https:\/\/hoyre.no\/content\/uploads\/sites\/74\/2022\/12\/gulvest-300x300.jpg 300w, https:\/\/hoyre.no\/content\/uploads\/sites\/74\/2022\/12\/gulvest-150x150.jpg 150w, https:\/\/hoyre.no\/content\/uploads\/sites\/74\/2022\/12\/gulvest-768x768.jpg 768w, https:\/\/hoyre.no\/content\/uploads\/sites\/74\/2022\/12\/gulvest.jpg 1440w\" sizes=\"auto, (max-width: 1024px) 100vw, 1024px\" \/ data-full-url=\"https:\/\/hoyre.no\/content\/uploads\/sites\/74\/2022\/12\/gulvest.jpg\" data-id=\"79\" data-caption=\"79\"\/><\/a><\/figure><\/li><li class=\"teft-gallery-item \"><figure><a href=\"https:\/\/hoyre.no\/content\/uploads\/sites\/74\/2022\/09\/anne-marie_ola_eli.jpg\" data-size=\"2048x1782\"><img loading=\"lazy\" decoding=\"async\" width=\"1024\" height=\"891\" src=\"https:\/\/hoyre.no\/content\/uploads\/sites\/74\/2022\/09\/anne-marie_ola_eli-1024x891.jpg\" class=\"attachment-large size-large\" alt=\"Senior H\u00f8yre, Unge H\u00f8yre og H\u00f8yre\" srcset=\"https:\/\/hoyre.no\/content\/uploads\/sites\/74\/2022\/09\/anne-marie_ola_eli-1024x891.jpg 1024w, https:\/\/hoyre.no\/content\/uploads\/sites\/74\/2022\/09\/anne-marie_ola_eli-300x261.jpg 300w, https:\/\/hoyre.no\/content\/uploads\/sites\/74\/2022\/09\/anne-marie_ola_eli-768x668.jpg 768w, https:\/\/hoyre.no\/content\/uploads\/sites\/74\/2022\/09\/anne-marie_ola_eli-1536x1337.jpg 1536w, https:\/\/hoyre.no\/content\/uploads\/sites\/74\/2022\/09\/anne-marie_ola_eli.jpg 2048w\" sizes=\"auto, (max-width: 1024px) 100vw, 1024px\" \/ data-full-url=\"https:\/\/hoyre.no\/content\/uploads\/sites\/74\/2022\/09\/anne-marie_ola_eli.jpg\" data-id=\"56\" data-caption=\"56\"\/><\/a><\/figure><\/li><li class=\"teft-gallery-item \"><figure><a href=\"https:\/\/hoyre.no\/content\/uploads\/sites\/74\/2022\/08\/eli-3.jpeg\" data-size=\"562x750\"><img loading=\"lazy\" decoding=\"async\" width=\"562\" height=\"750\" src=\"https:\/\/hoyre.no\/content\/uploads\/sites\/74\/2022\/08\/eli-3.jpeg\" class=\"attachment-large size-large\" alt=\"\" srcset=\"https:\/\/hoyre.no\/content\/uploads\/sites\/74\/2022\/08\/eli-3.jpeg 562w, https:\/\/hoyre.no\/content\/uploads\/sites\/74\/2022\/08\/eli-3-225x300.jpeg 225w\" sizes=\"auto, (max-width: 562px) 100vw, 562px\" \/ data-full-url=\"https:\/\/hoyre.no\/content\/uploads\/sites\/74\/2022\/08\/eli-3.jpeg\" data-id=\"44\" data-caption=\"44\"\/><\/a><\/figure><\/li><\/ul><\/figure>\n\n\n\n<h2 class=\"wp-block-heading has-text-align-center\">Elis hjertesaker<\/h2>\n\n\n\n<p><strong><strong>Ambisjoner for Kongsvinger<\/strong><\/strong><\/p>\n\n\n\n<p>Kongsvinger har mange muligheter, og H\u00f8yre er det partiet som har st\u00f8rst ambisjoner for Kongsvinger. Kongsvinger skal v\u00e6re en kommune som tar innbyggernes behov og \u00f8nsker p\u00e5 alvor. Ved \u00e5 satse p\u00e5 utdanning, n\u00e6ringsutvikling og gode helsetjenester skal vi sammen ruste Kongsvingersamfunnet for fremtiden.<\/p>\n\n\n\n<p><\/p>\n\n\n\n<p><strong>Ambisjoner for skolen<\/strong><\/p>\n\n\n\n<p>I Kongsvinger er utenforskap et stort problem. Utdanning er n\u00f8kkelen for \u00e5 bryte sirkler og gi barna v\u00e5re de beste mulighetene videre i livet. Nettopp derfor satser vi p\u00e5 en kunnskapsskole der l\u00e6reren skal f\u00e5 v\u00e6re l\u00e6rer og elevene f\u00e5r oppleve mestring og trygghet samtidig som l\u00e6ringslyst og nysgjerrighet er en del av hverdagen.<\/p>\n\n\n\n<p><\/p>\n\n\n\n<p><strong>Ambisjoner for Kongsvinger som regionsenter<\/strong><\/p>\n\n\n\n<p>Kongsvinger skal v\u00e6re en motor for vekst og n\u00e6ringsutvikling i hele Kongsvingerregionen. Jeg vil st\u00e5 p\u00e5 for at Kongsvinger kobles tettere p\u00e5 Osloregionen slik at n\u00e6ringslivet f\u00e5r dra nytte av vekstmulighetene det gir. Jeg vil jobbe for at flere utdanninger legges til Kongsvinger og at vi blir en universitetsby. Tilgang p\u00e5 kompetanse og kompetanseutvikling lokalt vil v\u00e6re en viktig vekstfaktor for arbeidslivet.<\/p>\n\n\n\n<p><\/p>\n\n\n\n<p><\/p>\n\n\n\n<p><\/p>\n\n\n\n<section class=\"wp-block-hoyre-branch-contact-person alignwide\">\n\t<div class=\"block-inner\">\n\t\t\n<div class=\"politician-info-wrapper\">\n\t<div class=\"politician-image-wrapper\">\n\t\t<div class=\"politician-image\">\n\t\t\t\t\t\t\t\t\t\t\t<a href=\"https:\/\/res.cloudinary.com\/hoyre\/image\/upload\/g_face:center,d_defaultprofileimg3.jpg,fl_lossy,f_auto\/v200902\/50081595.jpg\">\n\t\t\t\t\t<img decoding=\"async\" src=\"https:\/\/res.cloudinary.com\/hoyre\/image\/upload\/c_thumb,g_face:center,h_500,w_500,d_defaultprofileimg3.jpg,fl_lossy,f_auto\/w_500\/v20230420\/50081595.jpg\" alt=\"Profilbilde\" style=\"object-position: 50% 50%\" \/>\n\t\t\t\t<\/a>\n\t\t\t\t\t<\/div>\n\t\t\t<\/div>\n\t<div class=\"politician-details\">\n\t\t\t\t\t<h1 class=\"politician-name\"><a href=\"https:\/\/hoyre.no\/personprofiler\/oyvind-randmael-warpe\/\">\u00d8yvind Randm\u00e6l-Warpe<\/a><\/h1>\n\t\t\t\t\t\t\t\t<h2 class=\"politician-title\">Gruppeleder<\/h2>\n\t\t\t\t\t<\/div>\n<\/div>\n\t<\/div>\n<\/section>\n\n","protected":false},"excerpt":{"rendered":"","protected":false},"author":31684,"featured_media":0,"parent":0,"menu_order":0,"comment_status":"closed","ping_status":"closed","template":"","meta":{"teft_cards_image_url":"","teft_cards_custom_pretitle":"","teft_cards_image_id":0,"teft_cards_image_focal_point_x":0,"teft_cards_image_focal_point_y":0,"teft_cards_title":"","teft_cards_excerpt":"","teft_show_chapters":false,"footnotes":""},"class_list":["post-41","page","type-page","status-publish","hentry"],"yoast_head":"<!-- This site is optimized with the Yoast SEO plugin v26.6 - https:\/\/yoast.com\/wordpress\/plugins\/seo\/ -->\n<title>Eli Wathne - v\u00e5r ordf\u00f8rerkandidat - Kongsvinger H\u00f8yre<\/title>\n<meta name=\"robots\" content=\"index, follow, max-snippet:-1, max-image-preview:large, max-video-preview:-1\" \/>\n<link rel=\"canonical\" href=\"https:\/\/hoyre.no\/kongsvinger\/eli-wathne-var-ordforerkandidat\/\" \/>\n<meta property=\"og:locale\" content=\"nb_NO\" \/>\n<meta property=\"og:type\" content=\"article\" \/>\n<meta property=\"og:title\" content=\"Eli Wathne - v\u00e5r ordf\u00f8rerkandidat - Kongsvinger H\u00f8yre\" \/>\n<meta property=\"og:url\" content=\"https:\/\/hoyre.no\/kongsvinger\/eli-wathne-var-ordforerkandidat\/\" \/>\n<meta property=\"og:site_name\" content=\"Kongsvinger H\u00f8yre\" \/>\n<meta property=\"article:modified_time\" content=\"2025-02-25T15:27:23+00:00\" \/>\n<meta property=\"og:image\" content=\"https:\/\/hoyre.no\/content\/uploads\/sites\/74\/2022\/11\/Hoyres-logo.png\" \/>\n\t<meta property=\"og:image:width\" content=\"1000\" \/>\n\t<meta property=\"og:image:height\" content=\"1000\" \/>\n\t<meta property=\"og:image:type\" content=\"image\/png\" \/>\n<meta name=\"twitter:card\" content=\"summary_large_image\" \/>\n<meta name=\"twitter:label1\" content=\"Ansl. lesetid\" \/>\n\t<meta name=\"twitter:data1\" content=\"2 minutter\" \/>\n<script type=\"application\/ld+json\" class=\"yoast-schema-graph\">{\"@context\":\"https:\/\/schema.org\",\"@graph\":[{\"@type\":\"WebPage\",\"@id\":\"https:\/\/hoyre.no\/kongsvinger\/eli-wathne-var-ordforerkandidat\/\",\"url\":\"https:\/\/hoyre.no\/kongsvinger\/eli-wathne-var-ordforerkandidat\/\",\"name\":\"Eli Wathne - v\u00e5r ordf\u00f8rerkandidat - Kongsvinger H\u00f8yre\",\"isPartOf\":{\"@id\":\"https:\/\/hoyre.no\/kongsvinger\/#website\"},\"datePublished\":\"2022-12-08T13:04:56+00:00\",\"dateModified\":\"2025-02-25T15:27:23+00:00\",\"breadcrumb\":{\"@id\":\"https:\/\/hoyre.no\/kongsvinger\/eli-wathne-var-ordforerkandidat\/#breadcrumb\"},\"inLanguage\":\"nb-NO\",\"potentialAction\":[{\"@type\":\"ReadAction\",\"target\":[\"https:\/\/hoyre.no\/kongsvinger\/eli-wathne-var-ordforerkandidat\/\"]}]},{\"@type\":\"BreadcrumbList\",\"@id\":\"https:\/\/hoyre.no\/kongsvinger\/eli-wathne-var-ordforerkandidat\/#breadcrumb\",\"itemListElement\":[{\"@type\":\"ListItem\",\"position\":1,\"name\":\"Til hoyre.no\",\"item\":\"https:\/\/hoyre.no\"},{\"@type\":\"ListItem\",\"position\":2,\"name\":\"Hjem\",\"item\":\"https:\/\/hoyre.no\/kongsvinger\/\"},{\"@type\":\"ListItem\",\"position\":3,\"name\":\"Eli Wathne &#8211; v\u00e5r ordf\u00f8rerkandidat\"}]},{\"@type\":\"WebSite\",\"@id\":\"https:\/\/hoyre.no\/kongsvinger\/#website\",\"url\":\"https:\/\/hoyre.no\/kongsvinger\/\",\"name\":\"Kongsvinger H\u00f8yre\",\"description\":\"Bare enda et H\u00f8yres nettsteder-nettsted\",\"inLanguage\":\"nb-NO\"}]}<\/script>\n<!-- \/ Yoast SEO plugin. -->","yoast_head_json":{"title":"Eli Wathne - v\u00e5r ordf\u00f8rerkandidat - Kongsvinger H\u00f8yre","robots":{"index":"index","follow":"follow","max-snippet":"max-snippet:-1","max-image-preview":"max-image-preview:large","max-video-preview":"max-video-preview:-1"},"canonical":"https:\/\/hoyre.no\/kongsvinger\/eli-wathne-var-ordforerkandidat\/","og_locale":"nb_NO","og_type":"article","og_title":"Eli Wathne - v\u00e5r ordf\u00f8rerkandidat - Kongsvinger H\u00f8yre","og_url":"https:\/\/hoyre.no\/kongsvinger\/eli-wathne-var-ordforerkandidat\/","og_site_name":"Kongsvinger H\u00f8yre","article_modified_time":"2025-02-25T15:27:23+00:00","og_image":[{"width":1000,"height":1000,"url":"https:\/\/hoyre.no\/content\/uploads\/sites\/74\/2022\/11\/Hoyres-logo.png","type":"image\/png"}],"twitter_card":"summary_large_image","twitter_misc":{"Ansl. lesetid":"2 minutter"},"schema":{"@context":"https:\/\/schema.org","@graph":[{"@type":"WebPage","@id":"https:\/\/hoyre.no\/kongsvinger\/eli-wathne-var-ordforerkandidat\/","url":"https:\/\/hoyre.no\/kongsvinger\/eli-wathne-var-ordforerkandidat\/","name":"Eli Wathne - v\u00e5r ordf\u00f8rerkandidat - Kongsvinger H\u00f8yre","isPartOf":{"@id":"https:\/\/hoyre.no\/kongsvinger\/#website"},"datePublished":"2022-12-08T13:04:56+00:00","dateModified":"2025-02-25T15:27:23+00:00","breadcrumb":{"@id":"https:\/\/hoyre.no\/kongsvinger\/eli-wathne-var-ordforerkandidat\/#breadcrumb"},"inLanguage":"nb-NO","potentialAction":[{"@type":"ReadAction","target":["https:\/\/hoyre.no\/kongsvinger\/eli-wathne-var-ordforerkandidat\/"]}]},{"@type":"BreadcrumbList","@id":"https:\/\/hoyre.no\/kongsvinger\/eli-wathne-var-ordforerkandidat\/#breadcrumb","itemListElement":[{"@type":"ListItem","position":1,"name":"Til hoyre.no","item":"https:\/\/hoyre.no"},{"@type":"ListItem","position":2,"name":"Hjem","item":"https:\/\/hoyre.no\/kongsvinger\/"},{"@type":"ListItem","position":3,"name":"Eli Wathne &#8211; v\u00e5r ordf\u00f8rerkandidat"}]},{"@type":"WebSite","@id":"https:\/\/hoyre.no\/kongsvinger\/#website","url":"https:\/\/hoyre.no\/kongsvinger\/","name":"Kongsvinger H\u00f8yre","description":"Bare enda et H\u00f8yres nettsteder-nettsted","inLanguage":"nb-NO"}]}},"distributor_meta":false,"distributor_terms":false,"distributor_media":false,"distributor_original_site_name":"Kongsvinger H\u00f8yre","distributor_original_site_url":"https:\/\/hoyre.no\/kongsvinger","push-errors":false,"_links":{"self":[{"href":"https:\/\/hoyre.no\/kongsvinger\/wp-json\/wp\/v2\/pages\/41","targetHints":{"allow":["GET"]}}],"collection":[{"href":"https:\/\/hoyre.no\/kongsvinger\/wp-json\/wp\/v2\/pages"}],"about":[{"href":"https:\/\/hoyre.no\/kongsvinger\/wp-json\/wp\/v2\/types\/page"}],"author":[{"embeddable":true,"href":"https:\/\/hoyre.no\/kongsvinger\/wp-json\/wp\/v2\/users\/31684"}],"replies":[{"embeddable":true,"href":"https:\/\/hoyre.no\/kongsvinger\/wp-json\/wp\/v2\/comments?post=41"}],"version-history":[{"count":15,"href":"https:\/\/hoyre.no\/kongsvinger\/wp-json\/wp\/v2\/pages\/41\/revisions"}],"predecessor-version":[{"id":146,"href":"https:\/\/hoyre.no\/kongsvinger\/wp-json\/wp\/v2\/pages\/41\/revisions\/146"}],"wp:attachment":[{"href":"https:\/\/hoyre.no\/kongsvinger\/wp-json\/wp\/v2\/media?parent=41"}],"curies":[{"name":"wp","href":"https:\/\/api.w.org\/{rel}","templated":true}]}}