{"id":87,"date":"2023-01-12T10:27:01","date_gmt":"2023-01-12T09:27:01","guid":{"rendered":"https:\/\/hoyre.no\/kongsvinger\/?page_id=87"},"modified":"2023-08-03T15:32:34","modified_gmt":"2023-08-03T13:32:34","slug":"5-grunner-til-a-stemme-kongsvinger-hoyre-i-2023","status":"publish","type":"page","link":"https:\/\/hoyre.no\/kongsvinger\/forsiden\/5-grunner-til-a-stemme-kongsvinger-hoyre-i-2023\/","title":{"rendered":"Fem grunner til \u00e5 stemme Kongsvinger H\u00f8yre i 2023"},"content":{"rendered":"\n<div class=\"wp-block-hoyre-hero with-image-gradient text-color-light  has-media alignfull has-background\"><div class=\"hoyre-hero has-image\"><h1 class=\"title\">Fem grunner til \u00e5 stemme Kongsvinger H\u00f8yre<\/h1><p class=\"preamble\"><sup>Foto: Guntars Mednis\/Wikimedia Commons<\/sup><\/p>\t\t\t<div class=\"post-meta wp-block teft-byline-wrapper\">\n\t\t\t\t<div class=\"top\">\n\t\t\t\t\t<div class=\"signature\">\n\t\t\t\t\t\t<div class=\"teft-byline\">\n\t\t\t\t\t\t\t\t\t\t\t\t\t\t<div>\n\t\t\t\t\t\t\t\t<h3>H\u00f8yres redaksjon<\/h3>\t\t\t\t\t\t\t\t\n\t\t\t\t\t\t\t\t\t\t\t\t\t\t\t\t\t<span class=\"date\">Sist oppdatert: 3. august 2023<\/span>\n\t\t\t\t\t\t\t\t\t\t\t\t\t\t\t\t\t\t\t\t\t\t\t\t\t<span class=\"reading-time\" itemprop=\"timeRequired\" content=\"PT4M\"><em>Ca. 4 minutter lesetid<\/em><\/span>\n\t\t\t\t\t\t\t\t\t\t\t\t\t\t\t<\/div>\n\t\t\t\t\t\t<\/div>\n\t\t\t\t\t<\/div>\n\t\t\t\t\t\t<div class=\"sharing\">\n\t\t<a class=\"share-button share-link copy-link\" data-copy=\"https:\/\/hoyre.no\/kongsvinger\/forsiden\/5-grunner-til-a-stemme-kongsvinger-hoyre-i-2023\/\" target=\"_blank\"><span class=\"screen-reader-text\">Del link<\/span><\/a>\n\t\t<a class=\"share-button share-twitter\" href=\"http:\/\/twitter.com\/share?text=Fem grunner til \u00e5 stemme Kongsvinger H\u00f8yre i 2023&#038;url=https:\/\/hoyre.no\/kongsvinger\/forsiden\/5-grunner-til-a-stemme-kongsvinger-hoyre-i-2023\/&#038;hashtags=Hoyre\" target=\"_blank\"><span class=\"screen-reader-text\">Del p\u00e5 twitter<\/span><\/a>\n\t\t<a class=\"share-button share-facebook\" href=\"https:\/\/www.facebook.com\/sharer\/sharer.php?u=https:\/\/hoyre.no\/kongsvinger\/forsiden\/5-grunner-til-a-stemme-kongsvinger-hoyre-i-2023\/\" target=\"_blank\"><span class=\"screen-reader-text\">Del p\u00e5 facebook<\/span><\/a>\n\t<\/div>\n\t\t\t\t\t<\/div>\n\t\t\t<\/div>\n\n\t\t\t<figure class=\"hoyre-image-wrapper\"><div class=\"hoyre-image\"><img loading=\"lazy\" decoding=\"async\" width=\"2500\" height=\"1667\" src=\"https:\/\/hoyre.no\/content\/uploads\/sites\/74\/2022\/08\/eli-wathne--scaled.jpeg\" class=\"attachment-scaled size-scaled\" alt=\"\" style=\"object-position: 50% 28.000000000000004%\" srcset=\"https:\/\/hoyre.no\/content\/uploads\/sites\/74\/2022\/08\/eli-wathne--scaled.jpeg 2500w, https:\/\/hoyre.no\/content\/uploads\/sites\/74\/2022\/08\/eli-wathne--300x200.jpeg 300w, https:\/\/hoyre.no\/content\/uploads\/sites\/74\/2022\/08\/eli-wathne--1024x683.jpeg 1024w, https:\/\/hoyre.no\/content\/uploads\/sites\/74\/2022\/08\/eli-wathne--768x512.jpeg 768w, https:\/\/hoyre.no\/content\/uploads\/sites\/74\/2022\/08\/eli-wathne--1536x1024.jpeg 1536w, https:\/\/hoyre.no\/content\/uploads\/sites\/74\/2022\/08\/eli-wathne--2048x1365.jpeg 2048w\" sizes=\"auto, (max-width: 2500px) 100vw, 2500px\" \/><\/div><\/figure><\/div><\/div>\n\n\n\n\n\n\n<div class=\"wp-block-media-text alignwide is-stacked-on-mobile is-vertically-aligned-center\"><figure class=\"wp-block-media-text__media\"><img loading=\"lazy\" decoding=\"async\" width=\"1024\" height=\"683\" src=\"https:\/\/hoyre.no\/content\/uploads\/sites\/74\/2023\/01\/w5OHPr4c-1024x683.jpeg\" alt=\"\" class=\"wp-image-88 size-full\" srcset=\"https:\/\/hoyre.no\/content\/uploads\/sites\/74\/2023\/01\/w5OHPr4c-1024x683.jpeg 1024w, https:\/\/hoyre.no\/content\/uploads\/sites\/74\/2023\/01\/w5OHPr4c-300x200.jpeg 300w, https:\/\/hoyre.no\/content\/uploads\/sites\/74\/2023\/01\/w5OHPr4c-768x512.jpeg 768w, https:\/\/hoyre.no\/content\/uploads\/sites\/74\/2023\/01\/w5OHPr4c-1536x1024.jpeg 1536w, https:\/\/hoyre.no\/content\/uploads\/sites\/74\/2023\/01\/w5OHPr4c-2048x1365.jpeg 2048w\" sizes=\"auto, (max-width: 1024px) 100vw, 1024px\" \/><\/figure><div class=\"wp-block-media-text__content\">\n\n<h2 class=\"wp-block-heading\">1. <strong>Alle barn skal l\u00e6re seg \u00e5 lese, skrive og regne<\/strong><\/h2>\n\n\n<p>Kongsvingerskolen skal gi muligheter for alle, uavhengig av hvilken bakgrunn du kommer fra. I dag kan 1 av 3 elever ikke lese skikkelig n\u00e5r de slutter p\u00e5 barneskolen. V\u00e5rt viktigste m\u00e5l er at alle barn skal l\u00e6re seg \u00e5 lese, skrive og regne. Heldigvis peker pilene i riktig retning. Vi tror p\u00e5 tidlig innsats og p\u00e5 \u00e5 bygge et lag rundt elevene. H\u00f8yre vil alltid fokusere p\u00e5 innholdet i skolen. <\/p>\n\n<\/div><\/div>\n\n\n\n<div class=\"wp-block-media-text alignwide has-media-on-the-right is-stacked-on-mobile is-vertically-aligned-center\"><figure class=\"wp-block-media-text__media\"><img loading=\"lazy\" decoding=\"async\" width=\"1024\" height=\"681\" src=\"https:\/\/hoyre.no\/content\/uploads\/sites\/74\/2023\/01\/GettyImages-516536297-1024x681.jpg\" alt=\"\" class=\"wp-image-102 size-full\" srcset=\"https:\/\/hoyre.no\/content\/uploads\/sites\/74\/2023\/01\/GettyImages-516536297-1024x681.jpg 1024w, https:\/\/hoyre.no\/content\/uploads\/sites\/74\/2023\/01\/GettyImages-516536297-300x200.jpg 300w, https:\/\/hoyre.no\/content\/uploads\/sites\/74\/2023\/01\/GettyImages-516536297-768x511.jpg 768w, https:\/\/hoyre.no\/content\/uploads\/sites\/74\/2023\/01\/GettyImages-516536297-1536x1022.jpg 1536w, https:\/\/hoyre.no\/content\/uploads\/sites\/74\/2023\/01\/GettyImages-516536297-2048x1363.jpg 2048w\" sizes=\"auto, (max-width: 1024px) 100vw, 1024px\" \/><\/figure><div class=\"wp-block-media-text__content\">\n\n<h2 class=\"wp-block-heading\" id=\"h-2-hoyre-vil-fa-laerelyst-tilbake-i-bergensskolen\">2. <strong>Du skal glede deg til \u00e5 bli gammel i Kongsvinger&nbsp;&nbsp;<\/strong><\/h2>\n\n\n<p>Vi blir stadig flere eldre og i 2030 vil vi v\u00e6re nesten 4500 eldre i kommunen. Vi vil legge til rette for at disse skal bli eldre med god helse. Alle skal ha muligheter til et aktivt og sosialt liv hele livet. Vi vil legge til rette for en god og verdig alderdom uavhengig om du bor hjemme eller har behov for en omsorgsplass. Alle skal ha mulighet til \u00e5 bo hjemme s\u00e5 lenge det oppleves trygt og godt for deg. Samtidig skal du v\u00e6re sikker p\u00e5 at du f\u00e5r sykehjemsplass n\u00e5r det er den riktige l\u00f8sningen. H\u00f8yre vil videreutvikle de hjemmebaserte tjenestene og sykehjemstilbudet i Kongsvinger de neste \u00e5rene.&nbsp;<\/p>\n\n<\/div><\/div>\n\n\n\n<div class=\"wp-block-media-text alignwide is-stacked-on-mobile is-vertically-aligned-center\"><figure class=\"wp-block-media-text__media\"><img loading=\"lazy\" decoding=\"async\" width=\"960\" height=\"720\" src=\"https:\/\/hoyre.no\/content\/uploads\/sites\/74\/2022\/08\/eli-2.jpeg\" alt=\"\" class=\"wp-image-43 size-full\" srcset=\"https:\/\/hoyre.no\/content\/uploads\/sites\/74\/2022\/08\/eli-2.jpeg 960w, https:\/\/hoyre.no\/content\/uploads\/sites\/74\/2022\/08\/eli-2-300x225.jpeg 300w, https:\/\/hoyre.no\/content\/uploads\/sites\/74\/2022\/08\/eli-2-768x576.jpeg 768w\" sizes=\"auto, (max-width: 960px) 100vw, 960px\" \/><\/figure><div class=\"wp-block-media-text__content\">\n\n<h2 class=\"wp-block-heading\" id=\"h-3-bergen-hele-livet\">3. <strong><strong><strong>Du skal f\u00e5 beholde mer av dine egne penger<\/strong><\/strong><\/strong><\/h2>\n\n\n<p>H\u00f8yre er garantisten for at kommunen driftes godt og at dine penger brukes p\u00e5 en best mulig m\u00e5te. Vi vil redusere eiendomsskatten slik at de som bor i Kongsvinger f\u00e5r beholde mer av egne penger. Til n\u00e5 har vi redusert eiendomsskatten med 15 prosent og de neste fire \u00e5rene skal den ytterligere ned. Et skifte i Kongsvinger kan gi \u00f8kt eiendomsskatt!&nbsp;<\/p>\n\n<\/div><\/div>\n\n\n\n<div class=\"wp-block-media-text alignwide has-media-on-the-right is-stacked-on-mobile is-vertically-aligned-center\"><figure class=\"wp-block-media-text__media\"><img loading=\"lazy\" decoding=\"async\" width=\"1024\" height=\"683\" src=\"https:\/\/hoyre.no\/content\/uploads\/sites\/74\/2023\/01\/zI3j2ABY-1024x683.jpeg\" alt=\"\" class=\"wp-image-91 size-full\" srcset=\"https:\/\/hoyre.no\/content\/uploads\/sites\/74\/2023\/01\/zI3j2ABY-1024x683.jpeg 1024w, https:\/\/hoyre.no\/content\/uploads\/sites\/74\/2023\/01\/zI3j2ABY-300x200.jpeg 300w, https:\/\/hoyre.no\/content\/uploads\/sites\/74\/2023\/01\/zI3j2ABY-768x512.jpeg 768w, https:\/\/hoyre.no\/content\/uploads\/sites\/74\/2023\/01\/zI3j2ABY-1536x1024.jpeg 1536w, https:\/\/hoyre.no\/content\/uploads\/sites\/74\/2023\/01\/zI3j2ABY-2048x1365.jpeg 2048w\" sizes=\"auto, (max-width: 1024px) 100vw, 1024px\" \/><\/figure><div class=\"wp-block-media-text__content\">\n\n<h2 class=\"wp-block-heading\">4. Like muligheter &#8211; uavhengig bakgrunn<\/h2>\n\n\n<p>I Kongsvinger lever ca 570 barn i vedvarende lavinntekt og i familier som sliter med \u00e5 f\u00e5 endene til \u00e5 m\u00f8tes. Alle barn og unge skal kunne delta p\u00e5 en fritidsaktivitet uavhengig av foreldrenes lommebok. H\u00f8yre satser p\u00e5 gratis halleie til aktiviteter for unge og&nbsp; vil at kommunen skal dekke kontingenten til en aktivitet for familier med d\u00e5rlig r\u00e5d.<\/p>\n\n<\/div><\/div>\n\n\n\n<div class=\"wp-block-media-text alignwide is-stacked-on-mobile\"><figure class=\"wp-block-media-text__media\"><img loading=\"lazy\" decoding=\"async\" width=\"1024\" height=\"678\" src=\"https:\/\/hoyre.no\/content\/uploads\/sites\/74\/2022\/09\/nominasjon_kongsvinger-1024x678.jpg\" alt=\"\" class=\"wp-image-57 size-full\" srcset=\"https:\/\/hoyre.no\/content\/uploads\/sites\/74\/2022\/09\/nominasjon_kongsvinger-1024x678.jpg 1024w, https:\/\/hoyre.no\/content\/uploads\/sites\/74\/2022\/09\/nominasjon_kongsvinger-300x199.jpg 300w, https:\/\/hoyre.no\/content\/uploads\/sites\/74\/2022\/09\/nominasjon_kongsvinger-768x508.jpg 768w, https:\/\/hoyre.no\/content\/uploads\/sites\/74\/2022\/09\/nominasjon_kongsvinger.jpg 1067w\" sizes=\"auto, (max-width: 1024px) 100vw, 1024px\" \/><\/figure><div class=\"wp-block-media-text__content\">\n\n<h2 class=\"wp-block-heading\"><strong>5. <strong><strong>Ambisjoner for Kongsvinger<\/strong><\/strong><\/strong><\/h2>\n\n\n<p>Kongsvinger er en motor for vekst og n\u00e6ringsutvikling i regionen. H\u00f8yre skal m\u00f8te private initiativ med effektiv saksbehandling og ja-holdning. Det vil gi flere spennende jobber lokalt. Vi har stor tro p\u00e5 Kongsvinger. Vi mener Kongsvinger b\u00f8r bli en universitetsby, og vil jobbe for at flere utdanninger legges til Kongsvinger. Sammen med byutvikling \u00f8nsker vi med dette \u00e5 legge til rette for at flere \u00f8nsker \u00e5 bli boende i Kongsvinger. H\u00f8yre \u00f8nsker at Kongsvinger skal bli en del av nye Akershus fylkeskommune.&nbsp;<\/p>\n\n<\/div><\/div>\n\n\n\n<div class=\"wp-block-hoyre-banner undefined\"><div class=\"banner-inner\"><figure class=\"hoyre-image-wrapper\"><div class=\"hoyre-image\"><img loading=\"lazy\" decoding=\"async\" width=\"720\" height=\"960\" src=\"https:\/\/hoyre.no\/content\/uploads\/sites\/74\/2022\/08\/Eli-1.jpeg\" class=\"attachment-scaled size-scaled\" alt=\"\" style=\"object-position: 31% 43%\" srcset=\"https:\/\/hoyre.no\/content\/uploads\/sites\/74\/2022\/08\/Eli-1.jpeg 720w, https:\/\/hoyre.no\/content\/uploads\/sites\/74\/2022\/08\/Eli-1-225x300.jpeg 225w\" sizes=\"auto, (max-width: 720px) 100vw, 720px\" \/><\/div><\/figure><div class=\"banner-content\"><div class=\"entry-content\">\n<h2 class=\"wp-block-heading\">Bli kjent med Kongsvinger H\u00f8yres ordf\u00f8rerkandidat Eli!<\/h2>\n\n\n\n<div class=\"wp-block-buttons is-style-default is-horizontal is-content-justification-center is-layout-flex wp-container-core-buttons-is-layout-499968f5 wp-block-buttons-is-layout-flex\">\n<div class=\"wp-block-button aligncenter is-style-outline is-style-outline--1\"><a class=\"wp-block-button__link\" href=\"https:\/\/hoyre.no\/kongsvinger\/eli-wathne-var-ordforerkandidat\/\">TRYKK HER<\/a><\/div>\n<\/div>\n<\/div><\/div><\/div><\/div>\n\n\n\n<div class=\"wp-block hoyre-section alignfull has-background is-style-light-blue wp-block-hoyre-section\"><div class=\"inner-blocks alignwide\">\n\n<h1 class=\"has-text-align-center wp-block-heading\" id=\"h-finn-ditt-valglokale\">Finn ditt n\u00e6rmeste valglokale<\/h1>\n\n\n\n<p class=\"has-text-align-center\">Du kan forh\u00e5ndsstemme fra 10. august til og med 8. september. I denne perioden kan du stemme i valglokaler over hele landet. Se oversikt over lokale valglokaler og \u00e5pningstider her:<\/p>\n\n\n\n<div class=\"wp-block-buttons is-layout-flex wp-block-buttons-is-layout-flex\">\n<div class=\"wp-block-button aligncenter is-style-fill\"><a class=\"wp-block-button__link\" href=\"https:\/\/www.valg.no\/valglokaler\/valglokaler2\/stem-pa-forhand\/?mpid=3401\" target=\"_blank\" rel=\"noreferrer noopener\">lokaler for forh\u00e5ndsstemming<\/a><\/div>\n<\/div>\n\n\n\n<p class=\"has-text-align-center\">Valgdagen i \u00e5r er mandag 11. september. P\u00e5 valgdagen m\u00e5 du stemme i Kongsvinger kommune. Se oversikt over lokale valglokaler og \u00e5pningstider her:<\/p>\n\n\n\n<div class=\"wp-block-buttons is-layout-flex wp-block-buttons-is-layout-flex\">\n<div class=\"wp-block-button aligncenter\"><a class=\"wp-block-button__link\" href=\"https:\/\/www.valg.no\/valglokaler\/valglokaler2\/stemme-pa-valgdagen\/?mpid=3401\" target=\"_blank\" rel=\"noreferrer noopener\">valglokaler p\u00e5 valgdagen<\/a><\/div>\n<\/div>\n\n\n\n<p class=\"has-text-align-center\"><strong>Husk \u00e5 ta med legitimasjon n\u00e5r du skal stemme. Godt valg!<\/strong><\/p>\n\n<\/div><\/div>","protected":false},"excerpt":{"rendered":"","protected":false},"author":15381,"featured_media":0,"parent":3,"menu_order":0,"comment_status":"closed","ping_status":"closed","template":"","meta":{"teft_cards_image_url":"","teft_cards_custom_pretitle":"","teft_cards_image_id":0,"teft_cards_image_focal_point_x":0,"teft_cards_image_focal_point_y":0,"teft_cards_title":"","teft_cards_excerpt":"","teft_show_chapters":false,"footnotes":""},"class_list":["post-87","page","type-page","status-publish","hentry"],"yoast_head":"<!-- This site is optimized with the Yoast SEO plugin v26.6 - https:\/\/yoast.com\/wordpress\/plugins\/seo\/ -->\n<title>Fem grunner til \u00e5 stemme Kongsvinger H\u00f8yre i 2023 - Kongsvinger H\u00f8yre<\/title>\n<meta name=\"robots\" content=\"index, follow, max-snippet:-1, max-image-preview:large, max-video-preview:-1\" \/>\n<link rel=\"canonical\" href=\"https:\/\/hoyre.no\/kongsvinger\/forsiden\/5-grunner-til-a-stemme-kongsvinger-hoyre-i-2023\/\" \/>\n<meta property=\"og:locale\" content=\"nb_NO\" \/>\n<meta property=\"og:type\" content=\"article\" \/>\n<meta property=\"og:title\" content=\"Fem grunner til \u00e5 stemme Kongsvinger H\u00f8yre i 2023 - Kongsvinger H\u00f8yre\" \/>\n<meta property=\"og:url\" content=\"https:\/\/hoyre.no\/kongsvinger\/forsiden\/5-grunner-til-a-stemme-kongsvinger-hoyre-i-2023\/\" \/>\n<meta property=\"og:site_name\" content=\"Kongsvinger H\u00f8yre\" \/>\n<meta property=\"article:modified_time\" content=\"2023-08-03T13:32:34+00:00\" \/>\n<meta property=\"og:image\" content=\"https:\/\/hoyre.no\/content\/uploads\/sites\/74\/2023\/01\/w5OHPr4c-1024x683.jpeg\" \/>\n<meta name=\"twitter:card\" content=\"summary_large_image\" \/>\n<meta name=\"twitter:label1\" content=\"Ansl. lesetid\" \/>\n\t<meta name=\"twitter:data1\" content=\"4 minutter\" \/>\n<script type=\"application\/ld+json\" class=\"yoast-schema-graph\">{\"@context\":\"https:\/\/schema.org\",\"@graph\":[{\"@type\":\"WebPage\",\"@id\":\"https:\/\/hoyre.no\/kongsvinger\/forsiden\/5-grunner-til-a-stemme-kongsvinger-hoyre-i-2023\/\",\"url\":\"https:\/\/hoyre.no\/kongsvinger\/forsiden\/5-grunner-til-a-stemme-kongsvinger-hoyre-i-2023\/\",\"name\":\"Fem grunner til \u00e5 stemme Kongsvinger H\u00f8yre i 2023 - Kongsvinger H\u00f8yre\",\"isPartOf\":{\"@id\":\"https:\/\/hoyre.no\/kongsvinger\/#website\"},\"image\":{\"@id\":\"https:\/\/hoyre.no\/kongsvinger\/forsiden\/5-grunner-til-a-stemme-kongsvinger-hoyre-i-2023\/#primaryimage\"},\"thumbnailUrl\":\"https:\/\/hoyre.no\/content\/uploads\/sites\/74\/2023\/01\/w5OHPr4c-1024x683.jpeg\",\"datePublished\":\"2023-01-12T09:27:01+00:00\",\"dateModified\":\"2023-08-03T13:32:34+00:00\",\"breadcrumb\":{\"@id\":\"https:\/\/hoyre.no\/kongsvinger\/forsiden\/5-grunner-til-a-stemme-kongsvinger-hoyre-i-2023\/#breadcrumb\"},\"inLanguage\":\"nb-NO\",\"potentialAction\":[{\"@type\":\"ReadAction\",\"target\":[\"https:\/\/hoyre.no\/kongsvinger\/forsiden\/5-grunner-til-a-stemme-kongsvinger-hoyre-i-2023\/\"]}]},{\"@type\":\"ImageObject\",\"inLanguage\":\"nb-NO\",\"@id\":\"https:\/\/hoyre.no\/kongsvinger\/forsiden\/5-grunner-til-a-stemme-kongsvinger-hoyre-i-2023\/#primaryimage\",\"url\":\"https:\/\/hoyre.no\/content\/uploads\/sites\/74\/2023\/01\/w5OHPr4c-1024x683.jpeg\",\"contentUrl\":\"https:\/\/hoyre.no\/content\/uploads\/sites\/74\/2023\/01\/w5OHPr4c-1024x683.jpeg\"},{\"@type\":\"BreadcrumbList\",\"@id\":\"https:\/\/hoyre.no\/kongsvinger\/forsiden\/5-grunner-til-a-stemme-kongsvinger-hoyre-i-2023\/#breadcrumb\",\"itemListElement\":[{\"@type\":\"ListItem\",\"position\":1,\"name\":\"Til hoyre.no\",\"item\":\"https:\/\/hoyre.no\"},{\"@type\":\"ListItem\",\"position\":2,\"name\":\"Hjem\",\"item\":\"https:\/\/hoyre.no\/kongsvinger\/\"},{\"@type\":\"ListItem\",\"position\":3,\"name\":\"Forsiden\",\"item\":\"https:\/\/hoyre.no\/kongsvinger\/\"},{\"@type\":\"ListItem\",\"position\":4,\"name\":\"Fem grunner til \u00e5 stemme Kongsvinger H\u00f8yre i 2023\"}]},{\"@type\":\"WebSite\",\"@id\":\"https:\/\/hoyre.no\/kongsvinger\/#website\",\"url\":\"https:\/\/hoyre.no\/kongsvinger\/\",\"name\":\"Kongsvinger H\u00f8yre\",\"description\":\"Bare enda et H\u00f8yres nettsteder-nettsted\",\"inLanguage\":\"nb-NO\"}]}<\/script>\n<!-- \/ Yoast SEO plugin. -->","yoast_head_json":{"title":"Fem grunner til \u00e5 stemme Kongsvinger H\u00f8yre i 2023 - Kongsvinger H\u00f8yre","robots":{"index":"index","follow":"follow","max-snippet":"max-snippet:-1","max-image-preview":"max-image-preview:large","max-video-preview":"max-video-preview:-1"},"canonical":"https:\/\/hoyre.no\/kongsvinger\/forsiden\/5-grunner-til-a-stemme-kongsvinger-hoyre-i-2023\/","og_locale":"nb_NO","og_type":"article","og_title":"Fem grunner til \u00e5 stemme Kongsvinger H\u00f8yre i 2023 - Kongsvinger H\u00f8yre","og_url":"https:\/\/hoyre.no\/kongsvinger\/forsiden\/5-grunner-til-a-stemme-kongsvinger-hoyre-i-2023\/","og_site_name":"Kongsvinger H\u00f8yre","article_modified_time":"2023-08-03T13:32:34+00:00","og_image":[{"url":"https:\/\/hoyre.no\/content\/uploads\/sites\/74\/2023\/01\/w5OHPr4c-1024x683.jpeg","type":"","width":"","height":""}],"twitter_card":"summary_large_image","twitter_misc":{"Ansl. lesetid":"4 minutter"},"schema":{"@context":"https:\/\/schema.org","@graph":[{"@type":"WebPage","@id":"https:\/\/hoyre.no\/kongsvinger\/forsiden\/5-grunner-til-a-stemme-kongsvinger-hoyre-i-2023\/","url":"https:\/\/hoyre.no\/kongsvinger\/forsiden\/5-grunner-til-a-stemme-kongsvinger-hoyre-i-2023\/","name":"Fem grunner til \u00e5 stemme Kongsvinger H\u00f8yre i 2023 - Kongsvinger H\u00f8yre","isPartOf":{"@id":"https:\/\/hoyre.no\/kongsvinger\/#website"},"image":{"@id":"https:\/\/hoyre.no\/kongsvinger\/forsiden\/5-grunner-til-a-stemme-kongsvinger-hoyre-i-2023\/#primaryimage"},"thumbnailUrl":"https:\/\/hoyre.no\/content\/uploads\/sites\/74\/2023\/01\/w5OHPr4c-1024x683.jpeg","datePublished":"2023-01-12T09:27:01+00:00","dateModified":"2023-08-03T13:32:34+00:00","breadcrumb":{"@id":"https:\/\/hoyre.no\/kongsvinger\/forsiden\/5-grunner-til-a-stemme-kongsvinger-hoyre-i-2023\/#breadcrumb"},"inLanguage":"nb-NO","potentialAction":[{"@type":"ReadAction","target":["https:\/\/hoyre.no\/kongsvinger\/forsiden\/5-grunner-til-a-stemme-kongsvinger-hoyre-i-2023\/"]}]},{"@type":"ImageObject","inLanguage":"nb-NO","@id":"https:\/\/hoyre.no\/kongsvinger\/forsiden\/5-grunner-til-a-stemme-kongsvinger-hoyre-i-2023\/#primaryimage","url":"https:\/\/hoyre.no\/content\/uploads\/sites\/74\/2023\/01\/w5OHPr4c-1024x683.jpeg","contentUrl":"https:\/\/hoyre.no\/content\/uploads\/sites\/74\/2023\/01\/w5OHPr4c-1024x683.jpeg"},{"@type":"BreadcrumbList","@id":"https:\/\/hoyre.no\/kongsvinger\/forsiden\/5-grunner-til-a-stemme-kongsvinger-hoyre-i-2023\/#breadcrumb","itemListElement":[{"@type":"ListItem","position":1,"name":"Til hoyre.no","item":"https:\/\/hoyre.no"},{"@type":"ListItem","position":2,"name":"Hjem","item":"https:\/\/hoyre.no\/kongsvinger\/"},{"@type":"ListItem","position":3,"name":"Forsiden","item":"https:\/\/hoyre.no\/kongsvinger\/"},{"@type":"ListItem","position":4,"name":"Fem grunner til \u00e5 stemme Kongsvinger H\u00f8yre i 2023"}]},{"@type":"WebSite","@id":"https:\/\/hoyre.no\/kongsvinger\/#website","url":"https:\/\/hoyre.no\/kongsvinger\/","name":"Kongsvinger H\u00f8yre","description":"Bare enda et H\u00f8yres nettsteder-nettsted","inLanguage":"nb-NO"}]}},"distributor_meta":false,"distributor_terms":false,"distributor_media":false,"distributor_original_site_name":"Kongsvinger H\u00f8yre","distributor_original_site_url":"https:\/\/hoyre.no\/kongsvinger","push-errors":false,"_links":{"self":[{"href":"https:\/\/hoyre.no\/kongsvinger\/wp-json\/wp\/v2\/pages\/87","targetHints":{"allow":["GET"]}}],"collection":[{"href":"https:\/\/hoyre.no\/kongsvinger\/wp-json\/wp\/v2\/pages"}],"about":[{"href":"https:\/\/hoyre.no\/kongsvinger\/wp-json\/wp\/v2\/types\/page"}],"author":[{"embeddable":true,"href":"https:\/\/hoyre.no\/kongsvinger\/wp-json\/wp\/v2\/users\/15381"}],"replies":[{"embeddable":true,"href":"https:\/\/hoyre.no\/kongsvinger\/wp-json\/wp\/v2\/comments?post=87"}],"version-history":[{"count":10,"href":"https:\/\/hoyre.no\/kongsvinger\/wp-json\/wp\/v2\/pages\/87\/revisions"}],"predecessor-version":[{"id":138,"href":"https:\/\/hoyre.no\/kongsvinger\/wp-json\/wp\/v2\/pages\/87\/revisions\/138"}],"up":[{"embeddable":true,"href":"https:\/\/hoyre.no\/kongsvinger\/wp-json\/wp\/v2\/pages\/3"}],"wp:attachment":[{"href":"https:\/\/hoyre.no\/kongsvinger\/wp-json\/wp\/v2\/media?parent=87"}],"curies":[{"name":"wp","href":"https:\/\/api.w.org\/{rel}","templated":true}]}}