{"id":3,"date":"2020-11-16T11:08:35","date_gmt":"2020-11-16T10:08:35","guid":{"rendered":"https:\/\/hoyre.no\/kragero\/forsiden\/"},"modified":"2025-09-26T10:46:54","modified_gmt":"2025-09-26T08:46:54","slug":"forsiden","status":"publish","type":"page","link":"https:\/\/hoyre.no\/kragero\/","title":{"rendered":"Forsiden"},"content":{"rendered":"\n\t\t<div class=\" has-simple-highlight style-white has-mobile-text-aligned-center slogan-type-primary wp-block-hoyre-slogan\">\n\t\t\t<div class=\"slogan-container\">\n\t\t\t\t<div class=\"slogan__image\">\n\t\t\t\t\t<img loading=\"lazy\" decoding=\"async\" width=\"1696\" height=\"1130\" src=\"https:\/\/hoyre.no\/content\/uploads\/sites\/367\/2025\/09\/4Y9A9323_43038245f89.avif\" class=\"slogan__background-media\" alt=\"\" style=\"--focal-point: 68% 34%;\" srcset=\"https:\/\/hoyre.no\/content\/uploads\/sites\/367\/2025\/09\/4Y9A9323_43038245f89.avif 1696w, https:\/\/hoyre.no\/content\/uploads\/sites\/367\/2025\/09\/4Y9A9323_43038245f89-300x200.avif 300w, https:\/\/hoyre.no\/content\/uploads\/sites\/367\/2025\/09\/4Y9A9323_43038245f89-1024x682.avif 1024w, https:\/\/hoyre.no\/content\/uploads\/sites\/367\/2025\/09\/4Y9A9323_43038245f89-768x512.avif 768w, https:\/\/hoyre.no\/content\/uploads\/sites\/367\/2025\/09\/4Y9A9323_43038245f89-1536x1023.avif 1536w\" sizes=\"auto, (max-width: 1696px) 100vw, 1696px\" \/>\n\t\t\t\t<\/div>\n\t\t\t\t<div class=\"slogan__content\">\n\t\t\t\t\t<svg xmlns=\"http:\/\/www.w3.org\/2000\/svg\" xml:space=\"preserve\" style=\"enable-background:new 0 0 1451.1 664.9\" viewBox=\"0 0 1451.1 664.9\"><path d=\"M182.5 160.5s-48.1 93.2-64.8 121.5c-3.6 6.2-12.7 8.1-16.2 1.2-12-24.1-55.3-107.8-55.3-107.8L40 285.9c-.3 6.6-5.5 12-12.1 12.7l-13.3 1.3c-8.1.8-15-5.8-14.6-13.9l8.5-176.6c.3-6.6 5.5-12 12.1-12.6 0 0 14.4-2.7 22.2-3s11.3 5.5 15.9 13.6l52.1 105.3s59-112.3 62.5-119.2c4.6-9.3 12.5-13.4 17.4-13.9 0 0 8.9-1.8 18.9-1.5s15.8 5 14.6 17.7-8.5 172-8.5 172c-.3 7.1-5.8 12.8-12.9 13.5l-11.5 1.1c-8.6.8-16-6.2-15.6-14.9l6.8-107zM398.2 197.1c-1.8 41.8-35.6 72.3-72.9 75.8-39 3.7-68.1-18.9-66.2-62.5l3.4-66.2c.4-7.4 6.1-13.4 13.4-14.1l10.2-1c9-.9 16.7 6.5 16.3 15.6l-3.1 61.9c-1.2 23.5 11.6 33.6 27.9 32 16.9-1.6 29.7-13 31.1-37.7l3.1-66.2c.3-7.4 6.1-13.4 13.4-14.1l10.1-1c9-.9 16.7 6.5 16.3 15.6l-3 61.9zM484.6 240.1c-1.4 11-11.5 18.9-22.5 17.3-24-3.3-35.8-19-34.5-46.7L435 58.9c.3-6.1 5-11.1 11.1-11.7l15.3-1.5c7.5-.7 13.9 5.4 13.5 12.9l-7 143.6c-.4 8.5 1.9 13.6 6.7 16.2 7.3 4 11.1 12.3 10.1 20.6l-.1 1.1zM534 105.4h.2c12-1.2 22.3 8.6 21.7 20.7l-5.2 105.3c-.5 9.8-8.1 17.8-17.9 18.8-12 1.2-22.3-8.6-21.7-20.7l5-105.3c.4-9.8 8.1-17.8 17.9-18.8zm6.2-60.5c14.5-1.6 21.9 8.7 21.3 19.6-.5 10.9-7.3 22.5-23.2 24.2-13.9 1.6-21.4-9.1-21-19.3.5-11.2 8.2-22.8 22.9-24.5zM683.7 223.6l-1.5-.4c-8.9 10.1-23.2 17.8-40.4 19.5-37.8 3.6-65.4-27-63.3-69.2 2.2-43.6 31.9-78.3 73.4-82.3 13.4-1.3 24.1.7 32.8 5.4 1.5.8 4.8 2.5 4.8 2.5s.5-3.7.6-5.4c.4-4.5 3.3-7.4 10.6-7.4h14.5c14.5 0 14.8 9.6 14.2 19.9l-6.3 127.5c-1.9 43.3-35.5 83.7-85.7 89.7-13.2 1.6-25.7 1.4-37.9-.4-7.2-1.1-12-8-10.5-15.1l1.9-8.7c1.3-6.2 7-10.4 13.3-9.8 9.7.9 20.9 2.5 32.7-.1 37.5-8.2 45-31.2 46.2-51.8l.6-13.9zm2.2-41.4 1.8-39c.4-8.5-5.5-16.2-13.9-17.6-5.7-.9-12-1.2-18.4-.6-20.4 1.9-35.7 20.5-36.8 44.6-1.1 25 11.4 40 32.9 37.9 10.7-1 22.5-5.7 30.8-15.6 2.3-2.6 3.5-6.1 3.6-9.7zM776.9 15.6l17.3-1.7c6.9-.7 12.8 5 12.4 11.9l-3.5 70.3 1.5.4C814.7 84 831.4 74 852 72c26.1-2.5 49.3 16.4 47.3 58.5l-3.5 74.3c-.3 6-5 11-11 11.5l-15.6 1.5c-7.4.7-13.7-5.3-13.3-12.7l3.5-68.5c1-22.7-10.7-30.2-25.6-28.8-9.3.9-18.9 5.6-26 12-3.9 3.5-6.1 8.5-6.4 13.7l-3.9 80.2c-.3 6.4-5.2 11.5-11.6 12.1l-14.4 1.4c-7.8.7-14.4-5.6-14-13.4l9.2-187.4c.3-5.6 4.6-10.2 10.2-10.8zM1329.6 98c.5 8.8-5 12.4-12.7 13.9-7.7 1.4-81.3 7.9-81.3 7.9 1.5 19.9 21.2 34.9 73.9 16.6 7.5-2.6 18.9-7.9 20.2 5.6 1.2 12.7-23.2 32.4-56 37.2-47 6.9-80.4-20.7-78.2-67.4 2.1-41.3 26.6-78.8 71.7-82.1 39.6-2.9 63.1 24.7 62.4 68.3zm-92.6-7 60.2-5.8c2.3-11.6-12.7-25.5-28.9-23.2-16.6 2.5-30.9 11.5-31.3 29zM1064.6 125.8c.5 8.8-5 12.4-12.7 13.9-7.7 1.4-81.3 7.9-81.3 7.9 1.5 19.9 21.2 34.9 73.9 16.6 7.5-2.6 18.9-7.9 20.2 5.6 1.2 12.7-23.2 32.4-56 37.2-47 6.9-80.4-20.7-78.2-67.4 2.1-41.3 26.6-78.8 71.7-82.1 39.5-2.9 63 24.7 62.4 68.3zm-92.6-7 60.2-5.8c2.3-11.6-12.7-25.5-28.9-23.2-16.6 2.4-31 11.5-31.3 29zM1186.1 447.5c.5 8.8-5 12.4-12.7 13.9s-81.3 7.9-81.3 7.9c1.5 19.9 21.2 34.9 73.9 16.6 7.5-2.6 18.9-7.9 20.2 5.6 1.2 12.7-23.2 32.4-56 37.2-47 6.9-80.4-20.7-78.2-67.4 2.1-41.3 26.6-78.8 71.7-82.1 39.6-2.8 63 24.8 62.4 68.3zm-92.6-6.9 60.2-5.8c2.3-11.6-12.7-25.5-28.9-23.2-16.6 2.4-31 11.5-31.3 29zM1082.3 53l15.5-1.5 1.8-39.4c.3-5.4 4.4-9.8 9.8-10.3l18.3-1.8c6.6-.6 12.2 4.7 11.9 11.3l-1.6 36.3 27.9-2.7c3.5-.3 6.4 2.5 6.2 5.9l-1 20.5c-.1 2.8-2.3 5.1-5.1 5.4l-29.5 2.8-2.8 58.4c-.9 14.6 6.5 19.1 17.4 18 3.5-.3 7.5-1.1 11.1-2.2 3.4-1 6.8 1.3 7.2 4.8l2.7 21.8c.3 2.4-1 4.8-3.2 5.8-7.7 3.6-17.6 6.2-26.4 7.1-28.4 2.7-50.9-14.5-49-49.1l2.9-60.7-13.8 1.3c-3.5.3-6.4-2.5-6.2-5.9l1-20.5c-.1-2.8 2.1-5.1 4.9-5.3zM575.4 435l23.9-2.3c4.8-.5 8.9 3.5 8.7 8.3l-.3 8.9s24-23.1 47.4-23.1c0 0 4-.4 4.2 3.2s-1.6 28.4-1.6 28.4c-.2 4-3.2 7.2-7.2 7.6-12.7 1.2-31.9 5-41.4 12.8-1.8 1.5-2.9 3.6-3 5.9l-4.2 85.9c-.2 3.9-3.3 7.2-7.2 7.5l-24.1 2.3c-4.8.5-8.9-3.5-8.7-8.3l6.4-129.6c.1-3.9 3.2-7.1 7.1-7.5zM294.8 463.5l18.4-1.8.5-12.8c1.8-35.8 24.7-59.1 59.1-62.4 8.4-.8 17.4-.6 25.7 1.2 3.6.8 5.9 4.3 5.1 7.9l-4.4 19.7c-.7 3.3-3.9 5.5-7.3 5.1-5-.6-10.5-.6-16.4-.1-13.2 1.3-20.8 8.9-21.7 24.6l-.5 12.8c34-1.1 37.5-4.8 37.5 5.8 0 17.4-2.3 23.2-17.4 24.3-15 1.2-21.7 1.8-21.7 1.8l-5.2 104.5c-.3 5.1-4.2 9.2-9.2 9.7l-15.1 1.4c-8.6.8-15.9-6.2-15.4-14.8l5.3-99.3-12.7 1.2c-8.4.8-10-4.3-9.6-12.8l.6-11.8c.1-2 2-3.9 4.4-4.2zM471 443.8c41.6-4 75.4 26.1 73.4 68.2-2.2 43.9-36.4 78.7-80.9 83-42.1 4-75.4-26.1-73.4-68.2 2.2-43.7 36.1-78.7 80.9-83zm-5.9 116.8c20.1-1.9 37.9-20.7 39.1-44.8 1.1-24.7-13.6-39.8-34.9-37.7-20.6 2-37.9 21-39.1 44.8-1.3 25.3 13.4 39.8 34.9 37.7zM829.9 422.8l1.4-1c.3-5.2 4.4-9.4 9.6-9.9l18.6-1.8c6.4-.6 11.9 4.6 11.6 11.1l-5.9 123.9c-.3 5.3-4.3 9.6-9.6 10.1l-18.8 1.8c-6.4.6-11.9-4.6-11.6-11.1l.1-1.7-1.5-.4c-9.1 11-24.2 19.7-41.9 21.4-35.5 3.4-65.4-27-63.3-69.2 2.2-43.6 34.4-78.5 73.4-82.3 16.6-1.6 29.4 2.4 37.9 9.1zm-2.5 81.6 2-43.5c.2-4.4-2.3-8.7-6.5-10.3-7.5-2.9-16.8-4.2-27.4-3.2-18.3 1.8-35.7 20.5-36.8 44.6-1.1 25 13.6 39.8 32.9 37.9 12.5-1.2 26.2-7.2 34.4-20.9.9-1.2 1.3-2.9 1.4-4.6zM953.3 530.5c-1.4 11-11.5 18.9-22.5 17.3-24-3.3-35.8-19-34.5-46.7l7.3-150.6c.3-6.8 5.6-12.4 12.4-13l12.5-1.2c8.3-.8 15.5 6 15 14.4l-7 142c-.4 8.5 1.9 13.6 6.7 16.2 7.3 4 11.1 12.3 10.1 20.6v1zM1033.8 522.8c-1.4 11-11.5 18.9-22.5 17.3-24-3.3-35.8-19-34.5-46.7l7.3-151c.3-6.6 5.4-12 12-12.6l13.4-1.3c8.1-.8 15 5.8 14.6 13.9l-7 142.5c-.4 8.5 1.9 13.6 6.8 16.2 7.3 4 11.1 12.3 10.1 20.6l-.2 1.1zM726.2 635.2l.4 21.6c.7 5.1 6.9 9.4 12.8 7.6 126.6-39.8 300.9-60.6 428.1-57.1 11.8.3 13.5-20.3 1.6-20.9-122.1-6.5-298.4 6.9-432.8 39.2-5.8 1.3-10.8 4.6-10.1 9.6zM1367.2 26.5l23.9-2.3c4.8-.5 8.9 3.5 8.7 8.3l-.3 8.9s24-23.1 47.4-23.1c0 0 4-.4 4.2 3.2.2 3.7-1.6 28.4-1.6 28.4-.2 4-3.2 7.2-7.2 7.6-12.7 1.2-31.9 5-41.4 12.8-1.8 1.5-2.9 3.6-3 5.9l-4.2 85.9c-.2 3.9-3.3 7.2-7.2 7.5l-24.1 2.3c-4.8.5-8.9-3.5-8.7-8.3l6.4-129.6c.1-3.9 3.2-7.1 7.1-7.5z\"\/><\/svg>\n\n\t\t\t\t\t<h2 class=\"screen-reader-text\">Muligheter for alle<\/h2>\n\t\t\t\t\t<p>Din bakgrunn skal ikke ha noe \u00e5 si for hvilke muligheter du har i Krager\u00f8.<\/p>\n\t\t\t\t\t<a href=\"https:\/\/hoyre.no\/bli-med\/bli-medlem\/\" class=\"button\">Bli medlem<\/a>\n\t\t\t\t<\/div>\n\t\t\t<\/div>\n\t\t\t\n\t\t<\/div>\n\t\t\n\n\n<div class=\"wp-block-media-text alignwide is-stacked-on-mobile\" style=\"grid-template-columns:53% auto\"><figure class=\"wp-block-media-text__media\"><img loading=\"lazy\" decoding=\"async\" width=\"1024\" height=\"444\" src=\"https:\/\/hoyre.no\/content\/uploads\/sites\/367\/2023\/11\/IMG_3857-1-1024x444.jpg\" alt=\"\" class=\"wp-image-222 size-full\" srcset=\"https:\/\/hoyre.no\/content\/uploads\/sites\/367\/2023\/11\/IMG_3857-1-1024x444.jpg 1024w, https:\/\/hoyre.no\/content\/uploads\/sites\/367\/2023\/11\/IMG_3857-1-300x130.jpg 300w, https:\/\/hoyre.no\/content\/uploads\/sites\/367\/2023\/11\/IMG_3857-1-768x333.jpg 768w, https:\/\/hoyre.no\/content\/uploads\/sites\/367\/2023\/11\/IMG_3857-1-1536x665.jpg 1536w, https:\/\/hoyre.no\/content\/uploads\/sites\/367\/2023\/11\/IMG_3857-1.jpg 2048w\" sizes=\"auto, (max-width: 1024px) 100vw, 1024px\" \/><\/figure><div class=\"wp-block-media-text__content\">\n<p><\/p>\n\n\n\n<p><\/p>\n\n\n\n<h2 class=\"wp-block-heading\">Krager\u00f8 H\u00f8yre<\/h2>\n\n\n\n<p>Krager\u00f8 H\u00f8yre \u00f8nsker en kommune som legger til rette for sine innbyggere, og gir muligheter for alle.<br>V\u00e5r liberalkonservative ideologi bygger p\u00e5 at vi er ulike mennesker med ulike behov, som skal ha muligheten til \u00e5 utnytte sitt potensiale, og skape det livet som de \u00f8nsker.<br><br><br><\/p>\n<\/div><\/div>\n\n\n\n\n\n<div class=\"wp-block-hoyre-banner alignwide undefined  is-style-light\"><div class=\"banner-inner\"><figure class=\"hoyre-image-wrapper\"><div class=\"hoyre-image\"><img decoding=\"async\" loading=\"lazy\" width=\"2048\" height=\"1365\" src=\"https:\/\/hoyre.no\/content\/uploads\/2020\/09\/54483135358_f67d549a0f_k.jpg\" class=\"attachment-scaled size-scaled\" alt=\"Ine\" style=\"object-position: 47% 42%\" \/><\/div><\/figure><div class=\"banner-content\"><div class=\"entry-content\">\n<h2 class=\"wp-block-heading\" id=\"h-bli-medlem-i-hoyre\">Bli medlem i H\u00f8yre<\/h2>\n\n\n\n<p>Vil du v\u00e6re med p\u00e5 \u00e5 skape et samfunn med muligheter for alle? Bli med p\u00e5 laget. Ditt bidrag gj\u00f8r oss enda sterkere.<\/p>\n\n\n\n<div class=\"wp-block-buttons is-layout-flex wp-block-buttons-is-layout-flex\">\n<div class=\"wp-block-button\"><a class=\"wp-block-button__link wp-element-button\" href=\"https:\/\/hoyre.no\/bli-med\/bli-medlem\/\">bli medlem i h\u00f8yre<\/a><\/div>\n<\/div>\n<\/div><\/div><\/div><\/div>\n\n\n\n\n<section class=\"wp-block-hoyre-latest-grid\">\n\t<div class=\"block-inner\">\n\t\t<header>\n\t\t\t<h2>Nyheter<\/h2>\n\t\t\t\t\t\t\t<a href=\"https:\/\/hoyre.no\/kragero\/nyheter\/\">Vis alle<\/a>\n\t\t\t\t\t<\/header>\n\t\t<div class=\"teft-cards-grid default-size-4\">\n\t\t\t<div class=\"teft-cards-item has-12-columns is-style-two-columns is-vertically-aligned-center is-aligned-center is-card-hoyre\">\n\t<div class=\"teft-card hoyre-teft-card post-teft-card\">\n\t\t<a href=\"https:\/\/hoyre.no\/2026\/04\/10\/jeg-blir-provosert\/\" class=\"teft-card__primary-action\">\n\n\t\t\t\t\t<div class=\"teft-card__media teft-card__media--16-9\">\n\t\t\t<span class=\"sticker\">Nasjonal<\/span>\t\t\t<img loading=\"lazy\" decoding=\"async\" width=\"768\" height=\"512\" src=\"https:\/\/hoyre.no\/content\/uploads\/2026\/04\/Ine-Eriksen-Soreide-budsjett-foto-Hans-Kristian-Thorbjornsen-8982-768x512.jpg\" class=\"attachment-medium_large size-medium_large\" alt=\"Ine\" \/>\t\t<\/div>\n\t\t\n\t\t\t<div class=\"teft-card__content-wrapper\">\n\t\t\t\t<div class=\"teft-card__secondary\">\n\t\t\t\t\t\n\t\t\t\t\t\t\t\t<div class=\"teft-card__meta\">\n\t\t\t\t\t\t\t\t\t<span class=\"post-date\">10. apr 2026<\/span>\n\n\t\t\t\t\t\t\t\t\t\t\t\t\t\t\t\t\t<\/div>\n\t\t\t\t\t\t\t\t\t\t\t<\/div>\n\n\t\t\t\t<div class=\"teft-card__primary\">\n\t\t\t\t\t<h2 class=\"teft-card__title\">&#8211; De burde rose, ikke kritisere&nbsp;<span class=\"teft-card__primary-title-append\"><\/span><\/h2>\t\t\t\t<\/div>\n\t\t\t<\/div>\n\t\t<\/a>\n\t<\/div>\n\n\t<!-- From network 1 367--><!-- From card class --><\/div>\t\t\t<div class=\"teft-cards-item has-6-columns  is-card-hoyre\">\n\t<div class=\"teft-card hoyre-teft-card post-teft-card\">\n\t\t<a href=\"https:\/\/hoyre.no\/2026\/04\/10\/her-er-hoyres-kjernekraftpakke\/\" class=\"teft-card__primary-action\">\n\n\t\t\t\t\t<div class=\"teft-card__media teft-card__media--16-9\">\n\t\t\t<span class=\"sticker\">Nasjonal<\/span>\t\t\t<img loading=\"lazy\" decoding=\"async\" width=\"768\" height=\"449\" src=\"https:\/\/hoyre.no\/content\/uploads\/2026\/04\/Skjermbilde-2026-04-10-kl.-11.18.25-768x449.png\" class=\"attachment-medium_large size-medium_large\" alt=\"Energi\" \/>\t\t<\/div>\n\t\t\n\t\t\t<div class=\"teft-card__content-wrapper\">\n\t\t\t\t<div class=\"teft-card__secondary\">\n\t\t\t\t\t\n\t\t\t\t\t\t\t\t<div class=\"teft-card__meta\">\n\t\t\t\t\t\t\t\t\t<span class=\"post-date\">10. apr 2026<\/span>\n\n\t\t\t\t\t\t\t\t\t\t\t\t\t\t\t\t\t<\/div>\n\t\t\t\t\t\t\t\t\t\t\t<\/div>\n\n\t\t\t\t<div class=\"teft-card__primary\">\n\t\t\t\t\t<h2 class=\"teft-card__title\">&#8211; Staten skal legge til rette, ikke ta regningen&nbsp;<span class=\"teft-card__primary-title-append\"><\/span><\/h2>\t\t\t\t<\/div>\n\t\t\t<\/div>\n\t\t<\/a>\n\t<\/div>\n\n\t<!-- From network 1 367--><!-- From card class --><\/div>\t\t\t<div class=\"teft-cards-item has-6-columns  is-card-hoyre\">\n\t<div class=\"teft-card hoyre-teft-card post-teft-card\">\n\t\t<a href=\"https:\/\/hoyre.no\/2026\/04\/09\/vil-kjempe-til-jeg-blir-pensjonist\/\" class=\"teft-card__primary-action\">\n\n\t\t\t\t\t<div class=\"teft-card__media teft-card__media--16-9\">\n\t\t\t<span class=\"sticker\">Nasjonal<\/span>\t\t\t<img loading=\"lazy\" decoding=\"async\" width=\"768\" height=\"512\" src=\"https:\/\/hoyre.no\/content\/uploads\/2026\/04\/Erna-apner-valgkampsentralen-foto-Hans-Kristian-Thorbjornsen-1181_43235870b92-768x512.avif\" class=\"attachment-medium_large size-medium_large\" alt=\"Erna fylker\" \/>\t\t<\/div>\n\t\t\n\t\t\t<div class=\"teft-card__content-wrapper\">\n\t\t\t\t<div class=\"teft-card__secondary\">\n\t\t\t\t\t\n\t\t\t\t\t\t\t\t<div class=\"teft-card__meta\">\n\t\t\t\t\t\t\t\t\t<span class=\"post-date\">9. apr 2026<\/span>\n\n\t\t\t\t\t\t\t\t\t\t\t\t\t\t\t\t\t<\/div>\n\t\t\t\t\t\t\t\t\t\t\t<\/div>\n\n\t\t\t\t<div class=\"teft-card__primary\">\n\t\t\t\t\t<h2 class=\"teft-card__title\">&#8211; Lukker \u00f8ynene for at det er un\u00f8dvendig og dyrt&nbsp;<span class=\"teft-card__primary-title-append\"><\/span><\/h2>\t\t\t\t<\/div>\n\t\t\t<\/div>\n\t\t<\/a>\n\t<\/div>\n\n\t<!-- From network 1 367--><!-- From card class --><\/div>\t\t\t<div class=\"teft-cards-item has-4-columns is-card-hoyre\">\n\t<div class=\"teft-card hoyre-teft-card post-teft-card\">\n\t\t<a href=\"https:\/\/hoyre.no\/2026\/04\/09\/nar-prisene-stenger-doren-for-unge\/\" class=\"teft-card__primary-action\">\n\n\t\t\t\t\t<div class=\"teft-card__media teft-card__media--16-9\">\n\t\t\t<span class=\"sticker\">Nasjonal<\/span>\t\t\t<img loading=\"lazy\" decoding=\"async\" width=\"768\" height=\"512\" src=\"https:\/\/hoyre.no\/content\/uploads\/2026\/04\/GettyImages-2258268691-768x512.jpg\" class=\"attachment-medium_large size-medium_large\" alt=\"Oslo\" \/>\t\t<\/div>\n\t\t\n\t\t\t<div class=\"teft-card__content-wrapper\">\n\t\t\t\t<div class=\"teft-card__secondary\">\n\t\t\t\t\t\n\t\t\t\t\t\t\t\t<div class=\"teft-card__meta\">\n\t\t\t\t\t\t\t\t\t<span class=\"post-date\">9. apr 2026<\/span>\n\n\t\t\t\t\t\t\t\t\t\t\t\t\t\t\t\t\t<\/div>\n\t\t\t\t\t\t\t\t\t\t\t<\/div>\n\n\t\t\t\t<div class=\"teft-card__primary\">\n\t\t\t\t\t<h2 class=\"teft-card__title\">Er du en som trekker stigen opp etter deg?&nbsp;<span class=\"teft-card__primary-title-append\"><\/span><\/h2>\t\t\t\t<\/div>\n\t\t\t<\/div>\n\t\t<\/a>\n\t<\/div>\n\n\t<!-- From network 1 367--><!-- From card class --><\/div>\t\t\t<div class=\"teft-cards-item has-4-columns is-card-hoyre\">\n\t<div class=\"teft-card hoyre-teft-card post-teft-card\">\n\t\t<a href=\"https:\/\/hoyre.no\/2026\/04\/09\/dette-ser-ut-som-en-skandale\/\" class=\"teft-card__primary-action\">\n\n\t\t\t\t\t<div class=\"teft-card__media teft-card__media--16-9\">\n\t\t\t<span class=\"sticker\">Nasjonal<\/span>\t\t\t<img loading=\"lazy\" decoding=\"async\" width=\"768\" height=\"512\" src=\"https:\/\/hoyre.no\/content\/uploads\/2026\/04\/Y9A1717-768x512.jpg\" class=\"attachment-medium_large size-medium_large\" alt=\"Peter\" \/>\t\t<\/div>\n\t\t\n\t\t\t<div class=\"teft-card__content-wrapper\">\n\t\t\t\t<div class=\"teft-card__secondary\">\n\t\t\t\t\t\n\t\t\t\t\t\t\t\t<div class=\"teft-card__meta\">\n\t\t\t\t\t\t\t\t\t<span class=\"post-date\">9. apr 2026<\/span>\n\n\t\t\t\t\t\t\t\t\t\t\t\t\t\t\t\t\t<\/div>\n\t\t\t\t\t\t\t\t\t\t\t<\/div>\n\n\t\t\t\t<div class=\"teft-card__primary\">\n\t\t\t\t\t<h2 class=\"teft-card__title\">F-16-donasjon til Ukraina st\u00e5r demontert i Belgia: &#8211; En skandale&nbsp;<span class=\"teft-card__primary-title-append\"><\/span><\/h2>\t\t\t\t<\/div>\n\t\t\t<\/div>\n\t\t<\/a>\n\t<\/div>\n\n\t<!-- From network 1 367--><!-- From card class --><\/div>\t\t\t<div class=\"teft-cards-item has-4-columns is-card-hoyre\">\n\t<div class=\"teft-card hoyre-teft-card post-teft-card\">\n\t\t<a href=\"https:\/\/hoyre.no\/2026\/04\/08\/rentelofter-pa-tilliten-los\/\" class=\"teft-card__primary-action\">\n\n\t\t\t\t\t<div class=\"teft-card__media teft-card__media--16-9\">\n\t\t\t<span class=\"sticker\">Nasjonal<\/span>\t\t\t<img loading=\"lazy\" decoding=\"async\" width=\"768\" height=\"512\" src=\"https:\/\/hoyre.no\/content\/uploads\/2026\/04\/fW2QD6jA-768x512.jpeg\" class=\"attachment-medium_large size-medium_large\" alt=\"Ola\" \/>\t\t<\/div>\n\t\t\n\t\t\t<div class=\"teft-card__content-wrapper\">\n\t\t\t\t<div class=\"teft-card__secondary\">\n\t\t\t\t\t\n\t\t\t\t\t\t\t\t<div class=\"teft-card__meta\">\n\t\t\t\t\t\t\t\t\t<span class=\"post-date\">9. apr 2026<\/span>\n\n\t\t\t\t\t\t\t\t\t\t\t\t\t\t\t\t\t<\/div>\n\t\t\t\t\t\t\t\t\t\t\t<\/div>\n\n\t\t\t\t<div class=\"teft-card__primary\">\n\t\t\t\t\t<h2 class=\"teft-card__title\">Aps rentel\u00f8fter g\u00e5r p\u00e5 tilliten l\u00f8s&nbsp;<span class=\"teft-card__primary-title-append\"><\/span><\/h2>\t\t\t\t<\/div>\n\t\t\t<\/div>\n\t\t<\/a>\n\t<\/div>\n\n\t<!-- From network 1 367--><!-- From card class --><\/div>\t\t\t\t\t<\/div>\n\t<\/div>\n<\/section>\n\n\n\n\n\n\n\n\n\n\n\n\n\n\n\n","protected":false},"excerpt":{"rendered":"<p>Krager\u00f8 H\u00f8yre Krager\u00f8 H\u00f8yre \u00f8nsker en kommune som legger til rette for sine innbyggere, og gir muligheter for alle.V\u00e5r liberalkonservative ideologi bygger p\u00e5 at vi er ulike mennesker med ulike behov, som skal ha muligheten til \u00e5 utnytte sitt potensiale, og skape det livet som de \u00f8nsker.<\/p>\n","protected":false},"author":1,"featured_media":0,"parent":0,"menu_order":0,"comment_status":"closed","ping_status":"closed","template":"","meta":{"teft_cards_image_url":"","teft_cards_custom_pretitle":"","teft_cards_image_id":0,"teft_cards_image_focal_point_x":0,"teft_cards_image_focal_point_y":0,"teft_cards_title":"","teft_cards_excerpt":"","teft_show_chapters":false,"footnotes":""},"class_list":["post-3","page","type-page","status-publish","hentry"],"yoast_head":"<!-- This site is optimized with the Yoast SEO plugin v26.6 - https:\/\/yoast.com\/wordpress\/plugins\/seo\/ -->\n<title>Forsiden - Krager\u00f8 H\u00f8yre<\/title>\n<meta name=\"robots\" content=\"index, follow, max-snippet:-1, max-image-preview:large, max-video-preview:-1\" \/>\n<link rel=\"canonical\" href=\"https:\/\/hoyre.no\/kragero\/\" \/>\n<meta property=\"og:locale\" content=\"nb_NO\" \/>\n<meta property=\"og:type\" content=\"article\" \/>\n<meta property=\"og:title\" content=\"Forsiden - Krager\u00f8 H\u00f8yre\" \/>\n<meta property=\"og:description\" content=\"Krager\u00f8 H\u00f8yre Krager\u00f8 H\u00f8yre \u00f8nsker en kommune som legger til rette for sine innbyggere, og gir muligheter for alle.V\u00e5r liberalkonservative ideologi bygger p\u00e5 at vi er ulike mennesker med ulike behov, som skal ha muligheten til \u00e5 utnytte sitt potensiale, og skape det livet som de \u00f8nsker.\" \/>\n<meta property=\"og:url\" content=\"https:\/\/hoyre.no\/kragero\/\" \/>\n<meta property=\"og:site_name\" content=\"Krager\u00f8 H\u00f8yre\" \/>\n<meta property=\"article:modified_time\" content=\"2025-09-26T08:46:54+00:00\" \/>\n<meta property=\"og:image\" content=\"https:\/\/hoyre.no\/content\/uploads\/sites\/367\/2023\/11\/IMG_3857-1-1024x444.jpg\" \/>\n<meta name=\"twitter:card\" content=\"summary_large_image\" \/>\n<meta name=\"twitter:label1\" content=\"Ansl. lesetid\" \/>\n\t<meta name=\"twitter:data1\" content=\"2 minutter\" \/>\n<script type=\"application\/ld+json\" class=\"yoast-schema-graph\">{\"@context\":\"https:\/\/schema.org\",\"@graph\":[{\"@type\":\"WebPage\",\"@id\":\"https:\/\/hoyre.no\/kragero\/\",\"url\":\"https:\/\/hoyre.no\/kragero\/\",\"name\":\"Forsiden - Krager\u00f8 H\u00f8yre\",\"isPartOf\":{\"@id\":\"https:\/\/hoyre.no\/kragero\/#website\"},\"image\":{\"@id\":\"https:\/\/hoyre.no\/kragero\/#primaryimage\"},\"thumbnailUrl\":\"https:\/\/hoyre.no\/content\/uploads\/sites\/367\/2023\/11\/IMG_3857-1-1024x444.jpg\",\"datePublished\":\"2020-11-16T10:08:35+00:00\",\"dateModified\":\"2025-09-26T08:46:54+00:00\",\"breadcrumb\":{\"@id\":\"https:\/\/hoyre.no\/kragero\/#breadcrumb\"},\"inLanguage\":\"nb-NO\",\"potentialAction\":[{\"@type\":\"ReadAction\",\"target\":[\"https:\/\/hoyre.no\/kragero\/\"]}]},{\"@type\":\"ImageObject\",\"inLanguage\":\"nb-NO\",\"@id\":\"https:\/\/hoyre.no\/kragero\/#primaryimage\",\"url\":\"https:\/\/hoyre.no\/content\/uploads\/sites\/367\/2023\/11\/IMG_3857-1-1024x444.jpg\",\"contentUrl\":\"https:\/\/hoyre.no\/content\/uploads\/sites\/367\/2023\/11\/IMG_3857-1-1024x444.jpg\"},{\"@type\":\"BreadcrumbList\",\"@id\":\"https:\/\/hoyre.no\/kragero\/#breadcrumb\",\"itemListElement\":[{\"@type\":\"ListItem\",\"position\":1,\"name\":\"Til hoyre.no\",\"item\":\"https:\/\/hoyre.no\"},{\"@type\":\"ListItem\",\"position\":2,\"name\":\"Hjem\",\"item\":\"https:\/\/hoyre.no\/kragero\/\"},{\"@type\":\"ListItem\",\"position\":3,\"name\":\"Forsiden\"}]},{\"@type\":\"WebSite\",\"@id\":\"https:\/\/hoyre.no\/kragero\/#website\",\"url\":\"https:\/\/hoyre.no\/kragero\/\",\"name\":\"Krager\u00f8 H\u00f8yre\",\"description\":\"Bare enda et H\u00f8yres nettsteder-nettsted\",\"inLanguage\":\"nb-NO\"}]}<\/script>\n<!-- \/ Yoast SEO plugin. -->","yoast_head_json":{"title":"Forsiden - Krager\u00f8 H\u00f8yre","robots":{"index":"index","follow":"follow","max-snippet":"max-snippet:-1","max-image-preview":"max-image-preview:large","max-video-preview":"max-video-preview:-1"},"canonical":"https:\/\/hoyre.no\/kragero\/","og_locale":"nb_NO","og_type":"article","og_title":"Forsiden - Krager\u00f8 H\u00f8yre","og_description":"Krager\u00f8 H\u00f8yre Krager\u00f8 H\u00f8yre \u00f8nsker en kommune som legger til rette for sine innbyggere, og gir muligheter for alle.V\u00e5r liberalkonservative ideologi bygger p\u00e5 at vi er ulike mennesker med ulike behov, som skal ha muligheten til \u00e5 utnytte sitt potensiale, og skape det livet som de \u00f8nsker.","og_url":"https:\/\/hoyre.no\/kragero\/","og_site_name":"Krager\u00f8 H\u00f8yre","article_modified_time":"2025-09-26T08:46:54+00:00","og_image":[{"url":"https:\/\/hoyre.no\/content\/uploads\/sites\/367\/2023\/11\/IMG_3857-1-1024x444.jpg","type":"","width":"","height":""}],"twitter_card":"summary_large_image","twitter_misc":{"Ansl. lesetid":"2 minutter"},"schema":{"@context":"https:\/\/schema.org","@graph":[{"@type":"WebPage","@id":"https:\/\/hoyre.no\/kragero\/","url":"https:\/\/hoyre.no\/kragero\/","name":"Forsiden - Krager\u00f8 H\u00f8yre","isPartOf":{"@id":"https:\/\/hoyre.no\/kragero\/#website"},"image":{"@id":"https:\/\/hoyre.no\/kragero\/#primaryimage"},"thumbnailUrl":"https:\/\/hoyre.no\/content\/uploads\/sites\/367\/2023\/11\/IMG_3857-1-1024x444.jpg","datePublished":"2020-11-16T10:08:35+00:00","dateModified":"2025-09-26T08:46:54+00:00","breadcrumb":{"@id":"https:\/\/hoyre.no\/kragero\/#breadcrumb"},"inLanguage":"nb-NO","potentialAction":[{"@type":"ReadAction","target":["https:\/\/hoyre.no\/kragero\/"]}]},{"@type":"ImageObject","inLanguage":"nb-NO","@id":"https:\/\/hoyre.no\/kragero\/#primaryimage","url":"https:\/\/hoyre.no\/content\/uploads\/sites\/367\/2023\/11\/IMG_3857-1-1024x444.jpg","contentUrl":"https:\/\/hoyre.no\/content\/uploads\/sites\/367\/2023\/11\/IMG_3857-1-1024x444.jpg"},{"@type":"BreadcrumbList","@id":"https:\/\/hoyre.no\/kragero\/#breadcrumb","itemListElement":[{"@type":"ListItem","position":1,"name":"Til hoyre.no","item":"https:\/\/hoyre.no"},{"@type":"ListItem","position":2,"name":"Hjem","item":"https:\/\/hoyre.no\/kragero\/"},{"@type":"ListItem","position":3,"name":"Forsiden"}]},{"@type":"WebSite","@id":"https:\/\/hoyre.no\/kragero\/#website","url":"https:\/\/hoyre.no\/kragero\/","name":"Krager\u00f8 H\u00f8yre","description":"Bare enda et H\u00f8yres nettsteder-nettsted","inLanguage":"nb-NO"}]}},"distributor_meta":false,"distributor_terms":false,"distributor_media":false,"distributor_original_site_name":"Krager\u00f8 H\u00f8yre","distributor_original_site_url":"https:\/\/hoyre.no\/kragero","push-errors":false,"_links":{"self":[{"href":"https:\/\/hoyre.no\/kragero\/wp-json\/wp\/v2\/pages\/3","targetHints":{"allow":["GET"]}}],"collection":[{"href":"https:\/\/hoyre.no\/kragero\/wp-json\/wp\/v2\/pages"}],"about":[{"href":"https:\/\/hoyre.no\/kragero\/wp-json\/wp\/v2\/types\/page"}],"author":[{"embeddable":true,"href":"https:\/\/hoyre.no\/kragero\/wp-json\/wp\/v2\/users\/1"}],"replies":[{"embeddable":true,"href":"https:\/\/hoyre.no\/kragero\/wp-json\/wp\/v2\/comments?post=3"}],"version-history":[{"count":25,"href":"https:\/\/hoyre.no\/kragero\/wp-json\/wp\/v2\/pages\/3\/revisions"}],"predecessor-version":[{"id":246,"href":"https:\/\/hoyre.no\/kragero\/wp-json\/wp\/v2\/pages\/3\/revisions\/246"}],"wp:attachment":[{"href":"https:\/\/hoyre.no\/kragero\/wp-json\/wp\/v2\/media?parent=3"}],"curies":[{"name":"wp","href":"https:\/\/api.w.org\/{rel}","templated":true}]}}