{"id":337,"date":"2022-08-11T12:06:34","date_gmt":"2022-08-11T10:06:34","guid":{"rendered":"https:\/\/hoyre.no\/kristiansand\/?page_id=337"},"modified":"2025-10-14T15:34:36","modified_gmt":"2025-10-14T13:34:36","slug":"mathias-bernander-ordforeren-i-kristiansand","status":"publish","type":"page","link":"https:\/\/hoyre.no\/kristiansand\/mathias-bernander-ordforeren-i-kristiansand\/","title":{"rendered":"Mathias Bernander &#8211; Ordf\u00f8reren i Kristiansand"},"content":{"rendered":"\n<div class=\"wp-block-hoyre-hero with-image-gradient text-color-light  has-media alignfull has-background\"><div class=\"hoyre-hero has-image\"><h1 class=\"title\">Bli kjent med Mathias<\/h1><p class=\"preamble\">Kristiansands ordf\u00f8rer<\/p>\t\t\t<div class=\"post-meta wp-block teft-byline-wrapper\">\n\t\t\t\t<div class=\"top\">\n\t\t\t\t\t<div class=\"signature\">\n\t\t\t\t\t\t<div class=\"teft-byline\">\n\t\t\t\t\t\t\t\t\t\t\t\t\t\t<div>\n\t\t\t\t\t\t\t\t<h3>H\u00f8yres redaksjon<\/h3>\t\t\t\t\t\t\t\t\n\t\t\t\t\t\t\t\t\t\t\t\t\t\t\t\t\t<span class=\"date\">Sist oppdatert: 14. oktober 2025<\/span>\n\t\t\t\t\t\t\t\t\t\t\t\t\t\t\t\t\t\t\t\t\t\t\t\t\t<span class=\"reading-time\" itemprop=\"timeRequired\" content=\"PT4M\"><em>Ca. 4 minutter lesetid<\/em><\/span>\n\t\t\t\t\t\t\t\t\t\t\t\t\t\t\t<\/div>\n\t\t\t\t\t\t<\/div>\n\t\t\t\t\t<\/div>\n\t\t\t\t\t\t<div class=\"sharing\">\n\t\t<a class=\"share-button share-link copy-link\" data-copy=\"https:\/\/hoyre.no\/kristiansand\/mathias-bernander-ordforeren-i-kristiansand\/\" target=\"_blank\"><span class=\"screen-reader-text\">Del link<\/span><\/a>\n\t\t<a class=\"share-button share-twitter\" href=\"http:\/\/twitter.com\/share?text=Mathias Bernander &#8211; Ordf\u00f8reren i Kristiansand&#038;url=https:\/\/hoyre.no\/kristiansand\/mathias-bernander-ordforeren-i-kristiansand\/&#038;hashtags=Hoyre\" target=\"_blank\"><span class=\"screen-reader-text\">Del p\u00e5 twitter<\/span><\/a>\n\t\t<a class=\"share-button share-facebook\" href=\"https:\/\/www.facebook.com\/sharer\/sharer.php?u=https:\/\/hoyre.no\/kristiansand\/mathias-bernander-ordforeren-i-kristiansand\/\" target=\"_blank\"><span class=\"screen-reader-text\">Del p\u00e5 facebook<\/span><\/a>\n\t<\/div>\n\t\t\t\t\t<\/div>\n\t\t\t<\/div>\n\n\t\t\t<figure class=\"hoyre-image-wrapper\"><div class=\"hoyre-image\"><img loading=\"lazy\" decoding=\"async\" width=\"1877\" height=\"2500\" src=\"https:\/\/hoyre.no\/content\/uploads\/sites\/28\/2023\/05\/Foto-Mona-Hauglid-4557-scaled.jpg\" class=\"attachment-scaled size-scaled\" alt=\"\" style=\"object-position: 48% 16%\" srcset=\"https:\/\/hoyre.no\/content\/uploads\/sites\/28\/2023\/05\/Foto-Mona-Hauglid-4557-scaled.jpg 1877w, https:\/\/hoyre.no\/content\/uploads\/sites\/28\/2023\/05\/Foto-Mona-Hauglid-4557-225x300.jpg 225w, https:\/\/hoyre.no\/content\/uploads\/sites\/28\/2023\/05\/Foto-Mona-Hauglid-4557-769x1024.jpg 769w, https:\/\/hoyre.no\/content\/uploads\/sites\/28\/2023\/05\/Foto-Mona-Hauglid-4557-768x1023.jpg 768w, https:\/\/hoyre.no\/content\/uploads\/sites\/28\/2023\/05\/Foto-Mona-Hauglid-4557-1153x1536.jpg 1153w, https:\/\/hoyre.no\/content\/uploads\/sites\/28\/2023\/05\/Foto-Mona-Hauglid-4557-1537x2048.jpg 1537w\" sizes=\"auto, (max-width: 1877px) 100vw, 1877px\" \/><\/div><\/figure><\/div><\/div>\n\n\n\n\n<div class=\"wp-block-buttons alignwide is-horizontal is-content-justification-center is-layout-flex wp-container-core-buttons-is-layout-499968f5 wp-block-buttons-is-layout-flex\">\n<div class=\"wp-block-button\"><a class=\"wp-block-button__link wp-element-button\" href=\"https:\/\/hoyre.no\/nyhetsbrev\/\">abonner p\u00e5 h\u00f8yres nyhetsbrev<\/a><\/div>\n\n\n\n<div class=\"wp-block-button\"><a class=\"wp-block-button__link wp-element-button\" href=\"https:\/\/www.facebook.com\/mbernander\">F\u00d8LG MATHIAS P\u00c5 FACEBOOK<\/a><\/div>\n\n\n\n<div class=\"wp-block-button\"><a class=\"wp-block-button__link wp-element-button\" href=\"https:\/\/www.facebook.com\/krshoyre\">F\u00d8LG KRISTIANSAND H\u00d8YRE P\u00c5 FACEBOOK<\/a><\/div>\n<\/div>\n\n\n\n<div class=\"wp-block-hoyre-banner undefined has-icon-title icon-heart is-style-blue\"><div class=\"banner-inner\"><div class=\"banner-content\"><div class=\"entry-content\">\n<h2 class=\"wp-block-heading has-text-align-center\">Bli bedre kjent med Mathias!<\/h2>\n\n\n\n<p class=\"has-text-align-left\"><strong>Alder:<\/strong> 36 \u00e5r<\/p>\n\n\n\n<p class=\"has-text-align-left\"><strong>Bosted:<\/strong> S\u00f8m<\/p>\n\n\n\n<p class=\"has-text-align-left\"><strong>Sivilstatus:<\/strong>&nbsp;Gift med Camilla, to barn. Mathilde Lovise og Casper.<\/p>\n\n\n\n<p class=\"has-text-align-left\"><strong>Jobberfaring:<\/strong> Markedssjef i Kristiansand Havn.<\/p>\n\n\n\n<p class=\"has-text-align-left\"><strong>Bakgrunn:<\/strong> Oppvokst i Tveit. Har studert p\u00e5 UiA og i utlandet, med senere jobberfaring fra b\u00e5de inn- og utland.<\/p>\n\n\n\n<p class=\"has-text-align-left\"><strong>Politisk erfaring:<\/strong>&nbsp;Fylkestingsrepresentant fra 2015, tidligere vararepresentant til Stortinget og politisk nestleder i Kristiansand H\u00f8yre.<\/p>\n\n\n\n<p class=\"has-text-align-left\"><strong>Hvorfor er H\u00f8yre rett parti for deg?<\/strong> Fordi H\u00f8yre er det partiet som setter enkeltmenneske og den enkelte familie f\u00f8rst&nbsp;<\/p>\n\n\n\n<p class=\"has-text-align-left\"><strong>Det er l\u00f8rdag, klokka n\u00e6rmer seg 19.00. Hva spiser du helst til middag?<\/strong> Pizza<\/p>\n\n\n\n<p class=\"has-text-align-left\"><strong>Konsert eller idrettsarrangement?<\/strong> Idrettsarrangement, aller helst Start-kamp<\/p>\n\n\n\n<p class=\"has-text-align-left\"><strong>Hvis du skulle valgt en, hva er din favorittartist?<\/strong> M\u00e5 velge to, Michael Jackson og 2Pac<\/p>\n\n\n\n<p class=\"has-text-align-left\"><strong>Funfact?<\/strong> Jeg har v\u00e6rt aktiv fotballspiller i tredje divisjon<\/p>\n\n\n\n<p class=\"has-text-align-left\"><strong>Hva er din favorittplass i Kristiansand og utenfor Kristiansand?<\/strong> Hamresanden og Skagen<\/p>\n\n\n\n<div class=\"wp-block-buttons is-layout-flex wp-block-buttons-is-layout-flex\"><\/div>\n<\/div><\/div><\/div><\/div>\n\n\n\n<figure class=\"wp-block-embed is-type-video is-provider-youtube wp-block-embed-youtube wp-embed-aspect-16-9 wp-has-aspect-ratio\"><div class=\"wp-block-embed__wrapper\">\n<iframe loading=\"lazy\" title=\"Hvem er du? Med Mathias Bernander\" width=\"500\" height=\"281\" src=\"https:\/\/www.youtube.com\/embed\/iTsp3EClarI?feature=oembed\" frameborder=\"0\" allow=\"accelerometer; autoplay; clipboard-write; encrypted-media; gyroscope; picture-in-picture; web-share\" referrerpolicy=\"strict-origin-when-cross-origin\" allowfullscreen><\/iframe>\n<\/div><\/figure>\n\n\n\n<div class=\"wp-block-teft-accentuated-link undefined has-image\"><div class=\"kf-link__wrapper\"><div class=\"kf-link__tagline\"><\/div><a class=\"kf-link__link\" href=\"https:\/\/hoyre.no\/personprofiler\/mathias-bernander\/\" rel=\"noreferrer noopener\" target=\"_blank\">Kom i kontakt med Mathias Bernander<span class=\"kf-link__link-source\">hoyre.no<\/span><\/a><\/div><figure class=\"hoyre-image-wrapper\"><div class=\"hoyre-image\"><img loading=\"lazy\" decoding=\"async\" width=\"1980\" height=\"1485\" src=\"https:\/\/hoyre.no\/content\/uploads\/sites\/28\/2022\/05\/Mathias-Bernander-Foto_Mona_Hauglid.jpg\" class=\"attachment-scaled size-scaled\" alt=\"\" style=\"object-position: 46% 31%\" srcset=\"https:\/\/hoyre.no\/content\/uploads\/sites\/28\/2022\/05\/Mathias-Bernander-Foto_Mona_Hauglid.jpg 1980w, https:\/\/hoyre.no\/content\/uploads\/sites\/28\/2022\/05\/Mathias-Bernander-Foto_Mona_Hauglid-300x225.jpg 300w, https:\/\/hoyre.no\/content\/uploads\/sites\/28\/2022\/05\/Mathias-Bernander-Foto_Mona_Hauglid-1024x768.jpg 1024w, https:\/\/hoyre.no\/content\/uploads\/sites\/28\/2022\/05\/Mathias-Bernander-Foto_Mona_Hauglid-768x576.jpg 768w, https:\/\/hoyre.no\/content\/uploads\/sites\/28\/2022\/05\/Mathias-Bernander-Foto_Mona_Hauglid-1536x1152.jpg 1536w\" sizes=\"auto, (max-width: 1980px) 100vw, 1980px\" \/><\/div><\/figure><\/div>\n\n\n\n<figure class=\"wp-block-teft-gallery columns-3 count-3 rows-2 is-cropped\"><ul class=\"teft-gallery-grid\"><li class=\"teft-gallery-item \"><figure><a href=\"https:\/\/hoyre.no\/content\/uploads\/sites\/28\/2023\/08\/Erna-Solberg-pa\u030a-sorostlandet-foto-Hans-Kristian-Thorbjornsen-5287-scaled.jpg\" data-size=\"2500x1667\"><img loading=\"lazy\" decoding=\"async\" width=\"1024\" height=\"683\" src=\"https:\/\/hoyre.no\/content\/uploads\/sites\/28\/2023\/08\/Erna-Solberg-pa\u030a-sorostlandet-foto-Hans-Kristian-Thorbjornsen-5287-1024x683.jpg\" class=\"attachment-large size-large\" alt=\"\" srcset=\"https:\/\/hoyre.no\/content\/uploads\/sites\/28\/2023\/08\/Erna-Solberg-pa\u030a-sorostlandet-foto-Hans-Kristian-Thorbjornsen-5287-1024x683.jpg 1024w, https:\/\/hoyre.no\/content\/uploads\/sites\/28\/2023\/08\/Erna-Solberg-pa\u030a-sorostlandet-foto-Hans-Kristian-Thorbjornsen-5287-300x200.jpg 300w, https:\/\/hoyre.no\/content\/uploads\/sites\/28\/2023\/08\/Erna-Solberg-pa\u030a-sorostlandet-foto-Hans-Kristian-Thorbjornsen-5287-768x512.jpg 768w, https:\/\/hoyre.no\/content\/uploads\/sites\/28\/2023\/08\/Erna-Solberg-pa\u030a-sorostlandet-foto-Hans-Kristian-Thorbjornsen-5287-1536x1024.jpg 1536w, https:\/\/hoyre.no\/content\/uploads\/sites\/28\/2023\/08\/Erna-Solberg-pa\u030a-sorostlandet-foto-Hans-Kristian-Thorbjornsen-5287-2048x1365.jpg 2048w\" sizes=\"auto, (max-width: 1024px) 100vw, 1024px\" \/ data-full-url=\"https:\/\/hoyre.no\/content\/uploads\/sites\/28\/2023\/08\/Erna-Solberg-pa\u030a-sorostlandet-foto-Hans-Kristian-Thorbjornsen-5287-scaled.jpg\" data-id=\"886\" data-caption=\"886\"\/><\/a><\/figure><\/li><li class=\"teft-gallery-item \"><figure><a href=\"https:\/\/hoyre.no\/content\/uploads\/sites\/28\/2022\/08\/SViKasU4-1-scaled.jpeg\" data-size=\"2500x1950\"><img loading=\"lazy\" decoding=\"async\" width=\"1024\" height=\"799\" src=\"https:\/\/hoyre.no\/content\/uploads\/sites\/28\/2022\/08\/SViKasU4-1-1024x799.jpeg\" class=\"attachment-large size-large\" alt=\"\" srcset=\"https:\/\/hoyre.no\/content\/uploads\/sites\/28\/2022\/08\/SViKasU4-1-1024x799.jpeg 1024w, https:\/\/hoyre.no\/content\/uploads\/sites\/28\/2022\/08\/SViKasU4-1-300x234.jpeg 300w, https:\/\/hoyre.no\/content\/uploads\/sites\/28\/2022\/08\/SViKasU4-1-768x599.jpeg 768w, https:\/\/hoyre.no\/content\/uploads\/sites\/28\/2022\/08\/SViKasU4-1-1536x1198.jpeg 1536w, https:\/\/hoyre.no\/content\/uploads\/sites\/28\/2022\/08\/SViKasU4-1-2048x1597.jpeg 2048w\" sizes=\"auto, (max-width: 1024px) 100vw, 1024px\" \/ data-full-url=\"https:\/\/hoyre.no\/content\/uploads\/sites\/28\/2022\/08\/SViKasU4-1-scaled.jpeg\" data-id=\"363\" data-caption=\"363\"\/><\/a><\/figure><\/li><li class=\"teft-gallery-item \"><figure><a href=\"https:\/\/hoyre.no\/content\/uploads\/sites\/28\/2023\/08\/Erna-Solberg-pa\u030a-sorostlandet-foto-Hans-Kristian-Thorbjornsen-4681-scaled.jpg\" data-size=\"2500x1666\"><img loading=\"lazy\" decoding=\"async\" width=\"1024\" height=\"683\" src=\"https:\/\/hoyre.no\/content\/uploads\/sites\/28\/2023\/08\/Erna-Solberg-pa\u030a-sorostlandet-foto-Hans-Kristian-Thorbjornsen-4681-1024x683.jpg\" class=\"attachment-large size-large\" alt=\"\" srcset=\"https:\/\/hoyre.no\/content\/uploads\/sites\/28\/2023\/08\/Erna-Solberg-pa\u030a-sorostlandet-foto-Hans-Kristian-Thorbjornsen-4681-1024x683.jpg 1024w, https:\/\/hoyre.no\/content\/uploads\/sites\/28\/2023\/08\/Erna-Solberg-pa\u030a-sorostlandet-foto-Hans-Kristian-Thorbjornsen-4681-300x200.jpg 300w, https:\/\/hoyre.no\/content\/uploads\/sites\/28\/2023\/08\/Erna-Solberg-pa\u030a-sorostlandet-foto-Hans-Kristian-Thorbjornsen-4681-768x512.jpg 768w, https:\/\/hoyre.no\/content\/uploads\/sites\/28\/2023\/08\/Erna-Solberg-pa\u030a-sorostlandet-foto-Hans-Kristian-Thorbjornsen-4681-1536x1024.jpg 1536w, https:\/\/hoyre.no\/content\/uploads\/sites\/28\/2023\/08\/Erna-Solberg-pa\u030a-sorostlandet-foto-Hans-Kristian-Thorbjornsen-4681-2048x1365.jpg 2048w\" sizes=\"auto, (max-width: 1024px) 100vw, 1024px\" \/ data-full-url=\"https:\/\/hoyre.no\/content\/uploads\/sites\/28\/2023\/08\/Erna-Solberg-pa\u030a-sorostlandet-foto-Hans-Kristian-Thorbjornsen-4681-scaled.jpg\" data-id=\"888\" data-caption=\"888\"\/><\/a><\/figure><\/li><\/ul><\/figure>\n\n\n\n<h2 class=\"wp-block-heading has-text-align-center\">Mathias sin hjertesak<\/h2>\n\n\n\n<p><strong>Kristiansand &#8211; Norges mest attraktive kommune \u00e5 bo i<\/strong><\/p>\n\n\n\n<p>Min visjon for Kristiansand er enkel, men ambisi\u00f8s. Vi skal bli Norges mest attraktive kommune \u00e5 bo i. Men da m\u00e5 vi ta grep om de st\u00f8rste utfordringene v\u00e5re. <\/p>\n\n\n\n<p>I dag er altfor mange som faller utenfor i Kristiansand. Det er vondt \u00e5 h\u00f8re historier om barn som ikke f\u00e5r delta p\u00e5 fritidsaktivitet fordi \u00f8konomien ikke strekker til. Skal vi lykkes med \u00e5 f\u00e5 endret dette m\u00e5 vi styrke samarbeidet mellom kommunen og frivilligheten, lag og foreninger. Vi m\u00e5 la ideelle akt\u00f8rer som Hopeful f\u00e5 st\u00f8rre spillerom, og vi m\u00e5 ta grep i den vanskelige overgangen mellom ungdomsskole og videreg\u00e5ende skole.<\/p>\n\n\n\n<p>Videre m\u00e5 vi sikre at det er arbeidsplasser \u00e5 s\u00f8ke seg til n\u00e5r ungdommen v\u00e5r skal ut i yrkeslivet. Kristiansand og Agder er bygd opp rundt industri. Vi m\u00e5 v\u00e6re stolt av det, og fortsette \u00e5 legge til rette for at den kan utvikle seg hos oss.<\/p>\n\n\n\n<p>Om vi lykkes med satsingen p\u00e5 v\u00e5re ungdommer s\u00e5 lykkes vi ogs\u00e5 med satsingen p\u00e5 v\u00e5r industri. I kombinasjon med \u00e5 regulere inn tilstrekkelig med gode n\u00e6ringsareal legger vi til rette for at n\u00e6ringen selv kan utvikle seg og skape nye ideer og produkter. Det vil igjen generere arbeidsplasser, verdier og vekst i Kristiansand. Og vi tar et viktig steg mot \u00e5 bli Norges mest attraktive kommune.<\/p>\n\n\n\n<div class=\"wp-block-hoyre-banner alignwide undefined  is-style-blue\"><div class=\"banner-inner\"><figure class=\"hoyre-image-wrapper\"><div class=\"hoyre-image\"><img loading=\"lazy\" decoding=\"async\" width=\"1876\" height=\"2500\" src=\"https:\/\/hoyre.no\/content\/uploads\/sites\/28\/2023\/05\/Foto-Mona-Hauglid-4559-scaled.jpg\" class=\"attachment-scaled size-scaled\" alt=\"\" style=\"object-position: 50% 8%\" srcset=\"https:\/\/hoyre.no\/content\/uploads\/sites\/28\/2023\/05\/Foto-Mona-Hauglid-4559-scaled.jpg 1876w, https:\/\/hoyre.no\/content\/uploads\/sites\/28\/2023\/05\/Foto-Mona-Hauglid-4559-225x300.jpg 225w, https:\/\/hoyre.no\/content\/uploads\/sites\/28\/2023\/05\/Foto-Mona-Hauglid-4559-769x1024.jpg 769w, https:\/\/hoyre.no\/content\/uploads\/sites\/28\/2023\/05\/Foto-Mona-Hauglid-4559-768x1023.jpg 768w, https:\/\/hoyre.no\/content\/uploads\/sites\/28\/2023\/05\/Foto-Mona-Hauglid-4559-1153x1536.jpg 1153w, https:\/\/hoyre.no\/content\/uploads\/sites\/28\/2023\/05\/Foto-Mona-Hauglid-4559-1537x2048.jpg 1537w\" sizes=\"auto, (max-width: 1876px) 100vw, 1876px\" \/><\/div><\/figure><div class=\"banner-content\"><div class=\"entry-content\">\n<h3 class=\"wp-block-heading\" id=\"h-kom-i-kontakt-med-mathias\">Kom i kontakt med Mathias<\/h3>\n\n\n\n<ul class=\"wp-block-list\">\n<li>For pressehenvendelser, ta kontakt med politisk r\u00e5dgiver Oda Oline Omdal ved Ordf\u00f8rerens kontor.<\/li>\n\n\n\n<li>E-post: <a href=\"mailto:Oda.Oline.Omdal@kristiansand.kommune.no\">Oda.Oline.Omdal@kristiansand.kommune.no<\/a><\/li>\n\n\n\n<li>Mobil: <a href=\"tel:92929899\">(+47) 929 29 899<\/a><\/li>\n<\/ul>\n\n\n\n<div class=\"wp-block-buttons is-layout-flex wp-block-buttons-is-layout-flex\">\n<div class=\"wp-block-button\"><a class=\"wp-block-button__link wp-element-button\" href=\"https:\/\/www.facebook.com\/mbernander\" target=\"_blank\" rel=\"noreferrer noopener\">F\u00d8LG Mathias P\u00c5 FACEBOOK<\/a><\/div>\n\n\n\n<div class=\"wp-block-button\"><a class=\"wp-block-button__link wp-element-button\" href=\"https:\/\/www.linkedin.com\/in\/mathias-bernander-1ab53965\/\" target=\"_blank\" rel=\"noreferrer noopener\">F\u00d8LG Mathias P\u00c5 LinkedIn<\/a><\/div>\n<\/div>\n<\/div><\/div><\/div><\/div>\n\n","protected":false},"excerpt":{"rendered":"","protected":false},"author":31684,"featured_media":0,"parent":0,"menu_order":0,"comment_status":"closed","ping_status":"closed","template":"","meta":{"teft_cards_image_url":"","teft_cards_custom_pretitle":"","teft_cards_image_id":886,"teft_cards_image_focal_point_x":0.66,"teft_cards_image_focal_point_y":0.5,"teft_cards_title":"","teft_cards_excerpt":"","teft_show_chapters":false,"footnotes":""},"class_list":["post-337","page","type-page","status-publish","hentry"],"yoast_head":"<!-- This site is optimized with the Yoast SEO plugin v26.6 - https:\/\/yoast.com\/wordpress\/plugins\/seo\/ -->\n<title>Mathias Bernander - Ordf\u00f8reren i Kristiansand - Kristiansand H\u00f8yre<\/title>\n<meta name=\"description\" content=\"Mathias Bernander er H\u00f8yres ordf\u00f8rerkandidat i Kristiansand. Her kan du bli bedre kjent med Mathias og hans hjertesaker!\" \/>\n<meta name=\"robots\" content=\"index, follow, max-snippet:-1, max-image-preview:large, max-video-preview:-1\" \/>\n<link rel=\"canonical\" href=\"https:\/\/hoyre.no\/kristiansand\/mathias-bernander-ordforeren-i-kristiansand\/\" \/>\n<meta property=\"og:locale\" content=\"nb_NO\" \/>\n<meta property=\"og:type\" content=\"article\" \/>\n<meta property=\"og:title\" content=\"Mathias Bernander - v\u00e5r ordf\u00f8rerkandidat\" \/>\n<meta property=\"og:description\" content=\"Mathias Bernander er H\u00f8yres ordf\u00f8rerkandidat i Kristiansand. Her kan du bli bedre kjent med Mathias og hans hjertesaker!\" \/>\n<meta property=\"og:url\" content=\"https:\/\/hoyre.no\/kristiansand\/mathias-bernander-ordforeren-i-kristiansand\/\" \/>\n<meta property=\"og:site_name\" content=\"Kristiansand H\u00f8yre\" \/>\n<meta property=\"article:modified_time\" content=\"2025-10-14T13:34:36+00:00\" \/>\n<meta property=\"og:image\" content=\"https:\/\/hoyre.no\/content\/uploads\/sites\/28\/2023\/05\/Foto-Mona-Hauglid-4607-scaled.jpg\" \/>\n\t<meta property=\"og:image:width\" content=\"2500\" \/>\n\t<meta property=\"og:image:height\" content=\"1875\" \/>\n\t<meta property=\"og:image:type\" content=\"image\/jpeg\" \/>\n<meta name=\"twitter:card\" content=\"summary_large_image\" \/>\n<meta name=\"twitter:image\" content=\"https:\/\/hoyre.no\/content\/uploads\/sites\/28\/2023\/05\/Foto-Mona-Hauglid-4607-scaled.jpg\" \/>\n<meta name=\"twitter:label1\" content=\"Ansl. lesetid\" \/>\n\t<meta name=\"twitter:data1\" content=\"3 minutter\" \/>\n<script type=\"application\/ld+json\" class=\"yoast-schema-graph\">{\"@context\":\"https:\/\/schema.org\",\"@graph\":[{\"@type\":\"WebPage\",\"@id\":\"https:\/\/hoyre.no\/kristiansand\/mathias-bernander-ordforeren-i-kristiansand\/\",\"url\":\"https:\/\/hoyre.no\/kristiansand\/mathias-bernander-ordforeren-i-kristiansand\/\",\"name\":\"Mathias Bernander - Ordf\u00f8reren i Kristiansand - Kristiansand H\u00f8yre\",\"isPartOf\":{\"@id\":\"https:\/\/hoyre.no\/kristiansand\/#website\"},\"datePublished\":\"2022-08-11T10:06:34+00:00\",\"dateModified\":\"2025-10-14T13:34:36+00:00\",\"description\":\"Mathias Bernander er H\u00f8yres ordf\u00f8rerkandidat i Kristiansand. Her kan du bli bedre kjent med Mathias og hans hjertesaker!\",\"breadcrumb\":{\"@id\":\"https:\/\/hoyre.no\/kristiansand\/mathias-bernander-ordforeren-i-kristiansand\/#breadcrumb\"},\"inLanguage\":\"nb-NO\",\"potentialAction\":[{\"@type\":\"ReadAction\",\"target\":[\"https:\/\/hoyre.no\/kristiansand\/mathias-bernander-ordforeren-i-kristiansand\/\"]}]},{\"@type\":\"BreadcrumbList\",\"@id\":\"https:\/\/hoyre.no\/kristiansand\/mathias-bernander-ordforeren-i-kristiansand\/#breadcrumb\",\"itemListElement\":[{\"@type\":\"ListItem\",\"position\":1,\"name\":\"Til hoyre.no\",\"item\":\"https:\/\/hoyre.no\"},{\"@type\":\"ListItem\",\"position\":2,\"name\":\"Hjem\",\"item\":\"https:\/\/hoyre.no\/kristiansand\/\"},{\"@type\":\"ListItem\",\"position\":3,\"name\":\"Mathias Bernander &#8211; Ordf\u00f8reren i Kristiansand\"}]},{\"@type\":\"WebSite\",\"@id\":\"https:\/\/hoyre.no\/kristiansand\/#website\",\"url\":\"https:\/\/hoyre.no\/kristiansand\/\",\"name\":\"Kristiansand H\u00f8yre\",\"description\":\"Bare enda et H\u00f8yres nettsteder-nettsted\",\"inLanguage\":\"nb-NO\"}]}<\/script>\n<!-- \/ Yoast SEO plugin. -->","yoast_head_json":{"title":"Mathias Bernander - Ordf\u00f8reren i Kristiansand - Kristiansand H\u00f8yre","description":"Mathias Bernander er H\u00f8yres ordf\u00f8rerkandidat i Kristiansand. Her kan du bli bedre kjent med Mathias og hans hjertesaker!","robots":{"index":"index","follow":"follow","max-snippet":"max-snippet:-1","max-image-preview":"max-image-preview:large","max-video-preview":"max-video-preview:-1"},"canonical":"https:\/\/hoyre.no\/kristiansand\/mathias-bernander-ordforeren-i-kristiansand\/","og_locale":"nb_NO","og_type":"article","og_title":"Mathias Bernander - v\u00e5r ordf\u00f8rerkandidat","og_description":"Mathias Bernander er H\u00f8yres ordf\u00f8rerkandidat i Kristiansand. Her kan du bli bedre kjent med Mathias og hans hjertesaker!","og_url":"https:\/\/hoyre.no\/kristiansand\/mathias-bernander-ordforeren-i-kristiansand\/","og_site_name":"Kristiansand H\u00f8yre","article_modified_time":"2025-10-14T13:34:36+00:00","og_image":[{"width":2500,"height":1875,"url":"https:\/\/hoyre.no\/content\/uploads\/sites\/28\/2023\/05\/Foto-Mona-Hauglid-4607-scaled.jpg","type":"image\/jpeg"}],"twitter_card":"summary_large_image","twitter_image":"https:\/\/hoyre.no\/content\/uploads\/sites\/28\/2023\/05\/Foto-Mona-Hauglid-4607-scaled.jpg","twitter_misc":{"Ansl. lesetid":"3 minutter"},"schema":{"@context":"https:\/\/schema.org","@graph":[{"@type":"WebPage","@id":"https:\/\/hoyre.no\/kristiansand\/mathias-bernander-ordforeren-i-kristiansand\/","url":"https:\/\/hoyre.no\/kristiansand\/mathias-bernander-ordforeren-i-kristiansand\/","name":"Mathias Bernander - Ordf\u00f8reren i Kristiansand - Kristiansand H\u00f8yre","isPartOf":{"@id":"https:\/\/hoyre.no\/kristiansand\/#website"},"datePublished":"2022-08-11T10:06:34+00:00","dateModified":"2025-10-14T13:34:36+00:00","description":"Mathias Bernander er H\u00f8yres ordf\u00f8rerkandidat i Kristiansand. Her kan du bli bedre kjent med Mathias og hans hjertesaker!","breadcrumb":{"@id":"https:\/\/hoyre.no\/kristiansand\/mathias-bernander-ordforeren-i-kristiansand\/#breadcrumb"},"inLanguage":"nb-NO","potentialAction":[{"@type":"ReadAction","target":["https:\/\/hoyre.no\/kristiansand\/mathias-bernander-ordforeren-i-kristiansand\/"]}]},{"@type":"BreadcrumbList","@id":"https:\/\/hoyre.no\/kristiansand\/mathias-bernander-ordforeren-i-kristiansand\/#breadcrumb","itemListElement":[{"@type":"ListItem","position":1,"name":"Til hoyre.no","item":"https:\/\/hoyre.no"},{"@type":"ListItem","position":2,"name":"Hjem","item":"https:\/\/hoyre.no\/kristiansand\/"},{"@type":"ListItem","position":3,"name":"Mathias Bernander &#8211; Ordf\u00f8reren i Kristiansand"}]},{"@type":"WebSite","@id":"https:\/\/hoyre.no\/kristiansand\/#website","url":"https:\/\/hoyre.no\/kristiansand\/","name":"Kristiansand H\u00f8yre","description":"Bare enda et H\u00f8yres nettsteder-nettsted","inLanguage":"nb-NO"}]}},"distributor_meta":false,"distributor_terms":false,"distributor_media":false,"distributor_original_site_name":"Kristiansand H\u00f8yre","distributor_original_site_url":"https:\/\/hoyre.no\/kristiansand","push-errors":false,"_links":{"self":[{"href":"https:\/\/hoyre.no\/kristiansand\/wp-json\/wp\/v2\/pages\/337","targetHints":{"allow":["GET"]}}],"collection":[{"href":"https:\/\/hoyre.no\/kristiansand\/wp-json\/wp\/v2\/pages"}],"about":[{"href":"https:\/\/hoyre.no\/kristiansand\/wp-json\/wp\/v2\/types\/page"}],"author":[{"embeddable":true,"href":"https:\/\/hoyre.no\/kristiansand\/wp-json\/wp\/v2\/users\/31684"}],"replies":[{"embeddable":true,"href":"https:\/\/hoyre.no\/kristiansand\/wp-json\/wp\/v2\/comments?post=337"}],"version-history":[{"count":48,"href":"https:\/\/hoyre.no\/kristiansand\/wp-json\/wp\/v2\/pages\/337\/revisions"}],"predecessor-version":[{"id":1085,"href":"https:\/\/hoyre.no\/kristiansand\/wp-json\/wp\/v2\/pages\/337\/revisions\/1085"}],"wp:attachment":[{"href":"https:\/\/hoyre.no\/kristiansand\/wp-json\/wp\/v2\/media?parent=337"}],"curies":[{"name":"wp","href":"https:\/\/api.w.org\/{rel}","templated":true}]}}