{"id":672,"date":"2023-05-02T12:43:59","date_gmt":"2023-05-02T10:43:59","guid":{"rendered":"https:\/\/hoyre.no\/kristiansand\/?page_id=672"},"modified":"2025-10-06T19:34:48","modified_gmt":"2025-10-06T17:34:48","slug":"politikk","status":"publish","type":"page","link":"https:\/\/hoyre.no\/kristiansand\/politikk\/","title":{"rendered":"Politikk"},"content":{"rendered":"\n<div class=\"wp-block-hoyre-hero with-image-gradient text-color-light  alignfull has-background\"><div class=\"hoyre-hero \"><h1 class=\"title\">Politikk<\/h1><p class=\"preamble\">Etter fire \u00e5r med politisk kaos trenger vi trygg, stabil styring i Kristiansand. H\u00f8yre er garantisten for det. Vi vil mer for Kristiansand. Vi vil gj\u00f8re Kristiansand til Norges mest attraktive kommune!<\/p><\/div><\/div>\n\n\n\n\n\t\t<div class=\"has-lightest-blue-background-color is-layout-left alignwide alignwide wp-block-hoyre-media-text\">\n\t\t\t<div class=\"hoyre-media-text__media\">\n\t\t\t\t<img loading=\"lazy\" decoding=\"async\" width=\"1024\" height=\"358\" src=\"https:\/\/hoyre.no\/content\/uploads\/sites\/28\/2022\/12\/GettyImages-1279511651-1024x358.jpg\" class=\"hoyre-media-text__media-image\" alt=\"\" style=\"--focal: 45% 48%;\" srcset=\"https:\/\/hoyre.no\/content\/uploads\/sites\/28\/2022\/12\/GettyImages-1279511651-1024x358.jpg 1024w, https:\/\/hoyre.no\/content\/uploads\/sites\/28\/2022\/12\/GettyImages-1279511651-300x105.jpg 300w, https:\/\/hoyre.no\/content\/uploads\/sites\/28\/2022\/12\/GettyImages-1279511651-768x268.jpg 768w, https:\/\/hoyre.no\/content\/uploads\/sites\/28\/2022\/12\/GettyImages-1279511651-1536x536.jpg 1536w, https:\/\/hoyre.no\/content\/uploads\/sites\/28\/2022\/12\/GettyImages-1279511651-2048x715.jpg 2048w\" sizes=\"auto, (max-width: 1024px) 100vw, 1024px\" \/>\n\t\t\t<\/div>\n\t\t\t<div class=\"hoyre-media-text__content\">\n\t\t\t\t<div class=\"hoyre-media-text__content-inner\">\n\t\t\t\t\t\n\t\t\t<div class=\"hoyre-media-text__title-container\">\n\t\t\t\t\n\t\t\t\t<h2 class=\"hoyre-media-text__title\">\u00c5tte gode grunner til \u00e5 stemme H\u00f8yre i Kristiansand<\/h2>\n\t\t\t<\/div>\n\t\t\t\n\t\t\t\t\t<div class=\"hoyre-media-text__blocks\">\n<p>Etter fire \u00e5r med politisk kaos trenger vi trygg, stabil styring i Kristiansand. H\u00f8yre er garantisten for det. Vi vil mer for Kristiansand. Vi vil gj\u00f8re Kristiansand til Norges mest attraktive kommune!<\/p>\n<\/div>\n\t\t\t\t\t\n\t\t\t<div class=\"hoyre-media-text__buttons\">\n\t\t\t\t<a class=\"button\" href=\"https:\/\/hoyre.no\/kristiansand\/atte-gode-grunner-til-a-stemme-hoyre\/\">Les mer<\/a>\n\t\t\t<\/div>\n\t\t\t\n\t\t\t\t<\/div>\n\t\t\t<\/div>\n\t\t<\/div>\n\t\t\n\n\n\n<h2 class=\"wp-block-heading\">Les programmet vi g\u00e5r til valg p\u00e5<\/h2>\n\n\n\n<p>Her kan du laste ned Kristiansand H\u00f8yres valgprogram for 2023 &#8211; 2027:<\/p>\n\n\n\n<div class=\"wp-block-teft-file icon-link-block\"><a href=\"https:\/\/hoyre.no\/content\/uploads\/sites\/28\/2023\/03\/Kristiansand-Hoyres-bystyrevalgprogram-2023-2027.pdf\" download><span class=\"file-title\">Kristiansand H\u00f8yres bystyrevalgprogram 2023-2027<\/span><span class=\"file-name\">Kristiansand-Hoyres-bystyrevalgprogram-2023-2027.pdf [48.6kb]<\/span><\/a><\/div>\n\n\n\n<p><\/p>\n\n\n\n<h2 class=\"wp-block-heading\">Les den politiske plattformen for flertallskoalisjonen i Kristiansand<\/h2>\n\n\n\n<p>Her kan du laste ned den politiske plattformen til flertallskoalisjonen best\u00e5ende av H\u00f8yre, Kristelig Folkeparti, Fremskrittspartiet, Venstre og Gr\u00f8nt for styringen av Kristiansand kommune:<\/p>\n\n\n\n<div class=\"wp-block-teft-file icon-link-block\"><a href=\"https:\/\/hoyre.no\/content\/uploads\/sites\/28\/2023\/10\/Politisk-plattform-2023-2027-H-KrF-FrP-V-Sp.pdf\" download><span class=\"file-title\">Politisk plattform 2023-2027 H-KrF-FrP-V-Sp<\/span><span class=\"file-name\">Politisk-plattform-2023-2027-H-KrF-FrP-V-Sp.pdf [453.5kb]<\/span><\/a><\/div>\n\n\n\n<p><\/p>\n","protected":false},"excerpt":{"rendered":"<p>Les programmet vi g\u00e5r til valg p\u00e5 Her kan du laste ned Kristiansand H\u00f8yres valgprogram for 2023 &#8211; 2027: Les den politiske plattformen for flertallskoalisjonen i Kristiansand Her kan du laste ned den politiske plattformen til flertallskoalisjonen best\u00e5ende av H\u00f8yre, Kristelig Folkeparti, Fremskrittspartiet, Venstre og Gr\u00f8nt for styringen av Kristiansand kommune:<\/p>\n","protected":false},"author":347,"featured_media":0,"parent":0,"menu_order":0,"comment_status":"closed","ping_status":"closed","template":"","meta":{"teft_cards_image_url":"","teft_cards_custom_pretitle":"","teft_cards_image_id":0,"teft_cards_image_focal_point_x":0,"teft_cards_image_focal_point_y":0,"teft_cards_title":"","teft_cards_excerpt":"","teft_show_chapters":false,"footnotes":""},"class_list":["post-672","page","type-page","status-publish","hentry"],"yoast_head":"<!-- This site is optimized with the Yoast SEO plugin v26.6 - https:\/\/yoast.com\/wordpress\/plugins\/seo\/ -->\n<title>Politikk - Kristiansand H\u00f8yre<\/title>\n<meta name=\"robots\" content=\"index, follow, max-snippet:-1, max-image-preview:large, max-video-preview:-1\" \/>\n<link rel=\"canonical\" href=\"https:\/\/hoyre.no\/kristiansand\/politikk\/\" \/>\n<meta property=\"og:locale\" content=\"nb_NO\" \/>\n<meta property=\"og:type\" content=\"article\" \/>\n<meta property=\"og:title\" content=\"Politikk - Kristiansand H\u00f8yre\" \/>\n<meta property=\"og:description\" content=\"Les programmet vi g\u00e5r til valg p\u00e5 Her kan du laste ned Kristiansand H\u00f8yres valgprogram for 2023 &#8211; 2027: Les den politiske plattformen for flertallskoalisjonen i Kristiansand Her kan du laste ned den politiske plattformen til flertallskoalisjonen best\u00e5ende av H\u00f8yre, Kristelig Folkeparti, Fremskrittspartiet, Venstre og Gr\u00f8nt for styringen av Kristiansand kommune:\" \/>\n<meta property=\"og:url\" content=\"https:\/\/hoyre.no\/kristiansand\/politikk\/\" \/>\n<meta property=\"og:site_name\" content=\"Kristiansand H\u00f8yre\" \/>\n<meta property=\"article:modified_time\" content=\"2025-10-06T17:34:48+00:00\" \/>\n<meta property=\"og:image\" content=\"https:\/\/hoyre.no\/content\/uploads\/sites\/28\/2022\/09\/Hoyre-logo-pa-nettsider.png\" \/>\n\t<meta property=\"og:image:width\" content=\"1000\" \/>\n\t<meta property=\"og:image:height\" content=\"1000\" \/>\n\t<meta property=\"og:image:type\" content=\"image\/png\" \/>\n<meta name=\"twitter:card\" content=\"summary_large_image\" \/>\n<meta name=\"twitter:label1\" content=\"Ansl. lesetid\" \/>\n\t<meta name=\"twitter:data1\" content=\"1 minutt\" \/>\n<script type=\"application\/ld+json\" class=\"yoast-schema-graph\">{\"@context\":\"https:\/\/schema.org\",\"@graph\":[{\"@type\":\"WebPage\",\"@id\":\"https:\/\/hoyre.no\/kristiansand\/politikk\/\",\"url\":\"https:\/\/hoyre.no\/kristiansand\/politikk\/\",\"name\":\"Politikk - Kristiansand H\u00f8yre\",\"isPartOf\":{\"@id\":\"https:\/\/hoyre.no\/kristiansand\/#website\"},\"datePublished\":\"2023-05-02T10:43:59+00:00\",\"dateModified\":\"2025-10-06T17:34:48+00:00\",\"breadcrumb\":{\"@id\":\"https:\/\/hoyre.no\/kristiansand\/politikk\/#breadcrumb\"},\"inLanguage\":\"nb-NO\",\"potentialAction\":[{\"@type\":\"ReadAction\",\"target\":[\"https:\/\/hoyre.no\/kristiansand\/politikk\/\"]}]},{\"@type\":\"BreadcrumbList\",\"@id\":\"https:\/\/hoyre.no\/kristiansand\/politikk\/#breadcrumb\",\"itemListElement\":[{\"@type\":\"ListItem\",\"position\":1,\"name\":\"Til hoyre.no\",\"item\":\"https:\/\/hoyre.no\"},{\"@type\":\"ListItem\",\"position\":2,\"name\":\"Hjem\",\"item\":\"https:\/\/hoyre.no\/kristiansand\/\"},{\"@type\":\"ListItem\",\"position\":3,\"name\":\"Politikk\"}]},{\"@type\":\"WebSite\",\"@id\":\"https:\/\/hoyre.no\/kristiansand\/#website\",\"url\":\"https:\/\/hoyre.no\/kristiansand\/\",\"name\":\"Kristiansand H\u00f8yre\",\"description\":\"Bare enda et H\u00f8yres nettsteder-nettsted\",\"inLanguage\":\"nb-NO\"}]}<\/script>\n<!-- \/ Yoast SEO plugin. -->","yoast_head_json":{"title":"Politikk - Kristiansand H\u00f8yre","robots":{"index":"index","follow":"follow","max-snippet":"max-snippet:-1","max-image-preview":"max-image-preview:large","max-video-preview":"max-video-preview:-1"},"canonical":"https:\/\/hoyre.no\/kristiansand\/politikk\/","og_locale":"nb_NO","og_type":"article","og_title":"Politikk - Kristiansand H\u00f8yre","og_description":"Les programmet vi g\u00e5r til valg p\u00e5 Her kan du laste ned Kristiansand H\u00f8yres valgprogram for 2023 &#8211; 2027: Les den politiske plattformen for flertallskoalisjonen i Kristiansand Her kan du laste ned den politiske plattformen til flertallskoalisjonen best\u00e5ende av H\u00f8yre, Kristelig Folkeparti, Fremskrittspartiet, Venstre og Gr\u00f8nt for styringen av Kristiansand kommune:","og_url":"https:\/\/hoyre.no\/kristiansand\/politikk\/","og_site_name":"Kristiansand H\u00f8yre","article_modified_time":"2025-10-06T17:34:48+00:00","og_image":[{"width":1000,"height":1000,"url":"https:\/\/hoyre.no\/content\/uploads\/sites\/28\/2022\/09\/Hoyre-logo-pa-nettsider.png","type":"image\/png"}],"twitter_card":"summary_large_image","twitter_misc":{"Ansl. lesetid":"1 minutt"},"schema":{"@context":"https:\/\/schema.org","@graph":[{"@type":"WebPage","@id":"https:\/\/hoyre.no\/kristiansand\/politikk\/","url":"https:\/\/hoyre.no\/kristiansand\/politikk\/","name":"Politikk - Kristiansand H\u00f8yre","isPartOf":{"@id":"https:\/\/hoyre.no\/kristiansand\/#website"},"datePublished":"2023-05-02T10:43:59+00:00","dateModified":"2025-10-06T17:34:48+00:00","breadcrumb":{"@id":"https:\/\/hoyre.no\/kristiansand\/politikk\/#breadcrumb"},"inLanguage":"nb-NO","potentialAction":[{"@type":"ReadAction","target":["https:\/\/hoyre.no\/kristiansand\/politikk\/"]}]},{"@type":"BreadcrumbList","@id":"https:\/\/hoyre.no\/kristiansand\/politikk\/#breadcrumb","itemListElement":[{"@type":"ListItem","position":1,"name":"Til hoyre.no","item":"https:\/\/hoyre.no"},{"@type":"ListItem","position":2,"name":"Hjem","item":"https:\/\/hoyre.no\/kristiansand\/"},{"@type":"ListItem","position":3,"name":"Politikk"}]},{"@type":"WebSite","@id":"https:\/\/hoyre.no\/kristiansand\/#website","url":"https:\/\/hoyre.no\/kristiansand\/","name":"Kristiansand H\u00f8yre","description":"Bare enda et H\u00f8yres nettsteder-nettsted","inLanguage":"nb-NO"}]}},"distributor_meta":false,"distributor_terms":false,"distributor_media":false,"distributor_original_site_name":"Kristiansand H\u00f8yre","distributor_original_site_url":"https:\/\/hoyre.no\/kristiansand","push-errors":false,"_links":{"self":[{"href":"https:\/\/hoyre.no\/kristiansand\/wp-json\/wp\/v2\/pages\/672","targetHints":{"allow":["GET"]}}],"collection":[{"href":"https:\/\/hoyre.no\/kristiansand\/wp-json\/wp\/v2\/pages"}],"about":[{"href":"https:\/\/hoyre.no\/kristiansand\/wp-json\/wp\/v2\/types\/page"}],"author":[{"embeddable":true,"href":"https:\/\/hoyre.no\/kristiansand\/wp-json\/wp\/v2\/users\/347"}],"replies":[{"embeddable":true,"href":"https:\/\/hoyre.no\/kristiansand\/wp-json\/wp\/v2\/comments?post=672"}],"version-history":[{"count":7,"href":"https:\/\/hoyre.no\/kristiansand\/wp-json\/wp\/v2\/pages\/672\/revisions"}],"predecessor-version":[{"id":1082,"href":"https:\/\/hoyre.no\/kristiansand\/wp-json\/wp\/v2\/pages\/672\/revisions\/1082"}],"wp:attachment":[{"href":"https:\/\/hoyre.no\/kristiansand\/wp-json\/wp\/v2\/media?parent=672"}],"curies":[{"name":"wp","href":"https:\/\/api.w.org\/{rel}","templated":true}]}}