{"id":91,"date":"2023-06-27T12:24:39","date_gmt":"2023-06-27T10:24:39","guid":{"rendered":"https:\/\/hoyre.no\/kvaenangen\/?page_id=91"},"modified":"2025-02-04T15:50:59","modified_gmt":"2025-02-04T14:50:59","slug":"5-grunner-til-a-stemme-kvaenangen-hoyre","status":"publish","type":"page","link":"https:\/\/hoyre.no\/kvaenangen\/politikk\/5-grunner-til-a-stemme-kvaenangen-hoyre\/","title":{"rendered":"5 viktige punkter i v\u00e5r politikk"},"content":{"rendered":"\n\n\n\t\t<div class=\" has-simple-highlight style-white has-mobile-text-aligned-center slogan-type-custom wp-block-hoyre-slogan\">\n\t\t\t<div class=\"slogan-container\">\n\t\t\t\t<div class=\"slogan__image\">\n\t\t\t\t\t<img loading=\"lazy\" decoding=\"async\" width=\"2150\" height=\"2500\" src=\"https:\/\/hoyre.no\/content\/uploads\/sites\/251\/2023\/10\/leder_hoyre-scaled.jpg\" class=\"slogan__background-media\" alt=\"\" style=\"--focal-point: 47% 15%;\" srcset=\"https:\/\/hoyre.no\/content\/uploads\/sites\/251\/2023\/10\/leder_hoyre-scaled.jpg 2150w, https:\/\/hoyre.no\/content\/uploads\/sites\/251\/2023\/10\/leder_hoyre-258x300.jpg 258w, https:\/\/hoyre.no\/content\/uploads\/sites\/251\/2023\/10\/leder_hoyre-881x1024.jpg 881w, https:\/\/hoyre.no\/content\/uploads\/sites\/251\/2023\/10\/leder_hoyre-768x893.jpg 768w, https:\/\/hoyre.no\/content\/uploads\/sites\/251\/2023\/10\/leder_hoyre-1321x1536.jpg 1321w, https:\/\/hoyre.no\/content\/uploads\/sites\/251\/2023\/10\/leder_hoyre-1762x2048.jpg 1762w\" sizes=\"auto, (max-width: 2150px) 100vw, 2150px\" \/>\n\t\t\t\t<\/div>\n\t\t\t\t<div class=\"slogan__content\">\n\t\t\t\t\t\n\t\t\t\t\t<h2 class=\"slogan__big-title\">Fem grunner til \u00e5 stemme H\u00f8yre i Kvanangen<\/h2>\n\t\t\t\t\t<p>V\u00e5r politikk er Kv\u00e6nangens framtid!<\/p>\n\t\t\t\t\t\n\t\t\t\t<\/div>\n\t\t\t<\/div>\n\t\t\t\n\t\t<\/div>\n\t\t\n\n\n<div class=\"wp-block-media-text alignwide is-stacked-on-mobile is-image-fill\"><figure class=\"wp-block-media-text__media\" style=\"background-image:url('https:\/\/hoyre.no\/content\/uploads\/sites\/251\/2023\/06\/Kvaenangen-Hoyre-nettside-1024x683.jpg');background-position:50% 50%\"><img loading=\"lazy\" decoding=\"async\" width=\"1024\" height=\"683\" src=\"https:\/\/hoyre.no\/content\/uploads\/sites\/251\/2023\/06\/Kvaenangen-Hoyre-nettside-1024x683.jpg\" alt=\"\" class=\"wp-image-86 size-full\" srcset=\"https:\/\/hoyre.no\/content\/uploads\/sites\/251\/2023\/06\/Kvaenangen-Hoyre-nettside-1024x683.jpg 1024w, https:\/\/hoyre.no\/content\/uploads\/sites\/251\/2023\/06\/Kvaenangen-Hoyre-nettside-300x200.jpg 300w, https:\/\/hoyre.no\/content\/uploads\/sites\/251\/2023\/06\/Kvaenangen-Hoyre-nettside-768x512.jpg 768w, https:\/\/hoyre.no\/content\/uploads\/sites\/251\/2023\/06\/Kvaenangen-Hoyre-nettside-1536x1024.jpg 1536w, https:\/\/hoyre.no\/content\/uploads\/sites\/251\/2023\/06\/Kvaenangen-Hoyre-nettside-2048x1365.jpg 2048w\" sizes=\"auto, (max-width: 1024px) 100vw, 1024px\" \/><\/figure><div class=\"wp-block-media-text__content\">\n<h2 class=\"wp-block-heading\">1. \u00d8ke antall alders- og sykehjemsplasser<\/h2>\n\n\n\n<p>Kv\u00e6nangen har stort behov for flere alders- og sykehjemsplasser, gjennomsnittsalderen \u00f8ker og selv om det legges til rette for \u00e5 bo hjemme lengst mulig er det stort behov for flere plasser. H\u00f8yre vil \u00f8ke til totalt 25 plasser. Det f\u00e5r vi til med \u00e5 \u00f8ke stillingsprosentene, redusere sykefrav\u00e6r, redusere vikarbruk og \u00f8ke kompetanse, p\u00e5 den m\u00e5ten f\u00e5r vi frigjort midler til \u00e5 bruke p\u00e5 sykehjemsplasser.<\/p>\n<\/div><\/div>\n\n\n\n<div class=\"wp-block-media-text alignwide has-media-on-the-right is-stacked-on-mobile is-image-fill\"><div class=\"wp-block-media-text__content\">\n<h2 class=\"wp-block-heading\">2. Nattevakt i hjemmetjenesten<\/h2>\n\n\n\n<p>Skal det legges til rette for \u00e5 bo hjemme lengst mulig, m\u00e5 de som velger dette v\u00e6re trygg p\u00e5 at de f\u00e5r den beste oppf\u00f8lgingen. Vi \u00f8nsker at den som bor hjemme og ogs\u00e5 p\u00e5r\u00f8rende skal f\u00f8le seg ivaretatt og vite at den kommunale helsetjenesten er den beste. Derfor \u00f8nsker H\u00f8yre at det skal v\u00e6re nattevakt i tjenesten.<\/p>\n<\/div><figure class=\"wp-block-media-text__media\" style=\"background-image:url('https:\/\/hoyre.no\/content\/uploads\/sites\/251\/2023\/06\/hjemmetjeneste-1024x683.jpg');background-position:50% 50%\"><img loading=\"lazy\" decoding=\"async\" width=\"1024\" height=\"683\" src=\"https:\/\/hoyre.no\/content\/uploads\/sites\/251\/2023\/06\/hjemmetjeneste-1024x683.jpg\" alt=\"\" class=\"wp-image-92 size-full\" srcset=\"https:\/\/hoyre.no\/content\/uploads\/sites\/251\/2023\/06\/hjemmetjeneste-1024x683.jpg 1024w, https:\/\/hoyre.no\/content\/uploads\/sites\/251\/2023\/06\/hjemmetjeneste-300x200.jpg 300w, https:\/\/hoyre.no\/content\/uploads\/sites\/251\/2023\/06\/hjemmetjeneste-768x512.jpg 768w, https:\/\/hoyre.no\/content\/uploads\/sites\/251\/2023\/06\/hjemmetjeneste-1536x1025.jpg 1536w, https:\/\/hoyre.no\/content\/uploads\/sites\/251\/2023\/06\/hjemmetjeneste-2048x1367.jpg 2048w\" sizes=\"auto, (max-width: 1024px) 100vw, 1024px\" \/><\/figure><\/div>\n\n\n\n<div class=\"wp-block-media-text alignwide is-stacked-on-mobile is-image-fill\"><figure class=\"wp-block-media-text__media\" style=\"background-image:url('https:\/\/hoyre.no\/content\/uploads\/sites\/251\/2023\/06\/Oppdrett-Erlend-1024x768.jpg');background-position:50% 50%\"><img loading=\"lazy\" decoding=\"async\" width=\"1024\" height=\"768\" src=\"https:\/\/hoyre.no\/content\/uploads\/sites\/251\/2023\/06\/Oppdrett-Erlend-1024x768.jpg\" alt=\"\" class=\"wp-image-93 size-full\" srcset=\"https:\/\/hoyre.no\/content\/uploads\/sites\/251\/2023\/06\/Oppdrett-Erlend-1024x768.jpg 1024w, https:\/\/hoyre.no\/content\/uploads\/sites\/251\/2023\/06\/Oppdrett-Erlend-300x225.jpg 300w, https:\/\/hoyre.no\/content\/uploads\/sites\/251\/2023\/06\/Oppdrett-Erlend-768x576.jpg 768w, https:\/\/hoyre.no\/content\/uploads\/sites\/251\/2023\/06\/Oppdrett-Erlend-1536x1152.jpg 1536w, https:\/\/hoyre.no\/content\/uploads\/sites\/251\/2023\/06\/Oppdrett-Erlend-2048x1536.jpg 2048w\" sizes=\"auto, (max-width: 1024px) 100vw, 1024px\" \/><\/figure><div class=\"wp-block-media-text__content\">\n<h2 class=\"wp-block-heading\">3. Styrke havbruksn\u00e6ringen i kommunen<\/h2>\n\n\n\n<p>Kv\u00e6nangen H\u00f8yre vil jobbe for at det skal v\u00e6re overvekt av private arbeidsplasser i kommunen. Havbruksn\u00e6ringen er en viktig arbeidsgiver og vi \u00f8nsker \u00e5 tilrettelegge og samarbeide for \u00e5 f\u00e5 flere i jobb i denne viktige n\u00e6ringen for kommunen. Vi \u00f8nsker at kommunen skal jobbe for forutsigbare rammebetingelser, god infrastruktur og ha en JA-holdning.<\/p>\n<\/div><\/div>\n\n\n\n<div class=\"wp-block-media-text alignwide has-media-on-the-right is-stacked-on-mobile is-image-fill\"><div class=\"wp-block-media-text__content\">\n<h2 class=\"wp-block-heading\">4. F\u00e5 tilbake viktige kommunale utvalg<\/h2>\n\n\n\n<p>De siste \u00e5rene har to viktige utvalg v\u00e6rt nedlagt, oppvekst og omsorg og teknisk utvalg. Resultatet av dette har v\u00e6rt en uferdig saksbehandling som politikere m\u00e5 bruke mer tid p\u00e5 og som ikke minst har store konsekvenser for innbyggerne i Kv\u00e6nangen. Ved \u00e5 f\u00e5 disse utvalgene tilbake er vi sikker at vi f\u00e5r en bedre og mer effektiv saksbehandling<\/p>\n<\/div><figure class=\"wp-block-media-text__media\" style=\"background-image:url('https:\/\/hoyre.no\/content\/uploads\/sites\/251\/2023\/06\/Barn-pa-sykkel-1024x683.jpg');background-position:50% 50%\"><img loading=\"lazy\" decoding=\"async\" width=\"1024\" height=\"683\" src=\"https:\/\/hoyre.no\/content\/uploads\/sites\/251\/2023\/06\/Barn-pa-sykkel-1024x683.jpg\" alt=\"\" class=\"wp-image-94 size-full\" srcset=\"https:\/\/hoyre.no\/content\/uploads\/sites\/251\/2023\/06\/Barn-pa-sykkel-1024x683.jpg 1024w, https:\/\/hoyre.no\/content\/uploads\/sites\/251\/2023\/06\/Barn-pa-sykkel-300x200.jpg 300w, https:\/\/hoyre.no\/content\/uploads\/sites\/251\/2023\/06\/Barn-pa-sykkel-768x512.jpg 768w, https:\/\/hoyre.no\/content\/uploads\/sites\/251\/2023\/06\/Barn-pa-sykkel-1536x1024.jpg 1536w, https:\/\/hoyre.no\/content\/uploads\/sites\/251\/2023\/06\/Barn-pa-sykkel-2048x1365.jpg 2048w\" sizes=\"auto, (max-width: 1024px) 100vw, 1024px\" \/><\/figure><\/div>\n\n\n\n<div class=\"wp-block-media-text alignwide is-stacked-on-mobile is-image-fill\" style=\"grid-template-columns:49% auto\"><figure class=\"wp-block-media-text__media\" style=\"background-image:url('https:\/\/hoyre.no\/content\/uploads\/sites\/251\/2023\/06\/Snoscooter.jpg');background-position:50% 50%\"><img loading=\"lazy\" decoding=\"async\" width=\"670\" height=\"446\" src=\"https:\/\/hoyre.no\/content\/uploads\/sites\/251\/2023\/06\/Snoscooter.jpg\" alt=\"\" class=\"wp-image-95 size-full\" srcset=\"https:\/\/hoyre.no\/content\/uploads\/sites\/251\/2023\/06\/Snoscooter.jpg 670w, https:\/\/hoyre.no\/content\/uploads\/sites\/251\/2023\/06\/Snoscooter-300x200.jpg 300w\" sizes=\"auto, (max-width: 670px) 100vw, 670px\" \/><\/figure><div class=\"wp-block-media-text__content\">\n<h2 class=\"wp-block-heading\">5. Pr\u00f8veprosjekt med friomr\u00e5de for sn\u00f8scooter<\/h2>\n\n\n\n<p>Kv\u00e6nangen H\u00f8yre \u00f8nsker i samarbeid med nabokommuner og aktuelle foreninger \u00e5 ha et friomr\u00e5de for sn\u00f8scootere. Dette omr\u00e5det vil legges i n\u00e6rheten av eksisterende l\u00f8yper og ikke ha begrensinger for hvor langt du kan kj\u00f8re fra l\u00f8ypa. Frihet under ansvar og et bedre tilbud til v\u00e5re innbyggere.<\/p>\n<\/div><\/div>\n","protected":false},"excerpt":{"rendered":"<p>1. \u00d8ke antall alders- og sykehjemsplasser Kv\u00e6nangen har stort behov for flere alders- og sykehjemsplasser, gjennomsnittsalderen \u00f8ker og selv om det legges til rette for \u00e5 bo hjemme lengst mulig er det stort behov for flere plasser. H\u00f8yre vil \u00f8ke til totalt 25 plasser. Det f\u00e5r vi til med \u00e5 \u00f8ke stillingsprosentene, redusere sykefrav\u00e6r, redusere [&hellip;]<\/p>\n","protected":false},"author":442,"featured_media":0,"parent":71,"menu_order":0,"comment_status":"closed","ping_status":"closed","template":"","meta":{"teft_cards_image_url":"","teft_cards_custom_pretitle":"","teft_cards_image_id":0,"teft_cards_image_focal_point_x":0,"teft_cards_image_focal_point_y":0,"teft_cards_title":"","teft_cards_excerpt":"","teft_show_chapters":false,"footnotes":""},"class_list":["post-91","page","type-page","status-publish","hentry"],"yoast_head":"<!-- This site is optimized with the Yoast SEO plugin v26.6 - https:\/\/yoast.com\/wordpress\/plugins\/seo\/ -->\n<title>5 viktige punkter i v\u00e5r politikk - Kv\u00e6nangen H\u00f8yre<\/title>\n<meta name=\"description\" content=\"Vi gir deg fem gode grunner til hvorfor du b\u00f8r stemme H\u00f8yre i Kv\u00e6nangen.\" \/>\n<meta name=\"robots\" content=\"index, follow, max-snippet:-1, max-image-preview:large, max-video-preview:-1\" \/>\n<link rel=\"canonical\" href=\"https:\/\/hoyre.no\/kvaenangen\/politikk\/5-grunner-til-a-stemme-kvaenangen-hoyre\/\" \/>\n<meta property=\"og:locale\" content=\"nb_NO\" \/>\n<meta property=\"og:type\" content=\"article\" \/>\n<meta property=\"og:title\" content=\"5 viktige punkter i v\u00e5r politikk - Kv\u00e6nangen H\u00f8yre\" \/>\n<meta property=\"og:description\" content=\"Vi gir deg fem gode grunner til hvorfor du b\u00f8r stemme H\u00f8yre i Kv\u00e6nangen.\" \/>\n<meta property=\"og:url\" content=\"https:\/\/hoyre.no\/kvaenangen\/politikk\/5-grunner-til-a-stemme-kvaenangen-hoyre\/\" \/>\n<meta property=\"og:site_name\" content=\"Kv\u00e6nangen H\u00f8yre\" \/>\n<meta property=\"article:modified_time\" content=\"2025-02-04T14:50:59+00:00\" \/>\n<meta property=\"og:image\" content=\"https:\/\/hoyre.no\/content\/uploads\/sites\/251\/2023\/06\/Kvaenangen-Hoyre-nettside-1024x683.jpg\" \/>\n<meta name=\"twitter:card\" content=\"summary_large_image\" \/>\n<meta name=\"twitter:label1\" content=\"Ansl. lesetid\" \/>\n\t<meta name=\"twitter:data1\" content=\"3 minutter\" \/>\n<script type=\"application\/ld+json\" class=\"yoast-schema-graph\">{\"@context\":\"https:\/\/schema.org\",\"@graph\":[{\"@type\":\"WebPage\",\"@id\":\"https:\/\/hoyre.no\/kvaenangen\/politikk\/5-grunner-til-a-stemme-kvaenangen-hoyre\/\",\"url\":\"https:\/\/hoyre.no\/kvaenangen\/politikk\/5-grunner-til-a-stemme-kvaenangen-hoyre\/\",\"name\":\"5 viktige punkter i v\u00e5r politikk - Kv\u00e6nangen H\u00f8yre\",\"isPartOf\":{\"@id\":\"https:\/\/hoyre.no\/kvaenangen\/#website\"},\"image\":{\"@id\":\"https:\/\/hoyre.no\/kvaenangen\/politikk\/5-grunner-til-a-stemme-kvaenangen-hoyre\/#primaryimage\"},\"thumbnailUrl\":\"https:\/\/hoyre.no\/content\/uploads\/sites\/251\/2023\/06\/Kvaenangen-Hoyre-nettside-1024x683.jpg\",\"datePublished\":\"2023-06-27T10:24:39+00:00\",\"dateModified\":\"2025-02-04T14:50:59+00:00\",\"description\":\"Vi gir deg fem gode grunner til hvorfor du b\u00f8r stemme H\u00f8yre i Kv\u00e6nangen.\",\"breadcrumb\":{\"@id\":\"https:\/\/hoyre.no\/kvaenangen\/politikk\/5-grunner-til-a-stemme-kvaenangen-hoyre\/#breadcrumb\"},\"inLanguage\":\"nb-NO\",\"potentialAction\":[{\"@type\":\"ReadAction\",\"target\":[\"https:\/\/hoyre.no\/kvaenangen\/politikk\/5-grunner-til-a-stemme-kvaenangen-hoyre\/\"]}]},{\"@type\":\"ImageObject\",\"inLanguage\":\"nb-NO\",\"@id\":\"https:\/\/hoyre.no\/kvaenangen\/politikk\/5-grunner-til-a-stemme-kvaenangen-hoyre\/#primaryimage\",\"url\":\"https:\/\/hoyre.no\/content\/uploads\/sites\/251\/2023\/06\/Kvaenangen-Hoyre-nettside-1024x683.jpg\",\"contentUrl\":\"https:\/\/hoyre.no\/content\/uploads\/sites\/251\/2023\/06\/Kvaenangen-Hoyre-nettside-1024x683.jpg\"},{\"@type\":\"BreadcrumbList\",\"@id\":\"https:\/\/hoyre.no\/kvaenangen\/politikk\/5-grunner-til-a-stemme-kvaenangen-hoyre\/#breadcrumb\",\"itemListElement\":[{\"@type\":\"ListItem\",\"position\":1,\"name\":\"Til hoyre.no\",\"item\":\"https:\/\/hoyre.no\"},{\"@type\":\"ListItem\",\"position\":2,\"name\":\"Hjem\",\"item\":\"https:\/\/hoyre.no\/kvaenangen\/\"},{\"@type\":\"ListItem\",\"position\":3,\"name\":\"Politikk\",\"item\":\"https:\/\/hoyre.no\/kvaenangen\/politikk\/\"},{\"@type\":\"ListItem\",\"position\":4,\"name\":\"5 viktige punkter i v\u00e5r politikk\"}]},{\"@type\":\"WebSite\",\"@id\":\"https:\/\/hoyre.no\/kvaenangen\/#website\",\"url\":\"https:\/\/hoyre.no\/kvaenangen\/\",\"name\":\"Kv\u00e6nangen H\u00f8yre\",\"description\":\"Bare enda et H\u00f8yres nettsteder-nettsted\",\"inLanguage\":\"nb-NO\"}]}<\/script>\n<!-- \/ Yoast SEO plugin. -->","yoast_head_json":{"title":"5 viktige punkter i v\u00e5r politikk - Kv\u00e6nangen H\u00f8yre","description":"Vi gir deg fem gode grunner til hvorfor du b\u00f8r stemme H\u00f8yre i Kv\u00e6nangen.","robots":{"index":"index","follow":"follow","max-snippet":"max-snippet:-1","max-image-preview":"max-image-preview:large","max-video-preview":"max-video-preview:-1"},"canonical":"https:\/\/hoyre.no\/kvaenangen\/politikk\/5-grunner-til-a-stemme-kvaenangen-hoyre\/","og_locale":"nb_NO","og_type":"article","og_title":"5 viktige punkter i v\u00e5r politikk - Kv\u00e6nangen H\u00f8yre","og_description":"Vi gir deg fem gode grunner til hvorfor du b\u00f8r stemme H\u00f8yre i Kv\u00e6nangen.","og_url":"https:\/\/hoyre.no\/kvaenangen\/politikk\/5-grunner-til-a-stemme-kvaenangen-hoyre\/","og_site_name":"Kv\u00e6nangen H\u00f8yre","article_modified_time":"2025-02-04T14:50:59+00:00","og_image":[{"url":"https:\/\/hoyre.no\/content\/uploads\/sites\/251\/2023\/06\/Kvaenangen-Hoyre-nettside-1024x683.jpg","type":"","width":"","height":""}],"twitter_card":"summary_large_image","twitter_misc":{"Ansl. lesetid":"3 minutter"},"schema":{"@context":"https:\/\/schema.org","@graph":[{"@type":"WebPage","@id":"https:\/\/hoyre.no\/kvaenangen\/politikk\/5-grunner-til-a-stemme-kvaenangen-hoyre\/","url":"https:\/\/hoyre.no\/kvaenangen\/politikk\/5-grunner-til-a-stemme-kvaenangen-hoyre\/","name":"5 viktige punkter i v\u00e5r politikk - Kv\u00e6nangen H\u00f8yre","isPartOf":{"@id":"https:\/\/hoyre.no\/kvaenangen\/#website"},"image":{"@id":"https:\/\/hoyre.no\/kvaenangen\/politikk\/5-grunner-til-a-stemme-kvaenangen-hoyre\/#primaryimage"},"thumbnailUrl":"https:\/\/hoyre.no\/content\/uploads\/sites\/251\/2023\/06\/Kvaenangen-Hoyre-nettside-1024x683.jpg","datePublished":"2023-06-27T10:24:39+00:00","dateModified":"2025-02-04T14:50:59+00:00","description":"Vi gir deg fem gode grunner til hvorfor du b\u00f8r stemme H\u00f8yre i Kv\u00e6nangen.","breadcrumb":{"@id":"https:\/\/hoyre.no\/kvaenangen\/politikk\/5-grunner-til-a-stemme-kvaenangen-hoyre\/#breadcrumb"},"inLanguage":"nb-NO","potentialAction":[{"@type":"ReadAction","target":["https:\/\/hoyre.no\/kvaenangen\/politikk\/5-grunner-til-a-stemme-kvaenangen-hoyre\/"]}]},{"@type":"ImageObject","inLanguage":"nb-NO","@id":"https:\/\/hoyre.no\/kvaenangen\/politikk\/5-grunner-til-a-stemme-kvaenangen-hoyre\/#primaryimage","url":"https:\/\/hoyre.no\/content\/uploads\/sites\/251\/2023\/06\/Kvaenangen-Hoyre-nettside-1024x683.jpg","contentUrl":"https:\/\/hoyre.no\/content\/uploads\/sites\/251\/2023\/06\/Kvaenangen-Hoyre-nettside-1024x683.jpg"},{"@type":"BreadcrumbList","@id":"https:\/\/hoyre.no\/kvaenangen\/politikk\/5-grunner-til-a-stemme-kvaenangen-hoyre\/#breadcrumb","itemListElement":[{"@type":"ListItem","position":1,"name":"Til hoyre.no","item":"https:\/\/hoyre.no"},{"@type":"ListItem","position":2,"name":"Hjem","item":"https:\/\/hoyre.no\/kvaenangen\/"},{"@type":"ListItem","position":3,"name":"Politikk","item":"https:\/\/hoyre.no\/kvaenangen\/politikk\/"},{"@type":"ListItem","position":4,"name":"5 viktige punkter i v\u00e5r politikk"}]},{"@type":"WebSite","@id":"https:\/\/hoyre.no\/kvaenangen\/#website","url":"https:\/\/hoyre.no\/kvaenangen\/","name":"Kv\u00e6nangen H\u00f8yre","description":"Bare enda et H\u00f8yres nettsteder-nettsted","inLanguage":"nb-NO"}]}},"distributor_meta":false,"distributor_terms":false,"distributor_media":false,"distributor_original_site_name":"Kv\u00e6nangen H\u00f8yre","distributor_original_site_url":"https:\/\/hoyre.no\/kvaenangen","push-errors":false,"_links":{"self":[{"href":"https:\/\/hoyre.no\/kvaenangen\/wp-json\/wp\/v2\/pages\/91","targetHints":{"allow":["GET"]}}],"collection":[{"href":"https:\/\/hoyre.no\/kvaenangen\/wp-json\/wp\/v2\/pages"}],"about":[{"href":"https:\/\/hoyre.no\/kvaenangen\/wp-json\/wp\/v2\/types\/page"}],"author":[{"embeddable":true,"href":"https:\/\/hoyre.no\/kvaenangen\/wp-json\/wp\/v2\/users\/442"}],"replies":[{"embeddable":true,"href":"https:\/\/hoyre.no\/kvaenangen\/wp-json\/wp\/v2\/comments?post=91"}],"version-history":[{"count":16,"href":"https:\/\/hoyre.no\/kvaenangen\/wp-json\/wp\/v2\/pages\/91\/revisions"}],"predecessor-version":[{"id":130,"href":"https:\/\/hoyre.no\/kvaenangen\/wp-json\/wp\/v2\/pages\/91\/revisions\/130"}],"up":[{"embeddable":true,"href":"https:\/\/hoyre.no\/kvaenangen\/wp-json\/wp\/v2\/pages\/71"}],"wp:attachment":[{"href":"https:\/\/hoyre.no\/kvaenangen\/wp-json\/wp\/v2\/media?parent=91"}],"curies":[{"name":"wp","href":"https:\/\/api.w.org\/{rel}","templated":true}]}}