{"id":102,"date":"2023-08-08T14:36:44","date_gmt":"2023-08-08T12:36:44","guid":{"rendered":"https:\/\/hoyre.no\/kvinnherad\/?page_id=102"},"modified":"2023-08-15T22:24:56","modified_gmt":"2023-08-15T20:24:56","slug":"102-2","status":"publish","type":"page","link":"https:\/\/hoyre.no\/kvinnherad\/102-2\/","title":{"rendered":""},"content":{"rendered":"\n<div class=\"wp-block-hoyre-hero with-image-gradient text-color-light  has-media alignfull has-background\"><div class=\"hoyre-hero has-image\"><h1 class=\"title\">Valprogram<br>2023-2027<\/h1><p class=\"preamble\">Sj\u00e5 kva me g\u00e5r til val p\u00e5 i Kvinnherad i komande periode!<\/p>\t\t\t<div class=\"post-meta wp-block teft-byline-wrapper\">\n\t\t\t\t<div class=\"top\">\n\t\t\t\t\t<div class=\"signature\">\n\t\t\t\t\t\t<div class=\"teft-byline\">\n\t\t\t\t\t\t\t\t\t\t\t\t\t\t<div>\n\t\t\t\t\t\t\t\t<h3>H\u00f8yres redaksjon<\/h3>\t\t\t\t\t\t\t\t\n\t\t\t\t\t\t\t\t\t\t\t\t\t\t\t\t\t<span class=\"date\">Sist oppdatert: 15. august 2023<\/span>\n\t\t\t\t\t\t\t\t\t\t\t\t\t\t\t\t\t\t\t\t\t\t\t\t\t<span class=\"reading-time\" itemprop=\"timeRequired\" content=\"PT1M\"><em>Ca. 1 minutter lesetid<\/em><\/span>\n\t\t\t\t\t\t\t\t\t\t\t\t\t\t\t<\/div>\n\t\t\t\t\t\t<\/div>\n\t\t\t\t\t<\/div>\n\t\t\t\t\t\t<div class=\"sharing\">\n\t\t<a class=\"share-button share-link copy-link\" data-copy=\"https:\/\/hoyre.no\/kvinnherad\/102-2\/\" target=\"_blank\"><span class=\"screen-reader-text\">Del link<\/span><\/a>\n\t\t<a class=\"share-button share-twitter\" href=\"http:\/\/twitter.com\/share?text=&#038;url=https:\/\/hoyre.no\/kvinnherad\/102-2\/&#038;hashtags=Hoyre\" target=\"_blank\"><span class=\"screen-reader-text\">Del p\u00e5 twitter<\/span><\/a>\n\t\t<a class=\"share-button share-facebook\" href=\"https:\/\/www.facebook.com\/sharer\/sharer.php?u=https:\/\/hoyre.no\/kvinnherad\/102-2\/\" target=\"_blank\"><span class=\"screen-reader-text\">Del p\u00e5 facebook<\/span><\/a>\n\t<\/div>\n\t\t\t\t\t<\/div>\n\t\t\t<\/div>\n\n\t\t\t<figure class=\"hoyre-image-wrapper\"><div class=\"hoyre-image\"><img loading=\"lazy\" decoding=\"async\" width=\"1706\" height=\"1208\" src=\"https:\/\/hoyre.no\/content\/uploads\/sites\/330\/2023\/06\/Haehre-beoo.png\" class=\"attachment-scaled size-scaled\" alt=\"\" style=\"object-position: 52% 53%\" srcset=\"https:\/\/hoyre.no\/content\/uploads\/sites\/330\/2023\/06\/Haehre-beoo.png 1706w, https:\/\/hoyre.no\/content\/uploads\/sites\/330\/2023\/06\/Haehre-beoo-300x212.png 300w, https:\/\/hoyre.no\/content\/uploads\/sites\/330\/2023\/06\/Haehre-beoo-1024x725.png 1024w, https:\/\/hoyre.no\/content\/uploads\/sites\/330\/2023\/06\/Haehre-beoo-768x544.png 768w, https:\/\/hoyre.no\/content\/uploads\/sites\/330\/2023\/06\/Haehre-beoo-1536x1088.png 1536w\" sizes=\"auto, (max-width: 1706px) 100vw, 1706px\" \/><\/div><\/figure><\/div><\/div>\n\n\n\n\n<p>N\u00e5r frivillegheita, n\u00e6ringslivet og offentleg sektor spelar p\u00e5 lag, skapar det gode lokalsamfunn. H\u00f8gre trur p\u00e5 enkeltmenneske si evne og lyst til \u00e5 st\u00e5 p\u00e5 eigne bein.<\/p>\n\n\n\n<p>V\u00e5r oppg\u00e5ve er \u00e5 s\u00f8rge for at menneske kan leve gode liv, uansett utgangspunkt. Vi skapar ikkje politikk for kommunen, men for alle som bur der. H\u00f8gre trur p\u00e5 eit samfunn som gir moglegheiter for alle.<\/p>\n\n\n\n<h3 class=\"wp-block-heading\">Les heile valprogrammet v\u00e5rt her:<\/h3>\n\n\n\n<div class=\"wp-block-teft-file icon-link-block\"><a href=\"https:\/\/hoyre.no\/content\/uploads\/sites\/330\/2023\/07\/Kvinnherad-Hogres-kommunevalprogram-2023-2027.pdf\" download><span class=\"file-title\">Kvinnherad H\u00f8gre valprogram 2023-2027<\/span><span class=\"file-name\">Kvinnherad-Hogres-kommunevalprogram-2023-2027.pdf [90.6kb]<\/span><\/a><\/div>\n\n\n\n\n<div class=\"wp-block-hoyre-banner alignwide undefined  is-style-blue\"><div class=\"banner-inner\"><figure class=\"hoyre-image-wrapper\"><div class=\"hoyre-image\"><img loading=\"lazy\" decoding=\"async\" width=\"2500\" height=\"1667\" src=\"https:\/\/hoyre.no\/content\/uploads\/sites\/330\/2023\/08\/Brekke-i-Gulen-foto-Agathe-Steen-31-scaled.jpg\" class=\"attachment-scaled size-scaled\" alt=\"\" style=\"object-position: 67% 42%\" srcset=\"https:\/\/hoyre.no\/content\/uploads\/sites\/330\/2023\/08\/Brekke-i-Gulen-foto-Agathe-Steen-31-scaled.jpg 2500w, https:\/\/hoyre.no\/content\/uploads\/sites\/330\/2023\/08\/Brekke-i-Gulen-foto-Agathe-Steen-31-300x200.jpg 300w, https:\/\/hoyre.no\/content\/uploads\/sites\/330\/2023\/08\/Brekke-i-Gulen-foto-Agathe-Steen-31-1024x683.jpg 1024w, https:\/\/hoyre.no\/content\/uploads\/sites\/330\/2023\/08\/Brekke-i-Gulen-foto-Agathe-Steen-31-768x512.jpg 768w, https:\/\/hoyre.no\/content\/uploads\/sites\/330\/2023\/08\/Brekke-i-Gulen-foto-Agathe-Steen-31-1536x1024.jpg 1536w, https:\/\/hoyre.no\/content\/uploads\/sites\/330\/2023\/08\/Brekke-i-Gulen-foto-Agathe-Steen-31-2048x1365.jpg 2048w\" sizes=\"auto, (max-width: 2500px) 100vw, 2500px\" \/><\/div><\/figure><div class=\"banner-content\"><div class=\"entry-content\">\n<h2 class=\"wp-block-heading\">Vil du ha kortversjonen?<\/h2>\n\n\n\n<p>Her er 7 gode grunnar til \u00e5 r\u00f8yste H\u00f8gre i Kvinnherad \ud83d\udc47<\/p>\n\n\n\n<div class=\"wp-block-buttons is-layout-flex wp-block-buttons-is-layout-flex\">\n<div class=\"wp-block-button\"><a class=\"wp-block-button__link\" href=\"https:\/\/hoyre.no\/kvinnherad\/7-gode-grunnar\/\">trykk her for \u00e5 lese meir<\/a><\/div>\n<\/div>\n<\/div><\/div><\/div><\/div>\n","protected":false},"excerpt":{"rendered":"","protected":false},"author":29319,"featured_media":0,"parent":0,"menu_order":0,"comment_status":"closed","ping_status":"closed","template":"","meta":{"teft_cards_image_url":"","teft_cards_custom_pretitle":"","teft_cards_image_id":0,"teft_cards_image_focal_point_x":0,"teft_cards_image_focal_point_y":0,"teft_cards_title":"","teft_cards_excerpt":"","teft_show_chapters":false,"footnotes":""},"class_list":["post-102","page","type-page","status-publish","hentry"],"yoast_head":"<!-- This site is optimized with the Yoast SEO plugin v26.6 - https:\/\/yoast.com\/wordpress\/plugins\/seo\/ -->\n<title>- Kvinnherad H\u00f8gre<\/title>\n<meta name=\"robots\" content=\"index, follow, max-snippet:-1, max-image-preview:large, max-video-preview:-1\" \/>\n<link rel=\"canonical\" href=\"https:\/\/hoyre.no\/kvinnherad\/102-2\/\" \/>\n<meta property=\"og:locale\" content=\"nn_NO\" \/>\n<meta property=\"og:type\" content=\"article\" \/>\n<meta property=\"og:title\" content=\"- Kvinnherad H\u00f8gre\" \/>\n<meta property=\"og:url\" content=\"https:\/\/hoyre.no\/kvinnherad\/102-2\/\" \/>\n<meta property=\"og:site_name\" content=\"Kvinnherad H\u00f8gre\" \/>\n<meta property=\"article:modified_time\" content=\"2023-08-15T20:24:56+00:00\" \/>\n<meta property=\"og:image\" content=\"https:\/\/hoyre.no\/content\/uploads\/sites\/330\/2022\/11\/Hoyres-logo.png\" \/>\n\t<meta property=\"og:image:width\" content=\"1000\" \/>\n\t<meta property=\"og:image:height\" content=\"1000\" \/>\n\t<meta property=\"og:image:type\" content=\"image\/png\" \/>\n<meta name=\"twitter:card\" content=\"summary_large_image\" \/>\n<meta name=\"twitter:label1\" content=\"Est. reading time\" \/>\n\t<meta name=\"twitter:data1\" content=\"1 minutt\" \/>\n<script type=\"application\/ld+json\" class=\"yoast-schema-graph\">{\"@context\":\"https:\/\/schema.org\",\"@graph\":[{\"@type\":\"WebPage\",\"@id\":\"https:\/\/hoyre.no\/kvinnherad\/102-2\/\",\"url\":\"https:\/\/hoyre.no\/kvinnherad\/102-2\/\",\"name\":\"- Kvinnherad H\u00f8gre\",\"isPartOf\":{\"@id\":\"https:\/\/hoyre.no\/kvinnherad\/#website\"},\"datePublished\":\"2023-08-08T12:36:44+00:00\",\"dateModified\":\"2023-08-15T20:24:56+00:00\",\"breadcrumb\":{\"@id\":\"https:\/\/hoyre.no\/kvinnherad\/102-2\/#breadcrumb\"},\"inLanguage\":\"nn-NO\",\"potentialAction\":[{\"@type\":\"ReadAction\",\"target\":[\"https:\/\/hoyre.no\/kvinnherad\/102-2\/\"]}]},{\"@type\":\"BreadcrumbList\",\"@id\":\"https:\/\/hoyre.no\/kvinnherad\/102-2\/#breadcrumb\",\"itemListElement\":[{\"@type\":\"ListItem\",\"position\":1,\"name\":\"Til hoyre.no\",\"item\":\"https:\/\/hoyre.no\"},{\"@type\":\"ListItem\",\"position\":2,\"name\":\"Hjem\",\"item\":\"https:\/\/hoyre.no\/kvinnherad\/\"}]},{\"@type\":\"WebSite\",\"@id\":\"https:\/\/hoyre.no\/kvinnherad\/#website\",\"url\":\"https:\/\/hoyre.no\/kvinnherad\/\",\"name\":\"Kvinnherad H\u00f8gre\",\"description\":\"Bare enda et H\u00f8yres nettsteder-nettsted\",\"inLanguage\":\"nn-NO\"}]}<\/script>\n<!-- \/ Yoast SEO plugin. -->","yoast_head_json":{"title":"- Kvinnherad H\u00f8gre","robots":{"index":"index","follow":"follow","max-snippet":"max-snippet:-1","max-image-preview":"max-image-preview:large","max-video-preview":"max-video-preview:-1"},"canonical":"https:\/\/hoyre.no\/kvinnherad\/102-2\/","og_locale":"nn_NO","og_type":"article","og_title":"- Kvinnherad H\u00f8gre","og_url":"https:\/\/hoyre.no\/kvinnherad\/102-2\/","og_site_name":"Kvinnherad H\u00f8gre","article_modified_time":"2023-08-15T20:24:56+00:00","og_image":[{"width":1000,"height":1000,"url":"https:\/\/hoyre.no\/content\/uploads\/sites\/330\/2022\/11\/Hoyres-logo.png","type":"image\/png"}],"twitter_card":"summary_large_image","twitter_misc":{"Est. reading time":"1 minutt"},"schema":{"@context":"https:\/\/schema.org","@graph":[{"@type":"WebPage","@id":"https:\/\/hoyre.no\/kvinnherad\/102-2\/","url":"https:\/\/hoyre.no\/kvinnherad\/102-2\/","name":"- Kvinnherad H\u00f8gre","isPartOf":{"@id":"https:\/\/hoyre.no\/kvinnherad\/#website"},"datePublished":"2023-08-08T12:36:44+00:00","dateModified":"2023-08-15T20:24:56+00:00","breadcrumb":{"@id":"https:\/\/hoyre.no\/kvinnherad\/102-2\/#breadcrumb"},"inLanguage":"nn-NO","potentialAction":[{"@type":"ReadAction","target":["https:\/\/hoyre.no\/kvinnherad\/102-2\/"]}]},{"@type":"BreadcrumbList","@id":"https:\/\/hoyre.no\/kvinnherad\/102-2\/#breadcrumb","itemListElement":[{"@type":"ListItem","position":1,"name":"Til hoyre.no","item":"https:\/\/hoyre.no"},{"@type":"ListItem","position":2,"name":"Hjem","item":"https:\/\/hoyre.no\/kvinnherad\/"}]},{"@type":"WebSite","@id":"https:\/\/hoyre.no\/kvinnherad\/#website","url":"https:\/\/hoyre.no\/kvinnherad\/","name":"Kvinnherad H\u00f8gre","description":"Bare enda et H\u00f8yres nettsteder-nettsted","inLanguage":"nn-NO"}]}},"distributor_meta":false,"distributor_terms":false,"distributor_media":false,"distributor_original_site_name":"Kvinnherad H\u00f8gre","distributor_original_site_url":"https:\/\/hoyre.no\/kvinnherad","push-errors":false,"_links":{"self":[{"href":"https:\/\/hoyre.no\/kvinnherad\/wp-json\/wp\/v2\/pages\/102","targetHints":{"allow":["GET"]}}],"collection":[{"href":"https:\/\/hoyre.no\/kvinnherad\/wp-json\/wp\/v2\/pages"}],"about":[{"href":"https:\/\/hoyre.no\/kvinnherad\/wp-json\/wp\/v2\/types\/page"}],"author":[{"embeddable":true,"href":"https:\/\/hoyre.no\/kvinnherad\/wp-json\/wp\/v2\/users\/29319"}],"replies":[{"embeddable":true,"href":"https:\/\/hoyre.no\/kvinnherad\/wp-json\/wp\/v2\/comments?post=102"}],"version-history":[{"count":2,"href":"https:\/\/hoyre.no\/kvinnherad\/wp-json\/wp\/v2\/pages\/102\/revisions"}],"predecessor-version":[{"id":117,"href":"https:\/\/hoyre.no\/kvinnherad\/wp-json\/wp\/v2\/pages\/102\/revisions\/117"}],"wp:attachment":[{"href":"https:\/\/hoyre.no\/kvinnherad\/wp-json\/wp\/v2\/media?parent=102"}],"curies":[{"name":"wp","href":"https:\/\/api.w.org\/{rel}","templated":true}]}}