{"id":106,"date":"2023-08-15T22:22:05","date_gmt":"2023-08-15T20:22:05","guid":{"rendered":"https:\/\/hoyre.no\/kvinnherad\/?page_id=106"},"modified":"2023-08-15T22:22:06","modified_gmt":"2023-08-15T20:22:06","slug":"7-gode-grunnar","status":"publish","type":"page","link":"https:\/\/hoyre.no\/kvinnherad\/7-gode-grunnar\/","title":{"rendered":"7 gode grunnar"},"content":{"rendered":"\n<div class=\"wp-block-hoyre-hero with-image-gradient text-color-light  has-media alignfull has-background\"><div class=\"hoyre-hero has-image\"><h1 class=\"title\">7 grunnar til \u00e5 r\u00f8yste H\u00f8gre i Kvinnherad<\/h1><figure class=\"hoyre-image-wrapper\"><div class=\"hoyre-image\"><img loading=\"lazy\" decoding=\"async\" width=\"2500\" height=\"1667\" src=\"https:\/\/hoyre.no\/content\/uploads\/sites\/330\/2023\/08\/Brekke-i-Gulen-foto-Agathe-Steen-31-scaled.jpg\" class=\"attachment-scaled size-scaled\" alt=\"\" style=\"object-position: 66% 43%\" srcset=\"https:\/\/hoyre.no\/content\/uploads\/sites\/330\/2023\/08\/Brekke-i-Gulen-foto-Agathe-Steen-31-scaled.jpg 2500w, https:\/\/hoyre.no\/content\/uploads\/sites\/330\/2023\/08\/Brekke-i-Gulen-foto-Agathe-Steen-31-300x200.jpg 300w, https:\/\/hoyre.no\/content\/uploads\/sites\/330\/2023\/08\/Brekke-i-Gulen-foto-Agathe-Steen-31-1024x683.jpg 1024w, https:\/\/hoyre.no\/content\/uploads\/sites\/330\/2023\/08\/Brekke-i-Gulen-foto-Agathe-Steen-31-768x512.jpg 768w, https:\/\/hoyre.no\/content\/uploads\/sites\/330\/2023\/08\/Brekke-i-Gulen-foto-Agathe-Steen-31-1536x1024.jpg 1536w, https:\/\/hoyre.no\/content\/uploads\/sites\/330\/2023\/08\/Brekke-i-Gulen-foto-Agathe-Steen-31-2048x1365.jpg 2048w\" sizes=\"auto, (max-width: 2500px) 100vw, 2500px\" \/><\/div><\/figure><\/div><\/div>\n\n\n\n\n\t\t<div class=\"has-pale-green-background-color is-layout-left alignwide alignwide wp-block-hoyre-media-text\">\n\t\t\t<div class=\"hoyre-media-text__media\">\n\t\t\t\t<img loading=\"lazy\" decoding=\"async\" width=\"1024\" height=\"1019\" src=\"https:\/\/hoyre.no\/content\/uploads\/sites\/330\/2023\/08\/Skjermbilde-2023-08-15-kl.-21.22.37-1024x1019.png\" class=\"hoyre-media-text__media-image\" alt=\"\" style=\"--focal: 50% 50%;\" srcset=\"https:\/\/hoyre.no\/content\/uploads\/sites\/330\/2023\/08\/Skjermbilde-2023-08-15-kl.-21.22.37-1024x1019.png 1024w, https:\/\/hoyre.no\/content\/uploads\/sites\/330\/2023\/08\/Skjermbilde-2023-08-15-kl.-21.22.37-300x298.png 300w, https:\/\/hoyre.no\/content\/uploads\/sites\/330\/2023\/08\/Skjermbilde-2023-08-15-kl.-21.22.37-150x150.png 150w, https:\/\/hoyre.no\/content\/uploads\/sites\/330\/2023\/08\/Skjermbilde-2023-08-15-kl.-21.22.37-768x764.png 768w, https:\/\/hoyre.no\/content\/uploads\/sites\/330\/2023\/08\/Skjermbilde-2023-08-15-kl.-21.22.37.png 1168w\" sizes=\"auto, (max-width: 1024px) 100vw, 1024px\" \/>\n\t\t\t<\/div>\n\t\t\t<div class=\"hoyre-media-text__content\">\n\t\t\t\t<div class=\"hoyre-media-text__content-inner\">\n\t\t\t\t\t\n\t\t\t<div class=\"hoyre-media-text__title-container\">\n\t\t\t\t\n\t\t\t\t<h2 class=\"hoyre-media-text__title\">1. Me ynskjer levande bygder<\/h2>\n\t\t\t<\/div>\n\t\t\t\n\t\t\t\t\t<div class=\"hoyre-media-text__blocks\">\n<p>For H\u00f8gre er det viktig at folk kan velja kor dei vil busetja seg. Ei bygd som er innbydande og attraktiv kan f\u00e5 mange til \u00e5 vurdera \u00e5 flytta dit. Mange har ynskje om tomter som er solrike, har utsikt, er n\u00e6r sj\u00f8 og sentrum. Tilrettelagt byggeland, gode sentrumsomr\u00e5de, n\u00e6rskular og tenester i bygdene er difor viktig for H\u00f8gre.\u00a0<\/p>\n<\/div>\n\t\t\t\t\t\n\t\t\t\t<\/div>\n\t\t\t<\/div>\n\t\t<\/div>\n\t\t\n\n\n\n\t\t<div class=\"has-pale-blue-background-color is-layout-right alignwide alignwide wp-block-hoyre-media-text\">\n\t\t\t<div class=\"hoyre-media-text__media\">\n\t\t\t\t<img loading=\"lazy\" decoding=\"async\" width=\"1024\" height=\"913\" src=\"https:\/\/hoyre.no\/content\/uploads\/sites\/330\/2023\/08\/Skjermbilde-2023-08-15-kl.-21.22.49-1024x913.png\" class=\"hoyre-media-text__media-image\" alt=\"\" style=\"--focal: 50% 50%;\" srcset=\"https:\/\/hoyre.no\/content\/uploads\/sites\/330\/2023\/08\/Skjermbilde-2023-08-15-kl.-21.22.49-1024x913.png 1024w, https:\/\/hoyre.no\/content\/uploads\/sites\/330\/2023\/08\/Skjermbilde-2023-08-15-kl.-21.22.49-300x268.png 300w, https:\/\/hoyre.no\/content\/uploads\/sites\/330\/2023\/08\/Skjermbilde-2023-08-15-kl.-21.22.49-768x685.png 768w, https:\/\/hoyre.no\/content\/uploads\/sites\/330\/2023\/08\/Skjermbilde-2023-08-15-kl.-21.22.49.png 1200w\" sizes=\"auto, (max-width: 1024px) 100vw, 1024px\" \/>\n\t\t\t<\/div>\n\t\t\t<div class=\"hoyre-media-text__content\">\n\t\t\t\t<div class=\"hoyre-media-text__content-inner\">\n\t\t\t\t\t\n\t\t\t<div class=\"hoyre-media-text__title-container\">\n\t\t\t\t\n\t\t\t\t<h2 class=\"hoyre-media-text__title\">2. Me vil kjempa for eit attraktivt n\u00e6ringsliv<\/h2>\n\t\t\t<\/div>\n\t\t\t\n\t\t\t\t\t<div class=\"hoyre-media-text__blocks\">\n<p>Kvinnherad kommune har eit variert og aktivt n\u00e6ringsliv. Kvinnherad H\u00f8gre meiner det framleis er eit betydeleg uforl\u00f8yst potensiale for utviding av eksisterande n\u00e6ringar og ny etableringar. Me ynskjer \u00e5 f\u00e5 dette til ved f.eks at Kvinnherad skal vera ein kommune kor alle lokale verksemder f\u00e5r ha ein tett dialog med kommunen og f\u00e5 st\u00f8tte til utvikling av selskapa.\u00a0<\/p>\n<\/div>\n\t\t\t\t\t\n\t\t\t\t<\/div>\n\t\t\t<\/div>\n\t\t<\/div>\n\t\t\n\n\n\t\t<div class=\"has-lightest-blue-background-color is-layout-left alignwide alignwide wp-block-hoyre-media-text\">\n\t\t\t<div class=\"hoyre-media-text__media\">\n\t\t\t\t<img loading=\"lazy\" decoding=\"async\" width=\"1024\" height=\"683\" src=\"https:\/\/hoyre.no\/content\/uploads\/sites\/330\/2023\/08\/GettyImages-594379807-1024x683.jpg\" class=\"hoyre-media-text__media-image\" alt=\"\" style=\"--focal: 50% 50%;\" srcset=\"https:\/\/hoyre.no\/content\/uploads\/sites\/330\/2023\/08\/GettyImages-594379807-1024x683.jpg 1024w, https:\/\/hoyre.no\/content\/uploads\/sites\/330\/2023\/08\/GettyImages-594379807-300x200.jpg 300w, https:\/\/hoyre.no\/content\/uploads\/sites\/330\/2023\/08\/GettyImages-594379807-768x512.jpg 768w, https:\/\/hoyre.no\/content\/uploads\/sites\/330\/2023\/08\/GettyImages-594379807-1536x1024.jpg 1536w, https:\/\/hoyre.no\/content\/uploads\/sites\/330\/2023\/08\/GettyImages-594379807-2048x1365.jpg 2048w\" sizes=\"auto, (max-width: 1024px) 100vw, 1024px\" \/>\n\t\t\t<\/div>\n\t\t\t<div class=\"hoyre-media-text__content\">\n\t\t\t\t<div class=\"hoyre-media-text__content-inner\">\n\t\t\t\t\t\n\t\t\t<div class=\"hoyre-media-text__title-container\">\n\t\t\t\t\n\t\t\t\t<h2 class=\"hoyre-media-text__title\">3. Kvalitet i helsetenesta<\/h2>\n\t\t\t<\/div>\n\t\t\t\n\t\t\t\t\t<div class=\"hoyre-media-text__blocks\">\n<p>Kvinnherad kommune skal tilby kvalitet i helsetenestene for innbyggjarane v\u00e5re gjennom heile livet, n\u00e5r ein treng det. Me vil blant anna at kommunen skal kunna tilby utleigebustadar for t.d. innleigd arbeidskraft til kommunen, studentar i praksis og andre korttidsbehov, gjerne i samanheng med leige-til-eige tilbod. Dette for \u00e5 styrke rekrutteringa og auke kvaliteten til helsevesenet v\u00e5rt.\u00a0<\/p>\n<\/div>\n\t\t\t\t\t\n\t\t\t\t<\/div>\n\t\t\t<\/div>\n\t\t<\/div>\n\t\t\n\n\n\t\t<div class=\"has-pale-purple-background-color is-layout-right alignwide alignwide wp-block-hoyre-media-text\">\n\t\t\t<div class=\"hoyre-media-text__media\">\n\t\t\t\t<img loading=\"lazy\" decoding=\"async\" width=\"1024\" height=\"683\" src=\"https:\/\/hoyre.no\/content\/uploads\/sites\/330\/2023\/08\/GettyImages-638677204-1024x683.jpg\" class=\"hoyre-media-text__media-image\" alt=\"\" style=\"--focal: 50% 50%;\" srcset=\"https:\/\/hoyre.no\/content\/uploads\/sites\/330\/2023\/08\/GettyImages-638677204-1024x683.jpg 1024w, https:\/\/hoyre.no\/content\/uploads\/sites\/330\/2023\/08\/GettyImages-638677204-300x200.jpg 300w, https:\/\/hoyre.no\/content\/uploads\/sites\/330\/2023\/08\/GettyImages-638677204-768x512.jpg 768w, https:\/\/hoyre.no\/content\/uploads\/sites\/330\/2023\/08\/GettyImages-638677204-1536x1024.jpg 1536w, https:\/\/hoyre.no\/content\/uploads\/sites\/330\/2023\/08\/GettyImages-638677204-2048x1365.jpg 2048w\" sizes=\"auto, (max-width: 1024px) 100vw, 1024px\" \/>\n\t\t\t<\/div>\n\t\t\t<div class=\"hoyre-media-text__content\">\n\t\t\t\t<div class=\"hoyre-media-text__content-inner\">\n\t\t\t\t\t\n\t\t\t<div class=\"hoyre-media-text__title-container\">\n\t\t\t\t\n\t\t\t\t<h2 class=\"hoyre-media-text__title\">4. Ein god oppvekst for alle born<\/h2>\n\t\t\t<\/div>\n\t\t\t\n\t\t\t\t\t<div class=\"hoyre-media-text__blocks\">\n<p>Ein god oppvekst skal gje grunnlag for at v\u00e5re barn skal f\u00e5 ei god notid og framtid. H\u00f8gre ynskjer moglegheiter for alle. Vi m\u00e5 ha barnehagar av h\u00f8g kvalitet og tilstrekkeleg med plassar. Skulen skal sj\u00e5 kvar enkelt elev og skape rom for l\u00e6relyst, meistring og engasjement. Me meiner blant anna at n\u00e6rskulen har ein viktig funksjon i lokalsamfunnet, og me vil st\u00f8tta arbeidet for ein skule der alle trivest og f\u00e5r oppl\u00e6ring tilpassa den enkelte elev sitt behov.\u00a0<\/p>\n<\/div>\n\t\t\t\t\t\n\t\t\t\t<\/div>\n\t\t\t<\/div>\n\t\t<\/div>\n\t\t\n\n\n\t\t<div class=\"has-pale-green-background-color is-layout-left alignwide alignwide wp-block-hoyre-media-text\">\n\t\t\t<div class=\"hoyre-media-text__media\">\n\t\t\t\t<img loading=\"lazy\" decoding=\"async\" width=\"1024\" height=\"658\" src=\"https:\/\/hoyre.no\/content\/uploads\/sites\/330\/2023\/08\/GettyImages-134440844-1024x658.jpg\" class=\"hoyre-media-text__media-image\" alt=\"\" style=\"--focal: 57% 46%;\" srcset=\"https:\/\/hoyre.no\/content\/uploads\/sites\/330\/2023\/08\/GettyImages-134440844-1024x658.jpg 1024w, https:\/\/hoyre.no\/content\/uploads\/sites\/330\/2023\/08\/GettyImages-134440844-300x193.jpg 300w, https:\/\/hoyre.no\/content\/uploads\/sites\/330\/2023\/08\/GettyImages-134440844-768x493.jpg 768w, https:\/\/hoyre.no\/content\/uploads\/sites\/330\/2023\/08\/GettyImages-134440844-1536x987.jpg 1536w, https:\/\/hoyre.no\/content\/uploads\/sites\/330\/2023\/08\/GettyImages-134440844-2048x1316.jpg 2048w\" sizes=\"auto, (max-width: 1024px) 100vw, 1024px\" \/>\n\t\t\t<\/div>\n\t\t\t<div class=\"hoyre-media-text__content\">\n\t\t\t\t<div class=\"hoyre-media-text__content-inner\">\n\t\t\t\t\t\n\t\t\t<div class=\"hoyre-media-text__title-container\">\n\t\t\t\t\n\t\t\t\t<h2 class=\"hoyre-media-text__title\">5. Satsing p\u00e5 samferdsle<\/h2>\n\t\t\t<\/div>\n\t\t\t\n\t\t\t\t\t<div class=\"hoyre-media-text__blocks\">\n<p>For at Kvinnherad i framtida skal f\u00e5 til vekst og n\u00e6ringsutvikling, m\u00e5 den store satsinga p\u00e5 samferdsle halda fram. Me vil fullf\u00f8ra vegutbetring i Kvinnherad gjennom Kvinnheradpakken, og starta arbeidet med Kvinnheradpakke 2 &amp; 3. I tillegg vil me ha trygge gang- og sykkelveiar mellom alle st\u00f8rre buomr\u00e5de, skular og butikkar slik at me sikrar mobiliteten til alle innbyggjarane v\u00e5re.\u00a0<\/p>\n<\/div>\n\t\t\t\t\t\n\t\t\t\t<\/div>\n\t\t\t<\/div>\n\t\t<\/div>\n\t\t\n\n\n\t\t<div class=\"has-pink-background-color is-layout-right alignwide alignwide wp-block-hoyre-media-text\">\n\t\t\t<div class=\"hoyre-media-text__media\">\n\t\t\t\t<img loading=\"lazy\" decoding=\"async\" width=\"1024\" height=\"683\" src=\"https:\/\/hoyre.no\/content\/uploads\/sites\/330\/2023\/08\/GettyImages-594375747-1024x683.jpg\" class=\"hoyre-media-text__media-image\" alt=\"\" style=\"--focal: 50% 50%;\" srcset=\"https:\/\/hoyre.no\/content\/uploads\/sites\/330\/2023\/08\/GettyImages-594375747-1024x683.jpg 1024w, https:\/\/hoyre.no\/content\/uploads\/sites\/330\/2023\/08\/GettyImages-594375747-300x200.jpg 300w, https:\/\/hoyre.no\/content\/uploads\/sites\/330\/2023\/08\/GettyImages-594375747-768x512.jpg 768w, https:\/\/hoyre.no\/content\/uploads\/sites\/330\/2023\/08\/GettyImages-594375747-1536x1024.jpg 1536w, https:\/\/hoyre.no\/content\/uploads\/sites\/330\/2023\/08\/GettyImages-594375747-2048x1365.jpg 2048w\" sizes=\"auto, (max-width: 1024px) 100vw, 1024px\" \/>\n\t\t\t<\/div>\n\t\t\t<div class=\"hoyre-media-text__content\">\n\t\t\t\t<div class=\"hoyre-media-text__content-inner\">\n\t\t\t\t\t\n\t\t\t<div class=\"hoyre-media-text__title-container\">\n\t\t\t\t\n\t\t\t\t<h2 class=\"hoyre-media-text__title\">6. Fokus p\u00e5 kultur, idrett og frivilligheit<\/h2>\n\t\t\t<\/div>\n\t\t\t\n\t\t\t\t\t<div class=\"hoyre-media-text__blocks\">\n<p>Kvinnherad kommune har s\u00e6rs mange engasjerte og dyktige innbyggjarar som st\u00e5r p\u00e5 og yter dugnad for friville lag, stiftingar og organisasjonar. Me vil at kommunen skal vera aktiv st\u00f8ttespelar for lokale kulturarrangement og festivalar som t.d. Festidalen, I tillegg vil me fremja kystkulturen gjennom \u00e5 st\u00f8tta aktivt opp om tiltak som Bergslagen, Halsn\u00f8y historiske senter og Rosendal kulturhistoriske treb\u00e5tsenter, og st\u00f8tta opp om vidare utvikling og aktivitetar ved Baroniet Rosendal, Halsn\u00f8y Kloster og Steinparken.\u00a0<\/p>\n<\/div>\n\t\t\t\t\t\n\t\t\t\t<\/div>\n\t\t\t<\/div>\n\t\t<\/div>\n\t\t\n\n\n\t\t<div class=\"has-pale-blue-background-color is-layout-left alignwide alignwide wp-block-hoyre-media-text\">\n\t\t\t<div class=\"hoyre-media-text__media\">\n\t\t\t\t<img loading=\"lazy\" decoding=\"async\" width=\"1024\" height=\"683\" src=\"https:\/\/hoyre.no\/content\/uploads\/sites\/330\/2023\/08\/GettyImages-1074061838-1024x683.jpg\" class=\"hoyre-media-text__media-image\" alt=\"\" style=\"--focal: 56% 100%;\" srcset=\"https:\/\/hoyre.no\/content\/uploads\/sites\/330\/2023\/08\/GettyImages-1074061838-1024x683.jpg 1024w, https:\/\/hoyre.no\/content\/uploads\/sites\/330\/2023\/08\/GettyImages-1074061838-300x200.jpg 300w, https:\/\/hoyre.no\/content\/uploads\/sites\/330\/2023\/08\/GettyImages-1074061838-768x512.jpg 768w, https:\/\/hoyre.no\/content\/uploads\/sites\/330\/2023\/08\/GettyImages-1074061838-1536x1024.jpg 1536w, https:\/\/hoyre.no\/content\/uploads\/sites\/330\/2023\/08\/GettyImages-1074061838-2048x1365.jpg 2048w\" sizes=\"auto, (max-width: 1024px) 100vw, 1024px\" \/>\n\t\t\t<\/div>\n\t\t\t<div class=\"hoyre-media-text__content\">\n\t\t\t\t<div class=\"hoyre-media-text__content-inner\">\n\t\t\t\t\t\n\t\t\t<div class=\"hoyre-media-text__title-container\">\n\t\t\t\t\n\t\t\t\t<h2 class=\"hoyre-media-text__title\">7. Gode vilk\u00e5r for landbruk og oppdrett<\/h2>\n\t\t\t<\/div>\n\t\t\t\n\t\t\t\t\t<div class=\"hoyre-media-text__blocks\">\n<p>Me ynskjer at landbruk og oppdrett skal ha gode vilk\u00e5r for \u00e5 utvikla seg og auka berekraftig produksjon av matvarer. Det m\u00e5 vera tilgjengeleg areal p\u00e5 land og sj\u00f8 for den marine n\u00e6ringa, og me i\u00a0 H\u00f8gre meiner arealavgift for oppdrettsanlegg m\u00e5 tilfalla kommunen. Me vil ogs\u00e5 stimulera til auka satsing p\u00e5 frukt- og gr\u00f8nsaksdyrking, og me ynskjer at folk skal f\u00e5 byggja nye k\u00e5rhus dersom det vil bu fleire generasjonar p\u00e5 garden.\u00a0<\/p>\n<\/div>\n\t\t\t\t\t\n\t\t\t\t<\/div>\n\t\t\t<\/div>\n\t\t<\/div>\n\t\t\n\n\n<div class=\"wp-block-hoyre-banner alignwide undefined\"><div class=\"banner-inner\"><figure class=\"hoyre-image-wrapper\"><div class=\"hoyre-image\"><img loading=\"lazy\" decoding=\"async\" width=\"1706\" height=\"1208\" src=\"https:\/\/hoyre.no\/content\/uploads\/sites\/330\/2023\/06\/Haehre-beoo.png\" class=\"attachment-scaled size-scaled\" alt=\"\" style=\"object-position: 50% 50%\" srcset=\"https:\/\/hoyre.no\/content\/uploads\/sites\/330\/2023\/06\/Haehre-beoo.png 1706w, https:\/\/hoyre.no\/content\/uploads\/sites\/330\/2023\/06\/Haehre-beoo-300x212.png 300w, https:\/\/hoyre.no\/content\/uploads\/sites\/330\/2023\/06\/Haehre-beoo-1024x725.png 1024w, https:\/\/hoyre.no\/content\/uploads\/sites\/330\/2023\/06\/Haehre-beoo-768x544.png 768w, https:\/\/hoyre.no\/content\/uploads\/sites\/330\/2023\/06\/Haehre-beoo-1536x1088.png 1536w\" sizes=\"auto, (max-width: 1706px) 100vw, 1706px\" \/><\/div><\/figure><div class=\"banner-content\"><div class=\"entry-content\">\n<h2 class=\"wp-block-heading\">Vil du vite meir?<\/h2>\n\n\n\n<p>Les heile valprogrammet v\u00e5rt her \ud83d\udc47<\/p>\n\n\n\n<div class=\"wp-block-buttons is-layout-flex wp-block-buttons-is-layout-flex\">\n<div class=\"wp-block-button\"><a class=\"wp-block-button__link\" href=\"https:\/\/hoyre.no\/kvinnherad\/102-2\/\">les meir<\/a><\/div>\n<\/div>\n<\/div><\/div><\/div><\/div>\n","protected":false},"excerpt":{"rendered":"","protected":false},"author":29319,"featured_media":0,"parent":0,"menu_order":0,"comment_status":"closed","ping_status":"closed","template":"","meta":{"teft_cards_image_url":"","teft_cards_custom_pretitle":"","teft_cards_image_id":0,"teft_cards_image_focal_point_x":0,"teft_cards_image_focal_point_y":0,"teft_cards_title":"","teft_cards_excerpt":"","teft_show_chapters":false,"footnotes":""},"class_list":["post-106","page","type-page","status-publish","hentry"],"yoast_head":"<!-- This site is optimized with the Yoast SEO plugin v26.6 - https:\/\/yoast.com\/wordpress\/plugins\/seo\/ -->\n<title>7 gode grunnar - Kvinnherad H\u00f8gre<\/title>\n<meta name=\"robots\" content=\"index, follow, max-snippet:-1, max-image-preview:large, max-video-preview:-1\" \/>\n<link rel=\"canonical\" href=\"https:\/\/hoyre.no\/kvinnherad\/7-gode-grunnar\/\" \/>\n<meta property=\"og:locale\" content=\"nn_NO\" \/>\n<meta property=\"og:type\" content=\"article\" \/>\n<meta property=\"og:title\" content=\"7 gode grunnar - Kvinnherad H\u00f8gre\" \/>\n<meta property=\"og:url\" content=\"https:\/\/hoyre.no\/kvinnherad\/7-gode-grunnar\/\" \/>\n<meta property=\"og:site_name\" content=\"Kvinnherad H\u00f8gre\" \/>\n<meta property=\"article:modified_time\" content=\"2023-08-15T20:22:06+00:00\" \/>\n<meta property=\"og:image\" content=\"https:\/\/hoyre.no\/content\/uploads\/sites\/330\/2022\/11\/Hoyres-logo.png\" \/>\n\t<meta property=\"og:image:width\" content=\"1000\" \/>\n\t<meta property=\"og:image:height\" content=\"1000\" \/>\n\t<meta property=\"og:image:type\" content=\"image\/png\" \/>\n<meta name=\"twitter:card\" content=\"summary_large_image\" \/>\n<meta name=\"twitter:label1\" content=\"Est. reading time\" \/>\n\t<meta name=\"twitter:data1\" content=\"3 minutt\" \/>\n<script type=\"application\/ld+json\" class=\"yoast-schema-graph\">{\"@context\":\"https:\/\/schema.org\",\"@graph\":[{\"@type\":\"WebPage\",\"@id\":\"https:\/\/hoyre.no\/kvinnherad\/7-gode-grunnar\/\",\"url\":\"https:\/\/hoyre.no\/kvinnherad\/7-gode-grunnar\/\",\"name\":\"7 gode grunnar - Kvinnherad H\u00f8gre\",\"isPartOf\":{\"@id\":\"https:\/\/hoyre.no\/kvinnherad\/#website\"},\"datePublished\":\"2023-08-15T20:22:05+00:00\",\"dateModified\":\"2023-08-15T20:22:06+00:00\",\"breadcrumb\":{\"@id\":\"https:\/\/hoyre.no\/kvinnherad\/7-gode-grunnar\/#breadcrumb\"},\"inLanguage\":\"nn-NO\",\"potentialAction\":[{\"@type\":\"ReadAction\",\"target\":[\"https:\/\/hoyre.no\/kvinnherad\/7-gode-grunnar\/\"]}]},{\"@type\":\"BreadcrumbList\",\"@id\":\"https:\/\/hoyre.no\/kvinnherad\/7-gode-grunnar\/#breadcrumb\",\"itemListElement\":[{\"@type\":\"ListItem\",\"position\":1,\"name\":\"Til hoyre.no\",\"item\":\"https:\/\/hoyre.no\"},{\"@type\":\"ListItem\",\"position\":2,\"name\":\"Hjem\",\"item\":\"https:\/\/hoyre.no\/kvinnherad\/\"},{\"@type\":\"ListItem\",\"position\":3,\"name\":\"7 gode grunnar\"}]},{\"@type\":\"WebSite\",\"@id\":\"https:\/\/hoyre.no\/kvinnherad\/#website\",\"url\":\"https:\/\/hoyre.no\/kvinnherad\/\",\"name\":\"Kvinnherad H\u00f8gre\",\"description\":\"Bare enda et H\u00f8yres nettsteder-nettsted\",\"inLanguage\":\"nn-NO\"}]}<\/script>\n<!-- \/ Yoast SEO plugin. -->","yoast_head_json":{"title":"7 gode grunnar - Kvinnherad H\u00f8gre","robots":{"index":"index","follow":"follow","max-snippet":"max-snippet:-1","max-image-preview":"max-image-preview:large","max-video-preview":"max-video-preview:-1"},"canonical":"https:\/\/hoyre.no\/kvinnherad\/7-gode-grunnar\/","og_locale":"nn_NO","og_type":"article","og_title":"7 gode grunnar - Kvinnherad H\u00f8gre","og_url":"https:\/\/hoyre.no\/kvinnherad\/7-gode-grunnar\/","og_site_name":"Kvinnherad H\u00f8gre","article_modified_time":"2023-08-15T20:22:06+00:00","og_image":[{"width":1000,"height":1000,"url":"https:\/\/hoyre.no\/content\/uploads\/sites\/330\/2022\/11\/Hoyres-logo.png","type":"image\/png"}],"twitter_card":"summary_large_image","twitter_misc":{"Est. reading time":"3 minutt"},"schema":{"@context":"https:\/\/schema.org","@graph":[{"@type":"WebPage","@id":"https:\/\/hoyre.no\/kvinnherad\/7-gode-grunnar\/","url":"https:\/\/hoyre.no\/kvinnherad\/7-gode-grunnar\/","name":"7 gode grunnar - Kvinnherad H\u00f8gre","isPartOf":{"@id":"https:\/\/hoyre.no\/kvinnherad\/#website"},"datePublished":"2023-08-15T20:22:05+00:00","dateModified":"2023-08-15T20:22:06+00:00","breadcrumb":{"@id":"https:\/\/hoyre.no\/kvinnherad\/7-gode-grunnar\/#breadcrumb"},"inLanguage":"nn-NO","potentialAction":[{"@type":"ReadAction","target":["https:\/\/hoyre.no\/kvinnherad\/7-gode-grunnar\/"]}]},{"@type":"BreadcrumbList","@id":"https:\/\/hoyre.no\/kvinnherad\/7-gode-grunnar\/#breadcrumb","itemListElement":[{"@type":"ListItem","position":1,"name":"Til hoyre.no","item":"https:\/\/hoyre.no"},{"@type":"ListItem","position":2,"name":"Hjem","item":"https:\/\/hoyre.no\/kvinnherad\/"},{"@type":"ListItem","position":3,"name":"7 gode grunnar"}]},{"@type":"WebSite","@id":"https:\/\/hoyre.no\/kvinnherad\/#website","url":"https:\/\/hoyre.no\/kvinnherad\/","name":"Kvinnherad H\u00f8gre","description":"Bare enda et H\u00f8yres nettsteder-nettsted","inLanguage":"nn-NO"}]}},"distributor_meta":false,"distributor_terms":false,"distributor_media":false,"distributor_original_site_name":"Kvinnherad H\u00f8gre","distributor_original_site_url":"https:\/\/hoyre.no\/kvinnherad","push-errors":false,"_links":{"self":[{"href":"https:\/\/hoyre.no\/kvinnherad\/wp-json\/wp\/v2\/pages\/106","targetHints":{"allow":["GET"]}}],"collection":[{"href":"https:\/\/hoyre.no\/kvinnherad\/wp-json\/wp\/v2\/pages"}],"about":[{"href":"https:\/\/hoyre.no\/kvinnherad\/wp-json\/wp\/v2\/types\/page"}],"author":[{"embeddable":true,"href":"https:\/\/hoyre.no\/kvinnherad\/wp-json\/wp\/v2\/users\/29319"}],"replies":[{"embeddable":true,"href":"https:\/\/hoyre.no\/kvinnherad\/wp-json\/wp\/v2\/comments?post=106"}],"version-history":[{"count":1,"href":"https:\/\/hoyre.no\/kvinnherad\/wp-json\/wp\/v2\/pages\/106\/revisions"}],"predecessor-version":[{"id":115,"href":"https:\/\/hoyre.no\/kvinnherad\/wp-json\/wp\/v2\/pages\/106\/revisions\/115"}],"wp:attachment":[{"href":"https:\/\/hoyre.no\/kvinnherad\/wp-json\/wp\/v2\/media?parent=106"}],"curies":[{"name":"wp","href":"https:\/\/api.w.org\/{rel}","templated":true}]}}