{"id":36,"date":"2023-08-22T14:10:24","date_gmt":"2023-08-22T12:10:24","guid":{"rendered":"https:\/\/hoyre.no\/kvinnherad\/?page_id=36"},"modified":"2025-02-14T13:04:38","modified_gmt":"2025-02-14T12:04:38","slug":"ordforerkandidat","status":"publish","type":"page","link":"https:\/\/hoyre.no\/kvinnherad\/ordforerkandidat\/","title":{"rendered":"Ordf\u00f8rerkandidat"},"content":{"rendered":"\n<div class=\"wp-block-hoyre-hero with-image-gradient text-color-light  has-media alignfull has-background\"><div class=\"hoyre-hero has-image\"><h1 class=\"title\">Vegard Bj\u00f8rnevik &#8211; ordf\u00f8rar<\/h1><p class=\"preamble\"><br>&#8211; Som ordf\u00f8rar vil eg vera synleg og lett tilgjengeleg. Eg er godt kjend med heile den vidstrekte kommunen v\u00e5r, og eg vil vera ein ordf\u00f8rar for alle dei flotte bygdene v\u00e5re.<\/p>\t\t\t<div class=\"post-meta wp-block teft-byline-wrapper\">\n\t\t\t\t<div class=\"top\">\n\t\t\t\t\t<div class=\"signature\">\n\t\t\t\t\t\t<div class=\"teft-byline\">\n\t\t\t\t\t\t\t\t\t\t\t\t\t\t<div>\n\t\t\t\t\t\t\t\t<h3>H\u00f8yres redaksjon<\/h3>\t\t\t\t\t\t\t\t\n\t\t\t\t\t\t\t\t\t\t\t\t\t\t\t\t\t<span class=\"date\">Sist oppdatert: 14. februar 2025<\/span>\n\t\t\t\t\t\t\t\t\t\t\t\t\t\t\t\t\t\t\t\t\t\t\t\t\t<span class=\"reading-time\" itemprop=\"timeRequired\" content=\"PT2M\"><em>Ca. 2 minutter lesetid<\/em><\/span>\n\t\t\t\t\t\t\t\t\t\t\t\t\t\t\t<\/div>\n\t\t\t\t\t\t<\/div>\n\t\t\t\t\t<\/div>\n\t\t\t\t\t\t<div class=\"sharing\">\n\t\t<a class=\"share-button share-link copy-link\" data-copy=\"https:\/\/hoyre.no\/kvinnherad\/ordforerkandidat\/\" target=\"_blank\"><span class=\"screen-reader-text\">Del link<\/span><\/a>\n\t\t<a class=\"share-button share-twitter\" href=\"http:\/\/twitter.com\/share?text=Ordf\u00f8rerkandidat&#038;url=https:\/\/hoyre.no\/kvinnherad\/ordforerkandidat\/&#038;hashtags=Hoyre\" target=\"_blank\"><span class=\"screen-reader-text\">Del p\u00e5 twitter<\/span><\/a>\n\t\t<a class=\"share-button share-facebook\" href=\"https:\/\/www.facebook.com\/sharer\/sharer.php?u=https:\/\/hoyre.no\/kvinnherad\/ordforerkandidat\/\" target=\"_blank\"><span class=\"screen-reader-text\">Del p\u00e5 facebook<\/span><\/a>\n\t<\/div>\n\t\t\t\t\t<\/div>\n\t\t\t<\/div>\n\n\t\t\t<figure class=\"hoyre-image-wrapper\"><div class=\"hoyre-image\"><img loading=\"lazy\" decoding=\"async\" width=\"2500\" height=\"1667\" src=\"https:\/\/hoyre.no\/content\/uploads\/sites\/330\/2023\/08\/IMG_0152-scaled.jpg\" class=\"attachment-scaled size-scaled\" alt=\"\" style=\"object-position: 52% 83%\" srcset=\"https:\/\/hoyre.no\/content\/uploads\/sites\/330\/2023\/08\/IMG_0152-scaled.jpg 2500w, https:\/\/hoyre.no\/content\/uploads\/sites\/330\/2023\/08\/IMG_0152-300x200.jpg 300w, https:\/\/hoyre.no\/content\/uploads\/sites\/330\/2023\/08\/IMG_0152-1024x683.jpg 1024w, https:\/\/hoyre.no\/content\/uploads\/sites\/330\/2023\/08\/IMG_0152-768x512.jpg 768w, https:\/\/hoyre.no\/content\/uploads\/sites\/330\/2023\/08\/IMG_0152-1536x1024.jpg 1536w, https:\/\/hoyre.no\/content\/uploads\/sites\/330\/2023\/08\/IMG_0152-2048x1365.jpg 2048w\" sizes=\"auto, (max-width: 2500px) 100vw, 2500px\" \/><\/div><\/figure><\/div><\/div>\n\n\n\n\n<div class=\"wp-block-buttons is-content-justification-center is-layout-flex wp-container-core-buttons-is-layout-16018d1d wp-block-buttons-is-layout-flex\">\n<div class=\"wp-block-button\"><a class=\"wp-block-button__link wp-element-button\" href=\"https:\/\/hoyre.no\/nyhetsbrev\/\">abonner p\u00e5 h\u00f8gres nyhetsbrev<\/a><\/div>\n\n\n\n<div class=\"wp-block-button\"><a class=\"wp-block-button__link wp-element-button\" href=\"https:\/\/www.facebook.com\/profile.php?id=100068092711722\" target=\"_blank\" rel=\"noreferrer noopener\">f\u00f8lg kvinnherad h\u00f8gre p\u00e5 facebook<\/a><\/div>\n<\/div>\n\n\n\n<div class=\"wp-block-hoyre-banner undefined has-icon-title icon-heart is-style-blue\"><div class=\"banner-inner\"><figure class=\"hoyre-image-wrapper\"><div class=\"hoyre-image\"><img loading=\"lazy\" decoding=\"async\" width=\"2500\" height=\"1667\" src=\"https:\/\/hoyre.no\/content\/uploads\/sites\/330\/2023\/08\/IMG_0198-scaled.jpg\" class=\"attachment-scaled size-scaled\" alt=\"\" style=\"object-position: 50% 50%\" srcset=\"https:\/\/hoyre.no\/content\/uploads\/sites\/330\/2023\/08\/IMG_0198-scaled.jpg 2500w, https:\/\/hoyre.no\/content\/uploads\/sites\/330\/2023\/08\/IMG_0198-300x200.jpg 300w, https:\/\/hoyre.no\/content\/uploads\/sites\/330\/2023\/08\/IMG_0198-1024x683.jpg 1024w, https:\/\/hoyre.no\/content\/uploads\/sites\/330\/2023\/08\/IMG_0198-768x512.jpg 768w, https:\/\/hoyre.no\/content\/uploads\/sites\/330\/2023\/08\/IMG_0198-1536x1024.jpg 1536w, https:\/\/hoyre.no\/content\/uploads\/sites\/330\/2023\/08\/IMG_0198-2048x1365.jpg 2048w\" sizes=\"auto, (max-width: 2500px) 100vw, 2500px\" \/><\/div><\/figure><div class=\"banner-content\"><div class=\"entry-content\">\n<h2 class=\"wp-block-heading has-text-align-center\" id=\"h-bli-bedre-kjent-med-navn\">Bli bedre kjent med Vegard!<\/h2>\n\n\n\n<p class=\"has-text-align-left\"><strong>Bustad:<\/strong> Halsn\u00f8y<\/p>\n\n\n\n<p class=\"has-text-align-left\"><strong>Sivilstatus: <\/strong>Sambuar<\/p>\n\n\n\n<p class=\"has-text-align-left\"><strong>Jobb:<\/strong> Transport og logistikk<\/p>\n\n\n\n<p class=\"has-text-align-left\"><strong>Politisk erfaring:<\/strong> Representant i kommunestyret 2019-2023, medlem i forvaltningsutvalet og lokallagsleiar<\/p>\n\n\n\n<p class=\"has-text-align-left\"><strong>Kva er viktig for deg dei neste fire \u00e5ra?<\/strong> Eg vil jobba for at Kvinnherad skal v\u00e6re den beste kommunen \u00e5 bu og arbeida i. Eg vil jobbe for dei gode samferdselsl\u00f8ysningene, og for at Kvinnherad skal vera eit inkluderende og trygt lokalsamfunn<\/p>\n\n\n\n<p class=\"has-text-align-left\"><strong>Det er l\u00f8rdag, klokka n\u00e6rmer seg 19.00. Kva et du helst til middag?<\/strong> Biff og fl\u00f8ytegratinerte poteter <\/p>\n\n\n\n<p class=\"has-text-align-left\"><strong>Konsert eller idrettsarrangement?<\/strong> Ja takk, begge deler <\/p>\n\n\n\n<p class=\"has-text-align-left\"><strong>Hvis du skulle valt ein, kva er din favorittartist?<\/strong> Det blir nok ein hybrid av Johannes Kleppevik og Johnny Cash<\/p>\n\n\n\n<p class=\"has-text-align-left\"><strong>Funfact?<\/strong> Eg er alvorlig flink \u00e5 plystra<\/p>\n\n\n\n<p class=\"has-text-align-left\"><strong>Kva er din favorittplass i kommunen?<\/strong>&nbsp;Fantastisk mange fine plassar i Kvinnherad, men synst det er s\u00e6rleg fint n\u00e5r det er blikkstille i H\u00f8ylandssundet<\/p>\n\n\n\n<div class=\"wp-block-buttons is-layout-flex wp-block-buttons-is-layout-flex\"><\/div>\n<\/div><\/div><\/div><\/div>\n\n\n\n<figure class=\"wp-block-teft-gallery columns-2 count-2 rows-2 is-cropped\"><ul class=\"teft-gallery-grid\"><li class=\"teft-gallery-item \"><figure><a href=\"https:\/\/res.cloudinary.com\/hoyre\/images\/v1607438265\/Nye%20hoyre.no\/Hovedside\/2020_RGB_hoyre_logo_profilbilde_01_161697e40a\/2020_RGB_hoyre_logo_profilbilde_01_161697e40a.png?_i=AA\" data-size=\"1000x1000\"><\/a><\/figure><\/li><li class=\"teft-gallery-item \"><figure><a href=\"https:\/\/res.cloudinary.com\/hoyre\/images\/v1607500832\/Nye%20hoyre.no\/Hovedside\/Design-uten-navn-4_1219163575\/Design-uten-navn-4_1219163575.png?_i=AA\" data-size=\"2880x1620\"><\/a><\/figure><\/li><\/ul><\/figure>\n\n\n\n<h2 class=\"wp-block-heading has-text-align-center\"><\/h2>\n\n","protected":false},"excerpt":{"rendered":"","protected":false},"author":14511,"featured_media":0,"parent":0,"menu_order":0,"comment_status":"closed","ping_status":"closed","template":"","meta":{"teft_cards_image_url":"","teft_cards_custom_pretitle":"","teft_cards_image_id":0,"teft_cards_image_focal_point_x":0,"teft_cards_image_focal_point_y":0,"teft_cards_title":"","teft_cards_excerpt":"","teft_show_chapters":false,"footnotes":""},"class_list":["post-36","page","type-page","status-publish","hentry"],"yoast_head":"<!-- This site is optimized with the Yoast SEO plugin v26.6 - https:\/\/yoast.com\/wordpress\/plugins\/seo\/ -->\n<title>Ordf\u00f8rerkandidat - Kvinnherad H\u00f8gre<\/title>\n<meta name=\"description\" content=\"Bli betre kjend med ordf\u00f8rar i Kvinnherad, Vegard Bj\u00f8rnevik fr\u00e5 H\u00f8gre.\" \/>\n<meta name=\"robots\" content=\"index, follow, max-snippet:-1, max-image-preview:large, max-video-preview:-1\" \/>\n<link rel=\"canonical\" href=\"https:\/\/hoyre.no\/kvinnherad\/ordforerkandidat\/\" \/>\n<meta property=\"og:locale\" content=\"nn_NO\" \/>\n<meta property=\"og:type\" content=\"article\" \/>\n<meta property=\"og:title\" content=\"Ordf\u00f8rerkandidat - Kvinnherad H\u00f8gre\" \/>\n<meta property=\"og:description\" content=\"Bli betre kjend med ordf\u00f8rar i Kvinnherad, Vegard Bj\u00f8rnevik fr\u00e5 H\u00f8gre.\" \/>\n<meta property=\"og:url\" content=\"https:\/\/hoyre.no\/kvinnherad\/ordforerkandidat\/\" \/>\n<meta property=\"og:site_name\" content=\"Kvinnherad H\u00f8gre\" \/>\n<meta property=\"article:modified_time\" content=\"2025-02-14T12:04:38+00:00\" \/>\n<meta property=\"og:image\" content=\"https:\/\/hoyre.no\/content\/uploads\/sites\/330\/2022\/11\/Hoyres-logo.png\" \/>\n\t<meta property=\"og:image:width\" content=\"1000\" \/>\n\t<meta property=\"og:image:height\" content=\"1000\" \/>\n\t<meta property=\"og:image:type\" content=\"image\/png\" \/>\n<meta name=\"twitter:card\" content=\"summary_large_image\" \/>\n<meta name=\"twitter:label1\" content=\"Est. reading time\" \/>\n\t<meta name=\"twitter:data1\" content=\"2 minutt\" \/>\n<script type=\"application\/ld+json\" class=\"yoast-schema-graph\">{\"@context\":\"https:\/\/schema.org\",\"@graph\":[{\"@type\":\"WebPage\",\"@id\":\"https:\/\/hoyre.no\/kvinnherad\/ordforerkandidat\/\",\"url\":\"https:\/\/hoyre.no\/kvinnherad\/ordforerkandidat\/\",\"name\":\"Ordf\u00f8rerkandidat - Kvinnherad H\u00f8gre\",\"isPartOf\":{\"@id\":\"https:\/\/hoyre.no\/kvinnherad\/#website\"},\"datePublished\":\"2023-08-22T12:10:24+00:00\",\"dateModified\":\"2025-02-14T12:04:38+00:00\",\"description\":\"Bli betre kjend med ordf\u00f8rar i Kvinnherad, Vegard Bj\u00f8rnevik fr\u00e5 H\u00f8gre.\",\"breadcrumb\":{\"@id\":\"https:\/\/hoyre.no\/kvinnherad\/ordforerkandidat\/#breadcrumb\"},\"inLanguage\":\"nn-NO\",\"potentialAction\":[{\"@type\":\"ReadAction\",\"target\":[\"https:\/\/hoyre.no\/kvinnherad\/ordforerkandidat\/\"]}]},{\"@type\":\"BreadcrumbList\",\"@id\":\"https:\/\/hoyre.no\/kvinnherad\/ordforerkandidat\/#breadcrumb\",\"itemListElement\":[{\"@type\":\"ListItem\",\"position\":1,\"name\":\"Til hoyre.no\",\"item\":\"https:\/\/hoyre.no\"},{\"@type\":\"ListItem\",\"position\":2,\"name\":\"Hjem\",\"item\":\"https:\/\/hoyre.no\/kvinnherad\/\"},{\"@type\":\"ListItem\",\"position\":3,\"name\":\"Ordf\u00f8rerkandidat\"}]},{\"@type\":\"WebSite\",\"@id\":\"https:\/\/hoyre.no\/kvinnherad\/#website\",\"url\":\"https:\/\/hoyre.no\/kvinnherad\/\",\"name\":\"Kvinnherad H\u00f8gre\",\"description\":\"Bare enda et H\u00f8yres nettsteder-nettsted\",\"inLanguage\":\"nn-NO\"}]}<\/script>\n<!-- \/ Yoast SEO plugin. -->","yoast_head_json":{"title":"Ordf\u00f8rerkandidat - Kvinnherad H\u00f8gre","description":"Bli betre kjend med ordf\u00f8rar i Kvinnherad, Vegard Bj\u00f8rnevik fr\u00e5 H\u00f8gre.","robots":{"index":"index","follow":"follow","max-snippet":"max-snippet:-1","max-image-preview":"max-image-preview:large","max-video-preview":"max-video-preview:-1"},"canonical":"https:\/\/hoyre.no\/kvinnherad\/ordforerkandidat\/","og_locale":"nn_NO","og_type":"article","og_title":"Ordf\u00f8rerkandidat - Kvinnherad H\u00f8gre","og_description":"Bli betre kjend med ordf\u00f8rar i Kvinnherad, Vegard Bj\u00f8rnevik fr\u00e5 H\u00f8gre.","og_url":"https:\/\/hoyre.no\/kvinnherad\/ordforerkandidat\/","og_site_name":"Kvinnherad H\u00f8gre","article_modified_time":"2025-02-14T12:04:38+00:00","og_image":[{"width":1000,"height":1000,"url":"https:\/\/hoyre.no\/content\/uploads\/sites\/330\/2022\/11\/Hoyres-logo.png","type":"image\/png"}],"twitter_card":"summary_large_image","twitter_misc":{"Est. reading time":"2 minutt"},"schema":{"@context":"https:\/\/schema.org","@graph":[{"@type":"WebPage","@id":"https:\/\/hoyre.no\/kvinnherad\/ordforerkandidat\/","url":"https:\/\/hoyre.no\/kvinnherad\/ordforerkandidat\/","name":"Ordf\u00f8rerkandidat - Kvinnherad H\u00f8gre","isPartOf":{"@id":"https:\/\/hoyre.no\/kvinnherad\/#website"},"datePublished":"2023-08-22T12:10:24+00:00","dateModified":"2025-02-14T12:04:38+00:00","description":"Bli betre kjend med ordf\u00f8rar i Kvinnherad, Vegard Bj\u00f8rnevik fr\u00e5 H\u00f8gre.","breadcrumb":{"@id":"https:\/\/hoyre.no\/kvinnherad\/ordforerkandidat\/#breadcrumb"},"inLanguage":"nn-NO","potentialAction":[{"@type":"ReadAction","target":["https:\/\/hoyre.no\/kvinnherad\/ordforerkandidat\/"]}]},{"@type":"BreadcrumbList","@id":"https:\/\/hoyre.no\/kvinnherad\/ordforerkandidat\/#breadcrumb","itemListElement":[{"@type":"ListItem","position":1,"name":"Til hoyre.no","item":"https:\/\/hoyre.no"},{"@type":"ListItem","position":2,"name":"Hjem","item":"https:\/\/hoyre.no\/kvinnherad\/"},{"@type":"ListItem","position":3,"name":"Ordf\u00f8rerkandidat"}]},{"@type":"WebSite","@id":"https:\/\/hoyre.no\/kvinnherad\/#website","url":"https:\/\/hoyre.no\/kvinnherad\/","name":"Kvinnherad H\u00f8gre","description":"Bare enda et H\u00f8yres nettsteder-nettsted","inLanguage":"nn-NO"}]}},"distributor_meta":false,"distributor_terms":false,"distributor_media":false,"distributor_original_site_name":"Kvinnherad H\u00f8gre","distributor_original_site_url":"https:\/\/hoyre.no\/kvinnherad","push-errors":false,"_links":{"self":[{"href":"https:\/\/hoyre.no\/kvinnherad\/wp-json\/wp\/v2\/pages\/36","targetHints":{"allow":["GET"]}}],"collection":[{"href":"https:\/\/hoyre.no\/kvinnherad\/wp-json\/wp\/v2\/pages"}],"about":[{"href":"https:\/\/hoyre.no\/kvinnherad\/wp-json\/wp\/v2\/types\/page"}],"author":[{"embeddable":true,"href":"https:\/\/hoyre.no\/kvinnherad\/wp-json\/wp\/v2\/users\/14511"}],"replies":[{"embeddable":true,"href":"https:\/\/hoyre.no\/kvinnherad\/wp-json\/wp\/v2\/comments?post=36"}],"version-history":[{"count":11,"href":"https:\/\/hoyre.no\/kvinnherad\/wp-json\/wp\/v2\/pages\/36\/revisions"}],"predecessor-version":[{"id":150,"href":"https:\/\/hoyre.no\/kvinnherad\/wp-json\/wp\/v2\/pages\/36\/revisions\/150"}],"wp:attachment":[{"href":"https:\/\/hoyre.no\/kvinnherad\/wp-json\/wp\/v2\/media?parent=36"}],"curies":[{"name":"wp","href":"https:\/\/api.w.org\/{rel}","templated":true}]}}