{"id":27,"date":"2023-06-08T13:46:59","date_gmt":"2023-06-08T11:46:59","guid":{"rendered":"https:\/\/hoyre.no\/kvitsoy\/?page_id=27"},"modified":"2025-01-28T12:55:41","modified_gmt":"2025-01-28T11:55:41","slug":"seks-grunner-til-a-stemme-kvitsoy-hoyre","status":"publish","type":"page","link":"https:\/\/hoyre.no\/kvitsoy\/seks-grunner-til-a-stemme-kvitsoy-hoyre\/","title":{"rendered":"Seks grunner til \u00e5 stemme Kvits\u00f8y H\u00f8yre"},"content":{"rendered":"\n<div class=\"wp-block-hoyre-hero with-image-gradient text-color-light  has-media alignfull has-background\"><div class=\"hoyre-hero has-image\"><h1 class=\"title\">Seks grunner til \u00e5 stemme Kvits\u00f8y H\u00f8yre<\/h1><figure class=\"hoyre-image-wrapper\"><div class=\"hoyre-image\"><img loading=\"lazy\" decoding=\"async\" width=\"2500\" height=\"1875\" src=\"https:\/\/hoyre.no\/content\/uploads\/sites\/425\/2023\/06\/Kvitsoy-gjestekaien-scaled.jpg\" class=\"attachment-scaled size-scaled\" alt=\"Gjestekaien\" style=\"object-position: 50% 50%\" srcset=\"https:\/\/hoyre.no\/content\/uploads\/sites\/425\/2023\/06\/Kvitsoy-gjestekaien-scaled.jpg 2500w, https:\/\/hoyre.no\/content\/uploads\/sites\/425\/2023\/06\/Kvitsoy-gjestekaien-300x225.jpg 300w, https:\/\/hoyre.no\/content\/uploads\/sites\/425\/2023\/06\/Kvitsoy-gjestekaien-1024x768.jpg 1024w, https:\/\/hoyre.no\/content\/uploads\/sites\/425\/2023\/06\/Kvitsoy-gjestekaien-768x576.jpg 768w, https:\/\/hoyre.no\/content\/uploads\/sites\/425\/2023\/06\/Kvitsoy-gjestekaien-1536x1152.jpg 1536w, https:\/\/hoyre.no\/content\/uploads\/sites\/425\/2023\/06\/Kvitsoy-gjestekaien-2048x1536.jpg 2048w\" sizes=\"auto, (max-width: 2500px) 100vw, 2500px\" \/><\/div><\/figure><\/div><\/div>\n\n\n\n\n<div class=\"wp-block-hoyre-banner alignwide undefined has-icon-title icon-speech-bubbles is-style-dark\"><div class=\"banner-inner\"><figure class=\"hoyre-image-wrapper\"><div class=\"hoyre-image\"><img loading=\"lazy\" decoding=\"async\" width=\"2500\" height=\"1563\" src=\"https:\/\/hoyre.no\/content\/uploads\/sites\/425\/2023\/06\/Bjorn-Saestad-scaled.jpg\" class=\"attachment-scaled size-scaled\" alt=\"\" style=\"object-position: 65% 14.000000000000002%\" srcset=\"https:\/\/hoyre.no\/content\/uploads\/sites\/425\/2023\/06\/Bjorn-Saestad-scaled.jpg 2500w, https:\/\/hoyre.no\/content\/uploads\/sites\/425\/2023\/06\/Bjorn-Saestad-300x188.jpg 300w, https:\/\/hoyre.no\/content\/uploads\/sites\/425\/2023\/06\/Bjorn-Saestad-1024x640.jpg 1024w, https:\/\/hoyre.no\/content\/uploads\/sites\/425\/2023\/06\/Bjorn-Saestad-768x480.jpg 768w, https:\/\/hoyre.no\/content\/uploads\/sites\/425\/2023\/06\/Bjorn-Saestad-1536x960.jpg 1536w, https:\/\/hoyre.no\/content\/uploads\/sites\/425\/2023\/06\/Bjorn-Saestad-2048x1280.jpg 2048w\" sizes=\"auto, (max-width: 2500px) 100vw, 2500px\" \/><\/div><\/figure><div class=\"banner-content\"><div class=\"entry-content\">\n<p>Kvits\u00f8y skal v\u00e6re Norges beste kommune!<\/p>\n\n\n\n<p>Vi skal arbeide for at \u00f8ya skal v\u00e6re en trygg og attraktiv plass \u00e5 bo for alle innbyggere og kjennetegn skal v\u00e6re inkludering, trivsel og raushet.<\/p>\n\n\n\n<p>Vi \u00f8nsker at alle som bor p\u00e5 Kvits\u00f8y skal bli sett!<\/p>\n\n\n\n<p><em>Bj\u00f8rn S\u00e6stad, varaordf\u00f8rer<\/em><\/p>\n<\/div><\/div><\/div><\/div>\n\n\n\n\n<div class=\"wp-block-media-text is-stacked-on-mobile is-vertically-aligned-center is-image-fill alignwide\"><figure class=\"wp-block-media-text__media\" style=\"background-image:url('https:\/\/hoyre.no\/content\/uploads\/sites\/425\/2023\/06\/Bilde15-1024x521.jpg');background-position:85% 49%\"><img loading=\"lazy\" decoding=\"async\" width=\"1024\" height=\"521\" src=\"https:\/\/hoyre.no\/content\/uploads\/sites\/425\/2023\/06\/Bilde15-1024x521.jpg\" alt=\"\" class=\"wp-image-30 size-full\" srcset=\"https:\/\/hoyre.no\/content\/uploads\/sites\/425\/2023\/06\/Bilde15-1024x521.jpg 1024w, https:\/\/hoyre.no\/content\/uploads\/sites\/425\/2023\/06\/Bilde15-300x153.jpg 300w, https:\/\/hoyre.no\/content\/uploads\/sites\/425\/2023\/06\/Bilde15-768x391.jpg 768w, https:\/\/hoyre.no\/content\/uploads\/sites\/425\/2023\/06\/Bilde15.jpg 1447w\" sizes=\"auto, (max-width: 1024px) 100vw, 1024px\" \/><\/figure><div class=\"wp-block-media-text__content\">\n<h2 class=\"wp-block-heading\" id=\"h-1-vi-skal-bli-flere-bergensere\"><strong>1. Et trygt og inkluderende oppvekstmilj\u00f8<\/strong><\/h2>\n\n\n\n<p>Et inkluderende oppvekstmilj\u00f8 er viktig for at barn og unge skal oppleve trygghet og mestring. Vi \u00f8nsker \u00e5 beholde ungdommen p\u00e5 \u00f8ya og ogs\u00e5 \u00f8kt tilflytting og vil derfor legge til rette for gode m\u00f8teplasser for de unge og med et mangfoldig tilbud av aktiviteter. Gamle pakkhuset kan bli et eksempel p\u00e5 en ny m\u00f8teplass.&nbsp;<\/p>\n\n\n\n<p>Vi \u00f8nsker at alle skal ha mulighet \u00e5 ha barna i barnehagen og sfo og vil arbeide for gratis sfo-tilbud fra 1. \u2013 4. klasse og mat i barnehagen.<\/p>\n<\/div><\/div>\n\n\n\n<div class=\"wp-block-media-text has-media-on-the-right is-stacked-on-mobile is-image-fill alignwide\"><div class=\"wp-block-media-text__content\">\n<h2 class=\"wp-block-heading\" id=\"h-1-vi-skal-bli-flere-bergensere\">2. Kultur- og fritidstilbud til alle<\/h2>\n\n\n\n<p>Kvits\u00f8y har mange frivillige lag og organisasjoner som legger ned et stort og viktig arbeide til beste for kommunens innbyggere. De er limet i lokalsamfunnet og kommunen m\u00e5 v\u00e6re en positiv medhjelper.<\/p>\n\n\n\n<p>Vi trenger flere \u00abgr\u00f8nne lunger\u00bb der folk bor og m\u00f8tes. Tilrettelegging for camping og videre planlegging og realisering av ny kirkestue vil v\u00e6re viktige saker i perioden.<\/p>\n<\/div><figure class=\"wp-block-media-text__media\" style=\"background-image:url('https:\/\/hoyre.no\/content\/uploads\/sites\/425\/2023\/06\/Bilde17-1024x575.jpg');background-position:50% 50%\"><img loading=\"lazy\" decoding=\"async\" width=\"1024\" height=\"575\" src=\"https:\/\/hoyre.no\/content\/uploads\/sites\/425\/2023\/06\/Bilde17-1024x575.jpg\" alt=\"\" class=\"wp-image-31 size-full\" srcset=\"https:\/\/hoyre.no\/content\/uploads\/sites\/425\/2023\/06\/Bilde17-1024x575.jpg 1024w, https:\/\/hoyre.no\/content\/uploads\/sites\/425\/2023\/06\/Bilde17-300x168.jpg 300w, https:\/\/hoyre.no\/content\/uploads\/sites\/425\/2023\/06\/Bilde17-768x431.jpg 768w, https:\/\/hoyre.no\/content\/uploads\/sites\/425\/2023\/06\/Bilde17.jpg 1444w\" sizes=\"auto, (max-width: 1024px) 100vw, 1024px\" \/><\/figure><\/div>\n\n\n\n<div class=\"wp-block-media-text is-stacked-on-mobile is-image-fill alignwide\"><figure class=\"wp-block-media-text__media\" style=\"background-image:url('https:\/\/hoyre.no\/content\/uploads\/sites\/425\/2023\/06\/GettyImages-179708964-1024x1024.jpg');background-position:50% 50%\"><img loading=\"lazy\" decoding=\"async\" width=\"1024\" height=\"1024\" src=\"https:\/\/hoyre.no\/content\/uploads\/sites\/425\/2023\/06\/GettyImages-179708964-1024x1024.jpg\" alt=\"\" class=\"wp-image-32 size-full\" srcset=\"https:\/\/hoyre.no\/content\/uploads\/sites\/425\/2023\/06\/GettyImages-179708964-1024x1024.jpg 1024w, https:\/\/hoyre.no\/content\/uploads\/sites\/425\/2023\/06\/GettyImages-179708964-300x300.jpg 300w, https:\/\/hoyre.no\/content\/uploads\/sites\/425\/2023\/06\/GettyImages-179708964-150x150.jpg 150w, https:\/\/hoyre.no\/content\/uploads\/sites\/425\/2023\/06\/GettyImages-179708964-768x768.jpg 768w, https:\/\/hoyre.no\/content\/uploads\/sites\/425\/2023\/06\/GettyImages-179708964-1536x1536.jpg 1536w, https:\/\/hoyre.no\/content\/uploads\/sites\/425\/2023\/06\/GettyImages-179708964-2048x2048.jpg 2048w\" sizes=\"auto, (max-width: 1024px) 100vw, 1024px\" \/><\/figure><div class=\"wp-block-media-text__content\">\n<h2 class=\"wp-block-heading\" id=\"h-1-vi-skal-bli-flere-bergensere\">3. Folkebasseng p\u00e5 Kvits\u00f8y<\/h2>\n\n\n\n<p>Vi \u00f8nsker \u00e5 planlegge og realisere et folkebasseng som kan nyttes av alle aldergrupper, b\u00e5de sm\u00e5 og store. Vi \u00f8nsker \u00e5 gj\u00f8re dette i et samarbeid med kommunen og private akt\u00f8rer.<\/p>\n<\/div><\/div>\n\n\n\n<div class=\"wp-block-media-text has-media-on-the-right is-stacked-on-mobile is-image-fill alignwide\"><div class=\"wp-block-media-text__content\">\n<h2 class=\"wp-block-heading\" id=\"h-1-vi-skal-bli-flere-bergensere\">4. Det skal v\u00e6re godt \u00e5 bli gammel p\u00e5 Kvits\u00f8y<\/h2>\n\n\n\n<p>Vi vil at alle p\u00e5 Kvits\u00f8y skal kunne&nbsp;<em>leve<\/em>&nbsp;hele livet i et aldersvennlig lokalsamfunn. Det betyr at kommunen skal legge til rette for en aktiv alderdom slik at ingen skal kjenne p\u00e5 ensomhet. Det skal v\u00e6re bo- og dagtilbud og m\u00f8teplasser for de eldre og tilbud om hjemlevering av mat.<\/p>\n<\/div><figure class=\"wp-block-media-text__media\" style=\"background-image:url('https:\/\/hoyre.no\/content\/uploads\/sites\/425\/2023\/06\/Bilde16-1024x411.jpg');background-position:50% 50%\"><img loading=\"lazy\" decoding=\"async\" width=\"1024\" height=\"411\" src=\"https:\/\/hoyre.no\/content\/uploads\/sites\/425\/2023\/06\/Bilde16-1024x411.jpg\" alt=\"\" class=\"wp-image-33 size-full\" srcset=\"https:\/\/hoyre.no\/content\/uploads\/sites\/425\/2023\/06\/Bilde16-1024x411.jpg 1024w, https:\/\/hoyre.no\/content\/uploads\/sites\/425\/2023\/06\/Bilde16-300x120.jpg 300w, https:\/\/hoyre.no\/content\/uploads\/sites\/425\/2023\/06\/Bilde16-768x308.jpg 768w, https:\/\/hoyre.no\/content\/uploads\/sites\/425\/2023\/06\/Bilde16.jpg 1394w\" sizes=\"auto, (max-width: 1024px) 100vw, 1024px\" \/><\/figure><\/div>\n\n\n\n<div class=\"wp-block-media-text is-stacked-on-mobile is-image-fill alignwide\"><figure class=\"wp-block-media-text__media\" style=\"background-image:url('https:\/\/hoyre.no\/content\/uploads\/sites\/425\/2023\/06\/Bilde19-1024x682.jpg');background-position:50% 50%\"><img loading=\"lazy\" decoding=\"async\" width=\"1024\" height=\"682\" src=\"https:\/\/hoyre.no\/content\/uploads\/sites\/425\/2023\/06\/Bilde19-1024x682.jpg\" alt=\"\" class=\"wp-image-34 size-full\" srcset=\"https:\/\/hoyre.no\/content\/uploads\/sites\/425\/2023\/06\/Bilde19-1024x682.jpg 1024w, https:\/\/hoyre.no\/content\/uploads\/sites\/425\/2023\/06\/Bilde19-300x200.jpg 300w, https:\/\/hoyre.no\/content\/uploads\/sites\/425\/2023\/06\/Bilde19-768x512.jpg 768w, https:\/\/hoyre.no\/content\/uploads\/sites\/425\/2023\/06\/Bilde19.jpg 1447w\" sizes=\"auto, (max-width: 1024px) 100vw, 1024px\" \/><\/figure><div class=\"wp-block-media-text__content\">\n<h2 class=\"wp-block-heading\" id=\"h-1-vi-skal-bli-flere-bergensere\">5. Vi er p\u00e5 lag med de som skaper jobber<\/h2>\n\n\n\n<p>Vi vil ha en tett dialog med n\u00e6ringslivet og lytte til de behovene de har. Derfor vil vi stimulere til etablering av Kvits\u00f8y n\u00e6ringsforening.<\/p>\n\n\n\n<p>Et aktivt landbruk og bevaring av matjord vil v\u00e6re viktig for \u00e5 bevare \u00f8ya sitt unike kulturlandskap<\/p>\n<\/div><\/div>\n\n\n\n<div class=\"wp-block-media-text has-media-on-the-right is-stacked-on-mobile is-image-fill alignwide\"><div class=\"wp-block-media-text__content\">\n<h2 class=\"wp-block-heading\" id=\"h-1-vi-skal-bli-flere-bergensere\">6. Rogfast, ferje, hurtigb\u00e5t og buss<\/h2>\n\n\n\n<p>Kvits\u00f8y er i en unik posisjon med bygging av Rogfast hvor vi m\u00e5 nytte muligheter i byggetiden og legge planer for hvordan vi skal ha det n\u00e5r tunnelen \u00e5pner. Dette gjelder ogs\u00e5 innen samferdsel. Vi vil arbeide med en overgang fra gratis ferje til gratis passering gjennom Rogfast for fastboende.<\/p>\n\n\n\n<p>Frem til \u00e5pning av Rogfast vil gode kollektivtilbud, ferje \u2013 hurtigb\u00e5t og buss v\u00e6re viktig for \u00e5 opprettholde og \u00f8ke innbyggertallet p\u00e5 Kvits\u00f8y. N\u00e6ringsliv, pendlere og innbyggere er avhengig av ha best mulige avganger.<\/p>\n<\/div><figure class=\"wp-block-media-text__media\" style=\"background-image:url('https:\/\/hoyre.no\/content\/uploads\/sites\/425\/2023\/06\/Bilde18-1024x615.jpg');background-position:50% 50%\"><img loading=\"lazy\" decoding=\"async\" width=\"1024\" height=\"615\" src=\"https:\/\/hoyre.no\/content\/uploads\/sites\/425\/2023\/06\/Bilde18-1024x615.jpg\" alt=\"\" class=\"wp-image-35 size-full\" srcset=\"https:\/\/hoyre.no\/content\/uploads\/sites\/425\/2023\/06\/Bilde18-1024x615.jpg 1024w, https:\/\/hoyre.no\/content\/uploads\/sites\/425\/2023\/06\/Bilde18-300x180.jpg 300w, https:\/\/hoyre.no\/content\/uploads\/sites\/425\/2023\/06\/Bilde18-768x462.jpg 768w, https:\/\/hoyre.no\/content\/uploads\/sites\/425\/2023\/06\/Bilde18.jpg 1446w\" sizes=\"auto, (max-width: 1024px) 100vw, 1024px\" \/><\/figure><\/div>\n","protected":false},"excerpt":{"rendered":"<p>1. Et trygt og inkluderende oppvekstmilj\u00f8 Et inkluderende oppvekstmilj\u00f8 er viktig for at barn og unge skal oppleve trygghet og mestring. Vi \u00f8nsker \u00e5 beholde ungdommen p\u00e5 \u00f8ya og ogs\u00e5 \u00f8kt tilflytting og vil derfor legge til rette for gode m\u00f8teplasser for de unge og med et mangfoldig tilbud av aktiviteter. Gamle pakkhuset kan bli [&hellip;]<\/p>\n","protected":false},"author":166,"featured_media":0,"parent":0,"menu_order":0,"comment_status":"closed","ping_status":"closed","template":"","meta":{"teft_cards_image_url":"","teft_cards_custom_pretitle":"","teft_cards_image_id":0,"teft_cards_image_focal_point_x":0,"teft_cards_image_focal_point_y":0,"teft_cards_title":"","teft_cards_excerpt":"","teft_show_chapters":false,"footnotes":""},"class_list":["post-27","page","type-page","status-publish","hentry"],"yoast_head":"<!-- This site is optimized with the Yoast SEO plugin v26.6 - https:\/\/yoast.com\/wordpress\/plugins\/seo\/ -->\n<title>Seks grunner til \u00e5 stemme Kvits\u00f8y H\u00f8yre - Kvits\u00f8y H\u00f8yre<\/title>\n<meta name=\"description\" content=\"Vi gir deg seks gode grunner til \u00e5 stemme H\u00f8yre i Kvits\u00f8y kommune.\" \/>\n<meta name=\"robots\" content=\"index, follow, max-snippet:-1, max-image-preview:large, max-video-preview:-1\" \/>\n<link rel=\"canonical\" href=\"https:\/\/hoyre.no\/kvitsoy\/seks-grunner-til-a-stemme-kvitsoy-hoyre\/\" \/>\n<meta property=\"og:locale\" content=\"nb_NO\" \/>\n<meta property=\"og:type\" content=\"article\" \/>\n<meta property=\"og:title\" content=\"Seks grunner til \u00e5 stemme Kvits\u00f8y H\u00f8yre - Kvits\u00f8y H\u00f8yre\" \/>\n<meta property=\"og:description\" content=\"Vi gir deg seks gode grunner til \u00e5 stemme H\u00f8yre i Kvits\u00f8y kommune.\" \/>\n<meta property=\"og:url\" content=\"https:\/\/hoyre.no\/kvitsoy\/seks-grunner-til-a-stemme-kvitsoy-hoyre\/\" \/>\n<meta property=\"og:site_name\" content=\"Kvits\u00f8y H\u00f8yre\" \/>\n<meta property=\"article:modified_time\" content=\"2025-01-28T11:55:41+00:00\" \/>\n<meta property=\"og:image\" content=\"https:\/\/hoyre.no\/content\/uploads\/sites\/425\/2023\/06\/Bilde15-1024x521.jpg\" \/>\n<meta name=\"twitter:card\" content=\"summary_large_image\" \/>\n<meta name=\"twitter:label1\" content=\"Ansl. lesetid\" \/>\n\t<meta name=\"twitter:data1\" content=\"4 minutter\" \/>\n<script type=\"application\/ld+json\" class=\"yoast-schema-graph\">{\"@context\":\"https:\/\/schema.org\",\"@graph\":[{\"@type\":\"WebPage\",\"@id\":\"https:\/\/hoyre.no\/kvitsoy\/seks-grunner-til-a-stemme-kvitsoy-hoyre\/\",\"url\":\"https:\/\/hoyre.no\/kvitsoy\/seks-grunner-til-a-stemme-kvitsoy-hoyre\/\",\"name\":\"Seks grunner til \u00e5 stemme Kvits\u00f8y H\u00f8yre - Kvits\u00f8y H\u00f8yre\",\"isPartOf\":{\"@id\":\"https:\/\/hoyre.no\/kvitsoy\/#website\"},\"image\":{\"@id\":\"https:\/\/hoyre.no\/kvitsoy\/seks-grunner-til-a-stemme-kvitsoy-hoyre\/#primaryimage\"},\"thumbnailUrl\":\"https:\/\/hoyre.no\/content\/uploads\/sites\/425\/2023\/06\/Bilde15-1024x521.jpg\",\"datePublished\":\"2023-06-08T11:46:59+00:00\",\"dateModified\":\"2025-01-28T11:55:41+00:00\",\"description\":\"Vi gir deg seks gode grunner til \u00e5 stemme H\u00f8yre i Kvits\u00f8y kommune.\",\"breadcrumb\":{\"@id\":\"https:\/\/hoyre.no\/kvitsoy\/seks-grunner-til-a-stemme-kvitsoy-hoyre\/#breadcrumb\"},\"inLanguage\":\"nb-NO\",\"potentialAction\":[{\"@type\":\"ReadAction\",\"target\":[\"https:\/\/hoyre.no\/kvitsoy\/seks-grunner-til-a-stemme-kvitsoy-hoyre\/\"]}]},{\"@type\":\"ImageObject\",\"inLanguage\":\"nb-NO\",\"@id\":\"https:\/\/hoyre.no\/kvitsoy\/seks-grunner-til-a-stemme-kvitsoy-hoyre\/#primaryimage\",\"url\":\"https:\/\/hoyre.no\/content\/uploads\/sites\/425\/2023\/06\/Bilde15-1024x521.jpg\",\"contentUrl\":\"https:\/\/hoyre.no\/content\/uploads\/sites\/425\/2023\/06\/Bilde15-1024x521.jpg\"},{\"@type\":\"BreadcrumbList\",\"@id\":\"https:\/\/hoyre.no\/kvitsoy\/seks-grunner-til-a-stemme-kvitsoy-hoyre\/#breadcrumb\",\"itemListElement\":[{\"@type\":\"ListItem\",\"position\":1,\"name\":\"Til hoyre.no\",\"item\":\"https:\/\/hoyre.no\"},{\"@type\":\"ListItem\",\"position\":2,\"name\":\"Hjem\",\"item\":\"https:\/\/hoyre.no\/kvitsoy\/\"},{\"@type\":\"ListItem\",\"position\":3,\"name\":\"Seks grunner til \u00e5 stemme Kvits\u00f8y H\u00f8yre\"}]},{\"@type\":\"WebSite\",\"@id\":\"https:\/\/hoyre.no\/kvitsoy\/#website\",\"url\":\"https:\/\/hoyre.no\/kvitsoy\/\",\"name\":\"Kvits\u00f8y H\u00f8yre\",\"description\":\"\",\"publisher\":{\"@id\":\"https:\/\/hoyre.no\/kvitsoy\/#organization\"},\"inLanguage\":\"nb-NO\"},{\"@type\":\"Organization\",\"@id\":\"https:\/\/hoyre.no\/kvitsoy\/#organization\",\"name\":\"Kvits\u00f8y H\u00f8yre\",\"url\":\"https:\/\/hoyre.no\/kvitsoy\/\",\"logo\":{\"@type\":\"ImageObject\",\"inLanguage\":\"nb-NO\",\"@id\":\"https:\/\/hoyre.no\/kvitsoy\/#\/schema\/logo\/image\/\",\"url\":\"https:\/\/hoyre.no\/content\/uploads\/sites\/425\/2022\/11\/2020_RGB_hoyre_logo_profilbilde_01.png\",\"contentUrl\":\"https:\/\/hoyre.no\/content\/uploads\/sites\/425\/2022\/11\/2020_RGB_hoyre_logo_profilbilde_01.png\",\"width\":1000,\"height\":1000,\"caption\":\"Kvits\u00f8y H\u00f8yre\"},\"image\":{\"@id\":\"https:\/\/hoyre.no\/kvitsoy\/#\/schema\/logo\/image\/\"}}]}<\/script>\n<!-- \/ Yoast SEO plugin. -->","yoast_head_json":{"title":"Seks grunner til \u00e5 stemme Kvits\u00f8y H\u00f8yre - Kvits\u00f8y H\u00f8yre","description":"Vi gir deg seks gode grunner til \u00e5 stemme H\u00f8yre i Kvits\u00f8y kommune.","robots":{"index":"index","follow":"follow","max-snippet":"max-snippet:-1","max-image-preview":"max-image-preview:large","max-video-preview":"max-video-preview:-1"},"canonical":"https:\/\/hoyre.no\/kvitsoy\/seks-grunner-til-a-stemme-kvitsoy-hoyre\/","og_locale":"nb_NO","og_type":"article","og_title":"Seks grunner til \u00e5 stemme Kvits\u00f8y H\u00f8yre - Kvits\u00f8y H\u00f8yre","og_description":"Vi gir deg seks gode grunner til \u00e5 stemme H\u00f8yre i Kvits\u00f8y kommune.","og_url":"https:\/\/hoyre.no\/kvitsoy\/seks-grunner-til-a-stemme-kvitsoy-hoyre\/","og_site_name":"Kvits\u00f8y H\u00f8yre","article_modified_time":"2025-01-28T11:55:41+00:00","og_image":[{"url":"https:\/\/hoyre.no\/content\/uploads\/sites\/425\/2023\/06\/Bilde15-1024x521.jpg","type":"","width":"","height":""}],"twitter_card":"summary_large_image","twitter_misc":{"Ansl. lesetid":"4 minutter"},"schema":{"@context":"https:\/\/schema.org","@graph":[{"@type":"WebPage","@id":"https:\/\/hoyre.no\/kvitsoy\/seks-grunner-til-a-stemme-kvitsoy-hoyre\/","url":"https:\/\/hoyre.no\/kvitsoy\/seks-grunner-til-a-stemme-kvitsoy-hoyre\/","name":"Seks grunner til \u00e5 stemme Kvits\u00f8y H\u00f8yre - Kvits\u00f8y H\u00f8yre","isPartOf":{"@id":"https:\/\/hoyre.no\/kvitsoy\/#website"},"image":{"@id":"https:\/\/hoyre.no\/kvitsoy\/seks-grunner-til-a-stemme-kvitsoy-hoyre\/#primaryimage"},"thumbnailUrl":"https:\/\/hoyre.no\/content\/uploads\/sites\/425\/2023\/06\/Bilde15-1024x521.jpg","datePublished":"2023-06-08T11:46:59+00:00","dateModified":"2025-01-28T11:55:41+00:00","description":"Vi gir deg seks gode grunner til \u00e5 stemme H\u00f8yre i Kvits\u00f8y kommune.","breadcrumb":{"@id":"https:\/\/hoyre.no\/kvitsoy\/seks-grunner-til-a-stemme-kvitsoy-hoyre\/#breadcrumb"},"inLanguage":"nb-NO","potentialAction":[{"@type":"ReadAction","target":["https:\/\/hoyre.no\/kvitsoy\/seks-grunner-til-a-stemme-kvitsoy-hoyre\/"]}]},{"@type":"ImageObject","inLanguage":"nb-NO","@id":"https:\/\/hoyre.no\/kvitsoy\/seks-grunner-til-a-stemme-kvitsoy-hoyre\/#primaryimage","url":"https:\/\/hoyre.no\/content\/uploads\/sites\/425\/2023\/06\/Bilde15-1024x521.jpg","contentUrl":"https:\/\/hoyre.no\/content\/uploads\/sites\/425\/2023\/06\/Bilde15-1024x521.jpg"},{"@type":"BreadcrumbList","@id":"https:\/\/hoyre.no\/kvitsoy\/seks-grunner-til-a-stemme-kvitsoy-hoyre\/#breadcrumb","itemListElement":[{"@type":"ListItem","position":1,"name":"Til hoyre.no","item":"https:\/\/hoyre.no"},{"@type":"ListItem","position":2,"name":"Hjem","item":"https:\/\/hoyre.no\/kvitsoy\/"},{"@type":"ListItem","position":3,"name":"Seks grunner til \u00e5 stemme Kvits\u00f8y H\u00f8yre"}]},{"@type":"WebSite","@id":"https:\/\/hoyre.no\/kvitsoy\/#website","url":"https:\/\/hoyre.no\/kvitsoy\/","name":"Kvits\u00f8y H\u00f8yre","description":"","publisher":{"@id":"https:\/\/hoyre.no\/kvitsoy\/#organization"},"inLanguage":"nb-NO"},{"@type":"Organization","@id":"https:\/\/hoyre.no\/kvitsoy\/#organization","name":"Kvits\u00f8y H\u00f8yre","url":"https:\/\/hoyre.no\/kvitsoy\/","logo":{"@type":"ImageObject","inLanguage":"nb-NO","@id":"https:\/\/hoyre.no\/kvitsoy\/#\/schema\/logo\/image\/","url":"https:\/\/hoyre.no\/content\/uploads\/sites\/425\/2022\/11\/2020_RGB_hoyre_logo_profilbilde_01.png","contentUrl":"https:\/\/hoyre.no\/content\/uploads\/sites\/425\/2022\/11\/2020_RGB_hoyre_logo_profilbilde_01.png","width":1000,"height":1000,"caption":"Kvits\u00f8y H\u00f8yre"},"image":{"@id":"https:\/\/hoyre.no\/kvitsoy\/#\/schema\/logo\/image\/"}}]}},"distributor_meta":false,"distributor_terms":false,"distributor_media":false,"distributor_original_site_name":"Kvits\u00f8y H\u00f8yre","distributor_original_site_url":"https:\/\/hoyre.no\/kvitsoy","push-errors":false,"_links":{"self":[{"href":"https:\/\/hoyre.no\/kvitsoy\/wp-json\/wp\/v2\/pages\/27","targetHints":{"allow":["GET"]}}],"collection":[{"href":"https:\/\/hoyre.no\/kvitsoy\/wp-json\/wp\/v2\/pages"}],"about":[{"href":"https:\/\/hoyre.no\/kvitsoy\/wp-json\/wp\/v2\/types\/page"}],"author":[{"embeddable":true,"href":"https:\/\/hoyre.no\/kvitsoy\/wp-json\/wp\/v2\/users\/166"}],"replies":[{"embeddable":true,"href":"https:\/\/hoyre.no\/kvitsoy\/wp-json\/wp\/v2\/comments?post=27"}],"version-history":[{"count":4,"href":"https:\/\/hoyre.no\/kvitsoy\/wp-json\/wp\/v2\/pages\/27\/revisions"}],"predecessor-version":[{"id":58,"href":"https:\/\/hoyre.no\/kvitsoy\/wp-json\/wp\/v2\/pages\/27\/revisions\/58"}],"wp:attachment":[{"href":"https:\/\/hoyre.no\/kvitsoy\/wp-json\/wp\/v2\/media?parent=27"}],"curies":[{"name":"wp","href":"https:\/\/api.w.org\/{rel}","templated":true}]}}