{"id":33,"date":"2023-06-13T16:15:44","date_gmt":"2023-06-13T14:15:44","guid":{"rendered":"https:\/\/hoyre.no\/laerdal\/?page_id=33"},"modified":"2023-06-30T14:00:18","modified_gmt":"2023-06-30T12:00:18","slug":"laerdal-hogre-valprogram-2023-2027","status":"publish","type":"page","link":"https:\/\/hoyre.no\/laerdal\/laerdal-hogre-valprogram-2023-2027\/","title":{"rendered":"L\u00e6rdal H\u00f8gre valprogram 2023-2027"},"content":{"rendered":"\n<div class=\"wp-block-hoyre-hero with-image-gradient text-color-light  has-media alignfull has-background\"><div class=\"hoyre-hero has-image\"><h1 class=\"title\">Valprogram<br>2023-2027<\/h1><p class=\"preamble\">Sj\u00e5 kva me g\u00e5r til val p\u00e5 i L\u00e6rdal i komande periode.<\/p>\t\t\t<div class=\"post-meta wp-block teft-byline-wrapper\">\n\t\t\t\t<div class=\"top\">\n\t\t\t\t\t<div class=\"signature\">\n\t\t\t\t\t\t<div class=\"teft-byline\">\n\t\t\t\t\t\t\t\t\t\t\t\t\t\t<div>\n\t\t\t\t\t\t\t\t<h3>H\u00f8yres redaksjon<\/h3>\t\t\t\t\t\t\t\t\n\t\t\t\t\t\t\t\t\t\t\t\t\t\t\t\t\t<span class=\"date\">Sist oppdatert: 30. juni 2023<\/span>\n\t\t\t\t\t\t\t\t\t\t\t\t\t\t\t\t\t\t\t\t\t\t\t\t\t<span class=\"reading-time\" itemprop=\"timeRequired\" content=\"PT1M\"><em>Ca. 1 minutter lesetid<\/em><\/span>\n\t\t\t\t\t\t\t\t\t\t\t\t\t\t\t<\/div>\n\t\t\t\t\t\t<\/div>\n\t\t\t\t\t<\/div>\n\t\t\t\t\t\t<div class=\"sharing\">\n\t\t<a class=\"share-button share-link copy-link\" data-copy=\"https:\/\/hoyre.no\/laerdal\/laerdal-hogre-valprogram-2023-2027\/\" target=\"_blank\"><span class=\"screen-reader-text\">Del link<\/span><\/a>\n\t\t<a class=\"share-button share-twitter\" href=\"http:\/\/twitter.com\/share?text=L\u00e6rdal H\u00f8gre valprogram 2023-2027&#038;url=https:\/\/hoyre.no\/laerdal\/laerdal-hogre-valprogram-2023-2027\/&#038;hashtags=Hoyre\" target=\"_blank\"><span class=\"screen-reader-text\">Del p\u00e5 twitter<\/span><\/a>\n\t\t<a class=\"share-button share-facebook\" href=\"https:\/\/www.facebook.com\/sharer\/sharer.php?u=https:\/\/hoyre.no\/laerdal\/laerdal-hogre-valprogram-2023-2027\/\" target=\"_blank\"><span class=\"screen-reader-text\">Del p\u00e5 facebook<\/span><\/a>\n\t<\/div>\n\t\t\t\t\t<\/div>\n\t\t\t<\/div>\n\n\t\t\t<figure class=\"hoyre-image-wrapper\"><div class=\"hoyre-image\"><img loading=\"lazy\" decoding=\"async\" width=\"1920\" height=\"1261\" src=\"https:\/\/hoyre.no\/content\/uploads\/sites\/328\/2023\/06\/Laerdal-getty-2.jpeg\" class=\"attachment-scaled size-scaled\" alt=\"\" style=\"object-position: 31% 40%\" srcset=\"https:\/\/hoyre.no\/content\/uploads\/sites\/328\/2023\/06\/Laerdal-getty-2.jpeg 1920w, https:\/\/hoyre.no\/content\/uploads\/sites\/328\/2023\/06\/Laerdal-getty-2-300x197.jpeg 300w, https:\/\/hoyre.no\/content\/uploads\/sites\/328\/2023\/06\/Laerdal-getty-2-1024x673.jpeg 1024w, https:\/\/hoyre.no\/content\/uploads\/sites\/328\/2023\/06\/Laerdal-getty-2-768x504.jpeg 768w, https:\/\/hoyre.no\/content\/uploads\/sites\/328\/2023\/06\/Laerdal-getty-2-1536x1009.jpeg 1536w\" sizes=\"auto, (max-width: 1920px) 100vw, 1920px\" \/><\/div><\/figure><\/div><\/div>\n\n\n\n\n\n<div class=\"wp-block-media-text alignwide is-stacked-on-mobile is-image-fill\" style=\"grid-template-columns:26% auto\"><figure class=\"wp-block-media-text__media\" style=\"background-image:url('https:\/\/hoyre.no\/content\/uploads\/sites\/328\/2023\/06\/Laerdal-1.jpg');background-position:50% 50%\"><img loading=\"lazy\" decoding=\"async\" width=\"658\" height=\"552\" src=\"https:\/\/hoyre.no\/content\/uploads\/sites\/328\/2023\/06\/Laerdal-1.jpg\" alt=\"\" class=\"wp-image-35 size-full\" srcset=\"https:\/\/hoyre.no\/content\/uploads\/sites\/328\/2023\/06\/Laerdal-1.jpg 658w, https:\/\/hoyre.no\/content\/uploads\/sites\/328\/2023\/06\/Laerdal-1-300x252.jpg 300w\" sizes=\"auto, (max-width: 658px) 100vw, 658px\" \/><\/figure><div class=\"wp-block-media-text__content\">\n<p>L\u00e6rdal skal vere ein kommune med moglegheiter for alle.<\/p>\n\n\n\n<p>Uansett kva bakgrunn du har, skal du ha alle moglegheiter til \u00e5 lukkast. Difor ynskjer me ein skule der enkelteleven st\u00e5r i fokus, og der kunnskapen og det sosiale milj\u00f8et prioriterast h\u00f8gast. Me ynskjer ein verdig eldreomsorg med nok kvalifisert personale og meir valfridom i kvardagen for dei eldre. Og me ynskjer \u00e5 tilrettelegge for n\u00e6ringsliv og arbeidsplassar, slik at alle som ynskjer \u00e5 jobbe og bu i L\u00e6rdal, f\u00e5r moglegheita til det.<\/p>\n<\/div><\/div>\n\n\n\n<h3 class=\"wp-block-heading\">Me g\u00e5r blant anna til val p\u00e5:<\/h3>\n\n\n\n<ul class=\"wp-block-list\"><li>At alle som vil skal kunne jobbe og bu i L\u00e6rdal<\/li><li>\u00c5 sikre kunnskap, meistring og trivsel for ungane i barnehage og skule &#8211; trygge og glade ungar l\u00e6rer mest<\/li><li>\u00c5 tilby valfag i skulen som mopedoppl\u00e6ring, b\u00e5tf\u00f8rarpr\u00f8va og jegerpr\u00f8va<\/li><li>\u00c5 legge til rette for attraktive m\u00f8teplassar b\u00e5de for unge og eldre i kommunen<\/li><li>\u00c5 st\u00f8tte opp om frivilligheita, lag og organisasjonar<\/li><li>\u00c5 sikre alle ein trygg og god alderdom, med god omsorg og kvalifisert personale<\/li><li>At L\u00e6rdal skal vere ein n\u00e6ringsvennleg kommune med eit milj\u00f8vennleg fokus<\/li><li>Mer interkommunalt samarbeid &#8211; st\u00f8rre fagfellesskap til \u00e5 l\u00f8yse stadig st\u00f8rre og krevjande oppg\u00e5ver<\/li><li>\u00c5 styrkje planarbeidet i kommunen<\/li><\/ul>\n\n\n\n<h3 class=\"wp-block-heading\">Les heile valprogrammet v\u00e5rt her:<\/h3>\n\n\n\n<div class=\"wp-block-teft-file icon-link-block\"><a href=\"https:\/\/hoyre.no\/content\/uploads\/sites\/328\/2023\/06\/Laerdal-Hogre-program-2023-2027-ferdig-til-web.pdf\" download><span class=\"file-title\">L\u00e6rdal H\u00f8gre valprogram 2023-2027<\/span><span class=\"file-name\"><\/span><\/a><\/div>\n","protected":false},"excerpt":{"rendered":"<p>L\u00e6rdal skal vere ein kommune med moglegheiter for alle. Uansett kva bakgrunn du har, skal du ha alle moglegheiter til \u00e5 lukkast. Difor ynskjer me ein skule der enkelteleven st\u00e5r i fokus, og der kunnskapen og det sosiale milj\u00f8et prioriterast h\u00f8gast. Me ynskjer ein verdig eldreomsorg med nok kvalifisert personale og meir valfridom i kvardagen [&hellip;]<\/p>\n","protected":false},"author":29319,"featured_media":0,"parent":0,"menu_order":0,"comment_status":"closed","ping_status":"closed","template":"","meta":{"teft_cards_image_url":"","teft_cards_custom_pretitle":"","teft_cards_image_id":0,"teft_cards_image_focal_point_x":0,"teft_cards_image_focal_point_y":0,"teft_cards_title":"","teft_cards_excerpt":"","teft_show_chapters":false,"footnotes":""},"class_list":["post-33","page","type-page","status-publish","hentry"],"yoast_head":"<!-- This site is optimized with the Yoast SEO plugin v26.6 - https:\/\/yoast.com\/wordpress\/plugins\/seo\/ -->\n<title>L\u00e6rdal H\u00f8gre valprogram 2023-2027 - L\u00e6rdal H\u00f8gre<\/title>\n<meta name=\"robots\" content=\"index, follow, max-snippet:-1, max-image-preview:large, max-video-preview:-1\" \/>\n<link rel=\"canonical\" href=\"https:\/\/hoyre.no\/laerdal\/laerdal-hogre-valprogram-2023-2027\/\" \/>\n<meta property=\"og:locale\" content=\"nn_NO\" \/>\n<meta property=\"og:type\" content=\"article\" \/>\n<meta property=\"og:title\" content=\"L\u00e6rdal H\u00f8gre valprogram 2023-2027 - L\u00e6rdal H\u00f8gre\" \/>\n<meta property=\"og:description\" content=\"L\u00e6rdal skal vere ein kommune med moglegheiter for alle. Uansett kva bakgrunn du har, skal du ha alle moglegheiter til \u00e5 lukkast. Difor ynskjer me ein skule der enkelteleven st\u00e5r i fokus, og der kunnskapen og det sosiale milj\u00f8et prioriterast h\u00f8gast. Me ynskjer ein verdig eldreomsorg med nok kvalifisert personale og meir valfridom i kvardagen [&hellip;]\" \/>\n<meta property=\"og:url\" content=\"https:\/\/hoyre.no\/laerdal\/laerdal-hogre-valprogram-2023-2027\/\" \/>\n<meta property=\"og:site_name\" content=\"L\u00e6rdal H\u00f8gre\" \/>\n<meta property=\"article:modified_time\" content=\"2023-06-30T12:00:18+00:00\" \/>\n<meta property=\"og:image\" content=\"https:\/\/hoyre.no\/content\/uploads\/sites\/328\/2023\/06\/Laerdal-1.jpg\" \/>\n<meta name=\"twitter:card\" content=\"summary_large_image\" \/>\n<meta name=\"twitter:label1\" content=\"Est. reading time\" \/>\n\t<meta name=\"twitter:data1\" content=\"2 minutt\" \/>\n<script type=\"application\/ld+json\" class=\"yoast-schema-graph\">{\"@context\":\"https:\/\/schema.org\",\"@graph\":[{\"@type\":\"WebPage\",\"@id\":\"https:\/\/hoyre.no\/laerdal\/laerdal-hogre-valprogram-2023-2027\/\",\"url\":\"https:\/\/hoyre.no\/laerdal\/laerdal-hogre-valprogram-2023-2027\/\",\"name\":\"L\u00e6rdal H\u00f8gre valprogram 2023-2027 - L\u00e6rdal H\u00f8gre\",\"isPartOf\":{\"@id\":\"https:\/\/hoyre.no\/laerdal\/#website\"},\"image\":{\"@id\":\"https:\/\/hoyre.no\/laerdal\/laerdal-hogre-valprogram-2023-2027\/#primaryimage\"},\"thumbnailUrl\":\"https:\/\/hoyre.no\/content\/uploads\/sites\/328\/2023\/06\/Laerdal-1.jpg\",\"datePublished\":\"2023-06-13T14:15:44+00:00\",\"dateModified\":\"2023-06-30T12:00:18+00:00\",\"breadcrumb\":{\"@id\":\"https:\/\/hoyre.no\/laerdal\/laerdal-hogre-valprogram-2023-2027\/#breadcrumb\"},\"inLanguage\":\"nn-NO\",\"potentialAction\":[{\"@type\":\"ReadAction\",\"target\":[\"https:\/\/hoyre.no\/laerdal\/laerdal-hogre-valprogram-2023-2027\/\"]}]},{\"@type\":\"ImageObject\",\"inLanguage\":\"nn-NO\",\"@id\":\"https:\/\/hoyre.no\/laerdal\/laerdal-hogre-valprogram-2023-2027\/#primaryimage\",\"url\":\"https:\/\/hoyre.no\/content\/uploads\/sites\/328\/2023\/06\/Laerdal-1.jpg\",\"contentUrl\":\"https:\/\/hoyre.no\/content\/uploads\/sites\/328\/2023\/06\/Laerdal-1.jpg\"},{\"@type\":\"BreadcrumbList\",\"@id\":\"https:\/\/hoyre.no\/laerdal\/laerdal-hogre-valprogram-2023-2027\/#breadcrumb\",\"itemListElement\":[{\"@type\":\"ListItem\",\"position\":1,\"name\":\"Til hoyre.no\",\"item\":\"https:\/\/hoyre.no\"},{\"@type\":\"ListItem\",\"position\":2,\"name\":\"Hjem\",\"item\":\"https:\/\/hoyre.no\/laerdal\/\"},{\"@type\":\"ListItem\",\"position\":3,\"name\":\"L\u00e6rdal H\u00f8gre valprogram 2023-2027\"}]},{\"@type\":\"WebSite\",\"@id\":\"https:\/\/hoyre.no\/laerdal\/#website\",\"url\":\"https:\/\/hoyre.no\/laerdal\/\",\"name\":\"L\u00e6rdal H\u00f8gre\",\"description\":\"Bare enda et H\u00f8yres nettsteder-nettsted\",\"inLanguage\":\"nn-NO\"}]}<\/script>\n<!-- \/ Yoast SEO plugin. -->","yoast_head_json":{"title":"L\u00e6rdal H\u00f8gre valprogram 2023-2027 - L\u00e6rdal H\u00f8gre","robots":{"index":"index","follow":"follow","max-snippet":"max-snippet:-1","max-image-preview":"max-image-preview:large","max-video-preview":"max-video-preview:-1"},"canonical":"https:\/\/hoyre.no\/laerdal\/laerdal-hogre-valprogram-2023-2027\/","og_locale":"nn_NO","og_type":"article","og_title":"L\u00e6rdal H\u00f8gre valprogram 2023-2027 - L\u00e6rdal H\u00f8gre","og_description":"L\u00e6rdal skal vere ein kommune med moglegheiter for alle. Uansett kva bakgrunn du har, skal du ha alle moglegheiter til \u00e5 lukkast. Difor ynskjer me ein skule der enkelteleven st\u00e5r i fokus, og der kunnskapen og det sosiale milj\u00f8et prioriterast h\u00f8gast. Me ynskjer ein verdig eldreomsorg med nok kvalifisert personale og meir valfridom i kvardagen [&hellip;]","og_url":"https:\/\/hoyre.no\/laerdal\/laerdal-hogre-valprogram-2023-2027\/","og_site_name":"L\u00e6rdal H\u00f8gre","article_modified_time":"2023-06-30T12:00:18+00:00","og_image":[{"url":"https:\/\/hoyre.no\/content\/uploads\/sites\/328\/2023\/06\/Laerdal-1.jpg","type":"","width":"","height":""}],"twitter_card":"summary_large_image","twitter_misc":{"Est. reading time":"2 minutt"},"schema":{"@context":"https:\/\/schema.org","@graph":[{"@type":"WebPage","@id":"https:\/\/hoyre.no\/laerdal\/laerdal-hogre-valprogram-2023-2027\/","url":"https:\/\/hoyre.no\/laerdal\/laerdal-hogre-valprogram-2023-2027\/","name":"L\u00e6rdal H\u00f8gre valprogram 2023-2027 - L\u00e6rdal H\u00f8gre","isPartOf":{"@id":"https:\/\/hoyre.no\/laerdal\/#website"},"image":{"@id":"https:\/\/hoyre.no\/laerdal\/laerdal-hogre-valprogram-2023-2027\/#primaryimage"},"thumbnailUrl":"https:\/\/hoyre.no\/content\/uploads\/sites\/328\/2023\/06\/Laerdal-1.jpg","datePublished":"2023-06-13T14:15:44+00:00","dateModified":"2023-06-30T12:00:18+00:00","breadcrumb":{"@id":"https:\/\/hoyre.no\/laerdal\/laerdal-hogre-valprogram-2023-2027\/#breadcrumb"},"inLanguage":"nn-NO","potentialAction":[{"@type":"ReadAction","target":["https:\/\/hoyre.no\/laerdal\/laerdal-hogre-valprogram-2023-2027\/"]}]},{"@type":"ImageObject","inLanguage":"nn-NO","@id":"https:\/\/hoyre.no\/laerdal\/laerdal-hogre-valprogram-2023-2027\/#primaryimage","url":"https:\/\/hoyre.no\/content\/uploads\/sites\/328\/2023\/06\/Laerdal-1.jpg","contentUrl":"https:\/\/hoyre.no\/content\/uploads\/sites\/328\/2023\/06\/Laerdal-1.jpg"},{"@type":"BreadcrumbList","@id":"https:\/\/hoyre.no\/laerdal\/laerdal-hogre-valprogram-2023-2027\/#breadcrumb","itemListElement":[{"@type":"ListItem","position":1,"name":"Til hoyre.no","item":"https:\/\/hoyre.no"},{"@type":"ListItem","position":2,"name":"Hjem","item":"https:\/\/hoyre.no\/laerdal\/"},{"@type":"ListItem","position":3,"name":"L\u00e6rdal H\u00f8gre valprogram 2023-2027"}]},{"@type":"WebSite","@id":"https:\/\/hoyre.no\/laerdal\/#website","url":"https:\/\/hoyre.no\/laerdal\/","name":"L\u00e6rdal H\u00f8gre","description":"Bare enda et H\u00f8yres nettsteder-nettsted","inLanguage":"nn-NO"}]}},"distributor_meta":false,"distributor_terms":false,"distributor_media":false,"distributor_original_site_name":"L\u00e6rdal H\u00f8gre","distributor_original_site_url":"https:\/\/hoyre.no\/laerdal","push-errors":false,"_links":{"self":[{"href":"https:\/\/hoyre.no\/laerdal\/wp-json\/wp\/v2\/pages\/33","targetHints":{"allow":["GET"]}}],"collection":[{"href":"https:\/\/hoyre.no\/laerdal\/wp-json\/wp\/v2\/pages"}],"about":[{"href":"https:\/\/hoyre.no\/laerdal\/wp-json\/wp\/v2\/types\/page"}],"author":[{"embeddable":true,"href":"https:\/\/hoyre.no\/laerdal\/wp-json\/wp\/v2\/users\/29319"}],"replies":[{"embeddable":true,"href":"https:\/\/hoyre.no\/laerdal\/wp-json\/wp\/v2\/comments?post=33"}],"version-history":[{"count":8,"href":"https:\/\/hoyre.no\/laerdal\/wp-json\/wp\/v2\/pages\/33\/revisions"}],"predecessor-version":[{"id":53,"href":"https:\/\/hoyre.no\/laerdal\/wp-json\/wp\/v2\/pages\/33\/revisions\/53"}],"wp:attachment":[{"href":"https:\/\/hoyre.no\/laerdal\/wp-json\/wp\/v2\/media?parent=33"}],"curies":[{"name":"wp","href":"https:\/\/api.w.org\/{rel}","templated":true}]}}