{"id":4,"date":"2021-02-17T11:18:16","date_gmt":"2021-02-17T10:18:16","guid":{"rendered":"https:\/\/hoyre.no\/laksevag\/vare-folk\/"},"modified":"2026-03-10T13:33:55","modified_gmt":"2026-03-10T12:33:55","slug":"vare-folk","status":"publish","type":"page","link":"https:\/\/hoyre.no\/laksevag\/vare-folk\/","title":{"rendered":"V\u00e5re folk"},"content":{"rendered":"\n<div class=\"wp-block-hoyre-hero with-image-gradient text-color-light  has-media alignfull has-background \"><div class=\"hoyre-hero has-image\"><h1 class=\"title\">V\u00e5re folk<\/h1><figure class=\"hoyre-image-wrapper\"><div class=\"hoyre-image\"><img loading=\"lazy\" decoding=\"async\" width=\"1440\" height=\"1918\" src=\"https:\/\/hoyre.no\/content\/uploads\/sites\/385\/2026\/03\/553150345_18525788176046771_8253344294439578987_n.jpg\" class=\"attachment-scaled size-scaled\" alt=\"\" style=\"object-position: 48% 24%\" srcset=\"https:\/\/hoyre.no\/content\/uploads\/sites\/385\/2026\/03\/553150345_18525788176046771_8253344294439578987_n.jpg 1440w, https:\/\/hoyre.no\/content\/uploads\/sites\/385\/2026\/03\/553150345_18525788176046771_8253344294439578987_n-225x300.jpg 225w, https:\/\/hoyre.no\/content\/uploads\/sites\/385\/2026\/03\/553150345_18525788176046771_8253344294439578987_n-769x1024.jpg 769w, https:\/\/hoyre.no\/content\/uploads\/sites\/385\/2026\/03\/553150345_18525788176046771_8253344294439578987_n-768x1023.jpg 768w, https:\/\/hoyre.no\/content\/uploads\/sites\/385\/2026\/03\/553150345_18525788176046771_8253344294439578987_n-1153x1536.jpg 1153w\" sizes=\"auto, (max-width: 1440px) 100vw, 1440px\" \/><\/div><\/figure><\/div><\/div>\n\n\n\n\n\n\n<h2 class=\"wp-block-heading\">Kontakt oss<\/h2>\n\n\n\n<div class=\"wp-block-hoyre-contacts alignwide\"><div class=\"hoyre-contacts__inner\">\n<div class=\"wp-block-hoyre-contact alignwide\"><div class=\"hoyre-contact__inner\"><figure class=\"hoyre-image-wrapper\"><div class=\"hoyre-image\"><img loading=\"lazy\" decoding=\"async\" width=\"1230\" height=\"1162\" src=\"https:\/\/hoyre.no\/content\/uploads\/sites\/385\/2026\/03\/Siren-Amundsen-e1773145998225.jpg\" class=\"attachment-scaled size-scaled\" alt=\"\" style=\"object-position: 50% 50%\" srcset=\"https:\/\/hoyre.no\/content\/uploads\/sites\/385\/2026\/03\/Siren-Amundsen-e1773145998225.jpg 1230w, https:\/\/hoyre.no\/content\/uploads\/sites\/385\/2026\/03\/Siren-Amundsen-e1773145998225-300x283.jpg 300w, https:\/\/hoyre.no\/content\/uploads\/sites\/385\/2026\/03\/Siren-Amundsen-e1773145998225-1024x967.jpg 1024w, https:\/\/hoyre.no\/content\/uploads\/sites\/385\/2026\/03\/Siren-Amundsen-e1773145998225-768x726.jpg 768w\" sizes=\"auto, (max-width: 1230px) 100vw, 1230px\" \/><\/div><\/figure><h3 class=\"title\">Siren Amundsen<\/h3><span class=\"position\">Leder i Laksev\u00e5g H\u00f8yre<\/span><br \/><br \/><a class=\"email\" href=\"mailto:su.amundsen@gmail.com\">su.amundsen@gmail.com<\/a><\/div><\/div>\n<\/div><\/div>\n\n","protected":false},"excerpt":{"rendered":"","protected":false},"author":49445,"featured_media":0,"parent":0,"menu_order":0,"comment_status":"closed","ping_status":"closed","template":"","meta":{"teft_cards_image_url":"","teft_cards_custom_pretitle":"","teft_cards_image_id":0,"teft_cards_image_focal_point_x":0,"teft_cards_image_focal_point_y":0,"teft_cards_title":"","teft_cards_excerpt":"","teft_show_chapters":false,"footnotes":""},"class_list":["post-4","page","type-page","status-publish","hentry"],"yoast_head":"<!-- This site is optimized with the Yoast SEO plugin v26.6 - https:\/\/yoast.com\/wordpress\/plugins\/seo\/ -->\n<title>V\u00e5re folk - Laksev\u00e5g H\u00f8yre<\/title>\n<meta name=\"robots\" content=\"index, follow, max-snippet:-1, max-image-preview:large, max-video-preview:-1\" \/>\n<link rel=\"canonical\" href=\"https:\/\/hoyre.no\/laksevag\/vare-folk\/\" \/>\n<meta property=\"og:locale\" content=\"nb_NO\" \/>\n<meta property=\"og:type\" content=\"article\" \/>\n<meta property=\"og:title\" content=\"V\u00e5re folk - Laksev\u00e5g H\u00f8yre\" \/>\n<meta property=\"og:url\" content=\"https:\/\/hoyre.no\/laksevag\/vare-folk\/\" \/>\n<meta property=\"og:site_name\" content=\"Laksev\u00e5g H\u00f8yre\" \/>\n<meta property=\"article:modified_time\" content=\"2026-03-10T12:33:55+00:00\" \/>\n<meta name=\"twitter:card\" content=\"summary_large_image\" \/>\n<meta name=\"twitter:label1\" content=\"Ansl. lesetid\" \/>\n\t<meta name=\"twitter:data1\" content=\"1 minutt\" \/>\n<script type=\"application\/ld+json\" class=\"yoast-schema-graph\">{\"@context\":\"https:\/\/schema.org\",\"@graph\":[{\"@type\":\"WebPage\",\"@id\":\"https:\/\/hoyre.no\/laksevag\/vare-folk\/\",\"url\":\"https:\/\/hoyre.no\/laksevag\/vare-folk\/\",\"name\":\"V\u00e5re folk - Laksev\u00e5g H\u00f8yre\",\"isPartOf\":{\"@id\":\"https:\/\/hoyre.no\/laksevag\/#website\"},\"datePublished\":\"2021-02-17T10:18:16+00:00\",\"dateModified\":\"2026-03-10T12:33:55+00:00\",\"breadcrumb\":{\"@id\":\"https:\/\/hoyre.no\/laksevag\/vare-folk\/#breadcrumb\"},\"inLanguage\":\"nb-NO\",\"potentialAction\":[{\"@type\":\"ReadAction\",\"target\":[\"https:\/\/hoyre.no\/laksevag\/vare-folk\/\"]}]},{\"@type\":\"BreadcrumbList\",\"@id\":\"https:\/\/hoyre.no\/laksevag\/vare-folk\/#breadcrumb\",\"itemListElement\":[{\"@type\":\"ListItem\",\"position\":1,\"name\":\"Til hoyre.no\",\"item\":\"https:\/\/hoyre.no\"},{\"@type\":\"ListItem\",\"position\":2,\"name\":\"V\u00e5re folk\"}]},{\"@type\":\"WebSite\",\"@id\":\"https:\/\/hoyre.no\/laksevag\/#website\",\"url\":\"https:\/\/hoyre.no\/laksevag\/\",\"name\":\"Laksev\u00e5g H\u00f8yre\",\"description\":\"Bare enda et H\u00f8yres nettsteder-nettsted\",\"inLanguage\":\"nb-NO\"}]}<\/script>\n<!-- \/ Yoast SEO plugin. -->","yoast_head_json":{"title":"V\u00e5re folk - Laksev\u00e5g H\u00f8yre","robots":{"index":"index","follow":"follow","max-snippet":"max-snippet:-1","max-image-preview":"max-image-preview:large","max-video-preview":"max-video-preview:-1"},"canonical":"https:\/\/hoyre.no\/laksevag\/vare-folk\/","og_locale":"nb_NO","og_type":"article","og_title":"V\u00e5re folk - Laksev\u00e5g H\u00f8yre","og_url":"https:\/\/hoyre.no\/laksevag\/vare-folk\/","og_site_name":"Laksev\u00e5g H\u00f8yre","article_modified_time":"2026-03-10T12:33:55+00:00","twitter_card":"summary_large_image","twitter_misc":{"Ansl. lesetid":"1 minutt"},"schema":{"@context":"https:\/\/schema.org","@graph":[{"@type":"WebPage","@id":"https:\/\/hoyre.no\/laksevag\/vare-folk\/","url":"https:\/\/hoyre.no\/laksevag\/vare-folk\/","name":"V\u00e5re folk - Laksev\u00e5g H\u00f8yre","isPartOf":{"@id":"https:\/\/hoyre.no\/laksevag\/#website"},"datePublished":"2021-02-17T10:18:16+00:00","dateModified":"2026-03-10T12:33:55+00:00","breadcrumb":{"@id":"https:\/\/hoyre.no\/laksevag\/vare-folk\/#breadcrumb"},"inLanguage":"nb-NO","potentialAction":[{"@type":"ReadAction","target":["https:\/\/hoyre.no\/laksevag\/vare-folk\/"]}]},{"@type":"BreadcrumbList","@id":"https:\/\/hoyre.no\/laksevag\/vare-folk\/#breadcrumb","itemListElement":[{"@type":"ListItem","position":1,"name":"Til hoyre.no","item":"https:\/\/hoyre.no"},{"@type":"ListItem","position":2,"name":"V\u00e5re folk"}]},{"@type":"WebSite","@id":"https:\/\/hoyre.no\/laksevag\/#website","url":"https:\/\/hoyre.no\/laksevag\/","name":"Laksev\u00e5g H\u00f8yre","description":"Bare enda et H\u00f8yres nettsteder-nettsted","inLanguage":"nb-NO"}]}},"distributor_meta":false,"distributor_terms":false,"distributor_media":false,"distributor_original_site_name":"Laksev\u00e5g H\u00f8yre","distributor_original_site_url":"https:\/\/hoyre.no\/laksevag","push-errors":false,"_links":{"self":[{"href":"https:\/\/hoyre.no\/laksevag\/wp-json\/wp\/v2\/pages\/4","targetHints":{"allow":["GET"]}}],"collection":[{"href":"https:\/\/hoyre.no\/laksevag\/wp-json\/wp\/v2\/pages"}],"about":[{"href":"https:\/\/hoyre.no\/laksevag\/wp-json\/wp\/v2\/types\/page"}],"author":[{"embeddable":true,"href":"https:\/\/hoyre.no\/laksevag\/wp-json\/wp\/v2\/users\/49445"}],"replies":[{"embeddable":true,"href":"https:\/\/hoyre.no\/laksevag\/wp-json\/wp\/v2\/comments?post=4"}],"version-history":[{"count":3,"href":"https:\/\/hoyre.no\/laksevag\/wp-json\/wp\/v2\/pages\/4\/revisions"}],"predecessor-version":[{"id":52,"href":"https:\/\/hoyre.no\/laksevag\/wp-json\/wp\/v2\/pages\/4\/revisions\/52"}],"wp:attachment":[{"href":"https:\/\/hoyre.no\/laksevag\/wp-json\/wp\/v2\/media?parent=4"}],"curies":[{"name":"wp","href":"https:\/\/api.w.org\/{rel}","templated":true}]}}